{"id":25924,"date":"2017-02-05T11:48:24","date_gmt":"2017-02-05T10:48:24","guid":{"rendered":"https:\/\/spartacus.no\/produkt\/landstrykerliv-nar-villdyret-vakner\/"},"modified":"2026-03-03T19:23:09","modified_gmt":"2026-03-03T18:23:09","slug":"landstrykerliv-nar-villdyret-vakner","status":"publish","type":"product","link":"https:\/\/staging.forenteforlag.no\/spartacus\/produkt\/landstrykerliv-nar-villdyret-vakner\/","title":{"rendered":"Landstrykerliv ; N\u00e5r villdyret v\u00e5kner"},"content":{"rendered":"<p>Jack London (1876-1916) var en av det 20. \u00e5rhundrets store fortellere. Han oppn\u00e5dde internasjonal ber\u00f8mmelse for sin skrivekunst og publiserte en rekke romaner og noveller. Han s\u00f8kte lykken i Klondyke og p\u00e5 veiene som landstryker, han var krigskorrespondent og deltok p\u00e5 store seilerekspedisjoner. Hans sosiale engasjement og ikke minst hans kj\u00e6rlighet til naturen har brakt ham lesere over hele verden og i alle aldre. <br \/>I denne boken har vi samlet hans to mest kjente fortellinger.  <br \/>\u00abLandstrykerliv\u00bb er en selvbiografisk beretning om det harde livet p\u00e5 veien og om et Amerika i endring, et samfunn der kun den sterkeste overlever.  <br \/>\u00abN\u00e5r villdyret v\u00e5kner\u00bb er en litter\u00e6r klassiker, Londons mest leste bok, som handler om blandingshunden Buck og beskriver de ekstreme forholdene under gullrushet i Klondyke mot slutten av 1800-tallet.<\/p>\n","protected":false},"excerpt":{"rendered":"<p>Jack London (1876-1916) var en av det 20. \u00e5rhundrets store fortellere. Han oppn\u00e5dde internasjonal ber\u00f8mmelse for sin skrivekunst og publiserte en rekke romaner og noveller. Han s\u00f8kte lykken i Klondyke og p\u00e5 veiene som landstryker, han var krigskorrespondent og deltok p\u00e5 store seilerekspedisjoner. Hans sosiale engasjement og ikke minst hans kj\u00e6rlighet til naturen har brakt [&hellip;]<\/p>\n","protected":false},"featured_media":26535,"template":"","meta":{"_acf_changed":false,"inline_featured_image":false},"product_brand":[],"product_cat":[1786],"product_tag":[370],"class_list":{"0":"post-25924","1":"product","2":"type-product","3":"status-publish","4":"has-post-thumbnail","6":"product_cat-rabattkodekampanje","7":"product_tag-skjonnlitteratur","9":"first","10":"instock","11":"purchasable","12":"product-type-simple"},"acf":{"anmeldelse":null},"yoast_head":"<!-- This site is optimized with the Yoast SEO plugin v26.6 - https:\/\/yoast.com\/wordpress\/plugins\/seo\/ -->\n<title>Landstrykerliv ; N\u00e5r villdyret v\u00e5kner - Spartacus<\/title>\n<meta name=\"robots\" content=\"noindex, follow, max-snippet:-1, max-image-preview:large, max-video-preview:-1\" \/>\n<meta property=\"og:locale\" content=\"nb_NO\" \/>\n<meta property=\"og:type\" content=\"article\" \/>\n<meta property=\"og:title\" content=\"Landstrykerliv ; N\u00e5r villdyret v\u00e5kner - Spartacus\" \/>\n<meta property=\"og:description\" content=\"Jack London (1876-1916) var en av det 20. \u00e5rhundrets store fortellere. Han oppn\u00e5dde internasjonal ber\u00f8mmelse for sin skrivekunst og publiserte en rekke romaner og noveller. Han s\u00f8kte lykken i Klondyke og p\u00e5 veiene som landstryker, han var krigskorrespondent og deltok p\u00e5 store seilerekspedisjoner. Hans sosiale engasjement og ikke minst hans kj\u00e6rlighet til naturen har brakt [&hellip;]\" \/>\n<meta property=\"og:url\" content=\"https:\/\/staging.forenteforlag.no\/spartacus\/produkt\/landstrykerliv-nar-villdyret-vakner\/\" \/>\n<meta property=\"og:site_name\" content=\"Spartacus\" \/>\n<meta property=\"article:publisher\" content=\"https:\/\/www.facebook.com\/SpartacusForlag\" \/>\n<meta property=\"article:modified_time\" content=\"2026-03-03T18:23:09+00:00\" \/>\n<meta property=\"og:image\" content=\"https:\/\/staging.forenteforlag.no\/spartacus\/wp-content\/uploads\/sites\/6\/2026\/02\/9788243011441.jpg\" \/>\n\t<meta property=\"og:image:width\" content=\"720\" \/>\n\t<meta property=\"og:image:height\" content=\"1144\" \/>\n\t<meta property=\"og:image:type\" content=\"image\/jpeg\" \/>\n<meta name=\"twitter:card\" content=\"summary_large_image\" \/>\n<meta name=\"twitter:label1\" content=\"Ansl. lesetid\" \/>\n\t<meta name=\"twitter:data1\" content=\"1 minutt\" \/>\n<script type=\"application\/ld+json\" class=\"yoast-schema-graph\">{\"@context\":\"https:\/\/schema.org\",\"@graph\":[{\"@type\":\"WebPage\",\"@id\":\"https:\/\/staging.forenteforlag.no\/spartacus\/produkt\/landstrykerliv-nar-villdyret-vakner\/\",\"url\":\"https:\/\/staging.forenteforlag.no\/spartacus\/produkt\/landstrykerliv-nar-villdyret-vakner\/\",\"name\":\"Landstrykerliv ; N\u00e5r villdyret v\u00e5kner - Spartacus\",\"isPartOf\":{\"@id\":\"https:\/\/staging.forenteforlag.no\/spartacus\/#website\"},\"primaryImageOfPage\":{\"@id\":\"https:\/\/staging.forenteforlag.no\/spartacus\/produkt\/landstrykerliv-nar-villdyret-vakner\/#primaryimage\"},\"image\":{\"@id\":\"https:\/\/staging.forenteforlag.no\/spartacus\/produkt\/landstrykerliv-nar-villdyret-vakner\/#primaryimage\"},\"thumbnailUrl\":\"https:\/\/staging.forenteforlag.no\/spartacus\/wp-content\/uploads\/sites\/6\/2026\/02\/9788243011441.jpg\",\"datePublished\":\"2017-02-05T10:48:24+00:00\",\"dateModified\":\"2026-03-03T18:23:09+00:00\",\"breadcrumb\":{\"@id\":\"https:\/\/staging.forenteforlag.no\/spartacus\/produkt\/landstrykerliv-nar-villdyret-vakner\/#breadcrumb\"},\"inLanguage\":\"nb-NO\",\"potentialAction\":[{\"@type\":\"ReadAction\",\"target\":[\"https:\/\/staging.forenteforlag.no\/spartacus\/produkt\/landstrykerliv-nar-villdyret-vakner\/\"]}]},{\"@type\":\"ImageObject\",\"inLanguage\":\"nb-NO\",\"@id\":\"https:\/\/staging.forenteforlag.no\/spartacus\/produkt\/landstrykerliv-nar-villdyret-vakner\/#primaryimage\",\"url\":\"https:\/\/staging.forenteforlag.no\/spartacus\/wp-content\/uploads\/sites\/6\/2026\/02\/9788243011441.jpg\",\"contentUrl\":\"https:\/\/staging.forenteforlag.no\/spartacus\/wp-content\/uploads\/sites\/6\/2026\/02\/9788243011441.jpg\",\"width\":720,\"height\":1144},{\"@type\":\"BreadcrumbList\",\"@id\":\"https:\/\/staging.forenteforlag.no\/spartacus\/produkt\/landstrykerliv-nar-villdyret-vakner\/#breadcrumb\",\"itemListElement\":[{\"@type\":\"ListItem\",\"position\":1,\"name\":\"Hjem\",\"item\":\"https:\/\/staging.forenteforlag.no\/spartacus\/\"},{\"@type\":\"ListItem\",\"position\":2,\"name\":\"Alle b\u00f8ker\",\"item\":\"https:\/\/staging.forenteforlag.no\/spartacus\/butikk\/\"},{\"@type\":\"ListItem\",\"position\":3,\"name\":\"Landstrykerliv ; N\u00e5r villdyret v\u00e5kner\"}]},{\"@type\":\"WebSite\",\"@id\":\"https:\/\/staging.forenteforlag.no\/spartacus\/#website\",\"url\":\"https:\/\/staging.forenteforlag.no\/spartacus\/\",\"name\":\"Spartacus forlag\",\"description\":\"\",\"publisher\":{\"@id\":\"https:\/\/staging.forenteforlag.no\/spartacus\/#organization\"},\"potentialAction\":[{\"@type\":\"SearchAction\",\"target\":{\"@type\":\"EntryPoint\",\"urlTemplate\":\"https:\/\/staging.forenteforlag.no\/spartacus\/?s={search_term_string}\"},\"query-input\":{\"@type\":\"PropertyValueSpecification\",\"valueRequired\":true,\"valueName\":\"search_term_string\"}}],\"inLanguage\":\"nb-NO\"},{\"@type\":\"Organization\",\"@id\":\"https:\/\/staging.forenteforlag.no\/spartacus\/#organization\",\"name\":\"Spartacus forlag\",\"url\":\"https:\/\/staging.forenteforlag.no\/spartacus\/\",\"logo\":{\"@type\":\"ImageObject\",\"inLanguage\":\"nb-NO\",\"@id\":\"https:\/\/staging.forenteforlag.no\/spartacus\/#\/schema\/logo\/image\/\",\"url\":\"https:\/\/staging.forenteforlag.no\/spartacus\/wp-content\/uploads\/sites\/6\/2024\/09\/Spartacus_logo.svg\",\"contentUrl\":\"https:\/\/staging.forenteforlag.no\/spartacus\/wp-content\/uploads\/sites\/6\/2024\/09\/Spartacus_logo.svg\",\"width\":100,\"height\":100,\"caption\":\"Spartacus forlag\"},\"image\":{\"@id\":\"https:\/\/staging.forenteforlag.no\/spartacus\/#\/schema\/logo\/image\/\"},\"sameAs\":[\"https:\/\/www.facebook.com\/SpartacusForlag\"]}]}<\/script>\n<!-- \/ Yoast SEO plugin. -->","yoast_head_json":{"title":"Landstrykerliv ; N\u00e5r villdyret v\u00e5kner - Spartacus","robots":{"index":"noindex","follow":"follow","max-snippet":"max-snippet:-1","max-image-preview":"max-image-preview:large","max-video-preview":"max-video-preview:-1"},"og_locale":"nb_NO","og_type":"article","og_title":"Landstrykerliv ; N\u00e5r villdyret v\u00e5kner - Spartacus","og_description":"Jack London (1876-1916) var en av det 20. \u00e5rhundrets store fortellere. Han oppn\u00e5dde internasjonal ber\u00f8mmelse for sin skrivekunst og publiserte en rekke romaner og noveller. Han s\u00f8kte lykken i Klondyke og p\u00e5 veiene som landstryker, han var krigskorrespondent og deltok p\u00e5 store seilerekspedisjoner. Hans sosiale engasjement og ikke minst hans kj\u00e6rlighet til naturen har brakt [&hellip;]","og_url":"https:\/\/staging.forenteforlag.no\/spartacus\/produkt\/landstrykerliv-nar-villdyret-vakner\/","og_site_name":"Spartacus","article_publisher":"https:\/\/www.facebook.com\/SpartacusForlag","article_modified_time":"2026-03-03T18:23:09+00:00","og_image":[{"width":720,"height":1144,"url":"https:\/\/staging.forenteforlag.no\/spartacus\/wp-content\/uploads\/sites\/6\/2026\/02\/9788243011441.jpg","type":"image\/jpeg"}],"twitter_card":"summary_large_image","twitter_misc":{"Ansl. lesetid":"1 minutt"},"schema":{"@context":"https:\/\/schema.org","@graph":[{"@type":"WebPage","@id":"https:\/\/staging.forenteforlag.no\/spartacus\/produkt\/landstrykerliv-nar-villdyret-vakner\/","url":"https:\/\/staging.forenteforlag.no\/spartacus\/produkt\/landstrykerliv-nar-villdyret-vakner\/","name":"Landstrykerliv ; N\u00e5r villdyret v\u00e5kner - Spartacus","isPartOf":{"@id":"https:\/\/staging.forenteforlag.no\/spartacus\/#website"},"primaryImageOfPage":{"@id":"https:\/\/staging.forenteforlag.no\/spartacus\/produkt\/landstrykerliv-nar-villdyret-vakner\/#primaryimage"},"image":{"@id":"https:\/\/staging.forenteforlag.no\/spartacus\/produkt\/landstrykerliv-nar-villdyret-vakner\/#primaryimage"},"thumbnailUrl":"https:\/\/staging.forenteforlag.no\/spartacus\/wp-content\/uploads\/sites\/6\/2026\/02\/9788243011441.jpg","datePublished":"2017-02-05T10:48:24+00:00","dateModified":"2026-03-03T18:23:09+00:00","breadcrumb":{"@id":"https:\/\/staging.forenteforlag.no\/spartacus\/produkt\/landstrykerliv-nar-villdyret-vakner\/#breadcrumb"},"inLanguage":"nb-NO","potentialAction":[{"@type":"ReadAction","target":["https:\/\/staging.forenteforlag.no\/spartacus\/produkt\/landstrykerliv-nar-villdyret-vakner\/"]}]},{"@type":"ImageObject","inLanguage":"nb-NO","@id":"https:\/\/staging.forenteforlag.no\/spartacus\/produkt\/landstrykerliv-nar-villdyret-vakner\/#primaryimage","url":"https:\/\/staging.forenteforlag.no\/spartacus\/wp-content\/uploads\/sites\/6\/2026\/02\/9788243011441.jpg","contentUrl":"https:\/\/staging.forenteforlag.no\/spartacus\/wp-content\/uploads\/sites\/6\/2026\/02\/9788243011441.jpg","width":720,"height":1144},{"@type":"BreadcrumbList","@id":"https:\/\/staging.forenteforlag.no\/spartacus\/produkt\/landstrykerliv-nar-villdyret-vakner\/#breadcrumb","itemListElement":[{"@type":"ListItem","position":1,"name":"Hjem","item":"https:\/\/staging.forenteforlag.no\/spartacus\/"},{"@type":"ListItem","position":2,"name":"Alle b\u00f8ker","item":"https:\/\/staging.forenteforlag.no\/spartacus\/butikk\/"},{"@type":"ListItem","position":3,"name":"Landstrykerliv ; N\u00e5r villdyret v\u00e5kner"}]},{"@type":"WebSite","@id":"https:\/\/staging.forenteforlag.no\/spartacus\/#website","url":"https:\/\/staging.forenteforlag.no\/spartacus\/","name":"Spartacus forlag","description":"","publisher":{"@id":"https:\/\/staging.forenteforlag.no\/spartacus\/#organization"},"potentialAction":[{"@type":"SearchAction","target":{"@type":"EntryPoint","urlTemplate":"https:\/\/staging.forenteforlag.no\/spartacus\/?s={search_term_string}"},"query-input":{"@type":"PropertyValueSpecification","valueRequired":true,"valueName":"search_term_string"}}],"inLanguage":"nb-NO"},{"@type":"Organization","@id":"https:\/\/staging.forenteforlag.no\/spartacus\/#organization","name":"Spartacus forlag","url":"https:\/\/staging.forenteforlag.no\/spartacus\/","logo":{"@type":"ImageObject","inLanguage":"nb-NO","@id":"https:\/\/staging.forenteforlag.no\/spartacus\/#\/schema\/logo\/image\/","url":"https:\/\/staging.forenteforlag.no\/spartacus\/wp-content\/uploads\/sites\/6\/2024\/09\/Spartacus_logo.svg","contentUrl":"https:\/\/staging.forenteforlag.no\/spartacus\/wp-content\/uploads\/sites\/6\/2024\/09\/Spartacus_logo.svg","width":100,"height":100,"caption":"Spartacus forlag"},"image":{"@id":"https:\/\/staging.forenteforlag.no\/spartacus\/#\/schema\/logo\/image\/"},"sameAs":["https:\/\/www.facebook.com\/SpartacusForlag"]}]}},"_links":{"self":[{"href":"https:\/\/staging.forenteforlag.no\/spartacus\/wp-json\/wp\/v2\/product\/25924","targetHints":{"allow":["GET"]}}],"collection":[{"href":"https:\/\/staging.forenteforlag.no\/spartacus\/wp-json\/wp\/v2\/product"}],"about":[{"href":"https:\/\/staging.forenteforlag.no\/spartacus\/wp-json\/wp\/v2\/types\/product"}],"wp:featuredmedia":[{"embeddable":true,"href":"https:\/\/staging.forenteforlag.no\/spartacus\/wp-json\/wp\/v2\/media\/26535"}],"wp:attachment":[{"href":"https:\/\/staging.forenteforlag.no\/spartacus\/wp-json\/wp\/v2\/media?parent=25924"}],"wp:term":[{"taxonomy":"product_brand","embeddable":true,"href":"https:\/\/staging.forenteforlag.no\/spartacus\/wp-json\/wp\/v2\/product_brand?post=25924"},{"taxonomy":"product_cat","embeddable":true,"href":"https:\/\/staging.forenteforlag.no\/spartacus\/wp-json\/wp\/v2\/product_cat?post=25924"},{"taxonomy":"product_tag","embeddable":true,"href":"https:\/\/staging.forenteforlag.no\/spartacus\/wp-json\/wp\/v2\/product_tag?post=25924"}],"curies":[{"name":"wp","href":"https:\/\/api.w.org\/{rel}","templated":true}]}}