{"id":25865,"date":"2026-01-05T05:09:45","date_gmt":"2026-01-05T04:09:45","guid":{"rendered":"https:\/\/spartacus.no\/produkt\/handbok-i-overlevelse\/"},"modified":"2026-03-03T19:34:54","modified_gmt":"2026-03-03T18:34:54","slug":"handbok-i-overlevelse","status":"publish","type":"product","link":"https:\/\/staging.forenteforlag.no\/spartacus\/produkt\/handbok-i-overlevelse\/","title":{"rendered":"H\u00e5ndbok i overlevelse"},"content":{"rendered":"<p>Ville du overlevd hvis en katastrofe lammet samfunnet og du m\u00e5tte klare deg selv? Se for deg at en solstorm sl\u00e5r ut str\u00f8mnettet, et vulkanutbrudd begraver landet v\u00e5rt i aske, eller en terrorhandling jevner byen du bor i med jorda. Hvordan finner du trygg mat i forurensede omr\u00e5der? Hvordan holder du deg t\u00f8rr og varm? Og hvor mange bruksomr\u00e5der har egentlig torvmose? Dersom du knapt nok kjenner til en eneste spiselig plante, sliter med \u00e5 tenne i peisen, selv med fyrstikker, t\u00f8rr ved og avispapir, og ikke vet hvor, n\u00e5r eller hvordan du s\u00f8ker tilflukt fra norsk vinterv\u00e6r eller radioaktivt nedfall, vil denne h\u00e5ndboka gi deg et lite overtak. En \u00abfighting chance\u00bb. Ferdighetene du l\u00e6rer vil ikke bare v\u00e6re til nytte n\u00e5r samfunnet, slik vi kjenner det, er utradert. De kan ogs\u00e5 v\u00e6re til glede og nytte i livet du lever n\u00e5. Og kanskje vil en st\u00f8rre forst\u00e5else og respekt for naturen og utfordringene vi m\u00f8ter ved \u00e5 takle den, utsette undergangen. La familiealbumet ligge, her er hakkespettboka du helst vil ha i ryggsekken.<\/p>\n","protected":false},"excerpt":{"rendered":"<p>Ville du overlevd hvis en katastrofe lammet samfunnet og du m\u00e5tte klare deg selv? Se for deg at en solstorm sl\u00e5r ut str\u00f8mnettet, et vulkanutbrudd begraver landet v\u00e5rt i aske, eller en terrorhandling jevner byen du bor i med jorda. Hvordan finner du trygg mat i forurensede omr\u00e5der? Hvordan holder du deg t\u00f8rr og varm? [&hellip;]<\/p>\n","protected":false},"featured_media":25871,"template":"","meta":{"_acf_changed":false,"inline_featured_image":false},"product_brand":[],"product_cat":[1785],"product_tag":[362],"class_list":{"0":"post-25865","1":"product","2":"type-product","3":"status-publish","4":"has-post-thumbnail","6":"product_cat-fastpris","7":"product_tag-faglitteratur","9":"first","10":"instock","11":"purchasable","12":"product-type-simple"},"acf":{"anmeldelse":[{"tekst_anmeldelser":"\u00abInspirerende om overlevelse [\u2026] Noen Lars Monsen eller Bear Grylls blir du ikke, men det trenger du heller ikke v\u00e6re.\u00bb","av_anmeldelser":"Tommy Leonhardsen","terningkast":"<i class=\"fa-solid fa-dice-five\"><\/i>","kilde":"Tr\u00f8nder-Avisa"},{"tekst_anmeldelser":"\u00abHvordan skaffe seg mat, vann og varme? Hvordan berge helse, liv og forstand nesten p\u00e5 steinalderens premisser? Boka fors\u00f8ker \u00e5 gi svar p\u00e5 alt dette, med massevis av nyttige tips.\u00bb","av_anmeldelser":"Stein Arne S\u00e6ther","terningkast":false,"kilde":"Adresseavisen"}]},"yoast_head":"<!-- This site is optimized with the Yoast SEO plugin v26.6 - https:\/\/yoast.com\/wordpress\/plugins\/seo\/ -->\n<title>H\u00e5ndbok i overlevelse - Spartacus<\/title>\n<meta name=\"robots\" content=\"noindex, follow, max-snippet:-1, max-image-preview:large, max-video-preview:-1\" \/>\n<meta property=\"og:locale\" content=\"nb_NO\" \/>\n<meta property=\"og:type\" content=\"article\" \/>\n<meta property=\"og:title\" content=\"H\u00e5ndbok i overlevelse - Spartacus\" \/>\n<meta property=\"og:description\" content=\"Ville du overlevd hvis en katastrofe lammet samfunnet og du m\u00e5tte klare deg selv? Se for deg at en solstorm sl\u00e5r ut str\u00f8mnettet, et vulkanutbrudd begraver landet v\u00e5rt i aske, eller en terrorhandling jevner byen du bor i med jorda. Hvordan finner du trygg mat i forurensede omr\u00e5der? Hvordan holder du deg t\u00f8rr og varm? [&hellip;]\" \/>\n<meta property=\"og:url\" content=\"https:\/\/staging.forenteforlag.no\/spartacus\/produkt\/handbok-i-overlevelse\/\" \/>\n<meta property=\"og:site_name\" content=\"Spartacus\" \/>\n<meta property=\"article:publisher\" content=\"https:\/\/www.facebook.com\/SpartacusForlag\" \/>\n<meta property=\"article:modified_time\" content=\"2026-03-03T18:34:54+00:00\" \/>\n<meta property=\"og:image\" content=\"https:\/\/staging.forenteforlag.no\/spartacus\/wp-content\/uploads\/sites\/6\/2026\/01\/9788243016989-scaled.jpeg\" \/>\n\t<meta property=\"og:image:width\" content=\"1420\" \/>\n\t<meta property=\"og:image:height\" content=\"1920\" \/>\n\t<meta property=\"og:image:type\" content=\"image\/jpeg\" \/>\n<meta name=\"twitter:card\" content=\"summary_large_image\" \/>\n<meta name=\"twitter:label1\" content=\"Ansl. lesetid\" \/>\n\t<meta name=\"twitter:data1\" content=\"2 minutter\" \/>\n<script type=\"application\/ld+json\" class=\"yoast-schema-graph\">{\"@context\":\"https:\/\/schema.org\",\"@graph\":[{\"@type\":\"WebPage\",\"@id\":\"https:\/\/staging.forenteforlag.no\/spartacus\/produkt\/handbok-i-overlevelse\/\",\"url\":\"https:\/\/staging.forenteforlag.no\/spartacus\/produkt\/handbok-i-overlevelse\/\",\"name\":\"H\u00e5ndbok i overlevelse - Spartacus\",\"isPartOf\":{\"@id\":\"https:\/\/staging.forenteforlag.no\/spartacus\/#website\"},\"primaryImageOfPage\":{\"@id\":\"https:\/\/staging.forenteforlag.no\/spartacus\/produkt\/handbok-i-overlevelse\/#primaryimage\"},\"image\":{\"@id\":\"https:\/\/staging.forenteforlag.no\/spartacus\/produkt\/handbok-i-overlevelse\/#primaryimage\"},\"thumbnailUrl\":\"https:\/\/staging.forenteforlag.no\/spartacus\/wp-content\/uploads\/sites\/6\/2026\/01\/9788243016989-scaled.jpeg\",\"datePublished\":\"2026-01-05T04:09:45+00:00\",\"dateModified\":\"2026-03-03T18:34:54+00:00\",\"breadcrumb\":{\"@id\":\"https:\/\/staging.forenteforlag.no\/spartacus\/produkt\/handbok-i-overlevelse\/#breadcrumb\"},\"inLanguage\":\"nb-NO\",\"potentialAction\":[{\"@type\":\"ReadAction\",\"target\":[\"https:\/\/staging.forenteforlag.no\/spartacus\/produkt\/handbok-i-overlevelse\/\"]}]},{\"@type\":\"ImageObject\",\"inLanguage\":\"nb-NO\",\"@id\":\"https:\/\/staging.forenteforlag.no\/spartacus\/produkt\/handbok-i-overlevelse\/#primaryimage\",\"url\":\"https:\/\/staging.forenteforlag.no\/spartacus\/wp-content\/uploads\/sites\/6\/2026\/01\/9788243016989-scaled.jpeg\",\"contentUrl\":\"https:\/\/staging.forenteforlag.no\/spartacus\/wp-content\/uploads\/sites\/6\/2026\/01\/9788243016989-scaled.jpeg\",\"width\":1420,\"height\":1920},{\"@type\":\"BreadcrumbList\",\"@id\":\"https:\/\/staging.forenteforlag.no\/spartacus\/produkt\/handbok-i-overlevelse\/#breadcrumb\",\"itemListElement\":[{\"@type\":\"ListItem\",\"position\":1,\"name\":\"Hjem\",\"item\":\"https:\/\/staging.forenteforlag.no\/spartacus\/\"},{\"@type\":\"ListItem\",\"position\":2,\"name\":\"Alle b\u00f8ker\",\"item\":\"https:\/\/staging.forenteforlag.no\/spartacus\/butikk\/\"},{\"@type\":\"ListItem\",\"position\":3,\"name\":\"H\u00e5ndbok i overlevelse\"}]},{\"@type\":\"WebSite\",\"@id\":\"https:\/\/staging.forenteforlag.no\/spartacus\/#website\",\"url\":\"https:\/\/staging.forenteforlag.no\/spartacus\/\",\"name\":\"Spartacus forlag\",\"description\":\"\",\"publisher\":{\"@id\":\"https:\/\/staging.forenteforlag.no\/spartacus\/#organization\"},\"potentialAction\":[{\"@type\":\"SearchAction\",\"target\":{\"@type\":\"EntryPoint\",\"urlTemplate\":\"https:\/\/staging.forenteforlag.no\/spartacus\/?s={search_term_string}\"},\"query-input\":{\"@type\":\"PropertyValueSpecification\",\"valueRequired\":true,\"valueName\":\"search_term_string\"}}],\"inLanguage\":\"nb-NO\"},{\"@type\":\"Organization\",\"@id\":\"https:\/\/staging.forenteforlag.no\/spartacus\/#organization\",\"name\":\"Spartacus forlag\",\"url\":\"https:\/\/staging.forenteforlag.no\/spartacus\/\",\"logo\":{\"@type\":\"ImageObject\",\"inLanguage\":\"nb-NO\",\"@id\":\"https:\/\/staging.forenteforlag.no\/spartacus\/#\/schema\/logo\/image\/\",\"url\":\"https:\/\/staging.forenteforlag.no\/spartacus\/wp-content\/uploads\/sites\/6\/2024\/09\/Spartacus_logo.svg\",\"contentUrl\":\"https:\/\/staging.forenteforlag.no\/spartacus\/wp-content\/uploads\/sites\/6\/2024\/09\/Spartacus_logo.svg\",\"width\":100,\"height\":100,\"caption\":\"Spartacus forlag\"},\"image\":{\"@id\":\"https:\/\/staging.forenteforlag.no\/spartacus\/#\/schema\/logo\/image\/\"},\"sameAs\":[\"https:\/\/www.facebook.com\/SpartacusForlag\"]}]}<\/script>\n<!-- \/ Yoast SEO plugin. -->","yoast_head_json":{"title":"H\u00e5ndbok i overlevelse - Spartacus","robots":{"index":"noindex","follow":"follow","max-snippet":"max-snippet:-1","max-image-preview":"max-image-preview:large","max-video-preview":"max-video-preview:-1"},"og_locale":"nb_NO","og_type":"article","og_title":"H\u00e5ndbok i overlevelse - Spartacus","og_description":"Ville du overlevd hvis en katastrofe lammet samfunnet og du m\u00e5tte klare deg selv? Se for deg at en solstorm sl\u00e5r ut str\u00f8mnettet, et vulkanutbrudd begraver landet v\u00e5rt i aske, eller en terrorhandling jevner byen du bor i med jorda. Hvordan finner du trygg mat i forurensede omr\u00e5der? Hvordan holder du deg t\u00f8rr og varm? [&hellip;]","og_url":"https:\/\/staging.forenteforlag.no\/spartacus\/produkt\/handbok-i-overlevelse\/","og_site_name":"Spartacus","article_publisher":"https:\/\/www.facebook.com\/SpartacusForlag","article_modified_time":"2026-03-03T18:34:54+00:00","og_image":[{"width":1420,"height":1920,"url":"https:\/\/staging.forenteforlag.no\/spartacus\/wp-content\/uploads\/sites\/6\/2026\/01\/9788243016989-scaled.jpeg","type":"image\/jpeg"}],"twitter_card":"summary_large_image","twitter_misc":{"Ansl. lesetid":"2 minutter"},"schema":{"@context":"https:\/\/schema.org","@graph":[{"@type":"WebPage","@id":"https:\/\/staging.forenteforlag.no\/spartacus\/produkt\/handbok-i-overlevelse\/","url":"https:\/\/staging.forenteforlag.no\/spartacus\/produkt\/handbok-i-overlevelse\/","name":"H\u00e5ndbok i overlevelse - Spartacus","isPartOf":{"@id":"https:\/\/staging.forenteforlag.no\/spartacus\/#website"},"primaryImageOfPage":{"@id":"https:\/\/staging.forenteforlag.no\/spartacus\/produkt\/handbok-i-overlevelse\/#primaryimage"},"image":{"@id":"https:\/\/staging.forenteforlag.no\/spartacus\/produkt\/handbok-i-overlevelse\/#primaryimage"},"thumbnailUrl":"https:\/\/staging.forenteforlag.no\/spartacus\/wp-content\/uploads\/sites\/6\/2026\/01\/9788243016989-scaled.jpeg","datePublished":"2026-01-05T04:09:45+00:00","dateModified":"2026-03-03T18:34:54+00:00","breadcrumb":{"@id":"https:\/\/staging.forenteforlag.no\/spartacus\/produkt\/handbok-i-overlevelse\/#breadcrumb"},"inLanguage":"nb-NO","potentialAction":[{"@type":"ReadAction","target":["https:\/\/staging.forenteforlag.no\/spartacus\/produkt\/handbok-i-overlevelse\/"]}]},{"@type":"ImageObject","inLanguage":"nb-NO","@id":"https:\/\/staging.forenteforlag.no\/spartacus\/produkt\/handbok-i-overlevelse\/#primaryimage","url":"https:\/\/staging.forenteforlag.no\/spartacus\/wp-content\/uploads\/sites\/6\/2026\/01\/9788243016989-scaled.jpeg","contentUrl":"https:\/\/staging.forenteforlag.no\/spartacus\/wp-content\/uploads\/sites\/6\/2026\/01\/9788243016989-scaled.jpeg","width":1420,"height":1920},{"@type":"BreadcrumbList","@id":"https:\/\/staging.forenteforlag.no\/spartacus\/produkt\/handbok-i-overlevelse\/#breadcrumb","itemListElement":[{"@type":"ListItem","position":1,"name":"Hjem","item":"https:\/\/staging.forenteforlag.no\/spartacus\/"},{"@type":"ListItem","position":2,"name":"Alle b\u00f8ker","item":"https:\/\/staging.forenteforlag.no\/spartacus\/butikk\/"},{"@type":"ListItem","position":3,"name":"H\u00e5ndbok i overlevelse"}]},{"@type":"WebSite","@id":"https:\/\/staging.forenteforlag.no\/spartacus\/#website","url":"https:\/\/staging.forenteforlag.no\/spartacus\/","name":"Spartacus forlag","description":"","publisher":{"@id":"https:\/\/staging.forenteforlag.no\/spartacus\/#organization"},"potentialAction":[{"@type":"SearchAction","target":{"@type":"EntryPoint","urlTemplate":"https:\/\/staging.forenteforlag.no\/spartacus\/?s={search_term_string}"},"query-input":{"@type":"PropertyValueSpecification","valueRequired":true,"valueName":"search_term_string"}}],"inLanguage":"nb-NO"},{"@type":"Organization","@id":"https:\/\/staging.forenteforlag.no\/spartacus\/#organization","name":"Spartacus forlag","url":"https:\/\/staging.forenteforlag.no\/spartacus\/","logo":{"@type":"ImageObject","inLanguage":"nb-NO","@id":"https:\/\/staging.forenteforlag.no\/spartacus\/#\/schema\/logo\/image\/","url":"https:\/\/staging.forenteforlag.no\/spartacus\/wp-content\/uploads\/sites\/6\/2024\/09\/Spartacus_logo.svg","contentUrl":"https:\/\/staging.forenteforlag.no\/spartacus\/wp-content\/uploads\/sites\/6\/2024\/09\/Spartacus_logo.svg","width":100,"height":100,"caption":"Spartacus forlag"},"image":{"@id":"https:\/\/staging.forenteforlag.no\/spartacus\/#\/schema\/logo\/image\/"},"sameAs":["https:\/\/www.facebook.com\/SpartacusForlag"]}]}},"_links":{"self":[{"href":"https:\/\/staging.forenteforlag.no\/spartacus\/wp-json\/wp\/v2\/product\/25865","targetHints":{"allow":["GET"]}}],"collection":[{"href":"https:\/\/staging.forenteforlag.no\/spartacus\/wp-json\/wp\/v2\/product"}],"about":[{"href":"https:\/\/staging.forenteforlag.no\/spartacus\/wp-json\/wp\/v2\/types\/product"}],"wp:featuredmedia":[{"embeddable":true,"href":"https:\/\/staging.forenteforlag.no\/spartacus\/wp-json\/wp\/v2\/media\/25871"}],"wp:attachment":[{"href":"https:\/\/staging.forenteforlag.no\/spartacus\/wp-json\/wp\/v2\/media?parent=25865"}],"wp:term":[{"taxonomy":"product_brand","embeddable":true,"href":"https:\/\/staging.forenteforlag.no\/spartacus\/wp-json\/wp\/v2\/product_brand?post=25865"},{"taxonomy":"product_cat","embeddable":true,"href":"https:\/\/staging.forenteforlag.no\/spartacus\/wp-json\/wp\/v2\/product_cat?post=25865"},{"taxonomy":"product_tag","embeddable":true,"href":"https:\/\/staging.forenteforlag.no\/spartacus\/wp-json\/wp\/v2\/product_tag?post=25865"}],"curies":[{"name":"wp","href":"https:\/\/api.w.org\/{rel}","templated":true}]}}