{"id":25864,"date":"2026-02-06T05:09:46","date_gmt":"2026-02-06T04:09:46","guid":{"rendered":"https:\/\/spartacus.no\/produkt\/historiens-glor-2\/"},"modified":"2026-03-03T19:35:38","modified_gmt":"2026-03-03T18:35:38","slug":"historiens-glor-2","status":"publish","type":"product","link":"https:\/\/staging.forenteforlag.no\/spartacus\/produkt\/historiens-glor-2\/","title":{"rendered":"Historiens gl\u00f8r"},"content":{"rendered":"<p>Fortellingen om vikingtiden handler gjerne om store menn og store slag. Sverd, erobringer og langskip. Men vikingkrigerne utgj\u00f8r bare en liten del av historien. Historiens gl\u00f8r er fortellingen om alle de andre menneskene \u2013 fortalt gjennom tingene de etterlot seg. Arkeologiske funn forteller en mer sammensatt historie enn de skrevne kildene gj\u00f8r alene. Her har ogs\u00e5 kvinner og barn, slaver og b\u00f8nder sin plass. Redskaper, h\u00e5ndverk, kl\u00e6r og leker forteller om hvordan de organiserte livene sine, hva de brukte tid p\u00e5, og de antyder hva vikingene tenkte og f\u00f8lte: som forelskelse, maktbegj\u00e6r eller sm\u00e5lighet.For norske lesere er det forfriskende med et blikk utenfra n\u00e5r vi skal forst\u00e5 v\u00e5r egen fortid. Den britiske historikeren Eleanor Barraclough har skrevet en bredt anlagt fortelling om vikingtiden \u2013 lekent og med glimt i \u00f8yet. Hun viser b\u00e5de hvor fjernt og hvor n\u00e6rt disse menneskene st\u00e5r oss i dag.<\/p>\n","protected":false},"excerpt":{"rendered":"<p>Fortellingen om vikingtiden handler gjerne om store menn og store slag. Sverd, erobringer og langskip. Men vikingkrigerne utgj\u00f8r bare en liten del av historien. Historiens gl\u00f8r er fortellingen om alle de andre menneskene \u2013 fortalt gjennom tingene de etterlot seg. Arkeologiske funn forteller en mer sammensatt historie enn de skrevne kildene gj\u00f8r alene. Her har [&hellip;]<\/p>\n","protected":false},"featured_media":26743,"template":"","meta":{"_acf_changed":false,"inline_featured_image":false},"product_brand":[],"product_cat":[1785],"product_tag":[362],"class_list":{"0":"post-25864","1":"product","2":"type-product","3":"status-publish","4":"has-post-thumbnail","6":"product_cat-fastpris","7":"product_tag-faglitteratur","9":"first","10":"instock","11":"purchasable","12":"product-type-simple"},"acf":{"anmeldelse":[{"tekst_anmeldelser":"\u00abBarbarisk god [\u2026] historieformidling kan egentlig ikke gj\u00f8res stort bedre enn dette i bokform.\u00bb","av_anmeldelser":"Steinar Brandslet","terningkast":"<i class=\"fa-solid fa-dice-six\"><\/i>","kilde":"Stavanger Aftenblad"},{"tekst_anmeldelser":"\u00abByr p\u00e5 glitrande historieskriving som held det tittelen lover, og meir til [\u2026] Denne boka er ei juleg\u00e5ve til alle som tenker p\u00e5 vikingtida.\u00bb","av_anmeldelser":"Gjert Vestrheim","terningkast":false,"kilde":"Dag og Tid"}]},"yoast_head":"<!-- This site is optimized with the Yoast SEO plugin v26.6 - https:\/\/yoast.com\/wordpress\/plugins\/seo\/ -->\n<title>Historiens gl\u00f8r - Spartacus<\/title>\n<meta name=\"robots\" content=\"noindex, follow, max-snippet:-1, max-image-preview:large, max-video-preview:-1\" \/>\n<meta property=\"og:locale\" content=\"nb_NO\" \/>\n<meta property=\"og:type\" content=\"article\" \/>\n<meta property=\"og:title\" content=\"Historiens gl\u00f8r - Spartacus\" \/>\n<meta property=\"og:description\" content=\"Fortellingen om vikingtiden handler gjerne om store menn og store slag. Sverd, erobringer og langskip. Men vikingkrigerne utgj\u00f8r bare en liten del av historien. Historiens gl\u00f8r er fortellingen om alle de andre menneskene \u2013 fortalt gjennom tingene de etterlot seg. Arkeologiske funn forteller en mer sammensatt historie enn de skrevne kildene gj\u00f8r alene. Her har [&hellip;]\" \/>\n<meta property=\"og:url\" content=\"https:\/\/staging.forenteforlag.no\/spartacus\/produkt\/historiens-glor-2\/\" \/>\n<meta property=\"og:site_name\" content=\"Spartacus\" \/>\n<meta property=\"article:publisher\" content=\"https:\/\/www.facebook.com\/SpartacusForlag\" \/>\n<meta property=\"article:modified_time\" content=\"2026-03-03T18:35:38+00:00\" \/>\n<meta property=\"og:image\" content=\"https:\/\/staging.forenteforlag.no\/spartacus\/wp-content\/uploads\/sites\/6\/2026\/03\/9788243017399.jpg\" \/>\n\t<meta property=\"og:image:width\" content=\"720\" \/>\n\t<meta property=\"og:image:height\" content=\"1107\" \/>\n\t<meta property=\"og:image:type\" content=\"image\/jpeg\" \/>\n<meta name=\"twitter:card\" content=\"summary_large_image\" \/>\n<meta name=\"twitter:label1\" content=\"Ansl. lesetid\" \/>\n\t<meta name=\"twitter:data1\" content=\"1 minutt\" \/>\n<script type=\"application\/ld+json\" class=\"yoast-schema-graph\">{\"@context\":\"https:\/\/schema.org\",\"@graph\":[{\"@type\":\"WebPage\",\"@id\":\"https:\/\/staging.forenteforlag.no\/spartacus\/produkt\/historiens-glor-2\/\",\"url\":\"https:\/\/staging.forenteforlag.no\/spartacus\/produkt\/historiens-glor-2\/\",\"name\":\"Historiens gl\u00f8r - Spartacus\",\"isPartOf\":{\"@id\":\"https:\/\/staging.forenteforlag.no\/spartacus\/#website\"},\"primaryImageOfPage\":{\"@id\":\"https:\/\/staging.forenteforlag.no\/spartacus\/produkt\/historiens-glor-2\/#primaryimage\"},\"image\":{\"@id\":\"https:\/\/staging.forenteforlag.no\/spartacus\/produkt\/historiens-glor-2\/#primaryimage\"},\"thumbnailUrl\":\"https:\/\/staging.forenteforlag.no\/spartacus\/wp-content\/uploads\/sites\/6\/2026\/03\/9788243017399.jpg\",\"datePublished\":\"2026-02-06T04:09:46+00:00\",\"dateModified\":\"2026-03-03T18:35:38+00:00\",\"breadcrumb\":{\"@id\":\"https:\/\/staging.forenteforlag.no\/spartacus\/produkt\/historiens-glor-2\/#breadcrumb\"},\"inLanguage\":\"nb-NO\",\"potentialAction\":[{\"@type\":\"ReadAction\",\"target\":[\"https:\/\/staging.forenteforlag.no\/spartacus\/produkt\/historiens-glor-2\/\"]}]},{\"@type\":\"ImageObject\",\"inLanguage\":\"nb-NO\",\"@id\":\"https:\/\/staging.forenteforlag.no\/spartacus\/produkt\/historiens-glor-2\/#primaryimage\",\"url\":\"https:\/\/staging.forenteforlag.no\/spartacus\/wp-content\/uploads\/sites\/6\/2026\/03\/9788243017399.jpg\",\"contentUrl\":\"https:\/\/staging.forenteforlag.no\/spartacus\/wp-content\/uploads\/sites\/6\/2026\/03\/9788243017399.jpg\",\"width\":720,\"height\":1107},{\"@type\":\"BreadcrumbList\",\"@id\":\"https:\/\/staging.forenteforlag.no\/spartacus\/produkt\/historiens-glor-2\/#breadcrumb\",\"itemListElement\":[{\"@type\":\"ListItem\",\"position\":1,\"name\":\"Hjem\",\"item\":\"https:\/\/staging.forenteforlag.no\/spartacus\/\"},{\"@type\":\"ListItem\",\"position\":2,\"name\":\"Alle b\u00f8ker\",\"item\":\"https:\/\/staging.forenteforlag.no\/spartacus\/butikk\/\"},{\"@type\":\"ListItem\",\"position\":3,\"name\":\"Historiens gl\u00f8r\"}]},{\"@type\":\"WebSite\",\"@id\":\"https:\/\/staging.forenteforlag.no\/spartacus\/#website\",\"url\":\"https:\/\/staging.forenteforlag.no\/spartacus\/\",\"name\":\"Spartacus forlag\",\"description\":\"\",\"publisher\":{\"@id\":\"https:\/\/staging.forenteforlag.no\/spartacus\/#organization\"},\"potentialAction\":[{\"@type\":\"SearchAction\",\"target\":{\"@type\":\"EntryPoint\",\"urlTemplate\":\"https:\/\/staging.forenteforlag.no\/spartacus\/?s={search_term_string}\"},\"query-input\":{\"@type\":\"PropertyValueSpecification\",\"valueRequired\":true,\"valueName\":\"search_term_string\"}}],\"inLanguage\":\"nb-NO\"},{\"@type\":\"Organization\",\"@id\":\"https:\/\/staging.forenteforlag.no\/spartacus\/#organization\",\"name\":\"Spartacus forlag\",\"url\":\"https:\/\/staging.forenteforlag.no\/spartacus\/\",\"logo\":{\"@type\":\"ImageObject\",\"inLanguage\":\"nb-NO\",\"@id\":\"https:\/\/staging.forenteforlag.no\/spartacus\/#\/schema\/logo\/image\/\",\"url\":\"https:\/\/staging.forenteforlag.no\/spartacus\/wp-content\/uploads\/sites\/6\/2024\/09\/Spartacus_logo.svg\",\"contentUrl\":\"https:\/\/staging.forenteforlag.no\/spartacus\/wp-content\/uploads\/sites\/6\/2024\/09\/Spartacus_logo.svg\",\"width\":100,\"height\":100,\"caption\":\"Spartacus forlag\"},\"image\":{\"@id\":\"https:\/\/staging.forenteforlag.no\/spartacus\/#\/schema\/logo\/image\/\"},\"sameAs\":[\"https:\/\/www.facebook.com\/SpartacusForlag\"]}]}<\/script>\n<!-- \/ Yoast SEO plugin. -->","yoast_head_json":{"title":"Historiens gl\u00f8r - Spartacus","robots":{"index":"noindex","follow":"follow","max-snippet":"max-snippet:-1","max-image-preview":"max-image-preview:large","max-video-preview":"max-video-preview:-1"},"og_locale":"nb_NO","og_type":"article","og_title":"Historiens gl\u00f8r - Spartacus","og_description":"Fortellingen om vikingtiden handler gjerne om store menn og store slag. Sverd, erobringer og langskip. Men vikingkrigerne utgj\u00f8r bare en liten del av historien. Historiens gl\u00f8r er fortellingen om alle de andre menneskene \u2013 fortalt gjennom tingene de etterlot seg. Arkeologiske funn forteller en mer sammensatt historie enn de skrevne kildene gj\u00f8r alene. Her har [&hellip;]","og_url":"https:\/\/staging.forenteforlag.no\/spartacus\/produkt\/historiens-glor-2\/","og_site_name":"Spartacus","article_publisher":"https:\/\/www.facebook.com\/SpartacusForlag","article_modified_time":"2026-03-03T18:35:38+00:00","og_image":[{"width":720,"height":1107,"url":"https:\/\/staging.forenteforlag.no\/spartacus\/wp-content\/uploads\/sites\/6\/2026\/03\/9788243017399.jpg","type":"image\/jpeg"}],"twitter_card":"summary_large_image","twitter_misc":{"Ansl. lesetid":"1 minutt"},"schema":{"@context":"https:\/\/schema.org","@graph":[{"@type":"WebPage","@id":"https:\/\/staging.forenteforlag.no\/spartacus\/produkt\/historiens-glor-2\/","url":"https:\/\/staging.forenteforlag.no\/spartacus\/produkt\/historiens-glor-2\/","name":"Historiens gl\u00f8r - Spartacus","isPartOf":{"@id":"https:\/\/staging.forenteforlag.no\/spartacus\/#website"},"primaryImageOfPage":{"@id":"https:\/\/staging.forenteforlag.no\/spartacus\/produkt\/historiens-glor-2\/#primaryimage"},"image":{"@id":"https:\/\/staging.forenteforlag.no\/spartacus\/produkt\/historiens-glor-2\/#primaryimage"},"thumbnailUrl":"https:\/\/staging.forenteforlag.no\/spartacus\/wp-content\/uploads\/sites\/6\/2026\/03\/9788243017399.jpg","datePublished":"2026-02-06T04:09:46+00:00","dateModified":"2026-03-03T18:35:38+00:00","breadcrumb":{"@id":"https:\/\/staging.forenteforlag.no\/spartacus\/produkt\/historiens-glor-2\/#breadcrumb"},"inLanguage":"nb-NO","potentialAction":[{"@type":"ReadAction","target":["https:\/\/staging.forenteforlag.no\/spartacus\/produkt\/historiens-glor-2\/"]}]},{"@type":"ImageObject","inLanguage":"nb-NO","@id":"https:\/\/staging.forenteforlag.no\/spartacus\/produkt\/historiens-glor-2\/#primaryimage","url":"https:\/\/staging.forenteforlag.no\/spartacus\/wp-content\/uploads\/sites\/6\/2026\/03\/9788243017399.jpg","contentUrl":"https:\/\/staging.forenteforlag.no\/spartacus\/wp-content\/uploads\/sites\/6\/2026\/03\/9788243017399.jpg","width":720,"height":1107},{"@type":"BreadcrumbList","@id":"https:\/\/staging.forenteforlag.no\/spartacus\/produkt\/historiens-glor-2\/#breadcrumb","itemListElement":[{"@type":"ListItem","position":1,"name":"Hjem","item":"https:\/\/staging.forenteforlag.no\/spartacus\/"},{"@type":"ListItem","position":2,"name":"Alle b\u00f8ker","item":"https:\/\/staging.forenteforlag.no\/spartacus\/butikk\/"},{"@type":"ListItem","position":3,"name":"Historiens gl\u00f8r"}]},{"@type":"WebSite","@id":"https:\/\/staging.forenteforlag.no\/spartacus\/#website","url":"https:\/\/staging.forenteforlag.no\/spartacus\/","name":"Spartacus forlag","description":"","publisher":{"@id":"https:\/\/staging.forenteforlag.no\/spartacus\/#organization"},"potentialAction":[{"@type":"SearchAction","target":{"@type":"EntryPoint","urlTemplate":"https:\/\/staging.forenteforlag.no\/spartacus\/?s={search_term_string}"},"query-input":{"@type":"PropertyValueSpecification","valueRequired":true,"valueName":"search_term_string"}}],"inLanguage":"nb-NO"},{"@type":"Organization","@id":"https:\/\/staging.forenteforlag.no\/spartacus\/#organization","name":"Spartacus forlag","url":"https:\/\/staging.forenteforlag.no\/spartacus\/","logo":{"@type":"ImageObject","inLanguage":"nb-NO","@id":"https:\/\/staging.forenteforlag.no\/spartacus\/#\/schema\/logo\/image\/","url":"https:\/\/staging.forenteforlag.no\/spartacus\/wp-content\/uploads\/sites\/6\/2024\/09\/Spartacus_logo.svg","contentUrl":"https:\/\/staging.forenteforlag.no\/spartacus\/wp-content\/uploads\/sites\/6\/2024\/09\/Spartacus_logo.svg","width":100,"height":100,"caption":"Spartacus forlag"},"image":{"@id":"https:\/\/staging.forenteforlag.no\/spartacus\/#\/schema\/logo\/image\/"},"sameAs":["https:\/\/www.facebook.com\/SpartacusForlag"]}]}},"_links":{"self":[{"href":"https:\/\/staging.forenteforlag.no\/spartacus\/wp-json\/wp\/v2\/product\/25864","targetHints":{"allow":["GET"]}}],"collection":[{"href":"https:\/\/staging.forenteforlag.no\/spartacus\/wp-json\/wp\/v2\/product"}],"about":[{"href":"https:\/\/staging.forenteforlag.no\/spartacus\/wp-json\/wp\/v2\/types\/product"}],"wp:featuredmedia":[{"embeddable":true,"href":"https:\/\/staging.forenteforlag.no\/spartacus\/wp-json\/wp\/v2\/media\/26743"}],"wp:attachment":[{"href":"https:\/\/staging.forenteforlag.no\/spartacus\/wp-json\/wp\/v2\/media?parent=25864"}],"wp:term":[{"taxonomy":"product_brand","embeddable":true,"href":"https:\/\/staging.forenteforlag.no\/spartacus\/wp-json\/wp\/v2\/product_brand?post=25864"},{"taxonomy":"product_cat","embeddable":true,"href":"https:\/\/staging.forenteforlag.no\/spartacus\/wp-json\/wp\/v2\/product_cat?post=25864"},{"taxonomy":"product_tag","embeddable":true,"href":"https:\/\/staging.forenteforlag.no\/spartacus\/wp-json\/wp\/v2\/product_tag?post=25864"}],"curies":[{"name":"wp","href":"https:\/\/api.w.org\/{rel}","templated":true}]}}