{"id":24602,"date":"2025-08-03T23:08:37","date_gmt":"2025-08-03T21:08:37","guid":{"rendered":"https:\/\/spartacus.no\/produkt\/sommerfuglens-verden\/"},"modified":"2026-03-02T18:37:05","modified_gmt":"2026-03-02T17:37:05","slug":"sommerfuglens-verden","status":"publish","type":"product","link":"https:\/\/staging.forenteforlag.no\/spartacus\/produkt\/sommerfuglens-verden\/","title":{"rendered":"Sommerfuglens verden"},"content":{"rendered":"<p>Lette vinger, lysende farger og forbl\u00f8ffende m\u00f8nstre: Alle stopper ved synet av sommerfugler. Hvem er de? Hvor kommer all skj\u00f8nnheten fra?&lt;br&gt;&lt;br&gt;Bli med inn i sommerfuglens verden, preget av komplekse \u00f8kologiske og evolusjon\u00e6re nettverk som vekker undring ogs\u00e5 blant forskere. Les om spektakul\u00e6re vandringer, sommerfuglers elskovsliv, metamorfosens mysterier&amp;nbsp;og parasittenes snedige strategier.&amp;nbsp;L\u00e6r om ikoniske arter&amp;nbsp;som apollosommerfugl, svalestjert og morfosommerfugl.&amp;nbsp;&lt;br&gt;&lt;br&gt;Dette er en bok om naturens mangfold og sterke egenr\u00e5dighet. En fortelling i tekst og bilder hvor sommerfuglenes skj\u00f8nnhet vises frem i samspill med omgivelser og milj\u00f8et de beveger seg i. En bok som fornyer undring og naturglede!&amp;nbsp;&lt;br&gt;<\/p>\n","protected":false},"excerpt":{"rendered":"<p>Lette vinger, lysende farger og forbl\u00f8ffende m\u00f8nstre: Alle stopper ved synet av sommerfugler. Hvem er de? Hvor kommer all skj\u00f8nnheten fra?&lt;br&gt;&lt;br&gt;Bli med inn i sommerfuglens verden, preget av komplekse \u00f8kologiske og evolusjon\u00e6re nettverk som vekker undring ogs\u00e5 blant forskere. Les om spektakul\u00e6re vandringer, sommerfuglers elskovsliv, metamorfosens mysterier&amp;nbsp;og parasittenes snedige strategier.&amp;nbsp;L\u00e6r om ikoniske arter&amp;nbsp;som apollosommerfugl, svalestjert [&hellip;]<\/p>\n","protected":false},"featured_media":26777,"template":"","meta":{"_acf_changed":false,"inline_featured_image":false},"product_brand":[],"product_cat":[1785],"product_tag":[362],"class_list":{"0":"post-24602","1":"product","2":"type-product","3":"status-publish","4":"has-post-thumbnail","6":"product_cat-fastpris","7":"product_tag-faglitteratur","9":"first","10":"instock","11":"purchasable","12":"product-type-simple"},"acf":{"anmeldelse":[{"tekst_anmeldelser":"\u00abLindholm og Hermansen serverer spektakul\u00e6re bilder og fengende sommerfuglhistorier, krydret med en dose metafysikk.\u00bb","av_anmeldelser":"Erik Steineger","terningkast":false,"kilde":"Prosa"},{"tekst_anmeldelser":"\u00abMed sitt store format og sine praktfulle bilder kan boken gjerne ligger fremme som en estetisk skatt, men dens egentlige verdi ligger i m\u00e5ten den viser hvordan et levende fenomen kan bli til kunnskap uten \u00e5 bli redusert.\u00bb","av_anmeldelser":"Erika Lynn Gray","terningkast":false,"kilde":"Libra"}]},"yoast_head":"<!-- This site is optimized with the Yoast SEO plugin v26.6 - https:\/\/yoast.com\/wordpress\/plugins\/seo\/ -->\n<title>Sommerfuglens verden - Spartacus<\/title>\n<meta name=\"robots\" content=\"noindex, follow, max-snippet:-1, max-image-preview:large, max-video-preview:-1\" \/>\n<meta property=\"og:locale\" content=\"nb_NO\" \/>\n<meta property=\"og:type\" content=\"article\" \/>\n<meta property=\"og:title\" content=\"Sommerfuglens verden - Spartacus\" \/>\n<meta property=\"og:description\" content=\"Lette vinger, lysende farger og forbl\u00f8ffende m\u00f8nstre: Alle stopper ved synet av sommerfugler. Hvem er de? Hvor kommer all skj\u00f8nnheten fra?&lt;br&gt;&lt;br&gt;Bli med inn i sommerfuglens verden, preget av komplekse \u00f8kologiske og evolusjon\u00e6re nettverk som vekker undring ogs\u00e5 blant forskere. Les om spektakul\u00e6re vandringer, sommerfuglers elskovsliv, metamorfosens mysterier&amp;nbsp;og parasittenes snedige strategier.&amp;nbsp;L\u00e6r om ikoniske arter&amp;nbsp;som apollosommerfugl, svalestjert [&hellip;]\" \/>\n<meta property=\"og:url\" content=\"https:\/\/staging.forenteforlag.no\/spartacus\/produkt\/sommerfuglens-verden\/\" \/>\n<meta property=\"og:site_name\" content=\"Spartacus\" \/>\n<meta property=\"article:publisher\" content=\"https:\/\/www.facebook.com\/SpartacusForlag\" \/>\n<meta property=\"article:modified_time\" content=\"2026-03-02T17:37:05+00:00\" \/>\n<meta property=\"og:image\" content=\"https:\/\/staging.forenteforlag.no\/spartacus\/wp-content\/uploads\/sites\/6\/2026\/03\/9788243015548.jpg\" \/>\n\t<meta property=\"og:image:width\" content=\"720\" \/>\n\t<meta property=\"og:image:height\" content=\"788\" \/>\n\t<meta property=\"og:image:type\" content=\"image\/jpeg\" \/>\n<meta name=\"twitter:card\" content=\"summary_large_image\" \/>\n<meta name=\"twitter:label1\" content=\"Ansl. lesetid\" \/>\n\t<meta name=\"twitter:data1\" content=\"1 minutt\" \/>\n<script type=\"application\/ld+json\" class=\"yoast-schema-graph\">{\"@context\":\"https:\/\/schema.org\",\"@graph\":[{\"@type\":\"WebPage\",\"@id\":\"https:\/\/staging.forenteforlag.no\/spartacus\/produkt\/sommerfuglens-verden\/\",\"url\":\"https:\/\/staging.forenteforlag.no\/spartacus\/produkt\/sommerfuglens-verden\/\",\"name\":\"Sommerfuglens verden - Spartacus\",\"isPartOf\":{\"@id\":\"https:\/\/staging.forenteforlag.no\/spartacus\/#website\"},\"primaryImageOfPage\":{\"@id\":\"https:\/\/staging.forenteforlag.no\/spartacus\/produkt\/sommerfuglens-verden\/#primaryimage\"},\"image\":{\"@id\":\"https:\/\/staging.forenteforlag.no\/spartacus\/produkt\/sommerfuglens-verden\/#primaryimage\"},\"thumbnailUrl\":\"https:\/\/staging.forenteforlag.no\/spartacus\/wp-content\/uploads\/sites\/6\/2026\/03\/9788243015548.jpg\",\"datePublished\":\"2025-08-03T21:08:37+00:00\",\"dateModified\":\"2026-03-02T17:37:05+00:00\",\"breadcrumb\":{\"@id\":\"https:\/\/staging.forenteforlag.no\/spartacus\/produkt\/sommerfuglens-verden\/#breadcrumb\"},\"inLanguage\":\"nb-NO\",\"potentialAction\":[{\"@type\":\"ReadAction\",\"target\":[\"https:\/\/staging.forenteforlag.no\/spartacus\/produkt\/sommerfuglens-verden\/\"]}]},{\"@type\":\"ImageObject\",\"inLanguage\":\"nb-NO\",\"@id\":\"https:\/\/staging.forenteforlag.no\/spartacus\/produkt\/sommerfuglens-verden\/#primaryimage\",\"url\":\"https:\/\/staging.forenteforlag.no\/spartacus\/wp-content\/uploads\/sites\/6\/2026\/03\/9788243015548.jpg\",\"contentUrl\":\"https:\/\/staging.forenteforlag.no\/spartacus\/wp-content\/uploads\/sites\/6\/2026\/03\/9788243015548.jpg\",\"width\":720,\"height\":788},{\"@type\":\"BreadcrumbList\",\"@id\":\"https:\/\/staging.forenteforlag.no\/spartacus\/produkt\/sommerfuglens-verden\/#breadcrumb\",\"itemListElement\":[{\"@type\":\"ListItem\",\"position\":1,\"name\":\"Hjem\",\"item\":\"https:\/\/staging.forenteforlag.no\/spartacus\/\"},{\"@type\":\"ListItem\",\"position\":2,\"name\":\"Alle b\u00f8ker\",\"item\":\"https:\/\/staging.forenteforlag.no\/spartacus\/butikk\/\"},{\"@type\":\"ListItem\",\"position\":3,\"name\":\"Sommerfuglens verden\"}]},{\"@type\":\"WebSite\",\"@id\":\"https:\/\/staging.forenteforlag.no\/spartacus\/#website\",\"url\":\"https:\/\/staging.forenteforlag.no\/spartacus\/\",\"name\":\"Spartacus forlag\",\"description\":\"\",\"publisher\":{\"@id\":\"https:\/\/staging.forenteforlag.no\/spartacus\/#organization\"},\"potentialAction\":[{\"@type\":\"SearchAction\",\"target\":{\"@type\":\"EntryPoint\",\"urlTemplate\":\"https:\/\/staging.forenteforlag.no\/spartacus\/?s={search_term_string}\"},\"query-input\":{\"@type\":\"PropertyValueSpecification\",\"valueRequired\":true,\"valueName\":\"search_term_string\"}}],\"inLanguage\":\"nb-NO\"},{\"@type\":\"Organization\",\"@id\":\"https:\/\/staging.forenteforlag.no\/spartacus\/#organization\",\"name\":\"Spartacus forlag\",\"url\":\"https:\/\/staging.forenteforlag.no\/spartacus\/\",\"logo\":{\"@type\":\"ImageObject\",\"inLanguage\":\"nb-NO\",\"@id\":\"https:\/\/staging.forenteforlag.no\/spartacus\/#\/schema\/logo\/image\/\",\"url\":\"https:\/\/staging.forenteforlag.no\/spartacus\/wp-content\/uploads\/sites\/6\/2024\/09\/Spartacus_logo.svg\",\"contentUrl\":\"https:\/\/staging.forenteforlag.no\/spartacus\/wp-content\/uploads\/sites\/6\/2024\/09\/Spartacus_logo.svg\",\"width\":100,\"height\":100,\"caption\":\"Spartacus forlag\"},\"image\":{\"@id\":\"https:\/\/staging.forenteforlag.no\/spartacus\/#\/schema\/logo\/image\/\"},\"sameAs\":[\"https:\/\/www.facebook.com\/SpartacusForlag\"]}]}<\/script>\n<!-- \/ Yoast SEO plugin. -->","yoast_head_json":{"title":"Sommerfuglens verden - Spartacus","robots":{"index":"noindex","follow":"follow","max-snippet":"max-snippet:-1","max-image-preview":"max-image-preview:large","max-video-preview":"max-video-preview:-1"},"og_locale":"nb_NO","og_type":"article","og_title":"Sommerfuglens verden - Spartacus","og_description":"Lette vinger, lysende farger og forbl\u00f8ffende m\u00f8nstre: Alle stopper ved synet av sommerfugler. Hvem er de? Hvor kommer all skj\u00f8nnheten fra?&lt;br&gt;&lt;br&gt;Bli med inn i sommerfuglens verden, preget av komplekse \u00f8kologiske og evolusjon\u00e6re nettverk som vekker undring ogs\u00e5 blant forskere. Les om spektakul\u00e6re vandringer, sommerfuglers elskovsliv, metamorfosens mysterier&amp;nbsp;og parasittenes snedige strategier.&amp;nbsp;L\u00e6r om ikoniske arter&amp;nbsp;som apollosommerfugl, svalestjert [&hellip;]","og_url":"https:\/\/staging.forenteforlag.no\/spartacus\/produkt\/sommerfuglens-verden\/","og_site_name":"Spartacus","article_publisher":"https:\/\/www.facebook.com\/SpartacusForlag","article_modified_time":"2026-03-02T17:37:05+00:00","og_image":[{"width":720,"height":788,"url":"https:\/\/staging.forenteforlag.no\/spartacus\/wp-content\/uploads\/sites\/6\/2026\/03\/9788243015548.jpg","type":"image\/jpeg"}],"twitter_card":"summary_large_image","twitter_misc":{"Ansl. lesetid":"1 minutt"},"schema":{"@context":"https:\/\/schema.org","@graph":[{"@type":"WebPage","@id":"https:\/\/staging.forenteforlag.no\/spartacus\/produkt\/sommerfuglens-verden\/","url":"https:\/\/staging.forenteforlag.no\/spartacus\/produkt\/sommerfuglens-verden\/","name":"Sommerfuglens verden - Spartacus","isPartOf":{"@id":"https:\/\/staging.forenteforlag.no\/spartacus\/#website"},"primaryImageOfPage":{"@id":"https:\/\/staging.forenteforlag.no\/spartacus\/produkt\/sommerfuglens-verden\/#primaryimage"},"image":{"@id":"https:\/\/staging.forenteforlag.no\/spartacus\/produkt\/sommerfuglens-verden\/#primaryimage"},"thumbnailUrl":"https:\/\/staging.forenteforlag.no\/spartacus\/wp-content\/uploads\/sites\/6\/2026\/03\/9788243015548.jpg","datePublished":"2025-08-03T21:08:37+00:00","dateModified":"2026-03-02T17:37:05+00:00","breadcrumb":{"@id":"https:\/\/staging.forenteforlag.no\/spartacus\/produkt\/sommerfuglens-verden\/#breadcrumb"},"inLanguage":"nb-NO","potentialAction":[{"@type":"ReadAction","target":["https:\/\/staging.forenteforlag.no\/spartacus\/produkt\/sommerfuglens-verden\/"]}]},{"@type":"ImageObject","inLanguage":"nb-NO","@id":"https:\/\/staging.forenteforlag.no\/spartacus\/produkt\/sommerfuglens-verden\/#primaryimage","url":"https:\/\/staging.forenteforlag.no\/spartacus\/wp-content\/uploads\/sites\/6\/2026\/03\/9788243015548.jpg","contentUrl":"https:\/\/staging.forenteforlag.no\/spartacus\/wp-content\/uploads\/sites\/6\/2026\/03\/9788243015548.jpg","width":720,"height":788},{"@type":"BreadcrumbList","@id":"https:\/\/staging.forenteforlag.no\/spartacus\/produkt\/sommerfuglens-verden\/#breadcrumb","itemListElement":[{"@type":"ListItem","position":1,"name":"Hjem","item":"https:\/\/staging.forenteforlag.no\/spartacus\/"},{"@type":"ListItem","position":2,"name":"Alle b\u00f8ker","item":"https:\/\/staging.forenteforlag.no\/spartacus\/butikk\/"},{"@type":"ListItem","position":3,"name":"Sommerfuglens verden"}]},{"@type":"WebSite","@id":"https:\/\/staging.forenteforlag.no\/spartacus\/#website","url":"https:\/\/staging.forenteforlag.no\/spartacus\/","name":"Spartacus forlag","description":"","publisher":{"@id":"https:\/\/staging.forenteforlag.no\/spartacus\/#organization"},"potentialAction":[{"@type":"SearchAction","target":{"@type":"EntryPoint","urlTemplate":"https:\/\/staging.forenteforlag.no\/spartacus\/?s={search_term_string}"},"query-input":{"@type":"PropertyValueSpecification","valueRequired":true,"valueName":"search_term_string"}}],"inLanguage":"nb-NO"},{"@type":"Organization","@id":"https:\/\/staging.forenteforlag.no\/spartacus\/#organization","name":"Spartacus forlag","url":"https:\/\/staging.forenteforlag.no\/spartacus\/","logo":{"@type":"ImageObject","inLanguage":"nb-NO","@id":"https:\/\/staging.forenteforlag.no\/spartacus\/#\/schema\/logo\/image\/","url":"https:\/\/staging.forenteforlag.no\/spartacus\/wp-content\/uploads\/sites\/6\/2024\/09\/Spartacus_logo.svg","contentUrl":"https:\/\/staging.forenteforlag.no\/spartacus\/wp-content\/uploads\/sites\/6\/2024\/09\/Spartacus_logo.svg","width":100,"height":100,"caption":"Spartacus forlag"},"image":{"@id":"https:\/\/staging.forenteforlag.no\/spartacus\/#\/schema\/logo\/image\/"},"sameAs":["https:\/\/www.facebook.com\/SpartacusForlag"]}]}},"_links":{"self":[{"href":"https:\/\/staging.forenteforlag.no\/spartacus\/wp-json\/wp\/v2\/product\/24602","targetHints":{"allow":["GET"]}}],"collection":[{"href":"https:\/\/staging.forenteforlag.no\/spartacus\/wp-json\/wp\/v2\/product"}],"about":[{"href":"https:\/\/staging.forenteforlag.no\/spartacus\/wp-json\/wp\/v2\/types\/product"}],"wp:featuredmedia":[{"embeddable":true,"href":"https:\/\/staging.forenteforlag.no\/spartacus\/wp-json\/wp\/v2\/media\/26777"}],"wp:attachment":[{"href":"https:\/\/staging.forenteforlag.no\/spartacus\/wp-json\/wp\/v2\/media?parent=24602"}],"wp:term":[{"taxonomy":"product_brand","embeddable":true,"href":"https:\/\/staging.forenteforlag.no\/spartacus\/wp-json\/wp\/v2\/product_brand?post=24602"},{"taxonomy":"product_cat","embeddable":true,"href":"https:\/\/staging.forenteforlag.no\/spartacus\/wp-json\/wp\/v2\/product_cat?post=24602"},{"taxonomy":"product_tag","embeddable":true,"href":"https:\/\/staging.forenteforlag.no\/spartacus\/wp-json\/wp\/v2\/product_tag?post=24602"}],"curies":[{"name":"wp","href":"https:\/\/api.w.org\/{rel}","templated":true}]}}