{"id":24593,"date":"2025-10-17T15:03:54","date_gmt":"2025-10-17T13:03:54","guid":{"rendered":"https:\/\/spartacus.no\/produkt\/kodeboka\/"},"modified":"2026-03-02T18:44:41","modified_gmt":"2026-03-02T17:44:41","slug":"kodeboka","status":"publish","type":"product","link":"https:\/\/staging.forenteforlag.no\/spartacus\/produkt\/kodeboka\/","title":{"rendered":"Kodeboka"},"content":{"rendered":"<p>&lt;strong&gt;Nominert til Brageprisen 2025&lt;\/strong&gt;&lt;br&gt;&lt;br&gt;Har du noen gang sendt en hemmelig beskjed til en venn? Byttet ut bokstaver med tall, eller kanskje med hjemmelagde symboler? Da vet du hva koder er, og denne boka er full av dem!&lt;br&gt;&lt;br&gt;Her er alt du vil vite om hemmelige alfabeter, uknekkelige koder og usynlig skrift. Du f\u00e5r vite hvordan du kan kode meldingene dine p\u00e5 finurlige m\u00e5ter, skjule beskjedene dine for uvedkomne, eller kanskje til og med gj\u00f8re dem helt usynlige.&lt;br&gt;&lt;br&gt;Dette er ogs\u00e5 en reise gjennom historiens mest spennende kodeeventyr, Du f\u00e5r vite hvordan Rosetta-steinen var n\u00f8kkelen til hieroglyfenes hemmeligheter. Du blir kjent med Enigma-maskinen og m\u00f8ter kodeknekkerne som forandret krigens gang. Og du f\u00e5r h\u00f8re historien om budbringeren som fikk en hemmelig beskjed tatovert i hodebunnen og ble sendt av g\u00e5rde da h\u00e5ret hadde vokst seg langt nok til \u00e5 skjule den. &lt;br&gt;&lt;br&gt;Men, dette er ikke bare en bok, det er ogs\u00e5 en skattejakt! P\u00e5 mer enn 25 forskjellige steder, fra Hammerfest i nord til Kristiansand i s\u00f8r, er det gjemt skatter. Boka inneholder et hefte med koder du kan l\u00f8se, og hver av kodene forteller hvor en av skattene befinner seg. Lykke til!&lt;br&gt;&lt;br&gt;&lt;br&gt;&lt;br&gt;<\/p>\n","protected":false},"excerpt":{"rendered":"<p>&lt;strong&gt;Nominert til Brageprisen 2025&lt;\/strong&gt;&lt;br&gt;&lt;br&gt;Har du noen gang sendt en hemmelig beskjed til en venn? Byttet ut bokstaver med tall, eller kanskje med hjemmelagde symboler? Da vet du hva koder er, og denne boka er full av dem!&lt;br&gt;&lt;br&gt;Her er alt du vil vite om hemmelige alfabeter, uknekkelige koder og usynlig skrift. Du f\u00e5r vite hvordan du [&hellip;]<\/p>\n","protected":false},"featured_media":26801,"template":"","meta":{"_acf_changed":false,"inline_featured_image":false},"product_brand":[],"product_cat":[1785],"product_tag":[362],"class_list":{"0":"post-24593","1":"product","2":"type-product","3":"status-publish","4":"has-post-thumbnail","6":"product_cat-fastpris","7":"product_tag-faglitteratur","9":"first","10":"instock","11":"purchasable","12":"product-type-simple"},"acf":{"anmeldelse":[{"tekst_anmeldelser":"\u00abAnja Ratikainen er avgjort ikke arbeidssky. Foruten \u00e5 skrive en omfattende barnebok om koder og kodeknekking, har debutanten reist Norge p\u00e5 kryss, langs og tvers. Rundtomkring i landet har hun gjemt i alt 27 skatter: krukker med spesialproduserte mynter for lesere av Kodeboka. Alts\u00e5, denne ideen er god!\u00bb","av_anmeldelser":"Frida Skatvik","terningkast":false,"kilde":"Barnebokkritikk"},{"tekst_anmeldelser":"\u00abForfatteren tar barn og unges \u00f8nske om \u00e5 dele hemmeligheter p\u00e5 alvor, og forklarer kodesystemer p\u00e5 en m\u00e5te som b\u00e5de er forst\u00e5elig og utfordrende. Med et presist og levende spr\u00e5k, og Anders Bergesens lekne illustrasjoner i myke fargetoner, formidles et komplekst tema med smittende entusiasme. \n\n\"Kodeboka\" er kunnskapsrik og inspirerende \u2013 en bok som skjerper hjernen og inviterer til lek med spr\u00e5k og logikk.\u00bb","av_anmeldelser":"Bragejuryen","terningkast":false,"kilde":"Brageprisen"}]},"yoast_head":"<!-- This site is optimized with the Yoast SEO plugin v26.6 - https:\/\/yoast.com\/wordpress\/plugins\/seo\/ -->\n<title>Kodeboka - Spartacus<\/title>\n<meta name=\"robots\" content=\"noindex, follow, max-snippet:-1, max-image-preview:large, max-video-preview:-1\" \/>\n<meta property=\"og:locale\" content=\"nb_NO\" \/>\n<meta property=\"og:type\" content=\"article\" \/>\n<meta property=\"og:title\" content=\"Kodeboka - Spartacus\" \/>\n<meta property=\"og:description\" content=\"&lt;strong&gt;Nominert til Brageprisen 2025&lt;\/strong&gt;&lt;br&gt;&lt;br&gt;Har du noen gang sendt en hemmelig beskjed til en venn? Byttet ut bokstaver med tall, eller kanskje med hjemmelagde symboler? Da vet du hva koder er, og denne boka er full av dem!&lt;br&gt;&lt;br&gt;Her er alt du vil vite om hemmelige alfabeter, uknekkelige koder og usynlig skrift. Du f\u00e5r vite hvordan du [&hellip;]\" \/>\n<meta property=\"og:url\" content=\"https:\/\/staging.forenteforlag.no\/spartacus\/produkt\/kodeboka\/\" \/>\n<meta property=\"og:site_name\" content=\"Spartacus\" \/>\n<meta property=\"article:publisher\" content=\"https:\/\/www.facebook.com\/SpartacusForlag\" \/>\n<meta property=\"article:modified_time\" content=\"2026-03-02T17:44:41+00:00\" \/>\n<meta property=\"og:image\" content=\"https:\/\/staging.forenteforlag.no\/spartacus\/wp-content\/uploads\/sites\/6\/2025\/08\/jpg-10067-scaled-1-scaled.jpg\" \/>\n\t<meta property=\"og:image:width\" content=\"1360\" \/>\n\t<meta property=\"og:image:height\" content=\"1920\" \/>\n\t<meta property=\"og:image:type\" content=\"image\/jpeg\" \/>\n<meta name=\"twitter:card\" content=\"summary_large_image\" \/>\n<meta name=\"twitter:label1\" content=\"Ansl. lesetid\" \/>\n\t<meta name=\"twitter:data1\" content=\"2 minutter\" \/>\n<script type=\"application\/ld+json\" class=\"yoast-schema-graph\">{\"@context\":\"https:\/\/schema.org\",\"@graph\":[{\"@type\":\"WebPage\",\"@id\":\"https:\/\/staging.forenteforlag.no\/spartacus\/produkt\/kodeboka\/\",\"url\":\"https:\/\/staging.forenteforlag.no\/spartacus\/produkt\/kodeboka\/\",\"name\":\"Kodeboka - Spartacus\",\"isPartOf\":{\"@id\":\"https:\/\/staging.forenteforlag.no\/spartacus\/#website\"},\"primaryImageOfPage\":{\"@id\":\"https:\/\/staging.forenteforlag.no\/spartacus\/produkt\/kodeboka\/#primaryimage\"},\"image\":{\"@id\":\"https:\/\/staging.forenteforlag.no\/spartacus\/produkt\/kodeboka\/#primaryimage\"},\"thumbnailUrl\":\"https:\/\/staging.forenteforlag.no\/spartacus\/wp-content\/uploads\/sites\/6\/2026\/03\/9788243016781.jpg\",\"datePublished\":\"2025-10-17T13:03:54+00:00\",\"dateModified\":\"2026-03-02T17:44:41+00:00\",\"breadcrumb\":{\"@id\":\"https:\/\/staging.forenteforlag.no\/spartacus\/produkt\/kodeboka\/#breadcrumb\"},\"inLanguage\":\"nb-NO\",\"potentialAction\":[{\"@type\":\"ReadAction\",\"target\":[\"https:\/\/staging.forenteforlag.no\/spartacus\/produkt\/kodeboka\/\"]}]},{\"@type\":\"ImageObject\",\"inLanguage\":\"nb-NO\",\"@id\":\"https:\/\/staging.forenteforlag.no\/spartacus\/produkt\/kodeboka\/#primaryimage\",\"url\":\"https:\/\/staging.forenteforlag.no\/spartacus\/wp-content\/uploads\/sites\/6\/2026\/03\/9788243016781.jpg\",\"contentUrl\":\"https:\/\/staging.forenteforlag.no\/spartacus\/wp-content\/uploads\/sites\/6\/2026\/03\/9788243016781.jpg\",\"width\":720,\"height\":1082},{\"@type\":\"BreadcrumbList\",\"@id\":\"https:\/\/staging.forenteforlag.no\/spartacus\/produkt\/kodeboka\/#breadcrumb\",\"itemListElement\":[{\"@type\":\"ListItem\",\"position\":1,\"name\":\"Hjem\",\"item\":\"https:\/\/staging.forenteforlag.no\/spartacus\/\"},{\"@type\":\"ListItem\",\"position\":2,\"name\":\"Alle b\u00f8ker\",\"item\":\"https:\/\/staging.forenteforlag.no\/spartacus\/butikk\/\"},{\"@type\":\"ListItem\",\"position\":3,\"name\":\"Kodeboka\"}]},{\"@type\":\"WebSite\",\"@id\":\"https:\/\/staging.forenteforlag.no\/spartacus\/#website\",\"url\":\"https:\/\/staging.forenteforlag.no\/spartacus\/\",\"name\":\"Spartacus forlag\",\"description\":\"\",\"publisher\":{\"@id\":\"https:\/\/staging.forenteforlag.no\/spartacus\/#organization\"},\"potentialAction\":[{\"@type\":\"SearchAction\",\"target\":{\"@type\":\"EntryPoint\",\"urlTemplate\":\"https:\/\/staging.forenteforlag.no\/spartacus\/?s={search_term_string}\"},\"query-input\":{\"@type\":\"PropertyValueSpecification\",\"valueRequired\":true,\"valueName\":\"search_term_string\"}}],\"inLanguage\":\"nb-NO\"},{\"@type\":\"Organization\",\"@id\":\"https:\/\/staging.forenteforlag.no\/spartacus\/#organization\",\"name\":\"Spartacus forlag\",\"url\":\"https:\/\/staging.forenteforlag.no\/spartacus\/\",\"logo\":{\"@type\":\"ImageObject\",\"inLanguage\":\"nb-NO\",\"@id\":\"https:\/\/staging.forenteforlag.no\/spartacus\/#\/schema\/logo\/image\/\",\"url\":\"https:\/\/staging.forenteforlag.no\/spartacus\/wp-content\/uploads\/sites\/6\/2024\/09\/Spartacus_logo.svg\",\"contentUrl\":\"https:\/\/staging.forenteforlag.no\/spartacus\/wp-content\/uploads\/sites\/6\/2024\/09\/Spartacus_logo.svg\",\"width\":100,\"height\":100,\"caption\":\"Spartacus forlag\"},\"image\":{\"@id\":\"https:\/\/staging.forenteforlag.no\/spartacus\/#\/schema\/logo\/image\/\"},\"sameAs\":[\"https:\/\/www.facebook.com\/SpartacusForlag\"]}]}<\/script>\n<!-- \/ Yoast SEO plugin. -->","yoast_head_json":{"title":"Kodeboka - Spartacus","robots":{"index":"noindex","follow":"follow","max-snippet":"max-snippet:-1","max-image-preview":"max-image-preview:large","max-video-preview":"max-video-preview:-1"},"og_locale":"nb_NO","og_type":"article","og_title":"Kodeboka - Spartacus","og_description":"&lt;strong&gt;Nominert til Brageprisen 2025&lt;\/strong&gt;&lt;br&gt;&lt;br&gt;Har du noen gang sendt en hemmelig beskjed til en venn? Byttet ut bokstaver med tall, eller kanskje med hjemmelagde symboler? Da vet du hva koder er, og denne boka er full av dem!&lt;br&gt;&lt;br&gt;Her er alt du vil vite om hemmelige alfabeter, uknekkelige koder og usynlig skrift. Du f\u00e5r vite hvordan du [&hellip;]","og_url":"https:\/\/staging.forenteforlag.no\/spartacus\/produkt\/kodeboka\/","og_site_name":"Spartacus","article_publisher":"https:\/\/www.facebook.com\/SpartacusForlag","article_modified_time":"2026-03-02T17:44:41+00:00","og_image":[{"width":1360,"height":1920,"url":"https:\/\/staging.forenteforlag.no\/spartacus\/wp-content\/uploads\/sites\/6\/2025\/08\/jpg-10067-scaled-1-scaled.jpg","type":"image\/jpeg"}],"twitter_card":"summary_large_image","twitter_misc":{"Ansl. lesetid":"2 minutter"},"schema":{"@context":"https:\/\/schema.org","@graph":[{"@type":"WebPage","@id":"https:\/\/staging.forenteforlag.no\/spartacus\/produkt\/kodeboka\/","url":"https:\/\/staging.forenteforlag.no\/spartacus\/produkt\/kodeboka\/","name":"Kodeboka - Spartacus","isPartOf":{"@id":"https:\/\/staging.forenteforlag.no\/spartacus\/#website"},"primaryImageOfPage":{"@id":"https:\/\/staging.forenteforlag.no\/spartacus\/produkt\/kodeboka\/#primaryimage"},"image":{"@id":"https:\/\/staging.forenteforlag.no\/spartacus\/produkt\/kodeboka\/#primaryimage"},"thumbnailUrl":"https:\/\/staging.forenteforlag.no\/spartacus\/wp-content\/uploads\/sites\/6\/2026\/03\/9788243016781.jpg","datePublished":"2025-10-17T13:03:54+00:00","dateModified":"2026-03-02T17:44:41+00:00","breadcrumb":{"@id":"https:\/\/staging.forenteforlag.no\/spartacus\/produkt\/kodeboka\/#breadcrumb"},"inLanguage":"nb-NO","potentialAction":[{"@type":"ReadAction","target":["https:\/\/staging.forenteforlag.no\/spartacus\/produkt\/kodeboka\/"]}]},{"@type":"ImageObject","inLanguage":"nb-NO","@id":"https:\/\/staging.forenteforlag.no\/spartacus\/produkt\/kodeboka\/#primaryimage","url":"https:\/\/staging.forenteforlag.no\/spartacus\/wp-content\/uploads\/sites\/6\/2026\/03\/9788243016781.jpg","contentUrl":"https:\/\/staging.forenteforlag.no\/spartacus\/wp-content\/uploads\/sites\/6\/2026\/03\/9788243016781.jpg","width":720,"height":1082},{"@type":"BreadcrumbList","@id":"https:\/\/staging.forenteforlag.no\/spartacus\/produkt\/kodeboka\/#breadcrumb","itemListElement":[{"@type":"ListItem","position":1,"name":"Hjem","item":"https:\/\/staging.forenteforlag.no\/spartacus\/"},{"@type":"ListItem","position":2,"name":"Alle b\u00f8ker","item":"https:\/\/staging.forenteforlag.no\/spartacus\/butikk\/"},{"@type":"ListItem","position":3,"name":"Kodeboka"}]},{"@type":"WebSite","@id":"https:\/\/staging.forenteforlag.no\/spartacus\/#website","url":"https:\/\/staging.forenteforlag.no\/spartacus\/","name":"Spartacus forlag","description":"","publisher":{"@id":"https:\/\/staging.forenteforlag.no\/spartacus\/#organization"},"potentialAction":[{"@type":"SearchAction","target":{"@type":"EntryPoint","urlTemplate":"https:\/\/staging.forenteforlag.no\/spartacus\/?s={search_term_string}"},"query-input":{"@type":"PropertyValueSpecification","valueRequired":true,"valueName":"search_term_string"}}],"inLanguage":"nb-NO"},{"@type":"Organization","@id":"https:\/\/staging.forenteforlag.no\/spartacus\/#organization","name":"Spartacus forlag","url":"https:\/\/staging.forenteforlag.no\/spartacus\/","logo":{"@type":"ImageObject","inLanguage":"nb-NO","@id":"https:\/\/staging.forenteforlag.no\/spartacus\/#\/schema\/logo\/image\/","url":"https:\/\/staging.forenteforlag.no\/spartacus\/wp-content\/uploads\/sites\/6\/2024\/09\/Spartacus_logo.svg","contentUrl":"https:\/\/staging.forenteforlag.no\/spartacus\/wp-content\/uploads\/sites\/6\/2024\/09\/Spartacus_logo.svg","width":100,"height":100,"caption":"Spartacus forlag"},"image":{"@id":"https:\/\/staging.forenteforlag.no\/spartacus\/#\/schema\/logo\/image\/"},"sameAs":["https:\/\/www.facebook.com\/SpartacusForlag"]}]}},"_links":{"self":[{"href":"https:\/\/staging.forenteforlag.no\/spartacus\/wp-json\/wp\/v2\/product\/24593","targetHints":{"allow":["GET"]}}],"collection":[{"href":"https:\/\/staging.forenteforlag.no\/spartacus\/wp-json\/wp\/v2\/product"}],"about":[{"href":"https:\/\/staging.forenteforlag.no\/spartacus\/wp-json\/wp\/v2\/types\/product"}],"wp:featuredmedia":[{"embeddable":true,"href":"https:\/\/staging.forenteforlag.no\/spartacus\/wp-json\/wp\/v2\/media\/26801"}],"wp:attachment":[{"href":"https:\/\/staging.forenteforlag.no\/spartacus\/wp-json\/wp\/v2\/media?parent=24593"}],"wp:term":[{"taxonomy":"product_brand","embeddable":true,"href":"https:\/\/staging.forenteforlag.no\/spartacus\/wp-json\/wp\/v2\/product_brand?post=24593"},{"taxonomy":"product_cat","embeddable":true,"href":"https:\/\/staging.forenteforlag.no\/spartacus\/wp-json\/wp\/v2\/product_cat?post=24593"},{"taxonomy":"product_tag","embeddable":true,"href":"https:\/\/staging.forenteforlag.no\/spartacus\/wp-json\/wp\/v2\/product_tag?post=24593"}],"curies":[{"name":"wp","href":"https:\/\/api.w.org\/{rel}","templated":true}]}}