{"id":23525,"date":"2025-06-04T13:05:43","date_gmt":"2025-06-04T11:05:43","guid":{"rendered":"https:\/\/spartacus.no\/produkt\/ki-for-nybegynnere\/"},"modified":"2026-03-03T19:34:45","modified_gmt":"2026-03-03T18:34:45","slug":"ki-for-nybegynnere","status":"publish","type":"product","link":"https:\/\/staging.forenteforlag.no\/spartacus\/produkt\/ki-for-nybegynnere\/","title":{"rendered":"KI for nybegynnere"},"content":{"rendered":"<p>I 2019 kunne chatboter knapt telle til 10. I 2023 bestod de juridisk embetseksamen med toppkarakter. S\u00e5 sp\u00f8rsm\u00e5let er ikke om KI kommer til \u00e5 forandre livene v\u00e5re, men hvordan og n\u00e5r.\u00a0\u00b7\u00a0\u00a0\u00a0\u00a0\u00a0 Hvorfor b\u00f8r du bli god til \u00e5 prompte?\u00b7\u00a0\u00a0\u00a0\u00a0\u00a0 Hva betyr det at en chatbot begynner \u00e5 hallusinere?\u00b7\u00a0\u00a0\u00a0\u00a0\u00a0 Hvilke yrker kommer sannsynligvis til \u00e5 erstattes av KI i fremtiden?\u00a0Boken diskuterer og svarer p\u00e5 slike sp\u00f8rsm\u00e5l, men f\u00f8rst og fremst er den en inspirasjon og bruksanvisning for folk flest til \u00e5 ta i bruk den revolusjonerende teknologien i hverdagen v\u00e5r. Fritiden, utdanningssystemet og arbeidslivet; alle omr\u00e5der av samfunnet v\u00e5rt blir ber\u00f8rt, og det er f\u00f8rst n\u00e5r du selv begynner \u00e5 bruke teknologien at du vil skj\u00f8nne rekkevidden av KI og hva den kan gj\u00f8re for deg.\u00a0Fra innholdet:\u00b7\u00a0\u00a0\u00a0\u00a0\u00a0 Hvordan bruke s\u00f8ketjenester\u00b7\u00a0\u00a0\u00a0\u00a0\u00a0 Skap bilder, musikk og video\u00b7\u00a0\u00a0\u00a0\u00a0\u00a0 Lag presentasjoner og sammendrag\u00b7\u00a0\u00a0\u00a0\u00a0\u00a0 L\u00e6r deg fellene ved KI-bruk\u00b7\u00a0\u00a0\u00a0\u00a0\u00a0 20 konkrete ideer til hva du kan bruke KI til\u00b7\u00a0\u00a0\u00a0\u00a0\u00a0 L\u00e6r deg \u00e5 \u00abprompte\u00bb riktig for \u00e5 f\u00e5 gode resultater<\/p>\n","protected":false},"excerpt":{"rendered":"<p>I 2019 kunne chatboter knapt telle til 10. I 2023 bestod de juridisk embetseksamen med toppkarakter. S\u00e5 sp\u00f8rsm\u00e5let er ikke om KI kommer til \u00e5 forandre livene v\u00e5re, men hvordan og n\u00e5r.\u00a0\u00b7\u00a0\u00a0\u00a0\u00a0\u00a0 Hvorfor b\u00f8r du bli god til \u00e5 prompte?\u00b7\u00a0\u00a0\u00a0\u00a0\u00a0 Hva betyr det at en chatbot begynner \u00e5 hallusinere?\u00b7\u00a0\u00a0\u00a0\u00a0\u00a0 Hvilke yrker kommer sannsynligvis til \u00e5 [&hellip;]<\/p>\n","protected":false},"featured_media":26805,"template":"","meta":{"_acf_changed":false,"inline_featured_image":false},"product_brand":[],"product_cat":[1785],"product_tag":[362],"class_list":{"0":"post-23525","1":"product","2":"type-product","3":"status-publish","4":"has-post-thumbnail","6":"product_cat-fastpris","7":"product_tag-faglitteratur","9":"first","10":"instock","11":"shipping-taxable","12":"purchasable","13":"product-type-simple"},"acf":{"anmeldelse":null},"yoast_head":"<!-- This site is optimized with the Yoast SEO plugin v26.6 - https:\/\/yoast.com\/wordpress\/plugins\/seo\/ -->\n<title>KI for nybegynnere - Spartacus<\/title>\n<meta name=\"robots\" content=\"noindex, follow, max-snippet:-1, max-image-preview:large, max-video-preview:-1\" \/>\n<meta property=\"og:locale\" content=\"nb_NO\" \/>\n<meta property=\"og:type\" content=\"article\" \/>\n<meta property=\"og:title\" content=\"KI for nybegynnere - Spartacus\" \/>\n<meta property=\"og:description\" content=\"I 2019 kunne chatboter knapt telle til 10. I 2023 bestod de juridisk embetseksamen med toppkarakter. S\u00e5 sp\u00f8rsm\u00e5let er ikke om KI kommer til \u00e5 forandre livene v\u00e5re, men hvordan og n\u00e5r.\u00a0\u00b7\u00a0\u00a0\u00a0\u00a0\u00a0 Hvorfor b\u00f8r du bli god til \u00e5 prompte?\u00b7\u00a0\u00a0\u00a0\u00a0\u00a0 Hva betyr det at en chatbot begynner \u00e5 hallusinere?\u00b7\u00a0\u00a0\u00a0\u00a0\u00a0 Hvilke yrker kommer sannsynligvis til \u00e5 [&hellip;]\" \/>\n<meta property=\"og:url\" content=\"https:\/\/staging.forenteforlag.no\/spartacus\/produkt\/ki-for-nybegynnere\/\" \/>\n<meta property=\"og:site_name\" content=\"Spartacus\" \/>\n<meta property=\"article:publisher\" content=\"https:\/\/www.facebook.com\/SpartacusForlag\" \/>\n<meta property=\"article:modified_time\" content=\"2026-03-03T18:34:45+00:00\" \/>\n<meta property=\"og:image\" content=\"https:\/\/staging.forenteforlag.no\/spartacus\/wp-content\/uploads\/sites\/6\/2026\/03\/9788243016910.jpg\" \/>\n\t<meta property=\"og:image:width\" content=\"720\" \/>\n\t<meta property=\"og:image:height\" content=\"1108\" \/>\n\t<meta property=\"og:image:type\" content=\"image\/jpeg\" \/>\n<meta name=\"twitter:card\" content=\"summary_large_image\" \/>\n<meta name=\"twitter:label1\" content=\"Ansl. lesetid\" \/>\n\t<meta name=\"twitter:data1\" content=\"2 minutter\" \/>\n<script type=\"application\/ld+json\" class=\"yoast-schema-graph\">{\"@context\":\"https:\/\/schema.org\",\"@graph\":[{\"@type\":\"WebPage\",\"@id\":\"https:\/\/staging.forenteforlag.no\/spartacus\/produkt\/ki-for-nybegynnere\/\",\"url\":\"https:\/\/staging.forenteforlag.no\/spartacus\/produkt\/ki-for-nybegynnere\/\",\"name\":\"KI for nybegynnere - Spartacus\",\"isPartOf\":{\"@id\":\"https:\/\/staging.forenteforlag.no\/spartacus\/#website\"},\"primaryImageOfPage\":{\"@id\":\"https:\/\/staging.forenteforlag.no\/spartacus\/produkt\/ki-for-nybegynnere\/#primaryimage\"},\"image\":{\"@id\":\"https:\/\/staging.forenteforlag.no\/spartacus\/produkt\/ki-for-nybegynnere\/#primaryimage\"},\"thumbnailUrl\":\"https:\/\/staging.forenteforlag.no\/spartacus\/wp-content\/uploads\/sites\/6\/2026\/03\/9788243016910.jpg\",\"datePublished\":\"2025-06-04T11:05:43+00:00\",\"dateModified\":\"2026-03-03T18:34:45+00:00\",\"breadcrumb\":{\"@id\":\"https:\/\/staging.forenteforlag.no\/spartacus\/produkt\/ki-for-nybegynnere\/#breadcrumb\"},\"inLanguage\":\"nb-NO\",\"potentialAction\":[{\"@type\":\"ReadAction\",\"target\":[\"https:\/\/staging.forenteforlag.no\/spartacus\/produkt\/ki-for-nybegynnere\/\"]}]},{\"@type\":\"ImageObject\",\"inLanguage\":\"nb-NO\",\"@id\":\"https:\/\/staging.forenteforlag.no\/spartacus\/produkt\/ki-for-nybegynnere\/#primaryimage\",\"url\":\"https:\/\/staging.forenteforlag.no\/spartacus\/wp-content\/uploads\/sites\/6\/2026\/03\/9788243016910.jpg\",\"contentUrl\":\"https:\/\/staging.forenteforlag.no\/spartacus\/wp-content\/uploads\/sites\/6\/2026\/03\/9788243016910.jpg\",\"width\":720,\"height\":1108},{\"@type\":\"BreadcrumbList\",\"@id\":\"https:\/\/staging.forenteforlag.no\/spartacus\/produkt\/ki-for-nybegynnere\/#breadcrumb\",\"itemListElement\":[{\"@type\":\"ListItem\",\"position\":1,\"name\":\"Hjem\",\"item\":\"https:\/\/staging.forenteforlag.no\/spartacus\/\"},{\"@type\":\"ListItem\",\"position\":2,\"name\":\"Alle b\u00f8ker\",\"item\":\"https:\/\/staging.forenteforlag.no\/spartacus\/butikk\/\"},{\"@type\":\"ListItem\",\"position\":3,\"name\":\"KI for nybegynnere\"}]},{\"@type\":\"WebSite\",\"@id\":\"https:\/\/staging.forenteforlag.no\/spartacus\/#website\",\"url\":\"https:\/\/staging.forenteforlag.no\/spartacus\/\",\"name\":\"Spartacus forlag\",\"description\":\"\",\"publisher\":{\"@id\":\"https:\/\/staging.forenteforlag.no\/spartacus\/#organization\"},\"potentialAction\":[{\"@type\":\"SearchAction\",\"target\":{\"@type\":\"EntryPoint\",\"urlTemplate\":\"https:\/\/staging.forenteforlag.no\/spartacus\/?s={search_term_string}\"},\"query-input\":{\"@type\":\"PropertyValueSpecification\",\"valueRequired\":true,\"valueName\":\"search_term_string\"}}],\"inLanguage\":\"nb-NO\"},{\"@type\":\"Organization\",\"@id\":\"https:\/\/staging.forenteforlag.no\/spartacus\/#organization\",\"name\":\"Spartacus forlag\",\"url\":\"https:\/\/staging.forenteforlag.no\/spartacus\/\",\"logo\":{\"@type\":\"ImageObject\",\"inLanguage\":\"nb-NO\",\"@id\":\"https:\/\/staging.forenteforlag.no\/spartacus\/#\/schema\/logo\/image\/\",\"url\":\"https:\/\/staging.forenteforlag.no\/spartacus\/wp-content\/uploads\/sites\/6\/2024\/09\/Spartacus_logo.svg\",\"contentUrl\":\"https:\/\/staging.forenteforlag.no\/spartacus\/wp-content\/uploads\/sites\/6\/2024\/09\/Spartacus_logo.svg\",\"width\":100,\"height\":100,\"caption\":\"Spartacus forlag\"},\"image\":{\"@id\":\"https:\/\/staging.forenteforlag.no\/spartacus\/#\/schema\/logo\/image\/\"},\"sameAs\":[\"https:\/\/www.facebook.com\/SpartacusForlag\"]}]}<\/script>\n<!-- \/ Yoast SEO plugin. -->","yoast_head_json":{"title":"KI for nybegynnere - Spartacus","robots":{"index":"noindex","follow":"follow","max-snippet":"max-snippet:-1","max-image-preview":"max-image-preview:large","max-video-preview":"max-video-preview:-1"},"og_locale":"nb_NO","og_type":"article","og_title":"KI for nybegynnere - Spartacus","og_description":"I 2019 kunne chatboter knapt telle til 10. I 2023 bestod de juridisk embetseksamen med toppkarakter. S\u00e5 sp\u00f8rsm\u00e5let er ikke om KI kommer til \u00e5 forandre livene v\u00e5re, men hvordan og n\u00e5r.\u00a0\u00b7\u00a0\u00a0\u00a0\u00a0\u00a0 Hvorfor b\u00f8r du bli god til \u00e5 prompte?\u00b7\u00a0\u00a0\u00a0\u00a0\u00a0 Hva betyr det at en chatbot begynner \u00e5 hallusinere?\u00b7\u00a0\u00a0\u00a0\u00a0\u00a0 Hvilke yrker kommer sannsynligvis til \u00e5 [&hellip;]","og_url":"https:\/\/staging.forenteforlag.no\/spartacus\/produkt\/ki-for-nybegynnere\/","og_site_name":"Spartacus","article_publisher":"https:\/\/www.facebook.com\/SpartacusForlag","article_modified_time":"2026-03-03T18:34:45+00:00","og_image":[{"width":720,"height":1108,"url":"https:\/\/staging.forenteforlag.no\/spartacus\/wp-content\/uploads\/sites\/6\/2026\/03\/9788243016910.jpg","type":"image\/jpeg"}],"twitter_card":"summary_large_image","twitter_misc":{"Ansl. lesetid":"2 minutter"},"schema":{"@context":"https:\/\/schema.org","@graph":[{"@type":"WebPage","@id":"https:\/\/staging.forenteforlag.no\/spartacus\/produkt\/ki-for-nybegynnere\/","url":"https:\/\/staging.forenteforlag.no\/spartacus\/produkt\/ki-for-nybegynnere\/","name":"KI for nybegynnere - Spartacus","isPartOf":{"@id":"https:\/\/staging.forenteforlag.no\/spartacus\/#website"},"primaryImageOfPage":{"@id":"https:\/\/staging.forenteforlag.no\/spartacus\/produkt\/ki-for-nybegynnere\/#primaryimage"},"image":{"@id":"https:\/\/staging.forenteforlag.no\/spartacus\/produkt\/ki-for-nybegynnere\/#primaryimage"},"thumbnailUrl":"https:\/\/staging.forenteforlag.no\/spartacus\/wp-content\/uploads\/sites\/6\/2026\/03\/9788243016910.jpg","datePublished":"2025-06-04T11:05:43+00:00","dateModified":"2026-03-03T18:34:45+00:00","breadcrumb":{"@id":"https:\/\/staging.forenteforlag.no\/spartacus\/produkt\/ki-for-nybegynnere\/#breadcrumb"},"inLanguage":"nb-NO","potentialAction":[{"@type":"ReadAction","target":["https:\/\/staging.forenteforlag.no\/spartacus\/produkt\/ki-for-nybegynnere\/"]}]},{"@type":"ImageObject","inLanguage":"nb-NO","@id":"https:\/\/staging.forenteforlag.no\/spartacus\/produkt\/ki-for-nybegynnere\/#primaryimage","url":"https:\/\/staging.forenteforlag.no\/spartacus\/wp-content\/uploads\/sites\/6\/2026\/03\/9788243016910.jpg","contentUrl":"https:\/\/staging.forenteforlag.no\/spartacus\/wp-content\/uploads\/sites\/6\/2026\/03\/9788243016910.jpg","width":720,"height":1108},{"@type":"BreadcrumbList","@id":"https:\/\/staging.forenteforlag.no\/spartacus\/produkt\/ki-for-nybegynnere\/#breadcrumb","itemListElement":[{"@type":"ListItem","position":1,"name":"Hjem","item":"https:\/\/staging.forenteforlag.no\/spartacus\/"},{"@type":"ListItem","position":2,"name":"Alle b\u00f8ker","item":"https:\/\/staging.forenteforlag.no\/spartacus\/butikk\/"},{"@type":"ListItem","position":3,"name":"KI for nybegynnere"}]},{"@type":"WebSite","@id":"https:\/\/staging.forenteforlag.no\/spartacus\/#website","url":"https:\/\/staging.forenteforlag.no\/spartacus\/","name":"Spartacus forlag","description":"","publisher":{"@id":"https:\/\/staging.forenteforlag.no\/spartacus\/#organization"},"potentialAction":[{"@type":"SearchAction","target":{"@type":"EntryPoint","urlTemplate":"https:\/\/staging.forenteforlag.no\/spartacus\/?s={search_term_string}"},"query-input":{"@type":"PropertyValueSpecification","valueRequired":true,"valueName":"search_term_string"}}],"inLanguage":"nb-NO"},{"@type":"Organization","@id":"https:\/\/staging.forenteforlag.no\/spartacus\/#organization","name":"Spartacus forlag","url":"https:\/\/staging.forenteforlag.no\/spartacus\/","logo":{"@type":"ImageObject","inLanguage":"nb-NO","@id":"https:\/\/staging.forenteforlag.no\/spartacus\/#\/schema\/logo\/image\/","url":"https:\/\/staging.forenteforlag.no\/spartacus\/wp-content\/uploads\/sites\/6\/2024\/09\/Spartacus_logo.svg","contentUrl":"https:\/\/staging.forenteforlag.no\/spartacus\/wp-content\/uploads\/sites\/6\/2024\/09\/Spartacus_logo.svg","width":100,"height":100,"caption":"Spartacus forlag"},"image":{"@id":"https:\/\/staging.forenteforlag.no\/spartacus\/#\/schema\/logo\/image\/"},"sameAs":["https:\/\/www.facebook.com\/SpartacusForlag"]}]}},"_links":{"self":[{"href":"https:\/\/staging.forenteforlag.no\/spartacus\/wp-json\/wp\/v2\/product\/23525","targetHints":{"allow":["GET"]}}],"collection":[{"href":"https:\/\/staging.forenteforlag.no\/spartacus\/wp-json\/wp\/v2\/product"}],"about":[{"href":"https:\/\/staging.forenteforlag.no\/spartacus\/wp-json\/wp\/v2\/types\/product"}],"wp:featuredmedia":[{"embeddable":true,"href":"https:\/\/staging.forenteforlag.no\/spartacus\/wp-json\/wp\/v2\/media\/26805"}],"wp:attachment":[{"href":"https:\/\/staging.forenteforlag.no\/spartacus\/wp-json\/wp\/v2\/media?parent=23525"}],"wp:term":[{"taxonomy":"product_brand","embeddable":true,"href":"https:\/\/staging.forenteforlag.no\/spartacus\/wp-json\/wp\/v2\/product_brand?post=23525"},{"taxonomy":"product_cat","embeddable":true,"href":"https:\/\/staging.forenteforlag.no\/spartacus\/wp-json\/wp\/v2\/product_cat?post=23525"},{"taxonomy":"product_tag","embeddable":true,"href":"https:\/\/staging.forenteforlag.no\/spartacus\/wp-json\/wp\/v2\/product_tag?post=23525"}],"curies":[{"name":"wp","href":"https:\/\/api.w.org\/{rel}","templated":true}]}}