{"id":22472,"date":"2018-10-09T02:00:00","date_gmt":"2018-10-09T00:00:00","guid":{"rendered":"https:\/\/spartacus.forenteforlag.no\/produkt\/i-skyggen-mellom-traerne-2\/"},"modified":"2026-03-04T15:18:33","modified_gmt":"2026-03-04T14:18:33","slug":"i-skyggen-mellom-traerne-2","status":"publish","type":"product","link":"https:\/\/staging.forenteforlag.no\/spartacus\/produkt\/i-skyggen-mellom-traerne-2\/","title":{"rendered":"I skyggen mellom tr\u00e6rne"},"content":{"rendered":"<p>\u00abKrigen kom til min familie i form av dype dr\u00f8nn fra Dr\u00f8baksundet. Kort tid etterp\u00e5 satte min bestefar seg p\u00e5 sykkelen og forlot slektsg\u00e5rden i \u00c5s for \u00e5 dra i krigen. Hans yngre bror ble igjen p\u00e5 g\u00e5rden. Seinere meldte han seg inn i Nasjonal Samling, og ble en overbevist nazist. I \u00e5rene rett etter krigen skal ikke de to br\u00f8drene ha vekslet et ord, selv om de bodde under samme tak. <\/p>\n<p>Lenge var det alt jeg visste. S\u00e5, nesten 70 \u00e5r seinere, leste jeg i en avisartikkel at min grandonkel hadde ledet Statspolitiets avdeling i Stavanger og v\u00e6rt ansvarlig for j\u00f8deaksjonen der h\u00f8sten 1942. I alt ble 773 norske j\u00f8der deportert til tyske konsentrasjonsleirer i l\u00f8pet av okkupasjonstida. <\/p>\n<p>Med ett var ikke historien lenger noe avsluttet, men noe \u00e5pent, m\u00f8rkt og levende. Denne boken er et fors\u00f8k p\u00e5 \u00e5 unders\u00f8ke og forst\u00e5 det som skjedde.\u00bb<\/p>\n","protected":false},"excerpt":{"rendered":"<p>\u00abKrigen kom til min familie i form av dype dr\u00f8nn fra Dr\u00f8baksundet. Kort tid etterp\u00e5 satte min bestefar seg p\u00e5 sykkelen og forlot slektsg\u00e5rden i \u00c5s for \u00e5 dra i krigen. Hans yngre bror ble igjen p\u00e5 g\u00e5rden. Seinere meldte han seg inn i Nasjonal Samling, og ble en overbevist nazist. I \u00e5rene rett etter [&hellip;]<\/p>\n","protected":false},"featured_media":26546,"template":"","meta":{"_acf_changed":false,"inline_featured_image":false},"product_brand":[],"product_cat":[1786],"product_tag":[407,405,362,1724,504,593],"class_list":{"0":"post-22472","1":"product","2":"type-product","3":"status-publish","4":"has-post-thumbnail","6":"product_cat-rabattkodekampanje","7":"product_tag-1939-1945","8":"product_tag-andre-verdenskrig","9":"product_tag-faglitteratur","10":"product_tag-identitetspolitikk","11":"product_tag-krigens-rett","12":"product_tag-stavanger","14":"first","15":"outofstock","16":"shipping-taxable","17":"purchasable","18":"product-type-simple"},"acf":{"anmeldelse":[{"tekst_anmeldelser":"\u00abViktig bidrag til Stavangers okkupasjonshistorie. \u2026 \u2018I skyggen mellom tr\u00e6rne\u2019 er en uvanlig bok, i den forstand at en faghistoriker plasserer sin egen familie og sitt lokalmilj\u00f8 (\u00c5s i Akershus), inn i en kildekritisk granskning av flere av okkupasjonens viktigste hendelser.\u00bb","av_anmeldelser":"Sven Egil Omdal","terningkast":false,"kilde":"Stavanger Aftenblad"}]},"yoast_head":"<!-- This site is optimized with the Yoast SEO plugin v26.6 - https:\/\/yoast.com\/wordpress\/plugins\/seo\/ -->\n<title>I skyggen mellom tr\u00e6rne - Spartacus<\/title>\n<meta name=\"robots\" content=\"noindex, follow, max-snippet:-1, max-image-preview:large, max-video-preview:-1\" \/>\n<meta property=\"og:locale\" content=\"nb_NO\" \/>\n<meta property=\"og:type\" content=\"article\" \/>\n<meta property=\"og:title\" content=\"I skyggen mellom tr\u00e6rne - Spartacus\" \/>\n<meta property=\"og:description\" content=\"\u00abKrigen kom til min familie i form av dype dr\u00f8nn fra Dr\u00f8baksundet. Kort tid etterp\u00e5 satte min bestefar seg p\u00e5 sykkelen og forlot slektsg\u00e5rden i \u00c5s for \u00e5 dra i krigen. Hans yngre bror ble igjen p\u00e5 g\u00e5rden. Seinere meldte han seg inn i Nasjonal Samling, og ble en overbevist nazist. I \u00e5rene rett etter [&hellip;]\" \/>\n<meta property=\"og:url\" content=\"https:\/\/staging.forenteforlag.no\/spartacus\/produkt\/i-skyggen-mellom-traerne-2\/\" \/>\n<meta property=\"og:site_name\" content=\"Spartacus\" \/>\n<meta property=\"article:publisher\" content=\"https:\/\/www.facebook.com\/SpartacusForlag\" \/>\n<meta property=\"article:modified_time\" content=\"2026-03-04T14:18:33+00:00\" \/>\n<meta property=\"og:image\" content=\"https:\/\/staging.forenteforlag.no\/spartacus\/wp-content\/uploads\/sites\/6\/2026\/02\/9788243011670.jpg\" \/>\n\t<meta property=\"og:image:width\" content=\"720\" \/>\n\t<meta property=\"og:image:height\" content=\"1094\" \/>\n\t<meta property=\"og:image:type\" content=\"image\/jpeg\" \/>\n<meta name=\"twitter:card\" content=\"summary_large_image\" \/>\n<meta name=\"twitter:label1\" content=\"Ansl. lesetid\" \/>\n\t<meta name=\"twitter:data1\" content=\"1 minutt\" \/>\n<script type=\"application\/ld+json\" class=\"yoast-schema-graph\">{\"@context\":\"https:\/\/schema.org\",\"@graph\":[{\"@type\":\"WebPage\",\"@id\":\"https:\/\/staging.forenteforlag.no\/spartacus\/produkt\/i-skyggen-mellom-traerne-2\/\",\"url\":\"https:\/\/staging.forenteforlag.no\/spartacus\/produkt\/i-skyggen-mellom-traerne-2\/\",\"name\":\"I skyggen mellom tr\u00e6rne - Spartacus\",\"isPartOf\":{\"@id\":\"https:\/\/staging.forenteforlag.no\/spartacus\/#website\"},\"primaryImageOfPage\":{\"@id\":\"https:\/\/staging.forenteforlag.no\/spartacus\/produkt\/i-skyggen-mellom-traerne-2\/#primaryimage\"},\"image\":{\"@id\":\"https:\/\/staging.forenteforlag.no\/spartacus\/produkt\/i-skyggen-mellom-traerne-2\/#primaryimage\"},\"thumbnailUrl\":\"https:\/\/staging.forenteforlag.no\/spartacus\/wp-content\/uploads\/sites\/6\/2026\/02\/9788243011670.jpg\",\"datePublished\":\"2018-10-09T00:00:00+00:00\",\"dateModified\":\"2026-03-04T14:18:33+00:00\",\"breadcrumb\":{\"@id\":\"https:\/\/staging.forenteforlag.no\/spartacus\/produkt\/i-skyggen-mellom-traerne-2\/#breadcrumb\"},\"inLanguage\":\"nb-NO\",\"potentialAction\":[{\"@type\":\"ReadAction\",\"target\":[\"https:\/\/staging.forenteforlag.no\/spartacus\/produkt\/i-skyggen-mellom-traerne-2\/\"]}]},{\"@type\":\"ImageObject\",\"inLanguage\":\"nb-NO\",\"@id\":\"https:\/\/staging.forenteforlag.no\/spartacus\/produkt\/i-skyggen-mellom-traerne-2\/#primaryimage\",\"url\":\"https:\/\/staging.forenteforlag.no\/spartacus\/wp-content\/uploads\/sites\/6\/2026\/02\/9788243011670.jpg\",\"contentUrl\":\"https:\/\/staging.forenteforlag.no\/spartacus\/wp-content\/uploads\/sites\/6\/2026\/02\/9788243011670.jpg\",\"width\":720,\"height\":1094},{\"@type\":\"BreadcrumbList\",\"@id\":\"https:\/\/staging.forenteforlag.no\/spartacus\/produkt\/i-skyggen-mellom-traerne-2\/#breadcrumb\",\"itemListElement\":[{\"@type\":\"ListItem\",\"position\":1,\"name\":\"Hjem\",\"item\":\"https:\/\/staging.forenteforlag.no\/spartacus\/\"},{\"@type\":\"ListItem\",\"position\":2,\"name\":\"Alle b\u00f8ker\",\"item\":\"https:\/\/staging.forenteforlag.no\/spartacus\/butikk\/\"},{\"@type\":\"ListItem\",\"position\":3,\"name\":\"I skyggen mellom tr\u00e6rne\"}]},{\"@type\":\"WebSite\",\"@id\":\"https:\/\/staging.forenteforlag.no\/spartacus\/#website\",\"url\":\"https:\/\/staging.forenteforlag.no\/spartacus\/\",\"name\":\"Spartacus forlag\",\"description\":\"\",\"publisher\":{\"@id\":\"https:\/\/staging.forenteforlag.no\/spartacus\/#organization\"},\"potentialAction\":[{\"@type\":\"SearchAction\",\"target\":{\"@type\":\"EntryPoint\",\"urlTemplate\":\"https:\/\/staging.forenteforlag.no\/spartacus\/?s={search_term_string}\"},\"query-input\":{\"@type\":\"PropertyValueSpecification\",\"valueRequired\":true,\"valueName\":\"search_term_string\"}}],\"inLanguage\":\"nb-NO\"},{\"@type\":\"Organization\",\"@id\":\"https:\/\/staging.forenteforlag.no\/spartacus\/#organization\",\"name\":\"Spartacus forlag\",\"url\":\"https:\/\/staging.forenteforlag.no\/spartacus\/\",\"logo\":{\"@type\":\"ImageObject\",\"inLanguage\":\"nb-NO\",\"@id\":\"https:\/\/staging.forenteforlag.no\/spartacus\/#\/schema\/logo\/image\/\",\"url\":\"https:\/\/staging.forenteforlag.no\/spartacus\/wp-content\/uploads\/sites\/6\/2024\/09\/Spartacus_logo.svg\",\"contentUrl\":\"https:\/\/staging.forenteforlag.no\/spartacus\/wp-content\/uploads\/sites\/6\/2024\/09\/Spartacus_logo.svg\",\"width\":100,\"height\":100,\"caption\":\"Spartacus forlag\"},\"image\":{\"@id\":\"https:\/\/staging.forenteforlag.no\/spartacus\/#\/schema\/logo\/image\/\"},\"sameAs\":[\"https:\/\/www.facebook.com\/SpartacusForlag\"]}]}<\/script>\n<!-- \/ Yoast SEO plugin. -->","yoast_head_json":{"title":"I skyggen mellom tr\u00e6rne - Spartacus","robots":{"index":"noindex","follow":"follow","max-snippet":"max-snippet:-1","max-image-preview":"max-image-preview:large","max-video-preview":"max-video-preview:-1"},"og_locale":"nb_NO","og_type":"article","og_title":"I skyggen mellom tr\u00e6rne - Spartacus","og_description":"\u00abKrigen kom til min familie i form av dype dr\u00f8nn fra Dr\u00f8baksundet. Kort tid etterp\u00e5 satte min bestefar seg p\u00e5 sykkelen og forlot slektsg\u00e5rden i \u00c5s for \u00e5 dra i krigen. Hans yngre bror ble igjen p\u00e5 g\u00e5rden. Seinere meldte han seg inn i Nasjonal Samling, og ble en overbevist nazist. I \u00e5rene rett etter [&hellip;]","og_url":"https:\/\/staging.forenteforlag.no\/spartacus\/produkt\/i-skyggen-mellom-traerne-2\/","og_site_name":"Spartacus","article_publisher":"https:\/\/www.facebook.com\/SpartacusForlag","article_modified_time":"2026-03-04T14:18:33+00:00","og_image":[{"width":720,"height":1094,"url":"https:\/\/staging.forenteforlag.no\/spartacus\/wp-content\/uploads\/sites\/6\/2026\/02\/9788243011670.jpg","type":"image\/jpeg"}],"twitter_card":"summary_large_image","twitter_misc":{"Ansl. lesetid":"1 minutt"},"schema":{"@context":"https:\/\/schema.org","@graph":[{"@type":"WebPage","@id":"https:\/\/staging.forenteforlag.no\/spartacus\/produkt\/i-skyggen-mellom-traerne-2\/","url":"https:\/\/staging.forenteforlag.no\/spartacus\/produkt\/i-skyggen-mellom-traerne-2\/","name":"I skyggen mellom tr\u00e6rne - Spartacus","isPartOf":{"@id":"https:\/\/staging.forenteforlag.no\/spartacus\/#website"},"primaryImageOfPage":{"@id":"https:\/\/staging.forenteforlag.no\/spartacus\/produkt\/i-skyggen-mellom-traerne-2\/#primaryimage"},"image":{"@id":"https:\/\/staging.forenteforlag.no\/spartacus\/produkt\/i-skyggen-mellom-traerne-2\/#primaryimage"},"thumbnailUrl":"https:\/\/staging.forenteforlag.no\/spartacus\/wp-content\/uploads\/sites\/6\/2026\/02\/9788243011670.jpg","datePublished":"2018-10-09T00:00:00+00:00","dateModified":"2026-03-04T14:18:33+00:00","breadcrumb":{"@id":"https:\/\/staging.forenteforlag.no\/spartacus\/produkt\/i-skyggen-mellom-traerne-2\/#breadcrumb"},"inLanguage":"nb-NO","potentialAction":[{"@type":"ReadAction","target":["https:\/\/staging.forenteforlag.no\/spartacus\/produkt\/i-skyggen-mellom-traerne-2\/"]}]},{"@type":"ImageObject","inLanguage":"nb-NO","@id":"https:\/\/staging.forenteforlag.no\/spartacus\/produkt\/i-skyggen-mellom-traerne-2\/#primaryimage","url":"https:\/\/staging.forenteforlag.no\/spartacus\/wp-content\/uploads\/sites\/6\/2026\/02\/9788243011670.jpg","contentUrl":"https:\/\/staging.forenteforlag.no\/spartacus\/wp-content\/uploads\/sites\/6\/2026\/02\/9788243011670.jpg","width":720,"height":1094},{"@type":"BreadcrumbList","@id":"https:\/\/staging.forenteforlag.no\/spartacus\/produkt\/i-skyggen-mellom-traerne-2\/#breadcrumb","itemListElement":[{"@type":"ListItem","position":1,"name":"Hjem","item":"https:\/\/staging.forenteforlag.no\/spartacus\/"},{"@type":"ListItem","position":2,"name":"Alle b\u00f8ker","item":"https:\/\/staging.forenteforlag.no\/spartacus\/butikk\/"},{"@type":"ListItem","position":3,"name":"I skyggen mellom tr\u00e6rne"}]},{"@type":"WebSite","@id":"https:\/\/staging.forenteforlag.no\/spartacus\/#website","url":"https:\/\/staging.forenteforlag.no\/spartacus\/","name":"Spartacus forlag","description":"","publisher":{"@id":"https:\/\/staging.forenteforlag.no\/spartacus\/#organization"},"potentialAction":[{"@type":"SearchAction","target":{"@type":"EntryPoint","urlTemplate":"https:\/\/staging.forenteforlag.no\/spartacus\/?s={search_term_string}"},"query-input":{"@type":"PropertyValueSpecification","valueRequired":true,"valueName":"search_term_string"}}],"inLanguage":"nb-NO"},{"@type":"Organization","@id":"https:\/\/staging.forenteforlag.no\/spartacus\/#organization","name":"Spartacus forlag","url":"https:\/\/staging.forenteforlag.no\/spartacus\/","logo":{"@type":"ImageObject","inLanguage":"nb-NO","@id":"https:\/\/staging.forenteforlag.no\/spartacus\/#\/schema\/logo\/image\/","url":"https:\/\/staging.forenteforlag.no\/spartacus\/wp-content\/uploads\/sites\/6\/2024\/09\/Spartacus_logo.svg","contentUrl":"https:\/\/staging.forenteforlag.no\/spartacus\/wp-content\/uploads\/sites\/6\/2024\/09\/Spartacus_logo.svg","width":100,"height":100,"caption":"Spartacus forlag"},"image":{"@id":"https:\/\/staging.forenteforlag.no\/spartacus\/#\/schema\/logo\/image\/"},"sameAs":["https:\/\/www.facebook.com\/SpartacusForlag"]}]}},"_links":{"self":[{"href":"https:\/\/staging.forenteforlag.no\/spartacus\/wp-json\/wp\/v2\/product\/22472","targetHints":{"allow":["GET"]}}],"collection":[{"href":"https:\/\/staging.forenteforlag.no\/spartacus\/wp-json\/wp\/v2\/product"}],"about":[{"href":"https:\/\/staging.forenteforlag.no\/spartacus\/wp-json\/wp\/v2\/types\/product"}],"wp:featuredmedia":[{"embeddable":true,"href":"https:\/\/staging.forenteforlag.no\/spartacus\/wp-json\/wp\/v2\/media\/26546"}],"wp:attachment":[{"href":"https:\/\/staging.forenteforlag.no\/spartacus\/wp-json\/wp\/v2\/media?parent=22472"}],"wp:term":[{"taxonomy":"product_brand","embeddable":true,"href":"https:\/\/staging.forenteforlag.no\/spartacus\/wp-json\/wp\/v2\/product_brand?post=22472"},{"taxonomy":"product_cat","embeddable":true,"href":"https:\/\/staging.forenteforlag.no\/spartacus\/wp-json\/wp\/v2\/product_cat?post=22472"},{"taxonomy":"product_tag","embeddable":true,"href":"https:\/\/staging.forenteforlag.no\/spartacus\/wp-json\/wp\/v2\/product_tag?post=22472"}],"curies":[{"name":"wp","href":"https:\/\/api.w.org\/{rel}","templated":true}]}}