{"id":22464,"date":"2018-10-15T02:00:00","date_gmt":"2018-10-15T00:00:00","guid":{"rendered":"https:\/\/spartacus.forenteforlag.no\/produkt\/blodet-i-arene-2\/"},"modified":"2026-03-04T15:08:53","modified_gmt":"2026-03-04T14:08:53","slug":"blodet-i-arene-2","status":"publish","type":"product","link":"https:\/\/staging.forenteforlag.no\/spartacus\/produkt\/blodet-i-arene-2\/","title":{"rendered":"Blodet i \u00e5rene"},"content":{"rendered":"<p>Amalie Skram stilte tre krav til en forfatters virke: Hun skal vise sannheten, skrive med medf\u00f8lelse, og fors\u00f8ke \u00e5 forst\u00e5. Merete Morken Andersen tar henne p\u00e5 alvor i denne boken. Gjennom fem temaer, frihet, slekt, kj\u00e6rlighet, galskap og d\u00f8d, fletter hun sammen brev, dagb\u00f8ker, romaner og malerier, og skaper en polyfonisk collage, som veksler mellom ulike fortellergrep og fortellerstemmer. Ofte skyver hun Amalie Skram vekk fra scenen, og slipper andre til. Men m\u00e5let er det samme. \u00c5 f\u00e5 verden til \u00e5 tre frem, slik at det skal bli mulig \u00e5 f\u00e5 \u00f8ye p\u00e5 det store bildet.<\/p>\n","protected":false},"excerpt":{"rendered":"<p>Amalie Skram stilte tre krav til en forfatters virke: Hun skal vise sannheten, skrive med medf\u00f8lelse, og fors\u00f8ke \u00e5 forst\u00e5. Merete Morken Andersen tar henne p\u00e5 alvor i denne boken. Gjennom fem temaer, frihet, slekt, kj\u00e6rlighet, galskap og d\u00f8d, fletter hun sammen brev, dagb\u00f8ker, romaner og malerier, og skaper en polyfonisk collage, som veksler mellom [&hellip;]<\/p>\n","protected":false},"featured_media":26418,"template":"","meta":{"_acf_changed":false,"inline_featured_image":false},"product_brand":[],"product_cat":[1786],"product_tag":[394,362,413,439,417],"class_list":{"0":"post-22464","1":"product","2":"type-product","3":"status-publish","4":"has-post-thumbnail","6":"product_cat-rabattkodekampanje","7":"product_tag-1800-tallet","8":"product_tag-faglitteratur","9":"product_tag-forfattere","10":"product_tag-nord-norge","11":"product_tag-selvbiografier","13":"first","14":"instock","15":"shipping-taxable","16":"purchasable","17":"product-type-simple"},"acf":{"anmeldelse":[{"tekst_anmeldelser":"\u00abInntrengende biografi om Amalie Skram (\u2026) etter hvert oppfattet jeg og fikk sans for denne finurlige tekstveven, som fors\u00f8ker \u00e5 fange selve tids\u00e5nden. (\u2026) Nyhistorisme kan man kalle hennes collage-metode. Nyhistorismen er en reaksjon p\u00e5 forestillingen om at et litter\u00e6rt verk kan st\u00e5 alene, og derfor leses uavhengig av dets samtid eller forfatterens person. Likevel dreier det seg hele tiden om \u00e5 forst\u00e5 Skram og b\u00f8kene hennes. Det lykkes, og jeg blir stadig lykkeligere i lesningen!\u00bb","av_anmeldelser":"Henning Howlid W\u00e6rp","terningkast":false,"kilde":"Aftenposten"},{"tekst_anmeldelser":"\u00abI Skram-collagen fremst\u00e5r Amalie frisat fra b\u00e5de kronologi og psykologi, vi trasker ikke i den lige linje fra vugge til grav, og vi opfatter hende ikke som et d\u00f8dt objekt som vi forst\u00e5r til bunds, men som del av et net af relationer. Amalie er fri i teksten, og Morken Andersen p\u00e5tager sig opgaven at vise os hvordan hun relaterer sig til andre, hvilke roller hun spiller. [\u2026] Vi udvider s\u00e5ledes ikke vores forst\u00e5else af Amalie ved at g\u00e5 dybere ind i hende med vores forst\u00f8rrelsesglas, men ved at s\u00e6tte hendes sk\u00e6bne i forbindelse med tidens andre store gale, som Friedrich Nietzsche, August Strindberg og Vincent van Gogh.\u00bb","av_anmeldelser":"Susanne Christensen","terningkast":false,"kilde":"Vagant"},{"tekst_anmeldelser":"\u00abMerete Morken Andersens biograficollage bruker Amalie Skrams liv som et prisme for \u00e5 f\u00e5 fram en hel tids\u00e5nd. (\u2026) Det er mennesket Amalie, og tiden hun levde i, Andersen har v\u00e6rt interessert i. Og den inng\u00e5ende granskingen, biografens s\u00f8ken etter m\u00f8rke, g\u00e5tefulle skygger, er blitt en bevegende, ja, ofte gripende fortelling om Amalie Skram og hennes tid.\u00bb","av_anmeldelser":"Irene Engelstad","terningkast":false,"kilde":"Klassekampen"}]},"yoast_head":"<!-- This site is optimized with the Yoast SEO plugin v26.6 - https:\/\/yoast.com\/wordpress\/plugins\/seo\/ -->\n<title>Blodet i \u00e5rene - Spartacus<\/title>\n<meta name=\"robots\" content=\"noindex, follow, max-snippet:-1, max-image-preview:large, max-video-preview:-1\" \/>\n<meta property=\"og:locale\" content=\"nb_NO\" \/>\n<meta property=\"og:type\" content=\"article\" \/>\n<meta property=\"og:title\" content=\"Blodet i \u00e5rene - Spartacus\" \/>\n<meta property=\"og:description\" content=\"Amalie Skram stilte tre krav til en forfatters virke: Hun skal vise sannheten, skrive med medf\u00f8lelse, og fors\u00f8ke \u00e5 forst\u00e5. Merete Morken Andersen tar henne p\u00e5 alvor i denne boken. Gjennom fem temaer, frihet, slekt, kj\u00e6rlighet, galskap og d\u00f8d, fletter hun sammen brev, dagb\u00f8ker, romaner og malerier, og skaper en polyfonisk collage, som veksler mellom [&hellip;]\" \/>\n<meta property=\"og:url\" content=\"https:\/\/staging.forenteforlag.no\/spartacus\/produkt\/blodet-i-arene-2\/\" \/>\n<meta property=\"og:site_name\" content=\"Spartacus\" \/>\n<meta property=\"article:publisher\" content=\"https:\/\/www.facebook.com\/SpartacusForlag\" \/>\n<meta property=\"article:modified_time\" content=\"2026-03-04T14:08:53+00:00\" \/>\n<meta property=\"og:image\" content=\"https:\/\/staging.forenteforlag.no\/spartacus\/wp-content\/uploads\/sites\/6\/2026\/02\/9788243009103.jpg\" \/>\n\t<meta property=\"og:image:width\" content=\"720\" \/>\n\t<meta property=\"og:image:height\" content=\"949\" \/>\n\t<meta property=\"og:image:type\" content=\"image\/jpeg\" \/>\n<meta name=\"twitter:card\" content=\"summary_large_image\" \/>\n<script type=\"application\/ld+json\" class=\"yoast-schema-graph\">{\"@context\":\"https:\/\/schema.org\",\"@graph\":[{\"@type\":\"WebPage\",\"@id\":\"https:\/\/staging.forenteforlag.no\/spartacus\/produkt\/blodet-i-arene-2\/\",\"url\":\"https:\/\/staging.forenteforlag.no\/spartacus\/produkt\/blodet-i-arene-2\/\",\"name\":\"Blodet i \u00e5rene - Spartacus\",\"isPartOf\":{\"@id\":\"https:\/\/staging.forenteforlag.no\/spartacus\/#website\"},\"primaryImageOfPage\":{\"@id\":\"https:\/\/staging.forenteforlag.no\/spartacus\/produkt\/blodet-i-arene-2\/#primaryimage\"},\"image\":{\"@id\":\"https:\/\/staging.forenteforlag.no\/spartacus\/produkt\/blodet-i-arene-2\/#primaryimage\"},\"thumbnailUrl\":\"https:\/\/staging.forenteforlag.no\/spartacus\/wp-content\/uploads\/sites\/6\/2026\/02\/9788243009103.jpg\",\"datePublished\":\"2018-10-15T00:00:00+00:00\",\"dateModified\":\"2026-03-04T14:08:53+00:00\",\"breadcrumb\":{\"@id\":\"https:\/\/staging.forenteforlag.no\/spartacus\/produkt\/blodet-i-arene-2\/#breadcrumb\"},\"inLanguage\":\"nb-NO\",\"potentialAction\":[{\"@type\":\"ReadAction\",\"target\":[\"https:\/\/staging.forenteforlag.no\/spartacus\/produkt\/blodet-i-arene-2\/\"]}]},{\"@type\":\"ImageObject\",\"inLanguage\":\"nb-NO\",\"@id\":\"https:\/\/staging.forenteforlag.no\/spartacus\/produkt\/blodet-i-arene-2\/#primaryimage\",\"url\":\"https:\/\/staging.forenteforlag.no\/spartacus\/wp-content\/uploads\/sites\/6\/2026\/02\/9788243009103.jpg\",\"contentUrl\":\"https:\/\/staging.forenteforlag.no\/spartacus\/wp-content\/uploads\/sites\/6\/2026\/02\/9788243009103.jpg\",\"width\":720,\"height\":949},{\"@type\":\"BreadcrumbList\",\"@id\":\"https:\/\/staging.forenteforlag.no\/spartacus\/produkt\/blodet-i-arene-2\/#breadcrumb\",\"itemListElement\":[{\"@type\":\"ListItem\",\"position\":1,\"name\":\"Hjem\",\"item\":\"https:\/\/staging.forenteforlag.no\/spartacus\/\"},{\"@type\":\"ListItem\",\"position\":2,\"name\":\"Alle b\u00f8ker\",\"item\":\"https:\/\/staging.forenteforlag.no\/spartacus\/butikk\/\"},{\"@type\":\"ListItem\",\"position\":3,\"name\":\"Blodet i \u00e5rene\"}]},{\"@type\":\"WebSite\",\"@id\":\"https:\/\/staging.forenteforlag.no\/spartacus\/#website\",\"url\":\"https:\/\/staging.forenteforlag.no\/spartacus\/\",\"name\":\"Spartacus forlag\",\"description\":\"\",\"publisher\":{\"@id\":\"https:\/\/staging.forenteforlag.no\/spartacus\/#organization\"},\"potentialAction\":[{\"@type\":\"SearchAction\",\"target\":{\"@type\":\"EntryPoint\",\"urlTemplate\":\"https:\/\/staging.forenteforlag.no\/spartacus\/?s={search_term_string}\"},\"query-input\":{\"@type\":\"PropertyValueSpecification\",\"valueRequired\":true,\"valueName\":\"search_term_string\"}}],\"inLanguage\":\"nb-NO\"},{\"@type\":\"Organization\",\"@id\":\"https:\/\/staging.forenteforlag.no\/spartacus\/#organization\",\"name\":\"Spartacus forlag\",\"url\":\"https:\/\/staging.forenteforlag.no\/spartacus\/\",\"logo\":{\"@type\":\"ImageObject\",\"inLanguage\":\"nb-NO\",\"@id\":\"https:\/\/staging.forenteforlag.no\/spartacus\/#\/schema\/logo\/image\/\",\"url\":\"https:\/\/staging.forenteforlag.no\/spartacus\/wp-content\/uploads\/sites\/6\/2024\/09\/Spartacus_logo.svg\",\"contentUrl\":\"https:\/\/staging.forenteforlag.no\/spartacus\/wp-content\/uploads\/sites\/6\/2024\/09\/Spartacus_logo.svg\",\"width\":100,\"height\":100,\"caption\":\"Spartacus forlag\"},\"image\":{\"@id\":\"https:\/\/staging.forenteforlag.no\/spartacus\/#\/schema\/logo\/image\/\"},\"sameAs\":[\"https:\/\/www.facebook.com\/SpartacusForlag\"]}]}<\/script>\n<!-- \/ Yoast SEO plugin. -->","yoast_head_json":{"title":"Blodet i \u00e5rene - Spartacus","robots":{"index":"noindex","follow":"follow","max-snippet":"max-snippet:-1","max-image-preview":"max-image-preview:large","max-video-preview":"max-video-preview:-1"},"og_locale":"nb_NO","og_type":"article","og_title":"Blodet i \u00e5rene - Spartacus","og_description":"Amalie Skram stilte tre krav til en forfatters virke: Hun skal vise sannheten, skrive med medf\u00f8lelse, og fors\u00f8ke \u00e5 forst\u00e5. Merete Morken Andersen tar henne p\u00e5 alvor i denne boken. Gjennom fem temaer, frihet, slekt, kj\u00e6rlighet, galskap og d\u00f8d, fletter hun sammen brev, dagb\u00f8ker, romaner og malerier, og skaper en polyfonisk collage, som veksler mellom [&hellip;]","og_url":"https:\/\/staging.forenteforlag.no\/spartacus\/produkt\/blodet-i-arene-2\/","og_site_name":"Spartacus","article_publisher":"https:\/\/www.facebook.com\/SpartacusForlag","article_modified_time":"2026-03-04T14:08:53+00:00","og_image":[{"width":720,"height":949,"url":"https:\/\/staging.forenteforlag.no\/spartacus\/wp-content\/uploads\/sites\/6\/2026\/02\/9788243009103.jpg","type":"image\/jpeg"}],"twitter_card":"summary_large_image","schema":{"@context":"https:\/\/schema.org","@graph":[{"@type":"WebPage","@id":"https:\/\/staging.forenteforlag.no\/spartacus\/produkt\/blodet-i-arene-2\/","url":"https:\/\/staging.forenteforlag.no\/spartacus\/produkt\/blodet-i-arene-2\/","name":"Blodet i \u00e5rene - Spartacus","isPartOf":{"@id":"https:\/\/staging.forenteforlag.no\/spartacus\/#website"},"primaryImageOfPage":{"@id":"https:\/\/staging.forenteforlag.no\/spartacus\/produkt\/blodet-i-arene-2\/#primaryimage"},"image":{"@id":"https:\/\/staging.forenteforlag.no\/spartacus\/produkt\/blodet-i-arene-2\/#primaryimage"},"thumbnailUrl":"https:\/\/staging.forenteforlag.no\/spartacus\/wp-content\/uploads\/sites\/6\/2026\/02\/9788243009103.jpg","datePublished":"2018-10-15T00:00:00+00:00","dateModified":"2026-03-04T14:08:53+00:00","breadcrumb":{"@id":"https:\/\/staging.forenteforlag.no\/spartacus\/produkt\/blodet-i-arene-2\/#breadcrumb"},"inLanguage":"nb-NO","potentialAction":[{"@type":"ReadAction","target":["https:\/\/staging.forenteforlag.no\/spartacus\/produkt\/blodet-i-arene-2\/"]}]},{"@type":"ImageObject","inLanguage":"nb-NO","@id":"https:\/\/staging.forenteforlag.no\/spartacus\/produkt\/blodet-i-arene-2\/#primaryimage","url":"https:\/\/staging.forenteforlag.no\/spartacus\/wp-content\/uploads\/sites\/6\/2026\/02\/9788243009103.jpg","contentUrl":"https:\/\/staging.forenteforlag.no\/spartacus\/wp-content\/uploads\/sites\/6\/2026\/02\/9788243009103.jpg","width":720,"height":949},{"@type":"BreadcrumbList","@id":"https:\/\/staging.forenteforlag.no\/spartacus\/produkt\/blodet-i-arene-2\/#breadcrumb","itemListElement":[{"@type":"ListItem","position":1,"name":"Hjem","item":"https:\/\/staging.forenteforlag.no\/spartacus\/"},{"@type":"ListItem","position":2,"name":"Alle b\u00f8ker","item":"https:\/\/staging.forenteforlag.no\/spartacus\/butikk\/"},{"@type":"ListItem","position":3,"name":"Blodet i \u00e5rene"}]},{"@type":"WebSite","@id":"https:\/\/staging.forenteforlag.no\/spartacus\/#website","url":"https:\/\/staging.forenteforlag.no\/spartacus\/","name":"Spartacus forlag","description":"","publisher":{"@id":"https:\/\/staging.forenteforlag.no\/spartacus\/#organization"},"potentialAction":[{"@type":"SearchAction","target":{"@type":"EntryPoint","urlTemplate":"https:\/\/staging.forenteforlag.no\/spartacus\/?s={search_term_string}"},"query-input":{"@type":"PropertyValueSpecification","valueRequired":true,"valueName":"search_term_string"}}],"inLanguage":"nb-NO"},{"@type":"Organization","@id":"https:\/\/staging.forenteforlag.no\/spartacus\/#organization","name":"Spartacus forlag","url":"https:\/\/staging.forenteforlag.no\/spartacus\/","logo":{"@type":"ImageObject","inLanguage":"nb-NO","@id":"https:\/\/staging.forenteforlag.no\/spartacus\/#\/schema\/logo\/image\/","url":"https:\/\/staging.forenteforlag.no\/spartacus\/wp-content\/uploads\/sites\/6\/2024\/09\/Spartacus_logo.svg","contentUrl":"https:\/\/staging.forenteforlag.no\/spartacus\/wp-content\/uploads\/sites\/6\/2024\/09\/Spartacus_logo.svg","width":100,"height":100,"caption":"Spartacus forlag"},"image":{"@id":"https:\/\/staging.forenteforlag.no\/spartacus\/#\/schema\/logo\/image\/"},"sameAs":["https:\/\/www.facebook.com\/SpartacusForlag"]}]}},"_links":{"self":[{"href":"https:\/\/staging.forenteforlag.no\/spartacus\/wp-json\/wp\/v2\/product\/22464","targetHints":{"allow":["GET"]}}],"collection":[{"href":"https:\/\/staging.forenteforlag.no\/spartacus\/wp-json\/wp\/v2\/product"}],"about":[{"href":"https:\/\/staging.forenteforlag.no\/spartacus\/wp-json\/wp\/v2\/types\/product"}],"wp:featuredmedia":[{"embeddable":true,"href":"https:\/\/staging.forenteforlag.no\/spartacus\/wp-json\/wp\/v2\/media\/26418"}],"wp:attachment":[{"href":"https:\/\/staging.forenteforlag.no\/spartacus\/wp-json\/wp\/v2\/media?parent=22464"}],"wp:term":[{"taxonomy":"product_brand","embeddable":true,"href":"https:\/\/staging.forenteforlag.no\/spartacus\/wp-json\/wp\/v2\/product_brand?post=22464"},{"taxonomy":"product_cat","embeddable":true,"href":"https:\/\/staging.forenteforlag.no\/spartacus\/wp-json\/wp\/v2\/product_cat?post=22464"},{"taxonomy":"product_tag","embeddable":true,"href":"https:\/\/staging.forenteforlag.no\/spartacus\/wp-json\/wp\/v2\/product_tag?post=22464"}],"curies":[{"name":"wp","href":"https:\/\/api.w.org\/{rel}","templated":true}]}}