{"id":22453,"date":"2019-10-14T02:00:00","date_gmt":"2019-10-14T00:00:00","guid":{"rendered":"https:\/\/spartacus.forenteforlag.no\/produkt\/opp-av-asken-3\/"},"modified":"2026-03-04T15:22:16","modified_gmt":"2026-03-04T14:22:16","slug":"opp-av-asken-3","status":"publish","type":"product","link":"https:\/\/staging.forenteforlag.no\/spartacus\/produkt\/opp-av-asken-3\/","title":{"rendered":"Opp av asken"},"content":{"rendered":"<p>Jared Diamonds bruk av historie, geografi, biologi og antropologi har tegnet de helt store bildene av menneskesamfunnenes utvikling. Med \u00abV\u00e5pen, pest &amp; st\u00e5l\u00bb og \u00abKollaps\u00bb endret han v\u00e5r forst\u00e5else av hvorfor sivilisasjoner blomstrer eller g\u00e5r under. I \u00abOpp av asken\u00bb legger han til en psykologisk dimensjon: Kan nasjoner m\u00f8te kriser p\u00e5 nesten samme m\u00e5te som mennesker takler traumer?<\/p>\n<p>Diamond sammenligner hvordan seks land har overlevd dramatiske omveltninger. Japans tvungne \u00e5pning mot Vesten i 1853, Finlands vinterkrig mot Sovjetunionen, Chiles og Indonesias brutale statskupp og de store transformasjonene til Tyskland og Australia etter krigen. Disse krisene var h\u00f8yst forskjellige, men landene taklet dem ved \u00e5 innta nye nasjonale identiteter. Gjennom erkjennelse av ansvar, smertefull selvvurdering og ved \u00e5 gj\u00f8re selektive forandringer gjorde de krisene om til vendepunkter i sin historie.<\/p>\n<p>I bokas siste del tar Diamond for seg det han mener er de mest akutte truslene mot USA, Japan og resten av verden. Demokratiene er under press, atomtrusselen reell, og vi g\u00e5r inn i en tid preget av klimaendringer og ressursmangel. Er det v\u00e5r evne til \u00e5 l\u00e6re av fortiden som kan redde oss alle?<\/p>\n","protected":false},"excerpt":{"rendered":"<p>Jared Diamonds bruk av historie, geografi, biologi og antropologi har tegnet de helt store bildene av menneskesamfunnenes utvikling. Med \u00abV\u00e5pen, pest &amp; st\u00e5l\u00bb og \u00abKollaps\u00bb endret han v\u00e5r forst\u00e5else av hvorfor sivilisasjoner blomstrer eller g\u00e5r under. I \u00abOpp av asken\u00bb legger han til en psykologisk dimensjon: Kan nasjoner m\u00f8te kriser p\u00e5 nesten samme m\u00e5te som [&hellip;]<\/p>\n","protected":false},"featured_media":26590,"template":"","meta":{"_acf_changed":false,"inline_featured_image":false},"product_brand":[],"product_cat":[1786],"product_tag":[607,362,555,667,392],"class_list":{"0":"post-22453","1":"product","2":"type-product","3":"status-publish","4":"has-post-thumbnail","6":"product_cat-rabattkodekampanje","7":"product_tag-bedriftshistorie","8":"product_tag-faglitteratur","9":"product_tag-internasjonal-politikk","10":"product_tag-krisehandtering","11":"product_tag-samfunnsanalyse","13":"first","14":"instock","15":"shipping-taxable","16":"purchasable","17":"product-type-simple"},"acf":{"anmeldelse":[{"tekst_anmeldelser":"\u00abUpheaval er spennende, l\u00e6rerik og morsom lesning.\u00bb","av_anmeldelser":"Erik Tunstad","terningkast":false,"kilde":"Klassekampen"},{"tekst_anmeldelser":"\u00abDiamond forblir en storartet historieforteller. Som over gjennomsnittlig historieinteressert ble jeg overrasket over mine egne kunnskapshull. Samtidig er det viktig \u00e5 forst\u00e5 at dette er Diamonds selektive historiefortelling. \u2026 Diamond \u00f8nsker \u00e5 st\u00e5 igjen i historien med en fortolkning som kan hjelpe verden fremover.\u00bb","av_anmeldelser":"Andrew P. Kroglund","terningkast":false,"kilde":"Dagsavisen"}]},"yoast_head":"<!-- This site is optimized with the Yoast SEO plugin v26.6 - https:\/\/yoast.com\/wordpress\/plugins\/seo\/ -->\n<title>Opp av asken - Spartacus<\/title>\n<meta name=\"robots\" content=\"noindex, follow, max-snippet:-1, max-image-preview:large, max-video-preview:-1\" \/>\n<meta property=\"og:locale\" content=\"nb_NO\" \/>\n<meta property=\"og:type\" content=\"article\" \/>\n<meta property=\"og:title\" content=\"Opp av asken - Spartacus\" \/>\n<meta property=\"og:description\" content=\"Jared Diamonds bruk av historie, geografi, biologi og antropologi har tegnet de helt store bildene av menneskesamfunnenes utvikling. Med \u00abV\u00e5pen, pest &amp; st\u00e5l\u00bb og \u00abKollaps\u00bb endret han v\u00e5r forst\u00e5else av hvorfor sivilisasjoner blomstrer eller g\u00e5r under. I \u00abOpp av asken\u00bb legger han til en psykologisk dimensjon: Kan nasjoner m\u00f8te kriser p\u00e5 nesten samme m\u00e5te som [&hellip;]\" \/>\n<meta property=\"og:url\" content=\"https:\/\/staging.forenteforlag.no\/spartacus\/produkt\/opp-av-asken-3\/\" \/>\n<meta property=\"og:site_name\" content=\"Spartacus\" \/>\n<meta property=\"article:publisher\" content=\"https:\/\/www.facebook.com\/SpartacusForlag\" \/>\n<meta property=\"article:modified_time\" content=\"2026-03-04T14:22:16+00:00\" \/>\n<meta property=\"og:image\" content=\"https:\/\/staging.forenteforlag.no\/spartacus\/wp-content\/uploads\/sites\/6\/2026\/02\/9788243012417.jpg\" \/>\n\t<meta property=\"og:image:width\" content=\"720\" \/>\n\t<meta property=\"og:image:height\" content=\"1092\" \/>\n\t<meta property=\"og:image:type\" content=\"image\/jpeg\" \/>\n<meta name=\"twitter:card\" content=\"summary_large_image\" \/>\n<meta name=\"twitter:label1\" content=\"Ansl. lesetid\" \/>\n\t<meta name=\"twitter:data1\" content=\"1 minutt\" \/>\n<script type=\"application\/ld+json\" class=\"yoast-schema-graph\">{\"@context\":\"https:\/\/schema.org\",\"@graph\":[{\"@type\":\"WebPage\",\"@id\":\"https:\/\/staging.forenteforlag.no\/spartacus\/produkt\/opp-av-asken-3\/\",\"url\":\"https:\/\/staging.forenteforlag.no\/spartacus\/produkt\/opp-av-asken-3\/\",\"name\":\"Opp av asken - Spartacus\",\"isPartOf\":{\"@id\":\"https:\/\/staging.forenteforlag.no\/spartacus\/#website\"},\"primaryImageOfPage\":{\"@id\":\"https:\/\/staging.forenteforlag.no\/spartacus\/produkt\/opp-av-asken-3\/#primaryimage\"},\"image\":{\"@id\":\"https:\/\/staging.forenteforlag.no\/spartacus\/produkt\/opp-av-asken-3\/#primaryimage\"},\"thumbnailUrl\":\"https:\/\/staging.forenteforlag.no\/spartacus\/wp-content\/uploads\/sites\/6\/2026\/02\/9788243012417.jpg\",\"datePublished\":\"2019-10-14T00:00:00+00:00\",\"dateModified\":\"2026-03-04T14:22:16+00:00\",\"breadcrumb\":{\"@id\":\"https:\/\/staging.forenteforlag.no\/spartacus\/produkt\/opp-av-asken-3\/#breadcrumb\"},\"inLanguage\":\"nb-NO\",\"potentialAction\":[{\"@type\":\"ReadAction\",\"target\":[\"https:\/\/staging.forenteforlag.no\/spartacus\/produkt\/opp-av-asken-3\/\"]}]},{\"@type\":\"ImageObject\",\"inLanguage\":\"nb-NO\",\"@id\":\"https:\/\/staging.forenteforlag.no\/spartacus\/produkt\/opp-av-asken-3\/#primaryimage\",\"url\":\"https:\/\/staging.forenteforlag.no\/spartacus\/wp-content\/uploads\/sites\/6\/2026\/02\/9788243012417.jpg\",\"contentUrl\":\"https:\/\/staging.forenteforlag.no\/spartacus\/wp-content\/uploads\/sites\/6\/2026\/02\/9788243012417.jpg\",\"width\":720,\"height\":1092},{\"@type\":\"BreadcrumbList\",\"@id\":\"https:\/\/staging.forenteforlag.no\/spartacus\/produkt\/opp-av-asken-3\/#breadcrumb\",\"itemListElement\":[{\"@type\":\"ListItem\",\"position\":1,\"name\":\"Hjem\",\"item\":\"https:\/\/staging.forenteforlag.no\/spartacus\/\"},{\"@type\":\"ListItem\",\"position\":2,\"name\":\"Alle b\u00f8ker\",\"item\":\"https:\/\/staging.forenteforlag.no\/spartacus\/butikk\/\"},{\"@type\":\"ListItem\",\"position\":3,\"name\":\"Opp av asken\"}]},{\"@type\":\"WebSite\",\"@id\":\"https:\/\/staging.forenteforlag.no\/spartacus\/#website\",\"url\":\"https:\/\/staging.forenteforlag.no\/spartacus\/\",\"name\":\"Spartacus forlag\",\"description\":\"\",\"publisher\":{\"@id\":\"https:\/\/staging.forenteforlag.no\/spartacus\/#organization\"},\"potentialAction\":[{\"@type\":\"SearchAction\",\"target\":{\"@type\":\"EntryPoint\",\"urlTemplate\":\"https:\/\/staging.forenteforlag.no\/spartacus\/?s={search_term_string}\"},\"query-input\":{\"@type\":\"PropertyValueSpecification\",\"valueRequired\":true,\"valueName\":\"search_term_string\"}}],\"inLanguage\":\"nb-NO\"},{\"@type\":\"Organization\",\"@id\":\"https:\/\/staging.forenteforlag.no\/spartacus\/#organization\",\"name\":\"Spartacus forlag\",\"url\":\"https:\/\/staging.forenteforlag.no\/spartacus\/\",\"logo\":{\"@type\":\"ImageObject\",\"inLanguage\":\"nb-NO\",\"@id\":\"https:\/\/staging.forenteforlag.no\/spartacus\/#\/schema\/logo\/image\/\",\"url\":\"https:\/\/staging.forenteforlag.no\/spartacus\/wp-content\/uploads\/sites\/6\/2024\/09\/Spartacus_logo.svg\",\"contentUrl\":\"https:\/\/staging.forenteforlag.no\/spartacus\/wp-content\/uploads\/sites\/6\/2024\/09\/Spartacus_logo.svg\",\"width\":100,\"height\":100,\"caption\":\"Spartacus forlag\"},\"image\":{\"@id\":\"https:\/\/staging.forenteforlag.no\/spartacus\/#\/schema\/logo\/image\/\"},\"sameAs\":[\"https:\/\/www.facebook.com\/SpartacusForlag\"]}]}<\/script>\n<!-- \/ Yoast SEO plugin. -->","yoast_head_json":{"title":"Opp av asken - Spartacus","robots":{"index":"noindex","follow":"follow","max-snippet":"max-snippet:-1","max-image-preview":"max-image-preview:large","max-video-preview":"max-video-preview:-1"},"og_locale":"nb_NO","og_type":"article","og_title":"Opp av asken - Spartacus","og_description":"Jared Diamonds bruk av historie, geografi, biologi og antropologi har tegnet de helt store bildene av menneskesamfunnenes utvikling. Med \u00abV\u00e5pen, pest &amp; st\u00e5l\u00bb og \u00abKollaps\u00bb endret han v\u00e5r forst\u00e5else av hvorfor sivilisasjoner blomstrer eller g\u00e5r under. I \u00abOpp av asken\u00bb legger han til en psykologisk dimensjon: Kan nasjoner m\u00f8te kriser p\u00e5 nesten samme m\u00e5te som [&hellip;]","og_url":"https:\/\/staging.forenteforlag.no\/spartacus\/produkt\/opp-av-asken-3\/","og_site_name":"Spartacus","article_publisher":"https:\/\/www.facebook.com\/SpartacusForlag","article_modified_time":"2026-03-04T14:22:16+00:00","og_image":[{"width":720,"height":1092,"url":"https:\/\/staging.forenteforlag.no\/spartacus\/wp-content\/uploads\/sites\/6\/2026\/02\/9788243012417.jpg","type":"image\/jpeg"}],"twitter_card":"summary_large_image","twitter_misc":{"Ansl. lesetid":"1 minutt"},"schema":{"@context":"https:\/\/schema.org","@graph":[{"@type":"WebPage","@id":"https:\/\/staging.forenteforlag.no\/spartacus\/produkt\/opp-av-asken-3\/","url":"https:\/\/staging.forenteforlag.no\/spartacus\/produkt\/opp-av-asken-3\/","name":"Opp av asken - Spartacus","isPartOf":{"@id":"https:\/\/staging.forenteforlag.no\/spartacus\/#website"},"primaryImageOfPage":{"@id":"https:\/\/staging.forenteforlag.no\/spartacus\/produkt\/opp-av-asken-3\/#primaryimage"},"image":{"@id":"https:\/\/staging.forenteforlag.no\/spartacus\/produkt\/opp-av-asken-3\/#primaryimage"},"thumbnailUrl":"https:\/\/staging.forenteforlag.no\/spartacus\/wp-content\/uploads\/sites\/6\/2026\/02\/9788243012417.jpg","datePublished":"2019-10-14T00:00:00+00:00","dateModified":"2026-03-04T14:22:16+00:00","breadcrumb":{"@id":"https:\/\/staging.forenteforlag.no\/spartacus\/produkt\/opp-av-asken-3\/#breadcrumb"},"inLanguage":"nb-NO","potentialAction":[{"@type":"ReadAction","target":["https:\/\/staging.forenteforlag.no\/spartacus\/produkt\/opp-av-asken-3\/"]}]},{"@type":"ImageObject","inLanguage":"nb-NO","@id":"https:\/\/staging.forenteforlag.no\/spartacus\/produkt\/opp-av-asken-3\/#primaryimage","url":"https:\/\/staging.forenteforlag.no\/spartacus\/wp-content\/uploads\/sites\/6\/2026\/02\/9788243012417.jpg","contentUrl":"https:\/\/staging.forenteforlag.no\/spartacus\/wp-content\/uploads\/sites\/6\/2026\/02\/9788243012417.jpg","width":720,"height":1092},{"@type":"BreadcrumbList","@id":"https:\/\/staging.forenteforlag.no\/spartacus\/produkt\/opp-av-asken-3\/#breadcrumb","itemListElement":[{"@type":"ListItem","position":1,"name":"Hjem","item":"https:\/\/staging.forenteforlag.no\/spartacus\/"},{"@type":"ListItem","position":2,"name":"Alle b\u00f8ker","item":"https:\/\/staging.forenteforlag.no\/spartacus\/butikk\/"},{"@type":"ListItem","position":3,"name":"Opp av asken"}]},{"@type":"WebSite","@id":"https:\/\/staging.forenteforlag.no\/spartacus\/#website","url":"https:\/\/staging.forenteforlag.no\/spartacus\/","name":"Spartacus forlag","description":"","publisher":{"@id":"https:\/\/staging.forenteforlag.no\/spartacus\/#organization"},"potentialAction":[{"@type":"SearchAction","target":{"@type":"EntryPoint","urlTemplate":"https:\/\/staging.forenteforlag.no\/spartacus\/?s={search_term_string}"},"query-input":{"@type":"PropertyValueSpecification","valueRequired":true,"valueName":"search_term_string"}}],"inLanguage":"nb-NO"},{"@type":"Organization","@id":"https:\/\/staging.forenteforlag.no\/spartacus\/#organization","name":"Spartacus forlag","url":"https:\/\/staging.forenteforlag.no\/spartacus\/","logo":{"@type":"ImageObject","inLanguage":"nb-NO","@id":"https:\/\/staging.forenteforlag.no\/spartacus\/#\/schema\/logo\/image\/","url":"https:\/\/staging.forenteforlag.no\/spartacus\/wp-content\/uploads\/sites\/6\/2024\/09\/Spartacus_logo.svg","contentUrl":"https:\/\/staging.forenteforlag.no\/spartacus\/wp-content\/uploads\/sites\/6\/2024\/09\/Spartacus_logo.svg","width":100,"height":100,"caption":"Spartacus forlag"},"image":{"@id":"https:\/\/staging.forenteforlag.no\/spartacus\/#\/schema\/logo\/image\/"},"sameAs":["https:\/\/www.facebook.com\/SpartacusForlag"]}]}},"_links":{"self":[{"href":"https:\/\/staging.forenteforlag.no\/spartacus\/wp-json\/wp\/v2\/product\/22453","targetHints":{"allow":["GET"]}}],"collection":[{"href":"https:\/\/staging.forenteforlag.no\/spartacus\/wp-json\/wp\/v2\/product"}],"about":[{"href":"https:\/\/staging.forenteforlag.no\/spartacus\/wp-json\/wp\/v2\/types\/product"}],"wp:featuredmedia":[{"embeddable":true,"href":"https:\/\/staging.forenteforlag.no\/spartacus\/wp-json\/wp\/v2\/media\/26590"}],"wp:attachment":[{"href":"https:\/\/staging.forenteforlag.no\/spartacus\/wp-json\/wp\/v2\/media?parent=22453"}],"wp:term":[{"taxonomy":"product_brand","embeddable":true,"href":"https:\/\/staging.forenteforlag.no\/spartacus\/wp-json\/wp\/v2\/product_brand?post=22453"},{"taxonomy":"product_cat","embeddable":true,"href":"https:\/\/staging.forenteforlag.no\/spartacus\/wp-json\/wp\/v2\/product_cat?post=22453"},{"taxonomy":"product_tag","embeddable":true,"href":"https:\/\/staging.forenteforlag.no\/spartacus\/wp-json\/wp\/v2\/product_tag?post=22453"}],"curies":[{"name":"wp","href":"https:\/\/api.w.org\/{rel}","templated":true}]}}