{"id":22434,"date":"2017-08-21T02:00:00","date_gmt":"2017-08-21T00:00:00","guid":{"rendered":"https:\/\/spartacus.forenteforlag.no\/produkt\/historien-om-leonardo-da-vinci-2\/"},"modified":"2026-03-04T15:17:08","modified_gmt":"2026-03-04T14:17:08","slug":"historien-om-leonardo-da-vinci-2","status":"publish","type":"product","link":"https:\/\/staging.forenteforlag.no\/spartacus\/produkt\/historien-om-leonardo-da-vinci-2\/","title":{"rendered":"Historien om Leonardo da Vinci"},"content":{"rendered":"<p>Leonardo da Vinci er kanskje det st\u00f8rste geniet som har levd. Han har laget verdens mest ber\u00f8mte maleri. Leonardo tegnet og skrev notatb\u00f8kene sine i kode. Han gjorde oppfinnelser som ville ha fungert hvis de hadde blitt konstruert. Blant annet fikk han ideene til et helikopter, fallskjermen, dykkeutstyr og en enkel robot. <\/p>\n<p>Han var en mann som var nysgjerrig p\u00e5 alt. Enten det var naturen, menneskets kropp, maskiner, b\u00f8lgene, eller p\u00e5 hvordan fugler kan fly. Sp\u00f8rsm\u00e5lene han stadig stilte var: Hvordan fungerer alle ting? Hvordan henger alt i verden sammen? <\/p>\n<p>Samtidig vet vi ikke mye om ham som person. Livet hans er fullt av mysterier. Hvorfor ble han aldri gift? Finnes det hemmelige symboler og tegn i maleriene hans? Hvem sto modell til Mona Lisa? Denne boka pr\u00f8ver \u00e5 si litt mer om hvem dette geniet var.<\/p>\n","protected":false},"excerpt":{"rendered":"<p>Leonardo da Vinci er kanskje det st\u00f8rste geniet som har levd. Han har laget verdens mest ber\u00f8mte maleri. Leonardo tegnet og skrev notatb\u00f8kene sine i kode. Han gjorde oppfinnelser som ville ha fungert hvis de hadde blitt konstruert. Blant annet fikk han ideene til et helikopter, fallskjermen, dykkeutstyr og en enkel robot. Han var en [&hellip;]<\/p>\n","protected":false},"featured_media":26523,"template":"","meta":{"_acf_changed":false,"inline_featured_image":false},"product_brand":[],"product_cat":[1786],"product_tag":[1088,362,1265,650,471,417],"class_list":{"0":"post-22434","1":"product","2":"type-product","3":"status-publish","4":"has-post-thumbnail","6":"product_cat-rabattkodekampanje","7":"product_tag-1400-tallet","8":"product_tag-faglitteratur","9":"product_tag-forskere","10":"product_tag-italia","11":"product_tag-malere","12":"product_tag-selvbiografier","14":"first","15":"instock","16":"shipping-taxable","17":"purchasable","18":"product-type-simple"},"acf":{"anmeldelse":[{"tekst_anmeldelser":"\u00ab[Han] er en anekdote- og historieforteller av rang, mens han spinner lange linjer som gir mening. Reinert kan kanskje settes litt i samme b\u00e5s som de avd\u00f8de herrer Frank Aarebrot og Per Fugelli, begge med store samfunns- og historiekunnskaper, og ogs\u00e5 de med en ekte fortellerglede. \u2026 Det jeg liker hos Reinert, er at han drar de lange historiske linjer, helt tilbake til renessansen. \u2026 Reinert fremst\u00e5r som s\u00e5 god historieforteller at jeg glemmer at han er utdannet \u00f8konom. Derfor vinner historiefortelleren, etter min mening, nye sjeler for sitt prosjekt. Vi blir beriket p\u00e5 flere felt. Og det er derfor Global \u00d8konomi har lang levetid.\u00bb","av_anmeldelser":"Andrew P. Kroglund","terningkast":false,"kilde":"Prosa"}]},"yoast_head":"<!-- This site is optimized with the Yoast SEO plugin v26.6 - https:\/\/yoast.com\/wordpress\/plugins\/seo\/ -->\n<title>Historien om Leonardo da Vinci - Spartacus<\/title>\n<meta name=\"robots\" content=\"noindex, follow, max-snippet:-1, max-image-preview:large, max-video-preview:-1\" \/>\n<meta property=\"og:locale\" content=\"nb_NO\" \/>\n<meta property=\"og:type\" content=\"article\" \/>\n<meta property=\"og:title\" content=\"Historien om Leonardo da Vinci - Spartacus\" \/>\n<meta property=\"og:description\" content=\"Leonardo da Vinci er kanskje det st\u00f8rste geniet som har levd. Han har laget verdens mest ber\u00f8mte maleri. Leonardo tegnet og skrev notatb\u00f8kene sine i kode. Han gjorde oppfinnelser som ville ha fungert hvis de hadde blitt konstruert. Blant annet fikk han ideene til et helikopter, fallskjermen, dykkeutstyr og en enkel robot. Han var en [&hellip;]\" \/>\n<meta property=\"og:url\" content=\"https:\/\/staging.forenteforlag.no\/spartacus\/produkt\/historien-om-leonardo-da-vinci-2\/\" \/>\n<meta property=\"og:site_name\" content=\"Spartacus\" \/>\n<meta property=\"article:publisher\" content=\"https:\/\/www.facebook.com\/SpartacusForlag\" \/>\n<meta property=\"article:modified_time\" content=\"2026-03-04T14:17:08+00:00\" \/>\n<meta property=\"og:image\" content=\"https:\/\/staging.forenteforlag.no\/spartacus\/wp-content\/uploads\/sites\/6\/2026\/02\/9788243011205.jpg\" \/>\n\t<meta property=\"og:image:width\" content=\"720\" \/>\n\t<meta property=\"og:image:height\" content=\"1124\" \/>\n\t<meta property=\"og:image:type\" content=\"image\/jpeg\" \/>\n<meta name=\"twitter:card\" content=\"summary_large_image\" \/>\n<meta name=\"twitter:label1\" content=\"Ansl. lesetid\" \/>\n\t<meta name=\"twitter:data1\" content=\"1 minutt\" \/>\n<script type=\"application\/ld+json\" class=\"yoast-schema-graph\">{\"@context\":\"https:\/\/schema.org\",\"@graph\":[{\"@type\":\"WebPage\",\"@id\":\"https:\/\/staging.forenteforlag.no\/spartacus\/produkt\/historien-om-leonardo-da-vinci-2\/\",\"url\":\"https:\/\/staging.forenteforlag.no\/spartacus\/produkt\/historien-om-leonardo-da-vinci-2\/\",\"name\":\"Historien om Leonardo da Vinci - Spartacus\",\"isPartOf\":{\"@id\":\"https:\/\/staging.forenteforlag.no\/spartacus\/#website\"},\"primaryImageOfPage\":{\"@id\":\"https:\/\/staging.forenteforlag.no\/spartacus\/produkt\/historien-om-leonardo-da-vinci-2\/#primaryimage\"},\"image\":{\"@id\":\"https:\/\/staging.forenteforlag.no\/spartacus\/produkt\/historien-om-leonardo-da-vinci-2\/#primaryimage\"},\"thumbnailUrl\":\"https:\/\/staging.forenteforlag.no\/spartacus\/wp-content\/uploads\/sites\/6\/2026\/02\/9788243011205.jpg\",\"datePublished\":\"2017-08-21T00:00:00+00:00\",\"dateModified\":\"2026-03-04T14:17:08+00:00\",\"breadcrumb\":{\"@id\":\"https:\/\/staging.forenteforlag.no\/spartacus\/produkt\/historien-om-leonardo-da-vinci-2\/#breadcrumb\"},\"inLanguage\":\"nb-NO\",\"potentialAction\":[{\"@type\":\"ReadAction\",\"target\":[\"https:\/\/staging.forenteforlag.no\/spartacus\/produkt\/historien-om-leonardo-da-vinci-2\/\"]}]},{\"@type\":\"ImageObject\",\"inLanguage\":\"nb-NO\",\"@id\":\"https:\/\/staging.forenteforlag.no\/spartacus\/produkt\/historien-om-leonardo-da-vinci-2\/#primaryimage\",\"url\":\"https:\/\/staging.forenteforlag.no\/spartacus\/wp-content\/uploads\/sites\/6\/2026\/02\/9788243011205.jpg\",\"contentUrl\":\"https:\/\/staging.forenteforlag.no\/spartacus\/wp-content\/uploads\/sites\/6\/2026\/02\/9788243011205.jpg\",\"width\":720,\"height\":1124},{\"@type\":\"BreadcrumbList\",\"@id\":\"https:\/\/staging.forenteforlag.no\/spartacus\/produkt\/historien-om-leonardo-da-vinci-2\/#breadcrumb\",\"itemListElement\":[{\"@type\":\"ListItem\",\"position\":1,\"name\":\"Hjem\",\"item\":\"https:\/\/staging.forenteforlag.no\/spartacus\/\"},{\"@type\":\"ListItem\",\"position\":2,\"name\":\"Alle b\u00f8ker\",\"item\":\"https:\/\/staging.forenteforlag.no\/spartacus\/butikk\/\"},{\"@type\":\"ListItem\",\"position\":3,\"name\":\"Historien om Leonardo da Vinci\"}]},{\"@type\":\"WebSite\",\"@id\":\"https:\/\/staging.forenteforlag.no\/spartacus\/#website\",\"url\":\"https:\/\/staging.forenteforlag.no\/spartacus\/\",\"name\":\"Spartacus forlag\",\"description\":\"\",\"publisher\":{\"@id\":\"https:\/\/staging.forenteforlag.no\/spartacus\/#organization\"},\"potentialAction\":[{\"@type\":\"SearchAction\",\"target\":{\"@type\":\"EntryPoint\",\"urlTemplate\":\"https:\/\/staging.forenteforlag.no\/spartacus\/?s={search_term_string}\"},\"query-input\":{\"@type\":\"PropertyValueSpecification\",\"valueRequired\":true,\"valueName\":\"search_term_string\"}}],\"inLanguage\":\"nb-NO\"},{\"@type\":\"Organization\",\"@id\":\"https:\/\/staging.forenteforlag.no\/spartacus\/#organization\",\"name\":\"Spartacus forlag\",\"url\":\"https:\/\/staging.forenteforlag.no\/spartacus\/\",\"logo\":{\"@type\":\"ImageObject\",\"inLanguage\":\"nb-NO\",\"@id\":\"https:\/\/staging.forenteforlag.no\/spartacus\/#\/schema\/logo\/image\/\",\"url\":\"https:\/\/staging.forenteforlag.no\/spartacus\/wp-content\/uploads\/sites\/6\/2024\/09\/Spartacus_logo.svg\",\"contentUrl\":\"https:\/\/staging.forenteforlag.no\/spartacus\/wp-content\/uploads\/sites\/6\/2024\/09\/Spartacus_logo.svg\",\"width\":100,\"height\":100,\"caption\":\"Spartacus forlag\"},\"image\":{\"@id\":\"https:\/\/staging.forenteforlag.no\/spartacus\/#\/schema\/logo\/image\/\"},\"sameAs\":[\"https:\/\/www.facebook.com\/SpartacusForlag\"]}]}<\/script>\n<!-- \/ Yoast SEO plugin. -->","yoast_head_json":{"title":"Historien om Leonardo da Vinci - Spartacus","robots":{"index":"noindex","follow":"follow","max-snippet":"max-snippet:-1","max-image-preview":"max-image-preview:large","max-video-preview":"max-video-preview:-1"},"og_locale":"nb_NO","og_type":"article","og_title":"Historien om Leonardo da Vinci - Spartacus","og_description":"Leonardo da Vinci er kanskje det st\u00f8rste geniet som har levd. Han har laget verdens mest ber\u00f8mte maleri. Leonardo tegnet og skrev notatb\u00f8kene sine i kode. Han gjorde oppfinnelser som ville ha fungert hvis de hadde blitt konstruert. Blant annet fikk han ideene til et helikopter, fallskjermen, dykkeutstyr og en enkel robot. Han var en [&hellip;]","og_url":"https:\/\/staging.forenteforlag.no\/spartacus\/produkt\/historien-om-leonardo-da-vinci-2\/","og_site_name":"Spartacus","article_publisher":"https:\/\/www.facebook.com\/SpartacusForlag","article_modified_time":"2026-03-04T14:17:08+00:00","og_image":[{"width":720,"height":1124,"url":"https:\/\/staging.forenteforlag.no\/spartacus\/wp-content\/uploads\/sites\/6\/2026\/02\/9788243011205.jpg","type":"image\/jpeg"}],"twitter_card":"summary_large_image","twitter_misc":{"Ansl. lesetid":"1 minutt"},"schema":{"@context":"https:\/\/schema.org","@graph":[{"@type":"WebPage","@id":"https:\/\/staging.forenteforlag.no\/spartacus\/produkt\/historien-om-leonardo-da-vinci-2\/","url":"https:\/\/staging.forenteforlag.no\/spartacus\/produkt\/historien-om-leonardo-da-vinci-2\/","name":"Historien om Leonardo da Vinci - Spartacus","isPartOf":{"@id":"https:\/\/staging.forenteforlag.no\/spartacus\/#website"},"primaryImageOfPage":{"@id":"https:\/\/staging.forenteforlag.no\/spartacus\/produkt\/historien-om-leonardo-da-vinci-2\/#primaryimage"},"image":{"@id":"https:\/\/staging.forenteforlag.no\/spartacus\/produkt\/historien-om-leonardo-da-vinci-2\/#primaryimage"},"thumbnailUrl":"https:\/\/staging.forenteforlag.no\/spartacus\/wp-content\/uploads\/sites\/6\/2026\/02\/9788243011205.jpg","datePublished":"2017-08-21T00:00:00+00:00","dateModified":"2026-03-04T14:17:08+00:00","breadcrumb":{"@id":"https:\/\/staging.forenteforlag.no\/spartacus\/produkt\/historien-om-leonardo-da-vinci-2\/#breadcrumb"},"inLanguage":"nb-NO","potentialAction":[{"@type":"ReadAction","target":["https:\/\/staging.forenteforlag.no\/spartacus\/produkt\/historien-om-leonardo-da-vinci-2\/"]}]},{"@type":"ImageObject","inLanguage":"nb-NO","@id":"https:\/\/staging.forenteforlag.no\/spartacus\/produkt\/historien-om-leonardo-da-vinci-2\/#primaryimage","url":"https:\/\/staging.forenteforlag.no\/spartacus\/wp-content\/uploads\/sites\/6\/2026\/02\/9788243011205.jpg","contentUrl":"https:\/\/staging.forenteforlag.no\/spartacus\/wp-content\/uploads\/sites\/6\/2026\/02\/9788243011205.jpg","width":720,"height":1124},{"@type":"BreadcrumbList","@id":"https:\/\/staging.forenteforlag.no\/spartacus\/produkt\/historien-om-leonardo-da-vinci-2\/#breadcrumb","itemListElement":[{"@type":"ListItem","position":1,"name":"Hjem","item":"https:\/\/staging.forenteforlag.no\/spartacus\/"},{"@type":"ListItem","position":2,"name":"Alle b\u00f8ker","item":"https:\/\/staging.forenteforlag.no\/spartacus\/butikk\/"},{"@type":"ListItem","position":3,"name":"Historien om Leonardo da Vinci"}]},{"@type":"WebSite","@id":"https:\/\/staging.forenteforlag.no\/spartacus\/#website","url":"https:\/\/staging.forenteforlag.no\/spartacus\/","name":"Spartacus forlag","description":"","publisher":{"@id":"https:\/\/staging.forenteforlag.no\/spartacus\/#organization"},"potentialAction":[{"@type":"SearchAction","target":{"@type":"EntryPoint","urlTemplate":"https:\/\/staging.forenteforlag.no\/spartacus\/?s={search_term_string}"},"query-input":{"@type":"PropertyValueSpecification","valueRequired":true,"valueName":"search_term_string"}}],"inLanguage":"nb-NO"},{"@type":"Organization","@id":"https:\/\/staging.forenteforlag.no\/spartacus\/#organization","name":"Spartacus forlag","url":"https:\/\/staging.forenteforlag.no\/spartacus\/","logo":{"@type":"ImageObject","inLanguage":"nb-NO","@id":"https:\/\/staging.forenteforlag.no\/spartacus\/#\/schema\/logo\/image\/","url":"https:\/\/staging.forenteforlag.no\/spartacus\/wp-content\/uploads\/sites\/6\/2024\/09\/Spartacus_logo.svg","contentUrl":"https:\/\/staging.forenteforlag.no\/spartacus\/wp-content\/uploads\/sites\/6\/2024\/09\/Spartacus_logo.svg","width":100,"height":100,"caption":"Spartacus forlag"},"image":{"@id":"https:\/\/staging.forenteforlag.no\/spartacus\/#\/schema\/logo\/image\/"},"sameAs":["https:\/\/www.facebook.com\/SpartacusForlag"]}]}},"_links":{"self":[{"href":"https:\/\/staging.forenteforlag.no\/spartacus\/wp-json\/wp\/v2\/product\/22434","targetHints":{"allow":["GET"]}}],"collection":[{"href":"https:\/\/staging.forenteforlag.no\/spartacus\/wp-json\/wp\/v2\/product"}],"about":[{"href":"https:\/\/staging.forenteforlag.no\/spartacus\/wp-json\/wp\/v2\/types\/product"}],"wp:featuredmedia":[{"embeddable":true,"href":"https:\/\/staging.forenteforlag.no\/spartacus\/wp-json\/wp\/v2\/media\/26523"}],"wp:attachment":[{"href":"https:\/\/staging.forenteforlag.no\/spartacus\/wp-json\/wp\/v2\/media?parent=22434"}],"wp:term":[{"taxonomy":"product_brand","embeddable":true,"href":"https:\/\/staging.forenteforlag.no\/spartacus\/wp-json\/wp\/v2\/product_brand?post=22434"},{"taxonomy":"product_cat","embeddable":true,"href":"https:\/\/staging.forenteforlag.no\/spartacus\/wp-json\/wp\/v2\/product_cat?post=22434"},{"taxonomy":"product_tag","embeddable":true,"href":"https:\/\/staging.forenteforlag.no\/spartacus\/wp-json\/wp\/v2\/product_tag?post=22434"}],"curies":[{"name":"wp","href":"https:\/\/api.w.org\/{rel}","templated":true}]}}