{"id":22427,"date":"2016-08-18T02:00:00","date_gmt":"2016-08-18T00:00:00","guid":{"rendered":"https:\/\/spartacus.forenteforlag.no\/produkt\/jomfruen-fra-norge\/"},"modified":"2026-03-04T15:12:17","modified_gmt":"2026-03-04T14:12:17","slug":"jomfruen-fra-norge","status":"publish","type":"product","link":"https:\/\/staging.forenteforlag.no\/spartacus\/produkt\/jomfruen-fra-norge\/","title":{"rendered":"Jomfruen fra Norge"},"content":{"rendered":"<p>Jomfruen fra Norge tar for seg selve skjebnetimen for det norske kongedynastiet i middelalderen. <\/p>\n<p>Tidlig p\u00e5 h\u00f8sten 1302 m\u00f8ttes en norsk konge og en svensk hertug p\u00e5 en holme i G\u00f6ta \u00e4lv. Der inngikk de en krigsallianse. For \u00e5 besegle forbundet, lovet kongen bort sin ett \u00e5r gamle datter. Han visste ikke at han samtidig la kongerikets skjebne p\u00e5 hennes sm\u00e5 skuldre. <\/p>\n<p>Jomfruen fra Norge tar for seg selve skjebnetimen for det norske kongedynastiet i middelalderen. Da H\u00e5kon 5. arvet kongsmakten ved inngangen til det urolige 1300-tallet, var han Nordens mektigste mann. Under ham n\u00e5dde det norske riket sitt kulturelle og politiske h\u00f8ydepunkt. Men gjennom datterens forlovelse med den b\u00e5de ridderlige og hensynsl\u00f8se hertug Erik av Sverige, ble han dratt inn i et maktspill som skulle f\u00e5 uante konsekvenser for Norges historie. <\/p>\n<p>I likhet med debutboka Alv Erlingsson er dette en bredt anlagt historiebok om en lite kjent epoke i v\u00e5r historie. Tore Skeie skildrer et intenst forhold mellom to sterke og sv\u00e6rt forskjellige menn, som hver p\u00e5 sin m\u00e5te definerte sin tid. Boka viser fram en tapt verden av riddere, trubadurer, slott og jomfruer, men ogs\u00e5 et n\u00e5del\u00f8st samfunn med skruppell\u00f8se maktmennesker, krigstog og leiesoldater. Og et politisk system der ekteskap mellom barn kunne avgj\u00f8re kongerikers framtid. <\/p>\n<p>\u00abSverige har sin Peter Englund. Hans norske motstykke heter Tore Skeie.\u00bb  VG <\/p>\n<p>\u00abAldri har den norske middelalderen v\u00e6rt beskrevet mer levende. \u00bb Stavanger Aftenblad@ <\/p>\n<p>\u00abTore Skeie har med \u00abJomfruen av Norge\u00bb l\u00f8ftet norsk historieskrivning opp p\u00e5 et nytt litter\u00e6rt niv\u00e5. \u00bb Bergens Tidende<\/p>\n","protected":false},"excerpt":{"rendered":"<p>Jomfruen fra Norge tar for seg selve skjebnetimen for det norske kongedynastiet i middelalderen. Tidlig p\u00e5 h\u00f8sten 1302 m\u00f8ttes en norsk konge og en svensk hertug p\u00e5 en holme i G\u00f6ta \u00e4lv. Der inngikk de en krigsallianse. For \u00e5 besegle forbundet, lovet kongen bort sin ett \u00e5r gamle datter. Han visste ikke at han samtidig [&hellip;]<\/p>\n","protected":false},"featured_media":26471,"template":"","meta":{"_acf_changed":false,"inline_featured_image":false},"product_brand":[],"product_cat":[1786],"product_tag":[607,362,789,366,439,547],"class_list":{"0":"post-22427","1":"product","2":"type-product","3":"status-publish","4":"has-post-thumbnail","6":"product_cat-rabattkodekampanje","7":"product_tag-bedriftshistorie","8":"product_tag-faglitteratur","9":"product_tag-hoymiddelalderen","10":"product_tag-kongelige","11":"product_tag-nord-norge","12":"product_tag-sverige","14":"first","15":"outofstock","16":"shipping-taxable","17":"purchasable","18":"product-type-simple"},"acf":{"anmeldelse":null},"yoast_head":"<!-- This site is optimized with the Yoast SEO plugin v26.6 - https:\/\/yoast.com\/wordpress\/plugins\/seo\/ -->\n<title>Jomfruen fra Norge - Spartacus<\/title>\n<meta name=\"robots\" content=\"noindex, follow, max-snippet:-1, max-image-preview:large, max-video-preview:-1\" \/>\n<meta property=\"og:locale\" content=\"nb_NO\" \/>\n<meta property=\"og:type\" content=\"article\" \/>\n<meta property=\"og:title\" content=\"Jomfruen fra Norge - Spartacus\" \/>\n<meta property=\"og:description\" content=\"Jomfruen fra Norge tar for seg selve skjebnetimen for det norske kongedynastiet i middelalderen. Tidlig p\u00e5 h\u00f8sten 1302 m\u00f8ttes en norsk konge og en svensk hertug p\u00e5 en holme i G\u00f6ta \u00e4lv. Der inngikk de en krigsallianse. For \u00e5 besegle forbundet, lovet kongen bort sin ett \u00e5r gamle datter. Han visste ikke at han samtidig [&hellip;]\" \/>\n<meta property=\"og:url\" content=\"https:\/\/staging.forenteforlag.no\/spartacus\/produkt\/jomfruen-fra-norge\/\" \/>\n<meta property=\"og:site_name\" content=\"Spartacus\" \/>\n<meta property=\"article:publisher\" content=\"https:\/\/www.facebook.com\/SpartacusForlag\" \/>\n<meta property=\"article:modified_time\" content=\"2026-03-04T14:12:17+00:00\" \/>\n<meta property=\"og:image\" content=\"https:\/\/staging.forenteforlag.no\/spartacus\/wp-content\/uploads\/sites\/6\/2026\/02\/9788243010321.jpg\" \/>\n\t<meta property=\"og:image:width\" content=\"720\" \/>\n\t<meta property=\"og:image:height\" content=\"1120\" \/>\n\t<meta property=\"og:image:type\" content=\"image\/jpeg\" \/>\n<meta name=\"twitter:card\" content=\"summary_large_image\" \/>\n<meta name=\"twitter:label1\" content=\"Ansl. lesetid\" \/>\n\t<meta name=\"twitter:data1\" content=\"1 minutt\" \/>\n<script type=\"application\/ld+json\" class=\"yoast-schema-graph\">{\"@context\":\"https:\/\/schema.org\",\"@graph\":[{\"@type\":\"WebPage\",\"@id\":\"https:\/\/staging.forenteforlag.no\/spartacus\/produkt\/jomfruen-fra-norge\/\",\"url\":\"https:\/\/staging.forenteforlag.no\/spartacus\/produkt\/jomfruen-fra-norge\/\",\"name\":\"Jomfruen fra Norge - Spartacus\",\"isPartOf\":{\"@id\":\"https:\/\/staging.forenteforlag.no\/spartacus\/#website\"},\"primaryImageOfPage\":{\"@id\":\"https:\/\/staging.forenteforlag.no\/spartacus\/produkt\/jomfruen-fra-norge\/#primaryimage\"},\"image\":{\"@id\":\"https:\/\/staging.forenteforlag.no\/spartacus\/produkt\/jomfruen-fra-norge\/#primaryimage\"},\"thumbnailUrl\":\"https:\/\/staging.forenteforlag.no\/spartacus\/wp-content\/uploads\/sites\/6\/2026\/02\/9788243010321.jpg\",\"datePublished\":\"2016-08-18T00:00:00+00:00\",\"dateModified\":\"2026-03-04T14:12:17+00:00\",\"breadcrumb\":{\"@id\":\"https:\/\/staging.forenteforlag.no\/spartacus\/produkt\/jomfruen-fra-norge\/#breadcrumb\"},\"inLanguage\":\"nb-NO\",\"potentialAction\":[{\"@type\":\"ReadAction\",\"target\":[\"https:\/\/staging.forenteforlag.no\/spartacus\/produkt\/jomfruen-fra-norge\/\"]}]},{\"@type\":\"ImageObject\",\"inLanguage\":\"nb-NO\",\"@id\":\"https:\/\/staging.forenteforlag.no\/spartacus\/produkt\/jomfruen-fra-norge\/#primaryimage\",\"url\":\"https:\/\/staging.forenteforlag.no\/spartacus\/wp-content\/uploads\/sites\/6\/2026\/02\/9788243010321.jpg\",\"contentUrl\":\"https:\/\/staging.forenteforlag.no\/spartacus\/wp-content\/uploads\/sites\/6\/2026\/02\/9788243010321.jpg\",\"width\":720,\"height\":1120},{\"@type\":\"BreadcrumbList\",\"@id\":\"https:\/\/staging.forenteforlag.no\/spartacus\/produkt\/jomfruen-fra-norge\/#breadcrumb\",\"itemListElement\":[{\"@type\":\"ListItem\",\"position\":1,\"name\":\"Hjem\",\"item\":\"https:\/\/staging.forenteforlag.no\/spartacus\/\"},{\"@type\":\"ListItem\",\"position\":2,\"name\":\"Alle b\u00f8ker\",\"item\":\"https:\/\/staging.forenteforlag.no\/spartacus\/butikk\/\"},{\"@type\":\"ListItem\",\"position\":3,\"name\":\"Jomfruen fra Norge\"}]},{\"@type\":\"WebSite\",\"@id\":\"https:\/\/staging.forenteforlag.no\/spartacus\/#website\",\"url\":\"https:\/\/staging.forenteforlag.no\/spartacus\/\",\"name\":\"Spartacus forlag\",\"description\":\"\",\"publisher\":{\"@id\":\"https:\/\/staging.forenteforlag.no\/spartacus\/#organization\"},\"potentialAction\":[{\"@type\":\"SearchAction\",\"target\":{\"@type\":\"EntryPoint\",\"urlTemplate\":\"https:\/\/staging.forenteforlag.no\/spartacus\/?s={search_term_string}\"},\"query-input\":{\"@type\":\"PropertyValueSpecification\",\"valueRequired\":true,\"valueName\":\"search_term_string\"}}],\"inLanguage\":\"nb-NO\"},{\"@type\":\"Organization\",\"@id\":\"https:\/\/staging.forenteforlag.no\/spartacus\/#organization\",\"name\":\"Spartacus forlag\",\"url\":\"https:\/\/staging.forenteforlag.no\/spartacus\/\",\"logo\":{\"@type\":\"ImageObject\",\"inLanguage\":\"nb-NO\",\"@id\":\"https:\/\/staging.forenteforlag.no\/spartacus\/#\/schema\/logo\/image\/\",\"url\":\"https:\/\/staging.forenteforlag.no\/spartacus\/wp-content\/uploads\/sites\/6\/2024\/09\/Spartacus_logo.svg\",\"contentUrl\":\"https:\/\/staging.forenteforlag.no\/spartacus\/wp-content\/uploads\/sites\/6\/2024\/09\/Spartacus_logo.svg\",\"width\":100,\"height\":100,\"caption\":\"Spartacus forlag\"},\"image\":{\"@id\":\"https:\/\/staging.forenteforlag.no\/spartacus\/#\/schema\/logo\/image\/\"},\"sameAs\":[\"https:\/\/www.facebook.com\/SpartacusForlag\"]}]}<\/script>\n<!-- \/ Yoast SEO plugin. -->","yoast_head_json":{"title":"Jomfruen fra Norge - Spartacus","robots":{"index":"noindex","follow":"follow","max-snippet":"max-snippet:-1","max-image-preview":"max-image-preview:large","max-video-preview":"max-video-preview:-1"},"og_locale":"nb_NO","og_type":"article","og_title":"Jomfruen fra Norge - Spartacus","og_description":"Jomfruen fra Norge tar for seg selve skjebnetimen for det norske kongedynastiet i middelalderen. Tidlig p\u00e5 h\u00f8sten 1302 m\u00f8ttes en norsk konge og en svensk hertug p\u00e5 en holme i G\u00f6ta \u00e4lv. Der inngikk de en krigsallianse. For \u00e5 besegle forbundet, lovet kongen bort sin ett \u00e5r gamle datter. Han visste ikke at han samtidig [&hellip;]","og_url":"https:\/\/staging.forenteforlag.no\/spartacus\/produkt\/jomfruen-fra-norge\/","og_site_name":"Spartacus","article_publisher":"https:\/\/www.facebook.com\/SpartacusForlag","article_modified_time":"2026-03-04T14:12:17+00:00","og_image":[{"width":720,"height":1120,"url":"https:\/\/staging.forenteforlag.no\/spartacus\/wp-content\/uploads\/sites\/6\/2026\/02\/9788243010321.jpg","type":"image\/jpeg"}],"twitter_card":"summary_large_image","twitter_misc":{"Ansl. lesetid":"1 minutt"},"schema":{"@context":"https:\/\/schema.org","@graph":[{"@type":"WebPage","@id":"https:\/\/staging.forenteforlag.no\/spartacus\/produkt\/jomfruen-fra-norge\/","url":"https:\/\/staging.forenteforlag.no\/spartacus\/produkt\/jomfruen-fra-norge\/","name":"Jomfruen fra Norge - Spartacus","isPartOf":{"@id":"https:\/\/staging.forenteforlag.no\/spartacus\/#website"},"primaryImageOfPage":{"@id":"https:\/\/staging.forenteforlag.no\/spartacus\/produkt\/jomfruen-fra-norge\/#primaryimage"},"image":{"@id":"https:\/\/staging.forenteforlag.no\/spartacus\/produkt\/jomfruen-fra-norge\/#primaryimage"},"thumbnailUrl":"https:\/\/staging.forenteforlag.no\/spartacus\/wp-content\/uploads\/sites\/6\/2026\/02\/9788243010321.jpg","datePublished":"2016-08-18T00:00:00+00:00","dateModified":"2026-03-04T14:12:17+00:00","breadcrumb":{"@id":"https:\/\/staging.forenteforlag.no\/spartacus\/produkt\/jomfruen-fra-norge\/#breadcrumb"},"inLanguage":"nb-NO","potentialAction":[{"@type":"ReadAction","target":["https:\/\/staging.forenteforlag.no\/spartacus\/produkt\/jomfruen-fra-norge\/"]}]},{"@type":"ImageObject","inLanguage":"nb-NO","@id":"https:\/\/staging.forenteforlag.no\/spartacus\/produkt\/jomfruen-fra-norge\/#primaryimage","url":"https:\/\/staging.forenteforlag.no\/spartacus\/wp-content\/uploads\/sites\/6\/2026\/02\/9788243010321.jpg","contentUrl":"https:\/\/staging.forenteforlag.no\/spartacus\/wp-content\/uploads\/sites\/6\/2026\/02\/9788243010321.jpg","width":720,"height":1120},{"@type":"BreadcrumbList","@id":"https:\/\/staging.forenteforlag.no\/spartacus\/produkt\/jomfruen-fra-norge\/#breadcrumb","itemListElement":[{"@type":"ListItem","position":1,"name":"Hjem","item":"https:\/\/staging.forenteforlag.no\/spartacus\/"},{"@type":"ListItem","position":2,"name":"Alle b\u00f8ker","item":"https:\/\/staging.forenteforlag.no\/spartacus\/butikk\/"},{"@type":"ListItem","position":3,"name":"Jomfruen fra Norge"}]},{"@type":"WebSite","@id":"https:\/\/staging.forenteforlag.no\/spartacus\/#website","url":"https:\/\/staging.forenteforlag.no\/spartacus\/","name":"Spartacus forlag","description":"","publisher":{"@id":"https:\/\/staging.forenteforlag.no\/spartacus\/#organization"},"potentialAction":[{"@type":"SearchAction","target":{"@type":"EntryPoint","urlTemplate":"https:\/\/staging.forenteforlag.no\/spartacus\/?s={search_term_string}"},"query-input":{"@type":"PropertyValueSpecification","valueRequired":true,"valueName":"search_term_string"}}],"inLanguage":"nb-NO"},{"@type":"Organization","@id":"https:\/\/staging.forenteforlag.no\/spartacus\/#organization","name":"Spartacus forlag","url":"https:\/\/staging.forenteforlag.no\/spartacus\/","logo":{"@type":"ImageObject","inLanguage":"nb-NO","@id":"https:\/\/staging.forenteforlag.no\/spartacus\/#\/schema\/logo\/image\/","url":"https:\/\/staging.forenteforlag.no\/spartacus\/wp-content\/uploads\/sites\/6\/2024\/09\/Spartacus_logo.svg","contentUrl":"https:\/\/staging.forenteforlag.no\/spartacus\/wp-content\/uploads\/sites\/6\/2024\/09\/Spartacus_logo.svg","width":100,"height":100,"caption":"Spartacus forlag"},"image":{"@id":"https:\/\/staging.forenteforlag.no\/spartacus\/#\/schema\/logo\/image\/"},"sameAs":["https:\/\/www.facebook.com\/SpartacusForlag"]}]}},"_links":{"self":[{"href":"https:\/\/staging.forenteforlag.no\/spartacus\/wp-json\/wp\/v2\/product\/22427","targetHints":{"allow":["GET"]}}],"collection":[{"href":"https:\/\/staging.forenteforlag.no\/spartacus\/wp-json\/wp\/v2\/product"}],"about":[{"href":"https:\/\/staging.forenteforlag.no\/spartacus\/wp-json\/wp\/v2\/types\/product"}],"wp:featuredmedia":[{"embeddable":true,"href":"https:\/\/staging.forenteforlag.no\/spartacus\/wp-json\/wp\/v2\/media\/26471"}],"wp:attachment":[{"href":"https:\/\/staging.forenteforlag.no\/spartacus\/wp-json\/wp\/v2\/media?parent=22427"}],"wp:term":[{"taxonomy":"product_brand","embeddable":true,"href":"https:\/\/staging.forenteforlag.no\/spartacus\/wp-json\/wp\/v2\/product_brand?post=22427"},{"taxonomy":"product_cat","embeddable":true,"href":"https:\/\/staging.forenteforlag.no\/spartacus\/wp-json\/wp\/v2\/product_cat?post=22427"},{"taxonomy":"product_tag","embeddable":true,"href":"https:\/\/staging.forenteforlag.no\/spartacus\/wp-json\/wp\/v2\/product_tag?post=22427"}],"curies":[{"name":"wp","href":"https:\/\/api.w.org\/{rel}","templated":true}]}}