{"id":22390,"date":"2019-02-27T01:00:00","date_gmt":"2019-02-27T00:00:00","guid":{"rendered":"https:\/\/spartacus.forenteforlag.no\/produkt\/selvforsvar-mot-kreft-2\/"},"modified":"2026-03-03T19:25:17","modified_gmt":"2026-03-03T18:25:17","slug":"selvforsvar-mot-kreft-2","status":"publish","type":"product","link":"https:\/\/staging.forenteforlag.no\/spartacus\/produkt\/selvforsvar-mot-kreft-2\/","title":{"rendered":"Selvforsvar mot kreft"},"content":{"rendered":"<p>Sommeren 2016 sitter fastlegen \u00d8yvind Torp p\u00e5 kontoret og ser p\u00e5 sitt eget MR-bilde. Ute p\u00e5 gangen venter nye pasienter, men han klarer ikke samle tankene. MR-bildet viser kreftsvulster. Med ett blir legen pasient. Overlevelsesinstinktet v\u00e5kner: Finnes det noe han kan gj\u00f8re for \u00e5 bedre sjansene sine n\u00e5r uflaksen f\u00f8rst har rammet?  <br \/>Etter operasjoner og unders\u00f8kelser, smerte og morfin v\u00e5kner kroppen sakte til liv, og viljen til \u00e5 kjempe tilbake vokser. I forskningen finner han en rekke sm\u00e5 og store tiltak som hver for seg og til sammen kan ha effekt mot kreft, i tillegg til den medisinske behandlingen han mottar. Et \u00e5r etter operasjonene st\u00e5r han p\u00e5 startstreken i Berlin maraton. Det er glede og lettelse i hvert steg.  <br \/>I denne boka gir han praktiske tips og r\u00e5d til deg som er kreftsyk eller \u00f8nsker \u00e5 gj\u00f8re det du kan for \u00e5 holde deg frisk.<\/p>\n","protected":false},"excerpt":{"rendered":"<p>Sommeren 2016 sitter fastlegen \u00d8yvind Torp p\u00e5 kontoret og ser p\u00e5 sitt eget MR-bilde. Ute p\u00e5 gangen venter nye pasienter, men han klarer ikke samle tankene. MR-bildet viser kreftsvulster. Med ett blir legen pasient. Overlevelsesinstinktet v\u00e5kner: Finnes det noe han kan gj\u00f8re for \u00e5 bedre sjansene sine n\u00e5r uflaksen f\u00f8rst har rammet? Etter operasjoner og [&hellip;]<\/p>\n","protected":false},"featured_media":26577,"template":"","meta":{"_acf_changed":false,"inline_featured_image":false},"product_brand":[],"product_cat":[1786],"product_tag":[362],"class_list":{"0":"post-22390","1":"product","2":"type-product","3":"status-publish","4":"has-post-thumbnail","6":"product_cat-rabattkodekampanje","7":"product_tag-faglitteratur","9":"first","10":"instock","11":"shipping-taxable","12":"purchasable","13":"product-type-simple"},"acf":{"anmeldelse":[{"tekst_anmeldelser":"\u00abBoka er skrevet for allmennmarkedet, men det er liten tvil om at leger og andre fagfolk vil ha stort utbytte av \u00e5 lese den... \u00d8yvind Torp har gjort det norske samfunnet en stor tjeneste med \u00e5 skrive denne engasjerende boka. L\u00f8p og kj\u00f8p \u2013 \u00e9n til deg selv og \u00e9n til legen din!\u00bb","av_anmeldelser":"","terningkast":false,"kilde":"Helsemagasinet"}]},"yoast_head":"<!-- This site is optimized with the Yoast SEO plugin v26.6 - https:\/\/yoast.com\/wordpress\/plugins\/seo\/ -->\n<title>Selvforsvar mot kreft - Spartacus<\/title>\n<meta name=\"robots\" content=\"noindex, follow, max-snippet:-1, max-image-preview:large, max-video-preview:-1\" \/>\n<meta property=\"og:locale\" content=\"nb_NO\" \/>\n<meta property=\"og:type\" content=\"article\" \/>\n<meta property=\"og:title\" content=\"Selvforsvar mot kreft - Spartacus\" \/>\n<meta property=\"og:description\" content=\"Sommeren 2016 sitter fastlegen \u00d8yvind Torp p\u00e5 kontoret og ser p\u00e5 sitt eget MR-bilde. Ute p\u00e5 gangen venter nye pasienter, men han klarer ikke samle tankene. MR-bildet viser kreftsvulster. Med ett blir legen pasient. Overlevelsesinstinktet v\u00e5kner: Finnes det noe han kan gj\u00f8re for \u00e5 bedre sjansene sine n\u00e5r uflaksen f\u00f8rst har rammet? Etter operasjoner og [&hellip;]\" \/>\n<meta property=\"og:url\" content=\"https:\/\/staging.forenteforlag.no\/spartacus\/produkt\/selvforsvar-mot-kreft-2\/\" \/>\n<meta property=\"og:site_name\" content=\"Spartacus\" \/>\n<meta property=\"article:publisher\" content=\"https:\/\/www.facebook.com\/SpartacusForlag\" \/>\n<meta property=\"article:modified_time\" content=\"2026-03-03T18:25:17+00:00\" \/>\n<meta property=\"og:image\" content=\"https:\/\/staging.forenteforlag.no\/spartacus\/wp-content\/uploads\/sites\/6\/2026\/02\/9788243012158.jpg\" \/>\n\t<meta property=\"og:image:width\" content=\"720\" \/>\n\t<meta property=\"og:image:height\" content=\"1133\" \/>\n\t<meta property=\"og:image:type\" content=\"image\/jpeg\" \/>\n<meta name=\"twitter:card\" content=\"summary_large_image\" \/>\n<meta name=\"twitter:label1\" content=\"Ansl. lesetid\" \/>\n\t<meta name=\"twitter:data1\" content=\"1 minutt\" \/>\n<script type=\"application\/ld+json\" class=\"yoast-schema-graph\">{\"@context\":\"https:\/\/schema.org\",\"@graph\":[{\"@type\":\"WebPage\",\"@id\":\"https:\/\/staging.forenteforlag.no\/spartacus\/produkt\/selvforsvar-mot-kreft-2\/\",\"url\":\"https:\/\/staging.forenteforlag.no\/spartacus\/produkt\/selvforsvar-mot-kreft-2\/\",\"name\":\"Selvforsvar mot kreft - Spartacus\",\"isPartOf\":{\"@id\":\"https:\/\/staging.forenteforlag.no\/spartacus\/#website\"},\"primaryImageOfPage\":{\"@id\":\"https:\/\/staging.forenteforlag.no\/spartacus\/produkt\/selvforsvar-mot-kreft-2\/#primaryimage\"},\"image\":{\"@id\":\"https:\/\/staging.forenteforlag.no\/spartacus\/produkt\/selvforsvar-mot-kreft-2\/#primaryimage\"},\"thumbnailUrl\":\"https:\/\/staging.forenteforlag.no\/spartacus\/wp-content\/uploads\/sites\/6\/2026\/02\/9788243012158.jpg\",\"datePublished\":\"2019-02-27T00:00:00+00:00\",\"dateModified\":\"2026-03-03T18:25:17+00:00\",\"breadcrumb\":{\"@id\":\"https:\/\/staging.forenteforlag.no\/spartacus\/produkt\/selvforsvar-mot-kreft-2\/#breadcrumb\"},\"inLanguage\":\"nb-NO\",\"potentialAction\":[{\"@type\":\"ReadAction\",\"target\":[\"https:\/\/staging.forenteforlag.no\/spartacus\/produkt\/selvforsvar-mot-kreft-2\/\"]}]},{\"@type\":\"ImageObject\",\"inLanguage\":\"nb-NO\",\"@id\":\"https:\/\/staging.forenteforlag.no\/spartacus\/produkt\/selvforsvar-mot-kreft-2\/#primaryimage\",\"url\":\"https:\/\/staging.forenteforlag.no\/spartacus\/wp-content\/uploads\/sites\/6\/2026\/02\/9788243012158.jpg\",\"contentUrl\":\"https:\/\/staging.forenteforlag.no\/spartacus\/wp-content\/uploads\/sites\/6\/2026\/02\/9788243012158.jpg\",\"width\":720,\"height\":1133},{\"@type\":\"BreadcrumbList\",\"@id\":\"https:\/\/staging.forenteforlag.no\/spartacus\/produkt\/selvforsvar-mot-kreft-2\/#breadcrumb\",\"itemListElement\":[{\"@type\":\"ListItem\",\"position\":1,\"name\":\"Hjem\",\"item\":\"https:\/\/staging.forenteforlag.no\/spartacus\/\"},{\"@type\":\"ListItem\",\"position\":2,\"name\":\"Alle b\u00f8ker\",\"item\":\"https:\/\/staging.forenteforlag.no\/spartacus\/butikk\/\"},{\"@type\":\"ListItem\",\"position\":3,\"name\":\"Selvforsvar mot kreft\"}]},{\"@type\":\"WebSite\",\"@id\":\"https:\/\/staging.forenteforlag.no\/spartacus\/#website\",\"url\":\"https:\/\/staging.forenteforlag.no\/spartacus\/\",\"name\":\"Spartacus forlag\",\"description\":\"\",\"publisher\":{\"@id\":\"https:\/\/staging.forenteforlag.no\/spartacus\/#organization\"},\"potentialAction\":[{\"@type\":\"SearchAction\",\"target\":{\"@type\":\"EntryPoint\",\"urlTemplate\":\"https:\/\/staging.forenteforlag.no\/spartacus\/?s={search_term_string}\"},\"query-input\":{\"@type\":\"PropertyValueSpecification\",\"valueRequired\":true,\"valueName\":\"search_term_string\"}}],\"inLanguage\":\"nb-NO\"},{\"@type\":\"Organization\",\"@id\":\"https:\/\/staging.forenteforlag.no\/spartacus\/#organization\",\"name\":\"Spartacus forlag\",\"url\":\"https:\/\/staging.forenteforlag.no\/spartacus\/\",\"logo\":{\"@type\":\"ImageObject\",\"inLanguage\":\"nb-NO\",\"@id\":\"https:\/\/staging.forenteforlag.no\/spartacus\/#\/schema\/logo\/image\/\",\"url\":\"https:\/\/staging.forenteforlag.no\/spartacus\/wp-content\/uploads\/sites\/6\/2024\/09\/Spartacus_logo.svg\",\"contentUrl\":\"https:\/\/staging.forenteforlag.no\/spartacus\/wp-content\/uploads\/sites\/6\/2024\/09\/Spartacus_logo.svg\",\"width\":100,\"height\":100,\"caption\":\"Spartacus forlag\"},\"image\":{\"@id\":\"https:\/\/staging.forenteforlag.no\/spartacus\/#\/schema\/logo\/image\/\"},\"sameAs\":[\"https:\/\/www.facebook.com\/SpartacusForlag\"]}]}<\/script>\n<!-- \/ Yoast SEO plugin. -->","yoast_head_json":{"title":"Selvforsvar mot kreft - Spartacus","robots":{"index":"noindex","follow":"follow","max-snippet":"max-snippet:-1","max-image-preview":"max-image-preview:large","max-video-preview":"max-video-preview:-1"},"og_locale":"nb_NO","og_type":"article","og_title":"Selvforsvar mot kreft - Spartacus","og_description":"Sommeren 2016 sitter fastlegen \u00d8yvind Torp p\u00e5 kontoret og ser p\u00e5 sitt eget MR-bilde. Ute p\u00e5 gangen venter nye pasienter, men han klarer ikke samle tankene. MR-bildet viser kreftsvulster. Med ett blir legen pasient. Overlevelsesinstinktet v\u00e5kner: Finnes det noe han kan gj\u00f8re for \u00e5 bedre sjansene sine n\u00e5r uflaksen f\u00f8rst har rammet? Etter operasjoner og [&hellip;]","og_url":"https:\/\/staging.forenteforlag.no\/spartacus\/produkt\/selvforsvar-mot-kreft-2\/","og_site_name":"Spartacus","article_publisher":"https:\/\/www.facebook.com\/SpartacusForlag","article_modified_time":"2026-03-03T18:25:17+00:00","og_image":[{"width":720,"height":1133,"url":"https:\/\/staging.forenteforlag.no\/spartacus\/wp-content\/uploads\/sites\/6\/2026\/02\/9788243012158.jpg","type":"image\/jpeg"}],"twitter_card":"summary_large_image","twitter_misc":{"Ansl. lesetid":"1 minutt"},"schema":{"@context":"https:\/\/schema.org","@graph":[{"@type":"WebPage","@id":"https:\/\/staging.forenteforlag.no\/spartacus\/produkt\/selvforsvar-mot-kreft-2\/","url":"https:\/\/staging.forenteforlag.no\/spartacus\/produkt\/selvforsvar-mot-kreft-2\/","name":"Selvforsvar mot kreft - Spartacus","isPartOf":{"@id":"https:\/\/staging.forenteforlag.no\/spartacus\/#website"},"primaryImageOfPage":{"@id":"https:\/\/staging.forenteforlag.no\/spartacus\/produkt\/selvforsvar-mot-kreft-2\/#primaryimage"},"image":{"@id":"https:\/\/staging.forenteforlag.no\/spartacus\/produkt\/selvforsvar-mot-kreft-2\/#primaryimage"},"thumbnailUrl":"https:\/\/staging.forenteforlag.no\/spartacus\/wp-content\/uploads\/sites\/6\/2026\/02\/9788243012158.jpg","datePublished":"2019-02-27T00:00:00+00:00","dateModified":"2026-03-03T18:25:17+00:00","breadcrumb":{"@id":"https:\/\/staging.forenteforlag.no\/spartacus\/produkt\/selvforsvar-mot-kreft-2\/#breadcrumb"},"inLanguage":"nb-NO","potentialAction":[{"@type":"ReadAction","target":["https:\/\/staging.forenteforlag.no\/spartacus\/produkt\/selvforsvar-mot-kreft-2\/"]}]},{"@type":"ImageObject","inLanguage":"nb-NO","@id":"https:\/\/staging.forenteforlag.no\/spartacus\/produkt\/selvforsvar-mot-kreft-2\/#primaryimage","url":"https:\/\/staging.forenteforlag.no\/spartacus\/wp-content\/uploads\/sites\/6\/2026\/02\/9788243012158.jpg","contentUrl":"https:\/\/staging.forenteforlag.no\/spartacus\/wp-content\/uploads\/sites\/6\/2026\/02\/9788243012158.jpg","width":720,"height":1133},{"@type":"BreadcrumbList","@id":"https:\/\/staging.forenteforlag.no\/spartacus\/produkt\/selvforsvar-mot-kreft-2\/#breadcrumb","itemListElement":[{"@type":"ListItem","position":1,"name":"Hjem","item":"https:\/\/staging.forenteforlag.no\/spartacus\/"},{"@type":"ListItem","position":2,"name":"Alle b\u00f8ker","item":"https:\/\/staging.forenteforlag.no\/spartacus\/butikk\/"},{"@type":"ListItem","position":3,"name":"Selvforsvar mot kreft"}]},{"@type":"WebSite","@id":"https:\/\/staging.forenteforlag.no\/spartacus\/#website","url":"https:\/\/staging.forenteforlag.no\/spartacus\/","name":"Spartacus forlag","description":"","publisher":{"@id":"https:\/\/staging.forenteforlag.no\/spartacus\/#organization"},"potentialAction":[{"@type":"SearchAction","target":{"@type":"EntryPoint","urlTemplate":"https:\/\/staging.forenteforlag.no\/spartacus\/?s={search_term_string}"},"query-input":{"@type":"PropertyValueSpecification","valueRequired":true,"valueName":"search_term_string"}}],"inLanguage":"nb-NO"},{"@type":"Organization","@id":"https:\/\/staging.forenteforlag.no\/spartacus\/#organization","name":"Spartacus forlag","url":"https:\/\/staging.forenteforlag.no\/spartacus\/","logo":{"@type":"ImageObject","inLanguage":"nb-NO","@id":"https:\/\/staging.forenteforlag.no\/spartacus\/#\/schema\/logo\/image\/","url":"https:\/\/staging.forenteforlag.no\/spartacus\/wp-content\/uploads\/sites\/6\/2024\/09\/Spartacus_logo.svg","contentUrl":"https:\/\/staging.forenteforlag.no\/spartacus\/wp-content\/uploads\/sites\/6\/2024\/09\/Spartacus_logo.svg","width":100,"height":100,"caption":"Spartacus forlag"},"image":{"@id":"https:\/\/staging.forenteforlag.no\/spartacus\/#\/schema\/logo\/image\/"},"sameAs":["https:\/\/www.facebook.com\/SpartacusForlag"]}]}},"_links":{"self":[{"href":"https:\/\/staging.forenteforlag.no\/spartacus\/wp-json\/wp\/v2\/product\/22390","targetHints":{"allow":["GET"]}}],"collection":[{"href":"https:\/\/staging.forenteforlag.no\/spartacus\/wp-json\/wp\/v2\/product"}],"about":[{"href":"https:\/\/staging.forenteforlag.no\/spartacus\/wp-json\/wp\/v2\/types\/product"}],"wp:featuredmedia":[{"embeddable":true,"href":"https:\/\/staging.forenteforlag.no\/spartacus\/wp-json\/wp\/v2\/media\/26577"}],"wp:attachment":[{"href":"https:\/\/staging.forenteforlag.no\/spartacus\/wp-json\/wp\/v2\/media?parent=22390"}],"wp:term":[{"taxonomy":"product_brand","embeddable":true,"href":"https:\/\/staging.forenteforlag.no\/spartacus\/wp-json\/wp\/v2\/product_brand?post=22390"},{"taxonomy":"product_cat","embeddable":true,"href":"https:\/\/staging.forenteforlag.no\/spartacus\/wp-json\/wp\/v2\/product_cat?post=22390"},{"taxonomy":"product_tag","embeddable":true,"href":"https:\/\/staging.forenteforlag.no\/spartacus\/wp-json\/wp\/v2\/product_tag?post=22390"}],"curies":[{"name":"wp","href":"https:\/\/api.w.org\/{rel}","templated":true}]}}