{"id":22383,"date":"2019-09-19T02:00:00","date_gmt":"2019-09-19T00:00:00","guid":{"rendered":"https:\/\/spartacus.forenteforlag.no\/produkt\/luftens-tyranner-2\/"},"modified":"2026-03-02T18:12:38","modified_gmt":"2026-03-02T17:12:38","slug":"luftens-tyranner-2","status":"publish","type":"product","link":"https:\/\/staging.forenteforlag.no\/spartacus\/produkt\/luftens-tyranner-2\/","title":{"rendered":"Luftens tyranner"},"content":{"rendered":"<p>Bombeflyenes historie g\u00e5r tilbake til begynnelsen av 1900-tallet. Tanken var at angrepene fra luften ville demoralisere sivilbefolkningen og f\u00f8re til oppr\u00f8r, kaos og regimefall.<\/p>\n<p>Problemet er at det ikke virket p\u00e5 den m\u00e5ten. Tvert imot &#8211; bombingen har snarere styrket samhold og kampmoral. De tyske angrepene p\u00e5 London under andre verdenskrig skapte en voldsom motstandsgiver blant britene. USA tapte Vietnamkrigen trass en nesten ufattelig teppebombing av fienden. Og v\u00e5re dagers bombetokter i Midt\u00f8sten har antakelig skapt flere terrorister enn de har fjernet. Likevel forblir troen p\u00e5 teknologisk luftkrig urokkelig.<\/p>\n<p>I \u00abLuftens tyranner\u00bb m\u00f8ter vi stormannsgale ingeni\u00f8rer, modige piloter og et galleri av politikere og offiserer med en felles overbevisning: at bombefly kan vinne alle kriger, bare de blir raskere, smartere og mer d\u00f8delige. Med en ambivalent fascinasjon for disse ultimate drapsmaskinene forteller Bj\u00f8rn Berge en st\u00f8rre historie om menn, makt og teknologi gjennom hundre \u00e5r.<\/p>\n","protected":false},"excerpt":{"rendered":"<p>Bombeflyenes historie g\u00e5r tilbake til begynnelsen av 1900-tallet. Tanken var at angrepene fra luften ville demoralisere sivilbefolkningen og f\u00f8re til oppr\u00f8r, kaos og regimefall. Problemet er at det ikke virket p\u00e5 den m\u00e5ten. Tvert imot &#8211; bombingen har snarere styrket samhold og kampmoral. De tyske angrepene p\u00e5 London under andre verdenskrig skapte en voldsom motstandsgiver [&hellip;]<\/p>\n","protected":false},"featured_media":26524,"template":"","meta":{"_acf_changed":false,"inline_featured_image":false},"product_brand":[],"product_cat":[1786],"product_tag":[362],"class_list":{"0":"post-22383","1":"product","2":"type-product","3":"status-publish","4":"has-post-thumbnail","6":"product_cat-rabattkodekampanje","7":"product_tag-faglitteratur","9":"first","10":"instock","11":"shipping-taxable","12":"purchasable","13":"product-type-simple"},"acf":{"anmeldelse":[{"tekst_anmeldelser":"\u00abSv\u00e6rt elegant bok om bombefly fra 1914 til i dag, med ett kapittel for hver flytype. Berge leverer fakta om enkeltflyene, men skriver f\u00f8rst og fremst knakende godt. Dette er snacks for b\u00e5de flyfantaster og litter\u00e6re feinschmeckere.\u00bb","av_anmeldelser":"Siss Vik","terningkast":false,"kilde":"NRK"},{"tekst_anmeldelser":"\u00abBj\u00f8rn Berge har skrevet en helt spesiell bok om menneskers grensel\u00f8se vilje til \u00f8deleggelse \u2026 Den er vakker, grusom, tankevekkende og god, og fortjener utvilsomt et liv ogs\u00e5 utenfor Norge.\u00bb","av_anmeldelser":"Jon Rognlien","terningkast":"<i class=\"fa-solid fa-dice-five\"><\/i>","kilde":"Jon Rognlien"},{"tekst_anmeldelser":"\u00abHelt fantastisk om menn, bombefly og historie. Legg til at forfatteren har gullpenn, s\u00e5 har man \u00e5rets lesefest.\u00bb","av_anmeldelser":"\u00d8rjan Greiff Johnsen","terningkast":false,"kilde":"Adresseavisen"}]},"yoast_head":"<!-- This site is optimized with the Yoast SEO plugin v26.6 - https:\/\/yoast.com\/wordpress\/plugins\/seo\/ -->\n<title>Luftens tyranner - Spartacus<\/title>\n<meta name=\"robots\" content=\"noindex, follow, max-snippet:-1, max-image-preview:large, max-video-preview:-1\" \/>\n<meta property=\"og:locale\" content=\"nb_NO\" \/>\n<meta property=\"og:type\" content=\"article\" \/>\n<meta property=\"og:title\" content=\"Luftens tyranner - Spartacus\" \/>\n<meta property=\"og:description\" content=\"Bombeflyenes historie g\u00e5r tilbake til begynnelsen av 1900-tallet. Tanken var at angrepene fra luften ville demoralisere sivilbefolkningen og f\u00f8re til oppr\u00f8r, kaos og regimefall. Problemet er at det ikke virket p\u00e5 den m\u00e5ten. Tvert imot &#8211; bombingen har snarere styrket samhold og kampmoral. De tyske angrepene p\u00e5 London under andre verdenskrig skapte en voldsom motstandsgiver [&hellip;]\" \/>\n<meta property=\"og:url\" content=\"https:\/\/staging.forenteforlag.no\/spartacus\/produkt\/luftens-tyranner-2\/\" \/>\n<meta property=\"og:site_name\" content=\"Spartacus\" \/>\n<meta property=\"article:publisher\" content=\"https:\/\/www.facebook.com\/SpartacusForlag\" \/>\n<meta property=\"article:modified_time\" content=\"2026-03-02T17:12:38+00:00\" \/>\n<meta property=\"og:image\" content=\"https:\/\/staging.forenteforlag.no\/spartacus\/wp-content\/uploads\/sites\/6\/2026\/02\/9788243011212.jpg\" \/>\n\t<meta property=\"og:image:width\" content=\"720\" \/>\n\t<meta property=\"og:image:height\" content=\"1076\" \/>\n\t<meta property=\"og:image:type\" content=\"image\/jpeg\" \/>\n<meta name=\"twitter:card\" content=\"summary_large_image\" \/>\n<meta name=\"twitter:label1\" content=\"Ansl. lesetid\" \/>\n\t<meta name=\"twitter:data1\" content=\"1 minutt\" \/>\n<script type=\"application\/ld+json\" class=\"yoast-schema-graph\">{\"@context\":\"https:\/\/schema.org\",\"@graph\":[{\"@type\":\"WebPage\",\"@id\":\"https:\/\/staging.forenteforlag.no\/spartacus\/produkt\/luftens-tyranner-2\/\",\"url\":\"https:\/\/staging.forenteforlag.no\/spartacus\/produkt\/luftens-tyranner-2\/\",\"name\":\"Luftens tyranner - Spartacus\",\"isPartOf\":{\"@id\":\"https:\/\/staging.forenteforlag.no\/spartacus\/#website\"},\"primaryImageOfPage\":{\"@id\":\"https:\/\/staging.forenteforlag.no\/spartacus\/produkt\/luftens-tyranner-2\/#primaryimage\"},\"image\":{\"@id\":\"https:\/\/staging.forenteforlag.no\/spartacus\/produkt\/luftens-tyranner-2\/#primaryimage\"},\"thumbnailUrl\":\"https:\/\/staging.forenteforlag.no\/spartacus\/wp-content\/uploads\/sites\/6\/2026\/02\/9788243011212.jpg\",\"datePublished\":\"2019-09-19T00:00:00+00:00\",\"dateModified\":\"2026-03-02T17:12:38+00:00\",\"breadcrumb\":{\"@id\":\"https:\/\/staging.forenteforlag.no\/spartacus\/produkt\/luftens-tyranner-2\/#breadcrumb\"},\"inLanguage\":\"nb-NO\",\"potentialAction\":[{\"@type\":\"ReadAction\",\"target\":[\"https:\/\/staging.forenteforlag.no\/spartacus\/produkt\/luftens-tyranner-2\/\"]}]},{\"@type\":\"ImageObject\",\"inLanguage\":\"nb-NO\",\"@id\":\"https:\/\/staging.forenteforlag.no\/spartacus\/produkt\/luftens-tyranner-2\/#primaryimage\",\"url\":\"https:\/\/staging.forenteforlag.no\/spartacus\/wp-content\/uploads\/sites\/6\/2026\/02\/9788243011212.jpg\",\"contentUrl\":\"https:\/\/staging.forenteforlag.no\/spartacus\/wp-content\/uploads\/sites\/6\/2026\/02\/9788243011212.jpg\",\"width\":720,\"height\":1076},{\"@type\":\"BreadcrumbList\",\"@id\":\"https:\/\/staging.forenteforlag.no\/spartacus\/produkt\/luftens-tyranner-2\/#breadcrumb\",\"itemListElement\":[{\"@type\":\"ListItem\",\"position\":1,\"name\":\"Hjem\",\"item\":\"https:\/\/staging.forenteforlag.no\/spartacus\/\"},{\"@type\":\"ListItem\",\"position\":2,\"name\":\"Alle b\u00f8ker\",\"item\":\"https:\/\/staging.forenteforlag.no\/spartacus\/butikk\/\"},{\"@type\":\"ListItem\",\"position\":3,\"name\":\"Luftens tyranner\"}]},{\"@type\":\"WebSite\",\"@id\":\"https:\/\/staging.forenteforlag.no\/spartacus\/#website\",\"url\":\"https:\/\/staging.forenteforlag.no\/spartacus\/\",\"name\":\"Spartacus forlag\",\"description\":\"\",\"publisher\":{\"@id\":\"https:\/\/staging.forenteforlag.no\/spartacus\/#organization\"},\"potentialAction\":[{\"@type\":\"SearchAction\",\"target\":{\"@type\":\"EntryPoint\",\"urlTemplate\":\"https:\/\/staging.forenteforlag.no\/spartacus\/?s={search_term_string}\"},\"query-input\":{\"@type\":\"PropertyValueSpecification\",\"valueRequired\":true,\"valueName\":\"search_term_string\"}}],\"inLanguage\":\"nb-NO\"},{\"@type\":\"Organization\",\"@id\":\"https:\/\/staging.forenteforlag.no\/spartacus\/#organization\",\"name\":\"Spartacus forlag\",\"url\":\"https:\/\/staging.forenteforlag.no\/spartacus\/\",\"logo\":{\"@type\":\"ImageObject\",\"inLanguage\":\"nb-NO\",\"@id\":\"https:\/\/staging.forenteforlag.no\/spartacus\/#\/schema\/logo\/image\/\",\"url\":\"https:\/\/staging.forenteforlag.no\/spartacus\/wp-content\/uploads\/sites\/6\/2024\/09\/Spartacus_logo.svg\",\"contentUrl\":\"https:\/\/staging.forenteforlag.no\/spartacus\/wp-content\/uploads\/sites\/6\/2024\/09\/Spartacus_logo.svg\",\"width\":100,\"height\":100,\"caption\":\"Spartacus forlag\"},\"image\":{\"@id\":\"https:\/\/staging.forenteforlag.no\/spartacus\/#\/schema\/logo\/image\/\"},\"sameAs\":[\"https:\/\/www.facebook.com\/SpartacusForlag\"]}]}<\/script>\n<!-- \/ Yoast SEO plugin. -->","yoast_head_json":{"title":"Luftens tyranner - Spartacus","robots":{"index":"noindex","follow":"follow","max-snippet":"max-snippet:-1","max-image-preview":"max-image-preview:large","max-video-preview":"max-video-preview:-1"},"og_locale":"nb_NO","og_type":"article","og_title":"Luftens tyranner - Spartacus","og_description":"Bombeflyenes historie g\u00e5r tilbake til begynnelsen av 1900-tallet. Tanken var at angrepene fra luften ville demoralisere sivilbefolkningen og f\u00f8re til oppr\u00f8r, kaos og regimefall. Problemet er at det ikke virket p\u00e5 den m\u00e5ten. Tvert imot &#8211; bombingen har snarere styrket samhold og kampmoral. De tyske angrepene p\u00e5 London under andre verdenskrig skapte en voldsom motstandsgiver [&hellip;]","og_url":"https:\/\/staging.forenteforlag.no\/spartacus\/produkt\/luftens-tyranner-2\/","og_site_name":"Spartacus","article_publisher":"https:\/\/www.facebook.com\/SpartacusForlag","article_modified_time":"2026-03-02T17:12:38+00:00","og_image":[{"width":720,"height":1076,"url":"https:\/\/staging.forenteforlag.no\/spartacus\/wp-content\/uploads\/sites\/6\/2026\/02\/9788243011212.jpg","type":"image\/jpeg"}],"twitter_card":"summary_large_image","twitter_misc":{"Ansl. lesetid":"1 minutt"},"schema":{"@context":"https:\/\/schema.org","@graph":[{"@type":"WebPage","@id":"https:\/\/staging.forenteforlag.no\/spartacus\/produkt\/luftens-tyranner-2\/","url":"https:\/\/staging.forenteforlag.no\/spartacus\/produkt\/luftens-tyranner-2\/","name":"Luftens tyranner - Spartacus","isPartOf":{"@id":"https:\/\/staging.forenteforlag.no\/spartacus\/#website"},"primaryImageOfPage":{"@id":"https:\/\/staging.forenteforlag.no\/spartacus\/produkt\/luftens-tyranner-2\/#primaryimage"},"image":{"@id":"https:\/\/staging.forenteforlag.no\/spartacus\/produkt\/luftens-tyranner-2\/#primaryimage"},"thumbnailUrl":"https:\/\/staging.forenteforlag.no\/spartacus\/wp-content\/uploads\/sites\/6\/2026\/02\/9788243011212.jpg","datePublished":"2019-09-19T00:00:00+00:00","dateModified":"2026-03-02T17:12:38+00:00","breadcrumb":{"@id":"https:\/\/staging.forenteforlag.no\/spartacus\/produkt\/luftens-tyranner-2\/#breadcrumb"},"inLanguage":"nb-NO","potentialAction":[{"@type":"ReadAction","target":["https:\/\/staging.forenteforlag.no\/spartacus\/produkt\/luftens-tyranner-2\/"]}]},{"@type":"ImageObject","inLanguage":"nb-NO","@id":"https:\/\/staging.forenteforlag.no\/spartacus\/produkt\/luftens-tyranner-2\/#primaryimage","url":"https:\/\/staging.forenteforlag.no\/spartacus\/wp-content\/uploads\/sites\/6\/2026\/02\/9788243011212.jpg","contentUrl":"https:\/\/staging.forenteforlag.no\/spartacus\/wp-content\/uploads\/sites\/6\/2026\/02\/9788243011212.jpg","width":720,"height":1076},{"@type":"BreadcrumbList","@id":"https:\/\/staging.forenteforlag.no\/spartacus\/produkt\/luftens-tyranner-2\/#breadcrumb","itemListElement":[{"@type":"ListItem","position":1,"name":"Hjem","item":"https:\/\/staging.forenteforlag.no\/spartacus\/"},{"@type":"ListItem","position":2,"name":"Alle b\u00f8ker","item":"https:\/\/staging.forenteforlag.no\/spartacus\/butikk\/"},{"@type":"ListItem","position":3,"name":"Luftens tyranner"}]},{"@type":"WebSite","@id":"https:\/\/staging.forenteforlag.no\/spartacus\/#website","url":"https:\/\/staging.forenteforlag.no\/spartacus\/","name":"Spartacus forlag","description":"","publisher":{"@id":"https:\/\/staging.forenteforlag.no\/spartacus\/#organization"},"potentialAction":[{"@type":"SearchAction","target":{"@type":"EntryPoint","urlTemplate":"https:\/\/staging.forenteforlag.no\/spartacus\/?s={search_term_string}"},"query-input":{"@type":"PropertyValueSpecification","valueRequired":true,"valueName":"search_term_string"}}],"inLanguage":"nb-NO"},{"@type":"Organization","@id":"https:\/\/staging.forenteforlag.no\/spartacus\/#organization","name":"Spartacus forlag","url":"https:\/\/staging.forenteforlag.no\/spartacus\/","logo":{"@type":"ImageObject","inLanguage":"nb-NO","@id":"https:\/\/staging.forenteforlag.no\/spartacus\/#\/schema\/logo\/image\/","url":"https:\/\/staging.forenteforlag.no\/spartacus\/wp-content\/uploads\/sites\/6\/2024\/09\/Spartacus_logo.svg","contentUrl":"https:\/\/staging.forenteforlag.no\/spartacus\/wp-content\/uploads\/sites\/6\/2024\/09\/Spartacus_logo.svg","width":100,"height":100,"caption":"Spartacus forlag"},"image":{"@id":"https:\/\/staging.forenteforlag.no\/spartacus\/#\/schema\/logo\/image\/"},"sameAs":["https:\/\/www.facebook.com\/SpartacusForlag"]}]}},"_links":{"self":[{"href":"https:\/\/staging.forenteforlag.no\/spartacus\/wp-json\/wp\/v2\/product\/22383","targetHints":{"allow":["GET"]}}],"collection":[{"href":"https:\/\/staging.forenteforlag.no\/spartacus\/wp-json\/wp\/v2\/product"}],"about":[{"href":"https:\/\/staging.forenteforlag.no\/spartacus\/wp-json\/wp\/v2\/types\/product"}],"wp:featuredmedia":[{"embeddable":true,"href":"https:\/\/staging.forenteforlag.no\/spartacus\/wp-json\/wp\/v2\/media\/26524"}],"wp:attachment":[{"href":"https:\/\/staging.forenteforlag.no\/spartacus\/wp-json\/wp\/v2\/media?parent=22383"}],"wp:term":[{"taxonomy":"product_brand","embeddable":true,"href":"https:\/\/staging.forenteforlag.no\/spartacus\/wp-json\/wp\/v2\/product_brand?post=22383"},{"taxonomy":"product_cat","embeddable":true,"href":"https:\/\/staging.forenteforlag.no\/spartacus\/wp-json\/wp\/v2\/product_cat?post=22383"},{"taxonomy":"product_tag","embeddable":true,"href":"https:\/\/staging.forenteforlag.no\/spartacus\/wp-json\/wp\/v2\/product_tag?post=22383"}],"curies":[{"name":"wp","href":"https:\/\/api.w.org\/{rel}","templated":true}]}}