{"id":22382,"date":"2019-10-16T02:00:00","date_gmt":"2019-10-16T00:00:00","guid":{"rendered":"https:\/\/spartacus.forenteforlag.no\/produkt\/om-muser-og-menn-3\/"},"modified":"2026-03-03T19:21:21","modified_gmt":"2026-03-03T18:21:21","slug":"om-muser-og-menn-3","status":"publish","type":"product","link":"https:\/\/staging.forenteforlag.no\/spartacus\/produkt\/om-muser-og-menn-3\/","title":{"rendered":"Om muser og menn"},"content":{"rendered":"<p>Hvor eksentrisk kan en kvinne v\u00e6re f\u00f8r hun avskrives som gal? Ikke s\u00e5 veldig, konkluderer Marta Breen. <\/p>\n<p>Kvinnekampen har i stor grad handlet om \u00e5 bryte seg inn i menns lukkede rom &#8211; enten det er arbeidslivet, politikken, utelivet, idretten eller kunsten. De kvinnene som har g\u00e5tt foran og sparket inn d\u00f8rene, har ofte gjort det med store personlige omkostninger. <\/p>\n<p>Med utgangspunkt i sitt eget liv som forfatter og debattant tar Marta Breen for seg historien om kvinner i offentligheten, og skriver om den evige kampen for \u00e5 skaffe seg et eget rom. Om eksentriske kulturmenn &#8211; av begge kj\u00f8nn. Om Ingmar Bergman, Amalie Skram og Bj\u00f8rn Afzelius. Om groupies, muser og stalkere. Om det mannlige blikket, brystvorter og viktigheten av \u00e5 ha nok vin.<\/p>\n","protected":false},"excerpt":{"rendered":"<p>Hvor eksentrisk kan en kvinne v\u00e6re f\u00f8r hun avskrives som gal? Ikke s\u00e5 veldig, konkluderer Marta Breen. Kvinnekampen har i stor grad handlet om \u00e5 bryte seg inn i menns lukkede rom &#8211; enten det er arbeidslivet, politikken, utelivet, idretten eller kunsten. De kvinnene som har g\u00e5tt foran og sparket inn d\u00f8rene, har ofte gjort [&hellip;]<\/p>\n","protected":false},"featured_media":26492,"template":"","meta":{"_acf_changed":false,"inline_featured_image":false},"product_brand":[],"product_cat":[1786],"product_tag":[362],"class_list":{"0":"post-22382","1":"product","2":"type-product","3":"status-publish","4":"has-post-thumbnail","6":"product_cat-rabattkodekampanje","7":"product_tag-faglitteratur","9":"first","10":"instock","11":"shipping-taxable","12":"purchasable","13":"product-type-simple"},"acf":{"anmeldelse":[{"tekst_anmeldelser":"\u00abEngasjerende om offentlige kvinner: Et av konseptene forfatteren vil til livs er at menns historier er allmenne, mens kvinners er for spesielt interesserte. \u2026 [Den} b\u00f8r eses av flere enn selverkl\u00e6rte feminister.\u00bb","av_anmeldelser":"Linn Marie Hammernes","terningkast":false,"kilde":"Linn Marie Hammernes"},{"tekst_anmeldelser":"\u00abI Om muser og menn f\u00e5r leseren bekreftet at Breen er en formidler av rang. \u2026 jeg har sansen for den personlige inngangen til temaet\u00bb","av_anmeldelser":"Hanne Skogvang","terningkast":false,"kilde":"Agenda Magasin"},{"tekst_anmeldelser":"\u00abOm muser og menn er en l\u00e6rerik og ubehagelig, men en sv\u00e6rt underholdende, bok som skriver seg inn i feministisk tradisjon ved \u00e5 l\u00f8fte fram kvinner som ellers har blitt oversett.\u00bb","av_anmeldelser":"Tomine Barstad Solvang","terningkast":false,"kilde":"Under Dusken"},{"tekst_anmeldelser":"\u00abHvis b\u00f8ker endrer verden, er Om muser og menn et nyttig og etterlengtet bidrag. Jeg tror dessuten den bidrar til \u00e5 heve bevisstheten b\u00e5de hos menn og kvinner om hvor viktig denne kampen er. Og ikke minst hvor vanskelig den er. \u00c5 riste av seg en tusen\u00e5rig gammel kultur er neppe gjort p\u00e5 femti \u00e5r. Det vet en forfatter som Marta Breen bedre enn de aller fleste.\u00bb","av_anmeldelser":"Jan-Erik \u00d8stlie","terningkast":false,"kilde":"HK-nytt"},{"tekst_anmeldelser":"\u00abOm muser og menn viser med all tydelighet at det klassiske likestillingssp\u00f8rsm\u00e5let langt fra er pass\u00e9. Vi trenger tusen b\u00f8ker som denne, vi trenger flere og forskjellige utgaver av Marta Breen.\u00bb","av_anmeldelser":"Carina Elisabeth Beddari","terningkast":false,"kilde":"Morgenbladet"},{"tekst_anmeldelser":"\u00abfor et bredere publikum utgj\u00f8r det formidling av h\u00f8y klasse. Med en imponerende klarhet tilgjengeliggj\u00f8r Breen en rekke aktuelle begreper og debatter, og det lette spr\u00e5ket og overfloden av absurde eksempler gj\u00f8r dette til en feministisk page turner.\u00bb","av_anmeldelser":"Elin Kittelsen","terningkast":false,"kilde":"Klassekampen"},{"tekst_anmeldelser":"\u00abDette er spennende, frustrerende og opplysende lesning om kvinnekampen.\u00bb","av_anmeldelser":"","terningkast":false,"kilde":"Tara"},{"tekst_anmeldelser":"\u00abPensum for nye generasjoner \u2026 det feministiske perspektivet [f\u00e5r] en troverdig n\u00e6rhet og aktualitet som gj\u00f8r \u2018Muser og menn\u2019 til en viktig bok med fornyet tyngde som setter blant annet metoo-bevegelsen i perspektiv.\u00bb","av_anmeldelser":"Finn Stenstad","terningkast":"<i class=\"fa-solid fa-dice-five\"><\/i>","kilde":"T\u00f8nsbergs Blad"},{"tekst_anmeldelser":"","av_anmeldelser":"","terningkast":false,"kilde":""}]},"yoast_head":"<!-- This site is optimized with the Yoast SEO plugin v26.6 - https:\/\/yoast.com\/wordpress\/plugins\/seo\/ -->\n<title>Om muser og menn - Spartacus<\/title>\n<meta name=\"robots\" content=\"noindex, follow, max-snippet:-1, max-image-preview:large, max-video-preview:-1\" \/>\n<meta property=\"og:locale\" content=\"nb_NO\" \/>\n<meta property=\"og:type\" content=\"article\" \/>\n<meta property=\"og:title\" content=\"Om muser og menn - Spartacus\" \/>\n<meta property=\"og:description\" content=\"Hvor eksentrisk kan en kvinne v\u00e6re f\u00f8r hun avskrives som gal? Ikke s\u00e5 veldig, konkluderer Marta Breen. Kvinnekampen har i stor grad handlet om \u00e5 bryte seg inn i menns lukkede rom &#8211; enten det er arbeidslivet, politikken, utelivet, idretten eller kunsten. De kvinnene som har g\u00e5tt foran og sparket inn d\u00f8rene, har ofte gjort [&hellip;]\" \/>\n<meta property=\"og:url\" content=\"https:\/\/staging.forenteforlag.no\/spartacus\/produkt\/om-muser-og-menn-3\/\" \/>\n<meta property=\"og:site_name\" content=\"Spartacus\" \/>\n<meta property=\"article:publisher\" content=\"https:\/\/www.facebook.com\/SpartacusForlag\" \/>\n<meta property=\"article:modified_time\" content=\"2026-03-03T18:21:21+00:00\" \/>\n<meta property=\"og:image\" content=\"https:\/\/staging.forenteforlag.no\/spartacus\/wp-content\/uploads\/sites\/6\/2026\/02\/9788243010697.jpg\" \/>\n\t<meta property=\"og:image:width\" content=\"720\" \/>\n\t<meta property=\"og:image:height\" content=\"1117\" \/>\n\t<meta property=\"og:image:type\" content=\"image\/jpeg\" \/>\n<meta name=\"twitter:card\" content=\"summary_large_image\" \/>\n<meta name=\"twitter:label1\" content=\"Ansl. lesetid\" \/>\n\t<meta name=\"twitter:data1\" content=\"1 minutt\" \/>\n<script type=\"application\/ld+json\" class=\"yoast-schema-graph\">{\"@context\":\"https:\/\/schema.org\",\"@graph\":[{\"@type\":\"WebPage\",\"@id\":\"https:\/\/staging.forenteforlag.no\/spartacus\/produkt\/om-muser-og-menn-3\/\",\"url\":\"https:\/\/staging.forenteforlag.no\/spartacus\/produkt\/om-muser-og-menn-3\/\",\"name\":\"Om muser og menn - Spartacus\",\"isPartOf\":{\"@id\":\"https:\/\/staging.forenteforlag.no\/spartacus\/#website\"},\"primaryImageOfPage\":{\"@id\":\"https:\/\/staging.forenteforlag.no\/spartacus\/produkt\/om-muser-og-menn-3\/#primaryimage\"},\"image\":{\"@id\":\"https:\/\/staging.forenteforlag.no\/spartacus\/produkt\/om-muser-og-menn-3\/#primaryimage\"},\"thumbnailUrl\":\"https:\/\/staging.forenteforlag.no\/spartacus\/wp-content\/uploads\/sites\/6\/2026\/02\/9788243010697.jpg\",\"datePublished\":\"2019-10-16T00:00:00+00:00\",\"dateModified\":\"2026-03-03T18:21:21+00:00\",\"breadcrumb\":{\"@id\":\"https:\/\/staging.forenteforlag.no\/spartacus\/produkt\/om-muser-og-menn-3\/#breadcrumb\"},\"inLanguage\":\"nb-NO\",\"potentialAction\":[{\"@type\":\"ReadAction\",\"target\":[\"https:\/\/staging.forenteforlag.no\/spartacus\/produkt\/om-muser-og-menn-3\/\"]}]},{\"@type\":\"ImageObject\",\"inLanguage\":\"nb-NO\",\"@id\":\"https:\/\/staging.forenteforlag.no\/spartacus\/produkt\/om-muser-og-menn-3\/#primaryimage\",\"url\":\"https:\/\/staging.forenteforlag.no\/spartacus\/wp-content\/uploads\/sites\/6\/2026\/02\/9788243010697.jpg\",\"contentUrl\":\"https:\/\/staging.forenteforlag.no\/spartacus\/wp-content\/uploads\/sites\/6\/2026\/02\/9788243010697.jpg\",\"width\":720,\"height\":1117},{\"@type\":\"BreadcrumbList\",\"@id\":\"https:\/\/staging.forenteforlag.no\/spartacus\/produkt\/om-muser-og-menn-3\/#breadcrumb\",\"itemListElement\":[{\"@type\":\"ListItem\",\"position\":1,\"name\":\"Hjem\",\"item\":\"https:\/\/staging.forenteforlag.no\/spartacus\/\"},{\"@type\":\"ListItem\",\"position\":2,\"name\":\"Alle b\u00f8ker\",\"item\":\"https:\/\/staging.forenteforlag.no\/spartacus\/butikk\/\"},{\"@type\":\"ListItem\",\"position\":3,\"name\":\"Om muser og menn\"}]},{\"@type\":\"WebSite\",\"@id\":\"https:\/\/staging.forenteforlag.no\/spartacus\/#website\",\"url\":\"https:\/\/staging.forenteforlag.no\/spartacus\/\",\"name\":\"Spartacus forlag\",\"description\":\"\",\"publisher\":{\"@id\":\"https:\/\/staging.forenteforlag.no\/spartacus\/#organization\"},\"potentialAction\":[{\"@type\":\"SearchAction\",\"target\":{\"@type\":\"EntryPoint\",\"urlTemplate\":\"https:\/\/staging.forenteforlag.no\/spartacus\/?s={search_term_string}\"},\"query-input\":{\"@type\":\"PropertyValueSpecification\",\"valueRequired\":true,\"valueName\":\"search_term_string\"}}],\"inLanguage\":\"nb-NO\"},{\"@type\":\"Organization\",\"@id\":\"https:\/\/staging.forenteforlag.no\/spartacus\/#organization\",\"name\":\"Spartacus forlag\",\"url\":\"https:\/\/staging.forenteforlag.no\/spartacus\/\",\"logo\":{\"@type\":\"ImageObject\",\"inLanguage\":\"nb-NO\",\"@id\":\"https:\/\/staging.forenteforlag.no\/spartacus\/#\/schema\/logo\/image\/\",\"url\":\"https:\/\/staging.forenteforlag.no\/spartacus\/wp-content\/uploads\/sites\/6\/2024\/09\/Spartacus_logo.svg\",\"contentUrl\":\"https:\/\/staging.forenteforlag.no\/spartacus\/wp-content\/uploads\/sites\/6\/2024\/09\/Spartacus_logo.svg\",\"width\":100,\"height\":100,\"caption\":\"Spartacus forlag\"},\"image\":{\"@id\":\"https:\/\/staging.forenteforlag.no\/spartacus\/#\/schema\/logo\/image\/\"},\"sameAs\":[\"https:\/\/www.facebook.com\/SpartacusForlag\"]}]}<\/script>\n<!-- \/ Yoast SEO plugin. -->","yoast_head_json":{"title":"Om muser og menn - Spartacus","robots":{"index":"noindex","follow":"follow","max-snippet":"max-snippet:-1","max-image-preview":"max-image-preview:large","max-video-preview":"max-video-preview:-1"},"og_locale":"nb_NO","og_type":"article","og_title":"Om muser og menn - Spartacus","og_description":"Hvor eksentrisk kan en kvinne v\u00e6re f\u00f8r hun avskrives som gal? Ikke s\u00e5 veldig, konkluderer Marta Breen. Kvinnekampen har i stor grad handlet om \u00e5 bryte seg inn i menns lukkede rom &#8211; enten det er arbeidslivet, politikken, utelivet, idretten eller kunsten. De kvinnene som har g\u00e5tt foran og sparket inn d\u00f8rene, har ofte gjort [&hellip;]","og_url":"https:\/\/staging.forenteforlag.no\/spartacus\/produkt\/om-muser-og-menn-3\/","og_site_name":"Spartacus","article_publisher":"https:\/\/www.facebook.com\/SpartacusForlag","article_modified_time":"2026-03-03T18:21:21+00:00","og_image":[{"width":720,"height":1117,"url":"https:\/\/staging.forenteforlag.no\/spartacus\/wp-content\/uploads\/sites\/6\/2026\/02\/9788243010697.jpg","type":"image\/jpeg"}],"twitter_card":"summary_large_image","twitter_misc":{"Ansl. lesetid":"1 minutt"},"schema":{"@context":"https:\/\/schema.org","@graph":[{"@type":"WebPage","@id":"https:\/\/staging.forenteforlag.no\/spartacus\/produkt\/om-muser-og-menn-3\/","url":"https:\/\/staging.forenteforlag.no\/spartacus\/produkt\/om-muser-og-menn-3\/","name":"Om muser og menn - Spartacus","isPartOf":{"@id":"https:\/\/staging.forenteforlag.no\/spartacus\/#website"},"primaryImageOfPage":{"@id":"https:\/\/staging.forenteforlag.no\/spartacus\/produkt\/om-muser-og-menn-3\/#primaryimage"},"image":{"@id":"https:\/\/staging.forenteforlag.no\/spartacus\/produkt\/om-muser-og-menn-3\/#primaryimage"},"thumbnailUrl":"https:\/\/staging.forenteforlag.no\/spartacus\/wp-content\/uploads\/sites\/6\/2026\/02\/9788243010697.jpg","datePublished":"2019-10-16T00:00:00+00:00","dateModified":"2026-03-03T18:21:21+00:00","breadcrumb":{"@id":"https:\/\/staging.forenteforlag.no\/spartacus\/produkt\/om-muser-og-menn-3\/#breadcrumb"},"inLanguage":"nb-NO","potentialAction":[{"@type":"ReadAction","target":["https:\/\/staging.forenteforlag.no\/spartacus\/produkt\/om-muser-og-menn-3\/"]}]},{"@type":"ImageObject","inLanguage":"nb-NO","@id":"https:\/\/staging.forenteforlag.no\/spartacus\/produkt\/om-muser-og-menn-3\/#primaryimage","url":"https:\/\/staging.forenteforlag.no\/spartacus\/wp-content\/uploads\/sites\/6\/2026\/02\/9788243010697.jpg","contentUrl":"https:\/\/staging.forenteforlag.no\/spartacus\/wp-content\/uploads\/sites\/6\/2026\/02\/9788243010697.jpg","width":720,"height":1117},{"@type":"BreadcrumbList","@id":"https:\/\/staging.forenteforlag.no\/spartacus\/produkt\/om-muser-og-menn-3\/#breadcrumb","itemListElement":[{"@type":"ListItem","position":1,"name":"Hjem","item":"https:\/\/staging.forenteforlag.no\/spartacus\/"},{"@type":"ListItem","position":2,"name":"Alle b\u00f8ker","item":"https:\/\/staging.forenteforlag.no\/spartacus\/butikk\/"},{"@type":"ListItem","position":3,"name":"Om muser og menn"}]},{"@type":"WebSite","@id":"https:\/\/staging.forenteforlag.no\/spartacus\/#website","url":"https:\/\/staging.forenteforlag.no\/spartacus\/","name":"Spartacus forlag","description":"","publisher":{"@id":"https:\/\/staging.forenteforlag.no\/spartacus\/#organization"},"potentialAction":[{"@type":"SearchAction","target":{"@type":"EntryPoint","urlTemplate":"https:\/\/staging.forenteforlag.no\/spartacus\/?s={search_term_string}"},"query-input":{"@type":"PropertyValueSpecification","valueRequired":true,"valueName":"search_term_string"}}],"inLanguage":"nb-NO"},{"@type":"Organization","@id":"https:\/\/staging.forenteforlag.no\/spartacus\/#organization","name":"Spartacus forlag","url":"https:\/\/staging.forenteforlag.no\/spartacus\/","logo":{"@type":"ImageObject","inLanguage":"nb-NO","@id":"https:\/\/staging.forenteforlag.no\/spartacus\/#\/schema\/logo\/image\/","url":"https:\/\/staging.forenteforlag.no\/spartacus\/wp-content\/uploads\/sites\/6\/2024\/09\/Spartacus_logo.svg","contentUrl":"https:\/\/staging.forenteforlag.no\/spartacus\/wp-content\/uploads\/sites\/6\/2024\/09\/Spartacus_logo.svg","width":100,"height":100,"caption":"Spartacus forlag"},"image":{"@id":"https:\/\/staging.forenteforlag.no\/spartacus\/#\/schema\/logo\/image\/"},"sameAs":["https:\/\/www.facebook.com\/SpartacusForlag"]}]}},"_links":{"self":[{"href":"https:\/\/staging.forenteforlag.no\/spartacus\/wp-json\/wp\/v2\/product\/22382","targetHints":{"allow":["GET"]}}],"collection":[{"href":"https:\/\/staging.forenteforlag.no\/spartacus\/wp-json\/wp\/v2\/product"}],"about":[{"href":"https:\/\/staging.forenteforlag.no\/spartacus\/wp-json\/wp\/v2\/types\/product"}],"wp:featuredmedia":[{"embeddable":true,"href":"https:\/\/staging.forenteforlag.no\/spartacus\/wp-json\/wp\/v2\/media\/26492"}],"wp:attachment":[{"href":"https:\/\/staging.forenteforlag.no\/spartacus\/wp-json\/wp\/v2\/media?parent=22382"}],"wp:term":[{"taxonomy":"product_brand","embeddable":true,"href":"https:\/\/staging.forenteforlag.no\/spartacus\/wp-json\/wp\/v2\/product_brand?post=22382"},{"taxonomy":"product_cat","embeddable":true,"href":"https:\/\/staging.forenteforlag.no\/spartacus\/wp-json\/wp\/v2\/product_cat?post=22382"},{"taxonomy":"product_tag","embeddable":true,"href":"https:\/\/staging.forenteforlag.no\/spartacus\/wp-json\/wp\/v2\/product_tag?post=22382"}],"curies":[{"name":"wp","href":"https:\/\/api.w.org\/{rel}","templated":true}]}}