{"id":22381,"date":"2020-09-30T02:00:00","date_gmt":"2020-09-30T00:00:00","guid":{"rendered":"https:\/\/spartacus.forenteforlag.no\/produkt\/overvakingskapitalismens-tidsalder-2\/"},"modified":"2026-03-02T18:23:30","modified_gmt":"2026-03-02T17:23:30","slug":"overvakingskapitalismens-tidsalder-2","status":"publish","type":"product","link":"https:\/\/staging.forenteforlag.no\/spartacus\/produkt\/overvakingskapitalismens-tidsalder-2\/","title":{"rendered":"Overv\u00e5kingskapitalismens tidsalder"},"content":{"rendered":"<p>Med sine &laquo;gratis&raquo; tjenester har giganter som Google og Facebook gitt oss et tilbud vi ikke kunne takke nei til. Til gjengjeld forsyner de seg med enorme mengder data om v\u00e5r oppf\u00f8rsel og preferanser, som de ganske uforstyrret selger videre til h\u00f8ystbydende. Det er dette Shoshana Zuboff kaller overv\u00e5kingskapitalisme, et fenomen som truer med \u00e5 omforme samfunnet like mye som den industrielle revolusjonen gjorde p\u00e5 1800-tallet.<br \/>I overv\u00e5kingskapitalismens tid er vi ikke bare konsumenter, vi utgj\u00f8r selve r\u00e5varen. Den skjulte og stadig mer sofistikerte bruken av dataene om oss bidrar ikke bare til \u00e5 gi oss skreddersydd innhold og reklame. Den er blitt et verkt\u00f8y til \u00e5 forutsi og p\u00e5virke v\u00e5r atferd, b\u00e5de som kunder, borgere og som velgere. Og den utgj\u00f8r en mektig trussel mot s\u00e5 vel demokratiet som v\u00e5r personlige frihet.<\/p>\n","protected":false},"excerpt":{"rendered":"<p>Med sine &laquo;gratis&raquo; tjenester har giganter som Google og Facebook gitt oss et tilbud vi ikke kunne takke nei til. Til gjengjeld forsyner de seg med enorme mengder data om v\u00e5r oppf\u00f8rsel og preferanser, som de ganske uforstyrret selger videre til h\u00f8ystbydende. Det er dette Shoshana Zuboff kaller overv\u00e5kingskapitalisme, et fenomen som truer med \u00e5 [&hellip;]<\/p>\n","protected":false},"featured_media":26643,"template":"","meta":{"_acf_changed":false,"inline_featured_image":false},"product_brand":[],"product_cat":[1786],"product_tag":[362],"class_list":{"0":"post-22381","1":"product","2":"type-product","3":"status-publish","4":"has-post-thumbnail","6":"product_cat-rabattkodekampanje","7":"product_tag-faglitteratur","9":"first","10":"instock","11":"shipping-taxable","12":"purchasable","13":"product-type-simple"},"acf":{"anmeldelse":[{"tekst_anmeldelser":"\u00abAlle som vil ha et digitalt selvforsvar, m\u00e5 lese denne boken. [...] Med enorm klarhet og moralsk mot viser Zuboff hvordan vi ikke bare blir frar\u00f8vet data, vi blir selv radikalt forandret i prosessen. Det haster og mye er allerede tapt, men som vi l\u00e6rer i denne uunnv\u00e6rlige boken, finnes det fortsatt h\u00e5p om frigj\u00f8ring.\u00bb","av_anmeldelser":"Naomi Klein","terningkast":false,"kilde":""},{"tekst_anmeldelser":"\u00abSom Thomas Pikettys Kapitalen i det 21. \u00e5rhundre utfordrer boken v\u00e5re tanker om maktstrukturer og stiller ukomfortable sp\u00f8rsm\u00e5l om v\u00e5r tid og om framtiden. Den staker ut grunnlaget for en debatt det er helt n\u00f8dvendig at vi tar n\u00e5.\u00bb","av_anmeldelser":"Nicholas Carr","terningkast":false,"kilde":"Los Angeles Review of Books"},{"tekst_anmeldelser":"\u00abKanskje den viktigste boken som er utgitt dette \u00e5rhundret. [...]  Dette er v\u00e5r generasjons Das Kapital.\u00bb","av_anmeldelser":"Zadie Smith","terningkast":false,"kilde":""},{"tekst_anmeldelser":"\u00abMange adjektiver kan brukes for \u00e5 beskrive Zuboffs bok: banebrytende, autoritativ, foruroligende, alarmistisk, absurd. Men ett holder: uunnv\u00e6rlig.\u00bb","av_anmeldelser":"John Thornhill","terningkast":false,"kilde":"Financial Times"}]},"yoast_head":"<!-- This site is optimized with the Yoast SEO plugin v26.6 - https:\/\/yoast.com\/wordpress\/plugins\/seo\/ -->\n<title>Overv\u00e5kingskapitalismens tidsalder - Spartacus<\/title>\n<meta name=\"robots\" content=\"noindex, follow, max-snippet:-1, max-image-preview:large, max-video-preview:-1\" \/>\n<meta property=\"og:locale\" content=\"nb_NO\" \/>\n<meta property=\"og:type\" content=\"article\" \/>\n<meta property=\"og:title\" content=\"Overv\u00e5kingskapitalismens tidsalder - Spartacus\" \/>\n<meta property=\"og:description\" content=\"Med sine &laquo;gratis&raquo; tjenester har giganter som Google og Facebook gitt oss et tilbud vi ikke kunne takke nei til. Til gjengjeld forsyner de seg med enorme mengder data om v\u00e5r oppf\u00f8rsel og preferanser, som de ganske uforstyrret selger videre til h\u00f8ystbydende. Det er dette Shoshana Zuboff kaller overv\u00e5kingskapitalisme, et fenomen som truer med \u00e5 [&hellip;]\" \/>\n<meta property=\"og:url\" content=\"https:\/\/staging.forenteforlag.no\/spartacus\/produkt\/overvakingskapitalismens-tidsalder-2\/\" \/>\n<meta property=\"og:site_name\" content=\"Spartacus\" \/>\n<meta property=\"article:publisher\" content=\"https:\/\/www.facebook.com\/SpartacusForlag\" \/>\n<meta property=\"article:modified_time\" content=\"2026-03-02T17:23:30+00:00\" \/>\n<meta property=\"og:image\" content=\"https:\/\/staging.forenteforlag.no\/spartacus\/wp-content\/uploads\/sites\/6\/2026\/02\/9788243013483.jpg\" \/>\n\t<meta property=\"og:image:width\" content=\"720\" \/>\n\t<meta property=\"og:image:height\" content=\"1137\" \/>\n\t<meta property=\"og:image:type\" content=\"image\/jpeg\" \/>\n<meta name=\"twitter:card\" content=\"summary_large_image\" \/>\n<meta name=\"twitter:label1\" content=\"Ansl. lesetid\" \/>\n\t<meta name=\"twitter:data1\" content=\"1 minutt\" \/>\n<script type=\"application\/ld+json\" class=\"yoast-schema-graph\">{\"@context\":\"https:\/\/schema.org\",\"@graph\":[{\"@type\":\"WebPage\",\"@id\":\"https:\/\/staging.forenteforlag.no\/spartacus\/produkt\/overvakingskapitalismens-tidsalder-2\/\",\"url\":\"https:\/\/staging.forenteforlag.no\/spartacus\/produkt\/overvakingskapitalismens-tidsalder-2\/\",\"name\":\"Overv\u00e5kingskapitalismens tidsalder - Spartacus\",\"isPartOf\":{\"@id\":\"https:\/\/staging.forenteforlag.no\/spartacus\/#website\"},\"primaryImageOfPage\":{\"@id\":\"https:\/\/staging.forenteforlag.no\/spartacus\/produkt\/overvakingskapitalismens-tidsalder-2\/#primaryimage\"},\"image\":{\"@id\":\"https:\/\/staging.forenteforlag.no\/spartacus\/produkt\/overvakingskapitalismens-tidsalder-2\/#primaryimage\"},\"thumbnailUrl\":\"https:\/\/staging.forenteforlag.no\/spartacus\/wp-content\/uploads\/sites\/6\/2026\/02\/9788243013483.jpg\",\"datePublished\":\"2020-09-30T00:00:00+00:00\",\"dateModified\":\"2026-03-02T17:23:30+00:00\",\"breadcrumb\":{\"@id\":\"https:\/\/staging.forenteforlag.no\/spartacus\/produkt\/overvakingskapitalismens-tidsalder-2\/#breadcrumb\"},\"inLanguage\":\"nb-NO\",\"potentialAction\":[{\"@type\":\"ReadAction\",\"target\":[\"https:\/\/staging.forenteforlag.no\/spartacus\/produkt\/overvakingskapitalismens-tidsalder-2\/\"]}]},{\"@type\":\"ImageObject\",\"inLanguage\":\"nb-NO\",\"@id\":\"https:\/\/staging.forenteforlag.no\/spartacus\/produkt\/overvakingskapitalismens-tidsalder-2\/#primaryimage\",\"url\":\"https:\/\/staging.forenteforlag.no\/spartacus\/wp-content\/uploads\/sites\/6\/2026\/02\/9788243013483.jpg\",\"contentUrl\":\"https:\/\/staging.forenteforlag.no\/spartacus\/wp-content\/uploads\/sites\/6\/2026\/02\/9788243013483.jpg\",\"width\":720,\"height\":1137},{\"@type\":\"BreadcrumbList\",\"@id\":\"https:\/\/staging.forenteforlag.no\/spartacus\/produkt\/overvakingskapitalismens-tidsalder-2\/#breadcrumb\",\"itemListElement\":[{\"@type\":\"ListItem\",\"position\":1,\"name\":\"Hjem\",\"item\":\"https:\/\/staging.forenteforlag.no\/spartacus\/\"},{\"@type\":\"ListItem\",\"position\":2,\"name\":\"Alle b\u00f8ker\",\"item\":\"https:\/\/staging.forenteforlag.no\/spartacus\/butikk\/\"},{\"@type\":\"ListItem\",\"position\":3,\"name\":\"Overv\u00e5kingskapitalismens tidsalder\"}]},{\"@type\":\"WebSite\",\"@id\":\"https:\/\/staging.forenteforlag.no\/spartacus\/#website\",\"url\":\"https:\/\/staging.forenteforlag.no\/spartacus\/\",\"name\":\"Spartacus forlag\",\"description\":\"\",\"publisher\":{\"@id\":\"https:\/\/staging.forenteforlag.no\/spartacus\/#organization\"},\"potentialAction\":[{\"@type\":\"SearchAction\",\"target\":{\"@type\":\"EntryPoint\",\"urlTemplate\":\"https:\/\/staging.forenteforlag.no\/spartacus\/?s={search_term_string}\"},\"query-input\":{\"@type\":\"PropertyValueSpecification\",\"valueRequired\":true,\"valueName\":\"search_term_string\"}}],\"inLanguage\":\"nb-NO\"},{\"@type\":\"Organization\",\"@id\":\"https:\/\/staging.forenteforlag.no\/spartacus\/#organization\",\"name\":\"Spartacus forlag\",\"url\":\"https:\/\/staging.forenteforlag.no\/spartacus\/\",\"logo\":{\"@type\":\"ImageObject\",\"inLanguage\":\"nb-NO\",\"@id\":\"https:\/\/staging.forenteforlag.no\/spartacus\/#\/schema\/logo\/image\/\",\"url\":\"https:\/\/staging.forenteforlag.no\/spartacus\/wp-content\/uploads\/sites\/6\/2024\/09\/Spartacus_logo.svg\",\"contentUrl\":\"https:\/\/staging.forenteforlag.no\/spartacus\/wp-content\/uploads\/sites\/6\/2024\/09\/Spartacus_logo.svg\",\"width\":100,\"height\":100,\"caption\":\"Spartacus forlag\"},\"image\":{\"@id\":\"https:\/\/staging.forenteforlag.no\/spartacus\/#\/schema\/logo\/image\/\"},\"sameAs\":[\"https:\/\/www.facebook.com\/SpartacusForlag\"]}]}<\/script>\n<!-- \/ Yoast SEO plugin. -->","yoast_head_json":{"title":"Overv\u00e5kingskapitalismens tidsalder - Spartacus","robots":{"index":"noindex","follow":"follow","max-snippet":"max-snippet:-1","max-image-preview":"max-image-preview:large","max-video-preview":"max-video-preview:-1"},"og_locale":"nb_NO","og_type":"article","og_title":"Overv\u00e5kingskapitalismens tidsalder - Spartacus","og_description":"Med sine &laquo;gratis&raquo; tjenester har giganter som Google og Facebook gitt oss et tilbud vi ikke kunne takke nei til. Til gjengjeld forsyner de seg med enorme mengder data om v\u00e5r oppf\u00f8rsel og preferanser, som de ganske uforstyrret selger videre til h\u00f8ystbydende. Det er dette Shoshana Zuboff kaller overv\u00e5kingskapitalisme, et fenomen som truer med \u00e5 [&hellip;]","og_url":"https:\/\/staging.forenteforlag.no\/spartacus\/produkt\/overvakingskapitalismens-tidsalder-2\/","og_site_name":"Spartacus","article_publisher":"https:\/\/www.facebook.com\/SpartacusForlag","article_modified_time":"2026-03-02T17:23:30+00:00","og_image":[{"width":720,"height":1137,"url":"https:\/\/staging.forenteforlag.no\/spartacus\/wp-content\/uploads\/sites\/6\/2026\/02\/9788243013483.jpg","type":"image\/jpeg"}],"twitter_card":"summary_large_image","twitter_misc":{"Ansl. lesetid":"1 minutt"},"schema":{"@context":"https:\/\/schema.org","@graph":[{"@type":"WebPage","@id":"https:\/\/staging.forenteforlag.no\/spartacus\/produkt\/overvakingskapitalismens-tidsalder-2\/","url":"https:\/\/staging.forenteforlag.no\/spartacus\/produkt\/overvakingskapitalismens-tidsalder-2\/","name":"Overv\u00e5kingskapitalismens tidsalder - Spartacus","isPartOf":{"@id":"https:\/\/staging.forenteforlag.no\/spartacus\/#website"},"primaryImageOfPage":{"@id":"https:\/\/staging.forenteforlag.no\/spartacus\/produkt\/overvakingskapitalismens-tidsalder-2\/#primaryimage"},"image":{"@id":"https:\/\/staging.forenteforlag.no\/spartacus\/produkt\/overvakingskapitalismens-tidsalder-2\/#primaryimage"},"thumbnailUrl":"https:\/\/staging.forenteforlag.no\/spartacus\/wp-content\/uploads\/sites\/6\/2026\/02\/9788243013483.jpg","datePublished":"2020-09-30T00:00:00+00:00","dateModified":"2026-03-02T17:23:30+00:00","breadcrumb":{"@id":"https:\/\/staging.forenteforlag.no\/spartacus\/produkt\/overvakingskapitalismens-tidsalder-2\/#breadcrumb"},"inLanguage":"nb-NO","potentialAction":[{"@type":"ReadAction","target":["https:\/\/staging.forenteforlag.no\/spartacus\/produkt\/overvakingskapitalismens-tidsalder-2\/"]}]},{"@type":"ImageObject","inLanguage":"nb-NO","@id":"https:\/\/staging.forenteforlag.no\/spartacus\/produkt\/overvakingskapitalismens-tidsalder-2\/#primaryimage","url":"https:\/\/staging.forenteforlag.no\/spartacus\/wp-content\/uploads\/sites\/6\/2026\/02\/9788243013483.jpg","contentUrl":"https:\/\/staging.forenteforlag.no\/spartacus\/wp-content\/uploads\/sites\/6\/2026\/02\/9788243013483.jpg","width":720,"height":1137},{"@type":"BreadcrumbList","@id":"https:\/\/staging.forenteforlag.no\/spartacus\/produkt\/overvakingskapitalismens-tidsalder-2\/#breadcrumb","itemListElement":[{"@type":"ListItem","position":1,"name":"Hjem","item":"https:\/\/staging.forenteforlag.no\/spartacus\/"},{"@type":"ListItem","position":2,"name":"Alle b\u00f8ker","item":"https:\/\/staging.forenteforlag.no\/spartacus\/butikk\/"},{"@type":"ListItem","position":3,"name":"Overv\u00e5kingskapitalismens tidsalder"}]},{"@type":"WebSite","@id":"https:\/\/staging.forenteforlag.no\/spartacus\/#website","url":"https:\/\/staging.forenteforlag.no\/spartacus\/","name":"Spartacus forlag","description":"","publisher":{"@id":"https:\/\/staging.forenteforlag.no\/spartacus\/#organization"},"potentialAction":[{"@type":"SearchAction","target":{"@type":"EntryPoint","urlTemplate":"https:\/\/staging.forenteforlag.no\/spartacus\/?s={search_term_string}"},"query-input":{"@type":"PropertyValueSpecification","valueRequired":true,"valueName":"search_term_string"}}],"inLanguage":"nb-NO"},{"@type":"Organization","@id":"https:\/\/staging.forenteforlag.no\/spartacus\/#organization","name":"Spartacus forlag","url":"https:\/\/staging.forenteforlag.no\/spartacus\/","logo":{"@type":"ImageObject","inLanguage":"nb-NO","@id":"https:\/\/staging.forenteforlag.no\/spartacus\/#\/schema\/logo\/image\/","url":"https:\/\/staging.forenteforlag.no\/spartacus\/wp-content\/uploads\/sites\/6\/2024\/09\/Spartacus_logo.svg","contentUrl":"https:\/\/staging.forenteforlag.no\/spartacus\/wp-content\/uploads\/sites\/6\/2024\/09\/Spartacus_logo.svg","width":100,"height":100,"caption":"Spartacus forlag"},"image":{"@id":"https:\/\/staging.forenteforlag.no\/spartacus\/#\/schema\/logo\/image\/"},"sameAs":["https:\/\/www.facebook.com\/SpartacusForlag"]}]}},"_links":{"self":[{"href":"https:\/\/staging.forenteforlag.no\/spartacus\/wp-json\/wp\/v2\/product\/22381","targetHints":{"allow":["GET"]}}],"collection":[{"href":"https:\/\/staging.forenteforlag.no\/spartacus\/wp-json\/wp\/v2\/product"}],"about":[{"href":"https:\/\/staging.forenteforlag.no\/spartacus\/wp-json\/wp\/v2\/types\/product"}],"wp:featuredmedia":[{"embeddable":true,"href":"https:\/\/staging.forenteforlag.no\/spartacus\/wp-json\/wp\/v2\/media\/26643"}],"wp:attachment":[{"href":"https:\/\/staging.forenteforlag.no\/spartacus\/wp-json\/wp\/v2\/media?parent=22381"}],"wp:term":[{"taxonomy":"product_brand","embeddable":true,"href":"https:\/\/staging.forenteforlag.no\/spartacus\/wp-json\/wp\/v2\/product_brand?post=22381"},{"taxonomy":"product_cat","embeddable":true,"href":"https:\/\/staging.forenteforlag.no\/spartacus\/wp-json\/wp\/v2\/product_cat?post=22381"},{"taxonomy":"product_tag","embeddable":true,"href":"https:\/\/staging.forenteforlag.no\/spartacus\/wp-json\/wp\/v2\/product_tag?post=22381"}],"curies":[{"name":"wp","href":"https:\/\/api.w.org\/{rel}","templated":true}]}}