{"id":22373,"date":"2020-04-02T02:00:00","date_gmt":"2020-04-02T00:00:00","guid":{"rendered":"https:\/\/spartacus.forenteforlag.no\/produkt\/oljeeventyret-2\/"},"modified":"2026-03-04T15:26:31","modified_gmt":"2026-03-04T14:26:31","slug":"oljeeventyret-2","status":"publish","type":"product","link":"https:\/\/staging.forenteforlag.no\/spartacus\/produkt\/oljeeventyret-2\/","title":{"rendered":"Oljeeventyret"},"content":{"rendered":"<p>Oljen har gjort nordmenn til lottovinnere. Den har skapt innovasjon og arbeidsplasser og gjennomsyrer hele \u00f8konomien. Det er liten tvil om at oljen har spilt en helt sentral rolle for moderniseringen av det norske samfunnet, og at vi ville v\u00e6rt et fattigere land uten. <\/p>\n<p>Men v\u00e5r moderne samfunnsorden er skj\u00f8r. Formuer vinnes og tapes i et h\u00f8yt tempo i verdens finansmarkeder. Og fordi olje- prisen er s\u00e5 viktig for v\u00e5r tids \u00f8konomi, kan svingningene i den skape b\u00e5de kriser og velstand. Oljen har forandret verden, og den har forandret Norge. N\u00e5 reises sp\u00f8rsm\u00e5let om norsk olje- virksomhet b\u00f8r avsluttes som del av v\u00e5rt bidrag til \u00e5 dempe klimakrisen. Selv om debatten er polarisert, kan mye tyde p\u00e5 at det norske oljeeventyret n\u00e6rmer seg slutten. Hvor g\u00e5r veien videre n\u00e5r vi ikke lenger skal v\u00e6re avhengig av olje?<\/p>\n","protected":false},"excerpt":{"rendered":"<p>Oljen har gjort nordmenn til lottovinnere. Den har skapt innovasjon og arbeidsplasser og gjennomsyrer hele \u00f8konomien. Det er liten tvil om at oljen har spilt en helt sentral rolle for moderniseringen av det norske samfunnet, og at vi ville v\u00e6rt et fattigere land uten. Men v\u00e5r moderne samfunnsorden er skj\u00f8r. Formuer vinnes og tapes i [&hellip;]<\/p>\n","protected":false},"featured_media":26623,"template":"","meta":{"_acf_changed":false,"inline_featured_image":false},"product_brand":[],"product_cat":[1786],"product_tag":[362,933,439,915,1109],"class_list":{"0":"post-22373","1":"product","2":"type-product","3":"status-publish","4":"has-post-thumbnail","6":"product_cat-rabattkodekampanje","7":"product_tag-faglitteratur","8":"product_tag-miljopolitikk","9":"product_tag-nord-norge","10":"product_tag-olje-og-gassutvinning","11":"product_tag-oljeinntekter","13":"first","14":"instock","15":"shipping-taxable","16":"purchasable","17":"product-type-simple"},"acf":{"anmeldelse":[{"tekst_anmeldelser":"\u00abKnut Anton Morks bok er bedre. ... Ikke overraskende er det olje\u00f8konomien han konsentrerer seg om. Det gj\u00f8r han p\u00e5 en pedagogisk m\u00e5te. ... Innhentet av virkeligheten: Mork bruker mye plass p\u00e5 det som egentlig skulle v\u00e6re \u00e5 se inn i krystallkulen og sp\u00e5 hvordan norsk \u00f8konomi blir n\u00e5r oljeinntektene forsvinner. Fra han satte punktum til jeg leste boken, sank oljeprisen med 70 prosent. Slik ble boken rett og slett ubehagelig aktuell.\u00bb","av_anmeldelser":"Gunnar Kagge","terningkast":false,"kilde":"Aftenposten"},{"tekst_anmeldelser":"\u00abP\u00e5 pedagogisk og lettfatteleg vis rissar Mork opp b\u00e5de den 160 \u00e5r lange internasjonale oljehistoria og den 50 \u00e5r lange norske\u00bb","av_anmeldelser":"Tom Hetland","terningkast":false,"kilde":"Stavanger Aftenblad"}]},"yoast_head":"<!-- This site is optimized with the Yoast SEO plugin v26.6 - https:\/\/yoast.com\/wordpress\/plugins\/seo\/ -->\n<title>Oljeeventyret - Spartacus<\/title>\n<meta name=\"robots\" content=\"noindex, follow, max-snippet:-1, max-image-preview:large, max-video-preview:-1\" \/>\n<meta property=\"og:locale\" content=\"nb_NO\" \/>\n<meta property=\"og:type\" content=\"article\" \/>\n<meta property=\"og:title\" content=\"Oljeeventyret - Spartacus\" \/>\n<meta property=\"og:description\" content=\"Oljen har gjort nordmenn til lottovinnere. Den har skapt innovasjon og arbeidsplasser og gjennomsyrer hele \u00f8konomien. Det er liten tvil om at oljen har spilt en helt sentral rolle for moderniseringen av det norske samfunnet, og at vi ville v\u00e6rt et fattigere land uten. Men v\u00e5r moderne samfunnsorden er skj\u00f8r. Formuer vinnes og tapes i [&hellip;]\" \/>\n<meta property=\"og:url\" content=\"https:\/\/staging.forenteforlag.no\/spartacus\/produkt\/oljeeventyret-2\/\" \/>\n<meta property=\"og:site_name\" content=\"Spartacus\" \/>\n<meta property=\"article:publisher\" content=\"https:\/\/www.facebook.com\/SpartacusForlag\" \/>\n<meta property=\"article:modified_time\" content=\"2026-03-04T14:26:31+00:00\" \/>\n<meta property=\"og:image\" content=\"https:\/\/staging.forenteforlag.no\/spartacus\/wp-content\/uploads\/sites\/6\/2026\/02\/9788243013070.jpg\" \/>\n\t<meta property=\"og:image:width\" content=\"720\" \/>\n\t<meta property=\"og:image:height\" content=\"1114\" \/>\n\t<meta property=\"og:image:type\" content=\"image\/jpeg\" \/>\n<meta name=\"twitter:card\" content=\"summary_large_image\" \/>\n<meta name=\"twitter:label1\" content=\"Ansl. lesetid\" \/>\n\t<meta name=\"twitter:data1\" content=\"1 minutt\" \/>\n<script type=\"application\/ld+json\" class=\"yoast-schema-graph\">{\"@context\":\"https:\/\/schema.org\",\"@graph\":[{\"@type\":\"WebPage\",\"@id\":\"https:\/\/staging.forenteforlag.no\/spartacus\/produkt\/oljeeventyret-2\/\",\"url\":\"https:\/\/staging.forenteforlag.no\/spartacus\/produkt\/oljeeventyret-2\/\",\"name\":\"Oljeeventyret - Spartacus\",\"isPartOf\":{\"@id\":\"https:\/\/staging.forenteforlag.no\/spartacus\/#website\"},\"primaryImageOfPage\":{\"@id\":\"https:\/\/staging.forenteforlag.no\/spartacus\/produkt\/oljeeventyret-2\/#primaryimage\"},\"image\":{\"@id\":\"https:\/\/staging.forenteforlag.no\/spartacus\/produkt\/oljeeventyret-2\/#primaryimage\"},\"thumbnailUrl\":\"https:\/\/staging.forenteforlag.no\/spartacus\/wp-content\/uploads\/sites\/6\/2026\/02\/9788243013070.jpg\",\"datePublished\":\"2020-04-02T00:00:00+00:00\",\"dateModified\":\"2026-03-04T14:26:31+00:00\",\"breadcrumb\":{\"@id\":\"https:\/\/staging.forenteforlag.no\/spartacus\/produkt\/oljeeventyret-2\/#breadcrumb\"},\"inLanguage\":\"nb-NO\",\"potentialAction\":[{\"@type\":\"ReadAction\",\"target\":[\"https:\/\/staging.forenteforlag.no\/spartacus\/produkt\/oljeeventyret-2\/\"]}]},{\"@type\":\"ImageObject\",\"inLanguage\":\"nb-NO\",\"@id\":\"https:\/\/staging.forenteforlag.no\/spartacus\/produkt\/oljeeventyret-2\/#primaryimage\",\"url\":\"https:\/\/staging.forenteforlag.no\/spartacus\/wp-content\/uploads\/sites\/6\/2026\/02\/9788243013070.jpg\",\"contentUrl\":\"https:\/\/staging.forenteforlag.no\/spartacus\/wp-content\/uploads\/sites\/6\/2026\/02\/9788243013070.jpg\",\"width\":720,\"height\":1114},{\"@type\":\"BreadcrumbList\",\"@id\":\"https:\/\/staging.forenteforlag.no\/spartacus\/produkt\/oljeeventyret-2\/#breadcrumb\",\"itemListElement\":[{\"@type\":\"ListItem\",\"position\":1,\"name\":\"Hjem\",\"item\":\"https:\/\/staging.forenteforlag.no\/spartacus\/\"},{\"@type\":\"ListItem\",\"position\":2,\"name\":\"Alle b\u00f8ker\",\"item\":\"https:\/\/staging.forenteforlag.no\/spartacus\/butikk\/\"},{\"@type\":\"ListItem\",\"position\":3,\"name\":\"Oljeeventyret\"}]},{\"@type\":\"WebSite\",\"@id\":\"https:\/\/staging.forenteforlag.no\/spartacus\/#website\",\"url\":\"https:\/\/staging.forenteforlag.no\/spartacus\/\",\"name\":\"Spartacus forlag\",\"description\":\"\",\"publisher\":{\"@id\":\"https:\/\/staging.forenteforlag.no\/spartacus\/#organization\"},\"potentialAction\":[{\"@type\":\"SearchAction\",\"target\":{\"@type\":\"EntryPoint\",\"urlTemplate\":\"https:\/\/staging.forenteforlag.no\/spartacus\/?s={search_term_string}\"},\"query-input\":{\"@type\":\"PropertyValueSpecification\",\"valueRequired\":true,\"valueName\":\"search_term_string\"}}],\"inLanguage\":\"nb-NO\"},{\"@type\":\"Organization\",\"@id\":\"https:\/\/staging.forenteforlag.no\/spartacus\/#organization\",\"name\":\"Spartacus forlag\",\"url\":\"https:\/\/staging.forenteforlag.no\/spartacus\/\",\"logo\":{\"@type\":\"ImageObject\",\"inLanguage\":\"nb-NO\",\"@id\":\"https:\/\/staging.forenteforlag.no\/spartacus\/#\/schema\/logo\/image\/\",\"url\":\"https:\/\/staging.forenteforlag.no\/spartacus\/wp-content\/uploads\/sites\/6\/2024\/09\/Spartacus_logo.svg\",\"contentUrl\":\"https:\/\/staging.forenteforlag.no\/spartacus\/wp-content\/uploads\/sites\/6\/2024\/09\/Spartacus_logo.svg\",\"width\":100,\"height\":100,\"caption\":\"Spartacus forlag\"},\"image\":{\"@id\":\"https:\/\/staging.forenteforlag.no\/spartacus\/#\/schema\/logo\/image\/\"},\"sameAs\":[\"https:\/\/www.facebook.com\/SpartacusForlag\"]}]}<\/script>\n<!-- \/ Yoast SEO plugin. -->","yoast_head_json":{"title":"Oljeeventyret - Spartacus","robots":{"index":"noindex","follow":"follow","max-snippet":"max-snippet:-1","max-image-preview":"max-image-preview:large","max-video-preview":"max-video-preview:-1"},"og_locale":"nb_NO","og_type":"article","og_title":"Oljeeventyret - Spartacus","og_description":"Oljen har gjort nordmenn til lottovinnere. Den har skapt innovasjon og arbeidsplasser og gjennomsyrer hele \u00f8konomien. Det er liten tvil om at oljen har spilt en helt sentral rolle for moderniseringen av det norske samfunnet, og at vi ville v\u00e6rt et fattigere land uten. Men v\u00e5r moderne samfunnsorden er skj\u00f8r. Formuer vinnes og tapes i [&hellip;]","og_url":"https:\/\/staging.forenteforlag.no\/spartacus\/produkt\/oljeeventyret-2\/","og_site_name":"Spartacus","article_publisher":"https:\/\/www.facebook.com\/SpartacusForlag","article_modified_time":"2026-03-04T14:26:31+00:00","og_image":[{"width":720,"height":1114,"url":"https:\/\/staging.forenteforlag.no\/spartacus\/wp-content\/uploads\/sites\/6\/2026\/02\/9788243013070.jpg","type":"image\/jpeg"}],"twitter_card":"summary_large_image","twitter_misc":{"Ansl. lesetid":"1 minutt"},"schema":{"@context":"https:\/\/schema.org","@graph":[{"@type":"WebPage","@id":"https:\/\/staging.forenteforlag.no\/spartacus\/produkt\/oljeeventyret-2\/","url":"https:\/\/staging.forenteforlag.no\/spartacus\/produkt\/oljeeventyret-2\/","name":"Oljeeventyret - Spartacus","isPartOf":{"@id":"https:\/\/staging.forenteforlag.no\/spartacus\/#website"},"primaryImageOfPage":{"@id":"https:\/\/staging.forenteforlag.no\/spartacus\/produkt\/oljeeventyret-2\/#primaryimage"},"image":{"@id":"https:\/\/staging.forenteforlag.no\/spartacus\/produkt\/oljeeventyret-2\/#primaryimage"},"thumbnailUrl":"https:\/\/staging.forenteforlag.no\/spartacus\/wp-content\/uploads\/sites\/6\/2026\/02\/9788243013070.jpg","datePublished":"2020-04-02T00:00:00+00:00","dateModified":"2026-03-04T14:26:31+00:00","breadcrumb":{"@id":"https:\/\/staging.forenteforlag.no\/spartacus\/produkt\/oljeeventyret-2\/#breadcrumb"},"inLanguage":"nb-NO","potentialAction":[{"@type":"ReadAction","target":["https:\/\/staging.forenteforlag.no\/spartacus\/produkt\/oljeeventyret-2\/"]}]},{"@type":"ImageObject","inLanguage":"nb-NO","@id":"https:\/\/staging.forenteforlag.no\/spartacus\/produkt\/oljeeventyret-2\/#primaryimage","url":"https:\/\/staging.forenteforlag.no\/spartacus\/wp-content\/uploads\/sites\/6\/2026\/02\/9788243013070.jpg","contentUrl":"https:\/\/staging.forenteforlag.no\/spartacus\/wp-content\/uploads\/sites\/6\/2026\/02\/9788243013070.jpg","width":720,"height":1114},{"@type":"BreadcrumbList","@id":"https:\/\/staging.forenteforlag.no\/spartacus\/produkt\/oljeeventyret-2\/#breadcrumb","itemListElement":[{"@type":"ListItem","position":1,"name":"Hjem","item":"https:\/\/staging.forenteforlag.no\/spartacus\/"},{"@type":"ListItem","position":2,"name":"Alle b\u00f8ker","item":"https:\/\/staging.forenteforlag.no\/spartacus\/butikk\/"},{"@type":"ListItem","position":3,"name":"Oljeeventyret"}]},{"@type":"WebSite","@id":"https:\/\/staging.forenteforlag.no\/spartacus\/#website","url":"https:\/\/staging.forenteforlag.no\/spartacus\/","name":"Spartacus forlag","description":"","publisher":{"@id":"https:\/\/staging.forenteforlag.no\/spartacus\/#organization"},"potentialAction":[{"@type":"SearchAction","target":{"@type":"EntryPoint","urlTemplate":"https:\/\/staging.forenteforlag.no\/spartacus\/?s={search_term_string}"},"query-input":{"@type":"PropertyValueSpecification","valueRequired":true,"valueName":"search_term_string"}}],"inLanguage":"nb-NO"},{"@type":"Organization","@id":"https:\/\/staging.forenteforlag.no\/spartacus\/#organization","name":"Spartacus forlag","url":"https:\/\/staging.forenteforlag.no\/spartacus\/","logo":{"@type":"ImageObject","inLanguage":"nb-NO","@id":"https:\/\/staging.forenteforlag.no\/spartacus\/#\/schema\/logo\/image\/","url":"https:\/\/staging.forenteforlag.no\/spartacus\/wp-content\/uploads\/sites\/6\/2024\/09\/Spartacus_logo.svg","contentUrl":"https:\/\/staging.forenteforlag.no\/spartacus\/wp-content\/uploads\/sites\/6\/2024\/09\/Spartacus_logo.svg","width":100,"height":100,"caption":"Spartacus forlag"},"image":{"@id":"https:\/\/staging.forenteforlag.no\/spartacus\/#\/schema\/logo\/image\/"},"sameAs":["https:\/\/www.facebook.com\/SpartacusForlag"]}]}},"_links":{"self":[{"href":"https:\/\/staging.forenteforlag.no\/spartacus\/wp-json\/wp\/v2\/product\/22373","targetHints":{"allow":["GET"]}}],"collection":[{"href":"https:\/\/staging.forenteforlag.no\/spartacus\/wp-json\/wp\/v2\/product"}],"about":[{"href":"https:\/\/staging.forenteforlag.no\/spartacus\/wp-json\/wp\/v2\/types\/product"}],"wp:featuredmedia":[{"embeddable":true,"href":"https:\/\/staging.forenteforlag.no\/spartacus\/wp-json\/wp\/v2\/media\/26623"}],"wp:attachment":[{"href":"https:\/\/staging.forenteforlag.no\/spartacus\/wp-json\/wp\/v2\/media?parent=22373"}],"wp:term":[{"taxonomy":"product_brand","embeddable":true,"href":"https:\/\/staging.forenteforlag.no\/spartacus\/wp-json\/wp\/v2\/product_brand?post=22373"},{"taxonomy":"product_cat","embeddable":true,"href":"https:\/\/staging.forenteforlag.no\/spartacus\/wp-json\/wp\/v2\/product_cat?post=22373"},{"taxonomy":"product_tag","embeddable":true,"href":"https:\/\/staging.forenteforlag.no\/spartacus\/wp-json\/wp\/v2\/product_tag?post=22373"}],"curies":[{"name":"wp","href":"https:\/\/api.w.org\/{rel}","templated":true}]}}