{"id":22372,"date":"2020-03-24T01:00:00","date_gmt":"2020-03-24T00:00:00","guid":{"rendered":"https:\/\/spartacus.forenteforlag.no\/produkt\/til-bords-med-de-mektige-2\/"},"modified":"2026-03-04T15:27:22","modified_gmt":"2026-03-04T14:27:22","slug":"til-bords-med-de-mektige-2","status":"publish","type":"product","link":"https:\/\/staging.forenteforlag.no\/spartacus\/produkt\/til-bords-med-de-mektige-2\/","title":{"rendered":"Til bords med de mektige"},"content":{"rendered":"<p>FNs sikkerhetsr\u00e5d er verdens mektigste m\u00f8teplass. Det har makt til \u00e5 starte kriger og kan gripe inn i staters indre liv. R\u00e5det er et barometer for det internasjonale samarbeidsklimaet, som er temmelig d\u00e5rlig idet FN runder 75 \u00e5r. <\/p>\n<p>Norge har v\u00e6rt medlem fire ganger og forbereder seg n\u00e5 til en femte to\u00e5rsperiode fra januar 2021. Men polariseringen mellom vetomaktene i r\u00e5det gj\u00f8r at det blir krevende \u00e5 v\u00e6re ett av de ti valgte medlemslandene. <\/p>\n<p>Hva kan Norge l\u00e6re av tidligere perioder i r\u00e5det? Hva blir de st\u00f8rste utfordringene i 2021-22? Journalist Tove Gravdal svarer p\u00e5 slike sp\u00f8rsm\u00e5l i Til bords med de mektige. Boken er ogs\u00e5 en innf\u00f8ring i Sikkerhetsr\u00e5dets historie og funksjon, og er et nyttig redskap for alle som vil vite mer om en av verdens mest fascinerende institusjoner.<\/p>\n","protected":false},"excerpt":{"rendered":"<p>FNs sikkerhetsr\u00e5d er verdens mektigste m\u00f8teplass. Det har makt til \u00e5 starte kriger og kan gripe inn i staters indre liv. R\u00e5det er et barometer for det internasjonale samarbeidsklimaet, som er temmelig d\u00e5rlig idet FN runder 75 \u00e5r. Norge har v\u00e6rt medlem fire ganger og forbereder seg n\u00e5 til en femte to\u00e5rsperiode fra januar 2021. [&hellip;]<\/p>\n","protected":false},"featured_media":26632,"template":"","meta":{"_acf_changed":false,"inline_featured_image":false},"product_brand":[],"product_cat":[1786],"product_tag":[365,364,367,362,881,439,531],"class_list":{"0":"post-22372","1":"product","2":"type-product","3":"status-publish","4":"has-post-thumbnail","6":"product_cat-rabattkodekampanje","7":"product_tag-1945-1999","8":"product_tag-2000-2009","9":"product_tag-2010-2019","10":"product_tag-faglitteratur","11":"product_tag-forente-nasjoner","12":"product_tag-nord-norge","13":"product_tag-sikkerhetspolitikk","15":"first","16":"instock","17":"shipping-taxable","18":"purchasable","19":"product-type-simple"},"acf":{"anmeldelse":[{"tekst_anmeldelser":"\u00abGravdal presenterer kampanjen med journalistisk kl\u00f8kt og morosame detaljar. Boka hennar er rett og slett veldig under\u00adhaldande.\u00bb","av_anmeldelser":"Emil Andr\u00e9 Erstad","terningkast":false,"kilde":"V\u00e5rt Land"},{"tekst_anmeldelser":"\u00ab ... s\u00e5 opplysende og analytisk at den faktisk b\u00f8r vurderes som grunnbok p\u00e5 h\u00f8gskole- og universitetsniv\u00e5.\u00bb","av_anmeldelser":"Per E. Hem","terningkast":false,"kilde":"Morgenbladet"},{"tekst_anmeldelser":"\u00abHyperaktuell bok om Norge som vil inn i Sikkerhetsr\u00e5det. La det v\u00e6re sagt med en gang; det er rett og slett bemerkelsesverdig \u00e5 skrive en s\u00e5 god bok om et tilsynelatende s\u00e5 kjedelig tema.\u00bb","av_anmeldelser":"Jan-Erik Smilden","terningkast":"<i class=\"fa-solid fa-dice-five\"><\/i>","kilde":"Dagbladet"},{"tekst_anmeldelser":"\u00abDette er en lesverdig bok, obligatorisk vil jeg nesten si, for alle som interesserer seg for internasjonal politikk. Det er p\u00e5 mange m\u00e5ter, som undertittelen ogs\u00e5 lover, en historiebok.\u00bb","av_anmeldelser":"Eva Kristin Urestad Pedersen","terningkast":false,"kilde":"Transit Magasin"},{"tekst_anmeldelser":"\u00abGravdals bok gir et godt overblikk over hele FNs Sikkerhetsr\u00e5ds historie. Historien hun forteller er nyttig for alle dem som trenger en repetisjon av verdensbegivenheter og hvilken viktig rolle Sikkerhetsr\u00e5det har, tross alle konflikter og problemer. Dessuten kan det v\u00e6re en realitetsorientering for alle som tror at det er mulig \u00e5 ri prinsipper i internasjonale fora, uten at det f\u00e5r konsekvenser. .... Mens vi venter p\u00e5 avgj\u00f8relsen den 17. juni er Gravdals bok verdt \u00e5 lese.\u00bb","av_anmeldelser":"Mathilde Fasting","terningkast":false,"kilde":"Minervanett"}]},"yoast_head":"<!-- This site is optimized with the Yoast SEO plugin v26.6 - https:\/\/yoast.com\/wordpress\/plugins\/seo\/ -->\n<title>Til bords med de mektige - Spartacus<\/title>\n<meta name=\"robots\" content=\"noindex, follow, max-snippet:-1, max-image-preview:large, max-video-preview:-1\" \/>\n<meta property=\"og:locale\" content=\"nb_NO\" \/>\n<meta property=\"og:type\" content=\"article\" \/>\n<meta property=\"og:title\" content=\"Til bords med de mektige - Spartacus\" \/>\n<meta property=\"og:description\" content=\"FNs sikkerhetsr\u00e5d er verdens mektigste m\u00f8teplass. Det har makt til \u00e5 starte kriger og kan gripe inn i staters indre liv. R\u00e5det er et barometer for det internasjonale samarbeidsklimaet, som er temmelig d\u00e5rlig idet FN runder 75 \u00e5r. Norge har v\u00e6rt medlem fire ganger og forbereder seg n\u00e5 til en femte to\u00e5rsperiode fra januar 2021. [&hellip;]\" \/>\n<meta property=\"og:url\" content=\"https:\/\/staging.forenteforlag.no\/spartacus\/produkt\/til-bords-med-de-mektige-2\/\" \/>\n<meta property=\"og:site_name\" content=\"Spartacus\" \/>\n<meta property=\"article:publisher\" content=\"https:\/\/www.facebook.com\/SpartacusForlag\" \/>\n<meta property=\"article:modified_time\" content=\"2026-03-04T14:27:22+00:00\" \/>\n<meta property=\"og:image\" content=\"https:\/\/staging.forenteforlag.no\/spartacus\/wp-content\/uploads\/sites\/6\/2026\/02\/9788243013322.jpg\" \/>\n\t<meta property=\"og:image:width\" content=\"720\" \/>\n\t<meta property=\"og:image:height\" content=\"1066\" \/>\n\t<meta property=\"og:image:type\" content=\"image\/jpeg\" \/>\n<meta name=\"twitter:card\" content=\"summary_large_image\" \/>\n<meta name=\"twitter:label1\" content=\"Ansl. lesetid\" \/>\n\t<meta name=\"twitter:data1\" content=\"1 minutt\" \/>\n<script type=\"application\/ld+json\" class=\"yoast-schema-graph\">{\"@context\":\"https:\/\/schema.org\",\"@graph\":[{\"@type\":\"WebPage\",\"@id\":\"https:\/\/staging.forenteforlag.no\/spartacus\/produkt\/til-bords-med-de-mektige-2\/\",\"url\":\"https:\/\/staging.forenteforlag.no\/spartacus\/produkt\/til-bords-med-de-mektige-2\/\",\"name\":\"Til bords med de mektige - Spartacus\",\"isPartOf\":{\"@id\":\"https:\/\/staging.forenteforlag.no\/spartacus\/#website\"},\"primaryImageOfPage\":{\"@id\":\"https:\/\/staging.forenteforlag.no\/spartacus\/produkt\/til-bords-med-de-mektige-2\/#primaryimage\"},\"image\":{\"@id\":\"https:\/\/staging.forenteforlag.no\/spartacus\/produkt\/til-bords-med-de-mektige-2\/#primaryimage\"},\"thumbnailUrl\":\"https:\/\/staging.forenteforlag.no\/spartacus\/wp-content\/uploads\/sites\/6\/2026\/02\/9788243013322.jpg\",\"datePublished\":\"2020-03-24T00:00:00+00:00\",\"dateModified\":\"2026-03-04T14:27:22+00:00\",\"breadcrumb\":{\"@id\":\"https:\/\/staging.forenteforlag.no\/spartacus\/produkt\/til-bords-med-de-mektige-2\/#breadcrumb\"},\"inLanguage\":\"nb-NO\",\"potentialAction\":[{\"@type\":\"ReadAction\",\"target\":[\"https:\/\/staging.forenteforlag.no\/spartacus\/produkt\/til-bords-med-de-mektige-2\/\"]}]},{\"@type\":\"ImageObject\",\"inLanguage\":\"nb-NO\",\"@id\":\"https:\/\/staging.forenteforlag.no\/spartacus\/produkt\/til-bords-med-de-mektige-2\/#primaryimage\",\"url\":\"https:\/\/staging.forenteforlag.no\/spartacus\/wp-content\/uploads\/sites\/6\/2026\/02\/9788243013322.jpg\",\"contentUrl\":\"https:\/\/staging.forenteforlag.no\/spartacus\/wp-content\/uploads\/sites\/6\/2026\/02\/9788243013322.jpg\",\"width\":720,\"height\":1066},{\"@type\":\"BreadcrumbList\",\"@id\":\"https:\/\/staging.forenteforlag.no\/spartacus\/produkt\/til-bords-med-de-mektige-2\/#breadcrumb\",\"itemListElement\":[{\"@type\":\"ListItem\",\"position\":1,\"name\":\"Hjem\",\"item\":\"https:\/\/staging.forenteforlag.no\/spartacus\/\"},{\"@type\":\"ListItem\",\"position\":2,\"name\":\"Alle b\u00f8ker\",\"item\":\"https:\/\/staging.forenteforlag.no\/spartacus\/butikk\/\"},{\"@type\":\"ListItem\",\"position\":3,\"name\":\"Til bords med de mektige\"}]},{\"@type\":\"WebSite\",\"@id\":\"https:\/\/staging.forenteforlag.no\/spartacus\/#website\",\"url\":\"https:\/\/staging.forenteforlag.no\/spartacus\/\",\"name\":\"Spartacus forlag\",\"description\":\"\",\"publisher\":{\"@id\":\"https:\/\/staging.forenteforlag.no\/spartacus\/#organization\"},\"potentialAction\":[{\"@type\":\"SearchAction\",\"target\":{\"@type\":\"EntryPoint\",\"urlTemplate\":\"https:\/\/staging.forenteforlag.no\/spartacus\/?s={search_term_string}\"},\"query-input\":{\"@type\":\"PropertyValueSpecification\",\"valueRequired\":true,\"valueName\":\"search_term_string\"}}],\"inLanguage\":\"nb-NO\"},{\"@type\":\"Organization\",\"@id\":\"https:\/\/staging.forenteforlag.no\/spartacus\/#organization\",\"name\":\"Spartacus forlag\",\"url\":\"https:\/\/staging.forenteforlag.no\/spartacus\/\",\"logo\":{\"@type\":\"ImageObject\",\"inLanguage\":\"nb-NO\",\"@id\":\"https:\/\/staging.forenteforlag.no\/spartacus\/#\/schema\/logo\/image\/\",\"url\":\"https:\/\/staging.forenteforlag.no\/spartacus\/wp-content\/uploads\/sites\/6\/2024\/09\/Spartacus_logo.svg\",\"contentUrl\":\"https:\/\/staging.forenteforlag.no\/spartacus\/wp-content\/uploads\/sites\/6\/2024\/09\/Spartacus_logo.svg\",\"width\":100,\"height\":100,\"caption\":\"Spartacus forlag\"},\"image\":{\"@id\":\"https:\/\/staging.forenteforlag.no\/spartacus\/#\/schema\/logo\/image\/\"},\"sameAs\":[\"https:\/\/www.facebook.com\/SpartacusForlag\"]}]}<\/script>\n<!-- \/ Yoast SEO plugin. -->","yoast_head_json":{"title":"Til bords med de mektige - Spartacus","robots":{"index":"noindex","follow":"follow","max-snippet":"max-snippet:-1","max-image-preview":"max-image-preview:large","max-video-preview":"max-video-preview:-1"},"og_locale":"nb_NO","og_type":"article","og_title":"Til bords med de mektige - Spartacus","og_description":"FNs sikkerhetsr\u00e5d er verdens mektigste m\u00f8teplass. Det har makt til \u00e5 starte kriger og kan gripe inn i staters indre liv. R\u00e5det er et barometer for det internasjonale samarbeidsklimaet, som er temmelig d\u00e5rlig idet FN runder 75 \u00e5r. Norge har v\u00e6rt medlem fire ganger og forbereder seg n\u00e5 til en femte to\u00e5rsperiode fra januar 2021. [&hellip;]","og_url":"https:\/\/staging.forenteforlag.no\/spartacus\/produkt\/til-bords-med-de-mektige-2\/","og_site_name":"Spartacus","article_publisher":"https:\/\/www.facebook.com\/SpartacusForlag","article_modified_time":"2026-03-04T14:27:22+00:00","og_image":[{"width":720,"height":1066,"url":"https:\/\/staging.forenteforlag.no\/spartacus\/wp-content\/uploads\/sites\/6\/2026\/02\/9788243013322.jpg","type":"image\/jpeg"}],"twitter_card":"summary_large_image","twitter_misc":{"Ansl. lesetid":"1 minutt"},"schema":{"@context":"https:\/\/schema.org","@graph":[{"@type":"WebPage","@id":"https:\/\/staging.forenteforlag.no\/spartacus\/produkt\/til-bords-med-de-mektige-2\/","url":"https:\/\/staging.forenteforlag.no\/spartacus\/produkt\/til-bords-med-de-mektige-2\/","name":"Til bords med de mektige - Spartacus","isPartOf":{"@id":"https:\/\/staging.forenteforlag.no\/spartacus\/#website"},"primaryImageOfPage":{"@id":"https:\/\/staging.forenteforlag.no\/spartacus\/produkt\/til-bords-med-de-mektige-2\/#primaryimage"},"image":{"@id":"https:\/\/staging.forenteforlag.no\/spartacus\/produkt\/til-bords-med-de-mektige-2\/#primaryimage"},"thumbnailUrl":"https:\/\/staging.forenteforlag.no\/spartacus\/wp-content\/uploads\/sites\/6\/2026\/02\/9788243013322.jpg","datePublished":"2020-03-24T00:00:00+00:00","dateModified":"2026-03-04T14:27:22+00:00","breadcrumb":{"@id":"https:\/\/staging.forenteforlag.no\/spartacus\/produkt\/til-bords-med-de-mektige-2\/#breadcrumb"},"inLanguage":"nb-NO","potentialAction":[{"@type":"ReadAction","target":["https:\/\/staging.forenteforlag.no\/spartacus\/produkt\/til-bords-med-de-mektige-2\/"]}]},{"@type":"ImageObject","inLanguage":"nb-NO","@id":"https:\/\/staging.forenteforlag.no\/spartacus\/produkt\/til-bords-med-de-mektige-2\/#primaryimage","url":"https:\/\/staging.forenteforlag.no\/spartacus\/wp-content\/uploads\/sites\/6\/2026\/02\/9788243013322.jpg","contentUrl":"https:\/\/staging.forenteforlag.no\/spartacus\/wp-content\/uploads\/sites\/6\/2026\/02\/9788243013322.jpg","width":720,"height":1066},{"@type":"BreadcrumbList","@id":"https:\/\/staging.forenteforlag.no\/spartacus\/produkt\/til-bords-med-de-mektige-2\/#breadcrumb","itemListElement":[{"@type":"ListItem","position":1,"name":"Hjem","item":"https:\/\/staging.forenteforlag.no\/spartacus\/"},{"@type":"ListItem","position":2,"name":"Alle b\u00f8ker","item":"https:\/\/staging.forenteforlag.no\/spartacus\/butikk\/"},{"@type":"ListItem","position":3,"name":"Til bords med de mektige"}]},{"@type":"WebSite","@id":"https:\/\/staging.forenteforlag.no\/spartacus\/#website","url":"https:\/\/staging.forenteforlag.no\/spartacus\/","name":"Spartacus forlag","description":"","publisher":{"@id":"https:\/\/staging.forenteforlag.no\/spartacus\/#organization"},"potentialAction":[{"@type":"SearchAction","target":{"@type":"EntryPoint","urlTemplate":"https:\/\/staging.forenteforlag.no\/spartacus\/?s={search_term_string}"},"query-input":{"@type":"PropertyValueSpecification","valueRequired":true,"valueName":"search_term_string"}}],"inLanguage":"nb-NO"},{"@type":"Organization","@id":"https:\/\/staging.forenteforlag.no\/spartacus\/#organization","name":"Spartacus forlag","url":"https:\/\/staging.forenteforlag.no\/spartacus\/","logo":{"@type":"ImageObject","inLanguage":"nb-NO","@id":"https:\/\/staging.forenteforlag.no\/spartacus\/#\/schema\/logo\/image\/","url":"https:\/\/staging.forenteforlag.no\/spartacus\/wp-content\/uploads\/sites\/6\/2024\/09\/Spartacus_logo.svg","contentUrl":"https:\/\/staging.forenteforlag.no\/spartacus\/wp-content\/uploads\/sites\/6\/2024\/09\/Spartacus_logo.svg","width":100,"height":100,"caption":"Spartacus forlag"},"image":{"@id":"https:\/\/staging.forenteforlag.no\/spartacus\/#\/schema\/logo\/image\/"},"sameAs":["https:\/\/www.facebook.com\/SpartacusForlag"]}]}},"_links":{"self":[{"href":"https:\/\/staging.forenteforlag.no\/spartacus\/wp-json\/wp\/v2\/product\/22372","targetHints":{"allow":["GET"]}}],"collection":[{"href":"https:\/\/staging.forenteforlag.no\/spartacus\/wp-json\/wp\/v2\/product"}],"about":[{"href":"https:\/\/staging.forenteforlag.no\/spartacus\/wp-json\/wp\/v2\/types\/product"}],"wp:featuredmedia":[{"embeddable":true,"href":"https:\/\/staging.forenteforlag.no\/spartacus\/wp-json\/wp\/v2\/media\/26632"}],"wp:attachment":[{"href":"https:\/\/staging.forenteforlag.no\/spartacus\/wp-json\/wp\/v2\/media?parent=22372"}],"wp:term":[{"taxonomy":"product_brand","embeddable":true,"href":"https:\/\/staging.forenteforlag.no\/spartacus\/wp-json\/wp\/v2\/product_brand?post=22372"},{"taxonomy":"product_cat","embeddable":true,"href":"https:\/\/staging.forenteforlag.no\/spartacus\/wp-json\/wp\/v2\/product_cat?post=22372"},{"taxonomy":"product_tag","embeddable":true,"href":"https:\/\/staging.forenteforlag.no\/spartacus\/wp-json\/wp\/v2\/product_tag?post=22372"}],"curies":[{"name":"wp","href":"https:\/\/api.w.org\/{rel}","templated":true}]}}