{"id":22355,"date":"2024-08-19T02:00:00","date_gmt":"2024-08-19T00:00:00","guid":{"rendered":"https:\/\/spartacus.forenteforlag.no\/produkt\/rattus-norvegicus\/"},"modified":"2026-03-04T15:38:03","modified_gmt":"2026-03-04T14:38:03","slug":"rattus-norvegicus","status":"publish","type":"product","link":"https:\/\/staging.forenteforlag.no\/spartacus\/produkt\/rattus-norvegicus\/","title":{"rendered":"Rattus norvegicus"},"content":{"rendered":"<p><em>Rattus norvegicus<\/em>. Rotta fra Norge. Er dette skadedyret virkelig det norskeste av det norske? Som osteh\u00f8vel eller dugnad? Nei, selvsagt ikke. Rotta er verken spesielt norsk eller spesielt utbredt hos oss. Likevel har brunrotta hatt norvegicus-navnet klistret p\u00e5 seg helt siden den ble introdusert for det todelte latiniserte navnesystemet i 1769.<\/p>\n<p>Vi mennesker har en iboende trang til \u00e5 ordne og kategorisere, til \u00e5 navngi og systematisere verden rundt oss, til \u00e5 skape orden i kaos. Eivind Torgersen tar her utgangspunkt i de rundt 200 dyre-, plante- og soppartene som heter <em>norvegica<\/em>, <em>norvegicus <\/em>og <em>norvegicum<\/em>, for \u00e5 si noe om jordas vidunderlige mangfold av arter. Om hvordan de h\u00f8rer sammen og skiller seg fra hverandre, om hvordan de utgj\u00f8r de intrikate \u00f8kosystemene vi mennesker er s\u00e5 avhengige av. Og ikke minst hvordan den litt ekle brunrotta ble knyttet til Norge.<\/p>\n<p>Dette er fortellingen om hvordan vi til alle tider har gitt artene navn. Fra de gamle grekerne, via Carl von Linn\u00e9 og Charles Darwin til oppdagelsen av genene og dagens DNA-sekvensering som kan plassere alle organismer p\u00e5 livets tre. Det er fortellingen om brunrotta, men ogs\u00e5 om sj\u00f8kreps (<em>Nephrops norvegicus<\/em>), tr\u00f8nderflekklav (<em>Arthothelium norvegicum<\/em>) og dragehodeglansbille (<em>Meligethes norvegicus<\/em>).<\/p>\n","protected":false},"excerpt":{"rendered":"<p>Rattus norvegicus. Rotta fra Norge. Er dette skadedyret virkelig det norskeste av det norske? Som osteh\u00f8vel eller dugnad? Nei, selvsagt ikke. Rotta er verken spesielt norsk eller spesielt utbredt hos oss. Likevel har brunrotta hatt norvegicus-navnet klistret p\u00e5 seg helt siden den ble introdusert for det todelte latiniserte navnesystemet i 1769. Vi mennesker har en [&hellip;]<\/p>\n","protected":false},"featured_media":26778,"template":"","meta":{"_acf_changed":false,"inline_featured_image":false},"product_brand":[],"product_cat":[1786],"product_tag":[362,1567],"class_list":{"0":"post-22355","1":"product","2":"type-product","3":"status-publish","4":"has-post-thumbnail","6":"product_cat-rabattkodekampanje","7":"product_tag-faglitteratur","8":"product_tag-naturhistorie","10":"first","11":"instock","12":"shipping-taxable","13":"purchasable","14":"product-type-simple"},"acf":{"anmeldelse":[{"tekst_anmeldelser":"\u00abTorgersen skriver oppmerksomt og kunnskapsrikt om (tidvis komisk freidige) historiske personligheter, oppdagelsesferdene og funnene de gj\u00f8r, ofte i n\u00e6rmilj\u00f8et. Reiseskildringer, brev og morsomme sitater spriter opp fortellingen. \u00bb","av_anmeldelser":"Amanda Torsteinsdatter Hersvik","terningkast":false,"kilde":"Prosa"},{"tekst_anmeldelser":"\u00abEivind Torgersen har skrevet popul\u00e6rvitenskapelig bok om navnsetting av arter, og det er blitt sv\u00e6rt underholdende lesning.\u00bb","av_anmeldelser":"Ole Jon Tveito","terningkast":false,"kilde":"Rjukan Arbeiderblad"}]},"yoast_head":"<!-- This site is optimized with the Yoast SEO plugin v26.6 - https:\/\/yoast.com\/wordpress\/plugins\/seo\/ -->\n<title>Rattus norvegicus - Spartacus<\/title>\n<meta name=\"robots\" content=\"noindex, follow, max-snippet:-1, max-image-preview:large, max-video-preview:-1\" \/>\n<meta property=\"og:locale\" content=\"nb_NO\" \/>\n<meta property=\"og:type\" content=\"article\" \/>\n<meta property=\"og:title\" content=\"Rattus norvegicus - Spartacus\" \/>\n<meta property=\"og:description\" content=\"Rattus norvegicus. Rotta fra Norge. Er dette skadedyret virkelig det norskeste av det norske? Som osteh\u00f8vel eller dugnad? Nei, selvsagt ikke. Rotta er verken spesielt norsk eller spesielt utbredt hos oss. Likevel har brunrotta hatt norvegicus-navnet klistret p\u00e5 seg helt siden den ble introdusert for det todelte latiniserte navnesystemet i 1769. Vi mennesker har en [&hellip;]\" \/>\n<meta property=\"og:url\" content=\"https:\/\/staging.forenteforlag.no\/spartacus\/produkt\/rattus-norvegicus\/\" \/>\n<meta property=\"og:site_name\" content=\"Spartacus\" \/>\n<meta property=\"article:publisher\" content=\"https:\/\/www.facebook.com\/SpartacusForlag\" \/>\n<meta property=\"article:modified_time\" content=\"2026-03-04T14:38:03+00:00\" \/>\n<meta property=\"og:image\" content=\"https:\/\/staging.forenteforlag.no\/spartacus\/wp-content\/uploads\/sites\/6\/2026\/03\/9788243015555.jpg\" \/>\n\t<meta property=\"og:image:width\" content=\"720\" \/>\n\t<meta property=\"og:image:height\" content=\"1196\" \/>\n\t<meta property=\"og:image:type\" content=\"image\/jpeg\" \/>\n<meta name=\"twitter:card\" content=\"summary_large_image\" \/>\n<meta name=\"twitter:label1\" content=\"Ansl. lesetid\" \/>\n\t<meta name=\"twitter:data1\" content=\"1 minutt\" \/>\n<script type=\"application\/ld+json\" class=\"yoast-schema-graph\">{\"@context\":\"https:\/\/schema.org\",\"@graph\":[{\"@type\":\"WebPage\",\"@id\":\"https:\/\/staging.forenteforlag.no\/spartacus\/produkt\/rattus-norvegicus\/\",\"url\":\"https:\/\/staging.forenteforlag.no\/spartacus\/produkt\/rattus-norvegicus\/\",\"name\":\"Rattus norvegicus - Spartacus\",\"isPartOf\":{\"@id\":\"https:\/\/staging.forenteforlag.no\/spartacus\/#website\"},\"primaryImageOfPage\":{\"@id\":\"https:\/\/staging.forenteforlag.no\/spartacus\/produkt\/rattus-norvegicus\/#primaryimage\"},\"image\":{\"@id\":\"https:\/\/staging.forenteforlag.no\/spartacus\/produkt\/rattus-norvegicus\/#primaryimage\"},\"thumbnailUrl\":\"https:\/\/staging.forenteforlag.no\/spartacus\/wp-content\/uploads\/sites\/6\/2026\/03\/9788243015555.jpg\",\"datePublished\":\"2024-08-19T00:00:00+00:00\",\"dateModified\":\"2026-03-04T14:38:03+00:00\",\"breadcrumb\":{\"@id\":\"https:\/\/staging.forenteforlag.no\/spartacus\/produkt\/rattus-norvegicus\/#breadcrumb\"},\"inLanguage\":\"nb-NO\",\"potentialAction\":[{\"@type\":\"ReadAction\",\"target\":[\"https:\/\/staging.forenteforlag.no\/spartacus\/produkt\/rattus-norvegicus\/\"]}]},{\"@type\":\"ImageObject\",\"inLanguage\":\"nb-NO\",\"@id\":\"https:\/\/staging.forenteforlag.no\/spartacus\/produkt\/rattus-norvegicus\/#primaryimage\",\"url\":\"https:\/\/staging.forenteforlag.no\/spartacus\/wp-content\/uploads\/sites\/6\/2026\/03\/9788243015555.jpg\",\"contentUrl\":\"https:\/\/staging.forenteforlag.no\/spartacus\/wp-content\/uploads\/sites\/6\/2026\/03\/9788243015555.jpg\",\"width\":720,\"height\":1196},{\"@type\":\"BreadcrumbList\",\"@id\":\"https:\/\/staging.forenteforlag.no\/spartacus\/produkt\/rattus-norvegicus\/#breadcrumb\",\"itemListElement\":[{\"@type\":\"ListItem\",\"position\":1,\"name\":\"Hjem\",\"item\":\"https:\/\/staging.forenteforlag.no\/spartacus\/\"},{\"@type\":\"ListItem\",\"position\":2,\"name\":\"Alle b\u00f8ker\",\"item\":\"https:\/\/staging.forenteforlag.no\/spartacus\/butikk\/\"},{\"@type\":\"ListItem\",\"position\":3,\"name\":\"Rattus norvegicus\"}]},{\"@type\":\"WebSite\",\"@id\":\"https:\/\/staging.forenteforlag.no\/spartacus\/#website\",\"url\":\"https:\/\/staging.forenteforlag.no\/spartacus\/\",\"name\":\"Spartacus forlag\",\"description\":\"\",\"publisher\":{\"@id\":\"https:\/\/staging.forenteforlag.no\/spartacus\/#organization\"},\"potentialAction\":[{\"@type\":\"SearchAction\",\"target\":{\"@type\":\"EntryPoint\",\"urlTemplate\":\"https:\/\/staging.forenteforlag.no\/spartacus\/?s={search_term_string}\"},\"query-input\":{\"@type\":\"PropertyValueSpecification\",\"valueRequired\":true,\"valueName\":\"search_term_string\"}}],\"inLanguage\":\"nb-NO\"},{\"@type\":\"Organization\",\"@id\":\"https:\/\/staging.forenteforlag.no\/spartacus\/#organization\",\"name\":\"Spartacus forlag\",\"url\":\"https:\/\/staging.forenteforlag.no\/spartacus\/\",\"logo\":{\"@type\":\"ImageObject\",\"inLanguage\":\"nb-NO\",\"@id\":\"https:\/\/staging.forenteforlag.no\/spartacus\/#\/schema\/logo\/image\/\",\"url\":\"https:\/\/staging.forenteforlag.no\/spartacus\/wp-content\/uploads\/sites\/6\/2024\/09\/Spartacus_logo.svg\",\"contentUrl\":\"https:\/\/staging.forenteforlag.no\/spartacus\/wp-content\/uploads\/sites\/6\/2024\/09\/Spartacus_logo.svg\",\"width\":100,\"height\":100,\"caption\":\"Spartacus forlag\"},\"image\":{\"@id\":\"https:\/\/staging.forenteforlag.no\/spartacus\/#\/schema\/logo\/image\/\"},\"sameAs\":[\"https:\/\/www.facebook.com\/SpartacusForlag\"]}]}<\/script>\n<!-- \/ Yoast SEO plugin. -->","yoast_head_json":{"title":"Rattus norvegicus - Spartacus","robots":{"index":"noindex","follow":"follow","max-snippet":"max-snippet:-1","max-image-preview":"max-image-preview:large","max-video-preview":"max-video-preview:-1"},"og_locale":"nb_NO","og_type":"article","og_title":"Rattus norvegicus - Spartacus","og_description":"Rattus norvegicus. Rotta fra Norge. Er dette skadedyret virkelig det norskeste av det norske? Som osteh\u00f8vel eller dugnad? Nei, selvsagt ikke. Rotta er verken spesielt norsk eller spesielt utbredt hos oss. Likevel har brunrotta hatt norvegicus-navnet klistret p\u00e5 seg helt siden den ble introdusert for det todelte latiniserte navnesystemet i 1769. Vi mennesker har en [&hellip;]","og_url":"https:\/\/staging.forenteforlag.no\/spartacus\/produkt\/rattus-norvegicus\/","og_site_name":"Spartacus","article_publisher":"https:\/\/www.facebook.com\/SpartacusForlag","article_modified_time":"2026-03-04T14:38:03+00:00","og_image":[{"width":720,"height":1196,"url":"https:\/\/staging.forenteforlag.no\/spartacus\/wp-content\/uploads\/sites\/6\/2026\/03\/9788243015555.jpg","type":"image\/jpeg"}],"twitter_card":"summary_large_image","twitter_misc":{"Ansl. lesetid":"1 minutt"},"schema":{"@context":"https:\/\/schema.org","@graph":[{"@type":"WebPage","@id":"https:\/\/staging.forenteforlag.no\/spartacus\/produkt\/rattus-norvegicus\/","url":"https:\/\/staging.forenteforlag.no\/spartacus\/produkt\/rattus-norvegicus\/","name":"Rattus norvegicus - Spartacus","isPartOf":{"@id":"https:\/\/staging.forenteforlag.no\/spartacus\/#website"},"primaryImageOfPage":{"@id":"https:\/\/staging.forenteforlag.no\/spartacus\/produkt\/rattus-norvegicus\/#primaryimage"},"image":{"@id":"https:\/\/staging.forenteforlag.no\/spartacus\/produkt\/rattus-norvegicus\/#primaryimage"},"thumbnailUrl":"https:\/\/staging.forenteforlag.no\/spartacus\/wp-content\/uploads\/sites\/6\/2026\/03\/9788243015555.jpg","datePublished":"2024-08-19T00:00:00+00:00","dateModified":"2026-03-04T14:38:03+00:00","breadcrumb":{"@id":"https:\/\/staging.forenteforlag.no\/spartacus\/produkt\/rattus-norvegicus\/#breadcrumb"},"inLanguage":"nb-NO","potentialAction":[{"@type":"ReadAction","target":["https:\/\/staging.forenteforlag.no\/spartacus\/produkt\/rattus-norvegicus\/"]}]},{"@type":"ImageObject","inLanguage":"nb-NO","@id":"https:\/\/staging.forenteforlag.no\/spartacus\/produkt\/rattus-norvegicus\/#primaryimage","url":"https:\/\/staging.forenteforlag.no\/spartacus\/wp-content\/uploads\/sites\/6\/2026\/03\/9788243015555.jpg","contentUrl":"https:\/\/staging.forenteforlag.no\/spartacus\/wp-content\/uploads\/sites\/6\/2026\/03\/9788243015555.jpg","width":720,"height":1196},{"@type":"BreadcrumbList","@id":"https:\/\/staging.forenteforlag.no\/spartacus\/produkt\/rattus-norvegicus\/#breadcrumb","itemListElement":[{"@type":"ListItem","position":1,"name":"Hjem","item":"https:\/\/staging.forenteforlag.no\/spartacus\/"},{"@type":"ListItem","position":2,"name":"Alle b\u00f8ker","item":"https:\/\/staging.forenteforlag.no\/spartacus\/butikk\/"},{"@type":"ListItem","position":3,"name":"Rattus norvegicus"}]},{"@type":"WebSite","@id":"https:\/\/staging.forenteforlag.no\/spartacus\/#website","url":"https:\/\/staging.forenteforlag.no\/spartacus\/","name":"Spartacus forlag","description":"","publisher":{"@id":"https:\/\/staging.forenteforlag.no\/spartacus\/#organization"},"potentialAction":[{"@type":"SearchAction","target":{"@type":"EntryPoint","urlTemplate":"https:\/\/staging.forenteforlag.no\/spartacus\/?s={search_term_string}"},"query-input":{"@type":"PropertyValueSpecification","valueRequired":true,"valueName":"search_term_string"}}],"inLanguage":"nb-NO"},{"@type":"Organization","@id":"https:\/\/staging.forenteforlag.no\/spartacus\/#organization","name":"Spartacus forlag","url":"https:\/\/staging.forenteforlag.no\/spartacus\/","logo":{"@type":"ImageObject","inLanguage":"nb-NO","@id":"https:\/\/staging.forenteforlag.no\/spartacus\/#\/schema\/logo\/image\/","url":"https:\/\/staging.forenteforlag.no\/spartacus\/wp-content\/uploads\/sites\/6\/2024\/09\/Spartacus_logo.svg","contentUrl":"https:\/\/staging.forenteforlag.no\/spartacus\/wp-content\/uploads\/sites\/6\/2024\/09\/Spartacus_logo.svg","width":100,"height":100,"caption":"Spartacus forlag"},"image":{"@id":"https:\/\/staging.forenteforlag.no\/spartacus\/#\/schema\/logo\/image\/"},"sameAs":["https:\/\/www.facebook.com\/SpartacusForlag"]}]}},"_links":{"self":[{"href":"https:\/\/staging.forenteforlag.no\/spartacus\/wp-json\/wp\/v2\/product\/22355","targetHints":{"allow":["GET"]}}],"collection":[{"href":"https:\/\/staging.forenteforlag.no\/spartacus\/wp-json\/wp\/v2\/product"}],"about":[{"href":"https:\/\/staging.forenteforlag.no\/spartacus\/wp-json\/wp\/v2\/types\/product"}],"wp:featuredmedia":[{"embeddable":true,"href":"https:\/\/staging.forenteforlag.no\/spartacus\/wp-json\/wp\/v2\/media\/26778"}],"wp:attachment":[{"href":"https:\/\/staging.forenteforlag.no\/spartacus\/wp-json\/wp\/v2\/media?parent=22355"}],"wp:term":[{"taxonomy":"product_brand","embeddable":true,"href":"https:\/\/staging.forenteforlag.no\/spartacus\/wp-json\/wp\/v2\/product_brand?post=22355"},{"taxonomy":"product_cat","embeddable":true,"href":"https:\/\/staging.forenteforlag.no\/spartacus\/wp-json\/wp\/v2\/product_cat?post=22355"},{"taxonomy":"product_tag","embeddable":true,"href":"https:\/\/staging.forenteforlag.no\/spartacus\/wp-json\/wp\/v2\/product_tag?post=22355"}],"curies":[{"name":"wp","href":"https:\/\/api.w.org\/{rel}","templated":true}]}}