{"id":22351,"date":"2022-08-24T02:00:00","date_gmt":"2022-08-24T00:00:00","guid":{"rendered":"https:\/\/spartacus.forenteforlag.no\/produkt\/zelenskyj-3\/"},"modified":"2026-03-04T15:35:52","modified_gmt":"2026-03-04T14:35:52","slug":"zelenskyj-3","status":"publish","type":"product","link":"https:\/\/staging.forenteforlag.no\/spartacus\/produkt\/zelenskyj-3\/","title":{"rendered":"Zelenskyj"},"content":{"rendered":"<p>Februar 2022: Moskva regner med at Volodymyr Zelenskyj vil flykte fra den mektige russiske krigsmaskinen. Selv vestlige stormakter oppfordrer ham til \u00e5 komme seg i trygghet. Men Zelenskyj forholder seg rolig, og snart f\u00f8lger hele verden hans spektakul\u00e6re transformasjon fra politisk uerfaren rikskjendis, til st\u00f8dig krigspresident med stor samlende kraft.<\/p>\n<p>Bak seg har Zelenskyj en utrolig reise. Som 20-\u00e5ring var den j\u00f8diske gutten fra provinsbyen Kryvyj Rih en stjerne p\u00e5 kabaretscenen. Som 30-\u00e5ring ledet komikeren og juristen et produksjonsselskap verdsatt flere titalls millioner dollar. Som 40-\u00e5ring, i tv-serien Folkets tjener, spilte han den ukrainske presidenten landet s\u00e5rt trengte: outsideren som setter seg opp mot landets korrupte politiske og \u00f8konomiske elite. Hans eget presidentskap stod lenge i fare for \u00e5 spore av i m\u00f8te med den samme ukulturen, men historien ville det annerledes. <\/p>\n<p>Basert p\u00e5 et omfattende kildemateriale vever forfatterne sammen Ukrainas historie og dets kompliserte forhold til Russland med Zelenskyjs ekstraordin\u00e6re livshistorie. Bildet som trer frem gj\u00f8r oss litt klokere &#8211; om mannen, folket og landet.<\/p>\n","protected":false},"excerpt":{"rendered":"<p>Februar 2022: Moskva regner med at Volodymyr Zelenskyj vil flykte fra den mektige russiske krigsmaskinen. Selv vestlige stormakter oppfordrer ham til \u00e5 komme seg i trygghet. Men Zelenskyj forholder seg rolig, og snart f\u00f8lger hele verden hans spektakul\u00e6re transformasjon fra politisk uerfaren rikskjendis, til st\u00f8dig krigspresident med stor samlende kraft. Bak seg har Zelenskyj en [&hellip;]<\/p>\n","protected":false},"featured_media":26758,"template":"","meta":{"_acf_changed":false,"inline_featured_image":false},"product_brand":[],"product_cat":[1786],"product_tag":[387,419,431,362,895,417,651,589],"class_list":{"0":"post-22351","1":"product","2":"type-product","3":"status-publish","4":"has-post-thumbnail","6":"product_cat-rabattkodekampanje","7":"product_tag-1980-1989","8":"product_tag-1990-1999","9":"product_tag-2000-2049","10":"product_tag-faglitteratur","11":"product_tag-presidenter","12":"product_tag-selvbiografier","13":"product_tag-ukraina","14":"product_tag-vaepnede-konflikter","16":"first","17":"instock","18":"shipping-taxable","19":"purchasable","20":"product-type-simple"},"acf":{"anmeldelse":[{"tekst_anmeldelser":"\u00abSkal du lese \u00e9n bok om Ukrainas president, ville jeg valg \u00abZelenskyj. Presidenten og hans land.\u00bb","av_anmeldelser":"Jonas Bals","terningkast":false,"kilde":"Klassekampen"},{"tekst_anmeldelser":"\u00abEt n\u00f8dvendig portrett av klovnen som ble president.\u00bb","av_anmeldelser":"Morten Strand","terningkast":false,"kilde":"Dagbladet"}]},"yoast_head":"<!-- This site is optimized with the Yoast SEO plugin v26.6 - https:\/\/yoast.com\/wordpress\/plugins\/seo\/ -->\n<title>Zelenskyj - Spartacus<\/title>\n<meta name=\"robots\" content=\"noindex, follow, max-snippet:-1, max-image-preview:large, max-video-preview:-1\" \/>\n<meta property=\"og:locale\" content=\"nb_NO\" \/>\n<meta property=\"og:type\" content=\"article\" \/>\n<meta property=\"og:title\" content=\"Zelenskyj - Spartacus\" \/>\n<meta property=\"og:description\" content=\"Februar 2022: Moskva regner med at Volodymyr Zelenskyj vil flykte fra den mektige russiske krigsmaskinen. Selv vestlige stormakter oppfordrer ham til \u00e5 komme seg i trygghet. Men Zelenskyj forholder seg rolig, og snart f\u00f8lger hele verden hans spektakul\u00e6re transformasjon fra politisk uerfaren rikskjendis, til st\u00f8dig krigspresident med stor samlende kraft. Bak seg har Zelenskyj en [&hellip;]\" \/>\n<meta property=\"og:url\" content=\"https:\/\/staging.forenteforlag.no\/spartacus\/produkt\/zelenskyj-3\/\" \/>\n<meta property=\"og:site_name\" content=\"Spartacus\" \/>\n<meta property=\"article:publisher\" content=\"https:\/\/www.facebook.com\/SpartacusForlag\" \/>\n<meta property=\"article:modified_time\" content=\"2026-03-04T14:35:52+00:00\" \/>\n<meta property=\"og:image\" content=\"https:\/\/staging.forenteforlag.no\/spartacus\/wp-content\/uploads\/sites\/6\/2026\/03\/9788243014992-1.jpg\" \/>\n\t<meta property=\"og:image:width\" content=\"720\" \/>\n\t<meta property=\"og:image:height\" content=\"1063\" \/>\n\t<meta property=\"og:image:type\" content=\"image\/jpeg\" \/>\n<meta name=\"twitter:card\" content=\"summary_large_image\" \/>\n<meta name=\"twitter:label1\" content=\"Ansl. lesetid\" \/>\n\t<meta name=\"twitter:data1\" content=\"1 minutt\" \/>\n<script type=\"application\/ld+json\" class=\"yoast-schema-graph\">{\"@context\":\"https:\/\/schema.org\",\"@graph\":[{\"@type\":\"WebPage\",\"@id\":\"https:\/\/staging.forenteforlag.no\/spartacus\/produkt\/zelenskyj-3\/\",\"url\":\"https:\/\/staging.forenteforlag.no\/spartacus\/produkt\/zelenskyj-3\/\",\"name\":\"Zelenskyj - Spartacus\",\"isPartOf\":{\"@id\":\"https:\/\/staging.forenteforlag.no\/spartacus\/#website\"},\"primaryImageOfPage\":{\"@id\":\"https:\/\/staging.forenteforlag.no\/spartacus\/produkt\/zelenskyj-3\/#primaryimage\"},\"image\":{\"@id\":\"https:\/\/staging.forenteforlag.no\/spartacus\/produkt\/zelenskyj-3\/#primaryimage\"},\"thumbnailUrl\":\"https:\/\/staging.forenteforlag.no\/spartacus\/wp-content\/uploads\/sites\/6\/2026\/03\/9788243014992-1.jpg\",\"datePublished\":\"2022-08-24T00:00:00+00:00\",\"dateModified\":\"2026-03-04T14:35:52+00:00\",\"breadcrumb\":{\"@id\":\"https:\/\/staging.forenteforlag.no\/spartacus\/produkt\/zelenskyj-3\/#breadcrumb\"},\"inLanguage\":\"nb-NO\",\"potentialAction\":[{\"@type\":\"ReadAction\",\"target\":[\"https:\/\/staging.forenteforlag.no\/spartacus\/produkt\/zelenskyj-3\/\"]}]},{\"@type\":\"ImageObject\",\"inLanguage\":\"nb-NO\",\"@id\":\"https:\/\/staging.forenteforlag.no\/spartacus\/produkt\/zelenskyj-3\/#primaryimage\",\"url\":\"https:\/\/staging.forenteforlag.no\/spartacus\/wp-content\/uploads\/sites\/6\/2026\/03\/9788243014992-1.jpg\",\"contentUrl\":\"https:\/\/staging.forenteforlag.no\/spartacus\/wp-content\/uploads\/sites\/6\/2026\/03\/9788243014992-1.jpg\",\"width\":720,\"height\":1063},{\"@type\":\"BreadcrumbList\",\"@id\":\"https:\/\/staging.forenteforlag.no\/spartacus\/produkt\/zelenskyj-3\/#breadcrumb\",\"itemListElement\":[{\"@type\":\"ListItem\",\"position\":1,\"name\":\"Hjem\",\"item\":\"https:\/\/staging.forenteforlag.no\/spartacus\/\"},{\"@type\":\"ListItem\",\"position\":2,\"name\":\"Alle b\u00f8ker\",\"item\":\"https:\/\/staging.forenteforlag.no\/spartacus\/butikk\/\"},{\"@type\":\"ListItem\",\"position\":3,\"name\":\"Zelenskyj\"}]},{\"@type\":\"WebSite\",\"@id\":\"https:\/\/staging.forenteforlag.no\/spartacus\/#website\",\"url\":\"https:\/\/staging.forenteforlag.no\/spartacus\/\",\"name\":\"Spartacus forlag\",\"description\":\"\",\"publisher\":{\"@id\":\"https:\/\/staging.forenteforlag.no\/spartacus\/#organization\"},\"potentialAction\":[{\"@type\":\"SearchAction\",\"target\":{\"@type\":\"EntryPoint\",\"urlTemplate\":\"https:\/\/staging.forenteforlag.no\/spartacus\/?s={search_term_string}\"},\"query-input\":{\"@type\":\"PropertyValueSpecification\",\"valueRequired\":true,\"valueName\":\"search_term_string\"}}],\"inLanguage\":\"nb-NO\"},{\"@type\":\"Organization\",\"@id\":\"https:\/\/staging.forenteforlag.no\/spartacus\/#organization\",\"name\":\"Spartacus forlag\",\"url\":\"https:\/\/staging.forenteforlag.no\/spartacus\/\",\"logo\":{\"@type\":\"ImageObject\",\"inLanguage\":\"nb-NO\",\"@id\":\"https:\/\/staging.forenteforlag.no\/spartacus\/#\/schema\/logo\/image\/\",\"url\":\"https:\/\/staging.forenteforlag.no\/spartacus\/wp-content\/uploads\/sites\/6\/2024\/09\/Spartacus_logo.svg\",\"contentUrl\":\"https:\/\/staging.forenteforlag.no\/spartacus\/wp-content\/uploads\/sites\/6\/2024\/09\/Spartacus_logo.svg\",\"width\":100,\"height\":100,\"caption\":\"Spartacus forlag\"},\"image\":{\"@id\":\"https:\/\/staging.forenteforlag.no\/spartacus\/#\/schema\/logo\/image\/\"},\"sameAs\":[\"https:\/\/www.facebook.com\/SpartacusForlag\"]}]}<\/script>\n<!-- \/ Yoast SEO plugin. -->","yoast_head_json":{"title":"Zelenskyj - Spartacus","robots":{"index":"noindex","follow":"follow","max-snippet":"max-snippet:-1","max-image-preview":"max-image-preview:large","max-video-preview":"max-video-preview:-1"},"og_locale":"nb_NO","og_type":"article","og_title":"Zelenskyj - Spartacus","og_description":"Februar 2022: Moskva regner med at Volodymyr Zelenskyj vil flykte fra den mektige russiske krigsmaskinen. Selv vestlige stormakter oppfordrer ham til \u00e5 komme seg i trygghet. Men Zelenskyj forholder seg rolig, og snart f\u00f8lger hele verden hans spektakul\u00e6re transformasjon fra politisk uerfaren rikskjendis, til st\u00f8dig krigspresident med stor samlende kraft. Bak seg har Zelenskyj en [&hellip;]","og_url":"https:\/\/staging.forenteforlag.no\/spartacus\/produkt\/zelenskyj-3\/","og_site_name":"Spartacus","article_publisher":"https:\/\/www.facebook.com\/SpartacusForlag","article_modified_time":"2026-03-04T14:35:52+00:00","og_image":[{"width":720,"height":1063,"url":"https:\/\/staging.forenteforlag.no\/spartacus\/wp-content\/uploads\/sites\/6\/2026\/03\/9788243014992-1.jpg","type":"image\/jpeg"}],"twitter_card":"summary_large_image","twitter_misc":{"Ansl. lesetid":"1 minutt"},"schema":{"@context":"https:\/\/schema.org","@graph":[{"@type":"WebPage","@id":"https:\/\/staging.forenteforlag.no\/spartacus\/produkt\/zelenskyj-3\/","url":"https:\/\/staging.forenteforlag.no\/spartacus\/produkt\/zelenskyj-3\/","name":"Zelenskyj - Spartacus","isPartOf":{"@id":"https:\/\/staging.forenteforlag.no\/spartacus\/#website"},"primaryImageOfPage":{"@id":"https:\/\/staging.forenteforlag.no\/spartacus\/produkt\/zelenskyj-3\/#primaryimage"},"image":{"@id":"https:\/\/staging.forenteforlag.no\/spartacus\/produkt\/zelenskyj-3\/#primaryimage"},"thumbnailUrl":"https:\/\/staging.forenteforlag.no\/spartacus\/wp-content\/uploads\/sites\/6\/2026\/03\/9788243014992-1.jpg","datePublished":"2022-08-24T00:00:00+00:00","dateModified":"2026-03-04T14:35:52+00:00","breadcrumb":{"@id":"https:\/\/staging.forenteforlag.no\/spartacus\/produkt\/zelenskyj-3\/#breadcrumb"},"inLanguage":"nb-NO","potentialAction":[{"@type":"ReadAction","target":["https:\/\/staging.forenteforlag.no\/spartacus\/produkt\/zelenskyj-3\/"]}]},{"@type":"ImageObject","inLanguage":"nb-NO","@id":"https:\/\/staging.forenteforlag.no\/spartacus\/produkt\/zelenskyj-3\/#primaryimage","url":"https:\/\/staging.forenteforlag.no\/spartacus\/wp-content\/uploads\/sites\/6\/2026\/03\/9788243014992-1.jpg","contentUrl":"https:\/\/staging.forenteforlag.no\/spartacus\/wp-content\/uploads\/sites\/6\/2026\/03\/9788243014992-1.jpg","width":720,"height":1063},{"@type":"BreadcrumbList","@id":"https:\/\/staging.forenteforlag.no\/spartacus\/produkt\/zelenskyj-3\/#breadcrumb","itemListElement":[{"@type":"ListItem","position":1,"name":"Hjem","item":"https:\/\/staging.forenteforlag.no\/spartacus\/"},{"@type":"ListItem","position":2,"name":"Alle b\u00f8ker","item":"https:\/\/staging.forenteforlag.no\/spartacus\/butikk\/"},{"@type":"ListItem","position":3,"name":"Zelenskyj"}]},{"@type":"WebSite","@id":"https:\/\/staging.forenteforlag.no\/spartacus\/#website","url":"https:\/\/staging.forenteforlag.no\/spartacus\/","name":"Spartacus forlag","description":"","publisher":{"@id":"https:\/\/staging.forenteforlag.no\/spartacus\/#organization"},"potentialAction":[{"@type":"SearchAction","target":{"@type":"EntryPoint","urlTemplate":"https:\/\/staging.forenteforlag.no\/spartacus\/?s={search_term_string}"},"query-input":{"@type":"PropertyValueSpecification","valueRequired":true,"valueName":"search_term_string"}}],"inLanguage":"nb-NO"},{"@type":"Organization","@id":"https:\/\/staging.forenteforlag.no\/spartacus\/#organization","name":"Spartacus forlag","url":"https:\/\/staging.forenteforlag.no\/spartacus\/","logo":{"@type":"ImageObject","inLanguage":"nb-NO","@id":"https:\/\/staging.forenteforlag.no\/spartacus\/#\/schema\/logo\/image\/","url":"https:\/\/staging.forenteforlag.no\/spartacus\/wp-content\/uploads\/sites\/6\/2024\/09\/Spartacus_logo.svg","contentUrl":"https:\/\/staging.forenteforlag.no\/spartacus\/wp-content\/uploads\/sites\/6\/2024\/09\/Spartacus_logo.svg","width":100,"height":100,"caption":"Spartacus forlag"},"image":{"@id":"https:\/\/staging.forenteforlag.no\/spartacus\/#\/schema\/logo\/image\/"},"sameAs":["https:\/\/www.facebook.com\/SpartacusForlag"]}]}},"_links":{"self":[{"href":"https:\/\/staging.forenteforlag.no\/spartacus\/wp-json\/wp\/v2\/product\/22351","targetHints":{"allow":["GET"]}}],"collection":[{"href":"https:\/\/staging.forenteforlag.no\/spartacus\/wp-json\/wp\/v2\/product"}],"about":[{"href":"https:\/\/staging.forenteforlag.no\/spartacus\/wp-json\/wp\/v2\/types\/product"}],"wp:featuredmedia":[{"embeddable":true,"href":"https:\/\/staging.forenteforlag.no\/spartacus\/wp-json\/wp\/v2\/media\/26758"}],"wp:attachment":[{"href":"https:\/\/staging.forenteforlag.no\/spartacus\/wp-json\/wp\/v2\/media?parent=22351"}],"wp:term":[{"taxonomy":"product_brand","embeddable":true,"href":"https:\/\/staging.forenteforlag.no\/spartacus\/wp-json\/wp\/v2\/product_brand?post=22351"},{"taxonomy":"product_cat","embeddable":true,"href":"https:\/\/staging.forenteforlag.no\/spartacus\/wp-json\/wp\/v2\/product_cat?post=22351"},{"taxonomy":"product_tag","embeddable":true,"href":"https:\/\/staging.forenteforlag.no\/spartacus\/wp-json\/wp\/v2\/product_tag?post=22351"}],"curies":[{"name":"wp","href":"https:\/\/api.w.org\/{rel}","templated":true}]}}