{"id":22349,"date":"2022-03-21T01:00:00","date_gmt":"2022-03-21T00:00:00","guid":{"rendered":"https:\/\/spartacus.forenteforlag.no\/produkt\/jakten-pa-olav-den-hellige-4\/"},"modified":"2026-03-04T15:33:29","modified_gmt":"2026-03-04T14:33:29","slug":"jakten-pa-olav-den-hellige-4","status":"publish","type":"product","link":"https:\/\/staging.forenteforlag.no\/spartacus\/produkt\/jakten-pa-olav-den-hellige-4\/","title":{"rendered":"Jakten p\u00e5 Olav den hellige"},"content":{"rendered":"<p>I 1013 ble helgenkongen Olav Haraldsson d\u00f8pt i Rouen. Religionshistorikeren \u00d8ystein Morten har gjennom flere \u00e5r studert livet hans; en brutal og bestialsk historie. Vi f\u00f8lger Olav fra han er med i en leieh\u00e6r under stormingen av byen Canterbury i 1011 og videre til han ankommer Vestlandet h\u00f8sten 1015.<\/p>\n<p>Samtidig arbeider Morten med et annet prosjekt. Hos den katolske kirken oppbevares det noe som skal v\u00e6re et ben fra kroppen til Olav den hellige. Etter flere runder med forhandlinger f\u00e5r han sammen med professoren Per Holck tillatelse til \u00e5 gj\u00f8re rettsmedisinske unders\u00f8kelser av benet. R\u00f8ntgenfotografi, karbondateringer og DNA-strukturer gir spennende perspektiver p\u00e5 hvem denne Olav var, og hva som kan ha skjedde med kroppen hans etter d\u00f8den.<\/p>\n<p>Til slutt m\u00e5 \u00d8ystein Morten ogs\u00e5 fullf\u00f8re granskingen av de historiske kildene om Olavs liv. Resultatet er en fortelling om en annen Olav enn den vi kjenner. Portrettet av kongen som kristnet Norge er fullt av overraskelser. Samtidig handler denne boken om tro og h\u00e5p i middelalderen, om en mektig kirke, forbyttede lik og om hemmeligheter som har ligget gjemt hos domkapitlet i Nidaros.<\/p>\n","protected":false},"excerpt":{"rendered":"<p>I 1013 ble helgenkongen Olav Haraldsson d\u00f8pt i Rouen. Religionshistorikeren \u00d8ystein Morten har gjennom flere \u00e5r studert livet hans; en brutal og bestialsk historie. Vi f\u00f8lger Olav fra han er med i en leieh\u00e6r under stormingen av byen Canterbury i 1011 og videre til han ankommer Vestlandet h\u00f8sten 1015. Samtidig arbeider Morten med et annet [&hellip;]<\/p>\n","protected":false},"featured_media":26685,"template":"","meta":{"_acf_changed":false,"inline_featured_image":false},"product_brand":[],"product_cat":[1786],"product_tag":[607,362,366,439,546],"class_list":{"0":"post-22349","1":"product","2":"type-product","3":"status-publish","4":"has-post-thumbnail","6":"product_cat-rabattkodekampanje","7":"product_tag-bedriftshistorie","8":"product_tag-faglitteratur","9":"product_tag-kongelige","10":"product_tag-nord-norge","11":"product_tag-vikingtiden","13":"first","14":"instock","15":"shipping-taxable","16":"purchasable","17":"product-type-simple"},"acf":{"anmeldelse":[{"tekst_anmeldelser":"\u00abEn av \u00e5rets beste b\u00f8ker. Spennende som en kriminalroman [\u2026] Glimrende historiefortelling! Det er imponerende hvordan religionshistorikeren og forfatteren \u00d8ystein Morten ved hjelp av enkle litter\u00e6re grep kan gj\u00f8re historien om Olav den hellige levende og engasjerende igjen. Slik f\u00f8yer han seg ogs\u00e5 pent inn i rekken av ganske unge norske historikere som er i ferd med \u00e5 revitalisere en stolt fortellertradisjon i norsk historieskrivning. \u2026 Forfatteren bringer oss med god penn og flott driv inn i den norske og europeiske middelalderen og dens mange stridigheter, plyndringstokt, gifterm\u00e5l og intrikate allianser. En historisk periode som ikke st\u00e5r noe tilbake for fiksjonsverk som for eksempel 'Game of Thrones' med hensyn til vold og action. \u2026 Gjennom hele boken veksler Morten ubesv\u00e6ret mellom de to parallelle historiene han vil fortelle. Det er som sagt drivende godt fortalt, informativt og stramt disponert. Bedre kan det vanskelig gj\u00f8res.\u00bb","av_anmeldelser":"Sindre Hovdenakk","terningkast":"<i class=\"fa-solid fa-dice-six\"><\/i>","kilde":"VG"},{"tekst_anmeldelser":"\u00abMed en ny og spennende vinkel bl\u00e5ser forfatteren nytt liv i fortellingen om Olav den hellige. \u2026 Det var ingen solform\u00f8rkelse, ingen blind mann med blod p\u00e5 hendene. Historien om Olav er blandet med vandrehistorier om Wilhelm Erobreren, Karl den store og Jesus. Boka er godt oppbygd, skrevet i et stramt og faktaorientert spr\u00e5k som gir tillit til historikeren.\u00bb","av_anmeldelser":"Guri Hjulstad","terningkast":false,"kilde":"Tr\u00f8nder-Avisa"},{"tekst_anmeldelser":"\u00abGjengivelsen av den vitenskapelige granskningen av relikvien er drivende godt fortalt. Det er ogs\u00e5 beretningen om Olav Haraldssons liv, virke og endelikt. De to hoveddelene av boken er naturlig nok sv\u00e6rt ulike, men felles for dem er at forfatteren er presis og etterrettelig, uten at dette g\u00e5r ut over lesbarheten. Han skiller tydelig mellom det som kan regnes som objektive fakta og egne og andres spekulasjoner.\u00bb","av_anmeldelser":"Ole Kallelid","terningkast":false,"kilde":"Stavanger Aftenblad"},{"tekst_anmeldelser":"\u00abFremragende dokumentarbok, glitrende historiefortelling.\u00bb","av_anmeldelser":"S\u00f8lvi W\u00e6rhaug, \u00c5rets beste b\u00f8ker 2013","terningkast":false,"kilde":"VG"},{"tekst_anmeldelser":"\u00abDrivende godt fortalt.\u00bb","av_anmeldelser":"","terningkast":false,"kilde":"Stavanger Aftenblad"}]},"yoast_head":"<!-- This site is optimized with the Yoast SEO plugin v26.6 - https:\/\/yoast.com\/wordpress\/plugins\/seo\/ -->\n<title>Jakten p\u00e5 Olav den hellige - Spartacus<\/title>\n<meta name=\"robots\" content=\"noindex, follow, max-snippet:-1, max-image-preview:large, max-video-preview:-1\" \/>\n<meta property=\"og:locale\" content=\"nb_NO\" \/>\n<meta property=\"og:type\" content=\"article\" \/>\n<meta property=\"og:title\" content=\"Jakten p\u00e5 Olav den hellige - Spartacus\" \/>\n<meta property=\"og:description\" content=\"I 1013 ble helgenkongen Olav Haraldsson d\u00f8pt i Rouen. Religionshistorikeren \u00d8ystein Morten har gjennom flere \u00e5r studert livet hans; en brutal og bestialsk historie. Vi f\u00f8lger Olav fra han er med i en leieh\u00e6r under stormingen av byen Canterbury i 1011 og videre til han ankommer Vestlandet h\u00f8sten 1015. Samtidig arbeider Morten med et annet [&hellip;]\" \/>\n<meta property=\"og:url\" content=\"https:\/\/staging.forenteforlag.no\/spartacus\/produkt\/jakten-pa-olav-den-hellige-4\/\" \/>\n<meta property=\"og:site_name\" content=\"Spartacus\" \/>\n<meta property=\"article:publisher\" content=\"https:\/\/www.facebook.com\/SpartacusForlag\" \/>\n<meta property=\"article:modified_time\" content=\"2026-03-04T14:33:29+00:00\" \/>\n<meta property=\"og:image\" content=\"https:\/\/staging.forenteforlag.no\/spartacus\/wp-content\/uploads\/sites\/6\/2026\/03\/9788243014770.jpg\" \/>\n\t<meta property=\"og:image:width\" content=\"720\" \/>\n\t<meta property=\"og:image:height\" content=\"1115\" \/>\n\t<meta property=\"og:image:type\" content=\"image\/jpeg\" \/>\n<meta name=\"twitter:card\" content=\"summary_large_image\" \/>\n<meta name=\"twitter:label1\" content=\"Ansl. lesetid\" \/>\n\t<meta name=\"twitter:data1\" content=\"1 minutt\" \/>\n<script type=\"application\/ld+json\" class=\"yoast-schema-graph\">{\"@context\":\"https:\/\/schema.org\",\"@graph\":[{\"@type\":\"WebPage\",\"@id\":\"https:\/\/staging.forenteforlag.no\/spartacus\/produkt\/jakten-pa-olav-den-hellige-4\/\",\"url\":\"https:\/\/staging.forenteforlag.no\/spartacus\/produkt\/jakten-pa-olav-den-hellige-4\/\",\"name\":\"Jakten p\u00e5 Olav den hellige - Spartacus\",\"isPartOf\":{\"@id\":\"https:\/\/staging.forenteforlag.no\/spartacus\/#website\"},\"primaryImageOfPage\":{\"@id\":\"https:\/\/staging.forenteforlag.no\/spartacus\/produkt\/jakten-pa-olav-den-hellige-4\/#primaryimage\"},\"image\":{\"@id\":\"https:\/\/staging.forenteforlag.no\/spartacus\/produkt\/jakten-pa-olav-den-hellige-4\/#primaryimage\"},\"thumbnailUrl\":\"https:\/\/staging.forenteforlag.no\/spartacus\/wp-content\/uploads\/sites\/6\/2026\/03\/9788243014770.jpg\",\"datePublished\":\"2022-03-21T00:00:00+00:00\",\"dateModified\":\"2026-03-04T14:33:29+00:00\",\"breadcrumb\":{\"@id\":\"https:\/\/staging.forenteforlag.no\/spartacus\/produkt\/jakten-pa-olav-den-hellige-4\/#breadcrumb\"},\"inLanguage\":\"nb-NO\",\"potentialAction\":[{\"@type\":\"ReadAction\",\"target\":[\"https:\/\/staging.forenteforlag.no\/spartacus\/produkt\/jakten-pa-olav-den-hellige-4\/\"]}]},{\"@type\":\"ImageObject\",\"inLanguage\":\"nb-NO\",\"@id\":\"https:\/\/staging.forenteforlag.no\/spartacus\/produkt\/jakten-pa-olav-den-hellige-4\/#primaryimage\",\"url\":\"https:\/\/staging.forenteforlag.no\/spartacus\/wp-content\/uploads\/sites\/6\/2026\/03\/9788243014770.jpg\",\"contentUrl\":\"https:\/\/staging.forenteforlag.no\/spartacus\/wp-content\/uploads\/sites\/6\/2026\/03\/9788243014770.jpg\",\"width\":720,\"height\":1115},{\"@type\":\"BreadcrumbList\",\"@id\":\"https:\/\/staging.forenteforlag.no\/spartacus\/produkt\/jakten-pa-olav-den-hellige-4\/#breadcrumb\",\"itemListElement\":[{\"@type\":\"ListItem\",\"position\":1,\"name\":\"Hjem\",\"item\":\"https:\/\/staging.forenteforlag.no\/spartacus\/\"},{\"@type\":\"ListItem\",\"position\":2,\"name\":\"Alle b\u00f8ker\",\"item\":\"https:\/\/staging.forenteforlag.no\/spartacus\/butikk\/\"},{\"@type\":\"ListItem\",\"position\":3,\"name\":\"Jakten p\u00e5 Olav den hellige\"}]},{\"@type\":\"WebSite\",\"@id\":\"https:\/\/staging.forenteforlag.no\/spartacus\/#website\",\"url\":\"https:\/\/staging.forenteforlag.no\/spartacus\/\",\"name\":\"Spartacus forlag\",\"description\":\"\",\"publisher\":{\"@id\":\"https:\/\/staging.forenteforlag.no\/spartacus\/#organization\"},\"potentialAction\":[{\"@type\":\"SearchAction\",\"target\":{\"@type\":\"EntryPoint\",\"urlTemplate\":\"https:\/\/staging.forenteforlag.no\/spartacus\/?s={search_term_string}\"},\"query-input\":{\"@type\":\"PropertyValueSpecification\",\"valueRequired\":true,\"valueName\":\"search_term_string\"}}],\"inLanguage\":\"nb-NO\"},{\"@type\":\"Organization\",\"@id\":\"https:\/\/staging.forenteforlag.no\/spartacus\/#organization\",\"name\":\"Spartacus forlag\",\"url\":\"https:\/\/staging.forenteforlag.no\/spartacus\/\",\"logo\":{\"@type\":\"ImageObject\",\"inLanguage\":\"nb-NO\",\"@id\":\"https:\/\/staging.forenteforlag.no\/spartacus\/#\/schema\/logo\/image\/\",\"url\":\"https:\/\/staging.forenteforlag.no\/spartacus\/wp-content\/uploads\/sites\/6\/2024\/09\/Spartacus_logo.svg\",\"contentUrl\":\"https:\/\/staging.forenteforlag.no\/spartacus\/wp-content\/uploads\/sites\/6\/2024\/09\/Spartacus_logo.svg\",\"width\":100,\"height\":100,\"caption\":\"Spartacus forlag\"},\"image\":{\"@id\":\"https:\/\/staging.forenteforlag.no\/spartacus\/#\/schema\/logo\/image\/\"},\"sameAs\":[\"https:\/\/www.facebook.com\/SpartacusForlag\"]}]}<\/script>\n<!-- \/ Yoast SEO plugin. -->","yoast_head_json":{"title":"Jakten p\u00e5 Olav den hellige - Spartacus","robots":{"index":"noindex","follow":"follow","max-snippet":"max-snippet:-1","max-image-preview":"max-image-preview:large","max-video-preview":"max-video-preview:-1"},"og_locale":"nb_NO","og_type":"article","og_title":"Jakten p\u00e5 Olav den hellige - Spartacus","og_description":"I 1013 ble helgenkongen Olav Haraldsson d\u00f8pt i Rouen. Religionshistorikeren \u00d8ystein Morten har gjennom flere \u00e5r studert livet hans; en brutal og bestialsk historie. Vi f\u00f8lger Olav fra han er med i en leieh\u00e6r under stormingen av byen Canterbury i 1011 og videre til han ankommer Vestlandet h\u00f8sten 1015. Samtidig arbeider Morten med et annet [&hellip;]","og_url":"https:\/\/staging.forenteforlag.no\/spartacus\/produkt\/jakten-pa-olav-den-hellige-4\/","og_site_name":"Spartacus","article_publisher":"https:\/\/www.facebook.com\/SpartacusForlag","article_modified_time":"2026-03-04T14:33:29+00:00","og_image":[{"width":720,"height":1115,"url":"https:\/\/staging.forenteforlag.no\/spartacus\/wp-content\/uploads\/sites\/6\/2026\/03\/9788243014770.jpg","type":"image\/jpeg"}],"twitter_card":"summary_large_image","twitter_misc":{"Ansl. lesetid":"1 minutt"},"schema":{"@context":"https:\/\/schema.org","@graph":[{"@type":"WebPage","@id":"https:\/\/staging.forenteforlag.no\/spartacus\/produkt\/jakten-pa-olav-den-hellige-4\/","url":"https:\/\/staging.forenteforlag.no\/spartacus\/produkt\/jakten-pa-olav-den-hellige-4\/","name":"Jakten p\u00e5 Olav den hellige - Spartacus","isPartOf":{"@id":"https:\/\/staging.forenteforlag.no\/spartacus\/#website"},"primaryImageOfPage":{"@id":"https:\/\/staging.forenteforlag.no\/spartacus\/produkt\/jakten-pa-olav-den-hellige-4\/#primaryimage"},"image":{"@id":"https:\/\/staging.forenteforlag.no\/spartacus\/produkt\/jakten-pa-olav-den-hellige-4\/#primaryimage"},"thumbnailUrl":"https:\/\/staging.forenteforlag.no\/spartacus\/wp-content\/uploads\/sites\/6\/2026\/03\/9788243014770.jpg","datePublished":"2022-03-21T00:00:00+00:00","dateModified":"2026-03-04T14:33:29+00:00","breadcrumb":{"@id":"https:\/\/staging.forenteforlag.no\/spartacus\/produkt\/jakten-pa-olav-den-hellige-4\/#breadcrumb"},"inLanguage":"nb-NO","potentialAction":[{"@type":"ReadAction","target":["https:\/\/staging.forenteforlag.no\/spartacus\/produkt\/jakten-pa-olav-den-hellige-4\/"]}]},{"@type":"ImageObject","inLanguage":"nb-NO","@id":"https:\/\/staging.forenteforlag.no\/spartacus\/produkt\/jakten-pa-olav-den-hellige-4\/#primaryimage","url":"https:\/\/staging.forenteforlag.no\/spartacus\/wp-content\/uploads\/sites\/6\/2026\/03\/9788243014770.jpg","contentUrl":"https:\/\/staging.forenteforlag.no\/spartacus\/wp-content\/uploads\/sites\/6\/2026\/03\/9788243014770.jpg","width":720,"height":1115},{"@type":"BreadcrumbList","@id":"https:\/\/staging.forenteforlag.no\/spartacus\/produkt\/jakten-pa-olav-den-hellige-4\/#breadcrumb","itemListElement":[{"@type":"ListItem","position":1,"name":"Hjem","item":"https:\/\/staging.forenteforlag.no\/spartacus\/"},{"@type":"ListItem","position":2,"name":"Alle b\u00f8ker","item":"https:\/\/staging.forenteforlag.no\/spartacus\/butikk\/"},{"@type":"ListItem","position":3,"name":"Jakten p\u00e5 Olav den hellige"}]},{"@type":"WebSite","@id":"https:\/\/staging.forenteforlag.no\/spartacus\/#website","url":"https:\/\/staging.forenteforlag.no\/spartacus\/","name":"Spartacus forlag","description":"","publisher":{"@id":"https:\/\/staging.forenteforlag.no\/spartacus\/#organization"},"potentialAction":[{"@type":"SearchAction","target":{"@type":"EntryPoint","urlTemplate":"https:\/\/staging.forenteforlag.no\/spartacus\/?s={search_term_string}"},"query-input":{"@type":"PropertyValueSpecification","valueRequired":true,"valueName":"search_term_string"}}],"inLanguage":"nb-NO"},{"@type":"Organization","@id":"https:\/\/staging.forenteforlag.no\/spartacus\/#organization","name":"Spartacus forlag","url":"https:\/\/staging.forenteforlag.no\/spartacus\/","logo":{"@type":"ImageObject","inLanguage":"nb-NO","@id":"https:\/\/staging.forenteforlag.no\/spartacus\/#\/schema\/logo\/image\/","url":"https:\/\/staging.forenteforlag.no\/spartacus\/wp-content\/uploads\/sites\/6\/2024\/09\/Spartacus_logo.svg","contentUrl":"https:\/\/staging.forenteforlag.no\/spartacus\/wp-content\/uploads\/sites\/6\/2024\/09\/Spartacus_logo.svg","width":100,"height":100,"caption":"Spartacus forlag"},"image":{"@id":"https:\/\/staging.forenteforlag.no\/spartacus\/#\/schema\/logo\/image\/"},"sameAs":["https:\/\/www.facebook.com\/SpartacusForlag"]}]}},"_links":{"self":[{"href":"https:\/\/staging.forenteforlag.no\/spartacus\/wp-json\/wp\/v2\/product\/22349","targetHints":{"allow":["GET"]}}],"collection":[{"href":"https:\/\/staging.forenteforlag.no\/spartacus\/wp-json\/wp\/v2\/product"}],"about":[{"href":"https:\/\/staging.forenteforlag.no\/spartacus\/wp-json\/wp\/v2\/types\/product"}],"wp:featuredmedia":[{"embeddable":true,"href":"https:\/\/staging.forenteforlag.no\/spartacus\/wp-json\/wp\/v2\/media\/26685"}],"wp:attachment":[{"href":"https:\/\/staging.forenteforlag.no\/spartacus\/wp-json\/wp\/v2\/media?parent=22349"}],"wp:term":[{"taxonomy":"product_brand","embeddable":true,"href":"https:\/\/staging.forenteforlag.no\/spartacus\/wp-json\/wp\/v2\/product_brand?post=22349"},{"taxonomy":"product_cat","embeddable":true,"href":"https:\/\/staging.forenteforlag.no\/spartacus\/wp-json\/wp\/v2\/product_cat?post=22349"},{"taxonomy":"product_tag","embeddable":true,"href":"https:\/\/staging.forenteforlag.no\/spartacus\/wp-json\/wp\/v2\/product_tag?post=22349"}],"curies":[{"name":"wp","href":"https:\/\/api.w.org\/{rel}","templated":true}]}}