{"id":22343,"date":"2023-06-15T02:00:00","date_gmt":"2023-06-15T00:00:00","guid":{"rendered":"https:\/\/spartacus.forenteforlag.no\/produkt\/dronning-ingerids-land-3\/"},"modified":"2026-03-04T15:38:55","modified_gmt":"2026-03-04T14:38:55","slug":"dronning-ingerids-land-3","status":"publish","type":"product","link":"https:\/\/staging.forenteforlag.no\/spartacus\/produkt\/dronning-ingerids-land-3\/","title":{"rendered":"Dronning Ingerids land"},"content":{"rendered":"<p>Med Sigurd Jorsalfares d\u00f8d i 1130 startet en blodig tid i Norden. Kampen om tronstolene utartet til en underlig stollek der vinneren var sikret en snarlig d\u00f8d. Den d\u00f8delige leken ble iakttatt av en kvinne som kjente reglene godt. Som arving etter den svenske kongen var hun selv en brikke i spillet om kongemakt. Men hun var ogs\u00e5 en spiller. <\/p>\n<p>Ingerid Ragnvaldsdatter ble dronning i Norge da hun giftet seg med kong Harald Gille. Da han ble drept to \u00e5r senere, fikk hun s\u00f8nnen valgt til konge, sammen med halvbroren. Inntil barnekongene ble myndige, l\u00e5 kongemakten i andres hender. Hvilke? <\/p>\n<p>Kildene hvisker lavt om dronning Ingerid, men spr\u00e5ket skjuler henne. Som navet i en krets av lendmenn forsvinner hun ut av spr\u00e5ket og historien. Det samme gj\u00f8r denne voldelige tidens fredelige sider. Sverdene f\u00e5r vi se, men mennenes politiske sf\u00e6re hadde ogs\u00e5 en spinneside, der allianser ble inng\u00e5tt, byggverk reiste seg og lover vedtatt. Lover om \u00e5 la sverdene hvile n\u00e5r man valgte konge. <\/p>\n<p>Sporene etter dette arbeidet er der likevel. De avdekker hva de kjempet for, sverddragerne rundt tronstolene. Og de avdekker Ingerid Ragnvaldsdatters historie.<\/p>\n","protected":false},"excerpt":{"rendered":"<p>Med Sigurd Jorsalfares d\u00f8d i 1130 startet en blodig tid i Norden. Kampen om tronstolene utartet til en underlig stollek der vinneren var sikret en snarlig d\u00f8d. Den d\u00f8delige leken ble iakttatt av en kvinne som kjente reglene godt. Som arving etter den svenske kongen var hun selv en brikke i spillet om kongemakt. Men [&hellip;]<\/p>\n","protected":false},"featured_media":26710,"template":"","meta":{"_acf_changed":false,"inline_featured_image":false},"product_brand":[],"product_cat":[1786],"product_tag":[1087,607,362,366,439,417],"class_list":{"0":"post-22343","1":"product","2":"type-product","3":"status-publish","4":"has-post-thumbnail","6":"product_cat-rabattkodekampanje","7":"product_tag-1100-tallet","8":"product_tag-bedriftshistorie","9":"product_tag-faglitteratur","10":"product_tag-kongelige","11":"product_tag-nord-norge","12":"product_tag-selvbiografier","14":"first","15":"instock","16":"shipping-taxable","17":"purchasable","18":"product-type-simple"},"acf":{"anmeldelse":[{"tekst_anmeldelser":"\u00abNorges svar p\u00e5 Game of Thrones ... Mona Ringvejs bok om blodsutgytelser og maktkamper p\u00e5 1100-tallet er noe s\u00e5 sjelden som sakprosa det vil v\u00e6re uheldig \u00e5 r\u00f8pe slutten p\u00e5 ... Ringvejs fortelleteknikk gir materiale medrivende kvalitet.\u00bb","av_anmeldelser":"Andreas Ervik","terningkast":false,"kilde":"Forskerforum"},{"tekst_anmeldelser":"\u00abRingvejs bragd er \u00e5 skrive fram eit nytt land for lesaren ... det stig fram eit rikare og meir interessant samfunn fr\u00e5 mellom linene til sagaene og kr\u00f8nikene ... Kven treng vel romanar med slik sakprosa?\u00bb","av_anmeldelser":"\u00d8ystein Morten","terningkast":false,"kilde":"Dag og Tid"},{"tekst_anmeldelser":"\u00abLirker kvinneliv ut fra de sparsommelige kildenes glemsel\u00bb","av_anmeldelser":"Johanne Elster Hanson","terningkast":false,"kilde":"Morgenbladet"},{"tekst_anmeldelser":"\u00abRingvej spenner opp et bredt lerret om et borgerkrigsherjet Norden p\u00e5 1100-tallet i Dronning Ingerids land. Her maner hun fram et spektakul\u00e6rt portrett av en dronning fra skyggenes dal, spekket av politiske intriger, maktkamp, r\u00e5 vold og erotikk.\u00bb","av_anmeldelser":"Jan Nyberg","terningkast":"<i class=\"fa-solid fa-dice-five\"><\/i>","kilde":"Bok365"},{"tekst_anmeldelser":"\u00abVirkelighetens Game of Thrones... Ringvej skriver faghistorie henvendt til et ufagl\u00e6rt publikum, men hun st\u00e5r ikke tilbake for Jo Nesb\u00f8 hva r\u00e5skap ang\u00e5r.\u00bb","av_anmeldelser":"Arne Dvergsdal","terningkast":"<i class=\"fa-solid fa-dice-five\"><\/i>","kilde":"Dagbladet"},{"tekst_anmeldelser":"\u00abRingvej skriv sprudlande friskt og tett opp til kjeldene.\u00bb","av_anmeldelser":"Solveig Aareskjold","terningkast":false,"kilde":"Klassekampen"}]},"yoast_head":"<!-- This site is optimized with the Yoast SEO plugin v26.6 - https:\/\/yoast.com\/wordpress\/plugins\/seo\/ -->\n<title>Dronning Ingerids land - Spartacus<\/title>\n<meta name=\"robots\" content=\"noindex, follow, max-snippet:-1, max-image-preview:large, max-video-preview:-1\" \/>\n<meta property=\"og:locale\" content=\"nb_NO\" \/>\n<meta property=\"og:type\" content=\"article\" \/>\n<meta property=\"og:title\" content=\"Dronning Ingerids land - Spartacus\" \/>\n<meta property=\"og:description\" content=\"Med Sigurd Jorsalfares d\u00f8d i 1130 startet en blodig tid i Norden. Kampen om tronstolene utartet til en underlig stollek der vinneren var sikret en snarlig d\u00f8d. Den d\u00f8delige leken ble iakttatt av en kvinne som kjente reglene godt. Som arving etter den svenske kongen var hun selv en brikke i spillet om kongemakt. Men [&hellip;]\" \/>\n<meta property=\"og:url\" content=\"https:\/\/staging.forenteforlag.no\/spartacus\/produkt\/dronning-ingerids-land-3\/\" \/>\n<meta property=\"og:site_name\" content=\"Spartacus\" \/>\n<meta property=\"article:publisher\" content=\"https:\/\/www.facebook.com\/SpartacusForlag\" \/>\n<meta property=\"article:modified_time\" content=\"2026-03-04T14:38:55+00:00\" \/>\n<meta property=\"og:image\" content=\"https:\/\/staging.forenteforlag.no\/spartacus\/wp-content\/uploads\/sites\/6\/2026\/03\/9788243015678.jpg\" \/>\n\t<meta property=\"og:image:width\" content=\"720\" \/>\n\t<meta property=\"og:image:height\" content=\"988\" \/>\n\t<meta property=\"og:image:type\" content=\"image\/jpeg\" \/>\n<meta name=\"twitter:card\" content=\"summary_large_image\" \/>\n<meta name=\"twitter:label1\" content=\"Ansl. lesetid\" \/>\n\t<meta name=\"twitter:data1\" content=\"1 minutt\" \/>\n<script type=\"application\/ld+json\" class=\"yoast-schema-graph\">{\"@context\":\"https:\/\/schema.org\",\"@graph\":[{\"@type\":\"WebPage\",\"@id\":\"https:\/\/staging.forenteforlag.no\/spartacus\/produkt\/dronning-ingerids-land-3\/\",\"url\":\"https:\/\/staging.forenteforlag.no\/spartacus\/produkt\/dronning-ingerids-land-3\/\",\"name\":\"Dronning Ingerids land - Spartacus\",\"isPartOf\":{\"@id\":\"https:\/\/staging.forenteforlag.no\/spartacus\/#website\"},\"primaryImageOfPage\":{\"@id\":\"https:\/\/staging.forenteforlag.no\/spartacus\/produkt\/dronning-ingerids-land-3\/#primaryimage\"},\"image\":{\"@id\":\"https:\/\/staging.forenteforlag.no\/spartacus\/produkt\/dronning-ingerids-land-3\/#primaryimage\"},\"thumbnailUrl\":\"https:\/\/staging.forenteforlag.no\/spartacus\/wp-content\/uploads\/sites\/6\/2026\/03\/9788243015678.jpg\",\"datePublished\":\"2023-06-15T00:00:00+00:00\",\"dateModified\":\"2026-03-04T14:38:55+00:00\",\"breadcrumb\":{\"@id\":\"https:\/\/staging.forenteforlag.no\/spartacus\/produkt\/dronning-ingerids-land-3\/#breadcrumb\"},\"inLanguage\":\"nb-NO\",\"potentialAction\":[{\"@type\":\"ReadAction\",\"target\":[\"https:\/\/staging.forenteforlag.no\/spartacus\/produkt\/dronning-ingerids-land-3\/\"]}]},{\"@type\":\"ImageObject\",\"inLanguage\":\"nb-NO\",\"@id\":\"https:\/\/staging.forenteforlag.no\/spartacus\/produkt\/dronning-ingerids-land-3\/#primaryimage\",\"url\":\"https:\/\/staging.forenteforlag.no\/spartacus\/wp-content\/uploads\/sites\/6\/2026\/03\/9788243015678.jpg\",\"contentUrl\":\"https:\/\/staging.forenteforlag.no\/spartacus\/wp-content\/uploads\/sites\/6\/2026\/03\/9788243015678.jpg\",\"width\":720,\"height\":988},{\"@type\":\"BreadcrumbList\",\"@id\":\"https:\/\/staging.forenteforlag.no\/spartacus\/produkt\/dronning-ingerids-land-3\/#breadcrumb\",\"itemListElement\":[{\"@type\":\"ListItem\",\"position\":1,\"name\":\"Hjem\",\"item\":\"https:\/\/staging.forenteforlag.no\/spartacus\/\"},{\"@type\":\"ListItem\",\"position\":2,\"name\":\"Alle b\u00f8ker\",\"item\":\"https:\/\/staging.forenteforlag.no\/spartacus\/butikk\/\"},{\"@type\":\"ListItem\",\"position\":3,\"name\":\"Dronning Ingerids land\"}]},{\"@type\":\"WebSite\",\"@id\":\"https:\/\/staging.forenteforlag.no\/spartacus\/#website\",\"url\":\"https:\/\/staging.forenteforlag.no\/spartacus\/\",\"name\":\"Spartacus forlag\",\"description\":\"\",\"publisher\":{\"@id\":\"https:\/\/staging.forenteforlag.no\/spartacus\/#organization\"},\"potentialAction\":[{\"@type\":\"SearchAction\",\"target\":{\"@type\":\"EntryPoint\",\"urlTemplate\":\"https:\/\/staging.forenteforlag.no\/spartacus\/?s={search_term_string}\"},\"query-input\":{\"@type\":\"PropertyValueSpecification\",\"valueRequired\":true,\"valueName\":\"search_term_string\"}}],\"inLanguage\":\"nb-NO\"},{\"@type\":\"Organization\",\"@id\":\"https:\/\/staging.forenteforlag.no\/spartacus\/#organization\",\"name\":\"Spartacus forlag\",\"url\":\"https:\/\/staging.forenteforlag.no\/spartacus\/\",\"logo\":{\"@type\":\"ImageObject\",\"inLanguage\":\"nb-NO\",\"@id\":\"https:\/\/staging.forenteforlag.no\/spartacus\/#\/schema\/logo\/image\/\",\"url\":\"https:\/\/staging.forenteforlag.no\/spartacus\/wp-content\/uploads\/sites\/6\/2024\/09\/Spartacus_logo.svg\",\"contentUrl\":\"https:\/\/staging.forenteforlag.no\/spartacus\/wp-content\/uploads\/sites\/6\/2024\/09\/Spartacus_logo.svg\",\"width\":100,\"height\":100,\"caption\":\"Spartacus forlag\"},\"image\":{\"@id\":\"https:\/\/staging.forenteforlag.no\/spartacus\/#\/schema\/logo\/image\/\"},\"sameAs\":[\"https:\/\/www.facebook.com\/SpartacusForlag\"]}]}<\/script>\n<!-- \/ Yoast SEO plugin. -->","yoast_head_json":{"title":"Dronning Ingerids land - Spartacus","robots":{"index":"noindex","follow":"follow","max-snippet":"max-snippet:-1","max-image-preview":"max-image-preview:large","max-video-preview":"max-video-preview:-1"},"og_locale":"nb_NO","og_type":"article","og_title":"Dronning Ingerids land - Spartacus","og_description":"Med Sigurd Jorsalfares d\u00f8d i 1130 startet en blodig tid i Norden. Kampen om tronstolene utartet til en underlig stollek der vinneren var sikret en snarlig d\u00f8d. Den d\u00f8delige leken ble iakttatt av en kvinne som kjente reglene godt. Som arving etter den svenske kongen var hun selv en brikke i spillet om kongemakt. Men [&hellip;]","og_url":"https:\/\/staging.forenteforlag.no\/spartacus\/produkt\/dronning-ingerids-land-3\/","og_site_name":"Spartacus","article_publisher":"https:\/\/www.facebook.com\/SpartacusForlag","article_modified_time":"2026-03-04T14:38:55+00:00","og_image":[{"width":720,"height":988,"url":"https:\/\/staging.forenteforlag.no\/spartacus\/wp-content\/uploads\/sites\/6\/2026\/03\/9788243015678.jpg","type":"image\/jpeg"}],"twitter_card":"summary_large_image","twitter_misc":{"Ansl. lesetid":"1 minutt"},"schema":{"@context":"https:\/\/schema.org","@graph":[{"@type":"WebPage","@id":"https:\/\/staging.forenteforlag.no\/spartacus\/produkt\/dronning-ingerids-land-3\/","url":"https:\/\/staging.forenteforlag.no\/spartacus\/produkt\/dronning-ingerids-land-3\/","name":"Dronning Ingerids land - Spartacus","isPartOf":{"@id":"https:\/\/staging.forenteforlag.no\/spartacus\/#website"},"primaryImageOfPage":{"@id":"https:\/\/staging.forenteforlag.no\/spartacus\/produkt\/dronning-ingerids-land-3\/#primaryimage"},"image":{"@id":"https:\/\/staging.forenteforlag.no\/spartacus\/produkt\/dronning-ingerids-land-3\/#primaryimage"},"thumbnailUrl":"https:\/\/staging.forenteforlag.no\/spartacus\/wp-content\/uploads\/sites\/6\/2026\/03\/9788243015678.jpg","datePublished":"2023-06-15T00:00:00+00:00","dateModified":"2026-03-04T14:38:55+00:00","breadcrumb":{"@id":"https:\/\/staging.forenteforlag.no\/spartacus\/produkt\/dronning-ingerids-land-3\/#breadcrumb"},"inLanguage":"nb-NO","potentialAction":[{"@type":"ReadAction","target":["https:\/\/staging.forenteforlag.no\/spartacus\/produkt\/dronning-ingerids-land-3\/"]}]},{"@type":"ImageObject","inLanguage":"nb-NO","@id":"https:\/\/staging.forenteforlag.no\/spartacus\/produkt\/dronning-ingerids-land-3\/#primaryimage","url":"https:\/\/staging.forenteforlag.no\/spartacus\/wp-content\/uploads\/sites\/6\/2026\/03\/9788243015678.jpg","contentUrl":"https:\/\/staging.forenteforlag.no\/spartacus\/wp-content\/uploads\/sites\/6\/2026\/03\/9788243015678.jpg","width":720,"height":988},{"@type":"BreadcrumbList","@id":"https:\/\/staging.forenteforlag.no\/spartacus\/produkt\/dronning-ingerids-land-3\/#breadcrumb","itemListElement":[{"@type":"ListItem","position":1,"name":"Hjem","item":"https:\/\/staging.forenteforlag.no\/spartacus\/"},{"@type":"ListItem","position":2,"name":"Alle b\u00f8ker","item":"https:\/\/staging.forenteforlag.no\/spartacus\/butikk\/"},{"@type":"ListItem","position":3,"name":"Dronning Ingerids land"}]},{"@type":"WebSite","@id":"https:\/\/staging.forenteforlag.no\/spartacus\/#website","url":"https:\/\/staging.forenteforlag.no\/spartacus\/","name":"Spartacus forlag","description":"","publisher":{"@id":"https:\/\/staging.forenteforlag.no\/spartacus\/#organization"},"potentialAction":[{"@type":"SearchAction","target":{"@type":"EntryPoint","urlTemplate":"https:\/\/staging.forenteforlag.no\/spartacus\/?s={search_term_string}"},"query-input":{"@type":"PropertyValueSpecification","valueRequired":true,"valueName":"search_term_string"}}],"inLanguage":"nb-NO"},{"@type":"Organization","@id":"https:\/\/staging.forenteforlag.no\/spartacus\/#organization","name":"Spartacus forlag","url":"https:\/\/staging.forenteforlag.no\/spartacus\/","logo":{"@type":"ImageObject","inLanguage":"nb-NO","@id":"https:\/\/staging.forenteforlag.no\/spartacus\/#\/schema\/logo\/image\/","url":"https:\/\/staging.forenteforlag.no\/spartacus\/wp-content\/uploads\/sites\/6\/2024\/09\/Spartacus_logo.svg","contentUrl":"https:\/\/staging.forenteforlag.no\/spartacus\/wp-content\/uploads\/sites\/6\/2024\/09\/Spartacus_logo.svg","width":100,"height":100,"caption":"Spartacus forlag"},"image":{"@id":"https:\/\/staging.forenteforlag.no\/spartacus\/#\/schema\/logo\/image\/"},"sameAs":["https:\/\/www.facebook.com\/SpartacusForlag"]}]}},"_links":{"self":[{"href":"https:\/\/staging.forenteforlag.no\/spartacus\/wp-json\/wp\/v2\/product\/22343","targetHints":{"allow":["GET"]}}],"collection":[{"href":"https:\/\/staging.forenteforlag.no\/spartacus\/wp-json\/wp\/v2\/product"}],"about":[{"href":"https:\/\/staging.forenteforlag.no\/spartacus\/wp-json\/wp\/v2\/types\/product"}],"wp:featuredmedia":[{"embeddable":true,"href":"https:\/\/staging.forenteforlag.no\/spartacus\/wp-json\/wp\/v2\/media\/26710"}],"wp:attachment":[{"href":"https:\/\/staging.forenteforlag.no\/spartacus\/wp-json\/wp\/v2\/media?parent=22343"}],"wp:term":[{"taxonomy":"product_brand","embeddable":true,"href":"https:\/\/staging.forenteforlag.no\/spartacus\/wp-json\/wp\/v2\/product_brand?post=22343"},{"taxonomy":"product_cat","embeddable":true,"href":"https:\/\/staging.forenteforlag.no\/spartacus\/wp-json\/wp\/v2\/product_cat?post=22343"},{"taxonomy":"product_tag","embeddable":true,"href":"https:\/\/staging.forenteforlag.no\/spartacus\/wp-json\/wp\/v2\/product_tag?post=22343"}],"curies":[{"name":"wp","href":"https:\/\/api.w.org\/{rel}","templated":true}]}}