{"id":22339,"date":"2022-03-04T01:00:00","date_gmt":"2022-03-04T00:00:00","guid":{"rendered":"https:\/\/spartacus.forenteforlag.no\/produkt\/husk-oss-til-livet-2\/"},"modified":"2026-03-02T18:24:13","modified_gmt":"2026-03-02T17:24:13","slug":"husk-oss-til-livet-2","status":"publish","type":"product","link":"https:\/\/staging.forenteforlag.no\/spartacus\/produkt\/husk-oss-til-livet-2\/","title":{"rendered":"Husk oss til livet"},"content":{"rendered":"<p>Store deler av Joanna Rubin Drangers slekt forsvant eller m\u00e5tte flykte under holocaust. Hvordan skal generasjonene som kom etterp\u00e5 f\u00e5 vite hva som skjedde med dem? Med David og Lova som m\u00e5tte flykte fra Oslo i april 1940, med lille Faivel som ikke engang har hatt et navn, med Noach som ikke kom seg ut av Polen, og alle de andre som bare ble borte?  <\/p>\n<p>I detektivarbeidet med \u00e5 f\u00e5 vite hvordan slektningene levde og d\u00f8de, tar fortelleren leseren med p\u00e5 en reise over tre kontinenter, men ogs\u00e5 i tid. Mens de myrdede trer frem i lyset, levende og med en selvf\u00f8lgelig livsvilje, truer m\u00f8rket med \u00e5 sluke den som dykker ned i det. \u00abHusk oss til livet\u00bb er en tegnet dokumentar som handler om smerten ved \u00e5 bli fremmedgjort og avsk\u00e5ret fra sin egen historie.<\/p>\n","protected":false},"excerpt":{"rendered":"<p>Store deler av Joanna Rubin Drangers slekt forsvant eller m\u00e5tte flykte under holocaust. Hvordan skal generasjonene som kom etterp\u00e5 f\u00e5 vite hva som skjedde med dem? Med David og Lova som m\u00e5tte flykte fra Oslo i april 1940, med lille Faivel som ikke engang har hatt et navn, med Noach som ikke kom seg ut [&hellip;]<\/p>\n","protected":false},"featured_media":26650,"template":"","meta":{"_acf_changed":false,"inline_featured_image":false},"product_brand":[],"product_cat":[1786],"product_tag":[370],"class_list":{"0":"post-22339","1":"product","2":"type-product","3":"status-publish","4":"has-post-thumbnail","6":"product_cat-rabattkodekampanje","7":"product_tag-skjonnlitteratur","9":"first","10":"instock","11":"shipping-taxable","12":"purchasable","13":"product-type-simple"},"acf":{"anmeldelse":[{"tekst_anmeldelser":"\u00abEt tegnet storverk om j\u00f8denes historie. \u00c5 sitte med svenske Joanna Rubin Drangers store bok om j\u00f8denes historie i hendene, gj\u00f8r inntrykk. Ikke bare fordi hun i denne boka tegner og skriver om fortidige skrekkscenarioer \u2013 om forf\u00f8lgelse, massedrap og sykt maktbegj\u00e6r \u2013 men fordi fortellingen virker gruoppvekkende dagsaktuell. Husk oss til livet er ei bok som tar strupetak p\u00e5 leseren.\u00bb","av_anmeldelser":"Maja Troberg Djuve","terningkast":"<i class=\"fa-solid fa-dice-five\"><\/i>","kilde":"Dagbladet"},{"tekst_anmeldelser":"\u00abEt mesterverk! Noen ganger dukker det opp en bok som bare krever oppmerksomhet. Mektige Husk oss til livet er en slik bok.\u00bb","av_anmeldelser":"Tarald Aano","terningkast":"<i class=\"fa-solid fa-dice-six\"><\/i>","kilde":"Stavanger Aftenblad"},{"tekst_anmeldelser":"\u00abMaus skaper fortsatt debatt og topper bestselgerlister, s\u00e5 sp\u00f8rsm\u00e5let er snarere 'kan man lage en tegneserie om Holocaust etter Maus?'. Etter \u00e5 ha lest Joanna Rubin Drangers storverk Husk oss til livet m\u00e5 svaret bli et rungende 'ja'. ... Dranger gj\u00f8r nettopp det tittelen lover, hun husker familien sin tilbake til livet.\u00bb","av_anmeldelser":"\u00d8yvind Holen","terningkast":false,"kilde":"\u00d8yvind Holen"},{"tekst_anmeldelser":"\u00abMens Art Spiegelmans 'Maus' fortelles fra perspektivet til barna til holocasut-ofrene, tilh\u00f8rer Dranger barnebarnas generasjon. Hun ... er avhengig av historiske kilder, noe hun heldigvis har flust av. [...] Disse f\u00f8rsteh\u00e5ndskildene gj\u00f8r at stoffet blir levende og n\u00e6rt, samtidig trenger ikke Dranger \u00e5 spekulere for mye over 'hva f\u00f8lte de da?'. Hun vet det ofte. Ved \u00e5 trekke linjer fra pogromene i \u00d8st-Europa, via antisemittismen i Sverige p\u00e5 det tidlige 1900-tallet, til andre verdenskrig, kommer den svenske skylden i holocaust langt tydeligere frem. \u00c5 ikke gj\u00f8re noe er ogs\u00e5 et valg, viser Dranger. [...] Ved hjelp av slektningene David og Lova Abrahamsen, og deres to barn, illustrerer Dranger hvor desperat situasjonen var for norske j\u00f8der etter den tyske okkupasjonen, og hvor hjertel\u00f8st mange svensker opptr\u00e5dte i m\u00f8te med de j\u00f8diske flyktningene.\u00bb","av_anmeldelser":"Erle Marie S\u00f8rheim","terningkast":false,"kilde":"Aftenposten"},{"tekst_anmeldelser":"\u00abDranger fant et svart hull i familiens historie: Ingen kjente til slektningene som ble myrdet under holocaust. Hennes tegnede roman har potensiale til \u00e5 bli en moderne klassiker.\u00bb","av_anmeldelser":"Rakel Chukris","terningkast":false,"kilde":"Sydsvenskan"},{"tekst_anmeldelser":"\u00abTegner Holocaust p\u00e5 nytt. En familie p\u00e5 flukt binder sammen den j\u00f8diske historien i Sverige og Norge f\u00f8r, under og etter krigen i Joanna Drangers grensesprengende, tegnede dokumentarbok 'Husk oss til livet'.\u00bb","av_anmeldelser":"Knut Hoem","terningkast":false,"kilde":"NRK"},{"tekst_anmeldelser":"\u00abI likhet med 'Maus' er dette et mesterverk som vil bli st\u00e5ende for framtida. ... Hver side i denne slektskr\u00f8niken f\u00f8les som et slag mot facismen. I tillegg fungerer det biografiske grepet utmerket for \u00e5 fortelle den store historien om hva Holocaust var, og hvordan det kunne skje.\u00bb","av_anmeldelser":"Jonas Bals","terningkast":false,"kilde":"Klassekampen"}]},"yoast_head":"<!-- This site is optimized with the Yoast SEO plugin v26.6 - https:\/\/yoast.com\/wordpress\/plugins\/seo\/ -->\n<title>Husk oss til livet - Spartacus<\/title>\n<meta name=\"robots\" content=\"noindex, follow, max-snippet:-1, max-image-preview:large, max-video-preview:-1\" \/>\n<meta property=\"og:locale\" content=\"nb_NO\" \/>\n<meta property=\"og:type\" content=\"article\" \/>\n<meta property=\"og:title\" content=\"Husk oss til livet - Spartacus\" \/>\n<meta property=\"og:description\" content=\"Store deler av Joanna Rubin Drangers slekt forsvant eller m\u00e5tte flykte under holocaust. Hvordan skal generasjonene som kom etterp\u00e5 f\u00e5 vite hva som skjedde med dem? Med David og Lova som m\u00e5tte flykte fra Oslo i april 1940, med lille Faivel som ikke engang har hatt et navn, med Noach som ikke kom seg ut [&hellip;]\" \/>\n<meta property=\"og:url\" content=\"https:\/\/staging.forenteforlag.no\/spartacus\/produkt\/husk-oss-til-livet-2\/\" \/>\n<meta property=\"og:site_name\" content=\"Spartacus\" \/>\n<meta property=\"article:publisher\" content=\"https:\/\/www.facebook.com\/SpartacusForlag\" \/>\n<meta property=\"article:modified_time\" content=\"2026-03-02T17:24:13+00:00\" \/>\n<meta property=\"og:image\" content=\"https:\/\/staging.forenteforlag.no\/spartacus\/wp-content\/uploads\/sites\/6\/2026\/02\/9788243013735.jpg\" \/>\n\t<meta property=\"og:image:width\" content=\"720\" \/>\n\t<meta property=\"og:image:height\" content=\"943\" \/>\n\t<meta property=\"og:image:type\" content=\"image\/jpeg\" \/>\n<meta name=\"twitter:card\" content=\"summary_large_image\" \/>\n<meta name=\"twitter:label1\" content=\"Ansl. lesetid\" \/>\n\t<meta name=\"twitter:data1\" content=\"1 minutt\" \/>\n<script type=\"application\/ld+json\" class=\"yoast-schema-graph\">{\"@context\":\"https:\/\/schema.org\",\"@graph\":[{\"@type\":\"WebPage\",\"@id\":\"https:\/\/staging.forenteforlag.no\/spartacus\/produkt\/husk-oss-til-livet-2\/\",\"url\":\"https:\/\/staging.forenteforlag.no\/spartacus\/produkt\/husk-oss-til-livet-2\/\",\"name\":\"Husk oss til livet - Spartacus\",\"isPartOf\":{\"@id\":\"https:\/\/staging.forenteforlag.no\/spartacus\/#website\"},\"primaryImageOfPage\":{\"@id\":\"https:\/\/staging.forenteforlag.no\/spartacus\/produkt\/husk-oss-til-livet-2\/#primaryimage\"},\"image\":{\"@id\":\"https:\/\/staging.forenteforlag.no\/spartacus\/produkt\/husk-oss-til-livet-2\/#primaryimage\"},\"thumbnailUrl\":\"https:\/\/staging.forenteforlag.no\/spartacus\/wp-content\/uploads\/sites\/6\/2026\/02\/9788243013735.jpg\",\"datePublished\":\"2022-03-04T00:00:00+00:00\",\"dateModified\":\"2026-03-02T17:24:13+00:00\",\"breadcrumb\":{\"@id\":\"https:\/\/staging.forenteforlag.no\/spartacus\/produkt\/husk-oss-til-livet-2\/#breadcrumb\"},\"inLanguage\":\"nb-NO\",\"potentialAction\":[{\"@type\":\"ReadAction\",\"target\":[\"https:\/\/staging.forenteforlag.no\/spartacus\/produkt\/husk-oss-til-livet-2\/\"]}]},{\"@type\":\"ImageObject\",\"inLanguage\":\"nb-NO\",\"@id\":\"https:\/\/staging.forenteforlag.no\/spartacus\/produkt\/husk-oss-til-livet-2\/#primaryimage\",\"url\":\"https:\/\/staging.forenteforlag.no\/spartacus\/wp-content\/uploads\/sites\/6\/2026\/02\/9788243013735.jpg\",\"contentUrl\":\"https:\/\/staging.forenteforlag.no\/spartacus\/wp-content\/uploads\/sites\/6\/2026\/02\/9788243013735.jpg\",\"width\":720,\"height\":943},{\"@type\":\"BreadcrumbList\",\"@id\":\"https:\/\/staging.forenteforlag.no\/spartacus\/produkt\/husk-oss-til-livet-2\/#breadcrumb\",\"itemListElement\":[{\"@type\":\"ListItem\",\"position\":1,\"name\":\"Hjem\",\"item\":\"https:\/\/staging.forenteforlag.no\/spartacus\/\"},{\"@type\":\"ListItem\",\"position\":2,\"name\":\"Alle b\u00f8ker\",\"item\":\"https:\/\/staging.forenteforlag.no\/spartacus\/butikk\/\"},{\"@type\":\"ListItem\",\"position\":3,\"name\":\"Husk oss til livet\"}]},{\"@type\":\"WebSite\",\"@id\":\"https:\/\/staging.forenteforlag.no\/spartacus\/#website\",\"url\":\"https:\/\/staging.forenteforlag.no\/spartacus\/\",\"name\":\"Spartacus forlag\",\"description\":\"\",\"publisher\":{\"@id\":\"https:\/\/staging.forenteforlag.no\/spartacus\/#organization\"},\"potentialAction\":[{\"@type\":\"SearchAction\",\"target\":{\"@type\":\"EntryPoint\",\"urlTemplate\":\"https:\/\/staging.forenteforlag.no\/spartacus\/?s={search_term_string}\"},\"query-input\":{\"@type\":\"PropertyValueSpecification\",\"valueRequired\":true,\"valueName\":\"search_term_string\"}}],\"inLanguage\":\"nb-NO\"},{\"@type\":\"Organization\",\"@id\":\"https:\/\/staging.forenteforlag.no\/spartacus\/#organization\",\"name\":\"Spartacus forlag\",\"url\":\"https:\/\/staging.forenteforlag.no\/spartacus\/\",\"logo\":{\"@type\":\"ImageObject\",\"inLanguage\":\"nb-NO\",\"@id\":\"https:\/\/staging.forenteforlag.no\/spartacus\/#\/schema\/logo\/image\/\",\"url\":\"https:\/\/staging.forenteforlag.no\/spartacus\/wp-content\/uploads\/sites\/6\/2024\/09\/Spartacus_logo.svg\",\"contentUrl\":\"https:\/\/staging.forenteforlag.no\/spartacus\/wp-content\/uploads\/sites\/6\/2024\/09\/Spartacus_logo.svg\",\"width\":100,\"height\":100,\"caption\":\"Spartacus forlag\"},\"image\":{\"@id\":\"https:\/\/staging.forenteforlag.no\/spartacus\/#\/schema\/logo\/image\/\"},\"sameAs\":[\"https:\/\/www.facebook.com\/SpartacusForlag\"]}]}<\/script>\n<!-- \/ Yoast SEO plugin. -->","yoast_head_json":{"title":"Husk oss til livet - Spartacus","robots":{"index":"noindex","follow":"follow","max-snippet":"max-snippet:-1","max-image-preview":"max-image-preview:large","max-video-preview":"max-video-preview:-1"},"og_locale":"nb_NO","og_type":"article","og_title":"Husk oss til livet - Spartacus","og_description":"Store deler av Joanna Rubin Drangers slekt forsvant eller m\u00e5tte flykte under holocaust. Hvordan skal generasjonene som kom etterp\u00e5 f\u00e5 vite hva som skjedde med dem? Med David og Lova som m\u00e5tte flykte fra Oslo i april 1940, med lille Faivel som ikke engang har hatt et navn, med Noach som ikke kom seg ut [&hellip;]","og_url":"https:\/\/staging.forenteforlag.no\/spartacus\/produkt\/husk-oss-til-livet-2\/","og_site_name":"Spartacus","article_publisher":"https:\/\/www.facebook.com\/SpartacusForlag","article_modified_time":"2026-03-02T17:24:13+00:00","og_image":[{"width":720,"height":943,"url":"https:\/\/staging.forenteforlag.no\/spartacus\/wp-content\/uploads\/sites\/6\/2026\/02\/9788243013735.jpg","type":"image\/jpeg"}],"twitter_card":"summary_large_image","twitter_misc":{"Ansl. lesetid":"1 minutt"},"schema":{"@context":"https:\/\/schema.org","@graph":[{"@type":"WebPage","@id":"https:\/\/staging.forenteforlag.no\/spartacus\/produkt\/husk-oss-til-livet-2\/","url":"https:\/\/staging.forenteforlag.no\/spartacus\/produkt\/husk-oss-til-livet-2\/","name":"Husk oss til livet - Spartacus","isPartOf":{"@id":"https:\/\/staging.forenteforlag.no\/spartacus\/#website"},"primaryImageOfPage":{"@id":"https:\/\/staging.forenteforlag.no\/spartacus\/produkt\/husk-oss-til-livet-2\/#primaryimage"},"image":{"@id":"https:\/\/staging.forenteforlag.no\/spartacus\/produkt\/husk-oss-til-livet-2\/#primaryimage"},"thumbnailUrl":"https:\/\/staging.forenteforlag.no\/spartacus\/wp-content\/uploads\/sites\/6\/2026\/02\/9788243013735.jpg","datePublished":"2022-03-04T00:00:00+00:00","dateModified":"2026-03-02T17:24:13+00:00","breadcrumb":{"@id":"https:\/\/staging.forenteforlag.no\/spartacus\/produkt\/husk-oss-til-livet-2\/#breadcrumb"},"inLanguage":"nb-NO","potentialAction":[{"@type":"ReadAction","target":["https:\/\/staging.forenteforlag.no\/spartacus\/produkt\/husk-oss-til-livet-2\/"]}]},{"@type":"ImageObject","inLanguage":"nb-NO","@id":"https:\/\/staging.forenteforlag.no\/spartacus\/produkt\/husk-oss-til-livet-2\/#primaryimage","url":"https:\/\/staging.forenteforlag.no\/spartacus\/wp-content\/uploads\/sites\/6\/2026\/02\/9788243013735.jpg","contentUrl":"https:\/\/staging.forenteforlag.no\/spartacus\/wp-content\/uploads\/sites\/6\/2026\/02\/9788243013735.jpg","width":720,"height":943},{"@type":"BreadcrumbList","@id":"https:\/\/staging.forenteforlag.no\/spartacus\/produkt\/husk-oss-til-livet-2\/#breadcrumb","itemListElement":[{"@type":"ListItem","position":1,"name":"Hjem","item":"https:\/\/staging.forenteforlag.no\/spartacus\/"},{"@type":"ListItem","position":2,"name":"Alle b\u00f8ker","item":"https:\/\/staging.forenteforlag.no\/spartacus\/butikk\/"},{"@type":"ListItem","position":3,"name":"Husk oss til livet"}]},{"@type":"WebSite","@id":"https:\/\/staging.forenteforlag.no\/spartacus\/#website","url":"https:\/\/staging.forenteforlag.no\/spartacus\/","name":"Spartacus forlag","description":"","publisher":{"@id":"https:\/\/staging.forenteforlag.no\/spartacus\/#organization"},"potentialAction":[{"@type":"SearchAction","target":{"@type":"EntryPoint","urlTemplate":"https:\/\/staging.forenteforlag.no\/spartacus\/?s={search_term_string}"},"query-input":{"@type":"PropertyValueSpecification","valueRequired":true,"valueName":"search_term_string"}}],"inLanguage":"nb-NO"},{"@type":"Organization","@id":"https:\/\/staging.forenteforlag.no\/spartacus\/#organization","name":"Spartacus forlag","url":"https:\/\/staging.forenteforlag.no\/spartacus\/","logo":{"@type":"ImageObject","inLanguage":"nb-NO","@id":"https:\/\/staging.forenteforlag.no\/spartacus\/#\/schema\/logo\/image\/","url":"https:\/\/staging.forenteforlag.no\/spartacus\/wp-content\/uploads\/sites\/6\/2024\/09\/Spartacus_logo.svg","contentUrl":"https:\/\/staging.forenteforlag.no\/spartacus\/wp-content\/uploads\/sites\/6\/2024\/09\/Spartacus_logo.svg","width":100,"height":100,"caption":"Spartacus forlag"},"image":{"@id":"https:\/\/staging.forenteforlag.no\/spartacus\/#\/schema\/logo\/image\/"},"sameAs":["https:\/\/www.facebook.com\/SpartacusForlag"]}]}},"_links":{"self":[{"href":"https:\/\/staging.forenteforlag.no\/spartacus\/wp-json\/wp\/v2\/product\/22339","targetHints":{"allow":["GET"]}}],"collection":[{"href":"https:\/\/staging.forenteforlag.no\/spartacus\/wp-json\/wp\/v2\/product"}],"about":[{"href":"https:\/\/staging.forenteforlag.no\/spartacus\/wp-json\/wp\/v2\/types\/product"}],"wp:featuredmedia":[{"embeddable":true,"href":"https:\/\/staging.forenteforlag.no\/spartacus\/wp-json\/wp\/v2\/media\/26650"}],"wp:attachment":[{"href":"https:\/\/staging.forenteforlag.no\/spartacus\/wp-json\/wp\/v2\/media?parent=22339"}],"wp:term":[{"taxonomy":"product_brand","embeddable":true,"href":"https:\/\/staging.forenteforlag.no\/spartacus\/wp-json\/wp\/v2\/product_brand?post=22339"},{"taxonomy":"product_cat","embeddable":true,"href":"https:\/\/staging.forenteforlag.no\/spartacus\/wp-json\/wp\/v2\/product_cat?post=22339"},{"taxonomy":"product_tag","embeddable":true,"href":"https:\/\/staging.forenteforlag.no\/spartacus\/wp-json\/wp\/v2\/product_tag?post=22339"}],"curies":[{"name":"wp","href":"https:\/\/api.w.org\/{rel}","templated":true}]}}