{"id":22338,"date":"2022-10-05T02:00:00","date_gmt":"2022-10-05T00:00:00","guid":{"rendered":"https:\/\/spartacus.forenteforlag.no\/produkt\/barbeint-i-amazonas-2\/"},"modified":"2026-03-04T15:28:50","modified_gmt":"2026-03-04T14:28:50","slug":"barbeint-i-amazonas-2","status":"publish","type":"product","link":"https:\/\/staging.forenteforlag.no\/spartacus\/produkt\/barbeint-i-amazonas-2\/","title":{"rendered":"Barbeint i Amazonas"},"content":{"rendered":"<p>Darwinisme har alle h\u00f8rt om. Men f\u00e5 er klar over at Darwin ble sl\u00e5tt p\u00e5 m\u00e5lstreken. Dette er historien om Alfred Russel Wallace, Europas f\u00f8rste backpacker og med-oppdager av seleksjonsteorien. Sammen med Darwin grunnla han biologien &#8211; vitenskapen om livet. <\/p>\n<p>Wallace kom fra fattige k\u00e5r, men fikk tidlig ambisjoner om \u00e5 l\u00f8se evolusjonens g\u00e5te. Han padlet kano med urfolk i Amazonas, bodde blant hodejegere p\u00e5 Borneo og seilte blant pirater til Papua Ny-Guinea. Han studerte dyr og planter, dr\u00f8ftet menneskets evolusjon og ble en viktig stemme i samfunnsdebatten ved inngangen til det tjuende \u00e5rhundre, med kampsaker som antimilitarisme, kolonialisme-kritikk og kvinnesak. Wallace tenkte egenr\u00e5dig og kreativt og lot seg hele livet lede av dyp nysgjerrighet. <\/p>\n<p>Ved siden d\u00f8d var Wallace verdens mest siterte vitenskapsmann, og han ble en av arkitektene bak de verdiene som skulle bli retningsgivende ved inngangen til det 21. \u00e5rhundre. Markus Lindholm forteller historien om en mann som verden neppe har sett maken til.<\/p>\n","protected":false},"excerpt":{"rendered":"<p>Darwinisme har alle h\u00f8rt om. Men f\u00e5 er klar over at Darwin ble sl\u00e5tt p\u00e5 m\u00e5lstreken. Dette er historien om Alfred Russel Wallace, Europas f\u00f8rste backpacker og med-oppdager av seleksjonsteorien. Sammen med Darwin grunnla han biologien &#8211; vitenskapen om livet. Wallace kom fra fattige k\u00e5r, men fikk tidlig ambisjoner om \u00e5 l\u00f8se evolusjonens g\u00e5te. Han [&hellip;]<\/p>\n","protected":false},"featured_media":26649,"template":"","meta":{"_acf_changed":false,"inline_featured_image":false},"product_brand":[],"product_cat":[1786],"product_tag":[394,397,362,732,417,428,621],"class_list":{"0":"post-22338","1":"product","2":"type-product","3":"status-publish","4":"has-post-thumbnail","6":"product_cat-rabattkodekampanje","7":"product_tag-1800-tallet","8":"product_tag-1900-1914","9":"product_tag-faglitteratur","10":"product_tag-oppdagelsesreisende","11":"product_tag-selvbiografier","12":"product_tag-storbritannia","13":"product_tag-utviklingslaeren","15":"first","16":"instock","17":"shipping-taxable","18":"purchasable","19":"product-type-simple"},"acf":{"anmeldelse":[{"tekst_anmeldelser":"\u00ab... det er mangfoldet, og det nesten ustyrlige ved Wallaces karakter som fascinerer aller mest...\u00bb","av_anmeldelser":"","terningkast":false,"kilde":"Klassekampen"},{"tekst_anmeldelser":"\u00abEn engasjerende biografi om han som fant en avgj\u00f8rende bit til evolusjonteorien.\u00bb","av_anmeldelser":"","terningkast":false,"kilde":"Forskerforum"}]},"yoast_head":"<!-- This site is optimized with the Yoast SEO plugin v26.6 - https:\/\/yoast.com\/wordpress\/plugins\/seo\/ -->\n<title>Barbeint i Amazonas - Spartacus<\/title>\n<meta name=\"robots\" content=\"noindex, follow, max-snippet:-1, max-image-preview:large, max-video-preview:-1\" \/>\n<meta property=\"og:locale\" content=\"nb_NO\" \/>\n<meta property=\"og:type\" content=\"article\" \/>\n<meta property=\"og:title\" content=\"Barbeint i Amazonas - Spartacus\" \/>\n<meta property=\"og:description\" content=\"Darwinisme har alle h\u00f8rt om. Men f\u00e5 er klar over at Darwin ble sl\u00e5tt p\u00e5 m\u00e5lstreken. Dette er historien om Alfred Russel Wallace, Europas f\u00f8rste backpacker og med-oppdager av seleksjonsteorien. Sammen med Darwin grunnla han biologien &#8211; vitenskapen om livet. Wallace kom fra fattige k\u00e5r, men fikk tidlig ambisjoner om \u00e5 l\u00f8se evolusjonens g\u00e5te. Han [&hellip;]\" \/>\n<meta property=\"og:url\" content=\"https:\/\/staging.forenteforlag.no\/spartacus\/produkt\/barbeint-i-amazonas-2\/\" \/>\n<meta property=\"og:site_name\" content=\"Spartacus\" \/>\n<meta property=\"article:publisher\" content=\"https:\/\/www.facebook.com\/SpartacusForlag\" \/>\n<meta property=\"article:modified_time\" content=\"2026-03-04T14:28:50+00:00\" \/>\n<meta property=\"og:image\" content=\"https:\/\/staging.forenteforlag.no\/spartacus\/wp-content\/uploads\/sites\/6\/2026\/02\/9788243013728.jpg\" \/>\n\t<meta property=\"og:image:width\" content=\"720\" \/>\n\t<meta property=\"og:image:height\" content=\"1102\" \/>\n\t<meta property=\"og:image:type\" content=\"image\/jpeg\" \/>\n<meta name=\"twitter:card\" content=\"summary_large_image\" \/>\n<meta name=\"twitter:label1\" content=\"Ansl. lesetid\" \/>\n\t<meta name=\"twitter:data1\" content=\"1 minutt\" \/>\n<script type=\"application\/ld+json\" class=\"yoast-schema-graph\">{\"@context\":\"https:\/\/schema.org\",\"@graph\":[{\"@type\":\"WebPage\",\"@id\":\"https:\/\/staging.forenteforlag.no\/spartacus\/produkt\/barbeint-i-amazonas-2\/\",\"url\":\"https:\/\/staging.forenteforlag.no\/spartacus\/produkt\/barbeint-i-amazonas-2\/\",\"name\":\"Barbeint i Amazonas - Spartacus\",\"isPartOf\":{\"@id\":\"https:\/\/staging.forenteforlag.no\/spartacus\/#website\"},\"primaryImageOfPage\":{\"@id\":\"https:\/\/staging.forenteforlag.no\/spartacus\/produkt\/barbeint-i-amazonas-2\/#primaryimage\"},\"image\":{\"@id\":\"https:\/\/staging.forenteforlag.no\/spartacus\/produkt\/barbeint-i-amazonas-2\/#primaryimage\"},\"thumbnailUrl\":\"https:\/\/staging.forenteforlag.no\/spartacus\/wp-content\/uploads\/sites\/6\/2026\/02\/9788243013728.jpg\",\"datePublished\":\"2022-10-05T00:00:00+00:00\",\"dateModified\":\"2026-03-04T14:28:50+00:00\",\"breadcrumb\":{\"@id\":\"https:\/\/staging.forenteforlag.no\/spartacus\/produkt\/barbeint-i-amazonas-2\/#breadcrumb\"},\"inLanguage\":\"nb-NO\",\"potentialAction\":[{\"@type\":\"ReadAction\",\"target\":[\"https:\/\/staging.forenteforlag.no\/spartacus\/produkt\/barbeint-i-amazonas-2\/\"]}]},{\"@type\":\"ImageObject\",\"inLanguage\":\"nb-NO\",\"@id\":\"https:\/\/staging.forenteforlag.no\/spartacus\/produkt\/barbeint-i-amazonas-2\/#primaryimage\",\"url\":\"https:\/\/staging.forenteforlag.no\/spartacus\/wp-content\/uploads\/sites\/6\/2026\/02\/9788243013728.jpg\",\"contentUrl\":\"https:\/\/staging.forenteforlag.no\/spartacus\/wp-content\/uploads\/sites\/6\/2026\/02\/9788243013728.jpg\",\"width\":720,\"height\":1102},{\"@type\":\"BreadcrumbList\",\"@id\":\"https:\/\/staging.forenteforlag.no\/spartacus\/produkt\/barbeint-i-amazonas-2\/#breadcrumb\",\"itemListElement\":[{\"@type\":\"ListItem\",\"position\":1,\"name\":\"Hjem\",\"item\":\"https:\/\/staging.forenteforlag.no\/spartacus\/\"},{\"@type\":\"ListItem\",\"position\":2,\"name\":\"Alle b\u00f8ker\",\"item\":\"https:\/\/staging.forenteforlag.no\/spartacus\/butikk\/\"},{\"@type\":\"ListItem\",\"position\":3,\"name\":\"Barbeint i Amazonas\"}]},{\"@type\":\"WebSite\",\"@id\":\"https:\/\/staging.forenteforlag.no\/spartacus\/#website\",\"url\":\"https:\/\/staging.forenteforlag.no\/spartacus\/\",\"name\":\"Spartacus forlag\",\"description\":\"\",\"publisher\":{\"@id\":\"https:\/\/staging.forenteforlag.no\/spartacus\/#organization\"},\"potentialAction\":[{\"@type\":\"SearchAction\",\"target\":{\"@type\":\"EntryPoint\",\"urlTemplate\":\"https:\/\/staging.forenteforlag.no\/spartacus\/?s={search_term_string}\"},\"query-input\":{\"@type\":\"PropertyValueSpecification\",\"valueRequired\":true,\"valueName\":\"search_term_string\"}}],\"inLanguage\":\"nb-NO\"},{\"@type\":\"Organization\",\"@id\":\"https:\/\/staging.forenteforlag.no\/spartacus\/#organization\",\"name\":\"Spartacus forlag\",\"url\":\"https:\/\/staging.forenteforlag.no\/spartacus\/\",\"logo\":{\"@type\":\"ImageObject\",\"inLanguage\":\"nb-NO\",\"@id\":\"https:\/\/staging.forenteforlag.no\/spartacus\/#\/schema\/logo\/image\/\",\"url\":\"https:\/\/staging.forenteforlag.no\/spartacus\/wp-content\/uploads\/sites\/6\/2024\/09\/Spartacus_logo.svg\",\"contentUrl\":\"https:\/\/staging.forenteforlag.no\/spartacus\/wp-content\/uploads\/sites\/6\/2024\/09\/Spartacus_logo.svg\",\"width\":100,\"height\":100,\"caption\":\"Spartacus forlag\"},\"image\":{\"@id\":\"https:\/\/staging.forenteforlag.no\/spartacus\/#\/schema\/logo\/image\/\"},\"sameAs\":[\"https:\/\/www.facebook.com\/SpartacusForlag\"]}]}<\/script>\n<!-- \/ Yoast SEO plugin. -->","yoast_head_json":{"title":"Barbeint i Amazonas - Spartacus","robots":{"index":"noindex","follow":"follow","max-snippet":"max-snippet:-1","max-image-preview":"max-image-preview:large","max-video-preview":"max-video-preview:-1"},"og_locale":"nb_NO","og_type":"article","og_title":"Barbeint i Amazonas - Spartacus","og_description":"Darwinisme har alle h\u00f8rt om. Men f\u00e5 er klar over at Darwin ble sl\u00e5tt p\u00e5 m\u00e5lstreken. Dette er historien om Alfred Russel Wallace, Europas f\u00f8rste backpacker og med-oppdager av seleksjonsteorien. Sammen med Darwin grunnla han biologien &#8211; vitenskapen om livet. Wallace kom fra fattige k\u00e5r, men fikk tidlig ambisjoner om \u00e5 l\u00f8se evolusjonens g\u00e5te. Han [&hellip;]","og_url":"https:\/\/staging.forenteforlag.no\/spartacus\/produkt\/barbeint-i-amazonas-2\/","og_site_name":"Spartacus","article_publisher":"https:\/\/www.facebook.com\/SpartacusForlag","article_modified_time":"2026-03-04T14:28:50+00:00","og_image":[{"width":720,"height":1102,"url":"https:\/\/staging.forenteforlag.no\/spartacus\/wp-content\/uploads\/sites\/6\/2026\/02\/9788243013728.jpg","type":"image\/jpeg"}],"twitter_card":"summary_large_image","twitter_misc":{"Ansl. lesetid":"1 minutt"},"schema":{"@context":"https:\/\/schema.org","@graph":[{"@type":"WebPage","@id":"https:\/\/staging.forenteforlag.no\/spartacus\/produkt\/barbeint-i-amazonas-2\/","url":"https:\/\/staging.forenteforlag.no\/spartacus\/produkt\/barbeint-i-amazonas-2\/","name":"Barbeint i Amazonas - Spartacus","isPartOf":{"@id":"https:\/\/staging.forenteforlag.no\/spartacus\/#website"},"primaryImageOfPage":{"@id":"https:\/\/staging.forenteforlag.no\/spartacus\/produkt\/barbeint-i-amazonas-2\/#primaryimage"},"image":{"@id":"https:\/\/staging.forenteforlag.no\/spartacus\/produkt\/barbeint-i-amazonas-2\/#primaryimage"},"thumbnailUrl":"https:\/\/staging.forenteforlag.no\/spartacus\/wp-content\/uploads\/sites\/6\/2026\/02\/9788243013728.jpg","datePublished":"2022-10-05T00:00:00+00:00","dateModified":"2026-03-04T14:28:50+00:00","breadcrumb":{"@id":"https:\/\/staging.forenteforlag.no\/spartacus\/produkt\/barbeint-i-amazonas-2\/#breadcrumb"},"inLanguage":"nb-NO","potentialAction":[{"@type":"ReadAction","target":["https:\/\/staging.forenteforlag.no\/spartacus\/produkt\/barbeint-i-amazonas-2\/"]}]},{"@type":"ImageObject","inLanguage":"nb-NO","@id":"https:\/\/staging.forenteforlag.no\/spartacus\/produkt\/barbeint-i-amazonas-2\/#primaryimage","url":"https:\/\/staging.forenteforlag.no\/spartacus\/wp-content\/uploads\/sites\/6\/2026\/02\/9788243013728.jpg","contentUrl":"https:\/\/staging.forenteforlag.no\/spartacus\/wp-content\/uploads\/sites\/6\/2026\/02\/9788243013728.jpg","width":720,"height":1102},{"@type":"BreadcrumbList","@id":"https:\/\/staging.forenteforlag.no\/spartacus\/produkt\/barbeint-i-amazonas-2\/#breadcrumb","itemListElement":[{"@type":"ListItem","position":1,"name":"Hjem","item":"https:\/\/staging.forenteforlag.no\/spartacus\/"},{"@type":"ListItem","position":2,"name":"Alle b\u00f8ker","item":"https:\/\/staging.forenteforlag.no\/spartacus\/butikk\/"},{"@type":"ListItem","position":3,"name":"Barbeint i Amazonas"}]},{"@type":"WebSite","@id":"https:\/\/staging.forenteforlag.no\/spartacus\/#website","url":"https:\/\/staging.forenteforlag.no\/spartacus\/","name":"Spartacus forlag","description":"","publisher":{"@id":"https:\/\/staging.forenteforlag.no\/spartacus\/#organization"},"potentialAction":[{"@type":"SearchAction","target":{"@type":"EntryPoint","urlTemplate":"https:\/\/staging.forenteforlag.no\/spartacus\/?s={search_term_string}"},"query-input":{"@type":"PropertyValueSpecification","valueRequired":true,"valueName":"search_term_string"}}],"inLanguage":"nb-NO"},{"@type":"Organization","@id":"https:\/\/staging.forenteforlag.no\/spartacus\/#organization","name":"Spartacus forlag","url":"https:\/\/staging.forenteforlag.no\/spartacus\/","logo":{"@type":"ImageObject","inLanguage":"nb-NO","@id":"https:\/\/staging.forenteforlag.no\/spartacus\/#\/schema\/logo\/image\/","url":"https:\/\/staging.forenteforlag.no\/spartacus\/wp-content\/uploads\/sites\/6\/2024\/09\/Spartacus_logo.svg","contentUrl":"https:\/\/staging.forenteforlag.no\/spartacus\/wp-content\/uploads\/sites\/6\/2024\/09\/Spartacus_logo.svg","width":100,"height":100,"caption":"Spartacus forlag"},"image":{"@id":"https:\/\/staging.forenteforlag.no\/spartacus\/#\/schema\/logo\/image\/"},"sameAs":["https:\/\/www.facebook.com\/SpartacusForlag"]}]}},"_links":{"self":[{"href":"https:\/\/staging.forenteforlag.no\/spartacus\/wp-json\/wp\/v2\/product\/22338","targetHints":{"allow":["GET"]}}],"collection":[{"href":"https:\/\/staging.forenteforlag.no\/spartacus\/wp-json\/wp\/v2\/product"}],"about":[{"href":"https:\/\/staging.forenteforlag.no\/spartacus\/wp-json\/wp\/v2\/types\/product"}],"wp:featuredmedia":[{"embeddable":true,"href":"https:\/\/staging.forenteforlag.no\/spartacus\/wp-json\/wp\/v2\/media\/26649"}],"wp:attachment":[{"href":"https:\/\/staging.forenteforlag.no\/spartacus\/wp-json\/wp\/v2\/media?parent=22338"}],"wp:term":[{"taxonomy":"product_brand","embeddable":true,"href":"https:\/\/staging.forenteforlag.no\/spartacus\/wp-json\/wp\/v2\/product_brand?post=22338"},{"taxonomy":"product_cat","embeddable":true,"href":"https:\/\/staging.forenteforlag.no\/spartacus\/wp-json\/wp\/v2\/product_cat?post=22338"},{"taxonomy":"product_tag","embeddable":true,"href":"https:\/\/staging.forenteforlag.no\/spartacus\/wp-json\/wp\/v2\/product_tag?post=22338"}],"curies":[{"name":"wp","href":"https:\/\/api.w.org\/{rel}","templated":true}]}}