{"id":22333,"date":"2023-07-25T02:00:00","date_gmt":"2023-07-25T00:00:00","guid":{"rendered":"https:\/\/spartacus.forenteforlag.no\/produkt\/middelalderens-kjokken-2\/"},"modified":"2026-03-02T18:31:11","modified_gmt":"2026-03-02T17:31:11","slug":"middelalderens-kjokken-2","status":"publish","type":"product","link":"https:\/\/staging.forenteforlag.no\/spartacus\/produkt\/middelalderens-kjokken-2\/","title":{"rendered":"Middelalderens kj\u00f8kken"},"content":{"rendered":"<p>Hvilke urter kunne kurerer hjertesorg? N\u00e5r kom surdeigsbr\u00f8det til Norge? Hva kokte i skomakerens gryte p\u00e5 1300-tallet, og hvordan fikk man maten til \u00e5 holde seg helt til neste sommer? <\/p>\n<p>\u00abMiddelalderens kj\u00f8kken\u00bb er en historie om hva folk spiste i en tid da kyr og geiter gikk p\u00e5 egne bein til torget i byen og b\u00e5ter seilte inn med eksotiske varer fra fjerne himmelstr\u00f8k. En tid da biskopen klaget p\u00e5 vinprisene og det var forbudt \u00e5 drikke melk p\u00e5 fredag f\u00f8r Sankthans. <\/p>\n<p>Boka gir ny innsikt i fortidens matkultur, basert p\u00e5 et mangfold av arkeologiske og historiske kilder. Med historiene f\u00f8lger oppskrifter p\u00e5 fremmed smaker og dufter fra middelalderens kj\u00f8kken.<\/p>\n","protected":false},"excerpt":{"rendered":"<p>Hvilke urter kunne kurerer hjertesorg? N\u00e5r kom surdeigsbr\u00f8det til Norge? Hva kokte i skomakerens gryte p\u00e5 1300-tallet, og hvordan fikk man maten til \u00e5 holde seg helt til neste sommer? \u00abMiddelalderens kj\u00f8kken\u00bb er en historie om hva folk spiste i en tid da kyr og geiter gikk p\u00e5 egne bein til torget i byen og [&hellip;]<\/p>\n","protected":false},"featured_media":26694,"template":"","meta":{"_acf_changed":false,"inline_featured_image":false},"product_brand":[],"product_cat":[1786],"product_tag":[362],"class_list":{"0":"post-22333","1":"product","2":"type-product","3":"status-publish","4":"has-post-thumbnail","6":"product_cat-rabattkodekampanje","7":"product_tag-faglitteratur","9":"first","10":"midlertidig-utsolgt","11":"shipping-taxable","12":"purchasable","13":"product-type-simple"},"acf":{"anmeldelse":[{"tekst_anmeldelser":"\u00ab\u2026 allerede den f\u00f8rste setningen stemmer sinnet til en spennende historisk matvandring, og stemningen holder seg boken ut. \u2026 Dette er historie- og kulturarvformidling p\u00e5 h\u00f8yt niv\u00e5, glimrende fortalt og morsomt \u00e5 lese, intet mindre enn forbilledlig formidling av fortiden, og den treffer et bredt publikum.\u00bb","av_anmeldelser":"Janne Wilberg","terningkast":false,"kilde":"St. Hallvard"},{"tekst_anmeldelser":"\u00abMiddelaldermat er bare s\u00e5\u00e5\u00e5 2023. Alle som tidsriktig slutter opp om parolen 'Spis kortreist, spis i sesong, spis opp!', vil finne n\u00e6rende inspirasjon i Middelalderens kj\u00f8kken [\u2026] En fontene av opplysende leseglede!\u00bb","av_anmeldelser":"Yngve Ekern","terningkast":false,"kilde":"Prosa"}]},"yoast_head":"<!-- This site is optimized with the Yoast SEO plugin v26.6 - https:\/\/yoast.com\/wordpress\/plugins\/seo\/ -->\n<title>Middelalderens kj\u00f8kken - Spartacus<\/title>\n<meta name=\"robots\" content=\"noindex, follow, max-snippet:-1, max-image-preview:large, max-video-preview:-1\" \/>\n<meta property=\"og:locale\" content=\"nb_NO\" \/>\n<meta property=\"og:type\" content=\"article\" \/>\n<meta property=\"og:title\" content=\"Middelalderens kj\u00f8kken - Spartacus\" \/>\n<meta property=\"og:description\" content=\"Hvilke urter kunne kurerer hjertesorg? N\u00e5r kom surdeigsbr\u00f8det til Norge? Hva kokte i skomakerens gryte p\u00e5 1300-tallet, og hvordan fikk man maten til \u00e5 holde seg helt til neste sommer? \u00abMiddelalderens kj\u00f8kken\u00bb er en historie om hva folk spiste i en tid da kyr og geiter gikk p\u00e5 egne bein til torget i byen og [&hellip;]\" \/>\n<meta property=\"og:url\" content=\"https:\/\/staging.forenteforlag.no\/spartacus\/produkt\/middelalderens-kjokken-2\/\" \/>\n<meta property=\"og:site_name\" content=\"Spartacus\" \/>\n<meta property=\"article:publisher\" content=\"https:\/\/www.facebook.com\/SpartacusForlag\" \/>\n<meta property=\"article:modified_time\" content=\"2026-03-02T17:31:11+00:00\" \/>\n<meta property=\"og:image\" content=\"https:\/\/staging.forenteforlag.no\/spartacus\/wp-content\/uploads\/sites\/6\/2026\/03\/9788243014886.jpg\" \/>\n\t<meta property=\"og:image:width\" content=\"720\" \/>\n\t<meta property=\"og:image:height\" content=\"821\" \/>\n\t<meta property=\"og:image:type\" content=\"image\/jpeg\" \/>\n<meta name=\"twitter:card\" content=\"summary_large_image\" \/>\n<meta name=\"twitter:label1\" content=\"Ansl. lesetid\" \/>\n\t<meta name=\"twitter:data1\" content=\"1 minutt\" \/>\n<script type=\"application\/ld+json\" class=\"yoast-schema-graph\">{\"@context\":\"https:\/\/schema.org\",\"@graph\":[{\"@type\":\"WebPage\",\"@id\":\"https:\/\/staging.forenteforlag.no\/spartacus\/produkt\/middelalderens-kjokken-2\/\",\"url\":\"https:\/\/staging.forenteforlag.no\/spartacus\/produkt\/middelalderens-kjokken-2\/\",\"name\":\"Middelalderens kj\u00f8kken - Spartacus\",\"isPartOf\":{\"@id\":\"https:\/\/staging.forenteforlag.no\/spartacus\/#website\"},\"primaryImageOfPage\":{\"@id\":\"https:\/\/staging.forenteforlag.no\/spartacus\/produkt\/middelalderens-kjokken-2\/#primaryimage\"},\"image\":{\"@id\":\"https:\/\/staging.forenteforlag.no\/spartacus\/produkt\/middelalderens-kjokken-2\/#primaryimage\"},\"thumbnailUrl\":\"https:\/\/staging.forenteforlag.no\/spartacus\/wp-content\/uploads\/sites\/6\/2026\/03\/9788243014886.jpg\",\"datePublished\":\"2023-07-25T00:00:00+00:00\",\"dateModified\":\"2026-03-02T17:31:11+00:00\",\"breadcrumb\":{\"@id\":\"https:\/\/staging.forenteforlag.no\/spartacus\/produkt\/middelalderens-kjokken-2\/#breadcrumb\"},\"inLanguage\":\"nb-NO\",\"potentialAction\":[{\"@type\":\"ReadAction\",\"target\":[\"https:\/\/staging.forenteforlag.no\/spartacus\/produkt\/middelalderens-kjokken-2\/\"]}]},{\"@type\":\"ImageObject\",\"inLanguage\":\"nb-NO\",\"@id\":\"https:\/\/staging.forenteforlag.no\/spartacus\/produkt\/middelalderens-kjokken-2\/#primaryimage\",\"url\":\"https:\/\/staging.forenteforlag.no\/spartacus\/wp-content\/uploads\/sites\/6\/2026\/03\/9788243014886.jpg\",\"contentUrl\":\"https:\/\/staging.forenteforlag.no\/spartacus\/wp-content\/uploads\/sites\/6\/2026\/03\/9788243014886.jpg\",\"width\":720,\"height\":821},{\"@type\":\"BreadcrumbList\",\"@id\":\"https:\/\/staging.forenteforlag.no\/spartacus\/produkt\/middelalderens-kjokken-2\/#breadcrumb\",\"itemListElement\":[{\"@type\":\"ListItem\",\"position\":1,\"name\":\"Hjem\",\"item\":\"https:\/\/staging.forenteforlag.no\/spartacus\/\"},{\"@type\":\"ListItem\",\"position\":2,\"name\":\"Alle b\u00f8ker\",\"item\":\"https:\/\/staging.forenteforlag.no\/spartacus\/butikk\/\"},{\"@type\":\"ListItem\",\"position\":3,\"name\":\"Middelalderens kj\u00f8kken\"}]},{\"@type\":\"WebSite\",\"@id\":\"https:\/\/staging.forenteforlag.no\/spartacus\/#website\",\"url\":\"https:\/\/staging.forenteforlag.no\/spartacus\/\",\"name\":\"Spartacus forlag\",\"description\":\"\",\"publisher\":{\"@id\":\"https:\/\/staging.forenteforlag.no\/spartacus\/#organization\"},\"potentialAction\":[{\"@type\":\"SearchAction\",\"target\":{\"@type\":\"EntryPoint\",\"urlTemplate\":\"https:\/\/staging.forenteforlag.no\/spartacus\/?s={search_term_string}\"},\"query-input\":{\"@type\":\"PropertyValueSpecification\",\"valueRequired\":true,\"valueName\":\"search_term_string\"}}],\"inLanguage\":\"nb-NO\"},{\"@type\":\"Organization\",\"@id\":\"https:\/\/staging.forenteforlag.no\/spartacus\/#organization\",\"name\":\"Spartacus forlag\",\"url\":\"https:\/\/staging.forenteforlag.no\/spartacus\/\",\"logo\":{\"@type\":\"ImageObject\",\"inLanguage\":\"nb-NO\",\"@id\":\"https:\/\/staging.forenteforlag.no\/spartacus\/#\/schema\/logo\/image\/\",\"url\":\"https:\/\/staging.forenteforlag.no\/spartacus\/wp-content\/uploads\/sites\/6\/2024\/09\/Spartacus_logo.svg\",\"contentUrl\":\"https:\/\/staging.forenteforlag.no\/spartacus\/wp-content\/uploads\/sites\/6\/2024\/09\/Spartacus_logo.svg\",\"width\":100,\"height\":100,\"caption\":\"Spartacus forlag\"},\"image\":{\"@id\":\"https:\/\/staging.forenteforlag.no\/spartacus\/#\/schema\/logo\/image\/\"},\"sameAs\":[\"https:\/\/www.facebook.com\/SpartacusForlag\"]}]}<\/script>\n<!-- \/ Yoast SEO plugin. -->","yoast_head_json":{"title":"Middelalderens kj\u00f8kken - Spartacus","robots":{"index":"noindex","follow":"follow","max-snippet":"max-snippet:-1","max-image-preview":"max-image-preview:large","max-video-preview":"max-video-preview:-1"},"og_locale":"nb_NO","og_type":"article","og_title":"Middelalderens kj\u00f8kken - Spartacus","og_description":"Hvilke urter kunne kurerer hjertesorg? N\u00e5r kom surdeigsbr\u00f8det til Norge? Hva kokte i skomakerens gryte p\u00e5 1300-tallet, og hvordan fikk man maten til \u00e5 holde seg helt til neste sommer? \u00abMiddelalderens kj\u00f8kken\u00bb er en historie om hva folk spiste i en tid da kyr og geiter gikk p\u00e5 egne bein til torget i byen og [&hellip;]","og_url":"https:\/\/staging.forenteforlag.no\/spartacus\/produkt\/middelalderens-kjokken-2\/","og_site_name":"Spartacus","article_publisher":"https:\/\/www.facebook.com\/SpartacusForlag","article_modified_time":"2026-03-02T17:31:11+00:00","og_image":[{"width":720,"height":821,"url":"https:\/\/staging.forenteforlag.no\/spartacus\/wp-content\/uploads\/sites\/6\/2026\/03\/9788243014886.jpg","type":"image\/jpeg"}],"twitter_card":"summary_large_image","twitter_misc":{"Ansl. lesetid":"1 minutt"},"schema":{"@context":"https:\/\/schema.org","@graph":[{"@type":"WebPage","@id":"https:\/\/staging.forenteforlag.no\/spartacus\/produkt\/middelalderens-kjokken-2\/","url":"https:\/\/staging.forenteforlag.no\/spartacus\/produkt\/middelalderens-kjokken-2\/","name":"Middelalderens kj\u00f8kken - Spartacus","isPartOf":{"@id":"https:\/\/staging.forenteforlag.no\/spartacus\/#website"},"primaryImageOfPage":{"@id":"https:\/\/staging.forenteforlag.no\/spartacus\/produkt\/middelalderens-kjokken-2\/#primaryimage"},"image":{"@id":"https:\/\/staging.forenteforlag.no\/spartacus\/produkt\/middelalderens-kjokken-2\/#primaryimage"},"thumbnailUrl":"https:\/\/staging.forenteforlag.no\/spartacus\/wp-content\/uploads\/sites\/6\/2026\/03\/9788243014886.jpg","datePublished":"2023-07-25T00:00:00+00:00","dateModified":"2026-03-02T17:31:11+00:00","breadcrumb":{"@id":"https:\/\/staging.forenteforlag.no\/spartacus\/produkt\/middelalderens-kjokken-2\/#breadcrumb"},"inLanguage":"nb-NO","potentialAction":[{"@type":"ReadAction","target":["https:\/\/staging.forenteforlag.no\/spartacus\/produkt\/middelalderens-kjokken-2\/"]}]},{"@type":"ImageObject","inLanguage":"nb-NO","@id":"https:\/\/staging.forenteforlag.no\/spartacus\/produkt\/middelalderens-kjokken-2\/#primaryimage","url":"https:\/\/staging.forenteforlag.no\/spartacus\/wp-content\/uploads\/sites\/6\/2026\/03\/9788243014886.jpg","contentUrl":"https:\/\/staging.forenteforlag.no\/spartacus\/wp-content\/uploads\/sites\/6\/2026\/03\/9788243014886.jpg","width":720,"height":821},{"@type":"BreadcrumbList","@id":"https:\/\/staging.forenteforlag.no\/spartacus\/produkt\/middelalderens-kjokken-2\/#breadcrumb","itemListElement":[{"@type":"ListItem","position":1,"name":"Hjem","item":"https:\/\/staging.forenteforlag.no\/spartacus\/"},{"@type":"ListItem","position":2,"name":"Alle b\u00f8ker","item":"https:\/\/staging.forenteforlag.no\/spartacus\/butikk\/"},{"@type":"ListItem","position":3,"name":"Middelalderens kj\u00f8kken"}]},{"@type":"WebSite","@id":"https:\/\/staging.forenteforlag.no\/spartacus\/#website","url":"https:\/\/staging.forenteforlag.no\/spartacus\/","name":"Spartacus forlag","description":"","publisher":{"@id":"https:\/\/staging.forenteforlag.no\/spartacus\/#organization"},"potentialAction":[{"@type":"SearchAction","target":{"@type":"EntryPoint","urlTemplate":"https:\/\/staging.forenteforlag.no\/spartacus\/?s={search_term_string}"},"query-input":{"@type":"PropertyValueSpecification","valueRequired":true,"valueName":"search_term_string"}}],"inLanguage":"nb-NO"},{"@type":"Organization","@id":"https:\/\/staging.forenteforlag.no\/spartacus\/#organization","name":"Spartacus forlag","url":"https:\/\/staging.forenteforlag.no\/spartacus\/","logo":{"@type":"ImageObject","inLanguage":"nb-NO","@id":"https:\/\/staging.forenteforlag.no\/spartacus\/#\/schema\/logo\/image\/","url":"https:\/\/staging.forenteforlag.no\/spartacus\/wp-content\/uploads\/sites\/6\/2024\/09\/Spartacus_logo.svg","contentUrl":"https:\/\/staging.forenteforlag.no\/spartacus\/wp-content\/uploads\/sites\/6\/2024\/09\/Spartacus_logo.svg","width":100,"height":100,"caption":"Spartacus forlag"},"image":{"@id":"https:\/\/staging.forenteforlag.no\/spartacus\/#\/schema\/logo\/image\/"},"sameAs":["https:\/\/www.facebook.com\/SpartacusForlag"]}]}},"_links":{"self":[{"href":"https:\/\/staging.forenteforlag.no\/spartacus\/wp-json\/wp\/v2\/product\/22333","targetHints":{"allow":["GET"]}}],"collection":[{"href":"https:\/\/staging.forenteforlag.no\/spartacus\/wp-json\/wp\/v2\/product"}],"about":[{"href":"https:\/\/staging.forenteforlag.no\/spartacus\/wp-json\/wp\/v2\/types\/product"}],"wp:featuredmedia":[{"embeddable":true,"href":"https:\/\/staging.forenteforlag.no\/spartacus\/wp-json\/wp\/v2\/media\/26694"}],"wp:attachment":[{"href":"https:\/\/staging.forenteforlag.no\/spartacus\/wp-json\/wp\/v2\/media?parent=22333"}],"wp:term":[{"taxonomy":"product_brand","embeddable":true,"href":"https:\/\/staging.forenteforlag.no\/spartacus\/wp-json\/wp\/v2\/product_brand?post=22333"},{"taxonomy":"product_cat","embeddable":true,"href":"https:\/\/staging.forenteforlag.no\/spartacus\/wp-json\/wp\/v2\/product_cat?post=22333"},{"taxonomy":"product_tag","embeddable":true,"href":"https:\/\/staging.forenteforlag.no\/spartacus\/wp-json\/wp\/v2\/product_tag?post=22333"}],"curies":[{"name":"wp","href":"https:\/\/api.w.org\/{rel}","templated":true}]}}