{"id":22321,"date":"2024-08-04T02:00:00","date_gmt":"2024-08-04T00:00:00","guid":{"rendered":"https:\/\/spartacus.forenteforlag.no\/produkt\/a-skyte-en-elefant-og-andre-essays\/"},"modified":"2026-03-04T15:13:53","modified_gmt":"2026-03-04T14:13:53","slug":"a-skyte-en-elefant-og-andre-essays","status":"publish","type":"product","link":"https:\/\/staging.forenteforlag.no\/spartacus\/produkt\/a-skyte-en-elefant-og-andre-essays\/","title":{"rendered":"\u00c5 skyte en elefant og andre essays"},"content":{"rendered":"<p>\u00abOrwellsk\u00bb brukes ofte synonymt med \u00abtotalit\u00e6r\u00bb, f\u00f8rst og fremst p\u00e5 grunn av Orwells kritikk av den sovjetiske totalitarismen i romanene <em>Kamerat Napoleon <\/em>og <em>1984<\/em>. Men forfatteren kjempet ogs\u00e5 i den spanske borgerkrigen mot <em>fascistisk <\/em>totalitarisme. Dermed har Orwell f\u00e5tt vedvarende status som en slags sekul\u00e6r helgen b\u00e5de hos sosialismekritikere p\u00e5 h\u00f8yresiden og frittenkende progressive.<\/p>\n<p>Orwells essayer tegner et mer nyansert bilde av en vittig og tvers igjennom britisk forfatter som kritiserte alle former for politisk \u00abbarbari\u00bb. Tekstene i boken beveger seg i et grenseland mellom erindringslitteratur og samfunnskritikk, der hans sterke rettferdighetssans og empati med de svake i samfunnet skinner gjennom mange steder. Essayene har fornyet aktualitet i dag, n\u00e5r s\u00e5 mange historiske tendenser fra hans egen tid synes \u00e5 gjenta seg: \u00f8kt nasjonalisme og autoritarisme i flere land.<\/p>\n<p>Oversatt og med forord av Aleksander Melli.<\/p>\n","protected":false},"excerpt":{"rendered":"<p>\u00abOrwellsk\u00bb brukes ofte synonymt med \u00abtotalit\u00e6r\u00bb, f\u00f8rst og fremst p\u00e5 grunn av Orwells kritikk av den sovjetiske totalitarismen i romanene Kamerat Napoleon og 1984. Men forfatteren kjempet ogs\u00e5 i den spanske borgerkrigen mot fascistisk totalitarisme. Dermed har Orwell f\u00e5tt vedvarende status som en slags sekul\u00e6r helgen b\u00e5de hos sosialismekritikere p\u00e5 h\u00f8yresiden og frittenkende progressive. Orwells [&hellip;]<\/p>\n","protected":false},"featured_media":26490,"template":"","meta":{"_acf_changed":false,"inline_featured_image":false},"product_brand":[],"product_cat":[1786],"product_tag":[378,362,392,556],"class_list":{"0":"post-22321","1":"product","2":"type-product","3":"status-publish","4":"has-post-thumbnail","6":"product_cat-rabattkodekampanje","7":"product_tag-essay","8":"product_tag-faglitteratur","9":"product_tag-samfunnsanalyse","10":"product_tag-totalitarisme","12":"first","13":"instock","14":"shipping-taxable","15":"purchasable","16":"product-type-simple"},"acf":{"anmeldelse":null},"yoast_head":"<!-- This site is optimized with the Yoast SEO plugin v26.6 - https:\/\/yoast.com\/wordpress\/plugins\/seo\/ -->\n<title>\u00c5 skyte en elefant og andre essays - Spartacus<\/title>\n<meta name=\"robots\" content=\"noindex, follow, max-snippet:-1, max-image-preview:large, max-video-preview:-1\" \/>\n<meta property=\"og:locale\" content=\"nb_NO\" \/>\n<meta property=\"og:type\" content=\"article\" \/>\n<meta property=\"og:title\" content=\"\u00c5 skyte en elefant og andre essays - Spartacus\" \/>\n<meta property=\"og:description\" content=\"\u00abOrwellsk\u00bb brukes ofte synonymt med \u00abtotalit\u00e6r\u00bb, f\u00f8rst og fremst p\u00e5 grunn av Orwells kritikk av den sovjetiske totalitarismen i romanene Kamerat Napoleon og 1984. Men forfatteren kjempet ogs\u00e5 i den spanske borgerkrigen mot fascistisk totalitarisme. Dermed har Orwell f\u00e5tt vedvarende status som en slags sekul\u00e6r helgen b\u00e5de hos sosialismekritikere p\u00e5 h\u00f8yresiden og frittenkende progressive. Orwells [&hellip;]\" \/>\n<meta property=\"og:url\" content=\"https:\/\/staging.forenteforlag.no\/spartacus\/produkt\/a-skyte-en-elefant-og-andre-essays\/\" \/>\n<meta property=\"og:site_name\" content=\"Spartacus\" \/>\n<meta property=\"article:publisher\" content=\"https:\/\/www.facebook.com\/SpartacusForlag\" \/>\n<meta property=\"article:modified_time\" content=\"2026-03-04T14:13:53+00:00\" \/>\n<meta property=\"og:image\" content=\"https:\/\/staging.forenteforlag.no\/spartacus\/wp-content\/uploads\/sites\/6\/2026\/02\/9788243010659.jpg\" \/>\n\t<meta property=\"og:image:width\" content=\"720\" \/>\n\t<meta property=\"og:image:height\" content=\"1110\" \/>\n\t<meta property=\"og:image:type\" content=\"image\/jpeg\" \/>\n<meta name=\"twitter:card\" content=\"summary_large_image\" \/>\n<meta name=\"twitter:label1\" content=\"Ansl. lesetid\" \/>\n\t<meta name=\"twitter:data1\" content=\"1 minutt\" \/>\n<script type=\"application\/ld+json\" class=\"yoast-schema-graph\">{\"@context\":\"https:\/\/schema.org\",\"@graph\":[{\"@type\":\"WebPage\",\"@id\":\"https:\/\/staging.forenteforlag.no\/spartacus\/produkt\/a-skyte-en-elefant-og-andre-essays\/\",\"url\":\"https:\/\/staging.forenteforlag.no\/spartacus\/produkt\/a-skyte-en-elefant-og-andre-essays\/\",\"name\":\"\u00c5 skyte en elefant og andre essays - Spartacus\",\"isPartOf\":{\"@id\":\"https:\/\/staging.forenteforlag.no\/spartacus\/#website\"},\"primaryImageOfPage\":{\"@id\":\"https:\/\/staging.forenteforlag.no\/spartacus\/produkt\/a-skyte-en-elefant-og-andre-essays\/#primaryimage\"},\"image\":{\"@id\":\"https:\/\/staging.forenteforlag.no\/spartacus\/produkt\/a-skyte-en-elefant-og-andre-essays\/#primaryimage\"},\"thumbnailUrl\":\"https:\/\/staging.forenteforlag.no\/spartacus\/wp-content\/uploads\/sites\/6\/2026\/02\/9788243010659.jpg\",\"datePublished\":\"2024-08-04T00:00:00+00:00\",\"dateModified\":\"2026-03-04T14:13:53+00:00\",\"breadcrumb\":{\"@id\":\"https:\/\/staging.forenteforlag.no\/spartacus\/produkt\/a-skyte-en-elefant-og-andre-essays\/#breadcrumb\"},\"inLanguage\":\"nb-NO\",\"potentialAction\":[{\"@type\":\"ReadAction\",\"target\":[\"https:\/\/staging.forenteforlag.no\/spartacus\/produkt\/a-skyte-en-elefant-og-andre-essays\/\"]}]},{\"@type\":\"ImageObject\",\"inLanguage\":\"nb-NO\",\"@id\":\"https:\/\/staging.forenteforlag.no\/spartacus\/produkt\/a-skyte-en-elefant-og-andre-essays\/#primaryimage\",\"url\":\"https:\/\/staging.forenteforlag.no\/spartacus\/wp-content\/uploads\/sites\/6\/2026\/02\/9788243010659.jpg\",\"contentUrl\":\"https:\/\/staging.forenteforlag.no\/spartacus\/wp-content\/uploads\/sites\/6\/2026\/02\/9788243010659.jpg\",\"width\":720,\"height\":1110},{\"@type\":\"BreadcrumbList\",\"@id\":\"https:\/\/staging.forenteforlag.no\/spartacus\/produkt\/a-skyte-en-elefant-og-andre-essays\/#breadcrumb\",\"itemListElement\":[{\"@type\":\"ListItem\",\"position\":1,\"name\":\"Hjem\",\"item\":\"https:\/\/staging.forenteforlag.no\/spartacus\/\"},{\"@type\":\"ListItem\",\"position\":2,\"name\":\"Alle b\u00f8ker\",\"item\":\"https:\/\/staging.forenteforlag.no\/spartacus\/butikk\/\"},{\"@type\":\"ListItem\",\"position\":3,\"name\":\"\u00c5 skyte en elefant og andre essays\"}]},{\"@type\":\"WebSite\",\"@id\":\"https:\/\/staging.forenteforlag.no\/spartacus\/#website\",\"url\":\"https:\/\/staging.forenteforlag.no\/spartacus\/\",\"name\":\"Spartacus forlag\",\"description\":\"\",\"publisher\":{\"@id\":\"https:\/\/staging.forenteforlag.no\/spartacus\/#organization\"},\"potentialAction\":[{\"@type\":\"SearchAction\",\"target\":{\"@type\":\"EntryPoint\",\"urlTemplate\":\"https:\/\/staging.forenteforlag.no\/spartacus\/?s={search_term_string}\"},\"query-input\":{\"@type\":\"PropertyValueSpecification\",\"valueRequired\":true,\"valueName\":\"search_term_string\"}}],\"inLanguage\":\"nb-NO\"},{\"@type\":\"Organization\",\"@id\":\"https:\/\/staging.forenteforlag.no\/spartacus\/#organization\",\"name\":\"Spartacus forlag\",\"url\":\"https:\/\/staging.forenteforlag.no\/spartacus\/\",\"logo\":{\"@type\":\"ImageObject\",\"inLanguage\":\"nb-NO\",\"@id\":\"https:\/\/staging.forenteforlag.no\/spartacus\/#\/schema\/logo\/image\/\",\"url\":\"https:\/\/staging.forenteforlag.no\/spartacus\/wp-content\/uploads\/sites\/6\/2024\/09\/Spartacus_logo.svg\",\"contentUrl\":\"https:\/\/staging.forenteforlag.no\/spartacus\/wp-content\/uploads\/sites\/6\/2024\/09\/Spartacus_logo.svg\",\"width\":100,\"height\":100,\"caption\":\"Spartacus forlag\"},\"image\":{\"@id\":\"https:\/\/staging.forenteforlag.no\/spartacus\/#\/schema\/logo\/image\/\"},\"sameAs\":[\"https:\/\/www.facebook.com\/SpartacusForlag\"]}]}<\/script>\n<!-- \/ Yoast SEO plugin. -->","yoast_head_json":{"title":"\u00c5 skyte en elefant og andre essays - Spartacus","robots":{"index":"noindex","follow":"follow","max-snippet":"max-snippet:-1","max-image-preview":"max-image-preview:large","max-video-preview":"max-video-preview:-1"},"og_locale":"nb_NO","og_type":"article","og_title":"\u00c5 skyte en elefant og andre essays - Spartacus","og_description":"\u00abOrwellsk\u00bb brukes ofte synonymt med \u00abtotalit\u00e6r\u00bb, f\u00f8rst og fremst p\u00e5 grunn av Orwells kritikk av den sovjetiske totalitarismen i romanene Kamerat Napoleon og 1984. Men forfatteren kjempet ogs\u00e5 i den spanske borgerkrigen mot fascistisk totalitarisme. Dermed har Orwell f\u00e5tt vedvarende status som en slags sekul\u00e6r helgen b\u00e5de hos sosialismekritikere p\u00e5 h\u00f8yresiden og frittenkende progressive. Orwells [&hellip;]","og_url":"https:\/\/staging.forenteforlag.no\/spartacus\/produkt\/a-skyte-en-elefant-og-andre-essays\/","og_site_name":"Spartacus","article_publisher":"https:\/\/www.facebook.com\/SpartacusForlag","article_modified_time":"2026-03-04T14:13:53+00:00","og_image":[{"width":720,"height":1110,"url":"https:\/\/staging.forenteforlag.no\/spartacus\/wp-content\/uploads\/sites\/6\/2026\/02\/9788243010659.jpg","type":"image\/jpeg"}],"twitter_card":"summary_large_image","twitter_misc":{"Ansl. lesetid":"1 minutt"},"schema":{"@context":"https:\/\/schema.org","@graph":[{"@type":"WebPage","@id":"https:\/\/staging.forenteforlag.no\/spartacus\/produkt\/a-skyte-en-elefant-og-andre-essays\/","url":"https:\/\/staging.forenteforlag.no\/spartacus\/produkt\/a-skyte-en-elefant-og-andre-essays\/","name":"\u00c5 skyte en elefant og andre essays - Spartacus","isPartOf":{"@id":"https:\/\/staging.forenteforlag.no\/spartacus\/#website"},"primaryImageOfPage":{"@id":"https:\/\/staging.forenteforlag.no\/spartacus\/produkt\/a-skyte-en-elefant-og-andre-essays\/#primaryimage"},"image":{"@id":"https:\/\/staging.forenteforlag.no\/spartacus\/produkt\/a-skyte-en-elefant-og-andre-essays\/#primaryimage"},"thumbnailUrl":"https:\/\/staging.forenteforlag.no\/spartacus\/wp-content\/uploads\/sites\/6\/2026\/02\/9788243010659.jpg","datePublished":"2024-08-04T00:00:00+00:00","dateModified":"2026-03-04T14:13:53+00:00","breadcrumb":{"@id":"https:\/\/staging.forenteforlag.no\/spartacus\/produkt\/a-skyte-en-elefant-og-andre-essays\/#breadcrumb"},"inLanguage":"nb-NO","potentialAction":[{"@type":"ReadAction","target":["https:\/\/staging.forenteforlag.no\/spartacus\/produkt\/a-skyte-en-elefant-og-andre-essays\/"]}]},{"@type":"ImageObject","inLanguage":"nb-NO","@id":"https:\/\/staging.forenteforlag.no\/spartacus\/produkt\/a-skyte-en-elefant-og-andre-essays\/#primaryimage","url":"https:\/\/staging.forenteforlag.no\/spartacus\/wp-content\/uploads\/sites\/6\/2026\/02\/9788243010659.jpg","contentUrl":"https:\/\/staging.forenteforlag.no\/spartacus\/wp-content\/uploads\/sites\/6\/2026\/02\/9788243010659.jpg","width":720,"height":1110},{"@type":"BreadcrumbList","@id":"https:\/\/staging.forenteforlag.no\/spartacus\/produkt\/a-skyte-en-elefant-og-andre-essays\/#breadcrumb","itemListElement":[{"@type":"ListItem","position":1,"name":"Hjem","item":"https:\/\/staging.forenteforlag.no\/spartacus\/"},{"@type":"ListItem","position":2,"name":"Alle b\u00f8ker","item":"https:\/\/staging.forenteforlag.no\/spartacus\/butikk\/"},{"@type":"ListItem","position":3,"name":"\u00c5 skyte en elefant og andre essays"}]},{"@type":"WebSite","@id":"https:\/\/staging.forenteforlag.no\/spartacus\/#website","url":"https:\/\/staging.forenteforlag.no\/spartacus\/","name":"Spartacus forlag","description":"","publisher":{"@id":"https:\/\/staging.forenteforlag.no\/spartacus\/#organization"},"potentialAction":[{"@type":"SearchAction","target":{"@type":"EntryPoint","urlTemplate":"https:\/\/staging.forenteforlag.no\/spartacus\/?s={search_term_string}"},"query-input":{"@type":"PropertyValueSpecification","valueRequired":true,"valueName":"search_term_string"}}],"inLanguage":"nb-NO"},{"@type":"Organization","@id":"https:\/\/staging.forenteforlag.no\/spartacus\/#organization","name":"Spartacus forlag","url":"https:\/\/staging.forenteforlag.no\/spartacus\/","logo":{"@type":"ImageObject","inLanguage":"nb-NO","@id":"https:\/\/staging.forenteforlag.no\/spartacus\/#\/schema\/logo\/image\/","url":"https:\/\/staging.forenteforlag.no\/spartacus\/wp-content\/uploads\/sites\/6\/2024\/09\/Spartacus_logo.svg","contentUrl":"https:\/\/staging.forenteforlag.no\/spartacus\/wp-content\/uploads\/sites\/6\/2024\/09\/Spartacus_logo.svg","width":100,"height":100,"caption":"Spartacus forlag"},"image":{"@id":"https:\/\/staging.forenteforlag.no\/spartacus\/#\/schema\/logo\/image\/"},"sameAs":["https:\/\/www.facebook.com\/SpartacusForlag"]}]}},"_links":{"self":[{"href":"https:\/\/staging.forenteforlag.no\/spartacus\/wp-json\/wp\/v2\/product\/22321","targetHints":{"allow":["GET"]}}],"collection":[{"href":"https:\/\/staging.forenteforlag.no\/spartacus\/wp-json\/wp\/v2\/product"}],"about":[{"href":"https:\/\/staging.forenteforlag.no\/spartacus\/wp-json\/wp\/v2\/types\/product"}],"wp:featuredmedia":[{"embeddable":true,"href":"https:\/\/staging.forenteforlag.no\/spartacus\/wp-json\/wp\/v2\/media\/26490"}],"wp:attachment":[{"href":"https:\/\/staging.forenteforlag.no\/spartacus\/wp-json\/wp\/v2\/media?parent=22321"}],"wp:term":[{"taxonomy":"product_brand","embeddable":true,"href":"https:\/\/staging.forenteforlag.no\/spartacus\/wp-json\/wp\/v2\/product_brand?post=22321"},{"taxonomy":"product_cat","embeddable":true,"href":"https:\/\/staging.forenteforlag.no\/spartacus\/wp-json\/wp\/v2\/product_cat?post=22321"},{"taxonomy":"product_tag","embeddable":true,"href":"https:\/\/staging.forenteforlag.no\/spartacus\/wp-json\/wp\/v2\/product_tag?post=22321"}],"curies":[{"name":"wp","href":"https:\/\/api.w.org\/{rel}","templated":true}]}}