{"id":22275,"date":"2015-09-17T02:00:00","date_gmt":"2015-09-17T00:00:00","guid":{"rendered":"https:\/\/spartacus.forenteforlag.no\/produkt\/oyeblikkets-triumf-2\/"},"modified":"2026-03-03T19:18:31","modified_gmt":"2026-03-03T18:18:31","slug":"oyeblikkets-triumf-2","status":"publish","type":"product","link":"https:\/\/staging.forenteforlag.no\/spartacus\/produkt\/oyeblikkets-triumf-2\/","title":{"rendered":"\u00d8yeblikkets triumf"},"content":{"rendered":"<p>Henrik Thune ser i dette skarpe essayet p\u00e5 hva den digitale medierevolusjonen gj\u00f8r med politikerne v\u00e5re. Vi er p\u00e5logget nyhetsstr\u00f8mmen n\u00e6rmest d\u00f8gnet rundt, og  nyhetsmediene forventes \u00e5 produsere nytt stoff kontinuerlig.  <\/p>\n<p>Hva gj\u00f8r det med styringen av landet? Jo, politikerne halser etter, fra sak til sak, \u00f8yeblikk til \u00f8yeblikk. Statsr\u00e5dene ansetter hundrevis av kommunikasjonsr\u00e5dgivere, men nesten ingen fageksperter. Og partier er ikke lenger politiske laboratorier som produserer samfunnsstyring og langsiktige strategier. Politikerne ruster seg i stedet med tenketanker og utvalg for \u00e5 dominere dagens debatt og for \u00e5 vinne valg.  <\/p>\n<p>Kan frie digitale medier og et effektivt demokrati leve side om side? Eller lever vi i et samfunn som er i ferd med \u00e5 miste styringen, og som tumler etter teknologien og nyhets\u00f8yeblikkene innover i fremtiden? <\/p>\n<p>FRA BOKA: <br \/>\u00ab&#8217;N\u00e5 skal jeg fortelle noe ingen politikere v\u00e5ger \u00e5 si h\u00f8yt selv om alle politikere vet at det er absolutt sant!&#8217; Statsministeren snakker engasjert. &#8216;Det aller meste av jobben som politiker i dag, og da mener jeg alt annet enn noen ytterst sjeldne beslutninger av <br \/>det aller st\u00f8rste slaget, handler om \u00e5 h\u00e5ndtere nyhetsmediene. Medienes tilstedev\u00e6relse! Medienes tyngde! Medienes konstante hyperaktivitet! [&#8230;] Det er bare \u00e5 ta en fortrolig <br \/>prat med ledere innenfor en hvilken som helst samfunnssektor: n\u00e6ringslivet, <br \/>milit\u00e6ret, idrettslivet og til og med frivillige organisasjoner. Alle kommer <br \/>til \u00e5 fortelle den samme historien. Folk snakker ikke h\u00f8yt om det fordi de <br \/>er redde for kritikk fra mediene. Men det er likevel fullstendig sant.&#8217;\u00bb<\/p>\n","protected":false},"excerpt":{"rendered":"<p>Henrik Thune ser i dette skarpe essayet p\u00e5 hva den digitale medierevolusjonen gj\u00f8r med politikerne v\u00e5re. Vi er p\u00e5logget nyhetsstr\u00f8mmen n\u00e6rmest d\u00f8gnet rundt, og nyhetsmediene forventes \u00e5 produsere nytt stoff kontinuerlig. Hva gj\u00f8r det med styringen av landet? Jo, politikerne halser etter, fra sak til sak, \u00f8yeblikk til \u00f8yeblikk. Statsr\u00e5dene ansetter hundrevis av kommunikasjonsr\u00e5dgivere, men [&hellip;]<\/p>\n","protected":false},"featured_media":26426,"template":"","meta":{"_acf_changed":false,"inline_featured_image":false},"product_brand":[],"product_cat":[1786],"product_tag":[362],"class_list":{"0":"post-22275","1":"product","2":"type-product","3":"status-publish","4":"has-post-thumbnail","6":"product_cat-rabattkodekampanje","7":"product_tag-faglitteratur","9":"first","10":"instock","11":"shipping-taxable","12":"purchasable","13":"product-type-simple"},"acf":{"anmeldelse":null},"yoast_head":"<!-- This site is optimized with the Yoast SEO plugin v26.6 - https:\/\/yoast.com\/wordpress\/plugins\/seo\/ -->\n<title>\u00d8yeblikkets triumf - Spartacus<\/title>\n<meta name=\"robots\" content=\"noindex, follow, max-snippet:-1, max-image-preview:large, max-video-preview:-1\" \/>\n<meta property=\"og:locale\" content=\"nb_NO\" \/>\n<meta property=\"og:type\" content=\"article\" \/>\n<meta property=\"og:title\" content=\"\u00d8yeblikkets triumf - Spartacus\" \/>\n<meta property=\"og:description\" content=\"Henrik Thune ser i dette skarpe essayet p\u00e5 hva den digitale medierevolusjonen gj\u00f8r med politikerne v\u00e5re. Vi er p\u00e5logget nyhetsstr\u00f8mmen n\u00e6rmest d\u00f8gnet rundt, og nyhetsmediene forventes \u00e5 produsere nytt stoff kontinuerlig. Hva gj\u00f8r det med styringen av landet? Jo, politikerne halser etter, fra sak til sak, \u00f8yeblikk til \u00f8yeblikk. Statsr\u00e5dene ansetter hundrevis av kommunikasjonsr\u00e5dgivere, men [&hellip;]\" \/>\n<meta property=\"og:url\" content=\"https:\/\/staging.forenteforlag.no\/spartacus\/produkt\/oyeblikkets-triumf-2\/\" \/>\n<meta property=\"og:site_name\" content=\"Spartacus\" \/>\n<meta property=\"article:publisher\" content=\"https:\/\/www.facebook.com\/SpartacusForlag\" \/>\n<meta property=\"article:modified_time\" content=\"2026-03-03T18:18:31+00:00\" \/>\n<meta property=\"og:image\" content=\"https:\/\/staging.forenteforlag.no\/spartacus\/wp-content\/uploads\/sites\/6\/2026\/02\/9788243009219.jpg\" \/>\n\t<meta property=\"og:image:width\" content=\"720\" \/>\n\t<meta property=\"og:image:height\" content=\"1167\" \/>\n\t<meta property=\"og:image:type\" content=\"image\/jpeg\" \/>\n<meta name=\"twitter:card\" content=\"summary_large_image\" \/>\n<meta name=\"twitter:label1\" content=\"Ansl. lesetid\" \/>\n\t<meta name=\"twitter:data1\" content=\"1 minutt\" \/>\n<script type=\"application\/ld+json\" class=\"yoast-schema-graph\">{\"@context\":\"https:\/\/schema.org\",\"@graph\":[{\"@type\":\"WebPage\",\"@id\":\"https:\/\/staging.forenteforlag.no\/spartacus\/produkt\/oyeblikkets-triumf-2\/\",\"url\":\"https:\/\/staging.forenteforlag.no\/spartacus\/produkt\/oyeblikkets-triumf-2\/\",\"name\":\"\u00d8yeblikkets triumf - Spartacus\",\"isPartOf\":{\"@id\":\"https:\/\/staging.forenteforlag.no\/spartacus\/#website\"},\"primaryImageOfPage\":{\"@id\":\"https:\/\/staging.forenteforlag.no\/spartacus\/produkt\/oyeblikkets-triumf-2\/#primaryimage\"},\"image\":{\"@id\":\"https:\/\/staging.forenteforlag.no\/spartacus\/produkt\/oyeblikkets-triumf-2\/#primaryimage\"},\"thumbnailUrl\":\"https:\/\/staging.forenteforlag.no\/spartacus\/wp-content\/uploads\/sites\/6\/2026\/02\/9788243009219.jpg\",\"datePublished\":\"2015-09-17T00:00:00+00:00\",\"dateModified\":\"2026-03-03T18:18:31+00:00\",\"breadcrumb\":{\"@id\":\"https:\/\/staging.forenteforlag.no\/spartacus\/produkt\/oyeblikkets-triumf-2\/#breadcrumb\"},\"inLanguage\":\"nb-NO\",\"potentialAction\":[{\"@type\":\"ReadAction\",\"target\":[\"https:\/\/staging.forenteforlag.no\/spartacus\/produkt\/oyeblikkets-triumf-2\/\"]}]},{\"@type\":\"ImageObject\",\"inLanguage\":\"nb-NO\",\"@id\":\"https:\/\/staging.forenteforlag.no\/spartacus\/produkt\/oyeblikkets-triumf-2\/#primaryimage\",\"url\":\"https:\/\/staging.forenteforlag.no\/spartacus\/wp-content\/uploads\/sites\/6\/2026\/02\/9788243009219.jpg\",\"contentUrl\":\"https:\/\/staging.forenteforlag.no\/spartacus\/wp-content\/uploads\/sites\/6\/2026\/02\/9788243009219.jpg\",\"width\":720,\"height\":1167},{\"@type\":\"BreadcrumbList\",\"@id\":\"https:\/\/staging.forenteforlag.no\/spartacus\/produkt\/oyeblikkets-triumf-2\/#breadcrumb\",\"itemListElement\":[{\"@type\":\"ListItem\",\"position\":1,\"name\":\"Hjem\",\"item\":\"https:\/\/staging.forenteforlag.no\/spartacus\/\"},{\"@type\":\"ListItem\",\"position\":2,\"name\":\"Alle b\u00f8ker\",\"item\":\"https:\/\/staging.forenteforlag.no\/spartacus\/butikk\/\"},{\"@type\":\"ListItem\",\"position\":3,\"name\":\"\u00d8yeblikkets triumf\"}]},{\"@type\":\"WebSite\",\"@id\":\"https:\/\/staging.forenteforlag.no\/spartacus\/#website\",\"url\":\"https:\/\/staging.forenteforlag.no\/spartacus\/\",\"name\":\"Spartacus forlag\",\"description\":\"\",\"publisher\":{\"@id\":\"https:\/\/staging.forenteforlag.no\/spartacus\/#organization\"},\"potentialAction\":[{\"@type\":\"SearchAction\",\"target\":{\"@type\":\"EntryPoint\",\"urlTemplate\":\"https:\/\/staging.forenteforlag.no\/spartacus\/?s={search_term_string}\"},\"query-input\":{\"@type\":\"PropertyValueSpecification\",\"valueRequired\":true,\"valueName\":\"search_term_string\"}}],\"inLanguage\":\"nb-NO\"},{\"@type\":\"Organization\",\"@id\":\"https:\/\/staging.forenteforlag.no\/spartacus\/#organization\",\"name\":\"Spartacus forlag\",\"url\":\"https:\/\/staging.forenteforlag.no\/spartacus\/\",\"logo\":{\"@type\":\"ImageObject\",\"inLanguage\":\"nb-NO\",\"@id\":\"https:\/\/staging.forenteforlag.no\/spartacus\/#\/schema\/logo\/image\/\",\"url\":\"https:\/\/staging.forenteforlag.no\/spartacus\/wp-content\/uploads\/sites\/6\/2024\/09\/Spartacus_logo.svg\",\"contentUrl\":\"https:\/\/staging.forenteforlag.no\/spartacus\/wp-content\/uploads\/sites\/6\/2024\/09\/Spartacus_logo.svg\",\"width\":100,\"height\":100,\"caption\":\"Spartacus forlag\"},\"image\":{\"@id\":\"https:\/\/staging.forenteforlag.no\/spartacus\/#\/schema\/logo\/image\/\"},\"sameAs\":[\"https:\/\/www.facebook.com\/SpartacusForlag\"]}]}<\/script>\n<!-- \/ Yoast SEO plugin. -->","yoast_head_json":{"title":"\u00d8yeblikkets triumf - Spartacus","robots":{"index":"noindex","follow":"follow","max-snippet":"max-snippet:-1","max-image-preview":"max-image-preview:large","max-video-preview":"max-video-preview:-1"},"og_locale":"nb_NO","og_type":"article","og_title":"\u00d8yeblikkets triumf - Spartacus","og_description":"Henrik Thune ser i dette skarpe essayet p\u00e5 hva den digitale medierevolusjonen gj\u00f8r med politikerne v\u00e5re. Vi er p\u00e5logget nyhetsstr\u00f8mmen n\u00e6rmest d\u00f8gnet rundt, og nyhetsmediene forventes \u00e5 produsere nytt stoff kontinuerlig. Hva gj\u00f8r det med styringen av landet? Jo, politikerne halser etter, fra sak til sak, \u00f8yeblikk til \u00f8yeblikk. Statsr\u00e5dene ansetter hundrevis av kommunikasjonsr\u00e5dgivere, men [&hellip;]","og_url":"https:\/\/staging.forenteforlag.no\/spartacus\/produkt\/oyeblikkets-triumf-2\/","og_site_name":"Spartacus","article_publisher":"https:\/\/www.facebook.com\/SpartacusForlag","article_modified_time":"2026-03-03T18:18:31+00:00","og_image":[{"width":720,"height":1167,"url":"https:\/\/staging.forenteforlag.no\/spartacus\/wp-content\/uploads\/sites\/6\/2026\/02\/9788243009219.jpg","type":"image\/jpeg"}],"twitter_card":"summary_large_image","twitter_misc":{"Ansl. lesetid":"1 minutt"},"schema":{"@context":"https:\/\/schema.org","@graph":[{"@type":"WebPage","@id":"https:\/\/staging.forenteforlag.no\/spartacus\/produkt\/oyeblikkets-triumf-2\/","url":"https:\/\/staging.forenteforlag.no\/spartacus\/produkt\/oyeblikkets-triumf-2\/","name":"\u00d8yeblikkets triumf - Spartacus","isPartOf":{"@id":"https:\/\/staging.forenteforlag.no\/spartacus\/#website"},"primaryImageOfPage":{"@id":"https:\/\/staging.forenteforlag.no\/spartacus\/produkt\/oyeblikkets-triumf-2\/#primaryimage"},"image":{"@id":"https:\/\/staging.forenteforlag.no\/spartacus\/produkt\/oyeblikkets-triumf-2\/#primaryimage"},"thumbnailUrl":"https:\/\/staging.forenteforlag.no\/spartacus\/wp-content\/uploads\/sites\/6\/2026\/02\/9788243009219.jpg","datePublished":"2015-09-17T00:00:00+00:00","dateModified":"2026-03-03T18:18:31+00:00","breadcrumb":{"@id":"https:\/\/staging.forenteforlag.no\/spartacus\/produkt\/oyeblikkets-triumf-2\/#breadcrumb"},"inLanguage":"nb-NO","potentialAction":[{"@type":"ReadAction","target":["https:\/\/staging.forenteforlag.no\/spartacus\/produkt\/oyeblikkets-triumf-2\/"]}]},{"@type":"ImageObject","inLanguage":"nb-NO","@id":"https:\/\/staging.forenteforlag.no\/spartacus\/produkt\/oyeblikkets-triumf-2\/#primaryimage","url":"https:\/\/staging.forenteforlag.no\/spartacus\/wp-content\/uploads\/sites\/6\/2026\/02\/9788243009219.jpg","contentUrl":"https:\/\/staging.forenteforlag.no\/spartacus\/wp-content\/uploads\/sites\/6\/2026\/02\/9788243009219.jpg","width":720,"height":1167},{"@type":"BreadcrumbList","@id":"https:\/\/staging.forenteforlag.no\/spartacus\/produkt\/oyeblikkets-triumf-2\/#breadcrumb","itemListElement":[{"@type":"ListItem","position":1,"name":"Hjem","item":"https:\/\/staging.forenteforlag.no\/spartacus\/"},{"@type":"ListItem","position":2,"name":"Alle b\u00f8ker","item":"https:\/\/staging.forenteforlag.no\/spartacus\/butikk\/"},{"@type":"ListItem","position":3,"name":"\u00d8yeblikkets triumf"}]},{"@type":"WebSite","@id":"https:\/\/staging.forenteforlag.no\/spartacus\/#website","url":"https:\/\/staging.forenteforlag.no\/spartacus\/","name":"Spartacus forlag","description":"","publisher":{"@id":"https:\/\/staging.forenteforlag.no\/spartacus\/#organization"},"potentialAction":[{"@type":"SearchAction","target":{"@type":"EntryPoint","urlTemplate":"https:\/\/staging.forenteforlag.no\/spartacus\/?s={search_term_string}"},"query-input":{"@type":"PropertyValueSpecification","valueRequired":true,"valueName":"search_term_string"}}],"inLanguage":"nb-NO"},{"@type":"Organization","@id":"https:\/\/staging.forenteforlag.no\/spartacus\/#organization","name":"Spartacus forlag","url":"https:\/\/staging.forenteforlag.no\/spartacus\/","logo":{"@type":"ImageObject","inLanguage":"nb-NO","@id":"https:\/\/staging.forenteforlag.no\/spartacus\/#\/schema\/logo\/image\/","url":"https:\/\/staging.forenteforlag.no\/spartacus\/wp-content\/uploads\/sites\/6\/2024\/09\/Spartacus_logo.svg","contentUrl":"https:\/\/staging.forenteforlag.no\/spartacus\/wp-content\/uploads\/sites\/6\/2024\/09\/Spartacus_logo.svg","width":100,"height":100,"caption":"Spartacus forlag"},"image":{"@id":"https:\/\/staging.forenteforlag.no\/spartacus\/#\/schema\/logo\/image\/"},"sameAs":["https:\/\/www.facebook.com\/SpartacusForlag"]}]}},"_links":{"self":[{"href":"https:\/\/staging.forenteforlag.no\/spartacus\/wp-json\/wp\/v2\/product\/22275","targetHints":{"allow":["GET"]}}],"collection":[{"href":"https:\/\/staging.forenteforlag.no\/spartacus\/wp-json\/wp\/v2\/product"}],"about":[{"href":"https:\/\/staging.forenteforlag.no\/spartacus\/wp-json\/wp\/v2\/types\/product"}],"wp:featuredmedia":[{"embeddable":true,"href":"https:\/\/staging.forenteforlag.no\/spartacus\/wp-json\/wp\/v2\/media\/26426"}],"wp:attachment":[{"href":"https:\/\/staging.forenteforlag.no\/spartacus\/wp-json\/wp\/v2\/media?parent=22275"}],"wp:term":[{"taxonomy":"product_brand","embeddable":true,"href":"https:\/\/staging.forenteforlag.no\/spartacus\/wp-json\/wp\/v2\/product_brand?post=22275"},{"taxonomy":"product_cat","embeddable":true,"href":"https:\/\/staging.forenteforlag.no\/spartacus\/wp-json\/wp\/v2\/product_cat?post=22275"},{"taxonomy":"product_tag","embeddable":true,"href":"https:\/\/staging.forenteforlag.no\/spartacus\/wp-json\/wp\/v2\/product_tag?post=22275"}],"curies":[{"name":"wp","href":"https:\/\/api.w.org\/{rel}","templated":true}]}}