{"id":22225,"date":"2006-03-12T16:42:22","date_gmt":"2006-03-12T15:42:22","guid":{"rendered":"https:\/\/spartacus.forenteforlag.no\/produkt\/cosa-nostra-4\/"},"modified":"2026-03-03T19:06:06","modified_gmt":"2026-03-03T18:06:06","slug":"cosa-nostra-4","status":"publish","type":"product","link":"https:\/\/staging.forenteforlag.no\/spartacus\/produkt\/cosa-nostra-4\/","title":{"rendered":"Cosa Nostra"},"content":{"rendered":"<p>Evnen til \u00e5 drepe og komme unna med det er den sicilianske mafiaens grufulle styrke, og det som har gitt den s\u00e5 stor makt.  Brorskapet er kjent for de fleste gjennom filmer som &laquo;Gudfaren&raquo;, og forestillingene er preget av myter og romantikk. John Dickies fascinerende fortelling avdekker mafiaens opprinnelse og skiller fakta fra myter. Forfatteren iscenesetter p\u00e5 en levende m\u00e5te hendelser i mafiaens historie.  Et glitrende eksempel p\u00e5 at virkeligheten av og til overg\u00e5r fiksjonen! &laquo;Uansett tema er dette blant de mest gjennomarbeidede dokumentarb\u00f8kene du finner p\u00e5 markedet i h\u00f8st. Og n\u00e5r den samtidig er like spennede og intelligent som en Sopranos-episode, er det rett og slett vanskelig \u00e5 komme p\u00e5 en eneste innvending mot \u00e5 skaffe seg denne lille genistreken av fortellende formidling,&raquo; skrev  Ane Farseth\u00e5s i Dagens N\u00e6ringsliv om den innbundne utgaven.<\/p>\n","protected":false},"excerpt":{"rendered":"<p>Evnen til \u00e5 drepe og komme unna med det er den sicilianske mafiaens grufulle styrke, og det som har gitt den s\u00e5 stor makt. Brorskapet er kjent for de fleste gjennom filmer som &laquo;Gudfaren&raquo;, og forestillingene er preget av myter og romantikk. John Dickies fascinerende fortelling avdekker mafiaens opprinnelse og skiller fakta fra myter. Forfatteren [&hellip;]<\/p>\n","protected":false},"featured_media":26092,"template":"","meta":{"_acf_changed":false,"inline_featured_image":false},"product_brand":[],"product_cat":[1786],"product_tag":[362],"class_list":{"0":"post-22225","1":"product","2":"type-product","3":"status-publish","4":"has-post-thumbnail","6":"product_cat-rabattkodekampanje","7":"product_tag-faglitteratur","9":"first","10":"instock","11":"shipping-taxable","12":"purchasable","13":"product-type-simple"},"acf":{"anmeldelse":[{"tekst_anmeldelser":"\u00abDickies bok er like rik p\u00e5 kunnskap som dramatikk, der detaljrikdommen belyser og gir farge til fremstillingen uten at hovedtrekkene fra Cosa Nostra ble grunnlagt midt p\u00e5 1800-tallet og frem til i dag, tapes av syne.\u00bb","av_anmeldelser":"Per Anders Madsen","terningkast":false,"kilde":"Aftenposten"},{"tekst_anmeldelser":"\u00abBoka ser ut som en flyplassthriller, men er mye vanskeligere \u00e5 legge fra seg.\u00bb","av_anmeldelser":"Simen Ekern","terningkast":false,"kilde":"Dagbladet"},{"tekst_anmeldelser":"\u00abCosa Nostra er som et karakterdrap p\u00e5 mafiaen. Dickie gjennomf\u00f8rer oppgj\u00f8ret med de romantiske mafiamytene vi kjenner fra film, TV og skj\u00f8nnlitteratur med st\u00f8 h\u00e5nd, og beskriver videre hvordan den sicilianske mafiaen i \u00e5revis har infiltrert italiensk politikk, kirke- og n\u00e6ringsliv.\u00bb","av_anmeldelser":"\u00d8yvind Holen","terningkast":false,"kilde":"Ny Tid"},{"tekst_anmeldelser":"\u00abUansett tema er dette blant de mest gjennomarbeidede dokumentarb\u00f8kene du finner p\u00e5 markedet i h\u00f8st. Og n\u00e5r den samtidig er like spennede og intelligent som en Sopranos-episode, er det rett og slett vanskelig \u00e5 komme p\u00e5 en eneste innvending mot \u00e5 skaffe seg denne lille genistreken av fortellende formidling.\u00bb","av_anmeldelser":"Ane Farseth\u00e5s","terningkast":false,"kilde":"Ane Farseth\u00e5s"}]},"yoast_head":"<!-- This site is optimized with the Yoast SEO plugin v26.6 - https:\/\/yoast.com\/wordpress\/plugins\/seo\/ -->\n<title>Cosa Nostra - Spartacus<\/title>\n<meta name=\"robots\" content=\"noindex, follow, max-snippet:-1, max-image-preview:large, max-video-preview:-1\" \/>\n<meta property=\"og:locale\" content=\"nb_NO\" \/>\n<meta property=\"og:type\" content=\"article\" \/>\n<meta property=\"og:title\" content=\"Cosa Nostra - Spartacus\" \/>\n<meta property=\"og:description\" content=\"Evnen til \u00e5 drepe og komme unna med det er den sicilianske mafiaens grufulle styrke, og det som har gitt den s\u00e5 stor makt. Brorskapet er kjent for de fleste gjennom filmer som &laquo;Gudfaren&raquo;, og forestillingene er preget av myter og romantikk. John Dickies fascinerende fortelling avdekker mafiaens opprinnelse og skiller fakta fra myter. Forfatteren [&hellip;]\" \/>\n<meta property=\"og:url\" content=\"https:\/\/staging.forenteforlag.no\/spartacus\/produkt\/cosa-nostra-4\/\" \/>\n<meta property=\"og:site_name\" content=\"Spartacus\" \/>\n<meta property=\"article:publisher\" content=\"https:\/\/www.facebook.com\/SpartacusForlag\" \/>\n<meta property=\"article:modified_time\" content=\"2026-03-03T18:06:06+00:00\" \/>\n<meta property=\"og:image\" content=\"https:\/\/staging.forenteforlag.no\/spartacus\/wp-content\/uploads\/sites\/6\/2026\/02\/9788243003545.jpg\" \/>\n\t<meta property=\"og:image:width\" content=\"720\" \/>\n\t<meta property=\"og:image:height\" content=\"1106\" \/>\n\t<meta property=\"og:image:type\" content=\"image\/jpeg\" \/>\n<meta name=\"twitter:card\" content=\"summary_large_image\" \/>\n<meta name=\"twitter:label1\" content=\"Ansl. lesetid\" \/>\n\t<meta name=\"twitter:data1\" content=\"1 minutt\" \/>\n<script type=\"application\/ld+json\" class=\"yoast-schema-graph\">{\"@context\":\"https:\/\/schema.org\",\"@graph\":[{\"@type\":\"WebPage\",\"@id\":\"https:\/\/staging.forenteforlag.no\/spartacus\/produkt\/cosa-nostra-4\/\",\"url\":\"https:\/\/staging.forenteforlag.no\/spartacus\/produkt\/cosa-nostra-4\/\",\"name\":\"Cosa Nostra - Spartacus\",\"isPartOf\":{\"@id\":\"https:\/\/staging.forenteforlag.no\/spartacus\/#website\"},\"primaryImageOfPage\":{\"@id\":\"https:\/\/staging.forenteforlag.no\/spartacus\/produkt\/cosa-nostra-4\/#primaryimage\"},\"image\":{\"@id\":\"https:\/\/staging.forenteforlag.no\/spartacus\/produkt\/cosa-nostra-4\/#primaryimage\"},\"thumbnailUrl\":\"https:\/\/staging.forenteforlag.no\/spartacus\/wp-content\/uploads\/sites\/6\/2026\/02\/9788243003545.jpg\",\"datePublished\":\"2006-03-12T15:42:22+00:00\",\"dateModified\":\"2026-03-03T18:06:06+00:00\",\"breadcrumb\":{\"@id\":\"https:\/\/staging.forenteforlag.no\/spartacus\/produkt\/cosa-nostra-4\/#breadcrumb\"},\"inLanguage\":\"nb-NO\",\"potentialAction\":[{\"@type\":\"ReadAction\",\"target\":[\"https:\/\/staging.forenteforlag.no\/spartacus\/produkt\/cosa-nostra-4\/\"]}]},{\"@type\":\"ImageObject\",\"inLanguage\":\"nb-NO\",\"@id\":\"https:\/\/staging.forenteforlag.no\/spartacus\/produkt\/cosa-nostra-4\/#primaryimage\",\"url\":\"https:\/\/staging.forenteforlag.no\/spartacus\/wp-content\/uploads\/sites\/6\/2026\/02\/9788243003545.jpg\",\"contentUrl\":\"https:\/\/staging.forenteforlag.no\/spartacus\/wp-content\/uploads\/sites\/6\/2026\/02\/9788243003545.jpg\",\"width\":720,\"height\":1106},{\"@type\":\"BreadcrumbList\",\"@id\":\"https:\/\/staging.forenteforlag.no\/spartacus\/produkt\/cosa-nostra-4\/#breadcrumb\",\"itemListElement\":[{\"@type\":\"ListItem\",\"position\":1,\"name\":\"Hjem\",\"item\":\"https:\/\/staging.forenteforlag.no\/spartacus\/\"},{\"@type\":\"ListItem\",\"position\":2,\"name\":\"Alle b\u00f8ker\",\"item\":\"https:\/\/staging.forenteforlag.no\/spartacus\/butikk\/\"},{\"@type\":\"ListItem\",\"position\":3,\"name\":\"Cosa Nostra\"}]},{\"@type\":\"WebSite\",\"@id\":\"https:\/\/staging.forenteforlag.no\/spartacus\/#website\",\"url\":\"https:\/\/staging.forenteforlag.no\/spartacus\/\",\"name\":\"Spartacus forlag\",\"description\":\"\",\"publisher\":{\"@id\":\"https:\/\/staging.forenteforlag.no\/spartacus\/#organization\"},\"potentialAction\":[{\"@type\":\"SearchAction\",\"target\":{\"@type\":\"EntryPoint\",\"urlTemplate\":\"https:\/\/staging.forenteforlag.no\/spartacus\/?s={search_term_string}\"},\"query-input\":{\"@type\":\"PropertyValueSpecification\",\"valueRequired\":true,\"valueName\":\"search_term_string\"}}],\"inLanguage\":\"nb-NO\"},{\"@type\":\"Organization\",\"@id\":\"https:\/\/staging.forenteforlag.no\/spartacus\/#organization\",\"name\":\"Spartacus forlag\",\"url\":\"https:\/\/staging.forenteforlag.no\/spartacus\/\",\"logo\":{\"@type\":\"ImageObject\",\"inLanguage\":\"nb-NO\",\"@id\":\"https:\/\/staging.forenteforlag.no\/spartacus\/#\/schema\/logo\/image\/\",\"url\":\"https:\/\/staging.forenteforlag.no\/spartacus\/wp-content\/uploads\/sites\/6\/2024\/09\/Spartacus_logo.svg\",\"contentUrl\":\"https:\/\/staging.forenteforlag.no\/spartacus\/wp-content\/uploads\/sites\/6\/2024\/09\/Spartacus_logo.svg\",\"width\":100,\"height\":100,\"caption\":\"Spartacus forlag\"},\"image\":{\"@id\":\"https:\/\/staging.forenteforlag.no\/spartacus\/#\/schema\/logo\/image\/\"},\"sameAs\":[\"https:\/\/www.facebook.com\/SpartacusForlag\"]}]}<\/script>\n<!-- \/ Yoast SEO plugin. -->","yoast_head_json":{"title":"Cosa Nostra - Spartacus","robots":{"index":"noindex","follow":"follow","max-snippet":"max-snippet:-1","max-image-preview":"max-image-preview:large","max-video-preview":"max-video-preview:-1"},"og_locale":"nb_NO","og_type":"article","og_title":"Cosa Nostra - Spartacus","og_description":"Evnen til \u00e5 drepe og komme unna med det er den sicilianske mafiaens grufulle styrke, og det som har gitt den s\u00e5 stor makt. Brorskapet er kjent for de fleste gjennom filmer som &laquo;Gudfaren&raquo;, og forestillingene er preget av myter og romantikk. John Dickies fascinerende fortelling avdekker mafiaens opprinnelse og skiller fakta fra myter. Forfatteren [&hellip;]","og_url":"https:\/\/staging.forenteforlag.no\/spartacus\/produkt\/cosa-nostra-4\/","og_site_name":"Spartacus","article_publisher":"https:\/\/www.facebook.com\/SpartacusForlag","article_modified_time":"2026-03-03T18:06:06+00:00","og_image":[{"width":720,"height":1106,"url":"https:\/\/staging.forenteforlag.no\/spartacus\/wp-content\/uploads\/sites\/6\/2026\/02\/9788243003545.jpg","type":"image\/jpeg"}],"twitter_card":"summary_large_image","twitter_misc":{"Ansl. lesetid":"1 minutt"},"schema":{"@context":"https:\/\/schema.org","@graph":[{"@type":"WebPage","@id":"https:\/\/staging.forenteforlag.no\/spartacus\/produkt\/cosa-nostra-4\/","url":"https:\/\/staging.forenteforlag.no\/spartacus\/produkt\/cosa-nostra-4\/","name":"Cosa Nostra - Spartacus","isPartOf":{"@id":"https:\/\/staging.forenteforlag.no\/spartacus\/#website"},"primaryImageOfPage":{"@id":"https:\/\/staging.forenteforlag.no\/spartacus\/produkt\/cosa-nostra-4\/#primaryimage"},"image":{"@id":"https:\/\/staging.forenteforlag.no\/spartacus\/produkt\/cosa-nostra-4\/#primaryimage"},"thumbnailUrl":"https:\/\/staging.forenteforlag.no\/spartacus\/wp-content\/uploads\/sites\/6\/2026\/02\/9788243003545.jpg","datePublished":"2006-03-12T15:42:22+00:00","dateModified":"2026-03-03T18:06:06+00:00","breadcrumb":{"@id":"https:\/\/staging.forenteforlag.no\/spartacus\/produkt\/cosa-nostra-4\/#breadcrumb"},"inLanguage":"nb-NO","potentialAction":[{"@type":"ReadAction","target":["https:\/\/staging.forenteforlag.no\/spartacus\/produkt\/cosa-nostra-4\/"]}]},{"@type":"ImageObject","inLanguage":"nb-NO","@id":"https:\/\/staging.forenteforlag.no\/spartacus\/produkt\/cosa-nostra-4\/#primaryimage","url":"https:\/\/staging.forenteforlag.no\/spartacus\/wp-content\/uploads\/sites\/6\/2026\/02\/9788243003545.jpg","contentUrl":"https:\/\/staging.forenteforlag.no\/spartacus\/wp-content\/uploads\/sites\/6\/2026\/02\/9788243003545.jpg","width":720,"height":1106},{"@type":"BreadcrumbList","@id":"https:\/\/staging.forenteforlag.no\/spartacus\/produkt\/cosa-nostra-4\/#breadcrumb","itemListElement":[{"@type":"ListItem","position":1,"name":"Hjem","item":"https:\/\/staging.forenteforlag.no\/spartacus\/"},{"@type":"ListItem","position":2,"name":"Alle b\u00f8ker","item":"https:\/\/staging.forenteforlag.no\/spartacus\/butikk\/"},{"@type":"ListItem","position":3,"name":"Cosa Nostra"}]},{"@type":"WebSite","@id":"https:\/\/staging.forenteforlag.no\/spartacus\/#website","url":"https:\/\/staging.forenteforlag.no\/spartacus\/","name":"Spartacus forlag","description":"","publisher":{"@id":"https:\/\/staging.forenteforlag.no\/spartacus\/#organization"},"potentialAction":[{"@type":"SearchAction","target":{"@type":"EntryPoint","urlTemplate":"https:\/\/staging.forenteforlag.no\/spartacus\/?s={search_term_string}"},"query-input":{"@type":"PropertyValueSpecification","valueRequired":true,"valueName":"search_term_string"}}],"inLanguage":"nb-NO"},{"@type":"Organization","@id":"https:\/\/staging.forenteforlag.no\/spartacus\/#organization","name":"Spartacus forlag","url":"https:\/\/staging.forenteforlag.no\/spartacus\/","logo":{"@type":"ImageObject","inLanguage":"nb-NO","@id":"https:\/\/staging.forenteforlag.no\/spartacus\/#\/schema\/logo\/image\/","url":"https:\/\/staging.forenteforlag.no\/spartacus\/wp-content\/uploads\/sites\/6\/2024\/09\/Spartacus_logo.svg","contentUrl":"https:\/\/staging.forenteforlag.no\/spartacus\/wp-content\/uploads\/sites\/6\/2024\/09\/Spartacus_logo.svg","width":100,"height":100,"caption":"Spartacus forlag"},"image":{"@id":"https:\/\/staging.forenteforlag.no\/spartacus\/#\/schema\/logo\/image\/"},"sameAs":["https:\/\/www.facebook.com\/SpartacusForlag"]}]}},"_links":{"self":[{"href":"https:\/\/staging.forenteforlag.no\/spartacus\/wp-json\/wp\/v2\/product\/22225","targetHints":{"allow":["GET"]}}],"collection":[{"href":"https:\/\/staging.forenteforlag.no\/spartacus\/wp-json\/wp\/v2\/product"}],"about":[{"href":"https:\/\/staging.forenteforlag.no\/spartacus\/wp-json\/wp\/v2\/types\/product"}],"wp:featuredmedia":[{"embeddable":true,"href":"https:\/\/staging.forenteforlag.no\/spartacus\/wp-json\/wp\/v2\/media\/26092"}],"wp:attachment":[{"href":"https:\/\/staging.forenteforlag.no\/spartacus\/wp-json\/wp\/v2\/media?parent=22225"}],"wp:term":[{"taxonomy":"product_brand","embeddable":true,"href":"https:\/\/staging.forenteforlag.no\/spartacus\/wp-json\/wp\/v2\/product_brand?post=22225"},{"taxonomy":"product_cat","embeddable":true,"href":"https:\/\/staging.forenteforlag.no\/spartacus\/wp-json\/wp\/v2\/product_cat?post=22225"},{"taxonomy":"product_tag","embeddable":true,"href":"https:\/\/staging.forenteforlag.no\/spartacus\/wp-json\/wp\/v2\/product_tag?post=22225"}],"curies":[{"name":"wp","href":"https:\/\/api.w.org\/{rel}","templated":true}]}}