{"id":22187,"date":"2019-09-23T02:00:00","date_gmt":"2019-09-23T00:00:00","guid":{"rendered":"https:\/\/spartacus.forenteforlag.no\/produkt\/fra-mumletjonn-til-gnuldrehei\/"},"modified":"2026-03-04T15:25:03","modified_gmt":"2026-03-04T14:25:03","slug":"fra-mumletjonn-til-gnuldrehei","status":"publish","type":"product","link":"https:\/\/staging.forenteforlag.no\/spartacus\/produkt\/fra-mumletjonn-til-gnuldrehei\/","title":{"rendered":"Fr\u00e5 Mumletj\u00f8nn til Gnuldrehei"},"content":{"rendered":"<p>Er Setersetersetra landets sn\u00e5laste stadnamn, eller er Der bikkja beit mannen rarare? Er Hildre vakrare enn Silkebekken, finst det trivelegare gatenamn enn Wienerbr\u00f8dskj\u00e6ringa og grovare stadnamn enn Kattrassh\u00f8let og Svartfitta? Klarar du \u00e5 seie Litlklokklumpen feilfritt ti gongar p\u00e5 rad, og stinkar det i Rompeskogen, tru?<\/p>\n<p>Denne boka er det endelege beviset p\u00e5 at stadnamna v\u00e5re er alt anna enn kjedelege, Norgeskartet er fullt av vakre, stygge, koselege, grove, morosame, strenge og rare namn. Trur du at du kjenner heimfylket ditt? Tru om att! Du skal ikkje sj\u00e5 vekk ifr\u00e5 at Hurrah\u00f8let, Homse, Vomma, P\u00f8lsesvingen, Kroksl\u00e5ttplutten eller Lortegrauten ligg rett om hj\u00f8rnet.<\/p>\n","protected":false},"excerpt":{"rendered":"<p>Er Setersetersetra landets sn\u00e5laste stadnamn, eller er Der bikkja beit mannen rarare? Er Hildre vakrare enn Silkebekken, finst det trivelegare gatenamn enn Wienerbr\u00f8dskj\u00e6ringa og grovare stadnamn enn Kattrassh\u00f8let og Svartfitta? Klarar du \u00e5 seie Litlklokklumpen feilfritt ti gongar p\u00e5 rad, og stinkar det i Rompeskogen, tru? Denne boka er det endelege beviset p\u00e5 at stadnamna [&hellip;]<\/p>\n","protected":false},"featured_media":26610,"template":"","meta":{"_acf_changed":false,"inline_featured_image":false},"product_brand":[],"product_cat":[1786],"product_tag":[607,362,439,1280],"class_list":{"0":"post-22187","1":"product","2":"type-product","3":"status-publish","4":"has-post-thumbnail","6":"product_cat-rabattkodekampanje","7":"product_tag-bedriftshistorie","8":"product_tag-faglitteratur","9":"product_tag-nord-norge","10":"product_tag-stedsnavn","12":"first","13":"outofstock","14":"shipping-taxable","15":"purchasable","16":"product-type-simple"},"acf":{"anmeldelse":null},"yoast_head":"<!-- This site is optimized with the Yoast SEO plugin v26.6 - https:\/\/yoast.com\/wordpress\/plugins\/seo\/ -->\n<title>Fr\u00e5 Mumletj\u00f8nn til Gnuldrehei - Spartacus<\/title>\n<meta name=\"robots\" content=\"noindex, follow, max-snippet:-1, max-image-preview:large, max-video-preview:-1\" \/>\n<meta property=\"og:locale\" content=\"nb_NO\" \/>\n<meta property=\"og:type\" content=\"article\" \/>\n<meta property=\"og:title\" content=\"Fr\u00e5 Mumletj\u00f8nn til Gnuldrehei - Spartacus\" \/>\n<meta property=\"og:description\" content=\"Er Setersetersetra landets sn\u00e5laste stadnamn, eller er Der bikkja beit mannen rarare? Er Hildre vakrare enn Silkebekken, finst det trivelegare gatenamn enn Wienerbr\u00f8dskj\u00e6ringa og grovare stadnamn enn Kattrassh\u00f8let og Svartfitta? Klarar du \u00e5 seie Litlklokklumpen feilfritt ti gongar p\u00e5 rad, og stinkar det i Rompeskogen, tru? Denne boka er det endelege beviset p\u00e5 at stadnamna [&hellip;]\" \/>\n<meta property=\"og:url\" content=\"https:\/\/staging.forenteforlag.no\/spartacus\/produkt\/fra-mumletjonn-til-gnuldrehei\/\" \/>\n<meta property=\"og:site_name\" content=\"Spartacus\" \/>\n<meta property=\"article:publisher\" content=\"https:\/\/www.facebook.com\/SpartacusForlag\" \/>\n<meta property=\"article:modified_time\" content=\"2026-03-04T14:25:03+00:00\" \/>\n<meta property=\"og:image\" content=\"https:\/\/staging.forenteforlag.no\/spartacus\/wp-content\/uploads\/sites\/6\/2026\/02\/9788243012851.jpg\" \/>\n\t<meta property=\"og:image:width\" content=\"720\" \/>\n\t<meta property=\"og:image:height\" content=\"1006\" \/>\n\t<meta property=\"og:image:type\" content=\"image\/jpeg\" \/>\n<meta name=\"twitter:card\" content=\"summary_large_image\" \/>\n<meta name=\"twitter:label1\" content=\"Ansl. lesetid\" \/>\n\t<meta name=\"twitter:data1\" content=\"1 minutt\" \/>\n<script type=\"application\/ld+json\" class=\"yoast-schema-graph\">{\"@context\":\"https:\/\/schema.org\",\"@graph\":[{\"@type\":\"WebPage\",\"@id\":\"https:\/\/staging.forenteforlag.no\/spartacus\/produkt\/fra-mumletjonn-til-gnuldrehei\/\",\"url\":\"https:\/\/staging.forenteforlag.no\/spartacus\/produkt\/fra-mumletjonn-til-gnuldrehei\/\",\"name\":\"Fr\u00e5 Mumletj\u00f8nn til Gnuldrehei - Spartacus\",\"isPartOf\":{\"@id\":\"https:\/\/staging.forenteforlag.no\/spartacus\/#website\"},\"primaryImageOfPage\":{\"@id\":\"https:\/\/staging.forenteforlag.no\/spartacus\/produkt\/fra-mumletjonn-til-gnuldrehei\/#primaryimage\"},\"image\":{\"@id\":\"https:\/\/staging.forenteforlag.no\/spartacus\/produkt\/fra-mumletjonn-til-gnuldrehei\/#primaryimage\"},\"thumbnailUrl\":\"https:\/\/staging.forenteforlag.no\/spartacus\/wp-content\/uploads\/sites\/6\/2026\/02\/9788243012851.jpg\",\"datePublished\":\"2019-09-23T00:00:00+00:00\",\"dateModified\":\"2026-03-04T14:25:03+00:00\",\"breadcrumb\":{\"@id\":\"https:\/\/staging.forenteforlag.no\/spartacus\/produkt\/fra-mumletjonn-til-gnuldrehei\/#breadcrumb\"},\"inLanguage\":\"nb-NO\",\"potentialAction\":[{\"@type\":\"ReadAction\",\"target\":[\"https:\/\/staging.forenteforlag.no\/spartacus\/produkt\/fra-mumletjonn-til-gnuldrehei\/\"]}]},{\"@type\":\"ImageObject\",\"inLanguage\":\"nb-NO\",\"@id\":\"https:\/\/staging.forenteforlag.no\/spartacus\/produkt\/fra-mumletjonn-til-gnuldrehei\/#primaryimage\",\"url\":\"https:\/\/staging.forenteforlag.no\/spartacus\/wp-content\/uploads\/sites\/6\/2026\/02\/9788243012851.jpg\",\"contentUrl\":\"https:\/\/staging.forenteforlag.no\/spartacus\/wp-content\/uploads\/sites\/6\/2026\/02\/9788243012851.jpg\",\"width\":720,\"height\":1006},{\"@type\":\"BreadcrumbList\",\"@id\":\"https:\/\/staging.forenteforlag.no\/spartacus\/produkt\/fra-mumletjonn-til-gnuldrehei\/#breadcrumb\",\"itemListElement\":[{\"@type\":\"ListItem\",\"position\":1,\"name\":\"Hjem\",\"item\":\"https:\/\/staging.forenteforlag.no\/spartacus\/\"},{\"@type\":\"ListItem\",\"position\":2,\"name\":\"Alle b\u00f8ker\",\"item\":\"https:\/\/staging.forenteforlag.no\/spartacus\/butikk\/\"},{\"@type\":\"ListItem\",\"position\":3,\"name\":\"Fr\u00e5 Mumletj\u00f8nn til Gnuldrehei\"}]},{\"@type\":\"WebSite\",\"@id\":\"https:\/\/staging.forenteforlag.no\/spartacus\/#website\",\"url\":\"https:\/\/staging.forenteforlag.no\/spartacus\/\",\"name\":\"Spartacus forlag\",\"description\":\"\",\"publisher\":{\"@id\":\"https:\/\/staging.forenteforlag.no\/spartacus\/#organization\"},\"potentialAction\":[{\"@type\":\"SearchAction\",\"target\":{\"@type\":\"EntryPoint\",\"urlTemplate\":\"https:\/\/staging.forenteforlag.no\/spartacus\/?s={search_term_string}\"},\"query-input\":{\"@type\":\"PropertyValueSpecification\",\"valueRequired\":true,\"valueName\":\"search_term_string\"}}],\"inLanguage\":\"nb-NO\"},{\"@type\":\"Organization\",\"@id\":\"https:\/\/staging.forenteforlag.no\/spartacus\/#organization\",\"name\":\"Spartacus forlag\",\"url\":\"https:\/\/staging.forenteforlag.no\/spartacus\/\",\"logo\":{\"@type\":\"ImageObject\",\"inLanguage\":\"nb-NO\",\"@id\":\"https:\/\/staging.forenteforlag.no\/spartacus\/#\/schema\/logo\/image\/\",\"url\":\"https:\/\/staging.forenteforlag.no\/spartacus\/wp-content\/uploads\/sites\/6\/2024\/09\/Spartacus_logo.svg\",\"contentUrl\":\"https:\/\/staging.forenteforlag.no\/spartacus\/wp-content\/uploads\/sites\/6\/2024\/09\/Spartacus_logo.svg\",\"width\":100,\"height\":100,\"caption\":\"Spartacus forlag\"},\"image\":{\"@id\":\"https:\/\/staging.forenteforlag.no\/spartacus\/#\/schema\/logo\/image\/\"},\"sameAs\":[\"https:\/\/www.facebook.com\/SpartacusForlag\"]}]}<\/script>\n<!-- \/ Yoast SEO plugin. -->","yoast_head_json":{"title":"Fr\u00e5 Mumletj\u00f8nn til Gnuldrehei - Spartacus","robots":{"index":"noindex","follow":"follow","max-snippet":"max-snippet:-1","max-image-preview":"max-image-preview:large","max-video-preview":"max-video-preview:-1"},"og_locale":"nb_NO","og_type":"article","og_title":"Fr\u00e5 Mumletj\u00f8nn til Gnuldrehei - Spartacus","og_description":"Er Setersetersetra landets sn\u00e5laste stadnamn, eller er Der bikkja beit mannen rarare? Er Hildre vakrare enn Silkebekken, finst det trivelegare gatenamn enn Wienerbr\u00f8dskj\u00e6ringa og grovare stadnamn enn Kattrassh\u00f8let og Svartfitta? Klarar du \u00e5 seie Litlklokklumpen feilfritt ti gongar p\u00e5 rad, og stinkar det i Rompeskogen, tru? Denne boka er det endelege beviset p\u00e5 at stadnamna [&hellip;]","og_url":"https:\/\/staging.forenteforlag.no\/spartacus\/produkt\/fra-mumletjonn-til-gnuldrehei\/","og_site_name":"Spartacus","article_publisher":"https:\/\/www.facebook.com\/SpartacusForlag","article_modified_time":"2026-03-04T14:25:03+00:00","og_image":[{"width":720,"height":1006,"url":"https:\/\/staging.forenteforlag.no\/spartacus\/wp-content\/uploads\/sites\/6\/2026\/02\/9788243012851.jpg","type":"image\/jpeg"}],"twitter_card":"summary_large_image","twitter_misc":{"Ansl. lesetid":"1 minutt"},"schema":{"@context":"https:\/\/schema.org","@graph":[{"@type":"WebPage","@id":"https:\/\/staging.forenteforlag.no\/spartacus\/produkt\/fra-mumletjonn-til-gnuldrehei\/","url":"https:\/\/staging.forenteforlag.no\/spartacus\/produkt\/fra-mumletjonn-til-gnuldrehei\/","name":"Fr\u00e5 Mumletj\u00f8nn til Gnuldrehei - Spartacus","isPartOf":{"@id":"https:\/\/staging.forenteforlag.no\/spartacus\/#website"},"primaryImageOfPage":{"@id":"https:\/\/staging.forenteforlag.no\/spartacus\/produkt\/fra-mumletjonn-til-gnuldrehei\/#primaryimage"},"image":{"@id":"https:\/\/staging.forenteforlag.no\/spartacus\/produkt\/fra-mumletjonn-til-gnuldrehei\/#primaryimage"},"thumbnailUrl":"https:\/\/staging.forenteforlag.no\/spartacus\/wp-content\/uploads\/sites\/6\/2026\/02\/9788243012851.jpg","datePublished":"2019-09-23T00:00:00+00:00","dateModified":"2026-03-04T14:25:03+00:00","breadcrumb":{"@id":"https:\/\/staging.forenteforlag.no\/spartacus\/produkt\/fra-mumletjonn-til-gnuldrehei\/#breadcrumb"},"inLanguage":"nb-NO","potentialAction":[{"@type":"ReadAction","target":["https:\/\/staging.forenteforlag.no\/spartacus\/produkt\/fra-mumletjonn-til-gnuldrehei\/"]}]},{"@type":"ImageObject","inLanguage":"nb-NO","@id":"https:\/\/staging.forenteforlag.no\/spartacus\/produkt\/fra-mumletjonn-til-gnuldrehei\/#primaryimage","url":"https:\/\/staging.forenteforlag.no\/spartacus\/wp-content\/uploads\/sites\/6\/2026\/02\/9788243012851.jpg","contentUrl":"https:\/\/staging.forenteforlag.no\/spartacus\/wp-content\/uploads\/sites\/6\/2026\/02\/9788243012851.jpg","width":720,"height":1006},{"@type":"BreadcrumbList","@id":"https:\/\/staging.forenteforlag.no\/spartacus\/produkt\/fra-mumletjonn-til-gnuldrehei\/#breadcrumb","itemListElement":[{"@type":"ListItem","position":1,"name":"Hjem","item":"https:\/\/staging.forenteforlag.no\/spartacus\/"},{"@type":"ListItem","position":2,"name":"Alle b\u00f8ker","item":"https:\/\/staging.forenteforlag.no\/spartacus\/butikk\/"},{"@type":"ListItem","position":3,"name":"Fr\u00e5 Mumletj\u00f8nn til Gnuldrehei"}]},{"@type":"WebSite","@id":"https:\/\/staging.forenteforlag.no\/spartacus\/#website","url":"https:\/\/staging.forenteforlag.no\/spartacus\/","name":"Spartacus forlag","description":"","publisher":{"@id":"https:\/\/staging.forenteforlag.no\/spartacus\/#organization"},"potentialAction":[{"@type":"SearchAction","target":{"@type":"EntryPoint","urlTemplate":"https:\/\/staging.forenteforlag.no\/spartacus\/?s={search_term_string}"},"query-input":{"@type":"PropertyValueSpecification","valueRequired":true,"valueName":"search_term_string"}}],"inLanguage":"nb-NO"},{"@type":"Organization","@id":"https:\/\/staging.forenteforlag.no\/spartacus\/#organization","name":"Spartacus forlag","url":"https:\/\/staging.forenteforlag.no\/spartacus\/","logo":{"@type":"ImageObject","inLanguage":"nb-NO","@id":"https:\/\/staging.forenteforlag.no\/spartacus\/#\/schema\/logo\/image\/","url":"https:\/\/staging.forenteforlag.no\/spartacus\/wp-content\/uploads\/sites\/6\/2024\/09\/Spartacus_logo.svg","contentUrl":"https:\/\/staging.forenteforlag.no\/spartacus\/wp-content\/uploads\/sites\/6\/2024\/09\/Spartacus_logo.svg","width":100,"height":100,"caption":"Spartacus forlag"},"image":{"@id":"https:\/\/staging.forenteforlag.no\/spartacus\/#\/schema\/logo\/image\/"},"sameAs":["https:\/\/www.facebook.com\/SpartacusForlag"]}]}},"_links":{"self":[{"href":"https:\/\/staging.forenteforlag.no\/spartacus\/wp-json\/wp\/v2\/product\/22187","targetHints":{"allow":["GET"]}}],"collection":[{"href":"https:\/\/staging.forenteforlag.no\/spartacus\/wp-json\/wp\/v2\/product"}],"about":[{"href":"https:\/\/staging.forenteforlag.no\/spartacus\/wp-json\/wp\/v2\/types\/product"}],"wp:featuredmedia":[{"embeddable":true,"href":"https:\/\/staging.forenteforlag.no\/spartacus\/wp-json\/wp\/v2\/media\/26610"}],"wp:attachment":[{"href":"https:\/\/staging.forenteforlag.no\/spartacus\/wp-json\/wp\/v2\/media?parent=22187"}],"wp:term":[{"taxonomy":"product_brand","embeddable":true,"href":"https:\/\/staging.forenteforlag.no\/spartacus\/wp-json\/wp\/v2\/product_brand?post=22187"},{"taxonomy":"product_cat","embeddable":true,"href":"https:\/\/staging.forenteforlag.no\/spartacus\/wp-json\/wp\/v2\/product_cat?post=22187"},{"taxonomy":"product_tag","embeddable":true,"href":"https:\/\/staging.forenteforlag.no\/spartacus\/wp-json\/wp\/v2\/product_tag?post=22187"}],"curies":[{"name":"wp","href":"https:\/\/api.w.org\/{rel}","templated":true}]}}