{"id":22157,"date":"2012-08-09T02:00:00","date_gmt":"2012-08-09T00:00:00","guid":{"rendered":"https:\/\/spartacus.forenteforlag.no\/produkt\/og-fremdeles-star-traerne-i-wienerwald\/"},"modified":"2026-03-02T17:53:21","modified_gmt":"2026-03-02T16:53:21","slug":"og-fremdeles-star-traerne-i-wienerwald","status":"publish","type":"product","link":"https:\/\/staging.forenteforlag.no\/spartacus\/produkt\/og-fremdeles-star-traerne-i-wienerwald\/","title":{"rendered":"Og fremdeles st\u00e5r tr\u00e6rne i Wienerwald"},"content":{"rendered":"<p>Fem hundre brev, pent sortert etter \u00e5rstall, oppbevart i en IKEA-eske. Adressaten var Otto, en j\u00f8disk gutt som i 1938 kom alene til Sverige, tretten \u00e5r gammel. Hjemme i Wien ble foreldrenes hverdag stadig mer dramatisk, men i brevene gj\u00f8r de sitt beste for \u00e5 holde motet oppe b\u00e5de hos seg selv og s\u00f8nnen. De siste brevene til Otto har avsenderadresse Theresienstadt. I Sverige havnet storbygutten Otto i Sm\u00e5land. Med tiden fikk han arbeid som g\u00e5rdsdreng hos familien Kamprad, og ble snart god venn med s\u00f8nnen i huset, Ingvar, som i 1943 skulle starte firmaet IKEA. Samtidig var Ingvar aktiv i nazistiske organisasjoner og en stor tilhenger av fascisten Per Engdahl.   Basert p\u00e5 det unike brevmaterialet og ferske intervjuer med Kamprad, har Elisabeth \u00c5sbrink levert en bok som vant b\u00e5de lesernes hjerter og Augustprisen for 2011. Og fremdeles st\u00e5r tr\u00e6rne i Wienerwald skildrer et paradoksalt vennskap og gir et viktig tidsbilde av antisemittismen i Sverige og Europa. Men mer enn noe annet forteller boka historien om en enkelt families skjebne. Den gir et uforglemmelig vitnesbyrd om h\u00e5p, sorg og savn og om to foreldres ut\u00f8mmelige kj\u00e6rlighet til sitt barn. &laquo;Elisabeth \u00c5sbrink har skevet en av h\u00f8stens viktigste b\u00f8ker. Den m\u00e5 leses ikke bare som historie, men som levende historie. Alle som bruker \u00f8rene vil fortsatt kunne h\u00f8re ekkoet av Otto Ullmanns stemme&raquo;   Aftonbladet<\/p>\n","protected":false},"excerpt":{"rendered":"<p>Fem hundre brev, pent sortert etter \u00e5rstall, oppbevart i en IKEA-eske. Adressaten var Otto, en j\u00f8disk gutt som i 1938 kom alene til Sverige, tretten \u00e5r gammel. Hjemme i Wien ble foreldrenes hverdag stadig mer dramatisk, men i brevene gj\u00f8r de sitt beste for \u00e5 holde motet oppe b\u00e5de hos seg selv og s\u00f8nnen. De [&hellip;]<\/p>\n","protected":false},"featured_media":26328,"template":"","meta":{"_acf_changed":false,"inline_featured_image":false},"product_brand":[],"product_cat":[1786],"product_tag":[362],"class_list":{"0":"post-22157","1":"product","2":"type-product","3":"status-publish","4":"has-post-thumbnail","6":"product_cat-rabattkodekampanje","7":"product_tag-faglitteratur","9":"first","10":"outofstock","11":"shipping-taxable","12":"purchasable","13":"product-type-simple"},"acf":{"anmeldelse":null},"yoast_head":"<!-- This site is optimized with the Yoast SEO plugin v26.6 - https:\/\/yoast.com\/wordpress\/plugins\/seo\/ -->\n<title>Og fremdeles st\u00e5r tr\u00e6rne i Wienerwald - Spartacus<\/title>\n<meta name=\"robots\" content=\"noindex, follow, max-snippet:-1, max-image-preview:large, max-video-preview:-1\" \/>\n<meta property=\"og:locale\" content=\"nb_NO\" \/>\n<meta property=\"og:type\" content=\"article\" \/>\n<meta property=\"og:title\" content=\"Og fremdeles st\u00e5r tr\u00e6rne i Wienerwald - Spartacus\" \/>\n<meta property=\"og:description\" content=\"Fem hundre brev, pent sortert etter \u00e5rstall, oppbevart i en IKEA-eske. Adressaten var Otto, en j\u00f8disk gutt som i 1938 kom alene til Sverige, tretten \u00e5r gammel. Hjemme i Wien ble foreldrenes hverdag stadig mer dramatisk, men i brevene gj\u00f8r de sitt beste for \u00e5 holde motet oppe b\u00e5de hos seg selv og s\u00f8nnen. De [&hellip;]\" \/>\n<meta property=\"og:url\" content=\"https:\/\/staging.forenteforlag.no\/spartacus\/produkt\/og-fremdeles-star-traerne-i-wienerwald\/\" \/>\n<meta property=\"og:site_name\" content=\"Spartacus\" \/>\n<meta property=\"article:publisher\" content=\"https:\/\/www.facebook.com\/SpartacusForlag\" \/>\n<meta property=\"article:modified_time\" content=\"2026-03-02T16:53:21+00:00\" \/>\n<meta property=\"og:image\" content=\"https:\/\/staging.forenteforlag.no\/spartacus\/wp-content\/uploads\/sites\/6\/2026\/02\/9788243006713.jpg\" \/>\n\t<meta property=\"og:image:width\" content=\"720\" \/>\n\t<meta property=\"og:image:height\" content=\"1119\" \/>\n\t<meta property=\"og:image:type\" content=\"image\/jpeg\" \/>\n<meta name=\"twitter:card\" content=\"summary_large_image\" \/>\n<meta name=\"twitter:label1\" content=\"Ansl. lesetid\" \/>\n\t<meta name=\"twitter:data1\" content=\"1 minutt\" \/>\n<script type=\"application\/ld+json\" class=\"yoast-schema-graph\">{\"@context\":\"https:\/\/schema.org\",\"@graph\":[{\"@type\":\"WebPage\",\"@id\":\"https:\/\/staging.forenteforlag.no\/spartacus\/produkt\/og-fremdeles-star-traerne-i-wienerwald\/\",\"url\":\"https:\/\/staging.forenteforlag.no\/spartacus\/produkt\/og-fremdeles-star-traerne-i-wienerwald\/\",\"name\":\"Og fremdeles st\u00e5r tr\u00e6rne i Wienerwald - Spartacus\",\"isPartOf\":{\"@id\":\"https:\/\/staging.forenteforlag.no\/spartacus\/#website\"},\"primaryImageOfPage\":{\"@id\":\"https:\/\/staging.forenteforlag.no\/spartacus\/produkt\/og-fremdeles-star-traerne-i-wienerwald\/#primaryimage\"},\"image\":{\"@id\":\"https:\/\/staging.forenteforlag.no\/spartacus\/produkt\/og-fremdeles-star-traerne-i-wienerwald\/#primaryimage\"},\"thumbnailUrl\":\"https:\/\/staging.forenteforlag.no\/spartacus\/wp-content\/uploads\/sites\/6\/2026\/02\/9788243006713.jpg\",\"datePublished\":\"2012-08-09T00:00:00+00:00\",\"dateModified\":\"2026-03-02T16:53:21+00:00\",\"breadcrumb\":{\"@id\":\"https:\/\/staging.forenteforlag.no\/spartacus\/produkt\/og-fremdeles-star-traerne-i-wienerwald\/#breadcrumb\"},\"inLanguage\":\"nb-NO\",\"potentialAction\":[{\"@type\":\"ReadAction\",\"target\":[\"https:\/\/staging.forenteforlag.no\/spartacus\/produkt\/og-fremdeles-star-traerne-i-wienerwald\/\"]}]},{\"@type\":\"ImageObject\",\"inLanguage\":\"nb-NO\",\"@id\":\"https:\/\/staging.forenteforlag.no\/spartacus\/produkt\/og-fremdeles-star-traerne-i-wienerwald\/#primaryimage\",\"url\":\"https:\/\/staging.forenteforlag.no\/spartacus\/wp-content\/uploads\/sites\/6\/2026\/02\/9788243006713.jpg\",\"contentUrl\":\"https:\/\/staging.forenteforlag.no\/spartacus\/wp-content\/uploads\/sites\/6\/2026\/02\/9788243006713.jpg\",\"width\":720,\"height\":1119},{\"@type\":\"BreadcrumbList\",\"@id\":\"https:\/\/staging.forenteforlag.no\/spartacus\/produkt\/og-fremdeles-star-traerne-i-wienerwald\/#breadcrumb\",\"itemListElement\":[{\"@type\":\"ListItem\",\"position\":1,\"name\":\"Hjem\",\"item\":\"https:\/\/staging.forenteforlag.no\/spartacus\/\"},{\"@type\":\"ListItem\",\"position\":2,\"name\":\"Alle b\u00f8ker\",\"item\":\"https:\/\/staging.forenteforlag.no\/spartacus\/butikk\/\"},{\"@type\":\"ListItem\",\"position\":3,\"name\":\"Og fremdeles st\u00e5r tr\u00e6rne i Wienerwald\"}]},{\"@type\":\"WebSite\",\"@id\":\"https:\/\/staging.forenteforlag.no\/spartacus\/#website\",\"url\":\"https:\/\/staging.forenteforlag.no\/spartacus\/\",\"name\":\"Spartacus forlag\",\"description\":\"\",\"publisher\":{\"@id\":\"https:\/\/staging.forenteforlag.no\/spartacus\/#organization\"},\"potentialAction\":[{\"@type\":\"SearchAction\",\"target\":{\"@type\":\"EntryPoint\",\"urlTemplate\":\"https:\/\/staging.forenteforlag.no\/spartacus\/?s={search_term_string}\"},\"query-input\":{\"@type\":\"PropertyValueSpecification\",\"valueRequired\":true,\"valueName\":\"search_term_string\"}}],\"inLanguage\":\"nb-NO\"},{\"@type\":\"Organization\",\"@id\":\"https:\/\/staging.forenteforlag.no\/spartacus\/#organization\",\"name\":\"Spartacus forlag\",\"url\":\"https:\/\/staging.forenteforlag.no\/spartacus\/\",\"logo\":{\"@type\":\"ImageObject\",\"inLanguage\":\"nb-NO\",\"@id\":\"https:\/\/staging.forenteforlag.no\/spartacus\/#\/schema\/logo\/image\/\",\"url\":\"https:\/\/staging.forenteforlag.no\/spartacus\/wp-content\/uploads\/sites\/6\/2024\/09\/Spartacus_logo.svg\",\"contentUrl\":\"https:\/\/staging.forenteforlag.no\/spartacus\/wp-content\/uploads\/sites\/6\/2024\/09\/Spartacus_logo.svg\",\"width\":100,\"height\":100,\"caption\":\"Spartacus forlag\"},\"image\":{\"@id\":\"https:\/\/staging.forenteforlag.no\/spartacus\/#\/schema\/logo\/image\/\"},\"sameAs\":[\"https:\/\/www.facebook.com\/SpartacusForlag\"]}]}<\/script>\n<!-- \/ Yoast SEO plugin. -->","yoast_head_json":{"title":"Og fremdeles st\u00e5r tr\u00e6rne i Wienerwald - Spartacus","robots":{"index":"noindex","follow":"follow","max-snippet":"max-snippet:-1","max-image-preview":"max-image-preview:large","max-video-preview":"max-video-preview:-1"},"og_locale":"nb_NO","og_type":"article","og_title":"Og fremdeles st\u00e5r tr\u00e6rne i Wienerwald - Spartacus","og_description":"Fem hundre brev, pent sortert etter \u00e5rstall, oppbevart i en IKEA-eske. Adressaten var Otto, en j\u00f8disk gutt som i 1938 kom alene til Sverige, tretten \u00e5r gammel. Hjemme i Wien ble foreldrenes hverdag stadig mer dramatisk, men i brevene gj\u00f8r de sitt beste for \u00e5 holde motet oppe b\u00e5de hos seg selv og s\u00f8nnen. De [&hellip;]","og_url":"https:\/\/staging.forenteforlag.no\/spartacus\/produkt\/og-fremdeles-star-traerne-i-wienerwald\/","og_site_name":"Spartacus","article_publisher":"https:\/\/www.facebook.com\/SpartacusForlag","article_modified_time":"2026-03-02T16:53:21+00:00","og_image":[{"width":720,"height":1119,"url":"https:\/\/staging.forenteforlag.no\/spartacus\/wp-content\/uploads\/sites\/6\/2026\/02\/9788243006713.jpg","type":"image\/jpeg"}],"twitter_card":"summary_large_image","twitter_misc":{"Ansl. lesetid":"1 minutt"},"schema":{"@context":"https:\/\/schema.org","@graph":[{"@type":"WebPage","@id":"https:\/\/staging.forenteforlag.no\/spartacus\/produkt\/og-fremdeles-star-traerne-i-wienerwald\/","url":"https:\/\/staging.forenteforlag.no\/spartacus\/produkt\/og-fremdeles-star-traerne-i-wienerwald\/","name":"Og fremdeles st\u00e5r tr\u00e6rne i Wienerwald - Spartacus","isPartOf":{"@id":"https:\/\/staging.forenteforlag.no\/spartacus\/#website"},"primaryImageOfPage":{"@id":"https:\/\/staging.forenteforlag.no\/spartacus\/produkt\/og-fremdeles-star-traerne-i-wienerwald\/#primaryimage"},"image":{"@id":"https:\/\/staging.forenteforlag.no\/spartacus\/produkt\/og-fremdeles-star-traerne-i-wienerwald\/#primaryimage"},"thumbnailUrl":"https:\/\/staging.forenteforlag.no\/spartacus\/wp-content\/uploads\/sites\/6\/2026\/02\/9788243006713.jpg","datePublished":"2012-08-09T00:00:00+00:00","dateModified":"2026-03-02T16:53:21+00:00","breadcrumb":{"@id":"https:\/\/staging.forenteforlag.no\/spartacus\/produkt\/og-fremdeles-star-traerne-i-wienerwald\/#breadcrumb"},"inLanguage":"nb-NO","potentialAction":[{"@type":"ReadAction","target":["https:\/\/staging.forenteforlag.no\/spartacus\/produkt\/og-fremdeles-star-traerne-i-wienerwald\/"]}]},{"@type":"ImageObject","inLanguage":"nb-NO","@id":"https:\/\/staging.forenteforlag.no\/spartacus\/produkt\/og-fremdeles-star-traerne-i-wienerwald\/#primaryimage","url":"https:\/\/staging.forenteforlag.no\/spartacus\/wp-content\/uploads\/sites\/6\/2026\/02\/9788243006713.jpg","contentUrl":"https:\/\/staging.forenteforlag.no\/spartacus\/wp-content\/uploads\/sites\/6\/2026\/02\/9788243006713.jpg","width":720,"height":1119},{"@type":"BreadcrumbList","@id":"https:\/\/staging.forenteforlag.no\/spartacus\/produkt\/og-fremdeles-star-traerne-i-wienerwald\/#breadcrumb","itemListElement":[{"@type":"ListItem","position":1,"name":"Hjem","item":"https:\/\/staging.forenteforlag.no\/spartacus\/"},{"@type":"ListItem","position":2,"name":"Alle b\u00f8ker","item":"https:\/\/staging.forenteforlag.no\/spartacus\/butikk\/"},{"@type":"ListItem","position":3,"name":"Og fremdeles st\u00e5r tr\u00e6rne i Wienerwald"}]},{"@type":"WebSite","@id":"https:\/\/staging.forenteforlag.no\/spartacus\/#website","url":"https:\/\/staging.forenteforlag.no\/spartacus\/","name":"Spartacus forlag","description":"","publisher":{"@id":"https:\/\/staging.forenteforlag.no\/spartacus\/#organization"},"potentialAction":[{"@type":"SearchAction","target":{"@type":"EntryPoint","urlTemplate":"https:\/\/staging.forenteforlag.no\/spartacus\/?s={search_term_string}"},"query-input":{"@type":"PropertyValueSpecification","valueRequired":true,"valueName":"search_term_string"}}],"inLanguage":"nb-NO"},{"@type":"Organization","@id":"https:\/\/staging.forenteforlag.no\/spartacus\/#organization","name":"Spartacus forlag","url":"https:\/\/staging.forenteforlag.no\/spartacus\/","logo":{"@type":"ImageObject","inLanguage":"nb-NO","@id":"https:\/\/staging.forenteforlag.no\/spartacus\/#\/schema\/logo\/image\/","url":"https:\/\/staging.forenteforlag.no\/spartacus\/wp-content\/uploads\/sites\/6\/2024\/09\/Spartacus_logo.svg","contentUrl":"https:\/\/staging.forenteforlag.no\/spartacus\/wp-content\/uploads\/sites\/6\/2024\/09\/Spartacus_logo.svg","width":100,"height":100,"caption":"Spartacus forlag"},"image":{"@id":"https:\/\/staging.forenteforlag.no\/spartacus\/#\/schema\/logo\/image\/"},"sameAs":["https:\/\/www.facebook.com\/SpartacusForlag"]}]}},"_links":{"self":[{"href":"https:\/\/staging.forenteforlag.no\/spartacus\/wp-json\/wp\/v2\/product\/22157","targetHints":{"allow":["GET"]}}],"collection":[{"href":"https:\/\/staging.forenteforlag.no\/spartacus\/wp-json\/wp\/v2\/product"}],"about":[{"href":"https:\/\/staging.forenteforlag.no\/spartacus\/wp-json\/wp\/v2\/types\/product"}],"wp:featuredmedia":[{"embeddable":true,"href":"https:\/\/staging.forenteforlag.no\/spartacus\/wp-json\/wp\/v2\/media\/26328"}],"wp:attachment":[{"href":"https:\/\/staging.forenteforlag.no\/spartacus\/wp-json\/wp\/v2\/media?parent=22157"}],"wp:term":[{"taxonomy":"product_brand","embeddable":true,"href":"https:\/\/staging.forenteforlag.no\/spartacus\/wp-json\/wp\/v2\/product_brand?post=22157"},{"taxonomy":"product_cat","embeddable":true,"href":"https:\/\/staging.forenteforlag.no\/spartacus\/wp-json\/wp\/v2\/product_cat?post=22157"},{"taxonomy":"product_tag","embeddable":true,"href":"https:\/\/staging.forenteforlag.no\/spartacus\/wp-json\/wp\/v2\/product_tag?post=22157"}],"curies":[{"name":"wp","href":"https:\/\/api.w.org\/{rel}","templated":true}]}}