{"id":22107,"date":"2024-12-10T23:57:53","date_gmt":"2024-12-10T22:57:53","guid":{"rendered":"https:\/\/spartacus.forenteforlag.no\/produkt\/gazpacho-i-cordoba-og-andre-oppskrifter-pa-det-gode-liv\/"},"modified":"2026-03-04T14:26:12","modified_gmt":"2026-03-04T13:26:12","slug":"gazpacho-i-cordoba-og-andre-oppskrifter-pa-det-gode-liv","status":"publish","type":"product","link":"https:\/\/staging.forenteforlag.no\/spartacus\/produkt\/gazpacho-i-cordoba-og-andre-oppskrifter-pa-det-gode-liv\/","title":{"rendered":"Gazpacho i Cordoba og andre oppskrifter p\u00e5 det gode liv"},"content":{"rendered":"<p>Et menneske trenger ikke mye for \u00e5 bli lykkelig:<\/p>\n<p>Fersk parmesan<br \/>\ngod olivenolje<br \/>\nnybakt br\u00f8d<br \/>\nen moden tomat<br \/>\nlitt havsalt<br \/>\nVin? Et glass, eller flere.<\/p>\n<p>Det er alt.<br \/>\nAbsolutt alt.<\/p>\n<p>Et m\u00f8te med Kimmeridge er et varig stevnem\u00f8te med det gode liv Dette er kokeboken for den som ikke bare nyter oppskrifter, men ogs\u00e5 det spr\u00e5ket de formidles gjennom.<\/p>\n<p>..b\u00f8r bli pensum i faget livskunst.Eyvind Hellstr\u00f8m<\/p>\n","protected":false},"excerpt":{"rendered":"<p>Et menneske trenger ikke mye for \u00e5 bli lykkelig: Fersk parmesan god olivenolje nybakt br\u00f8d en moden tomat litt havsalt Vin? Et glass, eller flere. Det er alt. Absolutt alt. Et m\u00f8te med Kimmeridge er et varig stevnem\u00f8te med det gode liv Dette er kokeboken for den som ikke bare nyter oppskrifter, men ogs\u00e5 det [&hellip;]<\/p>\n","protected":false},"featured_media":25985,"template":"","meta":{"_acf_changed":false,"inline_featured_image":false},"product_brand":[],"product_cat":[1786],"product_tag":[362,882,361,671],"class_list":{"0":"post-22107","1":"product","2":"type-product","3":"status-publish","4":"has-post-thumbnail","6":"product_cat-rabattkodekampanje","7":"product_tag-faglitteratur","8":"product_tag-geografi-og-reiser","9":"product_tag-kulturhistorie","10":"product_tag-mat-og-drikke","12":"first","13":"outofstock","14":"taxable","15":"shipping-taxable","16":"purchasable","17":"product-type-simple"},"acf":{"anmeldelse":null},"yoast_head":"<!-- This site is optimized with the Yoast SEO plugin v26.6 - https:\/\/yoast.com\/wordpress\/plugins\/seo\/ -->\n<title>Gazpacho i Cordoba og andre oppskrifter p\u00e5 det gode liv - Spartacus<\/title>\n<meta name=\"robots\" content=\"noindex, follow, max-snippet:-1, max-image-preview:large, max-video-preview:-1\" \/>\n<meta property=\"og:locale\" content=\"nb_NO\" \/>\n<meta property=\"og:type\" content=\"article\" \/>\n<meta property=\"og:title\" content=\"Gazpacho i Cordoba og andre oppskrifter p\u00e5 det gode liv - Spartacus\" \/>\n<meta property=\"og:description\" content=\"Et menneske trenger ikke mye for \u00e5 bli lykkelig: Fersk parmesan god olivenolje nybakt br\u00f8d en moden tomat litt havsalt Vin? Et glass, eller flere. Det er alt. Absolutt alt. Et m\u00f8te med Kimmeridge er et varig stevnem\u00f8te med det gode liv Dette er kokeboken for den som ikke bare nyter oppskrifter, men ogs\u00e5 det [&hellip;]\" \/>\n<meta property=\"og:url\" content=\"https:\/\/staging.forenteforlag.no\/spartacus\/produkt\/gazpacho-i-cordoba-og-andre-oppskrifter-pa-det-gode-liv\/\" \/>\n<meta property=\"og:site_name\" content=\"Spartacus\" \/>\n<meta property=\"article:publisher\" content=\"https:\/\/www.facebook.com\/SpartacusForlag\" \/>\n<meta property=\"article:modified_time\" content=\"2026-03-04T13:26:12+00:00\" \/>\n<meta property=\"og:image\" content=\"https:\/\/staging.forenteforlag.no\/spartacus\/wp-content\/uploads\/sites\/6\/2026\/02\/9788243002050.jpg\" \/>\n\t<meta property=\"og:image:width\" content=\"720\" \/>\n\t<meta property=\"og:image:height\" content=\"743\" \/>\n\t<meta property=\"og:image:type\" content=\"image\/jpeg\" \/>\n<meta name=\"twitter:card\" content=\"summary_large_image\" \/>\n<script type=\"application\/ld+json\" class=\"yoast-schema-graph\">{\"@context\":\"https:\/\/schema.org\",\"@graph\":[{\"@type\":\"WebPage\",\"@id\":\"https:\/\/staging.forenteforlag.no\/spartacus\/produkt\/gazpacho-i-cordoba-og-andre-oppskrifter-pa-det-gode-liv\/\",\"url\":\"https:\/\/staging.forenteforlag.no\/spartacus\/produkt\/gazpacho-i-cordoba-og-andre-oppskrifter-pa-det-gode-liv\/\",\"name\":\"Gazpacho i Cordoba og andre oppskrifter p\u00e5 det gode liv - Spartacus\",\"isPartOf\":{\"@id\":\"https:\/\/staging.forenteforlag.no\/spartacus\/#website\"},\"primaryImageOfPage\":{\"@id\":\"https:\/\/staging.forenteforlag.no\/spartacus\/produkt\/gazpacho-i-cordoba-og-andre-oppskrifter-pa-det-gode-liv\/#primaryimage\"},\"image\":{\"@id\":\"https:\/\/staging.forenteforlag.no\/spartacus\/produkt\/gazpacho-i-cordoba-og-andre-oppskrifter-pa-det-gode-liv\/#primaryimage\"},\"thumbnailUrl\":\"https:\/\/staging.forenteforlag.no\/spartacus\/wp-content\/uploads\/sites\/6\/2026\/02\/9788243002050.jpg\",\"datePublished\":\"2024-12-10T22:57:53+00:00\",\"dateModified\":\"2026-03-04T13:26:12+00:00\",\"breadcrumb\":{\"@id\":\"https:\/\/staging.forenteforlag.no\/spartacus\/produkt\/gazpacho-i-cordoba-og-andre-oppskrifter-pa-det-gode-liv\/#breadcrumb\"},\"inLanguage\":\"nb-NO\",\"potentialAction\":[{\"@type\":\"ReadAction\",\"target\":[\"https:\/\/staging.forenteforlag.no\/spartacus\/produkt\/gazpacho-i-cordoba-og-andre-oppskrifter-pa-det-gode-liv\/\"]}]},{\"@type\":\"ImageObject\",\"inLanguage\":\"nb-NO\",\"@id\":\"https:\/\/staging.forenteforlag.no\/spartacus\/produkt\/gazpacho-i-cordoba-og-andre-oppskrifter-pa-det-gode-liv\/#primaryimage\",\"url\":\"https:\/\/staging.forenteforlag.no\/spartacus\/wp-content\/uploads\/sites\/6\/2026\/02\/9788243002050.jpg\",\"contentUrl\":\"https:\/\/staging.forenteforlag.no\/spartacus\/wp-content\/uploads\/sites\/6\/2026\/02\/9788243002050.jpg\",\"width\":720,\"height\":743},{\"@type\":\"BreadcrumbList\",\"@id\":\"https:\/\/staging.forenteforlag.no\/spartacus\/produkt\/gazpacho-i-cordoba-og-andre-oppskrifter-pa-det-gode-liv\/#breadcrumb\",\"itemListElement\":[{\"@type\":\"ListItem\",\"position\":1,\"name\":\"Hjem\",\"item\":\"https:\/\/staging.forenteforlag.no\/spartacus\/\"},{\"@type\":\"ListItem\",\"position\":2,\"name\":\"Alle b\u00f8ker\",\"item\":\"https:\/\/staging.forenteforlag.no\/spartacus\/butikk\/\"},{\"@type\":\"ListItem\",\"position\":3,\"name\":\"Gazpacho i Cordoba og andre oppskrifter p\u00e5 det gode liv\"}]},{\"@type\":\"WebSite\",\"@id\":\"https:\/\/staging.forenteforlag.no\/spartacus\/#website\",\"url\":\"https:\/\/staging.forenteforlag.no\/spartacus\/\",\"name\":\"Spartacus forlag\",\"description\":\"\",\"publisher\":{\"@id\":\"https:\/\/staging.forenteforlag.no\/spartacus\/#organization\"},\"potentialAction\":[{\"@type\":\"SearchAction\",\"target\":{\"@type\":\"EntryPoint\",\"urlTemplate\":\"https:\/\/staging.forenteforlag.no\/spartacus\/?s={search_term_string}\"},\"query-input\":{\"@type\":\"PropertyValueSpecification\",\"valueRequired\":true,\"valueName\":\"search_term_string\"}}],\"inLanguage\":\"nb-NO\"},{\"@type\":\"Organization\",\"@id\":\"https:\/\/staging.forenteforlag.no\/spartacus\/#organization\",\"name\":\"Spartacus forlag\",\"url\":\"https:\/\/staging.forenteforlag.no\/spartacus\/\",\"logo\":{\"@type\":\"ImageObject\",\"inLanguage\":\"nb-NO\",\"@id\":\"https:\/\/staging.forenteforlag.no\/spartacus\/#\/schema\/logo\/image\/\",\"url\":\"https:\/\/staging.forenteforlag.no\/spartacus\/wp-content\/uploads\/sites\/6\/2024\/09\/Spartacus_logo.svg\",\"contentUrl\":\"https:\/\/staging.forenteforlag.no\/spartacus\/wp-content\/uploads\/sites\/6\/2024\/09\/Spartacus_logo.svg\",\"width\":100,\"height\":100,\"caption\":\"Spartacus forlag\"},\"image\":{\"@id\":\"https:\/\/staging.forenteforlag.no\/spartacus\/#\/schema\/logo\/image\/\"},\"sameAs\":[\"https:\/\/www.facebook.com\/SpartacusForlag\"]}]}<\/script>\n<!-- \/ Yoast SEO plugin. -->","yoast_head_json":{"title":"Gazpacho i Cordoba og andre oppskrifter p\u00e5 det gode liv - Spartacus","robots":{"index":"noindex","follow":"follow","max-snippet":"max-snippet:-1","max-image-preview":"max-image-preview:large","max-video-preview":"max-video-preview:-1"},"og_locale":"nb_NO","og_type":"article","og_title":"Gazpacho i Cordoba og andre oppskrifter p\u00e5 det gode liv - Spartacus","og_description":"Et menneske trenger ikke mye for \u00e5 bli lykkelig: Fersk parmesan god olivenolje nybakt br\u00f8d en moden tomat litt havsalt Vin? Et glass, eller flere. Det er alt. Absolutt alt. Et m\u00f8te med Kimmeridge er et varig stevnem\u00f8te med det gode liv Dette er kokeboken for den som ikke bare nyter oppskrifter, men ogs\u00e5 det [&hellip;]","og_url":"https:\/\/staging.forenteforlag.no\/spartacus\/produkt\/gazpacho-i-cordoba-og-andre-oppskrifter-pa-det-gode-liv\/","og_site_name":"Spartacus","article_publisher":"https:\/\/www.facebook.com\/SpartacusForlag","article_modified_time":"2026-03-04T13:26:12+00:00","og_image":[{"width":720,"height":743,"url":"https:\/\/staging.forenteforlag.no\/spartacus\/wp-content\/uploads\/sites\/6\/2026\/02\/9788243002050.jpg","type":"image\/jpeg"}],"twitter_card":"summary_large_image","schema":{"@context":"https:\/\/schema.org","@graph":[{"@type":"WebPage","@id":"https:\/\/staging.forenteforlag.no\/spartacus\/produkt\/gazpacho-i-cordoba-og-andre-oppskrifter-pa-det-gode-liv\/","url":"https:\/\/staging.forenteforlag.no\/spartacus\/produkt\/gazpacho-i-cordoba-og-andre-oppskrifter-pa-det-gode-liv\/","name":"Gazpacho i Cordoba og andre oppskrifter p\u00e5 det gode liv - Spartacus","isPartOf":{"@id":"https:\/\/staging.forenteforlag.no\/spartacus\/#website"},"primaryImageOfPage":{"@id":"https:\/\/staging.forenteforlag.no\/spartacus\/produkt\/gazpacho-i-cordoba-og-andre-oppskrifter-pa-det-gode-liv\/#primaryimage"},"image":{"@id":"https:\/\/staging.forenteforlag.no\/spartacus\/produkt\/gazpacho-i-cordoba-og-andre-oppskrifter-pa-det-gode-liv\/#primaryimage"},"thumbnailUrl":"https:\/\/staging.forenteforlag.no\/spartacus\/wp-content\/uploads\/sites\/6\/2026\/02\/9788243002050.jpg","datePublished":"2024-12-10T22:57:53+00:00","dateModified":"2026-03-04T13:26:12+00:00","breadcrumb":{"@id":"https:\/\/staging.forenteforlag.no\/spartacus\/produkt\/gazpacho-i-cordoba-og-andre-oppskrifter-pa-det-gode-liv\/#breadcrumb"},"inLanguage":"nb-NO","potentialAction":[{"@type":"ReadAction","target":["https:\/\/staging.forenteforlag.no\/spartacus\/produkt\/gazpacho-i-cordoba-og-andre-oppskrifter-pa-det-gode-liv\/"]}]},{"@type":"ImageObject","inLanguage":"nb-NO","@id":"https:\/\/staging.forenteforlag.no\/spartacus\/produkt\/gazpacho-i-cordoba-og-andre-oppskrifter-pa-det-gode-liv\/#primaryimage","url":"https:\/\/staging.forenteforlag.no\/spartacus\/wp-content\/uploads\/sites\/6\/2026\/02\/9788243002050.jpg","contentUrl":"https:\/\/staging.forenteforlag.no\/spartacus\/wp-content\/uploads\/sites\/6\/2026\/02\/9788243002050.jpg","width":720,"height":743},{"@type":"BreadcrumbList","@id":"https:\/\/staging.forenteforlag.no\/spartacus\/produkt\/gazpacho-i-cordoba-og-andre-oppskrifter-pa-det-gode-liv\/#breadcrumb","itemListElement":[{"@type":"ListItem","position":1,"name":"Hjem","item":"https:\/\/staging.forenteforlag.no\/spartacus\/"},{"@type":"ListItem","position":2,"name":"Alle b\u00f8ker","item":"https:\/\/staging.forenteforlag.no\/spartacus\/butikk\/"},{"@type":"ListItem","position":3,"name":"Gazpacho i Cordoba og andre oppskrifter p\u00e5 det gode liv"}]},{"@type":"WebSite","@id":"https:\/\/staging.forenteforlag.no\/spartacus\/#website","url":"https:\/\/staging.forenteforlag.no\/spartacus\/","name":"Spartacus forlag","description":"","publisher":{"@id":"https:\/\/staging.forenteforlag.no\/spartacus\/#organization"},"potentialAction":[{"@type":"SearchAction","target":{"@type":"EntryPoint","urlTemplate":"https:\/\/staging.forenteforlag.no\/spartacus\/?s={search_term_string}"},"query-input":{"@type":"PropertyValueSpecification","valueRequired":true,"valueName":"search_term_string"}}],"inLanguage":"nb-NO"},{"@type":"Organization","@id":"https:\/\/staging.forenteforlag.no\/spartacus\/#organization","name":"Spartacus forlag","url":"https:\/\/staging.forenteforlag.no\/spartacus\/","logo":{"@type":"ImageObject","inLanguage":"nb-NO","@id":"https:\/\/staging.forenteforlag.no\/spartacus\/#\/schema\/logo\/image\/","url":"https:\/\/staging.forenteforlag.no\/spartacus\/wp-content\/uploads\/sites\/6\/2024\/09\/Spartacus_logo.svg","contentUrl":"https:\/\/staging.forenteforlag.no\/spartacus\/wp-content\/uploads\/sites\/6\/2024\/09\/Spartacus_logo.svg","width":100,"height":100,"caption":"Spartacus forlag"},"image":{"@id":"https:\/\/staging.forenteforlag.no\/spartacus\/#\/schema\/logo\/image\/"},"sameAs":["https:\/\/www.facebook.com\/SpartacusForlag"]}]}},"_links":{"self":[{"href":"https:\/\/staging.forenteforlag.no\/spartacus\/wp-json\/wp\/v2\/product\/22107","targetHints":{"allow":["GET"]}}],"collection":[{"href":"https:\/\/staging.forenteforlag.no\/spartacus\/wp-json\/wp\/v2\/product"}],"about":[{"href":"https:\/\/staging.forenteforlag.no\/spartacus\/wp-json\/wp\/v2\/types\/product"}],"wp:featuredmedia":[{"embeddable":true,"href":"https:\/\/staging.forenteforlag.no\/spartacus\/wp-json\/wp\/v2\/media\/25985"}],"wp:attachment":[{"href":"https:\/\/staging.forenteforlag.no\/spartacus\/wp-json\/wp\/v2\/media?parent=22107"}],"wp:term":[{"taxonomy":"product_brand","embeddable":true,"href":"https:\/\/staging.forenteforlag.no\/spartacus\/wp-json\/wp\/v2\/product_brand?post=22107"},{"taxonomy":"product_cat","embeddable":true,"href":"https:\/\/staging.forenteforlag.no\/spartacus\/wp-json\/wp\/v2\/product_cat?post=22107"},{"taxonomy":"product_tag","embeddable":true,"href":"https:\/\/staging.forenteforlag.no\/spartacus\/wp-json\/wp\/v2\/product_tag?post=22107"}],"curies":[{"name":"wp","href":"https:\/\/api.w.org\/{rel}","templated":true}]}}