{"id":21730,"date":"2024-12-10T21:41:20","date_gmt":"2024-12-10T20:41:20","guid":{"rendered":"https:\/\/spartacus.forenteforlag.no\/produkt\/karakteranalytisk-vegetoterapi\/"},"modified":"2026-03-04T14:06:50","modified_gmt":"2026-03-04T13:06:50","slug":"karakteranalytisk-vegetoterapi","status":"publish","type":"product","link":"https:\/\/staging.forenteforlag.no\/spartacus\/produkt\/karakteranalytisk-vegetoterapi\/","title":{"rendered":"Karakteranalytisk vegetoterapi"},"content":{"rendered":"<p>I denne boka viser forfatterne, flere tidligere elever av forfatteren, hvordan den karakteranalytiske vegetoterapien beriker b\u00e5de tradisjonelt psykologisk og psykoterapeutisk arbeide og danner grunnlag for selvstendige metoder. Boka er f\u00f8rst og fremst en oppdatering av forfatterens terapeutiske teorier og metoder, men diskuterer ogs\u00e5 den viteskapsteoretiske orienteringen som den karakteranalytiske vegetoterapien har sitt utgangspunkt i, fra dialektisk materialisme til en helhetlig forst\u00e5else av  kosmisk livsenergi.<\/p>\n","protected":false},"excerpt":{"rendered":"<p>I denne boka viser forfatterne, flere tidligere elever av forfatteren, hvordan den karakteranalytiske vegetoterapien beriker b\u00e5de tradisjonelt psykologisk og psykoterapeutisk arbeide og danner grunnlag for selvstendige metoder. Boka er f\u00f8rst og fremst en oppdatering av forfatterens terapeutiske teorier og metoder, men diskuterer ogs\u00e5 den viteskapsteoretiske orienteringen som den karakteranalytiske vegetoterapien har sitt utgangspunkt i, fra [&hellip;]<\/p>\n","protected":false},"featured_media":0,"template":"","meta":{"_acf_changed":false,"inline_featured_image":false},"product_brand":[],"product_cat":[1786],"product_tag":[362,468,1068],"class_list":{"0":"post-21730","1":"product","2":"type-product","3":"status-publish","5":"product_cat-rabattkodekampanje","6":"product_tag-faglitteratur","7":"product_tag-psykoanalyse","8":"product_tag-psykoterapi","10":"first","11":"outofstock","12":"taxable","13":"shipping-taxable","14":"purchasable","15":"product-type-simple"},"acf":{"anmeldelse":null},"yoast_head":"<!-- This site is optimized with the Yoast SEO plugin v26.6 - https:\/\/yoast.com\/wordpress\/plugins\/seo\/ -->\n<title>Karakteranalytisk vegetoterapi - Spartacus<\/title>\n<meta name=\"robots\" content=\"noindex, follow, max-snippet:-1, max-image-preview:large, max-video-preview:-1\" \/>\n<meta property=\"og:locale\" content=\"nb_NO\" \/>\n<meta property=\"og:type\" content=\"article\" \/>\n<meta property=\"og:title\" content=\"Karakteranalytisk vegetoterapi - Spartacus\" \/>\n<meta property=\"og:description\" content=\"I denne boka viser forfatterne, flere tidligere elever av forfatteren, hvordan den karakteranalytiske vegetoterapien beriker b\u00e5de tradisjonelt psykologisk og psykoterapeutisk arbeide og danner grunnlag for selvstendige metoder. Boka er f\u00f8rst og fremst en oppdatering av forfatterens terapeutiske teorier og metoder, men diskuterer ogs\u00e5 den viteskapsteoretiske orienteringen som den karakteranalytiske vegetoterapien har sitt utgangspunkt i, fra [&hellip;]\" \/>\n<meta property=\"og:url\" content=\"https:\/\/staging.forenteforlag.no\/spartacus\/produkt\/karakteranalytisk-vegetoterapi\/\" \/>\n<meta property=\"og:site_name\" content=\"Spartacus\" \/>\n<meta property=\"article:publisher\" content=\"https:\/\/www.facebook.com\/SpartacusForlag\" \/>\n<meta property=\"article:modified_time\" content=\"2026-03-04T13:06:50+00:00\" \/>\n<meta property=\"og:image\" content=\"https:\/\/staging.forenteforlag.no\/spartacus\/wp-content\/uploads\/sites\/6\/2025\/02\/spartacus-hvit.jpg\" \/>\n\t<meta property=\"og:image:width\" content=\"1200\" \/>\n\t<meta property=\"og:image:height\" content=\"800\" \/>\n\t<meta property=\"og:image:type\" content=\"image\/jpeg\" \/>\n<meta name=\"twitter:card\" content=\"summary_large_image\" \/>\n<script type=\"application\/ld+json\" class=\"yoast-schema-graph\">{\"@context\":\"https:\/\/schema.org\",\"@graph\":[{\"@type\":\"WebPage\",\"@id\":\"https:\/\/staging.forenteforlag.no\/spartacus\/produkt\/karakteranalytisk-vegetoterapi\/\",\"url\":\"https:\/\/staging.forenteforlag.no\/spartacus\/produkt\/karakteranalytisk-vegetoterapi\/\",\"name\":\"Karakteranalytisk vegetoterapi - Spartacus\",\"isPartOf\":{\"@id\":\"https:\/\/staging.forenteforlag.no\/spartacus\/#website\"},\"datePublished\":\"2024-12-10T20:41:20+00:00\",\"dateModified\":\"2026-03-04T13:06:50+00:00\",\"breadcrumb\":{\"@id\":\"https:\/\/staging.forenteforlag.no\/spartacus\/produkt\/karakteranalytisk-vegetoterapi\/#breadcrumb\"},\"inLanguage\":\"nb-NO\",\"potentialAction\":[{\"@type\":\"ReadAction\",\"target\":[\"https:\/\/staging.forenteforlag.no\/spartacus\/produkt\/karakteranalytisk-vegetoterapi\/\"]}]},{\"@type\":\"BreadcrumbList\",\"@id\":\"https:\/\/staging.forenteforlag.no\/spartacus\/produkt\/karakteranalytisk-vegetoterapi\/#breadcrumb\",\"itemListElement\":[{\"@type\":\"ListItem\",\"position\":1,\"name\":\"Hjem\",\"item\":\"https:\/\/staging.forenteforlag.no\/spartacus\/\"},{\"@type\":\"ListItem\",\"position\":2,\"name\":\"Alle b\u00f8ker\",\"item\":\"https:\/\/staging.forenteforlag.no\/spartacus\/butikk\/\"},{\"@type\":\"ListItem\",\"position\":3,\"name\":\"Karakteranalytisk vegetoterapi\"}]},{\"@type\":\"WebSite\",\"@id\":\"https:\/\/staging.forenteforlag.no\/spartacus\/#website\",\"url\":\"https:\/\/staging.forenteforlag.no\/spartacus\/\",\"name\":\"Spartacus forlag\",\"description\":\"\",\"publisher\":{\"@id\":\"https:\/\/staging.forenteforlag.no\/spartacus\/#organization\"},\"potentialAction\":[{\"@type\":\"SearchAction\",\"target\":{\"@type\":\"EntryPoint\",\"urlTemplate\":\"https:\/\/staging.forenteforlag.no\/spartacus\/?s={search_term_string}\"},\"query-input\":{\"@type\":\"PropertyValueSpecification\",\"valueRequired\":true,\"valueName\":\"search_term_string\"}}],\"inLanguage\":\"nb-NO\"},{\"@type\":\"Organization\",\"@id\":\"https:\/\/staging.forenteforlag.no\/spartacus\/#organization\",\"name\":\"Spartacus forlag\",\"url\":\"https:\/\/staging.forenteforlag.no\/spartacus\/\",\"logo\":{\"@type\":\"ImageObject\",\"inLanguage\":\"nb-NO\",\"@id\":\"https:\/\/staging.forenteforlag.no\/spartacus\/#\/schema\/logo\/image\/\",\"url\":\"https:\/\/staging.forenteforlag.no\/spartacus\/wp-content\/uploads\/sites\/6\/2024\/09\/Spartacus_logo.svg\",\"contentUrl\":\"https:\/\/staging.forenteforlag.no\/spartacus\/wp-content\/uploads\/sites\/6\/2024\/09\/Spartacus_logo.svg\",\"width\":100,\"height\":100,\"caption\":\"Spartacus forlag\"},\"image\":{\"@id\":\"https:\/\/staging.forenteforlag.no\/spartacus\/#\/schema\/logo\/image\/\"},\"sameAs\":[\"https:\/\/www.facebook.com\/SpartacusForlag\"]}]}<\/script>\n<!-- \/ Yoast SEO plugin. -->","yoast_head_json":{"title":"Karakteranalytisk vegetoterapi - Spartacus","robots":{"index":"noindex","follow":"follow","max-snippet":"max-snippet:-1","max-image-preview":"max-image-preview:large","max-video-preview":"max-video-preview:-1"},"og_locale":"nb_NO","og_type":"article","og_title":"Karakteranalytisk vegetoterapi - Spartacus","og_description":"I denne boka viser forfatterne, flere tidligere elever av forfatteren, hvordan den karakteranalytiske vegetoterapien beriker b\u00e5de tradisjonelt psykologisk og psykoterapeutisk arbeide og danner grunnlag for selvstendige metoder. Boka er f\u00f8rst og fremst en oppdatering av forfatterens terapeutiske teorier og metoder, men diskuterer ogs\u00e5 den viteskapsteoretiske orienteringen som den karakteranalytiske vegetoterapien har sitt utgangspunkt i, fra [&hellip;]","og_url":"https:\/\/staging.forenteforlag.no\/spartacus\/produkt\/karakteranalytisk-vegetoterapi\/","og_site_name":"Spartacus","article_publisher":"https:\/\/www.facebook.com\/SpartacusForlag","article_modified_time":"2026-03-04T13:06:50+00:00","og_image":[{"width":1200,"height":800,"url":"https:\/\/staging.forenteforlag.no\/spartacus\/wp-content\/uploads\/sites\/6\/2025\/02\/spartacus-hvit.jpg","type":"image\/jpeg"}],"twitter_card":"summary_large_image","schema":{"@context":"https:\/\/schema.org","@graph":[{"@type":"WebPage","@id":"https:\/\/staging.forenteforlag.no\/spartacus\/produkt\/karakteranalytisk-vegetoterapi\/","url":"https:\/\/staging.forenteforlag.no\/spartacus\/produkt\/karakteranalytisk-vegetoterapi\/","name":"Karakteranalytisk vegetoterapi - Spartacus","isPartOf":{"@id":"https:\/\/staging.forenteforlag.no\/spartacus\/#website"},"datePublished":"2024-12-10T20:41:20+00:00","dateModified":"2026-03-04T13:06:50+00:00","breadcrumb":{"@id":"https:\/\/staging.forenteforlag.no\/spartacus\/produkt\/karakteranalytisk-vegetoterapi\/#breadcrumb"},"inLanguage":"nb-NO","potentialAction":[{"@type":"ReadAction","target":["https:\/\/staging.forenteforlag.no\/spartacus\/produkt\/karakteranalytisk-vegetoterapi\/"]}]},{"@type":"BreadcrumbList","@id":"https:\/\/staging.forenteforlag.no\/spartacus\/produkt\/karakteranalytisk-vegetoterapi\/#breadcrumb","itemListElement":[{"@type":"ListItem","position":1,"name":"Hjem","item":"https:\/\/staging.forenteforlag.no\/spartacus\/"},{"@type":"ListItem","position":2,"name":"Alle b\u00f8ker","item":"https:\/\/staging.forenteforlag.no\/spartacus\/butikk\/"},{"@type":"ListItem","position":3,"name":"Karakteranalytisk vegetoterapi"}]},{"@type":"WebSite","@id":"https:\/\/staging.forenteforlag.no\/spartacus\/#website","url":"https:\/\/staging.forenteforlag.no\/spartacus\/","name":"Spartacus forlag","description":"","publisher":{"@id":"https:\/\/staging.forenteforlag.no\/spartacus\/#organization"},"potentialAction":[{"@type":"SearchAction","target":{"@type":"EntryPoint","urlTemplate":"https:\/\/staging.forenteforlag.no\/spartacus\/?s={search_term_string}"},"query-input":{"@type":"PropertyValueSpecification","valueRequired":true,"valueName":"search_term_string"}}],"inLanguage":"nb-NO"},{"@type":"Organization","@id":"https:\/\/staging.forenteforlag.no\/spartacus\/#organization","name":"Spartacus forlag","url":"https:\/\/staging.forenteforlag.no\/spartacus\/","logo":{"@type":"ImageObject","inLanguage":"nb-NO","@id":"https:\/\/staging.forenteforlag.no\/spartacus\/#\/schema\/logo\/image\/","url":"https:\/\/staging.forenteforlag.no\/spartacus\/wp-content\/uploads\/sites\/6\/2024\/09\/Spartacus_logo.svg","contentUrl":"https:\/\/staging.forenteforlag.no\/spartacus\/wp-content\/uploads\/sites\/6\/2024\/09\/Spartacus_logo.svg","width":100,"height":100,"caption":"Spartacus forlag"},"image":{"@id":"https:\/\/staging.forenteforlag.no\/spartacus\/#\/schema\/logo\/image\/"},"sameAs":["https:\/\/www.facebook.com\/SpartacusForlag"]}]}},"_links":{"self":[{"href":"https:\/\/staging.forenteforlag.no\/spartacus\/wp-json\/wp\/v2\/product\/21730","targetHints":{"allow":["GET"]}}],"collection":[{"href":"https:\/\/staging.forenteforlag.no\/spartacus\/wp-json\/wp\/v2\/product"}],"about":[{"href":"https:\/\/staging.forenteforlag.no\/spartacus\/wp-json\/wp\/v2\/types\/product"}],"wp:attachment":[{"href":"https:\/\/staging.forenteforlag.no\/spartacus\/wp-json\/wp\/v2\/media?parent=21730"}],"wp:term":[{"taxonomy":"product_brand","embeddable":true,"href":"https:\/\/staging.forenteforlag.no\/spartacus\/wp-json\/wp\/v2\/product_brand?post=21730"},{"taxonomy":"product_cat","embeddable":true,"href":"https:\/\/staging.forenteforlag.no\/spartacus\/wp-json\/wp\/v2\/product_cat?post=21730"},{"taxonomy":"product_tag","embeddable":true,"href":"https:\/\/staging.forenteforlag.no\/spartacus\/wp-json\/wp\/v2\/product_tag?post=21730"}],"curies":[{"name":"wp","href":"https:\/\/api.w.org\/{rel}","templated":true}]}}