{"id":21725,"date":"2024-12-10T21:41:13","date_gmt":"2024-12-10T20:41:13","guid":{"rendered":"https:\/\/spartacus.forenteforlag.no\/produkt\/psykosomatikk-hos-barn-og-ungdom\/"},"modified":"2026-03-04T14:06:19","modified_gmt":"2026-03-04T13:06:19","slug":"psykosomatikk-hos-barn-og-ungdom","status":"publish","type":"product","link":"https:\/\/staging.forenteforlag.no\/spartacus\/produkt\/psykosomatikk-hos-barn-og-ungdom\/","title":{"rendered":"Psykosomatikk hos barn og ungdom"},"content":{"rendered":"<p>Hovedideen med boka er \u00e5 gi en innf\u00f8ring i holistisk psykosomatisk tenkem\u00e5te. Dette er viktig fordi slike tiln\u00e6rmingsm\u00e5ter blir mer og mer brukt i tr\u00e5d med et utvidet sykdomsbegrep hvor samspillet mellom kropp og sjel, v\u00e5r psykiske og fysiske helse, understrekes. Boka illustrerer og forklarer kliniske tilfeller av bl.a. astma, sengev\u00e6ting, spiseforstyrrelser og kreft hos barn og ungdom. Selv om typiske lesere vil v\u00e6re fagfolk\/stud. i psykol, medisin, pedagogikk, kan boka v\u00e6re nyttig for alle som \u00f8nsker en bedre forst\u00e5else av de psykiske \u00e5rsakene bak kroppslige lidelser hos barn.<\/p>\n","protected":false},"excerpt":{"rendered":"<p>Hovedideen med boka er \u00e5 gi en innf\u00f8ring i holistisk psykosomatisk tenkem\u00e5te. Dette er viktig fordi slike tiln\u00e6rmingsm\u00e5ter blir mer og mer brukt i tr\u00e5d med et utvidet sykdomsbegrep hvor samspillet mellom kropp og sjel, v\u00e5r psykiske og fysiske helse, understrekes. Boka illustrerer og forklarer kliniske tilfeller av bl.a. astma, sengev\u00e6ting, spiseforstyrrelser og kreft hos [&hellip;]<\/p>\n","protected":false},"featured_media":0,"template":"","meta":{"_acf_changed":false,"inline_featured_image":false},"product_brand":[],"product_cat":[1786],"product_tag":[739,1445,362,1070],"class_list":{"0":"post-21725","1":"product","2":"type-product","3":"status-publish","5":"product_cat-rabattkodekampanje","6":"product_tag-barndom","7":"product_tag-barne-og-ungdomslitteratur","8":"product_tag-faglitteratur","9":"product_tag-psykosomatiske-lidelser","11":"first","12":"outofstock","13":"taxable","14":"shipping-taxable","15":"purchasable","16":"product-type-simple"},"acf":{"anmeldelse":null},"yoast_head":"<!-- This site is optimized with the Yoast SEO plugin v26.6 - https:\/\/yoast.com\/wordpress\/plugins\/seo\/ -->\n<title>Psykosomatikk hos barn og ungdom - Spartacus<\/title>\n<meta name=\"robots\" content=\"noindex, follow, max-snippet:-1, max-image-preview:large, max-video-preview:-1\" \/>\n<meta property=\"og:locale\" content=\"nb_NO\" \/>\n<meta property=\"og:type\" content=\"article\" \/>\n<meta property=\"og:title\" content=\"Psykosomatikk hos barn og ungdom - Spartacus\" \/>\n<meta property=\"og:description\" content=\"Hovedideen med boka er \u00e5 gi en innf\u00f8ring i holistisk psykosomatisk tenkem\u00e5te. Dette er viktig fordi slike tiln\u00e6rmingsm\u00e5ter blir mer og mer brukt i tr\u00e5d med et utvidet sykdomsbegrep hvor samspillet mellom kropp og sjel, v\u00e5r psykiske og fysiske helse, understrekes. Boka illustrerer og forklarer kliniske tilfeller av bl.a. astma, sengev\u00e6ting, spiseforstyrrelser og kreft hos [&hellip;]\" \/>\n<meta property=\"og:url\" content=\"https:\/\/staging.forenteforlag.no\/spartacus\/produkt\/psykosomatikk-hos-barn-og-ungdom\/\" \/>\n<meta property=\"og:site_name\" content=\"Spartacus\" \/>\n<meta property=\"article:publisher\" content=\"https:\/\/www.facebook.com\/SpartacusForlag\" \/>\n<meta property=\"article:modified_time\" content=\"2026-03-04T13:06:19+00:00\" \/>\n<meta property=\"og:image\" content=\"https:\/\/staging.forenteforlag.no\/spartacus\/wp-content\/uploads\/sites\/6\/2025\/02\/spartacus-hvit.jpg\" \/>\n\t<meta property=\"og:image:width\" content=\"1200\" \/>\n\t<meta property=\"og:image:height\" content=\"800\" \/>\n\t<meta property=\"og:image:type\" content=\"image\/jpeg\" \/>\n<meta name=\"twitter:card\" content=\"summary_large_image\" \/>\n<meta name=\"twitter:label1\" content=\"Ansl. lesetid\" \/>\n\t<meta name=\"twitter:data1\" content=\"1 minutt\" \/>\n<script type=\"application\/ld+json\" class=\"yoast-schema-graph\">{\"@context\":\"https:\/\/schema.org\",\"@graph\":[{\"@type\":\"WebPage\",\"@id\":\"https:\/\/staging.forenteforlag.no\/spartacus\/produkt\/psykosomatikk-hos-barn-og-ungdom\/\",\"url\":\"https:\/\/staging.forenteforlag.no\/spartacus\/produkt\/psykosomatikk-hos-barn-og-ungdom\/\",\"name\":\"Psykosomatikk hos barn og ungdom - Spartacus\",\"isPartOf\":{\"@id\":\"https:\/\/staging.forenteforlag.no\/spartacus\/#website\"},\"datePublished\":\"2024-12-10T20:41:13+00:00\",\"dateModified\":\"2026-03-04T13:06:19+00:00\",\"breadcrumb\":{\"@id\":\"https:\/\/staging.forenteforlag.no\/spartacus\/produkt\/psykosomatikk-hos-barn-og-ungdom\/#breadcrumb\"},\"inLanguage\":\"nb-NO\",\"potentialAction\":[{\"@type\":\"ReadAction\",\"target\":[\"https:\/\/staging.forenteforlag.no\/spartacus\/produkt\/psykosomatikk-hos-barn-og-ungdom\/\"]}]},{\"@type\":\"BreadcrumbList\",\"@id\":\"https:\/\/staging.forenteforlag.no\/spartacus\/produkt\/psykosomatikk-hos-barn-og-ungdom\/#breadcrumb\",\"itemListElement\":[{\"@type\":\"ListItem\",\"position\":1,\"name\":\"Hjem\",\"item\":\"https:\/\/staging.forenteforlag.no\/spartacus\/\"},{\"@type\":\"ListItem\",\"position\":2,\"name\":\"Alle b\u00f8ker\",\"item\":\"https:\/\/staging.forenteforlag.no\/spartacus\/butikk\/\"},{\"@type\":\"ListItem\",\"position\":3,\"name\":\"Psykosomatikk hos barn og ungdom\"}]},{\"@type\":\"WebSite\",\"@id\":\"https:\/\/staging.forenteforlag.no\/spartacus\/#website\",\"url\":\"https:\/\/staging.forenteforlag.no\/spartacus\/\",\"name\":\"Spartacus forlag\",\"description\":\"\",\"publisher\":{\"@id\":\"https:\/\/staging.forenteforlag.no\/spartacus\/#organization\"},\"potentialAction\":[{\"@type\":\"SearchAction\",\"target\":{\"@type\":\"EntryPoint\",\"urlTemplate\":\"https:\/\/staging.forenteforlag.no\/spartacus\/?s={search_term_string}\"},\"query-input\":{\"@type\":\"PropertyValueSpecification\",\"valueRequired\":true,\"valueName\":\"search_term_string\"}}],\"inLanguage\":\"nb-NO\"},{\"@type\":\"Organization\",\"@id\":\"https:\/\/staging.forenteforlag.no\/spartacus\/#organization\",\"name\":\"Spartacus forlag\",\"url\":\"https:\/\/staging.forenteforlag.no\/spartacus\/\",\"logo\":{\"@type\":\"ImageObject\",\"inLanguage\":\"nb-NO\",\"@id\":\"https:\/\/staging.forenteforlag.no\/spartacus\/#\/schema\/logo\/image\/\",\"url\":\"https:\/\/staging.forenteforlag.no\/spartacus\/wp-content\/uploads\/sites\/6\/2024\/09\/Spartacus_logo.svg\",\"contentUrl\":\"https:\/\/staging.forenteforlag.no\/spartacus\/wp-content\/uploads\/sites\/6\/2024\/09\/Spartacus_logo.svg\",\"width\":100,\"height\":100,\"caption\":\"Spartacus forlag\"},\"image\":{\"@id\":\"https:\/\/staging.forenteforlag.no\/spartacus\/#\/schema\/logo\/image\/\"},\"sameAs\":[\"https:\/\/www.facebook.com\/SpartacusForlag\"]}]}<\/script>\n<!-- \/ Yoast SEO plugin. -->","yoast_head_json":{"title":"Psykosomatikk hos barn og ungdom - Spartacus","robots":{"index":"noindex","follow":"follow","max-snippet":"max-snippet:-1","max-image-preview":"max-image-preview:large","max-video-preview":"max-video-preview:-1"},"og_locale":"nb_NO","og_type":"article","og_title":"Psykosomatikk hos barn og ungdom - Spartacus","og_description":"Hovedideen med boka er \u00e5 gi en innf\u00f8ring i holistisk psykosomatisk tenkem\u00e5te. Dette er viktig fordi slike tiln\u00e6rmingsm\u00e5ter blir mer og mer brukt i tr\u00e5d med et utvidet sykdomsbegrep hvor samspillet mellom kropp og sjel, v\u00e5r psykiske og fysiske helse, understrekes. Boka illustrerer og forklarer kliniske tilfeller av bl.a. astma, sengev\u00e6ting, spiseforstyrrelser og kreft hos [&hellip;]","og_url":"https:\/\/staging.forenteforlag.no\/spartacus\/produkt\/psykosomatikk-hos-barn-og-ungdom\/","og_site_name":"Spartacus","article_publisher":"https:\/\/www.facebook.com\/SpartacusForlag","article_modified_time":"2026-03-04T13:06:19+00:00","og_image":[{"width":1200,"height":800,"url":"https:\/\/staging.forenteforlag.no\/spartacus\/wp-content\/uploads\/sites\/6\/2025\/02\/spartacus-hvit.jpg","type":"image\/jpeg"}],"twitter_card":"summary_large_image","twitter_misc":{"Ansl. lesetid":"1 minutt"},"schema":{"@context":"https:\/\/schema.org","@graph":[{"@type":"WebPage","@id":"https:\/\/staging.forenteforlag.no\/spartacus\/produkt\/psykosomatikk-hos-barn-og-ungdom\/","url":"https:\/\/staging.forenteforlag.no\/spartacus\/produkt\/psykosomatikk-hos-barn-og-ungdom\/","name":"Psykosomatikk hos barn og ungdom - Spartacus","isPartOf":{"@id":"https:\/\/staging.forenteforlag.no\/spartacus\/#website"},"datePublished":"2024-12-10T20:41:13+00:00","dateModified":"2026-03-04T13:06:19+00:00","breadcrumb":{"@id":"https:\/\/staging.forenteforlag.no\/spartacus\/produkt\/psykosomatikk-hos-barn-og-ungdom\/#breadcrumb"},"inLanguage":"nb-NO","potentialAction":[{"@type":"ReadAction","target":["https:\/\/staging.forenteforlag.no\/spartacus\/produkt\/psykosomatikk-hos-barn-og-ungdom\/"]}]},{"@type":"BreadcrumbList","@id":"https:\/\/staging.forenteforlag.no\/spartacus\/produkt\/psykosomatikk-hos-barn-og-ungdom\/#breadcrumb","itemListElement":[{"@type":"ListItem","position":1,"name":"Hjem","item":"https:\/\/staging.forenteforlag.no\/spartacus\/"},{"@type":"ListItem","position":2,"name":"Alle b\u00f8ker","item":"https:\/\/staging.forenteforlag.no\/spartacus\/butikk\/"},{"@type":"ListItem","position":3,"name":"Psykosomatikk hos barn og ungdom"}]},{"@type":"WebSite","@id":"https:\/\/staging.forenteforlag.no\/spartacus\/#website","url":"https:\/\/staging.forenteforlag.no\/spartacus\/","name":"Spartacus forlag","description":"","publisher":{"@id":"https:\/\/staging.forenteforlag.no\/spartacus\/#organization"},"potentialAction":[{"@type":"SearchAction","target":{"@type":"EntryPoint","urlTemplate":"https:\/\/staging.forenteforlag.no\/spartacus\/?s={search_term_string}"},"query-input":{"@type":"PropertyValueSpecification","valueRequired":true,"valueName":"search_term_string"}}],"inLanguage":"nb-NO"},{"@type":"Organization","@id":"https:\/\/staging.forenteforlag.no\/spartacus\/#organization","name":"Spartacus forlag","url":"https:\/\/staging.forenteforlag.no\/spartacus\/","logo":{"@type":"ImageObject","inLanguage":"nb-NO","@id":"https:\/\/staging.forenteforlag.no\/spartacus\/#\/schema\/logo\/image\/","url":"https:\/\/staging.forenteforlag.no\/spartacus\/wp-content\/uploads\/sites\/6\/2024\/09\/Spartacus_logo.svg","contentUrl":"https:\/\/staging.forenteforlag.no\/spartacus\/wp-content\/uploads\/sites\/6\/2024\/09\/Spartacus_logo.svg","width":100,"height":100,"caption":"Spartacus forlag"},"image":{"@id":"https:\/\/staging.forenteforlag.no\/spartacus\/#\/schema\/logo\/image\/"},"sameAs":["https:\/\/www.facebook.com\/SpartacusForlag"]}]}},"_links":{"self":[{"href":"https:\/\/staging.forenteforlag.no\/spartacus\/wp-json\/wp\/v2\/product\/21725","targetHints":{"allow":["GET"]}}],"collection":[{"href":"https:\/\/staging.forenteforlag.no\/spartacus\/wp-json\/wp\/v2\/product"}],"about":[{"href":"https:\/\/staging.forenteforlag.no\/spartacus\/wp-json\/wp\/v2\/types\/product"}],"wp:attachment":[{"href":"https:\/\/staging.forenteforlag.no\/spartacus\/wp-json\/wp\/v2\/media?parent=21725"}],"wp:term":[{"taxonomy":"product_brand","embeddable":true,"href":"https:\/\/staging.forenteforlag.no\/spartacus\/wp-json\/wp\/v2\/product_brand?post=21725"},{"taxonomy":"product_cat","embeddable":true,"href":"https:\/\/staging.forenteforlag.no\/spartacus\/wp-json\/wp\/v2\/product_cat?post=21725"},{"taxonomy":"product_tag","embeddable":true,"href":"https:\/\/staging.forenteforlag.no\/spartacus\/wp-json\/wp\/v2\/product_tag?post=21725"}],"curies":[{"name":"wp","href":"https:\/\/api.w.org\/{rel}","templated":true}]}}