{"id":21628,"date":"2024-12-10T21:38:02","date_gmt":"2024-12-10T20:38:02","guid":{"rendered":"https:\/\/spartacus.forenteforlag.no\/produkt\/fragmenter-av-kjaerlighetens-sprak\/"},"modified":"2026-03-04T14:23:51","modified_gmt":"2026-03-04T13:23:51","slug":"fragmenter-av-kjaerlighetens-sprak","status":"publish","type":"product","link":"https:\/\/staging.forenteforlag.no\/spartacus\/produkt\/fragmenter-av-kjaerlighetens-sprak\/","title":{"rendered":"Fragmenter av kj\u00e6rlighetens spr\u00e5k"},"content":{"rendered":"<p>Affirmasjon Alene Angst Annullering Askese Atopos  Avgrense Avgrunnen Avhengighet Bilde Brev Dedikasjon Deklarasjon Demoner Drama Ergrelse Fading Feil Fest Flakking Forandring Forening Forlegenhet Forst\u00e5 Forvisning Frav\u00e6r Gal Gjenlyd Gradiva Gr\u00e5te Henrykkelse Hjerte Hudl\u00f8s Hvorfor Identifisering Ikke . reell Indirekte Informator Innordne Jeg . elsker . deg Katastrofe Kontakt Kropp Lengsel Magi Maskepi Medlidenhet Minne M\u00f8te Obsk\u00f8n Omfavnelse Oppf\u00f8re seg Overveldelse P\u00e5kledning Sannhet Savnet Scene S\u00e5dan Tegn Tilfeldigheter Ting Tvangstale Uhyre Ukjent Utveier Uutholdelig Venting Vidunderlig Ville . ha V\u00e5kne opp \u00d8dselhet \u00d8mhet<\/p>\n","protected":false},"excerpt":{"rendered":"<p>Affirmasjon Alene Angst Annullering Askese Atopos Avgrense Avgrunnen Avhengighet Bilde Brev Dedikasjon Deklarasjon Demoner Drama Ergrelse Fading Feil Fest Flakking Forandring Forening Forlegenhet Forst\u00e5 Forvisning Frav\u00e6r Gal Gjenlyd Gradiva Gr\u00e5te Henrykkelse Hjerte Hudl\u00f8s Hvorfor Identifisering Ikke . reell Indirekte Informator Innordne Jeg . elsker . deg Katastrofe Kontakt Kropp Lengsel Magi Maskepi Medlidenhet Minne M\u00f8te [&hellip;]<\/p>\n","protected":false},"featured_media":25961,"template":"","meta":{"_acf_changed":false,"inline_featured_image":false},"product_brand":[],"product_cat":[1786],"product_tag":[362,510,1046,974],"class_list":{"0":"post-21628","1":"product","2":"type-product","3":"status-publish","4":"has-post-thumbnail","6":"product_cat-rabattkodekampanje","7":"product_tag-faglitteratur","8":"product_tag-kjaerlighet","9":"product_tag-lingvistisk-filosofi","10":"product_tag-litteraturteori","12":"first","13":"outofstock","14":"taxable","15":"shipping-taxable","16":"purchasable","17":"product-type-simple"},"acf":{"anmeldelse":null},"yoast_head":"<!-- This site is optimized with the Yoast SEO plugin v26.6 - https:\/\/yoast.com\/wordpress\/plugins\/seo\/ -->\n<title>Fragmenter av kj\u00e6rlighetens spr\u00e5k - Spartacus<\/title>\n<meta name=\"robots\" content=\"noindex, follow, max-snippet:-1, max-image-preview:large, max-video-preview:-1\" \/>\n<meta property=\"og:locale\" content=\"nb_NO\" \/>\n<meta property=\"og:type\" content=\"article\" \/>\n<meta property=\"og:title\" content=\"Fragmenter av kj\u00e6rlighetens spr\u00e5k - Spartacus\" \/>\n<meta property=\"og:description\" content=\"Affirmasjon Alene Angst Annullering Askese Atopos Avgrense Avgrunnen Avhengighet Bilde Brev Dedikasjon Deklarasjon Demoner Drama Ergrelse Fading Feil Fest Flakking Forandring Forening Forlegenhet Forst\u00e5 Forvisning Frav\u00e6r Gal Gjenlyd Gradiva Gr\u00e5te Henrykkelse Hjerte Hudl\u00f8s Hvorfor Identifisering Ikke . reell Indirekte Informator Innordne Jeg . elsker . deg Katastrofe Kontakt Kropp Lengsel Magi Maskepi Medlidenhet Minne M\u00f8te [&hellip;]\" \/>\n<meta property=\"og:url\" content=\"https:\/\/staging.forenteforlag.no\/spartacus\/produkt\/fragmenter-av-kjaerlighetens-sprak\/\" \/>\n<meta property=\"og:site_name\" content=\"Spartacus\" \/>\n<meta property=\"article:publisher\" content=\"https:\/\/www.facebook.com\/SpartacusForlag\" \/>\n<meta property=\"article:modified_time\" content=\"2026-03-04T13:23:51+00:00\" \/>\n<meta property=\"og:image\" content=\"https:\/\/staging.forenteforlag.no\/spartacus\/wp-content\/uploads\/sites\/6\/2026\/02\/9788243001657.jpg\" \/>\n\t<meta property=\"og:image:width\" content=\"720\" \/>\n\t<meta property=\"og:image:height\" content=\"1119\" \/>\n\t<meta property=\"og:image:type\" content=\"image\/jpeg\" \/>\n<meta name=\"twitter:card\" content=\"summary_large_image\" \/>\n<script type=\"application\/ld+json\" class=\"yoast-schema-graph\">{\"@context\":\"https:\/\/schema.org\",\"@graph\":[{\"@type\":\"WebPage\",\"@id\":\"https:\/\/staging.forenteforlag.no\/spartacus\/produkt\/fragmenter-av-kjaerlighetens-sprak\/\",\"url\":\"https:\/\/staging.forenteforlag.no\/spartacus\/produkt\/fragmenter-av-kjaerlighetens-sprak\/\",\"name\":\"Fragmenter av kj\u00e6rlighetens spr\u00e5k - Spartacus\",\"isPartOf\":{\"@id\":\"https:\/\/staging.forenteforlag.no\/spartacus\/#website\"},\"primaryImageOfPage\":{\"@id\":\"https:\/\/staging.forenteforlag.no\/spartacus\/produkt\/fragmenter-av-kjaerlighetens-sprak\/#primaryimage\"},\"image\":{\"@id\":\"https:\/\/staging.forenteforlag.no\/spartacus\/produkt\/fragmenter-av-kjaerlighetens-sprak\/#primaryimage\"},\"thumbnailUrl\":\"https:\/\/staging.forenteforlag.no\/spartacus\/wp-content\/uploads\/sites\/6\/2026\/02\/9788243001657.jpg\",\"datePublished\":\"2024-12-10T20:38:02+00:00\",\"dateModified\":\"2026-03-04T13:23:51+00:00\",\"breadcrumb\":{\"@id\":\"https:\/\/staging.forenteforlag.no\/spartacus\/produkt\/fragmenter-av-kjaerlighetens-sprak\/#breadcrumb\"},\"inLanguage\":\"nb-NO\",\"potentialAction\":[{\"@type\":\"ReadAction\",\"target\":[\"https:\/\/staging.forenteforlag.no\/spartacus\/produkt\/fragmenter-av-kjaerlighetens-sprak\/\"]}]},{\"@type\":\"ImageObject\",\"inLanguage\":\"nb-NO\",\"@id\":\"https:\/\/staging.forenteforlag.no\/spartacus\/produkt\/fragmenter-av-kjaerlighetens-sprak\/#primaryimage\",\"url\":\"https:\/\/staging.forenteforlag.no\/spartacus\/wp-content\/uploads\/sites\/6\/2026\/02\/9788243001657.jpg\",\"contentUrl\":\"https:\/\/staging.forenteforlag.no\/spartacus\/wp-content\/uploads\/sites\/6\/2026\/02\/9788243001657.jpg\",\"width\":720,\"height\":1119},{\"@type\":\"BreadcrumbList\",\"@id\":\"https:\/\/staging.forenteforlag.no\/spartacus\/produkt\/fragmenter-av-kjaerlighetens-sprak\/#breadcrumb\",\"itemListElement\":[{\"@type\":\"ListItem\",\"position\":1,\"name\":\"Hjem\",\"item\":\"https:\/\/staging.forenteforlag.no\/spartacus\/\"},{\"@type\":\"ListItem\",\"position\":2,\"name\":\"Alle b\u00f8ker\",\"item\":\"https:\/\/staging.forenteforlag.no\/spartacus\/butikk\/\"},{\"@type\":\"ListItem\",\"position\":3,\"name\":\"Fragmenter av kj\u00e6rlighetens spr\u00e5k\"}]},{\"@type\":\"WebSite\",\"@id\":\"https:\/\/staging.forenteforlag.no\/spartacus\/#website\",\"url\":\"https:\/\/staging.forenteforlag.no\/spartacus\/\",\"name\":\"Spartacus forlag\",\"description\":\"\",\"publisher\":{\"@id\":\"https:\/\/staging.forenteforlag.no\/spartacus\/#organization\"},\"potentialAction\":[{\"@type\":\"SearchAction\",\"target\":{\"@type\":\"EntryPoint\",\"urlTemplate\":\"https:\/\/staging.forenteforlag.no\/spartacus\/?s={search_term_string}\"},\"query-input\":{\"@type\":\"PropertyValueSpecification\",\"valueRequired\":true,\"valueName\":\"search_term_string\"}}],\"inLanguage\":\"nb-NO\"},{\"@type\":\"Organization\",\"@id\":\"https:\/\/staging.forenteforlag.no\/spartacus\/#organization\",\"name\":\"Spartacus forlag\",\"url\":\"https:\/\/staging.forenteforlag.no\/spartacus\/\",\"logo\":{\"@type\":\"ImageObject\",\"inLanguage\":\"nb-NO\",\"@id\":\"https:\/\/staging.forenteforlag.no\/spartacus\/#\/schema\/logo\/image\/\",\"url\":\"https:\/\/staging.forenteforlag.no\/spartacus\/wp-content\/uploads\/sites\/6\/2024\/09\/Spartacus_logo.svg\",\"contentUrl\":\"https:\/\/staging.forenteforlag.no\/spartacus\/wp-content\/uploads\/sites\/6\/2024\/09\/Spartacus_logo.svg\",\"width\":100,\"height\":100,\"caption\":\"Spartacus forlag\"},\"image\":{\"@id\":\"https:\/\/staging.forenteforlag.no\/spartacus\/#\/schema\/logo\/image\/\"},\"sameAs\":[\"https:\/\/www.facebook.com\/SpartacusForlag\"]}]}<\/script>\n<!-- \/ Yoast SEO plugin. -->","yoast_head_json":{"title":"Fragmenter av kj\u00e6rlighetens spr\u00e5k - Spartacus","robots":{"index":"noindex","follow":"follow","max-snippet":"max-snippet:-1","max-image-preview":"max-image-preview:large","max-video-preview":"max-video-preview:-1"},"og_locale":"nb_NO","og_type":"article","og_title":"Fragmenter av kj\u00e6rlighetens spr\u00e5k - Spartacus","og_description":"Affirmasjon Alene Angst Annullering Askese Atopos Avgrense Avgrunnen Avhengighet Bilde Brev Dedikasjon Deklarasjon Demoner Drama Ergrelse Fading Feil Fest Flakking Forandring Forening Forlegenhet Forst\u00e5 Forvisning Frav\u00e6r Gal Gjenlyd Gradiva Gr\u00e5te Henrykkelse Hjerte Hudl\u00f8s Hvorfor Identifisering Ikke . reell Indirekte Informator Innordne Jeg . elsker . deg Katastrofe Kontakt Kropp Lengsel Magi Maskepi Medlidenhet Minne M\u00f8te [&hellip;]","og_url":"https:\/\/staging.forenteforlag.no\/spartacus\/produkt\/fragmenter-av-kjaerlighetens-sprak\/","og_site_name":"Spartacus","article_publisher":"https:\/\/www.facebook.com\/SpartacusForlag","article_modified_time":"2026-03-04T13:23:51+00:00","og_image":[{"width":720,"height":1119,"url":"https:\/\/staging.forenteforlag.no\/spartacus\/wp-content\/uploads\/sites\/6\/2026\/02\/9788243001657.jpg","type":"image\/jpeg"}],"twitter_card":"summary_large_image","schema":{"@context":"https:\/\/schema.org","@graph":[{"@type":"WebPage","@id":"https:\/\/staging.forenteforlag.no\/spartacus\/produkt\/fragmenter-av-kjaerlighetens-sprak\/","url":"https:\/\/staging.forenteforlag.no\/spartacus\/produkt\/fragmenter-av-kjaerlighetens-sprak\/","name":"Fragmenter av kj\u00e6rlighetens spr\u00e5k - Spartacus","isPartOf":{"@id":"https:\/\/staging.forenteforlag.no\/spartacus\/#website"},"primaryImageOfPage":{"@id":"https:\/\/staging.forenteforlag.no\/spartacus\/produkt\/fragmenter-av-kjaerlighetens-sprak\/#primaryimage"},"image":{"@id":"https:\/\/staging.forenteforlag.no\/spartacus\/produkt\/fragmenter-av-kjaerlighetens-sprak\/#primaryimage"},"thumbnailUrl":"https:\/\/staging.forenteforlag.no\/spartacus\/wp-content\/uploads\/sites\/6\/2026\/02\/9788243001657.jpg","datePublished":"2024-12-10T20:38:02+00:00","dateModified":"2026-03-04T13:23:51+00:00","breadcrumb":{"@id":"https:\/\/staging.forenteforlag.no\/spartacus\/produkt\/fragmenter-av-kjaerlighetens-sprak\/#breadcrumb"},"inLanguage":"nb-NO","potentialAction":[{"@type":"ReadAction","target":["https:\/\/staging.forenteforlag.no\/spartacus\/produkt\/fragmenter-av-kjaerlighetens-sprak\/"]}]},{"@type":"ImageObject","inLanguage":"nb-NO","@id":"https:\/\/staging.forenteforlag.no\/spartacus\/produkt\/fragmenter-av-kjaerlighetens-sprak\/#primaryimage","url":"https:\/\/staging.forenteforlag.no\/spartacus\/wp-content\/uploads\/sites\/6\/2026\/02\/9788243001657.jpg","contentUrl":"https:\/\/staging.forenteforlag.no\/spartacus\/wp-content\/uploads\/sites\/6\/2026\/02\/9788243001657.jpg","width":720,"height":1119},{"@type":"BreadcrumbList","@id":"https:\/\/staging.forenteforlag.no\/spartacus\/produkt\/fragmenter-av-kjaerlighetens-sprak\/#breadcrumb","itemListElement":[{"@type":"ListItem","position":1,"name":"Hjem","item":"https:\/\/staging.forenteforlag.no\/spartacus\/"},{"@type":"ListItem","position":2,"name":"Alle b\u00f8ker","item":"https:\/\/staging.forenteforlag.no\/spartacus\/butikk\/"},{"@type":"ListItem","position":3,"name":"Fragmenter av kj\u00e6rlighetens spr\u00e5k"}]},{"@type":"WebSite","@id":"https:\/\/staging.forenteforlag.no\/spartacus\/#website","url":"https:\/\/staging.forenteforlag.no\/spartacus\/","name":"Spartacus forlag","description":"","publisher":{"@id":"https:\/\/staging.forenteforlag.no\/spartacus\/#organization"},"potentialAction":[{"@type":"SearchAction","target":{"@type":"EntryPoint","urlTemplate":"https:\/\/staging.forenteforlag.no\/spartacus\/?s={search_term_string}"},"query-input":{"@type":"PropertyValueSpecification","valueRequired":true,"valueName":"search_term_string"}}],"inLanguage":"nb-NO"},{"@type":"Organization","@id":"https:\/\/staging.forenteforlag.no\/spartacus\/#organization","name":"Spartacus forlag","url":"https:\/\/staging.forenteforlag.no\/spartacus\/","logo":{"@type":"ImageObject","inLanguage":"nb-NO","@id":"https:\/\/staging.forenteforlag.no\/spartacus\/#\/schema\/logo\/image\/","url":"https:\/\/staging.forenteforlag.no\/spartacus\/wp-content\/uploads\/sites\/6\/2024\/09\/Spartacus_logo.svg","contentUrl":"https:\/\/staging.forenteforlag.no\/spartacus\/wp-content\/uploads\/sites\/6\/2024\/09\/Spartacus_logo.svg","width":100,"height":100,"caption":"Spartacus forlag"},"image":{"@id":"https:\/\/staging.forenteforlag.no\/spartacus\/#\/schema\/logo\/image\/"},"sameAs":["https:\/\/www.facebook.com\/SpartacusForlag"]}]}},"_links":{"self":[{"href":"https:\/\/staging.forenteforlag.no\/spartacus\/wp-json\/wp\/v2\/product\/21628","targetHints":{"allow":["GET"]}}],"collection":[{"href":"https:\/\/staging.forenteforlag.no\/spartacus\/wp-json\/wp\/v2\/product"}],"about":[{"href":"https:\/\/staging.forenteforlag.no\/spartacus\/wp-json\/wp\/v2\/types\/product"}],"wp:featuredmedia":[{"embeddable":true,"href":"https:\/\/staging.forenteforlag.no\/spartacus\/wp-json\/wp\/v2\/media\/25961"}],"wp:attachment":[{"href":"https:\/\/staging.forenteforlag.no\/spartacus\/wp-json\/wp\/v2\/media?parent=21628"}],"wp:term":[{"taxonomy":"product_brand","embeddable":true,"href":"https:\/\/staging.forenteforlag.no\/spartacus\/wp-json\/wp\/v2\/product_brand?post=21628"},{"taxonomy":"product_cat","embeddable":true,"href":"https:\/\/staging.forenteforlag.no\/spartacus\/wp-json\/wp\/v2\/product_cat?post=21628"},{"taxonomy":"product_tag","embeddable":true,"href":"https:\/\/staging.forenteforlag.no\/spartacus\/wp-json\/wp\/v2\/product_tag?post=21628"}],"curies":[{"name":"wp","href":"https:\/\/api.w.org\/{rel}","templated":true}]}}