{"id":21621,"date":"2024-12-10T21:37:39","date_gmt":"2024-12-10T20:37:39","guid":{"rendered":"https:\/\/spartacus.forenteforlag.no\/produkt\/dette-er-cuba-alt-annet-er-logn-3\/"},"modified":"2026-03-04T14:24:22","modified_gmt":"2026-03-04T13:24:22","slug":"dette-er-cuba-alt-annet-er-logn-3","status":"publish","type":"product","link":"https:\/\/staging.forenteforlag.no\/spartacus\/produkt\/dette-er-cuba-alt-annet-er-logn-3\/","title":{"rendered":"Dette er Cuba &#8211; alt annet er l\u00f8gn!"},"content":{"rendered":"<p>En het og forf\u00f8rerisk beretning om Cubas historie og kultur, om samfunnsliv og politikk p\u00e5 denne gjenstridige \u00f8ya. Boken kan leses b\u00e5de som en reiseskildring og en dokumentarbok &#8211; en historiebok og en politisk thriller. Med n\u00f8ktern dokumentasjon og frodig innlevelse n\u00e6rmer forfatterne seg den cubanske livsbejaelsen og livsl\u00f8gnen. Vi f\u00e5r p\u00e5 n\u00e6rt hold m\u00f8te Cubas conquistadorer og revolusjonens helter, Che Guevaras idealisme og Fidel Castros indignasjon, eksil-cubanerne i Miami og horene i Havanna.<br \/>\nGjennom sitt intime bekjentskap med landet har det lykkes forfatterne \u00e5 gi en overbevisende skildring av Cubas sjel.<br \/>\nDette er Cuba &#8211; alt annet er l\u00f8gn! Gir mytene om revolusjonen en vakker d\u00f8d &#8211; og sannferdige l\u00f8gner gis nytt liv. Knapt er en kultur, et folk, et land, et stykke historie presentert p\u00e5 en tilsvarende m\u00e5te for norske lesere.<br \/>\nVegard Bye (f. 1951) er statsviter og har i 25 \u00e5r arbeidet med latinamerikanske sp\u00f8rsm\u00e5l, som forsker, journalist, bistandsarbeider og forfatter. Tidligere utgitt N\u00e5r vulkanen v\u00e5kner (1982) og Forbuden fred (1992).<br \/>\nDag Hoel (f. 1962) er informasjonskonsulent og har i 13 \u00e5r arbeidet med kunnskapsformidling knyttet til Nord-S\u00f8r problematikk. Tidligere utgitt Liv laga (1991).<\/p>\n","protected":false},"excerpt":{"rendered":"<p>En het og forf\u00f8rerisk beretning om Cubas historie og kultur, om samfunnsliv og politikk p\u00e5 denne gjenstridige \u00f8ya. Boken kan leses b\u00e5de som en reiseskildring og en dokumentarbok &#8211; en historiebok og en politisk thriller. Med n\u00f8ktern dokumentasjon og frodig innlevelse n\u00e6rmer forfatterne seg den cubanske livsbejaelsen og livsl\u00f8gnen. Vi f\u00e5r p\u00e5 n\u00e6rt hold m\u00f8te [&hellip;]<\/p>\n","protected":false},"featured_media":0,"template":"","meta":{"_acf_changed":false,"inline_featured_image":false},"product_brand":[],"product_cat":[1786],"product_tag":[607,900,362,882,392],"class_list":{"0":"post-21621","1":"product","2":"type-product","3":"status-publish","5":"product_cat-rabattkodekampanje","6":"product_tag-bedriftshistorie","7":"product_tag-cuba","8":"product_tag-faglitteratur","9":"product_tag-geografi-og-reiser","10":"product_tag-samfunnsanalyse","12":"first","13":"outofstock","14":"taxable","15":"shipping-taxable","16":"purchasable","17":"product-type-simple"},"acf":{"anmeldelse":null},"yoast_head":"<!-- This site is optimized with the Yoast SEO plugin v26.6 - https:\/\/yoast.com\/wordpress\/plugins\/seo\/ -->\n<title>Dette er Cuba - alt annet er l\u00f8gn! - Spartacus<\/title>\n<meta name=\"robots\" content=\"noindex, follow, max-snippet:-1, max-image-preview:large, max-video-preview:-1\" \/>\n<meta property=\"og:locale\" content=\"nb_NO\" \/>\n<meta property=\"og:type\" content=\"article\" \/>\n<meta property=\"og:title\" content=\"Dette er Cuba - alt annet er l\u00f8gn! - Spartacus\" \/>\n<meta property=\"og:description\" content=\"En het og forf\u00f8rerisk beretning om Cubas historie og kultur, om samfunnsliv og politikk p\u00e5 denne gjenstridige \u00f8ya. Boken kan leses b\u00e5de som en reiseskildring og en dokumentarbok &#8211; en historiebok og en politisk thriller. Med n\u00f8ktern dokumentasjon og frodig innlevelse n\u00e6rmer forfatterne seg den cubanske livsbejaelsen og livsl\u00f8gnen. Vi f\u00e5r p\u00e5 n\u00e6rt hold m\u00f8te [&hellip;]\" \/>\n<meta property=\"og:url\" content=\"https:\/\/staging.forenteforlag.no\/spartacus\/produkt\/dette-er-cuba-alt-annet-er-logn-3\/\" \/>\n<meta property=\"og:site_name\" content=\"Spartacus\" \/>\n<meta property=\"article:publisher\" content=\"https:\/\/www.facebook.com\/SpartacusForlag\" \/>\n<meta property=\"article:modified_time\" content=\"2026-03-04T13:24:22+00:00\" \/>\n<meta property=\"og:image\" content=\"https:\/\/staging.forenteforlag.no\/spartacus\/wp-content\/uploads\/sites\/6\/2025\/02\/spartacus-hvit.jpg\" \/>\n\t<meta property=\"og:image:width\" content=\"1200\" \/>\n\t<meta property=\"og:image:height\" content=\"800\" \/>\n\t<meta property=\"og:image:type\" content=\"image\/jpeg\" \/>\n<meta name=\"twitter:card\" content=\"summary_large_image\" \/>\n<meta name=\"twitter:label1\" content=\"Ansl. lesetid\" \/>\n\t<meta name=\"twitter:data1\" content=\"1 minutt\" \/>\n<script type=\"application\/ld+json\" class=\"yoast-schema-graph\">{\"@context\":\"https:\/\/schema.org\",\"@graph\":[{\"@type\":\"WebPage\",\"@id\":\"https:\/\/staging.forenteforlag.no\/spartacus\/produkt\/dette-er-cuba-alt-annet-er-logn-3\/\",\"url\":\"https:\/\/staging.forenteforlag.no\/spartacus\/produkt\/dette-er-cuba-alt-annet-er-logn-3\/\",\"name\":\"Dette er Cuba - alt annet er l\u00f8gn! - Spartacus\",\"isPartOf\":{\"@id\":\"https:\/\/staging.forenteforlag.no\/spartacus\/#website\"},\"datePublished\":\"2024-12-10T20:37:39+00:00\",\"dateModified\":\"2026-03-04T13:24:22+00:00\",\"breadcrumb\":{\"@id\":\"https:\/\/staging.forenteforlag.no\/spartacus\/produkt\/dette-er-cuba-alt-annet-er-logn-3\/#breadcrumb\"},\"inLanguage\":\"nb-NO\",\"potentialAction\":[{\"@type\":\"ReadAction\",\"target\":[\"https:\/\/staging.forenteforlag.no\/spartacus\/produkt\/dette-er-cuba-alt-annet-er-logn-3\/\"]}]},{\"@type\":\"BreadcrumbList\",\"@id\":\"https:\/\/staging.forenteforlag.no\/spartacus\/produkt\/dette-er-cuba-alt-annet-er-logn-3\/#breadcrumb\",\"itemListElement\":[{\"@type\":\"ListItem\",\"position\":1,\"name\":\"Hjem\",\"item\":\"https:\/\/staging.forenteforlag.no\/spartacus\/\"},{\"@type\":\"ListItem\",\"position\":2,\"name\":\"Alle b\u00f8ker\",\"item\":\"https:\/\/staging.forenteforlag.no\/spartacus\/butikk\/\"},{\"@type\":\"ListItem\",\"position\":3,\"name\":\"Dette er Cuba &#8211; alt annet er l\u00f8gn!\"}]},{\"@type\":\"WebSite\",\"@id\":\"https:\/\/staging.forenteforlag.no\/spartacus\/#website\",\"url\":\"https:\/\/staging.forenteforlag.no\/spartacus\/\",\"name\":\"Spartacus forlag\",\"description\":\"\",\"publisher\":{\"@id\":\"https:\/\/staging.forenteforlag.no\/spartacus\/#organization\"},\"potentialAction\":[{\"@type\":\"SearchAction\",\"target\":{\"@type\":\"EntryPoint\",\"urlTemplate\":\"https:\/\/staging.forenteforlag.no\/spartacus\/?s={search_term_string}\"},\"query-input\":{\"@type\":\"PropertyValueSpecification\",\"valueRequired\":true,\"valueName\":\"search_term_string\"}}],\"inLanguage\":\"nb-NO\"},{\"@type\":\"Organization\",\"@id\":\"https:\/\/staging.forenteforlag.no\/spartacus\/#organization\",\"name\":\"Spartacus forlag\",\"url\":\"https:\/\/staging.forenteforlag.no\/spartacus\/\",\"logo\":{\"@type\":\"ImageObject\",\"inLanguage\":\"nb-NO\",\"@id\":\"https:\/\/staging.forenteforlag.no\/spartacus\/#\/schema\/logo\/image\/\",\"url\":\"https:\/\/staging.forenteforlag.no\/spartacus\/wp-content\/uploads\/sites\/6\/2024\/09\/Spartacus_logo.svg\",\"contentUrl\":\"https:\/\/staging.forenteforlag.no\/spartacus\/wp-content\/uploads\/sites\/6\/2024\/09\/Spartacus_logo.svg\",\"width\":100,\"height\":100,\"caption\":\"Spartacus forlag\"},\"image\":{\"@id\":\"https:\/\/staging.forenteforlag.no\/spartacus\/#\/schema\/logo\/image\/\"},\"sameAs\":[\"https:\/\/www.facebook.com\/SpartacusForlag\"]}]}<\/script>\n<!-- \/ Yoast SEO plugin. -->","yoast_head_json":{"title":"Dette er Cuba - alt annet er l\u00f8gn! - Spartacus","robots":{"index":"noindex","follow":"follow","max-snippet":"max-snippet:-1","max-image-preview":"max-image-preview:large","max-video-preview":"max-video-preview:-1"},"og_locale":"nb_NO","og_type":"article","og_title":"Dette er Cuba - alt annet er l\u00f8gn! - Spartacus","og_description":"En het og forf\u00f8rerisk beretning om Cubas historie og kultur, om samfunnsliv og politikk p\u00e5 denne gjenstridige \u00f8ya. Boken kan leses b\u00e5de som en reiseskildring og en dokumentarbok &#8211; en historiebok og en politisk thriller. Med n\u00f8ktern dokumentasjon og frodig innlevelse n\u00e6rmer forfatterne seg den cubanske livsbejaelsen og livsl\u00f8gnen. Vi f\u00e5r p\u00e5 n\u00e6rt hold m\u00f8te [&hellip;]","og_url":"https:\/\/staging.forenteforlag.no\/spartacus\/produkt\/dette-er-cuba-alt-annet-er-logn-3\/","og_site_name":"Spartacus","article_publisher":"https:\/\/www.facebook.com\/SpartacusForlag","article_modified_time":"2026-03-04T13:24:22+00:00","og_image":[{"width":1200,"height":800,"url":"https:\/\/staging.forenteforlag.no\/spartacus\/wp-content\/uploads\/sites\/6\/2025\/02\/spartacus-hvit.jpg","type":"image\/jpeg"}],"twitter_card":"summary_large_image","twitter_misc":{"Ansl. lesetid":"1 minutt"},"schema":{"@context":"https:\/\/schema.org","@graph":[{"@type":"WebPage","@id":"https:\/\/staging.forenteforlag.no\/spartacus\/produkt\/dette-er-cuba-alt-annet-er-logn-3\/","url":"https:\/\/staging.forenteforlag.no\/spartacus\/produkt\/dette-er-cuba-alt-annet-er-logn-3\/","name":"Dette er Cuba - alt annet er l\u00f8gn! - Spartacus","isPartOf":{"@id":"https:\/\/staging.forenteforlag.no\/spartacus\/#website"},"datePublished":"2024-12-10T20:37:39+00:00","dateModified":"2026-03-04T13:24:22+00:00","breadcrumb":{"@id":"https:\/\/staging.forenteforlag.no\/spartacus\/produkt\/dette-er-cuba-alt-annet-er-logn-3\/#breadcrumb"},"inLanguage":"nb-NO","potentialAction":[{"@type":"ReadAction","target":["https:\/\/staging.forenteforlag.no\/spartacus\/produkt\/dette-er-cuba-alt-annet-er-logn-3\/"]}]},{"@type":"BreadcrumbList","@id":"https:\/\/staging.forenteforlag.no\/spartacus\/produkt\/dette-er-cuba-alt-annet-er-logn-3\/#breadcrumb","itemListElement":[{"@type":"ListItem","position":1,"name":"Hjem","item":"https:\/\/staging.forenteforlag.no\/spartacus\/"},{"@type":"ListItem","position":2,"name":"Alle b\u00f8ker","item":"https:\/\/staging.forenteforlag.no\/spartacus\/butikk\/"},{"@type":"ListItem","position":3,"name":"Dette er Cuba &#8211; alt annet er l\u00f8gn!"}]},{"@type":"WebSite","@id":"https:\/\/staging.forenteforlag.no\/spartacus\/#website","url":"https:\/\/staging.forenteforlag.no\/spartacus\/","name":"Spartacus forlag","description":"","publisher":{"@id":"https:\/\/staging.forenteforlag.no\/spartacus\/#organization"},"potentialAction":[{"@type":"SearchAction","target":{"@type":"EntryPoint","urlTemplate":"https:\/\/staging.forenteforlag.no\/spartacus\/?s={search_term_string}"},"query-input":{"@type":"PropertyValueSpecification","valueRequired":true,"valueName":"search_term_string"}}],"inLanguage":"nb-NO"},{"@type":"Organization","@id":"https:\/\/staging.forenteforlag.no\/spartacus\/#organization","name":"Spartacus forlag","url":"https:\/\/staging.forenteforlag.no\/spartacus\/","logo":{"@type":"ImageObject","inLanguage":"nb-NO","@id":"https:\/\/staging.forenteforlag.no\/spartacus\/#\/schema\/logo\/image\/","url":"https:\/\/staging.forenteforlag.no\/spartacus\/wp-content\/uploads\/sites\/6\/2024\/09\/Spartacus_logo.svg","contentUrl":"https:\/\/staging.forenteforlag.no\/spartacus\/wp-content\/uploads\/sites\/6\/2024\/09\/Spartacus_logo.svg","width":100,"height":100,"caption":"Spartacus forlag"},"image":{"@id":"https:\/\/staging.forenteforlag.no\/spartacus\/#\/schema\/logo\/image\/"},"sameAs":["https:\/\/www.facebook.com\/SpartacusForlag"]}]}},"_links":{"self":[{"href":"https:\/\/staging.forenteforlag.no\/spartacus\/wp-json\/wp\/v2\/product\/21621","targetHints":{"allow":["GET"]}}],"collection":[{"href":"https:\/\/staging.forenteforlag.no\/spartacus\/wp-json\/wp\/v2\/product"}],"about":[{"href":"https:\/\/staging.forenteforlag.no\/spartacus\/wp-json\/wp\/v2\/types\/product"}],"wp:attachment":[{"href":"https:\/\/staging.forenteforlag.no\/spartacus\/wp-json\/wp\/v2\/media?parent=21621"}],"wp:term":[{"taxonomy":"product_brand","embeddable":true,"href":"https:\/\/staging.forenteforlag.no\/spartacus\/wp-json\/wp\/v2\/product_brand?post=21621"},{"taxonomy":"product_cat","embeddable":true,"href":"https:\/\/staging.forenteforlag.no\/spartacus\/wp-json\/wp\/v2\/product_cat?post=21621"},{"taxonomy":"product_tag","embeddable":true,"href":"https:\/\/staging.forenteforlag.no\/spartacus\/wp-json\/wp\/v2\/product_tag?post=21621"}],"curies":[{"name":"wp","href":"https:\/\/api.w.org\/{rel}","templated":true}]}}