{"id":21408,"date":"2024-12-10T21:29:21","date_gmt":"2024-12-10T20:29:21","guid":{"rendered":"https:\/\/spartacus.forenteforlag.no\/produkt\/barnets-forste-levear\/"},"modified":"2026-03-02T17:29:15","modified_gmt":"2026-03-02T16:29:15","slug":"barnets-forste-levear","status":"publish","type":"product","link":"https:\/\/staging.forenteforlag.no\/spartacus\/produkt\/barnets-forste-levear\/","title":{"rendered":"Barnets f\u00f8rste leve\u00e5r"},"content":{"rendered":"<p>Denne boka tar for seg alt som ang\u00e5r barnets helse de tre f\u00f8rste leve\u00e5rene. Sentrale temaer er f\u00f8dselen, barselperioden, amming og ern\u00e6ring, vekst, utvikling og dagligliv. Men forfatteren g\u00e5r ogs\u00e5 gjennom sykdommene som kan ramme barn i denne alderen, ulike sykdomstegn og m\u00f8tet med legen og helsestasjonen.  De aller fleste barn f\u00f8des friske og raske, men det er godt \u00e5 vite litt om symptomene p\u00e5 de vanlige barnesykdommene, og noen mer alvorlige lidelser barn kan rammes av, b\u00e5de de barnet er f\u00f8dt med, og de det kan kan f\u00e5 senere. Kunnskap kan virke forebyggende mot sykdom og bidra til \u00e5 forhindre at alvorlige sykdomstegn oversees. Det er en fordel at foreldre kjenner til b\u00e5de normale forhold og tegn p\u00e5 sykdom.  Her deler en av Norges fremste barneleger det han kan om barns utvikling og helse p\u00e5 en m\u00e5te som alle kan forst\u00e5. Boka kan leses i sammenheng, men er ogs\u00e5 et uvurderlig oppslagsverk som det er lett \u00e5 finne fram i n\u00e5r en raskt m\u00e5 ha svar.  Ola Didrik Saugstad leder Pediatrisk Forskningsinstitutt p\u00e5 Rikshospitalet, Norges st\u00f8rste forskningsmilj\u00f8 p\u00e5 barnesykdommer. Han er Norges mest internasjonalt siterte barnelege noensinne og holder foredrag over store deler av verden. Han er engasjert av WHO i kampen for \u00e5 redusere den globale nyf\u00f8dtd\u00f8deligheten og har mottatt en rekke norske og internasjonale priser for sin forskning om nyf\u00f8dte og for tidlig f\u00f8dte barn.<\/p>\n","protected":false},"excerpt":{"rendered":"<p>Denne boka tar for seg alt som ang\u00e5r barnets helse de tre f\u00f8rste leve\u00e5rene. Sentrale temaer er f\u00f8dselen, barselperioden, amming og ern\u00e6ring, vekst, utvikling og dagligliv. Men forfatteren g\u00e5r ogs\u00e5 gjennom sykdommene som kan ramme barn i denne alderen, ulike sykdomstegn og m\u00f8tet med legen og helsestasjonen. De aller fleste barn f\u00f8des friske og raske, [&hellip;]<\/p>\n","protected":false},"featured_media":26096,"template":"","meta":{"_acf_changed":false,"inline_featured_image":false},"product_brand":[],"product_cat":[1786],"product_tag":[362],"class_list":{"0":"post-21408","1":"product","2":"type-product","3":"status-publish","4":"has-post-thumbnail","6":"product_cat-rabattkodekampanje","7":"product_tag-faglitteratur","9":"first","10":"outofstock","11":"taxable","12":"shipping-taxable","13":"purchasable","14":"product-type-simple"},"acf":{"anmeldelse":null},"yoast_head":"<!-- This site is optimized with the Yoast SEO plugin v26.6 - https:\/\/yoast.com\/wordpress\/plugins\/seo\/ -->\n<title>Barnets f\u00f8rste leve\u00e5r - Spartacus<\/title>\n<meta name=\"robots\" content=\"noindex, follow, max-snippet:-1, max-image-preview:large, max-video-preview:-1\" \/>\n<meta property=\"og:locale\" content=\"nb_NO\" \/>\n<meta property=\"og:type\" content=\"article\" \/>\n<meta property=\"og:title\" content=\"Barnets f\u00f8rste leve\u00e5r - Spartacus\" \/>\n<meta property=\"og:description\" content=\"Denne boka tar for seg alt som ang\u00e5r barnets helse de tre f\u00f8rste leve\u00e5rene. Sentrale temaer er f\u00f8dselen, barselperioden, amming og ern\u00e6ring, vekst, utvikling og dagligliv. Men forfatteren g\u00e5r ogs\u00e5 gjennom sykdommene som kan ramme barn i denne alderen, ulike sykdomstegn og m\u00f8tet med legen og helsestasjonen. De aller fleste barn f\u00f8des friske og raske, [&hellip;]\" \/>\n<meta property=\"og:url\" content=\"https:\/\/staging.forenteforlag.no\/spartacus\/produkt\/barnets-forste-levear\/\" \/>\n<meta property=\"og:site_name\" content=\"Spartacus\" \/>\n<meta property=\"article:publisher\" content=\"https:\/\/www.facebook.com\/SpartacusForlag\" \/>\n<meta property=\"article:modified_time\" content=\"2026-03-02T16:29:15+00:00\" \/>\n<meta property=\"og:image\" content=\"https:\/\/staging.forenteforlag.no\/spartacus\/wp-content\/uploads\/sites\/6\/2026\/02\/9788243003590.jpg\" \/>\n\t<meta property=\"og:image:width\" content=\"720\" \/>\n\t<meta property=\"og:image:height\" content=\"1038\" \/>\n\t<meta property=\"og:image:type\" content=\"image\/jpeg\" \/>\n<meta name=\"twitter:card\" content=\"summary_large_image\" \/>\n<meta name=\"twitter:label1\" content=\"Ansl. lesetid\" \/>\n\t<meta name=\"twitter:data1\" content=\"1 minutt\" \/>\n<script type=\"application\/ld+json\" class=\"yoast-schema-graph\">{\"@context\":\"https:\/\/schema.org\",\"@graph\":[{\"@type\":\"WebPage\",\"@id\":\"https:\/\/staging.forenteforlag.no\/spartacus\/produkt\/barnets-forste-levear\/\",\"url\":\"https:\/\/staging.forenteforlag.no\/spartacus\/produkt\/barnets-forste-levear\/\",\"name\":\"Barnets f\u00f8rste leve\u00e5r - Spartacus\",\"isPartOf\":{\"@id\":\"https:\/\/staging.forenteforlag.no\/spartacus\/#website\"},\"primaryImageOfPage\":{\"@id\":\"https:\/\/staging.forenteforlag.no\/spartacus\/produkt\/barnets-forste-levear\/#primaryimage\"},\"image\":{\"@id\":\"https:\/\/staging.forenteforlag.no\/spartacus\/produkt\/barnets-forste-levear\/#primaryimage\"},\"thumbnailUrl\":\"https:\/\/staging.forenteforlag.no\/spartacus\/wp-content\/uploads\/sites\/6\/2026\/02\/9788243003590.jpg\",\"datePublished\":\"2024-12-10T20:29:21+00:00\",\"dateModified\":\"2026-03-02T16:29:15+00:00\",\"breadcrumb\":{\"@id\":\"https:\/\/staging.forenteforlag.no\/spartacus\/produkt\/barnets-forste-levear\/#breadcrumb\"},\"inLanguage\":\"nb-NO\",\"potentialAction\":[{\"@type\":\"ReadAction\",\"target\":[\"https:\/\/staging.forenteforlag.no\/spartacus\/produkt\/barnets-forste-levear\/\"]}]},{\"@type\":\"ImageObject\",\"inLanguage\":\"nb-NO\",\"@id\":\"https:\/\/staging.forenteforlag.no\/spartacus\/produkt\/barnets-forste-levear\/#primaryimage\",\"url\":\"https:\/\/staging.forenteforlag.no\/spartacus\/wp-content\/uploads\/sites\/6\/2026\/02\/9788243003590.jpg\",\"contentUrl\":\"https:\/\/staging.forenteforlag.no\/spartacus\/wp-content\/uploads\/sites\/6\/2026\/02\/9788243003590.jpg\",\"width\":720,\"height\":1038},{\"@type\":\"BreadcrumbList\",\"@id\":\"https:\/\/staging.forenteforlag.no\/spartacus\/produkt\/barnets-forste-levear\/#breadcrumb\",\"itemListElement\":[{\"@type\":\"ListItem\",\"position\":1,\"name\":\"Hjem\",\"item\":\"https:\/\/staging.forenteforlag.no\/spartacus\/\"},{\"@type\":\"ListItem\",\"position\":2,\"name\":\"Alle b\u00f8ker\",\"item\":\"https:\/\/staging.forenteforlag.no\/spartacus\/butikk\/\"},{\"@type\":\"ListItem\",\"position\":3,\"name\":\"Barnets f\u00f8rste leve\u00e5r\"}]},{\"@type\":\"WebSite\",\"@id\":\"https:\/\/staging.forenteforlag.no\/spartacus\/#website\",\"url\":\"https:\/\/staging.forenteforlag.no\/spartacus\/\",\"name\":\"Spartacus forlag\",\"description\":\"\",\"publisher\":{\"@id\":\"https:\/\/staging.forenteforlag.no\/spartacus\/#organization\"},\"potentialAction\":[{\"@type\":\"SearchAction\",\"target\":{\"@type\":\"EntryPoint\",\"urlTemplate\":\"https:\/\/staging.forenteforlag.no\/spartacus\/?s={search_term_string}\"},\"query-input\":{\"@type\":\"PropertyValueSpecification\",\"valueRequired\":true,\"valueName\":\"search_term_string\"}}],\"inLanguage\":\"nb-NO\"},{\"@type\":\"Organization\",\"@id\":\"https:\/\/staging.forenteforlag.no\/spartacus\/#organization\",\"name\":\"Spartacus forlag\",\"url\":\"https:\/\/staging.forenteforlag.no\/spartacus\/\",\"logo\":{\"@type\":\"ImageObject\",\"inLanguage\":\"nb-NO\",\"@id\":\"https:\/\/staging.forenteforlag.no\/spartacus\/#\/schema\/logo\/image\/\",\"url\":\"https:\/\/staging.forenteforlag.no\/spartacus\/wp-content\/uploads\/sites\/6\/2024\/09\/Spartacus_logo.svg\",\"contentUrl\":\"https:\/\/staging.forenteforlag.no\/spartacus\/wp-content\/uploads\/sites\/6\/2024\/09\/Spartacus_logo.svg\",\"width\":100,\"height\":100,\"caption\":\"Spartacus forlag\"},\"image\":{\"@id\":\"https:\/\/staging.forenteforlag.no\/spartacus\/#\/schema\/logo\/image\/\"},\"sameAs\":[\"https:\/\/www.facebook.com\/SpartacusForlag\"]}]}<\/script>\n<!-- \/ Yoast SEO plugin. -->","yoast_head_json":{"title":"Barnets f\u00f8rste leve\u00e5r - Spartacus","robots":{"index":"noindex","follow":"follow","max-snippet":"max-snippet:-1","max-image-preview":"max-image-preview:large","max-video-preview":"max-video-preview:-1"},"og_locale":"nb_NO","og_type":"article","og_title":"Barnets f\u00f8rste leve\u00e5r - Spartacus","og_description":"Denne boka tar for seg alt som ang\u00e5r barnets helse de tre f\u00f8rste leve\u00e5rene. Sentrale temaer er f\u00f8dselen, barselperioden, amming og ern\u00e6ring, vekst, utvikling og dagligliv. Men forfatteren g\u00e5r ogs\u00e5 gjennom sykdommene som kan ramme barn i denne alderen, ulike sykdomstegn og m\u00f8tet med legen og helsestasjonen. De aller fleste barn f\u00f8des friske og raske, [&hellip;]","og_url":"https:\/\/staging.forenteforlag.no\/spartacus\/produkt\/barnets-forste-levear\/","og_site_name":"Spartacus","article_publisher":"https:\/\/www.facebook.com\/SpartacusForlag","article_modified_time":"2026-03-02T16:29:15+00:00","og_image":[{"width":720,"height":1038,"url":"https:\/\/staging.forenteforlag.no\/spartacus\/wp-content\/uploads\/sites\/6\/2026\/02\/9788243003590.jpg","type":"image\/jpeg"}],"twitter_card":"summary_large_image","twitter_misc":{"Ansl. lesetid":"1 minutt"},"schema":{"@context":"https:\/\/schema.org","@graph":[{"@type":"WebPage","@id":"https:\/\/staging.forenteforlag.no\/spartacus\/produkt\/barnets-forste-levear\/","url":"https:\/\/staging.forenteforlag.no\/spartacus\/produkt\/barnets-forste-levear\/","name":"Barnets f\u00f8rste leve\u00e5r - Spartacus","isPartOf":{"@id":"https:\/\/staging.forenteforlag.no\/spartacus\/#website"},"primaryImageOfPage":{"@id":"https:\/\/staging.forenteforlag.no\/spartacus\/produkt\/barnets-forste-levear\/#primaryimage"},"image":{"@id":"https:\/\/staging.forenteforlag.no\/spartacus\/produkt\/barnets-forste-levear\/#primaryimage"},"thumbnailUrl":"https:\/\/staging.forenteforlag.no\/spartacus\/wp-content\/uploads\/sites\/6\/2026\/02\/9788243003590.jpg","datePublished":"2024-12-10T20:29:21+00:00","dateModified":"2026-03-02T16:29:15+00:00","breadcrumb":{"@id":"https:\/\/staging.forenteforlag.no\/spartacus\/produkt\/barnets-forste-levear\/#breadcrumb"},"inLanguage":"nb-NO","potentialAction":[{"@type":"ReadAction","target":["https:\/\/staging.forenteforlag.no\/spartacus\/produkt\/barnets-forste-levear\/"]}]},{"@type":"ImageObject","inLanguage":"nb-NO","@id":"https:\/\/staging.forenteforlag.no\/spartacus\/produkt\/barnets-forste-levear\/#primaryimage","url":"https:\/\/staging.forenteforlag.no\/spartacus\/wp-content\/uploads\/sites\/6\/2026\/02\/9788243003590.jpg","contentUrl":"https:\/\/staging.forenteforlag.no\/spartacus\/wp-content\/uploads\/sites\/6\/2026\/02\/9788243003590.jpg","width":720,"height":1038},{"@type":"BreadcrumbList","@id":"https:\/\/staging.forenteforlag.no\/spartacus\/produkt\/barnets-forste-levear\/#breadcrumb","itemListElement":[{"@type":"ListItem","position":1,"name":"Hjem","item":"https:\/\/staging.forenteforlag.no\/spartacus\/"},{"@type":"ListItem","position":2,"name":"Alle b\u00f8ker","item":"https:\/\/staging.forenteforlag.no\/spartacus\/butikk\/"},{"@type":"ListItem","position":3,"name":"Barnets f\u00f8rste leve\u00e5r"}]},{"@type":"WebSite","@id":"https:\/\/staging.forenteforlag.no\/spartacus\/#website","url":"https:\/\/staging.forenteforlag.no\/spartacus\/","name":"Spartacus forlag","description":"","publisher":{"@id":"https:\/\/staging.forenteforlag.no\/spartacus\/#organization"},"potentialAction":[{"@type":"SearchAction","target":{"@type":"EntryPoint","urlTemplate":"https:\/\/staging.forenteforlag.no\/spartacus\/?s={search_term_string}"},"query-input":{"@type":"PropertyValueSpecification","valueRequired":true,"valueName":"search_term_string"}}],"inLanguage":"nb-NO"},{"@type":"Organization","@id":"https:\/\/staging.forenteforlag.no\/spartacus\/#organization","name":"Spartacus forlag","url":"https:\/\/staging.forenteforlag.no\/spartacus\/","logo":{"@type":"ImageObject","inLanguage":"nb-NO","@id":"https:\/\/staging.forenteforlag.no\/spartacus\/#\/schema\/logo\/image\/","url":"https:\/\/staging.forenteforlag.no\/spartacus\/wp-content\/uploads\/sites\/6\/2024\/09\/Spartacus_logo.svg","contentUrl":"https:\/\/staging.forenteforlag.no\/spartacus\/wp-content\/uploads\/sites\/6\/2024\/09\/Spartacus_logo.svg","width":100,"height":100,"caption":"Spartacus forlag"},"image":{"@id":"https:\/\/staging.forenteforlag.no\/spartacus\/#\/schema\/logo\/image\/"},"sameAs":["https:\/\/www.facebook.com\/SpartacusForlag"]}]}},"_links":{"self":[{"href":"https:\/\/staging.forenteforlag.no\/spartacus\/wp-json\/wp\/v2\/product\/21408","targetHints":{"allow":["GET"]}}],"collection":[{"href":"https:\/\/staging.forenteforlag.no\/spartacus\/wp-json\/wp\/v2\/product"}],"about":[{"href":"https:\/\/staging.forenteforlag.no\/spartacus\/wp-json\/wp\/v2\/types\/product"}],"wp:featuredmedia":[{"embeddable":true,"href":"https:\/\/staging.forenteforlag.no\/spartacus\/wp-json\/wp\/v2\/media\/26096"}],"wp:attachment":[{"href":"https:\/\/staging.forenteforlag.no\/spartacus\/wp-json\/wp\/v2\/media?parent=21408"}],"wp:term":[{"taxonomy":"product_brand","embeddable":true,"href":"https:\/\/staging.forenteforlag.no\/spartacus\/wp-json\/wp\/v2\/product_brand?post=21408"},{"taxonomy":"product_cat","embeddable":true,"href":"https:\/\/staging.forenteforlag.no\/spartacus\/wp-json\/wp\/v2\/product_cat?post=21408"},{"taxonomy":"product_tag","embeddable":true,"href":"https:\/\/staging.forenteforlag.no\/spartacus\/wp-json\/wp\/v2\/product_tag?post=21408"}],"curies":[{"name":"wp","href":"https:\/\/api.w.org\/{rel}","templated":true}]}}