{"id":21395,"date":"2024-12-10T21:29:00","date_gmt":"2024-12-10T20:29:00","guid":{"rendered":"https:\/\/spartacus.forenteforlag.no\/produkt\/den-siste-vindussjiraffen\/"},"modified":"2026-03-04T14:37:40","modified_gmt":"2026-03-04T13:37:40","slug":"den-siste-vindussjiraffen","status":"publish","type":"product","link":"https:\/\/staging.forenteforlag.no\/spartacus\/produkt\/den-siste-vindussjiraffen\/","title":{"rendered":"Den siste vindussjiraffen"},"content":{"rendered":"<p>1989: Jernteppet faller, det er slutten for kommunistregimet i Ungarn. Samme \u00e5r uteksamineres P\u00e9ter Zilahy fra skolen. P\u00e5 90-tallet reiser han rundt i et \u00d8st-Europa preget av demonstrasjoner og store omveltninger. I Den siste vindussjiraffen skildrer Zilahy sin oppvekst bak jernteppet og sine opplevelser fra demonstrasjonene som endret de \u00f8steuropeiske diktaturene. Boken er basert p\u00e5 barneleksikonet Vindu.Sjiraff, der det f\u00f8rste ordet var \u00abvindu\u00bb og det siste \u00absjiraff\u00bb. \u00abVindussjiraffen\u00bb forklarte alt som fantes, alt var som det skulle v\u00e6re, og problemer ble alltid l\u00f8st. I Zilahys vindussjiraff veksler det mellom morsomme oppveksterindringer og beskrivelser av \u00e5 bli sl\u00e5tt med stormpolitiets batonger.<\/p>\n<p>Zilahy foretar en briljant reise i mentalitet og geografi, der fortid og n\u00e5tid, dr\u00f8m og virkelighet, og naivitet og kynisme veves sammen til et fargesterkt, impresjonistisk tabl\u00e5 som viser de siste 30 \u00e5renes \u00d8st-Europa fra innsiden.<\/p>\n<p>Den siste vindussjiraffen utkom for f\u00f8rste gang i 1998. Den har vunnet mange priser og har f\u00e5tt sv\u00e6rt positiv mottakelse av kritikere og publikum. Boken er hittil oversatt til 19 spr\u00e5k.<\/p>\n","protected":false},"excerpt":{"rendered":"<p>1989: Jernteppet faller, det er slutten for kommunistregimet i Ungarn. Samme \u00e5r uteksamineres P\u00e9ter Zilahy fra skolen. P\u00e5 90-tallet reiser han rundt i et \u00d8st-Europa preget av demonstrasjoner og store omveltninger. I Den siste vindussjiraffen skildrer Zilahy sin oppvekst bak jernteppet og sine opplevelser fra demonstrasjonene som endret de \u00f8steuropeiske diktaturene. Boken er basert p\u00e5 [&hellip;]<\/p>\n","protected":false},"featured_media":26111,"template":"","meta":{"_acf_changed":false,"inline_featured_image":false},"product_brand":[],"product_cat":[1786],"product_tag":[493,739,836,1740,928,383,959,370],"class_list":{"0":"post-21395","1":"product","2":"type-product","3":"status-publish","4":"has-post-thumbnail","6":"product_cat-rabattkodekampanje","7":"product_tag-1960-1999","8":"product_tag-barndom","9":"product_tag-diktatur","10":"product_tag-hverdagsbetraktninger","11":"product_tag-ost-europa","12":"product_tag-personlige-beretninger","13":"product_tag-prosastykker","14":"product_tag-skjonnlitteratur","16":"first","17":"outofstock","18":"taxable","19":"shipping-taxable","20":"purchasable","21":"product-type-simple"},"acf":{"anmeldelse":null},"yoast_head":"<!-- This site is optimized with the Yoast SEO plugin v26.6 - https:\/\/yoast.com\/wordpress\/plugins\/seo\/ -->\n<title>Den siste vindussjiraffen - Spartacus<\/title>\n<meta name=\"robots\" content=\"noindex, follow, max-snippet:-1, max-image-preview:large, max-video-preview:-1\" \/>\n<meta property=\"og:locale\" content=\"nb_NO\" \/>\n<meta property=\"og:type\" content=\"article\" \/>\n<meta property=\"og:title\" content=\"Den siste vindussjiraffen - Spartacus\" \/>\n<meta property=\"og:description\" content=\"1989: Jernteppet faller, det er slutten for kommunistregimet i Ungarn. Samme \u00e5r uteksamineres P\u00e9ter Zilahy fra skolen. P\u00e5 90-tallet reiser han rundt i et \u00d8st-Europa preget av demonstrasjoner og store omveltninger. I Den siste vindussjiraffen skildrer Zilahy sin oppvekst bak jernteppet og sine opplevelser fra demonstrasjonene som endret de \u00f8steuropeiske diktaturene. Boken er basert p\u00e5 [&hellip;]\" \/>\n<meta property=\"og:url\" content=\"https:\/\/staging.forenteforlag.no\/spartacus\/produkt\/den-siste-vindussjiraffen\/\" \/>\n<meta property=\"og:site_name\" content=\"Spartacus\" \/>\n<meta property=\"article:publisher\" content=\"https:\/\/www.facebook.com\/SpartacusForlag\" \/>\n<meta property=\"article:modified_time\" content=\"2026-03-04T13:37:40+00:00\" \/>\n<meta property=\"og:image\" content=\"https:\/\/staging.forenteforlag.no\/spartacus\/wp-content\/uploads\/sites\/6\/2026\/02\/9788243003798.jpg\" \/>\n\t<meta property=\"og:image:width\" content=\"720\" \/>\n\t<meta property=\"og:image:height\" content=\"1084\" \/>\n\t<meta property=\"og:image:type\" content=\"image\/jpeg\" \/>\n<meta name=\"twitter:card\" content=\"summary_large_image\" \/>\n<meta name=\"twitter:label1\" content=\"Ansl. lesetid\" \/>\n\t<meta name=\"twitter:data1\" content=\"1 minutt\" \/>\n<script type=\"application\/ld+json\" class=\"yoast-schema-graph\">{\"@context\":\"https:\/\/schema.org\",\"@graph\":[{\"@type\":\"WebPage\",\"@id\":\"https:\/\/staging.forenteforlag.no\/spartacus\/produkt\/den-siste-vindussjiraffen\/\",\"url\":\"https:\/\/staging.forenteforlag.no\/spartacus\/produkt\/den-siste-vindussjiraffen\/\",\"name\":\"Den siste vindussjiraffen - Spartacus\",\"isPartOf\":{\"@id\":\"https:\/\/staging.forenteforlag.no\/spartacus\/#website\"},\"primaryImageOfPage\":{\"@id\":\"https:\/\/staging.forenteforlag.no\/spartacus\/produkt\/den-siste-vindussjiraffen\/#primaryimage\"},\"image\":{\"@id\":\"https:\/\/staging.forenteforlag.no\/spartacus\/produkt\/den-siste-vindussjiraffen\/#primaryimage\"},\"thumbnailUrl\":\"https:\/\/staging.forenteforlag.no\/spartacus\/wp-content\/uploads\/sites\/6\/2026\/02\/9788243003798.jpg\",\"datePublished\":\"2024-12-10T20:29:00+00:00\",\"dateModified\":\"2026-03-04T13:37:40+00:00\",\"breadcrumb\":{\"@id\":\"https:\/\/staging.forenteforlag.no\/spartacus\/produkt\/den-siste-vindussjiraffen\/#breadcrumb\"},\"inLanguage\":\"nb-NO\",\"potentialAction\":[{\"@type\":\"ReadAction\",\"target\":[\"https:\/\/staging.forenteforlag.no\/spartacus\/produkt\/den-siste-vindussjiraffen\/\"]}]},{\"@type\":\"ImageObject\",\"inLanguage\":\"nb-NO\",\"@id\":\"https:\/\/staging.forenteforlag.no\/spartacus\/produkt\/den-siste-vindussjiraffen\/#primaryimage\",\"url\":\"https:\/\/staging.forenteforlag.no\/spartacus\/wp-content\/uploads\/sites\/6\/2026\/02\/9788243003798.jpg\",\"contentUrl\":\"https:\/\/staging.forenteforlag.no\/spartacus\/wp-content\/uploads\/sites\/6\/2026\/02\/9788243003798.jpg\",\"width\":720,\"height\":1084},{\"@type\":\"BreadcrumbList\",\"@id\":\"https:\/\/staging.forenteforlag.no\/spartacus\/produkt\/den-siste-vindussjiraffen\/#breadcrumb\",\"itemListElement\":[{\"@type\":\"ListItem\",\"position\":1,\"name\":\"Hjem\",\"item\":\"https:\/\/staging.forenteforlag.no\/spartacus\/\"},{\"@type\":\"ListItem\",\"position\":2,\"name\":\"Alle b\u00f8ker\",\"item\":\"https:\/\/staging.forenteforlag.no\/spartacus\/butikk\/\"},{\"@type\":\"ListItem\",\"position\":3,\"name\":\"Den siste vindussjiraffen\"}]},{\"@type\":\"WebSite\",\"@id\":\"https:\/\/staging.forenteforlag.no\/spartacus\/#website\",\"url\":\"https:\/\/staging.forenteforlag.no\/spartacus\/\",\"name\":\"Spartacus forlag\",\"description\":\"\",\"publisher\":{\"@id\":\"https:\/\/staging.forenteforlag.no\/spartacus\/#organization\"},\"potentialAction\":[{\"@type\":\"SearchAction\",\"target\":{\"@type\":\"EntryPoint\",\"urlTemplate\":\"https:\/\/staging.forenteforlag.no\/spartacus\/?s={search_term_string}\"},\"query-input\":{\"@type\":\"PropertyValueSpecification\",\"valueRequired\":true,\"valueName\":\"search_term_string\"}}],\"inLanguage\":\"nb-NO\"},{\"@type\":\"Organization\",\"@id\":\"https:\/\/staging.forenteforlag.no\/spartacus\/#organization\",\"name\":\"Spartacus forlag\",\"url\":\"https:\/\/staging.forenteforlag.no\/spartacus\/\",\"logo\":{\"@type\":\"ImageObject\",\"inLanguage\":\"nb-NO\",\"@id\":\"https:\/\/staging.forenteforlag.no\/spartacus\/#\/schema\/logo\/image\/\",\"url\":\"https:\/\/staging.forenteforlag.no\/spartacus\/wp-content\/uploads\/sites\/6\/2024\/09\/Spartacus_logo.svg\",\"contentUrl\":\"https:\/\/staging.forenteforlag.no\/spartacus\/wp-content\/uploads\/sites\/6\/2024\/09\/Spartacus_logo.svg\",\"width\":100,\"height\":100,\"caption\":\"Spartacus forlag\"},\"image\":{\"@id\":\"https:\/\/staging.forenteforlag.no\/spartacus\/#\/schema\/logo\/image\/\"},\"sameAs\":[\"https:\/\/www.facebook.com\/SpartacusForlag\"]}]}<\/script>\n<!-- \/ Yoast SEO plugin. -->","yoast_head_json":{"title":"Den siste vindussjiraffen - Spartacus","robots":{"index":"noindex","follow":"follow","max-snippet":"max-snippet:-1","max-image-preview":"max-image-preview:large","max-video-preview":"max-video-preview:-1"},"og_locale":"nb_NO","og_type":"article","og_title":"Den siste vindussjiraffen - Spartacus","og_description":"1989: Jernteppet faller, det er slutten for kommunistregimet i Ungarn. Samme \u00e5r uteksamineres P\u00e9ter Zilahy fra skolen. P\u00e5 90-tallet reiser han rundt i et \u00d8st-Europa preget av demonstrasjoner og store omveltninger. I Den siste vindussjiraffen skildrer Zilahy sin oppvekst bak jernteppet og sine opplevelser fra demonstrasjonene som endret de \u00f8steuropeiske diktaturene. Boken er basert p\u00e5 [&hellip;]","og_url":"https:\/\/staging.forenteforlag.no\/spartacus\/produkt\/den-siste-vindussjiraffen\/","og_site_name":"Spartacus","article_publisher":"https:\/\/www.facebook.com\/SpartacusForlag","article_modified_time":"2026-03-04T13:37:40+00:00","og_image":[{"width":720,"height":1084,"url":"https:\/\/staging.forenteforlag.no\/spartacus\/wp-content\/uploads\/sites\/6\/2026\/02\/9788243003798.jpg","type":"image\/jpeg"}],"twitter_card":"summary_large_image","twitter_misc":{"Ansl. lesetid":"1 minutt"},"schema":{"@context":"https:\/\/schema.org","@graph":[{"@type":"WebPage","@id":"https:\/\/staging.forenteforlag.no\/spartacus\/produkt\/den-siste-vindussjiraffen\/","url":"https:\/\/staging.forenteforlag.no\/spartacus\/produkt\/den-siste-vindussjiraffen\/","name":"Den siste vindussjiraffen - Spartacus","isPartOf":{"@id":"https:\/\/staging.forenteforlag.no\/spartacus\/#website"},"primaryImageOfPage":{"@id":"https:\/\/staging.forenteforlag.no\/spartacus\/produkt\/den-siste-vindussjiraffen\/#primaryimage"},"image":{"@id":"https:\/\/staging.forenteforlag.no\/spartacus\/produkt\/den-siste-vindussjiraffen\/#primaryimage"},"thumbnailUrl":"https:\/\/staging.forenteforlag.no\/spartacus\/wp-content\/uploads\/sites\/6\/2026\/02\/9788243003798.jpg","datePublished":"2024-12-10T20:29:00+00:00","dateModified":"2026-03-04T13:37:40+00:00","breadcrumb":{"@id":"https:\/\/staging.forenteforlag.no\/spartacus\/produkt\/den-siste-vindussjiraffen\/#breadcrumb"},"inLanguage":"nb-NO","potentialAction":[{"@type":"ReadAction","target":["https:\/\/staging.forenteforlag.no\/spartacus\/produkt\/den-siste-vindussjiraffen\/"]}]},{"@type":"ImageObject","inLanguage":"nb-NO","@id":"https:\/\/staging.forenteforlag.no\/spartacus\/produkt\/den-siste-vindussjiraffen\/#primaryimage","url":"https:\/\/staging.forenteforlag.no\/spartacus\/wp-content\/uploads\/sites\/6\/2026\/02\/9788243003798.jpg","contentUrl":"https:\/\/staging.forenteforlag.no\/spartacus\/wp-content\/uploads\/sites\/6\/2026\/02\/9788243003798.jpg","width":720,"height":1084},{"@type":"BreadcrumbList","@id":"https:\/\/staging.forenteforlag.no\/spartacus\/produkt\/den-siste-vindussjiraffen\/#breadcrumb","itemListElement":[{"@type":"ListItem","position":1,"name":"Hjem","item":"https:\/\/staging.forenteforlag.no\/spartacus\/"},{"@type":"ListItem","position":2,"name":"Alle b\u00f8ker","item":"https:\/\/staging.forenteforlag.no\/spartacus\/butikk\/"},{"@type":"ListItem","position":3,"name":"Den siste vindussjiraffen"}]},{"@type":"WebSite","@id":"https:\/\/staging.forenteforlag.no\/spartacus\/#website","url":"https:\/\/staging.forenteforlag.no\/spartacus\/","name":"Spartacus forlag","description":"","publisher":{"@id":"https:\/\/staging.forenteforlag.no\/spartacus\/#organization"},"potentialAction":[{"@type":"SearchAction","target":{"@type":"EntryPoint","urlTemplate":"https:\/\/staging.forenteforlag.no\/spartacus\/?s={search_term_string}"},"query-input":{"@type":"PropertyValueSpecification","valueRequired":true,"valueName":"search_term_string"}}],"inLanguage":"nb-NO"},{"@type":"Organization","@id":"https:\/\/staging.forenteforlag.no\/spartacus\/#organization","name":"Spartacus forlag","url":"https:\/\/staging.forenteforlag.no\/spartacus\/","logo":{"@type":"ImageObject","inLanguage":"nb-NO","@id":"https:\/\/staging.forenteforlag.no\/spartacus\/#\/schema\/logo\/image\/","url":"https:\/\/staging.forenteforlag.no\/spartacus\/wp-content\/uploads\/sites\/6\/2024\/09\/Spartacus_logo.svg","contentUrl":"https:\/\/staging.forenteforlag.no\/spartacus\/wp-content\/uploads\/sites\/6\/2024\/09\/Spartacus_logo.svg","width":100,"height":100,"caption":"Spartacus forlag"},"image":{"@id":"https:\/\/staging.forenteforlag.no\/spartacus\/#\/schema\/logo\/image\/"},"sameAs":["https:\/\/www.facebook.com\/SpartacusForlag"]}]}},"_links":{"self":[{"href":"https:\/\/staging.forenteforlag.no\/spartacus\/wp-json\/wp\/v2\/product\/21395","targetHints":{"allow":["GET"]}}],"collection":[{"href":"https:\/\/staging.forenteforlag.no\/spartacus\/wp-json\/wp\/v2\/product"}],"about":[{"href":"https:\/\/staging.forenteforlag.no\/spartacus\/wp-json\/wp\/v2\/types\/product"}],"wp:featuredmedia":[{"embeddable":true,"href":"https:\/\/staging.forenteforlag.no\/spartacus\/wp-json\/wp\/v2\/media\/26111"}],"wp:attachment":[{"href":"https:\/\/staging.forenteforlag.no\/spartacus\/wp-json\/wp\/v2\/media?parent=21395"}],"wp:term":[{"taxonomy":"product_brand","embeddable":true,"href":"https:\/\/staging.forenteforlag.no\/spartacus\/wp-json\/wp\/v2\/product_brand?post=21395"},{"taxonomy":"product_cat","embeddable":true,"href":"https:\/\/staging.forenteforlag.no\/spartacus\/wp-json\/wp\/v2\/product_cat?post=21395"},{"taxonomy":"product_tag","embeddable":true,"href":"https:\/\/staging.forenteforlag.no\/spartacus\/wp-json\/wp\/v2\/product_tag?post=21395"}],"curies":[{"name":"wp","href":"https:\/\/api.w.org\/{rel}","templated":true}]}}