{"id":21369,"date":"2010-04-19T02:00:00","date_gmt":"2010-04-19T00:00:00","guid":{"rendered":"https:\/\/spartacus.forenteforlag.no\/produkt\/menneskeroyk\/"},"modified":"2026-03-04T14:53:46","modified_gmt":"2026-03-04T13:53:46","slug":"menneskeroyk","status":"publish","type":"product","link":"https:\/\/staging.forenteforlag.no\/spartacus\/produkt\/menneskeroyk\/","title":{"rendered":"Mennesker\u00f8yk"},"content":{"rendered":"<p>Med denne boka har NicholsonBaker levert det mange mener er tidens sterkeste antikrigsbok. Mennesker\u00f8yk er unik, b\u00e5de i form og innhold:  M\u00f8ysommelig har Baker valgt ut hundrevis av hendelser og sitater fra kjente og ukjente skikkelser fra 1930- og 40-tallet. Her er utdrag av radiotaler, erindringer, dagboknotater, brev, avisartikler, b\u00f8ker og offisielle dokumenter. Med lakonisk eleganse bruker Baker dem til \u00e5 gjenskape en str\u00f8m av \u00f8yeblikk som sammen ledet frem til krigen. Det er sm\u00e5 og store \u00f8yeblikk, \u00f8yeblikk av tvil og frykt, av brutalitet og tragedie &#8211; \u00f8yeblikk da ugjenkallelige avgj\u00f8relser ble tatt.   Samlet gir Mennesker\u00f8yk et uslettelig inntrykk av den mentaliteten som r\u00e5det under opptakten til andre verdenskrig. Som lesere sitter vi med fasiten &#8211; vi vet hvor dette ender &#8211; og i dette lyset blir lesningen ekstra skremmende.  Boken utfordrer hele m\u00e5ten vi oppfatter historiske begivenheter p\u00e5. Og med sin unike form er den i seg selv et monument over de ufattelige tapene menneskeheten p\u00e5f\u00f8rte seg selv i \u00e5rene 1939-45.   &laquo;All historie er selektiv, men Nicholson Bakers nye og romanaktige metode tar kunsten \u00e5 sitere selektivt til nye niv\u00e5er. &#8230; Det er en indirekte m\u00e5te \u00e5 f\u00e5 frem standpunktene sine p\u00e5, men denne provokative bokens episodiske natur er kumulativt mer kraftfull enn noen konvensjonell fortelling &#8230; Selvsagt skulle det en romanforfatter til \u00e5 oppfinne en ny m\u00e5te \u00e5 skrive historie p\u00e5.&raquo;       Ian Pindar i the Guardian.<\/p>\n","protected":false},"excerpt":{"rendered":"<p>Med denne boka har NicholsonBaker levert det mange mener er tidens sterkeste antikrigsbok. Mennesker\u00f8yk er unik, b\u00e5de i form og innhold: M\u00f8ysommelig har Baker valgt ut hundrevis av hendelser og sitater fra kjente og ukjente skikkelser fra 1930- og 40-tallet. Her er utdrag av radiotaler, erindringer, dagboknotater, brev, avisartikler, b\u00f8ker og offisielle dokumenter. Med lakonisk [&hellip;]<\/p>\n","protected":false},"featured_media":26254,"template":"","meta":{"_acf_changed":false,"inline_featured_image":false},"product_brand":[],"product_cat":[1786],"product_tag":[407,405,362],"class_list":{"0":"post-21369","1":"product","2":"type-product","3":"status-publish","4":"has-post-thumbnail","6":"product_cat-rabattkodekampanje","7":"product_tag-1939-1945","8":"product_tag-andre-verdenskrig","9":"product_tag-faglitteratur","11":"first","12":"outofstock","13":"shipping-taxable","14":"purchasable","15":"product-type-simple"},"acf":{"anmeldelse":null},"yoast_head":"<!-- This site is optimized with the Yoast SEO plugin v26.6 - https:\/\/yoast.com\/wordpress\/plugins\/seo\/ -->\n<title>Mennesker\u00f8yk - Spartacus<\/title>\n<meta name=\"robots\" content=\"noindex, follow, max-snippet:-1, max-image-preview:large, max-video-preview:-1\" \/>\n<meta property=\"og:locale\" content=\"nb_NO\" \/>\n<meta property=\"og:type\" content=\"article\" \/>\n<meta property=\"og:title\" content=\"Mennesker\u00f8yk - Spartacus\" \/>\n<meta property=\"og:description\" content=\"Med denne boka har NicholsonBaker levert det mange mener er tidens sterkeste antikrigsbok. Mennesker\u00f8yk er unik, b\u00e5de i form og innhold: M\u00f8ysommelig har Baker valgt ut hundrevis av hendelser og sitater fra kjente og ukjente skikkelser fra 1930- og 40-tallet. Her er utdrag av radiotaler, erindringer, dagboknotater, brev, avisartikler, b\u00f8ker og offisielle dokumenter. Med lakonisk [&hellip;]\" \/>\n<meta property=\"og:url\" content=\"https:\/\/staging.forenteforlag.no\/spartacus\/produkt\/menneskeroyk\/\" \/>\n<meta property=\"og:site_name\" content=\"Spartacus\" \/>\n<meta property=\"article:publisher\" content=\"https:\/\/www.facebook.com\/SpartacusForlag\" \/>\n<meta property=\"article:modified_time\" content=\"2026-03-04T13:53:46+00:00\" \/>\n<meta property=\"og:image\" content=\"https:\/\/staging.forenteforlag.no\/spartacus\/wp-content\/uploads\/sites\/6\/2026\/02\/9788243005389.jpg\" \/>\n\t<meta property=\"og:image:width\" content=\"720\" \/>\n\t<meta property=\"og:image:height\" content=\"1126\" \/>\n\t<meta property=\"og:image:type\" content=\"image\/jpeg\" \/>\n<meta name=\"twitter:card\" content=\"summary_large_image\" \/>\n<meta name=\"twitter:label1\" content=\"Ansl. lesetid\" \/>\n\t<meta name=\"twitter:data1\" content=\"1 minutt\" \/>\n<script type=\"application\/ld+json\" class=\"yoast-schema-graph\">{\"@context\":\"https:\/\/schema.org\",\"@graph\":[{\"@type\":\"WebPage\",\"@id\":\"https:\/\/staging.forenteforlag.no\/spartacus\/produkt\/menneskeroyk\/\",\"url\":\"https:\/\/staging.forenteforlag.no\/spartacus\/produkt\/menneskeroyk\/\",\"name\":\"Mennesker\u00f8yk - Spartacus\",\"isPartOf\":{\"@id\":\"https:\/\/staging.forenteforlag.no\/spartacus\/#website\"},\"primaryImageOfPage\":{\"@id\":\"https:\/\/staging.forenteforlag.no\/spartacus\/produkt\/menneskeroyk\/#primaryimage\"},\"image\":{\"@id\":\"https:\/\/staging.forenteforlag.no\/spartacus\/produkt\/menneskeroyk\/#primaryimage\"},\"thumbnailUrl\":\"https:\/\/staging.forenteforlag.no\/spartacus\/wp-content\/uploads\/sites\/6\/2026\/02\/9788243005389.jpg\",\"datePublished\":\"2010-04-19T00:00:00+00:00\",\"dateModified\":\"2026-03-04T13:53:46+00:00\",\"breadcrumb\":{\"@id\":\"https:\/\/staging.forenteforlag.no\/spartacus\/produkt\/menneskeroyk\/#breadcrumb\"},\"inLanguage\":\"nb-NO\",\"potentialAction\":[{\"@type\":\"ReadAction\",\"target\":[\"https:\/\/staging.forenteforlag.no\/spartacus\/produkt\/menneskeroyk\/\"]}]},{\"@type\":\"ImageObject\",\"inLanguage\":\"nb-NO\",\"@id\":\"https:\/\/staging.forenteforlag.no\/spartacus\/produkt\/menneskeroyk\/#primaryimage\",\"url\":\"https:\/\/staging.forenteforlag.no\/spartacus\/wp-content\/uploads\/sites\/6\/2026\/02\/9788243005389.jpg\",\"contentUrl\":\"https:\/\/staging.forenteforlag.no\/spartacus\/wp-content\/uploads\/sites\/6\/2026\/02\/9788243005389.jpg\",\"width\":720,\"height\":1126},{\"@type\":\"BreadcrumbList\",\"@id\":\"https:\/\/staging.forenteforlag.no\/spartacus\/produkt\/menneskeroyk\/#breadcrumb\",\"itemListElement\":[{\"@type\":\"ListItem\",\"position\":1,\"name\":\"Hjem\",\"item\":\"https:\/\/staging.forenteforlag.no\/spartacus\/\"},{\"@type\":\"ListItem\",\"position\":2,\"name\":\"Alle b\u00f8ker\",\"item\":\"https:\/\/staging.forenteforlag.no\/spartacus\/butikk\/\"},{\"@type\":\"ListItem\",\"position\":3,\"name\":\"Mennesker\u00f8yk\"}]},{\"@type\":\"WebSite\",\"@id\":\"https:\/\/staging.forenteforlag.no\/spartacus\/#website\",\"url\":\"https:\/\/staging.forenteforlag.no\/spartacus\/\",\"name\":\"Spartacus forlag\",\"description\":\"\",\"publisher\":{\"@id\":\"https:\/\/staging.forenteforlag.no\/spartacus\/#organization\"},\"potentialAction\":[{\"@type\":\"SearchAction\",\"target\":{\"@type\":\"EntryPoint\",\"urlTemplate\":\"https:\/\/staging.forenteforlag.no\/spartacus\/?s={search_term_string}\"},\"query-input\":{\"@type\":\"PropertyValueSpecification\",\"valueRequired\":true,\"valueName\":\"search_term_string\"}}],\"inLanguage\":\"nb-NO\"},{\"@type\":\"Organization\",\"@id\":\"https:\/\/staging.forenteforlag.no\/spartacus\/#organization\",\"name\":\"Spartacus forlag\",\"url\":\"https:\/\/staging.forenteforlag.no\/spartacus\/\",\"logo\":{\"@type\":\"ImageObject\",\"inLanguage\":\"nb-NO\",\"@id\":\"https:\/\/staging.forenteforlag.no\/spartacus\/#\/schema\/logo\/image\/\",\"url\":\"https:\/\/staging.forenteforlag.no\/spartacus\/wp-content\/uploads\/sites\/6\/2024\/09\/Spartacus_logo.svg\",\"contentUrl\":\"https:\/\/staging.forenteforlag.no\/spartacus\/wp-content\/uploads\/sites\/6\/2024\/09\/Spartacus_logo.svg\",\"width\":100,\"height\":100,\"caption\":\"Spartacus forlag\"},\"image\":{\"@id\":\"https:\/\/staging.forenteforlag.no\/spartacus\/#\/schema\/logo\/image\/\"},\"sameAs\":[\"https:\/\/www.facebook.com\/SpartacusForlag\"]}]}<\/script>\n<!-- \/ Yoast SEO plugin. -->","yoast_head_json":{"title":"Mennesker\u00f8yk - Spartacus","robots":{"index":"noindex","follow":"follow","max-snippet":"max-snippet:-1","max-image-preview":"max-image-preview:large","max-video-preview":"max-video-preview:-1"},"og_locale":"nb_NO","og_type":"article","og_title":"Mennesker\u00f8yk - Spartacus","og_description":"Med denne boka har NicholsonBaker levert det mange mener er tidens sterkeste antikrigsbok. Mennesker\u00f8yk er unik, b\u00e5de i form og innhold: M\u00f8ysommelig har Baker valgt ut hundrevis av hendelser og sitater fra kjente og ukjente skikkelser fra 1930- og 40-tallet. Her er utdrag av radiotaler, erindringer, dagboknotater, brev, avisartikler, b\u00f8ker og offisielle dokumenter. Med lakonisk [&hellip;]","og_url":"https:\/\/staging.forenteforlag.no\/spartacus\/produkt\/menneskeroyk\/","og_site_name":"Spartacus","article_publisher":"https:\/\/www.facebook.com\/SpartacusForlag","article_modified_time":"2026-03-04T13:53:46+00:00","og_image":[{"width":720,"height":1126,"url":"https:\/\/staging.forenteforlag.no\/spartacus\/wp-content\/uploads\/sites\/6\/2026\/02\/9788243005389.jpg","type":"image\/jpeg"}],"twitter_card":"summary_large_image","twitter_misc":{"Ansl. lesetid":"1 minutt"},"schema":{"@context":"https:\/\/schema.org","@graph":[{"@type":"WebPage","@id":"https:\/\/staging.forenteforlag.no\/spartacus\/produkt\/menneskeroyk\/","url":"https:\/\/staging.forenteforlag.no\/spartacus\/produkt\/menneskeroyk\/","name":"Mennesker\u00f8yk - Spartacus","isPartOf":{"@id":"https:\/\/staging.forenteforlag.no\/spartacus\/#website"},"primaryImageOfPage":{"@id":"https:\/\/staging.forenteforlag.no\/spartacus\/produkt\/menneskeroyk\/#primaryimage"},"image":{"@id":"https:\/\/staging.forenteforlag.no\/spartacus\/produkt\/menneskeroyk\/#primaryimage"},"thumbnailUrl":"https:\/\/staging.forenteforlag.no\/spartacus\/wp-content\/uploads\/sites\/6\/2026\/02\/9788243005389.jpg","datePublished":"2010-04-19T00:00:00+00:00","dateModified":"2026-03-04T13:53:46+00:00","breadcrumb":{"@id":"https:\/\/staging.forenteforlag.no\/spartacus\/produkt\/menneskeroyk\/#breadcrumb"},"inLanguage":"nb-NO","potentialAction":[{"@type":"ReadAction","target":["https:\/\/staging.forenteforlag.no\/spartacus\/produkt\/menneskeroyk\/"]}]},{"@type":"ImageObject","inLanguage":"nb-NO","@id":"https:\/\/staging.forenteforlag.no\/spartacus\/produkt\/menneskeroyk\/#primaryimage","url":"https:\/\/staging.forenteforlag.no\/spartacus\/wp-content\/uploads\/sites\/6\/2026\/02\/9788243005389.jpg","contentUrl":"https:\/\/staging.forenteforlag.no\/spartacus\/wp-content\/uploads\/sites\/6\/2026\/02\/9788243005389.jpg","width":720,"height":1126},{"@type":"BreadcrumbList","@id":"https:\/\/staging.forenteforlag.no\/spartacus\/produkt\/menneskeroyk\/#breadcrumb","itemListElement":[{"@type":"ListItem","position":1,"name":"Hjem","item":"https:\/\/staging.forenteforlag.no\/spartacus\/"},{"@type":"ListItem","position":2,"name":"Alle b\u00f8ker","item":"https:\/\/staging.forenteforlag.no\/spartacus\/butikk\/"},{"@type":"ListItem","position":3,"name":"Mennesker\u00f8yk"}]},{"@type":"WebSite","@id":"https:\/\/staging.forenteforlag.no\/spartacus\/#website","url":"https:\/\/staging.forenteforlag.no\/spartacus\/","name":"Spartacus forlag","description":"","publisher":{"@id":"https:\/\/staging.forenteforlag.no\/spartacus\/#organization"},"potentialAction":[{"@type":"SearchAction","target":{"@type":"EntryPoint","urlTemplate":"https:\/\/staging.forenteforlag.no\/spartacus\/?s={search_term_string}"},"query-input":{"@type":"PropertyValueSpecification","valueRequired":true,"valueName":"search_term_string"}}],"inLanguage":"nb-NO"},{"@type":"Organization","@id":"https:\/\/staging.forenteforlag.no\/spartacus\/#organization","name":"Spartacus forlag","url":"https:\/\/staging.forenteforlag.no\/spartacus\/","logo":{"@type":"ImageObject","inLanguage":"nb-NO","@id":"https:\/\/staging.forenteforlag.no\/spartacus\/#\/schema\/logo\/image\/","url":"https:\/\/staging.forenteforlag.no\/spartacus\/wp-content\/uploads\/sites\/6\/2024\/09\/Spartacus_logo.svg","contentUrl":"https:\/\/staging.forenteforlag.no\/spartacus\/wp-content\/uploads\/sites\/6\/2024\/09\/Spartacus_logo.svg","width":100,"height":100,"caption":"Spartacus forlag"},"image":{"@id":"https:\/\/staging.forenteforlag.no\/spartacus\/#\/schema\/logo\/image\/"},"sameAs":["https:\/\/www.facebook.com\/SpartacusForlag"]}]}},"_links":{"self":[{"href":"https:\/\/staging.forenteforlag.no\/spartacus\/wp-json\/wp\/v2\/product\/21369","targetHints":{"allow":["GET"]}}],"collection":[{"href":"https:\/\/staging.forenteforlag.no\/spartacus\/wp-json\/wp\/v2\/product"}],"about":[{"href":"https:\/\/staging.forenteforlag.no\/spartacus\/wp-json\/wp\/v2\/types\/product"}],"wp:featuredmedia":[{"embeddable":true,"href":"https:\/\/staging.forenteforlag.no\/spartacus\/wp-json\/wp\/v2\/media\/26254"}],"wp:attachment":[{"href":"https:\/\/staging.forenteforlag.no\/spartacus\/wp-json\/wp\/v2\/media?parent=21369"}],"wp:term":[{"taxonomy":"product_brand","embeddable":true,"href":"https:\/\/staging.forenteforlag.no\/spartacus\/wp-json\/wp\/v2\/product_brand?post=21369"},{"taxonomy":"product_cat","embeddable":true,"href":"https:\/\/staging.forenteforlag.no\/spartacus\/wp-json\/wp\/v2\/product_cat?post=21369"},{"taxonomy":"product_tag","embeddable":true,"href":"https:\/\/staging.forenteforlag.no\/spartacus\/wp-json\/wp\/v2\/product_tag?post=21369"}],"curies":[{"name":"wp","href":"https:\/\/api.w.org\/{rel}","templated":true}]}}