{"id":21279,"date":"2009-09-18T02:00:00","date_gmt":"2009-09-18T00:00:00","guid":{"rendered":"https:\/\/spartacus.forenteforlag.no\/produkt\/kvinne-blant-krigsherrer\/"},"modified":"2026-03-04T14:48:58","modified_gmt":"2026-03-04T13:48:58","slug":"kvinne-blant-krigsherrer","status":"publish","type":"product","link":"https:\/\/staging.forenteforlag.no\/spartacus\/produkt\/kvinne-blant-krigsherrer\/","title":{"rendered":"Kvinne blant krigsherrer"},"content":{"rendered":"<p>Malalai Joya ble verdenskjent over natten etter \u00e5 ha ford\u00f8mt det afghanske parlamentet fra dets egen  talerstol for \u00e5 v\u00e6re fylt med krigsherrer. Mikrofonen hennes ble raskt kuttet, men Joya nektet \u00e5 trekke uttalelsene tilbake.  I Kvinne blant krigsherrer  forteller hun hvordan hun fra det \u00f8yeblikket visste at hun m\u00e5tte leve i skjul og i konstant frykt for \u00e5 bli drept.   Boka starter i 1978, n\u00e5r Malalai er fire dager gammel og Sovjet invaderer Afghanistan. Familien hennes m\u00e5 flykte, og store deler av barndommen bor hun i flyktningeleirer i Iran og Pakistan. Som ten\u00e5ring er hun allerede politisk aktivist, drevet til handling av lidelsen hun var vitne til i leirene. Mot slutten av 90-tallet flytter hun tilbake til Afghanistan. Under trusselen fra Taliban driver hun en illegal helsestasjon og skole for jenter. Etter talen i det afghanske parlamentet i 2003 er Joya blitt omtalt som Afghnaistans modigste kvinne og &laquo;Afghanistans Aung San Suu Kyi&raquo;.  Kvinne blant krigsherrer er skrevet i samarbeid med den kanadiske forfatteren Derrick O&#8217;Keefe. Joyas personlige beretning er fengslende, sv\u00e6rt sterk og viktig for \u00e5 forst\u00e5 en av de mest langvarige konfliktene i v\u00e5r tid.<\/p>\n","protected":false},"excerpt":{"rendered":"<p>Malalai Joya ble verdenskjent over natten etter \u00e5 ha ford\u00f8mt det afghanske parlamentet fra dets egen talerstol for \u00e5 v\u00e6re fylt med krigsherrer. Mikrofonen hennes ble raskt kuttet, men Joya nektet \u00e5 trekke uttalelsene tilbake. I Kvinne blant krigsherrer forteller hun hvordan hun fra det \u00f8yeblikket visste at hun m\u00e5tte leve i skjul og i [&hellip;]<\/p>\n","protected":false},"featured_media":26208,"template":"","meta":{"_acf_changed":false,"inline_featured_image":false},"product_brand":[],"product_cat":[1786],"product_tag":[592,405,362,1740,380,383,515],"class_list":{"0":"post-21279","1":"product","2":"type-product","3":"status-publish","4":"has-post-thumbnail","6":"product_cat-rabattkodekampanje","7":"product_tag-afghanistan","8":"product_tag-andre-verdenskrig","9":"product_tag-faglitteratur","10":"product_tag-hverdagsbetraktninger","11":"product_tag-kvinner","12":"product_tag-personlige-beretninger","13":"product_tag-politikere","15":"first","16":"outofstock","17":"shipping-taxable","18":"purchasable","19":"product-type-simple"},"acf":{"anmeldelse":null},"yoast_head":"<!-- This site is optimized with the Yoast SEO plugin v26.6 - https:\/\/yoast.com\/wordpress\/plugins\/seo\/ -->\n<title>Kvinne blant krigsherrer - Spartacus<\/title>\n<meta name=\"robots\" content=\"noindex, follow, max-snippet:-1, max-image-preview:large, max-video-preview:-1\" \/>\n<meta property=\"og:locale\" content=\"nb_NO\" \/>\n<meta property=\"og:type\" content=\"article\" \/>\n<meta property=\"og:title\" content=\"Kvinne blant krigsherrer - Spartacus\" \/>\n<meta property=\"og:description\" content=\"Malalai Joya ble verdenskjent over natten etter \u00e5 ha ford\u00f8mt det afghanske parlamentet fra dets egen talerstol for \u00e5 v\u00e6re fylt med krigsherrer. Mikrofonen hennes ble raskt kuttet, men Joya nektet \u00e5 trekke uttalelsene tilbake. I Kvinne blant krigsherrer forteller hun hvordan hun fra det \u00f8yeblikket visste at hun m\u00e5tte leve i skjul og i [&hellip;]\" \/>\n<meta property=\"og:url\" content=\"https:\/\/staging.forenteforlag.no\/spartacus\/produkt\/kvinne-blant-krigsherrer\/\" \/>\n<meta property=\"og:site_name\" content=\"Spartacus\" \/>\n<meta property=\"article:publisher\" content=\"https:\/\/www.facebook.com\/SpartacusForlag\" \/>\n<meta property=\"article:modified_time\" content=\"2026-03-04T13:48:58+00:00\" \/>\n<meta property=\"og:image\" content=\"https:\/\/staging.forenteforlag.no\/spartacus\/wp-content\/uploads\/sites\/6\/2026\/02\/9788243004825.jpg\" \/>\n\t<meta property=\"og:image:width\" content=\"720\" \/>\n\t<meta property=\"og:image:height\" content=\"1145\" \/>\n\t<meta property=\"og:image:type\" content=\"image\/jpeg\" \/>\n<meta name=\"twitter:card\" content=\"summary_large_image\" \/>\n<meta name=\"twitter:label1\" content=\"Ansl. lesetid\" \/>\n\t<meta name=\"twitter:data1\" content=\"1 minutt\" \/>\n<script type=\"application\/ld+json\" class=\"yoast-schema-graph\">{\"@context\":\"https:\/\/schema.org\",\"@graph\":[{\"@type\":\"WebPage\",\"@id\":\"https:\/\/staging.forenteforlag.no\/spartacus\/produkt\/kvinne-blant-krigsherrer\/\",\"url\":\"https:\/\/staging.forenteforlag.no\/spartacus\/produkt\/kvinne-blant-krigsherrer\/\",\"name\":\"Kvinne blant krigsherrer - Spartacus\",\"isPartOf\":{\"@id\":\"https:\/\/staging.forenteforlag.no\/spartacus\/#website\"},\"primaryImageOfPage\":{\"@id\":\"https:\/\/staging.forenteforlag.no\/spartacus\/produkt\/kvinne-blant-krigsherrer\/#primaryimage\"},\"image\":{\"@id\":\"https:\/\/staging.forenteforlag.no\/spartacus\/produkt\/kvinne-blant-krigsherrer\/#primaryimage\"},\"thumbnailUrl\":\"https:\/\/staging.forenteforlag.no\/spartacus\/wp-content\/uploads\/sites\/6\/2026\/02\/9788243004825.jpg\",\"datePublished\":\"2009-09-18T00:00:00+00:00\",\"dateModified\":\"2026-03-04T13:48:58+00:00\",\"breadcrumb\":{\"@id\":\"https:\/\/staging.forenteforlag.no\/spartacus\/produkt\/kvinne-blant-krigsherrer\/#breadcrumb\"},\"inLanguage\":\"nb-NO\",\"potentialAction\":[{\"@type\":\"ReadAction\",\"target\":[\"https:\/\/staging.forenteforlag.no\/spartacus\/produkt\/kvinne-blant-krigsherrer\/\"]}]},{\"@type\":\"ImageObject\",\"inLanguage\":\"nb-NO\",\"@id\":\"https:\/\/staging.forenteforlag.no\/spartacus\/produkt\/kvinne-blant-krigsherrer\/#primaryimage\",\"url\":\"https:\/\/staging.forenteforlag.no\/spartacus\/wp-content\/uploads\/sites\/6\/2026\/02\/9788243004825.jpg\",\"contentUrl\":\"https:\/\/staging.forenteforlag.no\/spartacus\/wp-content\/uploads\/sites\/6\/2026\/02\/9788243004825.jpg\",\"width\":720,\"height\":1145},{\"@type\":\"BreadcrumbList\",\"@id\":\"https:\/\/staging.forenteforlag.no\/spartacus\/produkt\/kvinne-blant-krigsherrer\/#breadcrumb\",\"itemListElement\":[{\"@type\":\"ListItem\",\"position\":1,\"name\":\"Hjem\",\"item\":\"https:\/\/staging.forenteforlag.no\/spartacus\/\"},{\"@type\":\"ListItem\",\"position\":2,\"name\":\"Alle b\u00f8ker\",\"item\":\"https:\/\/staging.forenteforlag.no\/spartacus\/butikk\/\"},{\"@type\":\"ListItem\",\"position\":3,\"name\":\"Kvinne blant krigsherrer\"}]},{\"@type\":\"WebSite\",\"@id\":\"https:\/\/staging.forenteforlag.no\/spartacus\/#website\",\"url\":\"https:\/\/staging.forenteforlag.no\/spartacus\/\",\"name\":\"Spartacus forlag\",\"description\":\"\",\"publisher\":{\"@id\":\"https:\/\/staging.forenteforlag.no\/spartacus\/#organization\"},\"potentialAction\":[{\"@type\":\"SearchAction\",\"target\":{\"@type\":\"EntryPoint\",\"urlTemplate\":\"https:\/\/staging.forenteforlag.no\/spartacus\/?s={search_term_string}\"},\"query-input\":{\"@type\":\"PropertyValueSpecification\",\"valueRequired\":true,\"valueName\":\"search_term_string\"}}],\"inLanguage\":\"nb-NO\"},{\"@type\":\"Organization\",\"@id\":\"https:\/\/staging.forenteforlag.no\/spartacus\/#organization\",\"name\":\"Spartacus forlag\",\"url\":\"https:\/\/staging.forenteforlag.no\/spartacus\/\",\"logo\":{\"@type\":\"ImageObject\",\"inLanguage\":\"nb-NO\",\"@id\":\"https:\/\/staging.forenteforlag.no\/spartacus\/#\/schema\/logo\/image\/\",\"url\":\"https:\/\/staging.forenteforlag.no\/spartacus\/wp-content\/uploads\/sites\/6\/2024\/09\/Spartacus_logo.svg\",\"contentUrl\":\"https:\/\/staging.forenteforlag.no\/spartacus\/wp-content\/uploads\/sites\/6\/2024\/09\/Spartacus_logo.svg\",\"width\":100,\"height\":100,\"caption\":\"Spartacus forlag\"},\"image\":{\"@id\":\"https:\/\/staging.forenteforlag.no\/spartacus\/#\/schema\/logo\/image\/\"},\"sameAs\":[\"https:\/\/www.facebook.com\/SpartacusForlag\"]}]}<\/script>\n<!-- \/ Yoast SEO plugin. -->","yoast_head_json":{"title":"Kvinne blant krigsherrer - Spartacus","robots":{"index":"noindex","follow":"follow","max-snippet":"max-snippet:-1","max-image-preview":"max-image-preview:large","max-video-preview":"max-video-preview:-1"},"og_locale":"nb_NO","og_type":"article","og_title":"Kvinne blant krigsherrer - Spartacus","og_description":"Malalai Joya ble verdenskjent over natten etter \u00e5 ha ford\u00f8mt det afghanske parlamentet fra dets egen talerstol for \u00e5 v\u00e6re fylt med krigsherrer. Mikrofonen hennes ble raskt kuttet, men Joya nektet \u00e5 trekke uttalelsene tilbake. I Kvinne blant krigsherrer forteller hun hvordan hun fra det \u00f8yeblikket visste at hun m\u00e5tte leve i skjul og i [&hellip;]","og_url":"https:\/\/staging.forenteforlag.no\/spartacus\/produkt\/kvinne-blant-krigsherrer\/","og_site_name":"Spartacus","article_publisher":"https:\/\/www.facebook.com\/SpartacusForlag","article_modified_time":"2026-03-04T13:48:58+00:00","og_image":[{"width":720,"height":1145,"url":"https:\/\/staging.forenteforlag.no\/spartacus\/wp-content\/uploads\/sites\/6\/2026\/02\/9788243004825.jpg","type":"image\/jpeg"}],"twitter_card":"summary_large_image","twitter_misc":{"Ansl. lesetid":"1 minutt"},"schema":{"@context":"https:\/\/schema.org","@graph":[{"@type":"WebPage","@id":"https:\/\/staging.forenteforlag.no\/spartacus\/produkt\/kvinne-blant-krigsherrer\/","url":"https:\/\/staging.forenteforlag.no\/spartacus\/produkt\/kvinne-blant-krigsherrer\/","name":"Kvinne blant krigsherrer - Spartacus","isPartOf":{"@id":"https:\/\/staging.forenteforlag.no\/spartacus\/#website"},"primaryImageOfPage":{"@id":"https:\/\/staging.forenteforlag.no\/spartacus\/produkt\/kvinne-blant-krigsherrer\/#primaryimage"},"image":{"@id":"https:\/\/staging.forenteforlag.no\/spartacus\/produkt\/kvinne-blant-krigsherrer\/#primaryimage"},"thumbnailUrl":"https:\/\/staging.forenteforlag.no\/spartacus\/wp-content\/uploads\/sites\/6\/2026\/02\/9788243004825.jpg","datePublished":"2009-09-18T00:00:00+00:00","dateModified":"2026-03-04T13:48:58+00:00","breadcrumb":{"@id":"https:\/\/staging.forenteforlag.no\/spartacus\/produkt\/kvinne-blant-krigsherrer\/#breadcrumb"},"inLanguage":"nb-NO","potentialAction":[{"@type":"ReadAction","target":["https:\/\/staging.forenteforlag.no\/spartacus\/produkt\/kvinne-blant-krigsherrer\/"]}]},{"@type":"ImageObject","inLanguage":"nb-NO","@id":"https:\/\/staging.forenteforlag.no\/spartacus\/produkt\/kvinne-blant-krigsherrer\/#primaryimage","url":"https:\/\/staging.forenteforlag.no\/spartacus\/wp-content\/uploads\/sites\/6\/2026\/02\/9788243004825.jpg","contentUrl":"https:\/\/staging.forenteforlag.no\/spartacus\/wp-content\/uploads\/sites\/6\/2026\/02\/9788243004825.jpg","width":720,"height":1145},{"@type":"BreadcrumbList","@id":"https:\/\/staging.forenteforlag.no\/spartacus\/produkt\/kvinne-blant-krigsherrer\/#breadcrumb","itemListElement":[{"@type":"ListItem","position":1,"name":"Hjem","item":"https:\/\/staging.forenteforlag.no\/spartacus\/"},{"@type":"ListItem","position":2,"name":"Alle b\u00f8ker","item":"https:\/\/staging.forenteforlag.no\/spartacus\/butikk\/"},{"@type":"ListItem","position":3,"name":"Kvinne blant krigsherrer"}]},{"@type":"WebSite","@id":"https:\/\/staging.forenteforlag.no\/spartacus\/#website","url":"https:\/\/staging.forenteforlag.no\/spartacus\/","name":"Spartacus forlag","description":"","publisher":{"@id":"https:\/\/staging.forenteforlag.no\/spartacus\/#organization"},"potentialAction":[{"@type":"SearchAction","target":{"@type":"EntryPoint","urlTemplate":"https:\/\/staging.forenteforlag.no\/spartacus\/?s={search_term_string}"},"query-input":{"@type":"PropertyValueSpecification","valueRequired":true,"valueName":"search_term_string"}}],"inLanguage":"nb-NO"},{"@type":"Organization","@id":"https:\/\/staging.forenteforlag.no\/spartacus\/#organization","name":"Spartacus forlag","url":"https:\/\/staging.forenteforlag.no\/spartacus\/","logo":{"@type":"ImageObject","inLanguage":"nb-NO","@id":"https:\/\/staging.forenteforlag.no\/spartacus\/#\/schema\/logo\/image\/","url":"https:\/\/staging.forenteforlag.no\/spartacus\/wp-content\/uploads\/sites\/6\/2024\/09\/Spartacus_logo.svg","contentUrl":"https:\/\/staging.forenteforlag.no\/spartacus\/wp-content\/uploads\/sites\/6\/2024\/09\/Spartacus_logo.svg","width":100,"height":100,"caption":"Spartacus forlag"},"image":{"@id":"https:\/\/staging.forenteforlag.no\/spartacus\/#\/schema\/logo\/image\/"},"sameAs":["https:\/\/www.facebook.com\/SpartacusForlag"]}]}},"_links":{"self":[{"href":"https:\/\/staging.forenteforlag.no\/spartacus\/wp-json\/wp\/v2\/product\/21279","targetHints":{"allow":["GET"]}}],"collection":[{"href":"https:\/\/staging.forenteforlag.no\/spartacus\/wp-json\/wp\/v2\/product"}],"about":[{"href":"https:\/\/staging.forenteforlag.no\/spartacus\/wp-json\/wp\/v2\/types\/product"}],"wp:featuredmedia":[{"embeddable":true,"href":"https:\/\/staging.forenteforlag.no\/spartacus\/wp-json\/wp\/v2\/media\/26208"}],"wp:attachment":[{"href":"https:\/\/staging.forenteforlag.no\/spartacus\/wp-json\/wp\/v2\/media?parent=21279"}],"wp:term":[{"taxonomy":"product_brand","embeddable":true,"href":"https:\/\/staging.forenteforlag.no\/spartacus\/wp-json\/wp\/v2\/product_brand?post=21279"},{"taxonomy":"product_cat","embeddable":true,"href":"https:\/\/staging.forenteforlag.no\/spartacus\/wp-json\/wp\/v2\/product_cat?post=21279"},{"taxonomy":"product_tag","embeddable":true,"href":"https:\/\/staging.forenteforlag.no\/spartacus\/wp-json\/wp\/v2\/product_tag?post=21279"}],"curies":[{"name":"wp","href":"https:\/\/api.w.org\/{rel}","templated":true}]}}