{"id":21248,"date":"2012-08-23T02:00:00","date_gmt":"2012-08-23T00:00:00","guid":{"rendered":"https:\/\/spartacus.forenteforlag.no\/produkt\/doden-pa-bjornoya\/"},"modified":"2026-03-04T15:02:34","modified_gmt":"2026-03-04T14:02:34","slug":"doden-pa-bjornoya","status":"publish","type":"product","link":"https:\/\/staging.forenteforlag.no\/spartacus\/produkt\/doden-pa-bjornoya\/","title":{"rendered":"D\u00f8den p\u00e5 Bj\u00f8rn\u00f8ya"},"content":{"rendered":"<p>Bj\u00f8rn\u00f8ya har noe av verdens verste klima. N\u00e5r det stormer, hender det at b\u00f8lgespruten sl\u00e5r hardt mot vindusrutene p\u00e5 v\u00e6rstasjonen oppe p\u00e5 kanten av \u00f8ya, det eneste stedet hvor det bor folk. Dag Hagen\u00e6s-Kjelldahl er en av dem som kjenner Bj\u00f8rn\u00f8ya best. \u00c5rene som meteorologiassistent p\u00e5 ishavs\u00f8ya har satt dype spor, minnene kan fortsatt mane fram mareritt. Han brukte frivaktene til \u00e5 utforske omr\u00e5der av \u00f8ya der menneskefot sjelden tr\u00e5r, og hvor minner fra fortida har f\u00e5tt ligge i fred. Han studerte gamle rapporter om forlis, mord, fangst og mysterier. S\u00e5 en m\u00f8rk vinterdag forsvinner en av kameratene, mens hunden hans vender alene tilbake til v\u00e6rstasjonen. P\u00e5 den forbl\u00e5ste ishavs\u00f8ya midt i Barentshavet har flere f\u00e5tt en br\u00e5 og tragisk d\u00f8d. De mange skjelettene &#8211; ikke bare etter isbj\u00f8rn og hvalross &#8211; taler sitt eget spr\u00e5k. I D\u00f8den p\u00e5 Bj\u00f8rn\u00f8ya tar Dag Hagen\u00e6s-Kjelldahl utgangspunkt i noen nervepirrende episoder, men forteller ogs\u00e5 hele \u00f8yas historie.<\/p>\n","protected":false},"excerpt":{"rendered":"<p>Bj\u00f8rn\u00f8ya har noe av verdens verste klima. N\u00e5r det stormer, hender det at b\u00f8lgespruten sl\u00e5r hardt mot vindusrutene p\u00e5 v\u00e6rstasjonen oppe p\u00e5 kanten av \u00f8ya, det eneste stedet hvor det bor folk. Dag Hagen\u00e6s-Kjelldahl er en av dem som kjenner Bj\u00f8rn\u00f8ya best. \u00c5rene som meteorologiassistent p\u00e5 ishavs\u00f8ya har satt dype spor, minnene kan fortsatt mane [&hellip;]<\/p>\n","protected":false},"featured_media":26338,"template":"","meta":{"_acf_changed":false,"inline_featured_image":false},"product_brand":[],"product_cat":[1786],"product_tag":[362,525,788],"class_list":{"0":"post-21248","1":"product","2":"type-product","3":"status-publish","4":"has-post-thumbnail","6":"product_cat-rabattkodekampanje","7":"product_tag-faglitteratur","8":"product_tag-lokalhistorie","9":"product_tag-svalbard","11":"first","12":"outofstock","13":"shipping-taxable","14":"purchasable","15":"product-type-simple"},"acf":{"anmeldelse":null},"yoast_head":"<!-- This site is optimized with the Yoast SEO plugin v26.6 - https:\/\/yoast.com\/wordpress\/plugins\/seo\/ -->\n<title>D\u00f8den p\u00e5 Bj\u00f8rn\u00f8ya - Spartacus<\/title>\n<meta name=\"robots\" content=\"noindex, follow, max-snippet:-1, max-image-preview:large, max-video-preview:-1\" \/>\n<meta property=\"og:locale\" content=\"nb_NO\" \/>\n<meta property=\"og:type\" content=\"article\" \/>\n<meta property=\"og:title\" content=\"D\u00f8den p\u00e5 Bj\u00f8rn\u00f8ya - Spartacus\" \/>\n<meta property=\"og:description\" content=\"Bj\u00f8rn\u00f8ya har noe av verdens verste klima. N\u00e5r det stormer, hender det at b\u00f8lgespruten sl\u00e5r hardt mot vindusrutene p\u00e5 v\u00e6rstasjonen oppe p\u00e5 kanten av \u00f8ya, det eneste stedet hvor det bor folk. Dag Hagen\u00e6s-Kjelldahl er en av dem som kjenner Bj\u00f8rn\u00f8ya best. \u00c5rene som meteorologiassistent p\u00e5 ishavs\u00f8ya har satt dype spor, minnene kan fortsatt mane [&hellip;]\" \/>\n<meta property=\"og:url\" content=\"https:\/\/staging.forenteforlag.no\/spartacus\/produkt\/doden-pa-bjornoya\/\" \/>\n<meta property=\"og:site_name\" content=\"Spartacus\" \/>\n<meta property=\"article:publisher\" content=\"https:\/\/www.facebook.com\/SpartacusForlag\" \/>\n<meta property=\"article:modified_time\" content=\"2026-03-04T14:02:34+00:00\" \/>\n<meta property=\"og:image\" content=\"https:\/\/staging.forenteforlag.no\/spartacus\/wp-content\/uploads\/sites\/6\/2026\/02\/9788243006843.jpg\" \/>\n\t<meta property=\"og:image:width\" content=\"720\" \/>\n\t<meta property=\"og:image:height\" content=\"1030\" \/>\n\t<meta property=\"og:image:type\" content=\"image\/jpeg\" \/>\n<meta name=\"twitter:card\" content=\"summary_large_image\" \/>\n<meta name=\"twitter:label1\" content=\"Ansl. lesetid\" \/>\n\t<meta name=\"twitter:data1\" content=\"1 minutt\" \/>\n<script type=\"application\/ld+json\" class=\"yoast-schema-graph\">{\"@context\":\"https:\/\/schema.org\",\"@graph\":[{\"@type\":\"WebPage\",\"@id\":\"https:\/\/staging.forenteforlag.no\/spartacus\/produkt\/doden-pa-bjornoya\/\",\"url\":\"https:\/\/staging.forenteforlag.no\/spartacus\/produkt\/doden-pa-bjornoya\/\",\"name\":\"D\u00f8den p\u00e5 Bj\u00f8rn\u00f8ya - Spartacus\",\"isPartOf\":{\"@id\":\"https:\/\/staging.forenteforlag.no\/spartacus\/#website\"},\"primaryImageOfPage\":{\"@id\":\"https:\/\/staging.forenteforlag.no\/spartacus\/produkt\/doden-pa-bjornoya\/#primaryimage\"},\"image\":{\"@id\":\"https:\/\/staging.forenteforlag.no\/spartacus\/produkt\/doden-pa-bjornoya\/#primaryimage\"},\"thumbnailUrl\":\"https:\/\/staging.forenteforlag.no\/spartacus\/wp-content\/uploads\/sites\/6\/2026\/02\/9788243006843.jpg\",\"datePublished\":\"2012-08-23T00:00:00+00:00\",\"dateModified\":\"2026-03-04T14:02:34+00:00\",\"breadcrumb\":{\"@id\":\"https:\/\/staging.forenteforlag.no\/spartacus\/produkt\/doden-pa-bjornoya\/#breadcrumb\"},\"inLanguage\":\"nb-NO\",\"potentialAction\":[{\"@type\":\"ReadAction\",\"target\":[\"https:\/\/staging.forenteforlag.no\/spartacus\/produkt\/doden-pa-bjornoya\/\"]}]},{\"@type\":\"ImageObject\",\"inLanguage\":\"nb-NO\",\"@id\":\"https:\/\/staging.forenteforlag.no\/spartacus\/produkt\/doden-pa-bjornoya\/#primaryimage\",\"url\":\"https:\/\/staging.forenteforlag.no\/spartacus\/wp-content\/uploads\/sites\/6\/2026\/02\/9788243006843.jpg\",\"contentUrl\":\"https:\/\/staging.forenteforlag.no\/spartacus\/wp-content\/uploads\/sites\/6\/2026\/02\/9788243006843.jpg\",\"width\":720,\"height\":1030},{\"@type\":\"BreadcrumbList\",\"@id\":\"https:\/\/staging.forenteforlag.no\/spartacus\/produkt\/doden-pa-bjornoya\/#breadcrumb\",\"itemListElement\":[{\"@type\":\"ListItem\",\"position\":1,\"name\":\"Hjem\",\"item\":\"https:\/\/staging.forenteforlag.no\/spartacus\/\"},{\"@type\":\"ListItem\",\"position\":2,\"name\":\"Alle b\u00f8ker\",\"item\":\"https:\/\/staging.forenteforlag.no\/spartacus\/butikk\/\"},{\"@type\":\"ListItem\",\"position\":3,\"name\":\"D\u00f8den p\u00e5 Bj\u00f8rn\u00f8ya\"}]},{\"@type\":\"WebSite\",\"@id\":\"https:\/\/staging.forenteforlag.no\/spartacus\/#website\",\"url\":\"https:\/\/staging.forenteforlag.no\/spartacus\/\",\"name\":\"Spartacus forlag\",\"description\":\"\",\"publisher\":{\"@id\":\"https:\/\/staging.forenteforlag.no\/spartacus\/#organization\"},\"potentialAction\":[{\"@type\":\"SearchAction\",\"target\":{\"@type\":\"EntryPoint\",\"urlTemplate\":\"https:\/\/staging.forenteforlag.no\/spartacus\/?s={search_term_string}\"},\"query-input\":{\"@type\":\"PropertyValueSpecification\",\"valueRequired\":true,\"valueName\":\"search_term_string\"}}],\"inLanguage\":\"nb-NO\"},{\"@type\":\"Organization\",\"@id\":\"https:\/\/staging.forenteforlag.no\/spartacus\/#organization\",\"name\":\"Spartacus forlag\",\"url\":\"https:\/\/staging.forenteforlag.no\/spartacus\/\",\"logo\":{\"@type\":\"ImageObject\",\"inLanguage\":\"nb-NO\",\"@id\":\"https:\/\/staging.forenteforlag.no\/spartacus\/#\/schema\/logo\/image\/\",\"url\":\"https:\/\/staging.forenteforlag.no\/spartacus\/wp-content\/uploads\/sites\/6\/2024\/09\/Spartacus_logo.svg\",\"contentUrl\":\"https:\/\/staging.forenteforlag.no\/spartacus\/wp-content\/uploads\/sites\/6\/2024\/09\/Spartacus_logo.svg\",\"width\":100,\"height\":100,\"caption\":\"Spartacus forlag\"},\"image\":{\"@id\":\"https:\/\/staging.forenteforlag.no\/spartacus\/#\/schema\/logo\/image\/\"},\"sameAs\":[\"https:\/\/www.facebook.com\/SpartacusForlag\"]}]}<\/script>\n<!-- \/ Yoast SEO plugin. -->","yoast_head_json":{"title":"D\u00f8den p\u00e5 Bj\u00f8rn\u00f8ya - Spartacus","robots":{"index":"noindex","follow":"follow","max-snippet":"max-snippet:-1","max-image-preview":"max-image-preview:large","max-video-preview":"max-video-preview:-1"},"og_locale":"nb_NO","og_type":"article","og_title":"D\u00f8den p\u00e5 Bj\u00f8rn\u00f8ya - Spartacus","og_description":"Bj\u00f8rn\u00f8ya har noe av verdens verste klima. N\u00e5r det stormer, hender det at b\u00f8lgespruten sl\u00e5r hardt mot vindusrutene p\u00e5 v\u00e6rstasjonen oppe p\u00e5 kanten av \u00f8ya, det eneste stedet hvor det bor folk. Dag Hagen\u00e6s-Kjelldahl er en av dem som kjenner Bj\u00f8rn\u00f8ya best. \u00c5rene som meteorologiassistent p\u00e5 ishavs\u00f8ya har satt dype spor, minnene kan fortsatt mane [&hellip;]","og_url":"https:\/\/staging.forenteforlag.no\/spartacus\/produkt\/doden-pa-bjornoya\/","og_site_name":"Spartacus","article_publisher":"https:\/\/www.facebook.com\/SpartacusForlag","article_modified_time":"2026-03-04T14:02:34+00:00","og_image":[{"width":720,"height":1030,"url":"https:\/\/staging.forenteforlag.no\/spartacus\/wp-content\/uploads\/sites\/6\/2026\/02\/9788243006843.jpg","type":"image\/jpeg"}],"twitter_card":"summary_large_image","twitter_misc":{"Ansl. lesetid":"1 minutt"},"schema":{"@context":"https:\/\/schema.org","@graph":[{"@type":"WebPage","@id":"https:\/\/staging.forenteforlag.no\/spartacus\/produkt\/doden-pa-bjornoya\/","url":"https:\/\/staging.forenteforlag.no\/spartacus\/produkt\/doden-pa-bjornoya\/","name":"D\u00f8den p\u00e5 Bj\u00f8rn\u00f8ya - Spartacus","isPartOf":{"@id":"https:\/\/staging.forenteforlag.no\/spartacus\/#website"},"primaryImageOfPage":{"@id":"https:\/\/staging.forenteforlag.no\/spartacus\/produkt\/doden-pa-bjornoya\/#primaryimage"},"image":{"@id":"https:\/\/staging.forenteforlag.no\/spartacus\/produkt\/doden-pa-bjornoya\/#primaryimage"},"thumbnailUrl":"https:\/\/staging.forenteforlag.no\/spartacus\/wp-content\/uploads\/sites\/6\/2026\/02\/9788243006843.jpg","datePublished":"2012-08-23T00:00:00+00:00","dateModified":"2026-03-04T14:02:34+00:00","breadcrumb":{"@id":"https:\/\/staging.forenteforlag.no\/spartacus\/produkt\/doden-pa-bjornoya\/#breadcrumb"},"inLanguage":"nb-NO","potentialAction":[{"@type":"ReadAction","target":["https:\/\/staging.forenteforlag.no\/spartacus\/produkt\/doden-pa-bjornoya\/"]}]},{"@type":"ImageObject","inLanguage":"nb-NO","@id":"https:\/\/staging.forenteforlag.no\/spartacus\/produkt\/doden-pa-bjornoya\/#primaryimage","url":"https:\/\/staging.forenteforlag.no\/spartacus\/wp-content\/uploads\/sites\/6\/2026\/02\/9788243006843.jpg","contentUrl":"https:\/\/staging.forenteforlag.no\/spartacus\/wp-content\/uploads\/sites\/6\/2026\/02\/9788243006843.jpg","width":720,"height":1030},{"@type":"BreadcrumbList","@id":"https:\/\/staging.forenteforlag.no\/spartacus\/produkt\/doden-pa-bjornoya\/#breadcrumb","itemListElement":[{"@type":"ListItem","position":1,"name":"Hjem","item":"https:\/\/staging.forenteforlag.no\/spartacus\/"},{"@type":"ListItem","position":2,"name":"Alle b\u00f8ker","item":"https:\/\/staging.forenteforlag.no\/spartacus\/butikk\/"},{"@type":"ListItem","position":3,"name":"D\u00f8den p\u00e5 Bj\u00f8rn\u00f8ya"}]},{"@type":"WebSite","@id":"https:\/\/staging.forenteforlag.no\/spartacus\/#website","url":"https:\/\/staging.forenteforlag.no\/spartacus\/","name":"Spartacus forlag","description":"","publisher":{"@id":"https:\/\/staging.forenteforlag.no\/spartacus\/#organization"},"potentialAction":[{"@type":"SearchAction","target":{"@type":"EntryPoint","urlTemplate":"https:\/\/staging.forenteforlag.no\/spartacus\/?s={search_term_string}"},"query-input":{"@type":"PropertyValueSpecification","valueRequired":true,"valueName":"search_term_string"}}],"inLanguage":"nb-NO"},{"@type":"Organization","@id":"https:\/\/staging.forenteforlag.no\/spartacus\/#organization","name":"Spartacus forlag","url":"https:\/\/staging.forenteforlag.no\/spartacus\/","logo":{"@type":"ImageObject","inLanguage":"nb-NO","@id":"https:\/\/staging.forenteforlag.no\/spartacus\/#\/schema\/logo\/image\/","url":"https:\/\/staging.forenteforlag.no\/spartacus\/wp-content\/uploads\/sites\/6\/2024\/09\/Spartacus_logo.svg","contentUrl":"https:\/\/staging.forenteforlag.no\/spartacus\/wp-content\/uploads\/sites\/6\/2024\/09\/Spartacus_logo.svg","width":100,"height":100,"caption":"Spartacus forlag"},"image":{"@id":"https:\/\/staging.forenteforlag.no\/spartacus\/#\/schema\/logo\/image\/"},"sameAs":["https:\/\/www.facebook.com\/SpartacusForlag"]}]}},"_links":{"self":[{"href":"https:\/\/staging.forenteforlag.no\/spartacus\/wp-json\/wp\/v2\/product\/21248","targetHints":{"allow":["GET"]}}],"collection":[{"href":"https:\/\/staging.forenteforlag.no\/spartacus\/wp-json\/wp\/v2\/product"}],"about":[{"href":"https:\/\/staging.forenteforlag.no\/spartacus\/wp-json\/wp\/v2\/types\/product"}],"wp:featuredmedia":[{"embeddable":true,"href":"https:\/\/staging.forenteforlag.no\/spartacus\/wp-json\/wp\/v2\/media\/26338"}],"wp:attachment":[{"href":"https:\/\/staging.forenteforlag.no\/spartacus\/wp-json\/wp\/v2\/media?parent=21248"}],"wp:term":[{"taxonomy":"product_brand","embeddable":true,"href":"https:\/\/staging.forenteforlag.no\/spartacus\/wp-json\/wp\/v2\/product_brand?post=21248"},{"taxonomy":"product_cat","embeddable":true,"href":"https:\/\/staging.forenteforlag.no\/spartacus\/wp-json\/wp\/v2\/product_cat?post=21248"},{"taxonomy":"product_tag","embeddable":true,"href":"https:\/\/staging.forenteforlag.no\/spartacus\/wp-json\/wp\/v2\/product_tag?post=21248"}],"curies":[{"name":"wp","href":"https:\/\/api.w.org\/{rel}","templated":true}]}}