{"id":21102,"date":"2014-08-05T02:00:00","date_gmt":"2014-08-05T00:00:00","guid":{"rendered":"https:\/\/spartacus.forenteforlag.no\/produkt\/ti-tusen-skygger\/"},"modified":"2026-03-04T14:58:40","modified_gmt":"2026-03-04T13:58:40","slug":"ti-tusen-skygger","status":"publish","type":"product","link":"https:\/\/staging.forenteforlag.no\/spartacus\/produkt\/ti-tusen-skygger\/","title":{"rendered":"Ti tusen skygger"},"content":{"rendered":"<p>Spedalskhet er en av de eldste og verste sykdommer som menneskeheten kjenner til. Tidlig p\u00e5 1800-tallet gikk den blant annet under navnet Lepra borealis, Norvegica. Andre steder i Europa var spedalskhet utryddet for lengst. I Norge herjet sykdommen verre enn noensinne.  <\/p>\n<p>P\u00e5 kyststrekningene mellom Stavanger og Troms\u00f8 levde folk i angst for \u00e5 bli rammet. Minst ti tusen mennesker opplevde at marerittet ble virkelighet. Spedalskhet forvandlet dem til skrekkinngytende, d\u00f8dningaktige skikkelser. De ble makabre skygger av seg selv.  <\/p>\n<p>I f\u00f8rti \u00e5r, mellom 1830 og 1870, fremsto spedalskhet som en av de st\u00f8rste truslene mot folkehelsen i Norge. Sykdommen lenket landet fast til en dyster og primitiv fortid &#8211; i en periode da myndighetene mer enn noe \u00f8nsket \u00e5 modernisere samfunnet.  <\/p>\n<p>Ti tusen skygger er historien om en fryktelig sykdom, om norske myndigheters kamp for \u00e5 utrydde trusselen, og om mennesker som ble \u00f8delagt p\u00e5 grusomste vis. Det er ogs\u00e5 fortellingen om en komit\u00e9 som foreslo \u00e5 kastrere alle menn i visse familier, om uregjerlige spedalske med draget p\u00e5 damene, og om leger som mente at Vestlandet simpelthen var helsefarlig.  <\/p>\n<p>Presse: <br \/>\u00abSkildringen er s\u00e5 levende at man formelig kjenner lukten av puss og forr\u00e5tnelse. Jeg kommer ikke til \u00e5 glemme bildene av ofrene for Guds mest grusomme p\u00e5funn mot menneskeheten som God\u00f8y har plantet i meg med sitt innlevende spr\u00e5k. \u00bb Ivo De Figueiredo, Morgenbladet <\/p>\n<p>\u00abV\u00e6r advart &#8211; denne boka inneholder basiller og er sv\u00e6rt smittsom. \u00bb Stian Bromark, Dagsavisen   <\/p>\n<p>\u00abMesterlig! Usedvanlig godt om de spedalske i Norge.  Du! Les boka da vel.\u00bb Espen Stueland, Klassekampen <\/p>\n<p>\u00abEn av \u00e5rets sterkeste leseopplevelser. \u00bb  <br \/>Vebj\u00f8rn Selbekk, Dagen<\/p>\n","protected":false},"excerpt":{"rendered":"<p>Spedalskhet er en av de eldste og verste sykdommer som menneskeheten kjenner til. Tidlig p\u00e5 1800-tallet gikk den blant annet under navnet Lepra borealis, Norvegica. Andre steder i Europa var spedalskhet utryddet for lengst. I Norge herjet sykdommen verre enn noensinne. P\u00e5 kyststrekningene mellom Stavanger og Troms\u00f8 levde folk i angst for \u00e5 bli rammet. [&hellip;]<\/p>\n","protected":false},"featured_media":26298,"template":"","meta":{"_acf_changed":false,"inline_featured_image":false},"product_brand":[],"product_cat":[1786],"product_tag":[394,362,361,439,805,806],"class_list":{"0":"post-21102","1":"product","2":"type-product","3":"status-publish","4":"has-post-thumbnail","6":"product_cat-rabattkodekampanje","7":"product_tag-1800-tallet","8":"product_tag-faglitteratur","9":"product_tag-kulturhistorie","10":"product_tag-nord-norge","11":"product_tag-sosialmedisin","12":"product_tag-spedalskhet","14":"first","15":"outofstock","16":"shipping-taxable","17":"purchasable","18":"product-type-simple"},"acf":{"anmeldelse":null},"yoast_head":"<!-- This site is optimized with the Yoast SEO plugin v26.6 - https:\/\/yoast.com\/wordpress\/plugins\/seo\/ -->\n<title>Ti tusen skygger - Spartacus<\/title>\n<meta name=\"robots\" content=\"noindex, follow, max-snippet:-1, max-image-preview:large, max-video-preview:-1\" \/>\n<meta property=\"og:locale\" content=\"nb_NO\" \/>\n<meta property=\"og:type\" content=\"article\" \/>\n<meta property=\"og:title\" content=\"Ti tusen skygger - Spartacus\" \/>\n<meta property=\"og:description\" content=\"Spedalskhet er en av de eldste og verste sykdommer som menneskeheten kjenner til. Tidlig p\u00e5 1800-tallet gikk den blant annet under navnet Lepra borealis, Norvegica. Andre steder i Europa var spedalskhet utryddet for lengst. I Norge herjet sykdommen verre enn noensinne. P\u00e5 kyststrekningene mellom Stavanger og Troms\u00f8 levde folk i angst for \u00e5 bli rammet. [&hellip;]\" \/>\n<meta property=\"og:url\" content=\"https:\/\/staging.forenteforlag.no\/spartacus\/produkt\/ti-tusen-skygger\/\" \/>\n<meta property=\"og:site_name\" content=\"Spartacus\" \/>\n<meta property=\"article:publisher\" content=\"https:\/\/www.facebook.com\/SpartacusForlag\" \/>\n<meta property=\"article:modified_time\" content=\"2026-03-04T13:58:40+00:00\" \/>\n<meta property=\"og:image\" content=\"https:\/\/staging.forenteforlag.no\/spartacus\/wp-content\/uploads\/sites\/6\/2026\/02\/9788243006126.jpg\" \/>\n\t<meta property=\"og:image:width\" content=\"720\" \/>\n\t<meta property=\"og:image:height\" content=\"1013\" \/>\n\t<meta property=\"og:image:type\" content=\"image\/jpeg\" \/>\n<meta name=\"twitter:card\" content=\"summary_large_image\" \/>\n<meta name=\"twitter:label1\" content=\"Ansl. lesetid\" \/>\n\t<meta name=\"twitter:data1\" content=\"1 minutt\" \/>\n<script type=\"application\/ld+json\" class=\"yoast-schema-graph\">{\"@context\":\"https:\/\/schema.org\",\"@graph\":[{\"@type\":\"WebPage\",\"@id\":\"https:\/\/staging.forenteforlag.no\/spartacus\/produkt\/ti-tusen-skygger\/\",\"url\":\"https:\/\/staging.forenteforlag.no\/spartacus\/produkt\/ti-tusen-skygger\/\",\"name\":\"Ti tusen skygger - Spartacus\",\"isPartOf\":{\"@id\":\"https:\/\/staging.forenteforlag.no\/spartacus\/#website\"},\"primaryImageOfPage\":{\"@id\":\"https:\/\/staging.forenteforlag.no\/spartacus\/produkt\/ti-tusen-skygger\/#primaryimage\"},\"image\":{\"@id\":\"https:\/\/staging.forenteforlag.no\/spartacus\/produkt\/ti-tusen-skygger\/#primaryimage\"},\"thumbnailUrl\":\"https:\/\/staging.forenteforlag.no\/spartacus\/wp-content\/uploads\/sites\/6\/2026\/02\/9788243006126.jpg\",\"datePublished\":\"2014-08-05T00:00:00+00:00\",\"dateModified\":\"2026-03-04T13:58:40+00:00\",\"breadcrumb\":{\"@id\":\"https:\/\/staging.forenteforlag.no\/spartacus\/produkt\/ti-tusen-skygger\/#breadcrumb\"},\"inLanguage\":\"nb-NO\",\"potentialAction\":[{\"@type\":\"ReadAction\",\"target\":[\"https:\/\/staging.forenteforlag.no\/spartacus\/produkt\/ti-tusen-skygger\/\"]}]},{\"@type\":\"ImageObject\",\"inLanguage\":\"nb-NO\",\"@id\":\"https:\/\/staging.forenteforlag.no\/spartacus\/produkt\/ti-tusen-skygger\/#primaryimage\",\"url\":\"https:\/\/staging.forenteforlag.no\/spartacus\/wp-content\/uploads\/sites\/6\/2026\/02\/9788243006126.jpg\",\"contentUrl\":\"https:\/\/staging.forenteforlag.no\/spartacus\/wp-content\/uploads\/sites\/6\/2026\/02\/9788243006126.jpg\",\"width\":720,\"height\":1013},{\"@type\":\"BreadcrumbList\",\"@id\":\"https:\/\/staging.forenteforlag.no\/spartacus\/produkt\/ti-tusen-skygger\/#breadcrumb\",\"itemListElement\":[{\"@type\":\"ListItem\",\"position\":1,\"name\":\"Hjem\",\"item\":\"https:\/\/staging.forenteforlag.no\/spartacus\/\"},{\"@type\":\"ListItem\",\"position\":2,\"name\":\"Alle b\u00f8ker\",\"item\":\"https:\/\/staging.forenteforlag.no\/spartacus\/butikk\/\"},{\"@type\":\"ListItem\",\"position\":3,\"name\":\"Ti tusen skygger\"}]},{\"@type\":\"WebSite\",\"@id\":\"https:\/\/staging.forenteforlag.no\/spartacus\/#website\",\"url\":\"https:\/\/staging.forenteforlag.no\/spartacus\/\",\"name\":\"Spartacus forlag\",\"description\":\"\",\"publisher\":{\"@id\":\"https:\/\/staging.forenteforlag.no\/spartacus\/#organization\"},\"potentialAction\":[{\"@type\":\"SearchAction\",\"target\":{\"@type\":\"EntryPoint\",\"urlTemplate\":\"https:\/\/staging.forenteforlag.no\/spartacus\/?s={search_term_string}\"},\"query-input\":{\"@type\":\"PropertyValueSpecification\",\"valueRequired\":true,\"valueName\":\"search_term_string\"}}],\"inLanguage\":\"nb-NO\"},{\"@type\":\"Organization\",\"@id\":\"https:\/\/staging.forenteforlag.no\/spartacus\/#organization\",\"name\":\"Spartacus forlag\",\"url\":\"https:\/\/staging.forenteforlag.no\/spartacus\/\",\"logo\":{\"@type\":\"ImageObject\",\"inLanguage\":\"nb-NO\",\"@id\":\"https:\/\/staging.forenteforlag.no\/spartacus\/#\/schema\/logo\/image\/\",\"url\":\"https:\/\/staging.forenteforlag.no\/spartacus\/wp-content\/uploads\/sites\/6\/2024\/09\/Spartacus_logo.svg\",\"contentUrl\":\"https:\/\/staging.forenteforlag.no\/spartacus\/wp-content\/uploads\/sites\/6\/2024\/09\/Spartacus_logo.svg\",\"width\":100,\"height\":100,\"caption\":\"Spartacus forlag\"},\"image\":{\"@id\":\"https:\/\/staging.forenteforlag.no\/spartacus\/#\/schema\/logo\/image\/\"},\"sameAs\":[\"https:\/\/www.facebook.com\/SpartacusForlag\"]}]}<\/script>\n<!-- \/ Yoast SEO plugin. -->","yoast_head_json":{"title":"Ti tusen skygger - Spartacus","robots":{"index":"noindex","follow":"follow","max-snippet":"max-snippet:-1","max-image-preview":"max-image-preview:large","max-video-preview":"max-video-preview:-1"},"og_locale":"nb_NO","og_type":"article","og_title":"Ti tusen skygger - Spartacus","og_description":"Spedalskhet er en av de eldste og verste sykdommer som menneskeheten kjenner til. Tidlig p\u00e5 1800-tallet gikk den blant annet under navnet Lepra borealis, Norvegica. Andre steder i Europa var spedalskhet utryddet for lengst. I Norge herjet sykdommen verre enn noensinne. P\u00e5 kyststrekningene mellom Stavanger og Troms\u00f8 levde folk i angst for \u00e5 bli rammet. [&hellip;]","og_url":"https:\/\/staging.forenteforlag.no\/spartacus\/produkt\/ti-tusen-skygger\/","og_site_name":"Spartacus","article_publisher":"https:\/\/www.facebook.com\/SpartacusForlag","article_modified_time":"2026-03-04T13:58:40+00:00","og_image":[{"width":720,"height":1013,"url":"https:\/\/staging.forenteforlag.no\/spartacus\/wp-content\/uploads\/sites\/6\/2026\/02\/9788243006126.jpg","type":"image\/jpeg"}],"twitter_card":"summary_large_image","twitter_misc":{"Ansl. lesetid":"1 minutt"},"schema":{"@context":"https:\/\/schema.org","@graph":[{"@type":"WebPage","@id":"https:\/\/staging.forenteforlag.no\/spartacus\/produkt\/ti-tusen-skygger\/","url":"https:\/\/staging.forenteforlag.no\/spartacus\/produkt\/ti-tusen-skygger\/","name":"Ti tusen skygger - Spartacus","isPartOf":{"@id":"https:\/\/staging.forenteforlag.no\/spartacus\/#website"},"primaryImageOfPage":{"@id":"https:\/\/staging.forenteforlag.no\/spartacus\/produkt\/ti-tusen-skygger\/#primaryimage"},"image":{"@id":"https:\/\/staging.forenteforlag.no\/spartacus\/produkt\/ti-tusen-skygger\/#primaryimage"},"thumbnailUrl":"https:\/\/staging.forenteforlag.no\/spartacus\/wp-content\/uploads\/sites\/6\/2026\/02\/9788243006126.jpg","datePublished":"2014-08-05T00:00:00+00:00","dateModified":"2026-03-04T13:58:40+00:00","breadcrumb":{"@id":"https:\/\/staging.forenteforlag.no\/spartacus\/produkt\/ti-tusen-skygger\/#breadcrumb"},"inLanguage":"nb-NO","potentialAction":[{"@type":"ReadAction","target":["https:\/\/staging.forenteforlag.no\/spartacus\/produkt\/ti-tusen-skygger\/"]}]},{"@type":"ImageObject","inLanguage":"nb-NO","@id":"https:\/\/staging.forenteforlag.no\/spartacus\/produkt\/ti-tusen-skygger\/#primaryimage","url":"https:\/\/staging.forenteforlag.no\/spartacus\/wp-content\/uploads\/sites\/6\/2026\/02\/9788243006126.jpg","contentUrl":"https:\/\/staging.forenteforlag.no\/spartacus\/wp-content\/uploads\/sites\/6\/2026\/02\/9788243006126.jpg","width":720,"height":1013},{"@type":"BreadcrumbList","@id":"https:\/\/staging.forenteforlag.no\/spartacus\/produkt\/ti-tusen-skygger\/#breadcrumb","itemListElement":[{"@type":"ListItem","position":1,"name":"Hjem","item":"https:\/\/staging.forenteforlag.no\/spartacus\/"},{"@type":"ListItem","position":2,"name":"Alle b\u00f8ker","item":"https:\/\/staging.forenteforlag.no\/spartacus\/butikk\/"},{"@type":"ListItem","position":3,"name":"Ti tusen skygger"}]},{"@type":"WebSite","@id":"https:\/\/staging.forenteforlag.no\/spartacus\/#website","url":"https:\/\/staging.forenteforlag.no\/spartacus\/","name":"Spartacus forlag","description":"","publisher":{"@id":"https:\/\/staging.forenteforlag.no\/spartacus\/#organization"},"potentialAction":[{"@type":"SearchAction","target":{"@type":"EntryPoint","urlTemplate":"https:\/\/staging.forenteforlag.no\/spartacus\/?s={search_term_string}"},"query-input":{"@type":"PropertyValueSpecification","valueRequired":true,"valueName":"search_term_string"}}],"inLanguage":"nb-NO"},{"@type":"Organization","@id":"https:\/\/staging.forenteforlag.no\/spartacus\/#organization","name":"Spartacus forlag","url":"https:\/\/staging.forenteforlag.no\/spartacus\/","logo":{"@type":"ImageObject","inLanguage":"nb-NO","@id":"https:\/\/staging.forenteforlag.no\/spartacus\/#\/schema\/logo\/image\/","url":"https:\/\/staging.forenteforlag.no\/spartacus\/wp-content\/uploads\/sites\/6\/2024\/09\/Spartacus_logo.svg","contentUrl":"https:\/\/staging.forenteforlag.no\/spartacus\/wp-content\/uploads\/sites\/6\/2024\/09\/Spartacus_logo.svg","width":100,"height":100,"caption":"Spartacus forlag"},"image":{"@id":"https:\/\/staging.forenteforlag.no\/spartacus\/#\/schema\/logo\/image\/"},"sameAs":["https:\/\/www.facebook.com\/SpartacusForlag"]}]}},"_links":{"self":[{"href":"https:\/\/staging.forenteforlag.no\/spartacus\/wp-json\/wp\/v2\/product\/21102","targetHints":{"allow":["GET"]}}],"collection":[{"href":"https:\/\/staging.forenteforlag.no\/spartacus\/wp-json\/wp\/v2\/product"}],"about":[{"href":"https:\/\/staging.forenteforlag.no\/spartacus\/wp-json\/wp\/v2\/types\/product"}],"wp:featuredmedia":[{"embeddable":true,"href":"https:\/\/staging.forenteforlag.no\/spartacus\/wp-json\/wp\/v2\/media\/26298"}],"wp:attachment":[{"href":"https:\/\/staging.forenteforlag.no\/spartacus\/wp-json\/wp\/v2\/media?parent=21102"}],"wp:term":[{"taxonomy":"product_brand","embeddable":true,"href":"https:\/\/staging.forenteforlag.no\/spartacus\/wp-json\/wp\/v2\/product_brand?post=21102"},{"taxonomy":"product_cat","embeddable":true,"href":"https:\/\/staging.forenteforlag.no\/spartacus\/wp-json\/wp\/v2\/product_cat?post=21102"},{"taxonomy":"product_tag","embeddable":true,"href":"https:\/\/staging.forenteforlag.no\/spartacus\/wp-json\/wp\/v2\/product_tag?post=21102"}],"curies":[{"name":"wp","href":"https:\/\/api.w.org\/{rel}","templated":true}]}}