{"id":21069,"date":"2015-04-16T02:00:00","date_gmt":"2015-04-16T00:00:00","guid":{"rendered":"https:\/\/spartacus.forenteforlag.no\/produkt\/jakten-pa-sigurd-jorsalfare\/"},"modified":"2026-03-03T19:19:00","modified_gmt":"2026-03-03T18:19:00","slug":"jakten-pa-sigurd-jorsalfare","status":"publish","type":"product","link":"https:\/\/staging.forenteforlag.no\/spartacus\/produkt\/jakten-pa-sigurd-jorsalfare\/","title":{"rendered":"Jakten p\u00e5 Sigurd Jorsalfare"},"content":{"rendered":"<p>SIGURD JORSALFARE var den f\u00f8rste europeiske kongen som vervet seg til korstogene. I 1108 ledet han som atten\u00e5ring 60 skip ut fra Bergen, p\u00e5 vei mot Jerusalem. Tre \u00e5r senere vender han seierrik tilbake, men alle skipene og de fleste mennene er borte. Og kongen selv &#8211; er han blitt gal? <\/p>\n<p>Forfatteren \u00d8ystein Morten har reist i Sigurds fotspor og tar alle metoder i bruk for \u00e5 gi et sannere bilde av den myteomspunne kongen . Resultatet er en dypt original og spill levende fortelling fra v\u00e5r mest dramatiske fortid. <\/p>\n<p>\u00ab\u00d8ystein Morten har gitt norsk popul\u00e6rhistorie ein ny dimensjon\u00bb &#8211; TOM HETLAND, STAVANGER AFTENBLAD\/B.T.  <\/p>\n<p>\u00ab\u00d8ystein Morten er tilbake med en ny forfriskende biografi om en norsk vikingkonge. (&#8230;) Slik han i forrige bok klarte \u00e5 gi oss et nytt blikk p\u00e5 Olav den hellige, rykker han n\u00e5 Sigurd ut av sin gamle kontekst og lar oss vurdere ham i et nytt lys\u00bb STEN INGE J\u00d8RGENSEN, VG <\/p>\n<p>\u00abJakten p\u00e5 Sigurd Jorsalfare er drivende spennende historiefortelling, <br \/>og dertil et skarpt portrett av historiefagets utfordringer og potensielle fallgruver\u00bb <br \/>CARLINE TROMP, KLASSEKAMPEN <\/p>\n<p>\u00abJeg lar meg imponere og rive med av denne forskerferden.\u00bb  <br \/>Emil Otto Syvertsen, F\u00e6drelandsvennen<\/p>\n","protected":false},"excerpt":{"rendered":"<p>SIGURD JORSALFARE var den f\u00f8rste europeiske kongen som vervet seg til korstogene. I 1108 ledet han som atten\u00e5ring 60 skip ut fra Bergen, p\u00e5 vei mot Jerusalem. Tre \u00e5r senere vender han seierrik tilbake, men alle skipene og de fleste mennene er borte. Og kongen selv &#8211; er han blitt gal? Forfatteren \u00d8ystein Morten har [&hellip;]<\/p>\n","protected":false},"featured_media":26440,"template":"","meta":{"_acf_changed":false,"inline_featured_image":false},"product_brand":[],"product_cat":[1786],"product_tag":[362,626,789,366,439],"class_list":{"0":"post-21069","1":"product","2":"type-product","3":"status-publish","4":"has-post-thumbnail","6":"product_cat-rabattkodekampanje","7":"product_tag-faglitteratur","8":"product_tag-historiske-personer","9":"product_tag-hoymiddelalderen","10":"product_tag-kongelige","11":"product_tag-nord-norge","13":"first","14":"outofstock","15":"shipping-taxable","16":"purchasable","17":"product-type-simple"},"acf":{"anmeldelse":null},"yoast_head":"<!-- This site is optimized with the Yoast SEO plugin v26.6 - https:\/\/yoast.com\/wordpress\/plugins\/seo\/ -->\n<title>Jakten p\u00e5 Sigurd Jorsalfare - Spartacus<\/title>\n<meta name=\"robots\" content=\"noindex, follow, max-snippet:-1, max-image-preview:large, max-video-preview:-1\" \/>\n<meta property=\"og:locale\" content=\"nb_NO\" \/>\n<meta property=\"og:type\" content=\"article\" \/>\n<meta property=\"og:title\" content=\"Jakten p\u00e5 Sigurd Jorsalfare - Spartacus\" \/>\n<meta property=\"og:description\" content=\"SIGURD JORSALFARE var den f\u00f8rste europeiske kongen som vervet seg til korstogene. I 1108 ledet han som atten\u00e5ring 60 skip ut fra Bergen, p\u00e5 vei mot Jerusalem. Tre \u00e5r senere vender han seierrik tilbake, men alle skipene og de fleste mennene er borte. Og kongen selv &#8211; er han blitt gal? Forfatteren \u00d8ystein Morten har [&hellip;]\" \/>\n<meta property=\"og:url\" content=\"https:\/\/staging.forenteforlag.no\/spartacus\/produkt\/jakten-pa-sigurd-jorsalfare\/\" \/>\n<meta property=\"og:site_name\" content=\"Spartacus\" \/>\n<meta property=\"article:publisher\" content=\"https:\/\/www.facebook.com\/SpartacusForlag\" \/>\n<meta property=\"article:modified_time\" content=\"2026-03-03T18:19:00+00:00\" \/>\n<meta property=\"og:image\" content=\"https:\/\/staging.forenteforlag.no\/spartacus\/wp-content\/uploads\/sites\/6\/2026\/02\/9788243009660.jpg\" \/>\n\t<meta property=\"og:image:width\" content=\"720\" \/>\n\t<meta property=\"og:image:height\" content=\"1166\" \/>\n\t<meta property=\"og:image:type\" content=\"image\/jpeg\" \/>\n<meta name=\"twitter:card\" content=\"summary_large_image\" \/>\n<meta name=\"twitter:label1\" content=\"Ansl. lesetid\" \/>\n\t<meta name=\"twitter:data1\" content=\"1 minutt\" \/>\n<script type=\"application\/ld+json\" class=\"yoast-schema-graph\">{\"@context\":\"https:\/\/schema.org\",\"@graph\":[{\"@type\":\"WebPage\",\"@id\":\"https:\/\/staging.forenteforlag.no\/spartacus\/produkt\/jakten-pa-sigurd-jorsalfare\/\",\"url\":\"https:\/\/staging.forenteforlag.no\/spartacus\/produkt\/jakten-pa-sigurd-jorsalfare\/\",\"name\":\"Jakten p\u00e5 Sigurd Jorsalfare - Spartacus\",\"isPartOf\":{\"@id\":\"https:\/\/staging.forenteforlag.no\/spartacus\/#website\"},\"primaryImageOfPage\":{\"@id\":\"https:\/\/staging.forenteforlag.no\/spartacus\/produkt\/jakten-pa-sigurd-jorsalfare\/#primaryimage\"},\"image\":{\"@id\":\"https:\/\/staging.forenteforlag.no\/spartacus\/produkt\/jakten-pa-sigurd-jorsalfare\/#primaryimage\"},\"thumbnailUrl\":\"https:\/\/staging.forenteforlag.no\/spartacus\/wp-content\/uploads\/sites\/6\/2026\/02\/9788243009660.jpg\",\"datePublished\":\"2015-04-16T00:00:00+00:00\",\"dateModified\":\"2026-03-03T18:19:00+00:00\",\"breadcrumb\":{\"@id\":\"https:\/\/staging.forenteforlag.no\/spartacus\/produkt\/jakten-pa-sigurd-jorsalfare\/#breadcrumb\"},\"inLanguage\":\"nb-NO\",\"potentialAction\":[{\"@type\":\"ReadAction\",\"target\":[\"https:\/\/staging.forenteforlag.no\/spartacus\/produkt\/jakten-pa-sigurd-jorsalfare\/\"]}]},{\"@type\":\"ImageObject\",\"inLanguage\":\"nb-NO\",\"@id\":\"https:\/\/staging.forenteforlag.no\/spartacus\/produkt\/jakten-pa-sigurd-jorsalfare\/#primaryimage\",\"url\":\"https:\/\/staging.forenteforlag.no\/spartacus\/wp-content\/uploads\/sites\/6\/2026\/02\/9788243009660.jpg\",\"contentUrl\":\"https:\/\/staging.forenteforlag.no\/spartacus\/wp-content\/uploads\/sites\/6\/2026\/02\/9788243009660.jpg\",\"width\":720,\"height\":1166},{\"@type\":\"BreadcrumbList\",\"@id\":\"https:\/\/staging.forenteforlag.no\/spartacus\/produkt\/jakten-pa-sigurd-jorsalfare\/#breadcrumb\",\"itemListElement\":[{\"@type\":\"ListItem\",\"position\":1,\"name\":\"Hjem\",\"item\":\"https:\/\/staging.forenteforlag.no\/spartacus\/\"},{\"@type\":\"ListItem\",\"position\":2,\"name\":\"Alle b\u00f8ker\",\"item\":\"https:\/\/staging.forenteforlag.no\/spartacus\/butikk\/\"},{\"@type\":\"ListItem\",\"position\":3,\"name\":\"Jakten p\u00e5 Sigurd Jorsalfare\"}]},{\"@type\":\"WebSite\",\"@id\":\"https:\/\/staging.forenteforlag.no\/spartacus\/#website\",\"url\":\"https:\/\/staging.forenteforlag.no\/spartacus\/\",\"name\":\"Spartacus forlag\",\"description\":\"\",\"publisher\":{\"@id\":\"https:\/\/staging.forenteforlag.no\/spartacus\/#organization\"},\"potentialAction\":[{\"@type\":\"SearchAction\",\"target\":{\"@type\":\"EntryPoint\",\"urlTemplate\":\"https:\/\/staging.forenteforlag.no\/spartacus\/?s={search_term_string}\"},\"query-input\":{\"@type\":\"PropertyValueSpecification\",\"valueRequired\":true,\"valueName\":\"search_term_string\"}}],\"inLanguage\":\"nb-NO\"},{\"@type\":\"Organization\",\"@id\":\"https:\/\/staging.forenteforlag.no\/spartacus\/#organization\",\"name\":\"Spartacus forlag\",\"url\":\"https:\/\/staging.forenteforlag.no\/spartacus\/\",\"logo\":{\"@type\":\"ImageObject\",\"inLanguage\":\"nb-NO\",\"@id\":\"https:\/\/staging.forenteforlag.no\/spartacus\/#\/schema\/logo\/image\/\",\"url\":\"https:\/\/staging.forenteforlag.no\/spartacus\/wp-content\/uploads\/sites\/6\/2024\/09\/Spartacus_logo.svg\",\"contentUrl\":\"https:\/\/staging.forenteforlag.no\/spartacus\/wp-content\/uploads\/sites\/6\/2024\/09\/Spartacus_logo.svg\",\"width\":100,\"height\":100,\"caption\":\"Spartacus forlag\"},\"image\":{\"@id\":\"https:\/\/staging.forenteforlag.no\/spartacus\/#\/schema\/logo\/image\/\"},\"sameAs\":[\"https:\/\/www.facebook.com\/SpartacusForlag\"]}]}<\/script>\n<!-- \/ Yoast SEO plugin. -->","yoast_head_json":{"title":"Jakten p\u00e5 Sigurd Jorsalfare - Spartacus","robots":{"index":"noindex","follow":"follow","max-snippet":"max-snippet:-1","max-image-preview":"max-image-preview:large","max-video-preview":"max-video-preview:-1"},"og_locale":"nb_NO","og_type":"article","og_title":"Jakten p\u00e5 Sigurd Jorsalfare - Spartacus","og_description":"SIGURD JORSALFARE var den f\u00f8rste europeiske kongen som vervet seg til korstogene. I 1108 ledet han som atten\u00e5ring 60 skip ut fra Bergen, p\u00e5 vei mot Jerusalem. Tre \u00e5r senere vender han seierrik tilbake, men alle skipene og de fleste mennene er borte. Og kongen selv &#8211; er han blitt gal? Forfatteren \u00d8ystein Morten har [&hellip;]","og_url":"https:\/\/staging.forenteforlag.no\/spartacus\/produkt\/jakten-pa-sigurd-jorsalfare\/","og_site_name":"Spartacus","article_publisher":"https:\/\/www.facebook.com\/SpartacusForlag","article_modified_time":"2026-03-03T18:19:00+00:00","og_image":[{"width":720,"height":1166,"url":"https:\/\/staging.forenteforlag.no\/spartacus\/wp-content\/uploads\/sites\/6\/2026\/02\/9788243009660.jpg","type":"image\/jpeg"}],"twitter_card":"summary_large_image","twitter_misc":{"Ansl. lesetid":"1 minutt"},"schema":{"@context":"https:\/\/schema.org","@graph":[{"@type":"WebPage","@id":"https:\/\/staging.forenteforlag.no\/spartacus\/produkt\/jakten-pa-sigurd-jorsalfare\/","url":"https:\/\/staging.forenteforlag.no\/spartacus\/produkt\/jakten-pa-sigurd-jorsalfare\/","name":"Jakten p\u00e5 Sigurd Jorsalfare - Spartacus","isPartOf":{"@id":"https:\/\/staging.forenteforlag.no\/spartacus\/#website"},"primaryImageOfPage":{"@id":"https:\/\/staging.forenteforlag.no\/spartacus\/produkt\/jakten-pa-sigurd-jorsalfare\/#primaryimage"},"image":{"@id":"https:\/\/staging.forenteforlag.no\/spartacus\/produkt\/jakten-pa-sigurd-jorsalfare\/#primaryimage"},"thumbnailUrl":"https:\/\/staging.forenteforlag.no\/spartacus\/wp-content\/uploads\/sites\/6\/2026\/02\/9788243009660.jpg","datePublished":"2015-04-16T00:00:00+00:00","dateModified":"2026-03-03T18:19:00+00:00","breadcrumb":{"@id":"https:\/\/staging.forenteforlag.no\/spartacus\/produkt\/jakten-pa-sigurd-jorsalfare\/#breadcrumb"},"inLanguage":"nb-NO","potentialAction":[{"@type":"ReadAction","target":["https:\/\/staging.forenteforlag.no\/spartacus\/produkt\/jakten-pa-sigurd-jorsalfare\/"]}]},{"@type":"ImageObject","inLanguage":"nb-NO","@id":"https:\/\/staging.forenteforlag.no\/spartacus\/produkt\/jakten-pa-sigurd-jorsalfare\/#primaryimage","url":"https:\/\/staging.forenteforlag.no\/spartacus\/wp-content\/uploads\/sites\/6\/2026\/02\/9788243009660.jpg","contentUrl":"https:\/\/staging.forenteforlag.no\/spartacus\/wp-content\/uploads\/sites\/6\/2026\/02\/9788243009660.jpg","width":720,"height":1166},{"@type":"BreadcrumbList","@id":"https:\/\/staging.forenteforlag.no\/spartacus\/produkt\/jakten-pa-sigurd-jorsalfare\/#breadcrumb","itemListElement":[{"@type":"ListItem","position":1,"name":"Hjem","item":"https:\/\/staging.forenteforlag.no\/spartacus\/"},{"@type":"ListItem","position":2,"name":"Alle b\u00f8ker","item":"https:\/\/staging.forenteforlag.no\/spartacus\/butikk\/"},{"@type":"ListItem","position":3,"name":"Jakten p\u00e5 Sigurd Jorsalfare"}]},{"@type":"WebSite","@id":"https:\/\/staging.forenteforlag.no\/spartacus\/#website","url":"https:\/\/staging.forenteforlag.no\/spartacus\/","name":"Spartacus forlag","description":"","publisher":{"@id":"https:\/\/staging.forenteforlag.no\/spartacus\/#organization"},"potentialAction":[{"@type":"SearchAction","target":{"@type":"EntryPoint","urlTemplate":"https:\/\/staging.forenteforlag.no\/spartacus\/?s={search_term_string}"},"query-input":{"@type":"PropertyValueSpecification","valueRequired":true,"valueName":"search_term_string"}}],"inLanguage":"nb-NO"},{"@type":"Organization","@id":"https:\/\/staging.forenteforlag.no\/spartacus\/#organization","name":"Spartacus forlag","url":"https:\/\/staging.forenteforlag.no\/spartacus\/","logo":{"@type":"ImageObject","inLanguage":"nb-NO","@id":"https:\/\/staging.forenteforlag.no\/spartacus\/#\/schema\/logo\/image\/","url":"https:\/\/staging.forenteforlag.no\/spartacus\/wp-content\/uploads\/sites\/6\/2024\/09\/Spartacus_logo.svg","contentUrl":"https:\/\/staging.forenteforlag.no\/spartacus\/wp-content\/uploads\/sites\/6\/2024\/09\/Spartacus_logo.svg","width":100,"height":100,"caption":"Spartacus forlag"},"image":{"@id":"https:\/\/staging.forenteforlag.no\/spartacus\/#\/schema\/logo\/image\/"},"sameAs":["https:\/\/www.facebook.com\/SpartacusForlag"]}]}},"_links":{"self":[{"href":"https:\/\/staging.forenteforlag.no\/spartacus\/wp-json\/wp\/v2\/product\/21069","targetHints":{"allow":["GET"]}}],"collection":[{"href":"https:\/\/staging.forenteforlag.no\/spartacus\/wp-json\/wp\/v2\/product"}],"about":[{"href":"https:\/\/staging.forenteforlag.no\/spartacus\/wp-json\/wp\/v2\/types\/product"}],"wp:featuredmedia":[{"embeddable":true,"href":"https:\/\/staging.forenteforlag.no\/spartacus\/wp-json\/wp\/v2\/media\/26440"}],"wp:attachment":[{"href":"https:\/\/staging.forenteforlag.no\/spartacus\/wp-json\/wp\/v2\/media?parent=21069"}],"wp:term":[{"taxonomy":"product_brand","embeddable":true,"href":"https:\/\/staging.forenteforlag.no\/spartacus\/wp-json\/wp\/v2\/product_brand?post=21069"},{"taxonomy":"product_cat","embeddable":true,"href":"https:\/\/staging.forenteforlag.no\/spartacus\/wp-json\/wp\/v2\/product_cat?post=21069"},{"taxonomy":"product_tag","embeddable":true,"href":"https:\/\/staging.forenteforlag.no\/spartacus\/wp-json\/wp\/v2\/product_tag?post=21069"}],"curies":[{"name":"wp","href":"https:\/\/api.w.org\/{rel}","templated":true}]}}