{"id":21066,"date":"2024-12-10T21:11:17","date_gmt":"2024-12-10T20:11:17","guid":{"rendered":"https:\/\/spartacus.forenteforlag.no\/produkt\/helbredernes-hemmeligheter\/"},"modified":"2026-03-03T19:18:11","modified_gmt":"2026-03-03T18:18:11","slug":"helbredernes-hemmeligheter","status":"publish","type":"product","link":"https:\/\/staging.forenteforlag.no\/spartacus\/produkt\/helbredernes-hemmeligheter\/","title":{"rendered":"Helbredernes hemmeligheter"},"content":{"rendered":"<p>Nordmenn kj\u00f8per hvert \u00e5r helsekostpreparater og alternative behandlinger for seks milliarder kroner. Homeopater, akupunkt\u00f8rer, healere og andre alternative behandlere hevder gjerne at de forvalter en helhetlig kunnskap som egevitenskapen ignorerer, og helbredelser blir ofte beskrevet som overnaturlige eller uforklarlige. Skeptikerne har derimot en tendens til \u00e5 avfeie alternativ behandling som tull og t\u00f8ys og placeboeffekter. Helbredernes hemmeligheter lanserer i steden en tredje og mer balansert fortelling om Det alternative Norge: Hvis 50 000 mennesker sier at de er blitt bedre av \u00e5 snakke med Sn\u00e5samannen, er det for lettvint \u00e5 si at de tar feil. Bjarne R\u00f8sj\u00f8 har intervjuet en rekke eksperter om blant annet placeboeffekten, medisinsk statistikk og hjerneforskning. Ekspertene gir tildels overraskende svar som alle peker i samme retning: De alternative behandlingenes resultater lar seg i stor grad forklare ved hjelp av kjente vitenskapelige prinsipper og bruk av sunn fornuft. Alle som er interessert i alternativ behandling, har muligheten til \u00e5 f\u00e5 ny kunnskap hvis de leser denne boka.<\/p>\n","protected":false},"excerpt":{"rendered":"<p>Nordmenn kj\u00f8per hvert \u00e5r helsekostpreparater og alternative behandlinger for seks milliarder kroner. Homeopater, akupunkt\u00f8rer, healere og andre alternative behandlere hevder gjerne at de forvalter en helhetlig kunnskap som egevitenskapen ignorerer, og helbredelser blir ofte beskrevet som overnaturlige eller uforklarlige. Skeptikerne har derimot en tendens til \u00e5 avfeie alternativ behandling som tull og t\u00f8ys og placeboeffekter. [&hellip;]<\/p>\n","protected":false},"featured_media":0,"template":"","meta":{"_acf_changed":false,"inline_featured_image":false},"product_brand":[],"product_cat":[1786],"product_tag":[787,362],"class_list":{"0":"post-21066","1":"product","2":"type-product","3":"status-publish","5":"product_cat-rabattkodekampanje","6":"product_tag-alternativ-medisin","7":"product_tag-faglitteratur","9":"first","10":"outofstock","11":"taxable","12":"shipping-taxable","13":"purchasable","14":"product-type-simple"},"acf":{"anmeldelse":null},"yoast_head":"<!-- This site is optimized with the Yoast SEO plugin v26.6 - https:\/\/yoast.com\/wordpress\/plugins\/seo\/ -->\n<title>Helbredernes hemmeligheter - Spartacus<\/title>\n<meta name=\"robots\" content=\"noindex, follow, max-snippet:-1, max-image-preview:large, max-video-preview:-1\" \/>\n<meta property=\"og:locale\" content=\"nb_NO\" \/>\n<meta property=\"og:type\" content=\"article\" \/>\n<meta property=\"og:title\" content=\"Helbredernes hemmeligheter - Spartacus\" \/>\n<meta property=\"og:description\" content=\"Nordmenn kj\u00f8per hvert \u00e5r helsekostpreparater og alternative behandlinger for seks milliarder kroner. Homeopater, akupunkt\u00f8rer, healere og andre alternative behandlere hevder gjerne at de forvalter en helhetlig kunnskap som egevitenskapen ignorerer, og helbredelser blir ofte beskrevet som overnaturlige eller uforklarlige. Skeptikerne har derimot en tendens til \u00e5 avfeie alternativ behandling som tull og t\u00f8ys og placeboeffekter. [&hellip;]\" \/>\n<meta property=\"og:url\" content=\"https:\/\/staging.forenteforlag.no\/spartacus\/produkt\/helbredernes-hemmeligheter\/\" \/>\n<meta property=\"og:site_name\" content=\"Spartacus\" \/>\n<meta property=\"article:publisher\" content=\"https:\/\/www.facebook.com\/SpartacusForlag\" \/>\n<meta property=\"article:modified_time\" content=\"2026-03-03T18:18:11+00:00\" \/>\n<meta property=\"og:image\" content=\"https:\/\/staging.forenteforlag.no\/spartacus\/wp-content\/uploads\/sites\/6\/2025\/02\/spartacus-hvit.jpg\" \/>\n\t<meta property=\"og:image:width\" content=\"1200\" \/>\n\t<meta property=\"og:image:height\" content=\"800\" \/>\n\t<meta property=\"og:image:type\" content=\"image\/jpeg\" \/>\n<meta name=\"twitter:card\" content=\"summary_large_image\" \/>\n<meta name=\"twitter:label1\" content=\"Ansl. lesetid\" \/>\n\t<meta name=\"twitter:data1\" content=\"1 minutt\" \/>\n<script type=\"application\/ld+json\" class=\"yoast-schema-graph\">{\"@context\":\"https:\/\/schema.org\",\"@graph\":[{\"@type\":\"WebPage\",\"@id\":\"https:\/\/staging.forenteforlag.no\/spartacus\/produkt\/helbredernes-hemmeligheter\/\",\"url\":\"https:\/\/staging.forenteforlag.no\/spartacus\/produkt\/helbredernes-hemmeligheter\/\",\"name\":\"Helbredernes hemmeligheter - Spartacus\",\"isPartOf\":{\"@id\":\"https:\/\/staging.forenteforlag.no\/spartacus\/#website\"},\"datePublished\":\"2024-12-10T20:11:17+00:00\",\"dateModified\":\"2026-03-03T18:18:11+00:00\",\"breadcrumb\":{\"@id\":\"https:\/\/staging.forenteforlag.no\/spartacus\/produkt\/helbredernes-hemmeligheter\/#breadcrumb\"},\"inLanguage\":\"nb-NO\",\"potentialAction\":[{\"@type\":\"ReadAction\",\"target\":[\"https:\/\/staging.forenteforlag.no\/spartacus\/produkt\/helbredernes-hemmeligheter\/\"]}]},{\"@type\":\"BreadcrumbList\",\"@id\":\"https:\/\/staging.forenteforlag.no\/spartacus\/produkt\/helbredernes-hemmeligheter\/#breadcrumb\",\"itemListElement\":[{\"@type\":\"ListItem\",\"position\":1,\"name\":\"Hjem\",\"item\":\"https:\/\/staging.forenteforlag.no\/spartacus\/\"},{\"@type\":\"ListItem\",\"position\":2,\"name\":\"Alle b\u00f8ker\",\"item\":\"https:\/\/staging.forenteforlag.no\/spartacus\/butikk\/\"},{\"@type\":\"ListItem\",\"position\":3,\"name\":\"Helbredernes hemmeligheter\"}]},{\"@type\":\"WebSite\",\"@id\":\"https:\/\/staging.forenteforlag.no\/spartacus\/#website\",\"url\":\"https:\/\/staging.forenteforlag.no\/spartacus\/\",\"name\":\"Spartacus forlag\",\"description\":\"\",\"publisher\":{\"@id\":\"https:\/\/staging.forenteforlag.no\/spartacus\/#organization\"},\"potentialAction\":[{\"@type\":\"SearchAction\",\"target\":{\"@type\":\"EntryPoint\",\"urlTemplate\":\"https:\/\/staging.forenteforlag.no\/spartacus\/?s={search_term_string}\"},\"query-input\":{\"@type\":\"PropertyValueSpecification\",\"valueRequired\":true,\"valueName\":\"search_term_string\"}}],\"inLanguage\":\"nb-NO\"},{\"@type\":\"Organization\",\"@id\":\"https:\/\/staging.forenteforlag.no\/spartacus\/#organization\",\"name\":\"Spartacus forlag\",\"url\":\"https:\/\/staging.forenteforlag.no\/spartacus\/\",\"logo\":{\"@type\":\"ImageObject\",\"inLanguage\":\"nb-NO\",\"@id\":\"https:\/\/staging.forenteforlag.no\/spartacus\/#\/schema\/logo\/image\/\",\"url\":\"https:\/\/staging.forenteforlag.no\/spartacus\/wp-content\/uploads\/sites\/6\/2024\/09\/Spartacus_logo.svg\",\"contentUrl\":\"https:\/\/staging.forenteforlag.no\/spartacus\/wp-content\/uploads\/sites\/6\/2024\/09\/Spartacus_logo.svg\",\"width\":100,\"height\":100,\"caption\":\"Spartacus forlag\"},\"image\":{\"@id\":\"https:\/\/staging.forenteforlag.no\/spartacus\/#\/schema\/logo\/image\/\"},\"sameAs\":[\"https:\/\/www.facebook.com\/SpartacusForlag\"]}]}<\/script>\n<!-- \/ Yoast SEO plugin. -->","yoast_head_json":{"title":"Helbredernes hemmeligheter - Spartacus","robots":{"index":"noindex","follow":"follow","max-snippet":"max-snippet:-1","max-image-preview":"max-image-preview:large","max-video-preview":"max-video-preview:-1"},"og_locale":"nb_NO","og_type":"article","og_title":"Helbredernes hemmeligheter - Spartacus","og_description":"Nordmenn kj\u00f8per hvert \u00e5r helsekostpreparater og alternative behandlinger for seks milliarder kroner. Homeopater, akupunkt\u00f8rer, healere og andre alternative behandlere hevder gjerne at de forvalter en helhetlig kunnskap som egevitenskapen ignorerer, og helbredelser blir ofte beskrevet som overnaturlige eller uforklarlige. Skeptikerne har derimot en tendens til \u00e5 avfeie alternativ behandling som tull og t\u00f8ys og placeboeffekter. [&hellip;]","og_url":"https:\/\/staging.forenteforlag.no\/spartacus\/produkt\/helbredernes-hemmeligheter\/","og_site_name":"Spartacus","article_publisher":"https:\/\/www.facebook.com\/SpartacusForlag","article_modified_time":"2026-03-03T18:18:11+00:00","og_image":[{"width":1200,"height":800,"url":"https:\/\/staging.forenteforlag.no\/spartacus\/wp-content\/uploads\/sites\/6\/2025\/02\/spartacus-hvit.jpg","type":"image\/jpeg"}],"twitter_card":"summary_large_image","twitter_misc":{"Ansl. lesetid":"1 minutt"},"schema":{"@context":"https:\/\/schema.org","@graph":[{"@type":"WebPage","@id":"https:\/\/staging.forenteforlag.no\/spartacus\/produkt\/helbredernes-hemmeligheter\/","url":"https:\/\/staging.forenteforlag.no\/spartacus\/produkt\/helbredernes-hemmeligheter\/","name":"Helbredernes hemmeligheter - Spartacus","isPartOf":{"@id":"https:\/\/staging.forenteforlag.no\/spartacus\/#website"},"datePublished":"2024-12-10T20:11:17+00:00","dateModified":"2026-03-03T18:18:11+00:00","breadcrumb":{"@id":"https:\/\/staging.forenteforlag.no\/spartacus\/produkt\/helbredernes-hemmeligheter\/#breadcrumb"},"inLanguage":"nb-NO","potentialAction":[{"@type":"ReadAction","target":["https:\/\/staging.forenteforlag.no\/spartacus\/produkt\/helbredernes-hemmeligheter\/"]}]},{"@type":"BreadcrumbList","@id":"https:\/\/staging.forenteforlag.no\/spartacus\/produkt\/helbredernes-hemmeligheter\/#breadcrumb","itemListElement":[{"@type":"ListItem","position":1,"name":"Hjem","item":"https:\/\/staging.forenteforlag.no\/spartacus\/"},{"@type":"ListItem","position":2,"name":"Alle b\u00f8ker","item":"https:\/\/staging.forenteforlag.no\/spartacus\/butikk\/"},{"@type":"ListItem","position":3,"name":"Helbredernes hemmeligheter"}]},{"@type":"WebSite","@id":"https:\/\/staging.forenteforlag.no\/spartacus\/#website","url":"https:\/\/staging.forenteforlag.no\/spartacus\/","name":"Spartacus forlag","description":"","publisher":{"@id":"https:\/\/staging.forenteforlag.no\/spartacus\/#organization"},"potentialAction":[{"@type":"SearchAction","target":{"@type":"EntryPoint","urlTemplate":"https:\/\/staging.forenteforlag.no\/spartacus\/?s={search_term_string}"},"query-input":{"@type":"PropertyValueSpecification","valueRequired":true,"valueName":"search_term_string"}}],"inLanguage":"nb-NO"},{"@type":"Organization","@id":"https:\/\/staging.forenteforlag.no\/spartacus\/#organization","name":"Spartacus forlag","url":"https:\/\/staging.forenteforlag.no\/spartacus\/","logo":{"@type":"ImageObject","inLanguage":"nb-NO","@id":"https:\/\/staging.forenteforlag.no\/spartacus\/#\/schema\/logo\/image\/","url":"https:\/\/staging.forenteforlag.no\/spartacus\/wp-content\/uploads\/sites\/6\/2024\/09\/Spartacus_logo.svg","contentUrl":"https:\/\/staging.forenteforlag.no\/spartacus\/wp-content\/uploads\/sites\/6\/2024\/09\/Spartacus_logo.svg","width":100,"height":100,"caption":"Spartacus forlag"},"image":{"@id":"https:\/\/staging.forenteforlag.no\/spartacus\/#\/schema\/logo\/image\/"},"sameAs":["https:\/\/www.facebook.com\/SpartacusForlag"]}]}},"_links":{"self":[{"href":"https:\/\/staging.forenteforlag.no\/spartacus\/wp-json\/wp\/v2\/product\/21066","targetHints":{"allow":["GET"]}}],"collection":[{"href":"https:\/\/staging.forenteforlag.no\/spartacus\/wp-json\/wp\/v2\/product"}],"about":[{"href":"https:\/\/staging.forenteforlag.no\/spartacus\/wp-json\/wp\/v2\/types\/product"}],"wp:attachment":[{"href":"https:\/\/staging.forenteforlag.no\/spartacus\/wp-json\/wp\/v2\/media?parent=21066"}],"wp:term":[{"taxonomy":"product_brand","embeddable":true,"href":"https:\/\/staging.forenteforlag.no\/spartacus\/wp-json\/wp\/v2\/product_brand?post=21066"},{"taxonomy":"product_cat","embeddable":true,"href":"https:\/\/staging.forenteforlag.no\/spartacus\/wp-json\/wp\/v2\/product_cat?post=21066"},{"taxonomy":"product_tag","embeddable":true,"href":"https:\/\/staging.forenteforlag.no\/spartacus\/wp-json\/wp\/v2\/product_tag?post=21066"}],"curies":[{"name":"wp","href":"https:\/\/api.w.org\/{rel}","templated":true}]}}