{"id":20945,"date":"2021-08-18T02:00:00","date_gmt":"2021-08-18T00:00:00","guid":{"rendered":"https:\/\/spartacus.forenteforlag.no\/produkt\/i-hamsuns-kalosjer\/"},"modified":"2026-03-04T15:29:29","modified_gmt":"2026-03-04T14:29:29","slug":"i-hamsuns-kalosjer","status":"publish","type":"product","link":"https:\/\/staging.forenteforlag.no\/spartacus\/produkt\/i-hamsuns-kalosjer\/","title":{"rendered":"I Hamsuns kalosjer"},"content":{"rendered":"<p>\u00abI Hamsuns kalosjer\u00bb er et muntert drama fra hagen &#8211; om n\u00f8ysomhet i vekstideologiens tid. Med utgangspunkt i samtaler med sin 96 \u00e5r gamle mor og arbeid i hagen fors\u00f8ker Dag Hoel \u00e5 n\u00f8ste i hva det meningsfulle og gode liv best\u00e5r i.<\/p>\n<p>Knut Hamsun lappet sine utslitte kalosjer med ulltr\u00e5d. Han satt med stoppen\u00e5l i kveldstimene og bearbeidet minner som ga sting til livet. \u00abJeg akter ikke at bruge de nye Galosjer!\u00bb, utbr\u00f8t han da familien til slutt tok aff\u00e6re og kj\u00f8pte nye til ham.<\/p>\n<p>N\u00f8ysomhet er en livsinnstilling som gj\u00f8r oss rike, mener Hoel. Den forutsetter allsidige ferdigheter i ut\u00f8velsen av livet. Vi m\u00e5 kunne safte rips og skifte girwire p\u00e5 sykkelen. Vi m\u00e5 bruke symaskin og kunne filetere fisk.  <\/p>\n<p>Alt var ikke bedre f\u00f8r. Veldig mye er bedre i dag. Men med v\u00e5r moderne livsstil utrydder vi planter og dyr i en rasende fart. Vi m\u00e5 slutte med det! Selv er han opptatt av \u00e5 dyrke poteter og purrel\u00f8k. Straks potetene er i jorda, begynner han \u00e5 undres over n\u00e5r spiren kommer opp &#8211; en undring som holder ham travel i flere uker. <\/p>\n<p>Boka er en beretning om fellesskap, d\u00e5rskap og h\u00f8ners plass mellom alt som puster.<\/p>\n","protected":false},"excerpt":{"rendered":"<p>\u00abI Hamsuns kalosjer\u00bb er et muntert drama fra hagen &#8211; om n\u00f8ysomhet i vekstideologiens tid. Med utgangspunkt i samtaler med sin 96 \u00e5r gamle mor og arbeid i hagen fors\u00f8ker Dag Hoel \u00e5 n\u00f8ste i hva det meningsfulle og gode liv best\u00e5r i. Knut Hamsun lappet sine utslitte kalosjer med ulltr\u00e5d. Han satt med stoppen\u00e5l [&hellip;]<\/p>\n","protected":false},"featured_media":26662,"template":"","meta":{"_acf_changed":false,"inline_featured_image":false},"product_brand":[],"product_cat":[1786],"product_tag":[1452,362,624,1740,569,383],"class_list":{"0":"post-20945","1":"product","2":"type-product","3":"status-publish","4":"has-post-thumbnail","6":"product_cat-rabattkodekampanje","7":"product_tag-barnehager","8":"product_tag-faglitteratur","9":"product_tag-forbruk","10":"product_tag-hverdagsbetraktninger","11":"product_tag-okologisk-balanse","12":"product_tag-personlige-beretninger","14":"first","15":"outofstock","16":"shipping-taxable","17":"purchasable","18":"product-type-simple"},"acf":{"anmeldelse":null},"yoast_head":"<!-- This site is optimized with the Yoast SEO plugin v26.6 - https:\/\/yoast.com\/wordpress\/plugins\/seo\/ -->\n<title>I Hamsuns kalosjer - Spartacus<\/title>\n<meta name=\"robots\" content=\"noindex, follow, max-snippet:-1, max-image-preview:large, max-video-preview:-1\" \/>\n<meta property=\"og:locale\" content=\"nb_NO\" \/>\n<meta property=\"og:type\" content=\"article\" \/>\n<meta property=\"og:title\" content=\"I Hamsuns kalosjer - Spartacus\" \/>\n<meta property=\"og:description\" content=\"\u00abI Hamsuns kalosjer\u00bb er et muntert drama fra hagen &#8211; om n\u00f8ysomhet i vekstideologiens tid. Med utgangspunkt i samtaler med sin 96 \u00e5r gamle mor og arbeid i hagen fors\u00f8ker Dag Hoel \u00e5 n\u00f8ste i hva det meningsfulle og gode liv best\u00e5r i. Knut Hamsun lappet sine utslitte kalosjer med ulltr\u00e5d. Han satt med stoppen\u00e5l [&hellip;]\" \/>\n<meta property=\"og:url\" content=\"https:\/\/staging.forenteforlag.no\/spartacus\/produkt\/i-hamsuns-kalosjer\/\" \/>\n<meta property=\"og:site_name\" content=\"Spartacus\" \/>\n<meta property=\"article:publisher\" content=\"https:\/\/www.facebook.com\/SpartacusForlag\" \/>\n<meta property=\"article:modified_time\" content=\"2026-03-04T14:29:29+00:00\" \/>\n<meta property=\"og:image\" content=\"https:\/\/staging.forenteforlag.no\/spartacus\/wp-content\/uploads\/sites\/6\/2026\/02\/9788243013957.jpg\" \/>\n\t<meta property=\"og:image:width\" content=\"720\" \/>\n\t<meta property=\"og:image:height\" content=\"1121\" \/>\n\t<meta property=\"og:image:type\" content=\"image\/jpeg\" \/>\n<meta name=\"twitter:card\" content=\"summary_large_image\" \/>\n<meta name=\"twitter:label1\" content=\"Ansl. lesetid\" \/>\n\t<meta name=\"twitter:data1\" content=\"1 minutt\" \/>\n<script type=\"application\/ld+json\" class=\"yoast-schema-graph\">{\"@context\":\"https:\/\/schema.org\",\"@graph\":[{\"@type\":\"WebPage\",\"@id\":\"https:\/\/staging.forenteforlag.no\/spartacus\/produkt\/i-hamsuns-kalosjer\/\",\"url\":\"https:\/\/staging.forenteforlag.no\/spartacus\/produkt\/i-hamsuns-kalosjer\/\",\"name\":\"I Hamsuns kalosjer - Spartacus\",\"isPartOf\":{\"@id\":\"https:\/\/staging.forenteforlag.no\/spartacus\/#website\"},\"primaryImageOfPage\":{\"@id\":\"https:\/\/staging.forenteforlag.no\/spartacus\/produkt\/i-hamsuns-kalosjer\/#primaryimage\"},\"image\":{\"@id\":\"https:\/\/staging.forenteforlag.no\/spartacus\/produkt\/i-hamsuns-kalosjer\/#primaryimage\"},\"thumbnailUrl\":\"https:\/\/staging.forenteforlag.no\/spartacus\/wp-content\/uploads\/sites\/6\/2026\/02\/9788243013957.jpg\",\"datePublished\":\"2021-08-18T00:00:00+00:00\",\"dateModified\":\"2026-03-04T14:29:29+00:00\",\"breadcrumb\":{\"@id\":\"https:\/\/staging.forenteforlag.no\/spartacus\/produkt\/i-hamsuns-kalosjer\/#breadcrumb\"},\"inLanguage\":\"nb-NO\",\"potentialAction\":[{\"@type\":\"ReadAction\",\"target\":[\"https:\/\/staging.forenteforlag.no\/spartacus\/produkt\/i-hamsuns-kalosjer\/\"]}]},{\"@type\":\"ImageObject\",\"inLanguage\":\"nb-NO\",\"@id\":\"https:\/\/staging.forenteforlag.no\/spartacus\/produkt\/i-hamsuns-kalosjer\/#primaryimage\",\"url\":\"https:\/\/staging.forenteforlag.no\/spartacus\/wp-content\/uploads\/sites\/6\/2026\/02\/9788243013957.jpg\",\"contentUrl\":\"https:\/\/staging.forenteforlag.no\/spartacus\/wp-content\/uploads\/sites\/6\/2026\/02\/9788243013957.jpg\",\"width\":720,\"height\":1121},{\"@type\":\"BreadcrumbList\",\"@id\":\"https:\/\/staging.forenteforlag.no\/spartacus\/produkt\/i-hamsuns-kalosjer\/#breadcrumb\",\"itemListElement\":[{\"@type\":\"ListItem\",\"position\":1,\"name\":\"Hjem\",\"item\":\"https:\/\/staging.forenteforlag.no\/spartacus\/\"},{\"@type\":\"ListItem\",\"position\":2,\"name\":\"Alle b\u00f8ker\",\"item\":\"https:\/\/staging.forenteforlag.no\/spartacus\/butikk\/\"},{\"@type\":\"ListItem\",\"position\":3,\"name\":\"I Hamsuns kalosjer\"}]},{\"@type\":\"WebSite\",\"@id\":\"https:\/\/staging.forenteforlag.no\/spartacus\/#website\",\"url\":\"https:\/\/staging.forenteforlag.no\/spartacus\/\",\"name\":\"Spartacus forlag\",\"description\":\"\",\"publisher\":{\"@id\":\"https:\/\/staging.forenteforlag.no\/spartacus\/#organization\"},\"potentialAction\":[{\"@type\":\"SearchAction\",\"target\":{\"@type\":\"EntryPoint\",\"urlTemplate\":\"https:\/\/staging.forenteforlag.no\/spartacus\/?s={search_term_string}\"},\"query-input\":{\"@type\":\"PropertyValueSpecification\",\"valueRequired\":true,\"valueName\":\"search_term_string\"}}],\"inLanguage\":\"nb-NO\"},{\"@type\":\"Organization\",\"@id\":\"https:\/\/staging.forenteforlag.no\/spartacus\/#organization\",\"name\":\"Spartacus forlag\",\"url\":\"https:\/\/staging.forenteforlag.no\/spartacus\/\",\"logo\":{\"@type\":\"ImageObject\",\"inLanguage\":\"nb-NO\",\"@id\":\"https:\/\/staging.forenteforlag.no\/spartacus\/#\/schema\/logo\/image\/\",\"url\":\"https:\/\/staging.forenteforlag.no\/spartacus\/wp-content\/uploads\/sites\/6\/2024\/09\/Spartacus_logo.svg\",\"contentUrl\":\"https:\/\/staging.forenteforlag.no\/spartacus\/wp-content\/uploads\/sites\/6\/2024\/09\/Spartacus_logo.svg\",\"width\":100,\"height\":100,\"caption\":\"Spartacus forlag\"},\"image\":{\"@id\":\"https:\/\/staging.forenteforlag.no\/spartacus\/#\/schema\/logo\/image\/\"},\"sameAs\":[\"https:\/\/www.facebook.com\/SpartacusForlag\"]}]}<\/script>\n<!-- \/ Yoast SEO plugin. -->","yoast_head_json":{"title":"I Hamsuns kalosjer - Spartacus","robots":{"index":"noindex","follow":"follow","max-snippet":"max-snippet:-1","max-image-preview":"max-image-preview:large","max-video-preview":"max-video-preview:-1"},"og_locale":"nb_NO","og_type":"article","og_title":"I Hamsuns kalosjer - Spartacus","og_description":"\u00abI Hamsuns kalosjer\u00bb er et muntert drama fra hagen &#8211; om n\u00f8ysomhet i vekstideologiens tid. Med utgangspunkt i samtaler med sin 96 \u00e5r gamle mor og arbeid i hagen fors\u00f8ker Dag Hoel \u00e5 n\u00f8ste i hva det meningsfulle og gode liv best\u00e5r i. Knut Hamsun lappet sine utslitte kalosjer med ulltr\u00e5d. Han satt med stoppen\u00e5l [&hellip;]","og_url":"https:\/\/staging.forenteforlag.no\/spartacus\/produkt\/i-hamsuns-kalosjer\/","og_site_name":"Spartacus","article_publisher":"https:\/\/www.facebook.com\/SpartacusForlag","article_modified_time":"2026-03-04T14:29:29+00:00","og_image":[{"width":720,"height":1121,"url":"https:\/\/staging.forenteforlag.no\/spartacus\/wp-content\/uploads\/sites\/6\/2026\/02\/9788243013957.jpg","type":"image\/jpeg"}],"twitter_card":"summary_large_image","twitter_misc":{"Ansl. lesetid":"1 minutt"},"schema":{"@context":"https:\/\/schema.org","@graph":[{"@type":"WebPage","@id":"https:\/\/staging.forenteforlag.no\/spartacus\/produkt\/i-hamsuns-kalosjer\/","url":"https:\/\/staging.forenteforlag.no\/spartacus\/produkt\/i-hamsuns-kalosjer\/","name":"I Hamsuns kalosjer - Spartacus","isPartOf":{"@id":"https:\/\/staging.forenteforlag.no\/spartacus\/#website"},"primaryImageOfPage":{"@id":"https:\/\/staging.forenteforlag.no\/spartacus\/produkt\/i-hamsuns-kalosjer\/#primaryimage"},"image":{"@id":"https:\/\/staging.forenteforlag.no\/spartacus\/produkt\/i-hamsuns-kalosjer\/#primaryimage"},"thumbnailUrl":"https:\/\/staging.forenteforlag.no\/spartacus\/wp-content\/uploads\/sites\/6\/2026\/02\/9788243013957.jpg","datePublished":"2021-08-18T00:00:00+00:00","dateModified":"2026-03-04T14:29:29+00:00","breadcrumb":{"@id":"https:\/\/staging.forenteforlag.no\/spartacus\/produkt\/i-hamsuns-kalosjer\/#breadcrumb"},"inLanguage":"nb-NO","potentialAction":[{"@type":"ReadAction","target":["https:\/\/staging.forenteforlag.no\/spartacus\/produkt\/i-hamsuns-kalosjer\/"]}]},{"@type":"ImageObject","inLanguage":"nb-NO","@id":"https:\/\/staging.forenteforlag.no\/spartacus\/produkt\/i-hamsuns-kalosjer\/#primaryimage","url":"https:\/\/staging.forenteforlag.no\/spartacus\/wp-content\/uploads\/sites\/6\/2026\/02\/9788243013957.jpg","contentUrl":"https:\/\/staging.forenteforlag.no\/spartacus\/wp-content\/uploads\/sites\/6\/2026\/02\/9788243013957.jpg","width":720,"height":1121},{"@type":"BreadcrumbList","@id":"https:\/\/staging.forenteforlag.no\/spartacus\/produkt\/i-hamsuns-kalosjer\/#breadcrumb","itemListElement":[{"@type":"ListItem","position":1,"name":"Hjem","item":"https:\/\/staging.forenteforlag.no\/spartacus\/"},{"@type":"ListItem","position":2,"name":"Alle b\u00f8ker","item":"https:\/\/staging.forenteforlag.no\/spartacus\/butikk\/"},{"@type":"ListItem","position":3,"name":"I Hamsuns kalosjer"}]},{"@type":"WebSite","@id":"https:\/\/staging.forenteforlag.no\/spartacus\/#website","url":"https:\/\/staging.forenteforlag.no\/spartacus\/","name":"Spartacus forlag","description":"","publisher":{"@id":"https:\/\/staging.forenteforlag.no\/spartacus\/#organization"},"potentialAction":[{"@type":"SearchAction","target":{"@type":"EntryPoint","urlTemplate":"https:\/\/staging.forenteforlag.no\/spartacus\/?s={search_term_string}"},"query-input":{"@type":"PropertyValueSpecification","valueRequired":true,"valueName":"search_term_string"}}],"inLanguage":"nb-NO"},{"@type":"Organization","@id":"https:\/\/staging.forenteforlag.no\/spartacus\/#organization","name":"Spartacus forlag","url":"https:\/\/staging.forenteforlag.no\/spartacus\/","logo":{"@type":"ImageObject","inLanguage":"nb-NO","@id":"https:\/\/staging.forenteforlag.no\/spartacus\/#\/schema\/logo\/image\/","url":"https:\/\/staging.forenteforlag.no\/spartacus\/wp-content\/uploads\/sites\/6\/2024\/09\/Spartacus_logo.svg","contentUrl":"https:\/\/staging.forenteforlag.no\/spartacus\/wp-content\/uploads\/sites\/6\/2024\/09\/Spartacus_logo.svg","width":100,"height":100,"caption":"Spartacus forlag"},"image":{"@id":"https:\/\/staging.forenteforlag.no\/spartacus\/#\/schema\/logo\/image\/"},"sameAs":["https:\/\/www.facebook.com\/SpartacusForlag"]}]}},"_links":{"self":[{"href":"https:\/\/staging.forenteforlag.no\/spartacus\/wp-json\/wp\/v2\/product\/20945","targetHints":{"allow":["GET"]}}],"collection":[{"href":"https:\/\/staging.forenteforlag.no\/spartacus\/wp-json\/wp\/v2\/product"}],"about":[{"href":"https:\/\/staging.forenteforlag.no\/spartacus\/wp-json\/wp\/v2\/types\/product"}],"wp:featuredmedia":[{"embeddable":true,"href":"https:\/\/staging.forenteforlag.no\/spartacus\/wp-json\/wp\/v2\/media\/26662"}],"wp:attachment":[{"href":"https:\/\/staging.forenteforlag.no\/spartacus\/wp-json\/wp\/v2\/media?parent=20945"}],"wp:term":[{"taxonomy":"product_brand","embeddable":true,"href":"https:\/\/staging.forenteforlag.no\/spartacus\/wp-json\/wp\/v2\/product_brand?post=20945"},{"taxonomy":"product_cat","embeddable":true,"href":"https:\/\/staging.forenteforlag.no\/spartacus\/wp-json\/wp\/v2\/product_cat?post=20945"},{"taxonomy":"product_tag","embeddable":true,"href":"https:\/\/staging.forenteforlag.no\/spartacus\/wp-json\/wp\/v2\/product_tag?post=20945"}],"curies":[{"name":"wp","href":"https:\/\/api.w.org\/{rel}","templated":true}]}}