{"id":20881,"date":"2024-12-10T23:25:17","date_gmt":"2024-12-10T22:25:17","guid":{"rendered":"https:\/\/spartacus.forenteforlag.no\/produkt\/om-vare-dannelsesinstitusjoners-fremtid\/"},"modified":"2026-03-04T14:13:36","modified_gmt":"2026-03-04T13:13:36","slug":"om-vare-dannelsesinstitusjoners-fremtid","status":"publish","type":"product","link":"https:\/\/staging.forenteforlag.no\/spartacus\/produkt\/om-vare-dannelsesinstitusjoners-fremtid\/","title":{"rendered":"Om v\u00e5re dannelsesinstitusjoners fremtid"},"content":{"rendered":"<p>Vinteren 1872 holder Nietzsche (1844-1900) fem foredrag i det &laquo;Frivillige akademiske samfunn&raquo; i Basel, om de tyske dannelsesinstitusjonenes fremtid. Men i stedet for en vitenskapelig utlegning tilbyr han sitt publikum en fortelling som mest minner om en roman eller et drama, hvor han maler tidens dannelsesn\u00f8d p\u00e5 veggen og besverger en kommende revolusjon av dannelsesvesenet. Det begynner som en dannelseskritikk, men g\u00e5r snart over i en bredt anlagt kultur- og ideologikritikk. Med noter.<\/p>\n","protected":false},"excerpt":{"rendered":"<p>Vinteren 1872 holder Nietzsche (1844-1900) fem foredrag i det &laquo;Frivillige akademiske samfunn&raquo; i Basel, om de tyske dannelsesinstitusjonenes fremtid. Men i stedet for en vitenskapelig utlegning tilbyr han sitt publikum en fortelling som mest minner om en roman eller et drama, hvor han maler tidens dannelsesn\u00f8d p\u00e5 veggen og besverger en kommende revolusjon av dannelsesvesenet. [&hellip;]<\/p>\n","protected":false},"featured_media":0,"template":"","meta":{"_acf_changed":false,"inline_featured_image":false},"product_brand":[],"product_cat":[1786],"product_tag":[362,854,992],"class_list":{"0":"post-20881","1":"product","2":"type-product","3":"status-publish","5":"product_cat-rabattkodekampanje","6":"product_tag-faglitteratur","7":"product_tag-kritisk-filosofi","8":"product_tag-pedagogisk-filosofi","10":"first","11":"outofstock","12":"taxable","13":"shipping-taxable","14":"purchasable","15":"product-type-simple"},"acf":{"anmeldelse":null},"yoast_head":"<!-- This site is optimized with the Yoast SEO plugin v26.6 - https:\/\/yoast.com\/wordpress\/plugins\/seo\/ -->\n<title>Om v\u00e5re dannelsesinstitusjoners fremtid - Spartacus<\/title>\n<meta name=\"robots\" content=\"noindex, follow, max-snippet:-1, max-image-preview:large, max-video-preview:-1\" \/>\n<meta property=\"og:locale\" content=\"nb_NO\" \/>\n<meta property=\"og:type\" content=\"article\" \/>\n<meta property=\"og:title\" content=\"Om v\u00e5re dannelsesinstitusjoners fremtid - Spartacus\" \/>\n<meta property=\"og:description\" content=\"Vinteren 1872 holder Nietzsche (1844-1900) fem foredrag i det &laquo;Frivillige akademiske samfunn&raquo; i Basel, om de tyske dannelsesinstitusjonenes fremtid. Men i stedet for en vitenskapelig utlegning tilbyr han sitt publikum en fortelling som mest minner om en roman eller et drama, hvor han maler tidens dannelsesn\u00f8d p\u00e5 veggen og besverger en kommende revolusjon av dannelsesvesenet. [&hellip;]\" \/>\n<meta property=\"og:url\" content=\"https:\/\/staging.forenteforlag.no\/spartacus\/produkt\/om-vare-dannelsesinstitusjoners-fremtid\/\" \/>\n<meta property=\"og:site_name\" content=\"Spartacus\" \/>\n<meta property=\"article:publisher\" content=\"https:\/\/www.facebook.com\/SpartacusForlag\" \/>\n<meta property=\"article:modified_time\" content=\"2026-03-04T13:13:36+00:00\" \/>\n<meta property=\"og:image\" content=\"https:\/\/staging.forenteforlag.no\/spartacus\/wp-content\/uploads\/sites\/6\/2025\/02\/spartacus-hvit.jpg\" \/>\n\t<meta property=\"og:image:width\" content=\"1200\" \/>\n\t<meta property=\"og:image:height\" content=\"800\" \/>\n\t<meta property=\"og:image:type\" content=\"image\/jpeg\" \/>\n<meta name=\"twitter:card\" content=\"summary_large_image\" \/>\n<script type=\"application\/ld+json\" class=\"yoast-schema-graph\">{\"@context\":\"https:\/\/schema.org\",\"@graph\":[{\"@type\":\"WebPage\",\"@id\":\"https:\/\/staging.forenteforlag.no\/spartacus\/produkt\/om-vare-dannelsesinstitusjoners-fremtid\/\",\"url\":\"https:\/\/staging.forenteforlag.no\/spartacus\/produkt\/om-vare-dannelsesinstitusjoners-fremtid\/\",\"name\":\"Om v\u00e5re dannelsesinstitusjoners fremtid - Spartacus\",\"isPartOf\":{\"@id\":\"https:\/\/staging.forenteforlag.no\/spartacus\/#website\"},\"datePublished\":\"2024-12-10T22:25:17+00:00\",\"dateModified\":\"2026-03-04T13:13:36+00:00\",\"breadcrumb\":{\"@id\":\"https:\/\/staging.forenteforlag.no\/spartacus\/produkt\/om-vare-dannelsesinstitusjoners-fremtid\/#breadcrumb\"},\"inLanguage\":\"nb-NO\",\"potentialAction\":[{\"@type\":\"ReadAction\",\"target\":[\"https:\/\/staging.forenteforlag.no\/spartacus\/produkt\/om-vare-dannelsesinstitusjoners-fremtid\/\"]}]},{\"@type\":\"BreadcrumbList\",\"@id\":\"https:\/\/staging.forenteforlag.no\/spartacus\/produkt\/om-vare-dannelsesinstitusjoners-fremtid\/#breadcrumb\",\"itemListElement\":[{\"@type\":\"ListItem\",\"position\":1,\"name\":\"Hjem\",\"item\":\"https:\/\/staging.forenteforlag.no\/spartacus\/\"},{\"@type\":\"ListItem\",\"position\":2,\"name\":\"Alle b\u00f8ker\",\"item\":\"https:\/\/staging.forenteforlag.no\/spartacus\/butikk\/\"},{\"@type\":\"ListItem\",\"position\":3,\"name\":\"Om v\u00e5re dannelsesinstitusjoners fremtid\"}]},{\"@type\":\"WebSite\",\"@id\":\"https:\/\/staging.forenteforlag.no\/spartacus\/#website\",\"url\":\"https:\/\/staging.forenteforlag.no\/spartacus\/\",\"name\":\"Spartacus forlag\",\"description\":\"\",\"publisher\":{\"@id\":\"https:\/\/staging.forenteforlag.no\/spartacus\/#organization\"},\"potentialAction\":[{\"@type\":\"SearchAction\",\"target\":{\"@type\":\"EntryPoint\",\"urlTemplate\":\"https:\/\/staging.forenteforlag.no\/spartacus\/?s={search_term_string}\"},\"query-input\":{\"@type\":\"PropertyValueSpecification\",\"valueRequired\":true,\"valueName\":\"search_term_string\"}}],\"inLanguage\":\"nb-NO\"},{\"@type\":\"Organization\",\"@id\":\"https:\/\/staging.forenteforlag.no\/spartacus\/#organization\",\"name\":\"Spartacus forlag\",\"url\":\"https:\/\/staging.forenteforlag.no\/spartacus\/\",\"logo\":{\"@type\":\"ImageObject\",\"inLanguage\":\"nb-NO\",\"@id\":\"https:\/\/staging.forenteforlag.no\/spartacus\/#\/schema\/logo\/image\/\",\"url\":\"https:\/\/staging.forenteforlag.no\/spartacus\/wp-content\/uploads\/sites\/6\/2024\/09\/Spartacus_logo.svg\",\"contentUrl\":\"https:\/\/staging.forenteforlag.no\/spartacus\/wp-content\/uploads\/sites\/6\/2024\/09\/Spartacus_logo.svg\",\"width\":100,\"height\":100,\"caption\":\"Spartacus forlag\"},\"image\":{\"@id\":\"https:\/\/staging.forenteforlag.no\/spartacus\/#\/schema\/logo\/image\/\"},\"sameAs\":[\"https:\/\/www.facebook.com\/SpartacusForlag\"]}]}<\/script>\n<!-- \/ Yoast SEO plugin. -->","yoast_head_json":{"title":"Om v\u00e5re dannelsesinstitusjoners fremtid - Spartacus","robots":{"index":"noindex","follow":"follow","max-snippet":"max-snippet:-1","max-image-preview":"max-image-preview:large","max-video-preview":"max-video-preview:-1"},"og_locale":"nb_NO","og_type":"article","og_title":"Om v\u00e5re dannelsesinstitusjoners fremtid - Spartacus","og_description":"Vinteren 1872 holder Nietzsche (1844-1900) fem foredrag i det &laquo;Frivillige akademiske samfunn&raquo; i Basel, om de tyske dannelsesinstitusjonenes fremtid. Men i stedet for en vitenskapelig utlegning tilbyr han sitt publikum en fortelling som mest minner om en roman eller et drama, hvor han maler tidens dannelsesn\u00f8d p\u00e5 veggen og besverger en kommende revolusjon av dannelsesvesenet. [&hellip;]","og_url":"https:\/\/staging.forenteforlag.no\/spartacus\/produkt\/om-vare-dannelsesinstitusjoners-fremtid\/","og_site_name":"Spartacus","article_publisher":"https:\/\/www.facebook.com\/SpartacusForlag","article_modified_time":"2026-03-04T13:13:36+00:00","og_image":[{"width":1200,"height":800,"url":"https:\/\/staging.forenteforlag.no\/spartacus\/wp-content\/uploads\/sites\/6\/2025\/02\/spartacus-hvit.jpg","type":"image\/jpeg"}],"twitter_card":"summary_large_image","schema":{"@context":"https:\/\/schema.org","@graph":[{"@type":"WebPage","@id":"https:\/\/staging.forenteforlag.no\/spartacus\/produkt\/om-vare-dannelsesinstitusjoners-fremtid\/","url":"https:\/\/staging.forenteforlag.no\/spartacus\/produkt\/om-vare-dannelsesinstitusjoners-fremtid\/","name":"Om v\u00e5re dannelsesinstitusjoners fremtid - Spartacus","isPartOf":{"@id":"https:\/\/staging.forenteforlag.no\/spartacus\/#website"},"datePublished":"2024-12-10T22:25:17+00:00","dateModified":"2026-03-04T13:13:36+00:00","breadcrumb":{"@id":"https:\/\/staging.forenteforlag.no\/spartacus\/produkt\/om-vare-dannelsesinstitusjoners-fremtid\/#breadcrumb"},"inLanguage":"nb-NO","potentialAction":[{"@type":"ReadAction","target":["https:\/\/staging.forenteforlag.no\/spartacus\/produkt\/om-vare-dannelsesinstitusjoners-fremtid\/"]}]},{"@type":"BreadcrumbList","@id":"https:\/\/staging.forenteforlag.no\/spartacus\/produkt\/om-vare-dannelsesinstitusjoners-fremtid\/#breadcrumb","itemListElement":[{"@type":"ListItem","position":1,"name":"Hjem","item":"https:\/\/staging.forenteforlag.no\/spartacus\/"},{"@type":"ListItem","position":2,"name":"Alle b\u00f8ker","item":"https:\/\/staging.forenteforlag.no\/spartacus\/butikk\/"},{"@type":"ListItem","position":3,"name":"Om v\u00e5re dannelsesinstitusjoners fremtid"}]},{"@type":"WebSite","@id":"https:\/\/staging.forenteforlag.no\/spartacus\/#website","url":"https:\/\/staging.forenteforlag.no\/spartacus\/","name":"Spartacus forlag","description":"","publisher":{"@id":"https:\/\/staging.forenteforlag.no\/spartacus\/#organization"},"potentialAction":[{"@type":"SearchAction","target":{"@type":"EntryPoint","urlTemplate":"https:\/\/staging.forenteforlag.no\/spartacus\/?s={search_term_string}"},"query-input":{"@type":"PropertyValueSpecification","valueRequired":true,"valueName":"search_term_string"}}],"inLanguage":"nb-NO"},{"@type":"Organization","@id":"https:\/\/staging.forenteforlag.no\/spartacus\/#organization","name":"Spartacus forlag","url":"https:\/\/staging.forenteforlag.no\/spartacus\/","logo":{"@type":"ImageObject","inLanguage":"nb-NO","@id":"https:\/\/staging.forenteforlag.no\/spartacus\/#\/schema\/logo\/image\/","url":"https:\/\/staging.forenteforlag.no\/spartacus\/wp-content\/uploads\/sites\/6\/2024\/09\/Spartacus_logo.svg","contentUrl":"https:\/\/staging.forenteforlag.no\/spartacus\/wp-content\/uploads\/sites\/6\/2024\/09\/Spartacus_logo.svg","width":100,"height":100,"caption":"Spartacus forlag"},"image":{"@id":"https:\/\/staging.forenteforlag.no\/spartacus\/#\/schema\/logo\/image\/"},"sameAs":["https:\/\/www.facebook.com\/SpartacusForlag"]}]}},"_links":{"self":[{"href":"https:\/\/staging.forenteforlag.no\/spartacus\/wp-json\/wp\/v2\/product\/20881","targetHints":{"allow":["GET"]}}],"collection":[{"href":"https:\/\/staging.forenteforlag.no\/spartacus\/wp-json\/wp\/v2\/product"}],"about":[{"href":"https:\/\/staging.forenteforlag.no\/spartacus\/wp-json\/wp\/v2\/types\/product"}],"wp:attachment":[{"href":"https:\/\/staging.forenteforlag.no\/spartacus\/wp-json\/wp\/v2\/media?parent=20881"}],"wp:term":[{"taxonomy":"product_brand","embeddable":true,"href":"https:\/\/staging.forenteforlag.no\/spartacus\/wp-json\/wp\/v2\/product_brand?post=20881"},{"taxonomy":"product_cat","embeddable":true,"href":"https:\/\/staging.forenteforlag.no\/spartacus\/wp-json\/wp\/v2\/product_cat?post=20881"},{"taxonomy":"product_tag","embeddable":true,"href":"https:\/\/staging.forenteforlag.no\/spartacus\/wp-json\/wp\/v2\/product_tag?post=20881"}],"curies":[{"name":"wp","href":"https:\/\/api.w.org\/{rel}","templated":true}]}}