{"id":20866,"date":"2023-09-06T02:00:00","date_gmt":"2023-09-06T00:00:00","guid":{"rendered":"https:\/\/spartacus.forenteforlag.no\/produkt\/handbok-for-ungdom-med-vanskelige-foreldre-2\/"},"modified":"2026-03-04T15:31:58","modified_gmt":"2026-03-04T14:31:58","slug":"handbok-for-ungdom-med-vanskelige-foreldre-2","status":"publish","type":"product","link":"https:\/\/staging.forenteforlag.no\/spartacus\/produkt\/handbok-for-ungdom-med-vanskelige-foreldre-2\/","title":{"rendered":"H\u00e5ndbok for ungdom med vanskelige foreldre"},"content":{"rendered":"<p>Eksperter analyserer og diagnostiserer de umulige ungdommene. Men hvem er egentlig foreldrene deres, og hva strever de med? Foreldre er nemlig ogs\u00e5 umodne vesener. De har f\u00e5tt et ansvar de ikke har noen erfaringer med og kan trenge litt utviklingsst\u00f8tte. P\u00e5 morsomt, freidig og tidvis s\u00e5rt vis beskriver forfatterne hvordan de unge, enten de  vil det eller ei, er foreldrenes speil og l\u00e6remestere. Med metodene de har til r\u00e5dighet, pr\u00f8ver de \u00e5 hjelpe dem til \u00e5 bli selvstendige og levende mennesker.<\/p>\n<p>Basert p\u00e5 det ungdommene selv forteller, presenterer forfatterne en rekke foreldretyper det kan v\u00e6re slitsomt \u00e5 leve med. Er foreldrene dine bekymret eller har du prestasjonsforeldre? Kanskje har du invaderende foreldre, vill vest-foreldre, skilte, fjerne eller altfor ungdommelige foreldre? Hver enkelt foreldretype krever en egen pedagogisk tiln\u00e6rming. Du f\u00e5r lese om andre ungdommers metoder for \u00e5 oppdra foreldrene sine og oppdagelsesfeller man b\u00f8r passe seg for.<\/p>\n<p>Dette er en bok til ungdommer som alle foreldre b\u00f8r lese.<\/p>\n","protected":false},"excerpt":{"rendered":"<p>Eksperter analyserer og diagnostiserer de umulige ungdommene. Men hvem er egentlig foreldrene deres, og hva strever de med? Foreldre er nemlig ogs\u00e5 umodne vesener. De har f\u00e5tt et ansvar de ikke har noen erfaringer med og kan trenge litt utviklingsst\u00f8tte. P\u00e5 morsomt, freidig og tidvis s\u00e5rt vis beskriver forfatterne hvordan de unge, enten de vil [&hellip;]<\/p>\n","protected":false},"featured_media":26748,"template":"","meta":{"_acf_changed":false,"inline_featured_image":false},"product_brand":[],"product_cat":[1786],"product_tag":[1703,362],"class_list":{"0":"post-20866","1":"product","2":"type-product","3":"status-publish","4":"has-post-thumbnail","6":"product_cat-rabattkodekampanje","7":"product_tag-aleneforeldre","8":"product_tag-faglitteratur","10":"first","11":"instock","12":"shipping-taxable","13":"purchasable","14":"product-type-simple"},"acf":{"anmeldelse":null},"yoast_head":"<!-- This site is optimized with the Yoast SEO plugin v26.6 - https:\/\/yoast.com\/wordpress\/plugins\/seo\/ -->\n<title>H\u00e5ndbok for ungdom med vanskelige foreldre - Spartacus<\/title>\n<meta name=\"robots\" content=\"noindex, follow, max-snippet:-1, max-image-preview:large, max-video-preview:-1\" \/>\n<meta property=\"og:locale\" content=\"nb_NO\" \/>\n<meta property=\"og:type\" content=\"article\" \/>\n<meta property=\"og:title\" content=\"H\u00e5ndbok for ungdom med vanskelige foreldre - Spartacus\" \/>\n<meta property=\"og:description\" content=\"Eksperter analyserer og diagnostiserer de umulige ungdommene. Men hvem er egentlig foreldrene deres, og hva strever de med? Foreldre er nemlig ogs\u00e5 umodne vesener. De har f\u00e5tt et ansvar de ikke har noen erfaringer med og kan trenge litt utviklingsst\u00f8tte. P\u00e5 morsomt, freidig og tidvis s\u00e5rt vis beskriver forfatterne hvordan de unge, enten de vil [&hellip;]\" \/>\n<meta property=\"og:url\" content=\"https:\/\/staging.forenteforlag.no\/spartacus\/produkt\/handbok-for-ungdom-med-vanskelige-foreldre-2\/\" \/>\n<meta property=\"og:site_name\" content=\"Spartacus\" \/>\n<meta property=\"article:publisher\" content=\"https:\/\/www.facebook.com\/SpartacusForlag\" \/>\n<meta property=\"article:modified_time\" content=\"2026-03-04T14:31:58+00:00\" \/>\n<meta property=\"og:image\" content=\"https:\/\/staging.forenteforlag.no\/spartacus\/wp-content\/uploads\/sites\/6\/2026\/03\/9788243014473.jpg\" \/>\n\t<meta property=\"og:image:width\" content=\"720\" \/>\n\t<meta property=\"og:image:height\" content=\"946\" \/>\n\t<meta property=\"og:image:type\" content=\"image\/jpeg\" \/>\n<meta name=\"twitter:card\" content=\"summary_large_image\" \/>\n<meta name=\"twitter:label1\" content=\"Ansl. lesetid\" \/>\n\t<meta name=\"twitter:data1\" content=\"1 minutt\" \/>\n<script type=\"application\/ld+json\" class=\"yoast-schema-graph\">{\"@context\":\"https:\/\/schema.org\",\"@graph\":[{\"@type\":\"WebPage\",\"@id\":\"https:\/\/staging.forenteforlag.no\/spartacus\/produkt\/handbok-for-ungdom-med-vanskelige-foreldre-2\/\",\"url\":\"https:\/\/staging.forenteforlag.no\/spartacus\/produkt\/handbok-for-ungdom-med-vanskelige-foreldre-2\/\",\"name\":\"H\u00e5ndbok for ungdom med vanskelige foreldre - Spartacus\",\"isPartOf\":{\"@id\":\"https:\/\/staging.forenteforlag.no\/spartacus\/#website\"},\"primaryImageOfPage\":{\"@id\":\"https:\/\/staging.forenteforlag.no\/spartacus\/produkt\/handbok-for-ungdom-med-vanskelige-foreldre-2\/#primaryimage\"},\"image\":{\"@id\":\"https:\/\/staging.forenteforlag.no\/spartacus\/produkt\/handbok-for-ungdom-med-vanskelige-foreldre-2\/#primaryimage\"},\"thumbnailUrl\":\"https:\/\/staging.forenteforlag.no\/spartacus\/wp-content\/uploads\/sites\/6\/2026\/03\/9788243014473.jpg\",\"datePublished\":\"2023-09-06T00:00:00+00:00\",\"dateModified\":\"2026-03-04T14:31:58+00:00\",\"breadcrumb\":{\"@id\":\"https:\/\/staging.forenteforlag.no\/spartacus\/produkt\/handbok-for-ungdom-med-vanskelige-foreldre-2\/#breadcrumb\"},\"inLanguage\":\"nb-NO\",\"potentialAction\":[{\"@type\":\"ReadAction\",\"target\":[\"https:\/\/staging.forenteforlag.no\/spartacus\/produkt\/handbok-for-ungdom-med-vanskelige-foreldre-2\/\"]}]},{\"@type\":\"ImageObject\",\"inLanguage\":\"nb-NO\",\"@id\":\"https:\/\/staging.forenteforlag.no\/spartacus\/produkt\/handbok-for-ungdom-med-vanskelige-foreldre-2\/#primaryimage\",\"url\":\"https:\/\/staging.forenteforlag.no\/spartacus\/wp-content\/uploads\/sites\/6\/2026\/03\/9788243014473.jpg\",\"contentUrl\":\"https:\/\/staging.forenteforlag.no\/spartacus\/wp-content\/uploads\/sites\/6\/2026\/03\/9788243014473.jpg\",\"width\":720,\"height\":946},{\"@type\":\"BreadcrumbList\",\"@id\":\"https:\/\/staging.forenteforlag.no\/spartacus\/produkt\/handbok-for-ungdom-med-vanskelige-foreldre-2\/#breadcrumb\",\"itemListElement\":[{\"@type\":\"ListItem\",\"position\":1,\"name\":\"Hjem\",\"item\":\"https:\/\/staging.forenteforlag.no\/spartacus\/\"},{\"@type\":\"ListItem\",\"position\":2,\"name\":\"Alle b\u00f8ker\",\"item\":\"https:\/\/staging.forenteforlag.no\/spartacus\/butikk\/\"},{\"@type\":\"ListItem\",\"position\":3,\"name\":\"H\u00e5ndbok for ungdom med vanskelige foreldre\"}]},{\"@type\":\"WebSite\",\"@id\":\"https:\/\/staging.forenteforlag.no\/spartacus\/#website\",\"url\":\"https:\/\/staging.forenteforlag.no\/spartacus\/\",\"name\":\"Spartacus forlag\",\"description\":\"\",\"publisher\":{\"@id\":\"https:\/\/staging.forenteforlag.no\/spartacus\/#organization\"},\"potentialAction\":[{\"@type\":\"SearchAction\",\"target\":{\"@type\":\"EntryPoint\",\"urlTemplate\":\"https:\/\/staging.forenteforlag.no\/spartacus\/?s={search_term_string}\"},\"query-input\":{\"@type\":\"PropertyValueSpecification\",\"valueRequired\":true,\"valueName\":\"search_term_string\"}}],\"inLanguage\":\"nb-NO\"},{\"@type\":\"Organization\",\"@id\":\"https:\/\/staging.forenteforlag.no\/spartacus\/#organization\",\"name\":\"Spartacus forlag\",\"url\":\"https:\/\/staging.forenteforlag.no\/spartacus\/\",\"logo\":{\"@type\":\"ImageObject\",\"inLanguage\":\"nb-NO\",\"@id\":\"https:\/\/staging.forenteforlag.no\/spartacus\/#\/schema\/logo\/image\/\",\"url\":\"https:\/\/staging.forenteforlag.no\/spartacus\/wp-content\/uploads\/sites\/6\/2024\/09\/Spartacus_logo.svg\",\"contentUrl\":\"https:\/\/staging.forenteforlag.no\/spartacus\/wp-content\/uploads\/sites\/6\/2024\/09\/Spartacus_logo.svg\",\"width\":100,\"height\":100,\"caption\":\"Spartacus forlag\"},\"image\":{\"@id\":\"https:\/\/staging.forenteforlag.no\/spartacus\/#\/schema\/logo\/image\/\"},\"sameAs\":[\"https:\/\/www.facebook.com\/SpartacusForlag\"]}]}<\/script>\n<!-- \/ Yoast SEO plugin. -->","yoast_head_json":{"title":"H\u00e5ndbok for ungdom med vanskelige foreldre - Spartacus","robots":{"index":"noindex","follow":"follow","max-snippet":"max-snippet:-1","max-image-preview":"max-image-preview:large","max-video-preview":"max-video-preview:-1"},"og_locale":"nb_NO","og_type":"article","og_title":"H\u00e5ndbok for ungdom med vanskelige foreldre - Spartacus","og_description":"Eksperter analyserer og diagnostiserer de umulige ungdommene. Men hvem er egentlig foreldrene deres, og hva strever de med? Foreldre er nemlig ogs\u00e5 umodne vesener. De har f\u00e5tt et ansvar de ikke har noen erfaringer med og kan trenge litt utviklingsst\u00f8tte. P\u00e5 morsomt, freidig og tidvis s\u00e5rt vis beskriver forfatterne hvordan de unge, enten de vil [&hellip;]","og_url":"https:\/\/staging.forenteforlag.no\/spartacus\/produkt\/handbok-for-ungdom-med-vanskelige-foreldre-2\/","og_site_name":"Spartacus","article_publisher":"https:\/\/www.facebook.com\/SpartacusForlag","article_modified_time":"2026-03-04T14:31:58+00:00","og_image":[{"width":720,"height":946,"url":"https:\/\/staging.forenteforlag.no\/spartacus\/wp-content\/uploads\/sites\/6\/2026\/03\/9788243014473.jpg","type":"image\/jpeg"}],"twitter_card":"summary_large_image","twitter_misc":{"Ansl. lesetid":"1 minutt"},"schema":{"@context":"https:\/\/schema.org","@graph":[{"@type":"WebPage","@id":"https:\/\/staging.forenteforlag.no\/spartacus\/produkt\/handbok-for-ungdom-med-vanskelige-foreldre-2\/","url":"https:\/\/staging.forenteforlag.no\/spartacus\/produkt\/handbok-for-ungdom-med-vanskelige-foreldre-2\/","name":"H\u00e5ndbok for ungdom med vanskelige foreldre - Spartacus","isPartOf":{"@id":"https:\/\/staging.forenteforlag.no\/spartacus\/#website"},"primaryImageOfPage":{"@id":"https:\/\/staging.forenteforlag.no\/spartacus\/produkt\/handbok-for-ungdom-med-vanskelige-foreldre-2\/#primaryimage"},"image":{"@id":"https:\/\/staging.forenteforlag.no\/spartacus\/produkt\/handbok-for-ungdom-med-vanskelige-foreldre-2\/#primaryimage"},"thumbnailUrl":"https:\/\/staging.forenteforlag.no\/spartacus\/wp-content\/uploads\/sites\/6\/2026\/03\/9788243014473.jpg","datePublished":"2023-09-06T00:00:00+00:00","dateModified":"2026-03-04T14:31:58+00:00","breadcrumb":{"@id":"https:\/\/staging.forenteforlag.no\/spartacus\/produkt\/handbok-for-ungdom-med-vanskelige-foreldre-2\/#breadcrumb"},"inLanguage":"nb-NO","potentialAction":[{"@type":"ReadAction","target":["https:\/\/staging.forenteforlag.no\/spartacus\/produkt\/handbok-for-ungdom-med-vanskelige-foreldre-2\/"]}]},{"@type":"ImageObject","inLanguage":"nb-NO","@id":"https:\/\/staging.forenteforlag.no\/spartacus\/produkt\/handbok-for-ungdom-med-vanskelige-foreldre-2\/#primaryimage","url":"https:\/\/staging.forenteforlag.no\/spartacus\/wp-content\/uploads\/sites\/6\/2026\/03\/9788243014473.jpg","contentUrl":"https:\/\/staging.forenteforlag.no\/spartacus\/wp-content\/uploads\/sites\/6\/2026\/03\/9788243014473.jpg","width":720,"height":946},{"@type":"BreadcrumbList","@id":"https:\/\/staging.forenteforlag.no\/spartacus\/produkt\/handbok-for-ungdom-med-vanskelige-foreldre-2\/#breadcrumb","itemListElement":[{"@type":"ListItem","position":1,"name":"Hjem","item":"https:\/\/staging.forenteforlag.no\/spartacus\/"},{"@type":"ListItem","position":2,"name":"Alle b\u00f8ker","item":"https:\/\/staging.forenteforlag.no\/spartacus\/butikk\/"},{"@type":"ListItem","position":3,"name":"H\u00e5ndbok for ungdom med vanskelige foreldre"}]},{"@type":"WebSite","@id":"https:\/\/staging.forenteforlag.no\/spartacus\/#website","url":"https:\/\/staging.forenteforlag.no\/spartacus\/","name":"Spartacus forlag","description":"","publisher":{"@id":"https:\/\/staging.forenteforlag.no\/spartacus\/#organization"},"potentialAction":[{"@type":"SearchAction","target":{"@type":"EntryPoint","urlTemplate":"https:\/\/staging.forenteforlag.no\/spartacus\/?s={search_term_string}"},"query-input":{"@type":"PropertyValueSpecification","valueRequired":true,"valueName":"search_term_string"}}],"inLanguage":"nb-NO"},{"@type":"Organization","@id":"https:\/\/staging.forenteforlag.no\/spartacus\/#organization","name":"Spartacus forlag","url":"https:\/\/staging.forenteforlag.no\/spartacus\/","logo":{"@type":"ImageObject","inLanguage":"nb-NO","@id":"https:\/\/staging.forenteforlag.no\/spartacus\/#\/schema\/logo\/image\/","url":"https:\/\/staging.forenteforlag.no\/spartacus\/wp-content\/uploads\/sites\/6\/2024\/09\/Spartacus_logo.svg","contentUrl":"https:\/\/staging.forenteforlag.no\/spartacus\/wp-content\/uploads\/sites\/6\/2024\/09\/Spartacus_logo.svg","width":100,"height":100,"caption":"Spartacus forlag"},"image":{"@id":"https:\/\/staging.forenteforlag.no\/spartacus\/#\/schema\/logo\/image\/"},"sameAs":["https:\/\/www.facebook.com\/SpartacusForlag"]}]}},"_links":{"self":[{"href":"https:\/\/staging.forenteforlag.no\/spartacus\/wp-json\/wp\/v2\/product\/20866","targetHints":{"allow":["GET"]}}],"collection":[{"href":"https:\/\/staging.forenteforlag.no\/spartacus\/wp-json\/wp\/v2\/product"}],"about":[{"href":"https:\/\/staging.forenteforlag.no\/spartacus\/wp-json\/wp\/v2\/types\/product"}],"wp:featuredmedia":[{"embeddable":true,"href":"https:\/\/staging.forenteforlag.no\/spartacus\/wp-json\/wp\/v2\/media\/26748"}],"wp:attachment":[{"href":"https:\/\/staging.forenteforlag.no\/spartacus\/wp-json\/wp\/v2\/media?parent=20866"}],"wp:term":[{"taxonomy":"product_brand","embeddable":true,"href":"https:\/\/staging.forenteforlag.no\/spartacus\/wp-json\/wp\/v2\/product_brand?post=20866"},{"taxonomy":"product_cat","embeddable":true,"href":"https:\/\/staging.forenteforlag.no\/spartacus\/wp-json\/wp\/v2\/product_cat?post=20866"},{"taxonomy":"product_tag","embeddable":true,"href":"https:\/\/staging.forenteforlag.no\/spartacus\/wp-json\/wp\/v2\/product_tag?post=20866"}],"curies":[{"name":"wp","href":"https:\/\/api.w.org\/{rel}","templated":true}]}}