{"id":20830,"date":"2008-03-13T01:00:00","date_gmt":"2008-03-13T00:00:00","guid":{"rendered":"https:\/\/spartacus.forenteforlag.no\/produkt\/om-vare-dannelsesinstitusjoners-fremtid-3\/"},"modified":"2026-03-04T14:39:43","modified_gmt":"2026-03-04T13:39:43","slug":"om-vare-dannelsesinstitusjoners-fremtid-3","status":"publish","type":"product","link":"https:\/\/staging.forenteforlag.no\/spartacus\/produkt\/om-vare-dannelsesinstitusjoners-fremtid-3\/","title":{"rendered":"Om v\u00e5re dannelsesinstitusjoners fremtid"},"content":{"rendered":"<p>Vinteren 1872 holder den 26 \u00e5r gamle Friedrich Nietzsche fem foredrag i det &laquo;Frivillige akademiske samfunn&raquo; i Basel, om de tyske dannelsesinstitusjonenes fremtid. Men den vitenskapelige utlegningen uteblir, i stedet tilbyr Nietzsche sitt publikum en fortelling som mest minner om en roman eller et drama, hvor han advarer om tidens dannelsesn\u00f8d og besverger en kommende revolusjon av dannelsesvesenet. Det som begynner som en dannelseskritikk, f\u00f8rst av gymnaset, s\u00e5 av universitetet, g\u00e5r snart over i en bredt anlagt kultur- og ideologikritikk. Samtidens l\u00e6rere, journalister, forfattere og kunstnere f\u00e5r unngjelde for sitt forr\u00e6deri mot den &laquo;sanne&raquo; dannelsen. Bak dette dannelsesfernisset lar den unge Nietzsche staten komme til syne &#8211; det samlede Tyskland, gjenf\u00f8dt til storhet i 1871 og n\u00e5 i jernkanslerens kl\u00f8r &#8211; som har lenket dannelsen og kulturen til sine politiske stormaktsdr\u00f8mmer.<\/p>\n","protected":false},"excerpt":{"rendered":"<p>Vinteren 1872 holder den 26 \u00e5r gamle Friedrich Nietzsche fem foredrag i det &laquo;Frivillige akademiske samfunn&raquo; i Basel, om de tyske dannelsesinstitusjonenes fremtid. Men den vitenskapelige utlegningen uteblir, i stedet tilbyr Nietzsche sitt publikum en fortelling som mest minner om en roman eller et drama, hvor han advarer om tidens dannelsesn\u00f8d og besverger en kommende [&hellip;]<\/p>\n","protected":false},"featured_media":26122,"template":"","meta":{"_acf_changed":false,"inline_featured_image":false},"product_brand":[],"product_cat":[1786],"product_tag":[362,854,992],"class_list":{"0":"post-20830","1":"product","2":"type-product","3":"status-publish","4":"has-post-thumbnail","6":"product_cat-rabattkodekampanje","7":"product_tag-faglitteratur","8":"product_tag-kritisk-filosofi","9":"product_tag-pedagogisk-filosofi","11":"first","12":"instock","13":"shipping-taxable","14":"purchasable","15":"product-type-simple"},"acf":{"anmeldelse":null},"yoast_head":"<!-- This site is optimized with the Yoast SEO plugin v26.6 - https:\/\/yoast.com\/wordpress\/plugins\/seo\/ -->\n<title>Om v\u00e5re dannelsesinstitusjoners fremtid - Spartacus<\/title>\n<meta name=\"robots\" content=\"noindex, follow, max-snippet:-1, max-image-preview:large, max-video-preview:-1\" \/>\n<meta property=\"og:locale\" content=\"nb_NO\" \/>\n<meta property=\"og:type\" content=\"article\" \/>\n<meta property=\"og:title\" content=\"Om v\u00e5re dannelsesinstitusjoners fremtid - Spartacus\" \/>\n<meta property=\"og:description\" content=\"Vinteren 1872 holder den 26 \u00e5r gamle Friedrich Nietzsche fem foredrag i det &laquo;Frivillige akademiske samfunn&raquo; i Basel, om de tyske dannelsesinstitusjonenes fremtid. Men den vitenskapelige utlegningen uteblir, i stedet tilbyr Nietzsche sitt publikum en fortelling som mest minner om en roman eller et drama, hvor han advarer om tidens dannelsesn\u00f8d og besverger en kommende [&hellip;]\" \/>\n<meta property=\"og:url\" content=\"https:\/\/staging.forenteforlag.no\/spartacus\/produkt\/om-vare-dannelsesinstitusjoners-fremtid-3\/\" \/>\n<meta property=\"og:site_name\" content=\"Spartacus\" \/>\n<meta property=\"article:publisher\" content=\"https:\/\/www.facebook.com\/SpartacusForlag\" \/>\n<meta property=\"article:modified_time\" content=\"2026-03-04T13:39:43+00:00\" \/>\n<meta property=\"og:image\" content=\"https:\/\/staging.forenteforlag.no\/spartacus\/wp-content\/uploads\/sites\/6\/2026\/02\/9788243003903.jpg\" \/>\n\t<meta property=\"og:image:width\" content=\"720\" \/>\n\t<meta property=\"og:image:height\" content=\"1165\" \/>\n\t<meta property=\"og:image:type\" content=\"image\/jpeg\" \/>\n<meta name=\"twitter:card\" content=\"summary_large_image\" \/>\n<meta name=\"twitter:label1\" content=\"Ansl. lesetid\" \/>\n\t<meta name=\"twitter:data1\" content=\"1 minutt\" \/>\n<script type=\"application\/ld+json\" class=\"yoast-schema-graph\">{\"@context\":\"https:\/\/schema.org\",\"@graph\":[{\"@type\":\"WebPage\",\"@id\":\"https:\/\/staging.forenteforlag.no\/spartacus\/produkt\/om-vare-dannelsesinstitusjoners-fremtid-3\/\",\"url\":\"https:\/\/staging.forenteforlag.no\/spartacus\/produkt\/om-vare-dannelsesinstitusjoners-fremtid-3\/\",\"name\":\"Om v\u00e5re dannelsesinstitusjoners fremtid - Spartacus\",\"isPartOf\":{\"@id\":\"https:\/\/staging.forenteforlag.no\/spartacus\/#website\"},\"primaryImageOfPage\":{\"@id\":\"https:\/\/staging.forenteforlag.no\/spartacus\/produkt\/om-vare-dannelsesinstitusjoners-fremtid-3\/#primaryimage\"},\"image\":{\"@id\":\"https:\/\/staging.forenteforlag.no\/spartacus\/produkt\/om-vare-dannelsesinstitusjoners-fremtid-3\/#primaryimage\"},\"thumbnailUrl\":\"https:\/\/staging.forenteforlag.no\/spartacus\/wp-content\/uploads\/sites\/6\/2026\/02\/9788243003903.jpg\",\"datePublished\":\"2008-03-13T00:00:00+00:00\",\"dateModified\":\"2026-03-04T13:39:43+00:00\",\"breadcrumb\":{\"@id\":\"https:\/\/staging.forenteforlag.no\/spartacus\/produkt\/om-vare-dannelsesinstitusjoners-fremtid-3\/#breadcrumb\"},\"inLanguage\":\"nb-NO\",\"potentialAction\":[{\"@type\":\"ReadAction\",\"target\":[\"https:\/\/staging.forenteforlag.no\/spartacus\/produkt\/om-vare-dannelsesinstitusjoners-fremtid-3\/\"]}]},{\"@type\":\"ImageObject\",\"inLanguage\":\"nb-NO\",\"@id\":\"https:\/\/staging.forenteforlag.no\/spartacus\/produkt\/om-vare-dannelsesinstitusjoners-fremtid-3\/#primaryimage\",\"url\":\"https:\/\/staging.forenteforlag.no\/spartacus\/wp-content\/uploads\/sites\/6\/2026\/02\/9788243003903.jpg\",\"contentUrl\":\"https:\/\/staging.forenteforlag.no\/spartacus\/wp-content\/uploads\/sites\/6\/2026\/02\/9788243003903.jpg\",\"width\":720,\"height\":1165},{\"@type\":\"BreadcrumbList\",\"@id\":\"https:\/\/staging.forenteforlag.no\/spartacus\/produkt\/om-vare-dannelsesinstitusjoners-fremtid-3\/#breadcrumb\",\"itemListElement\":[{\"@type\":\"ListItem\",\"position\":1,\"name\":\"Hjem\",\"item\":\"https:\/\/staging.forenteforlag.no\/spartacus\/\"},{\"@type\":\"ListItem\",\"position\":2,\"name\":\"Alle b\u00f8ker\",\"item\":\"https:\/\/staging.forenteforlag.no\/spartacus\/butikk\/\"},{\"@type\":\"ListItem\",\"position\":3,\"name\":\"Om v\u00e5re dannelsesinstitusjoners fremtid\"}]},{\"@type\":\"WebSite\",\"@id\":\"https:\/\/staging.forenteforlag.no\/spartacus\/#website\",\"url\":\"https:\/\/staging.forenteforlag.no\/spartacus\/\",\"name\":\"Spartacus forlag\",\"description\":\"\",\"publisher\":{\"@id\":\"https:\/\/staging.forenteforlag.no\/spartacus\/#organization\"},\"potentialAction\":[{\"@type\":\"SearchAction\",\"target\":{\"@type\":\"EntryPoint\",\"urlTemplate\":\"https:\/\/staging.forenteforlag.no\/spartacus\/?s={search_term_string}\"},\"query-input\":{\"@type\":\"PropertyValueSpecification\",\"valueRequired\":true,\"valueName\":\"search_term_string\"}}],\"inLanguage\":\"nb-NO\"},{\"@type\":\"Organization\",\"@id\":\"https:\/\/staging.forenteforlag.no\/spartacus\/#organization\",\"name\":\"Spartacus forlag\",\"url\":\"https:\/\/staging.forenteforlag.no\/spartacus\/\",\"logo\":{\"@type\":\"ImageObject\",\"inLanguage\":\"nb-NO\",\"@id\":\"https:\/\/staging.forenteforlag.no\/spartacus\/#\/schema\/logo\/image\/\",\"url\":\"https:\/\/staging.forenteforlag.no\/spartacus\/wp-content\/uploads\/sites\/6\/2024\/09\/Spartacus_logo.svg\",\"contentUrl\":\"https:\/\/staging.forenteforlag.no\/spartacus\/wp-content\/uploads\/sites\/6\/2024\/09\/Spartacus_logo.svg\",\"width\":100,\"height\":100,\"caption\":\"Spartacus forlag\"},\"image\":{\"@id\":\"https:\/\/staging.forenteforlag.no\/spartacus\/#\/schema\/logo\/image\/\"},\"sameAs\":[\"https:\/\/www.facebook.com\/SpartacusForlag\"]}]}<\/script>\n<!-- \/ Yoast SEO plugin. -->","yoast_head_json":{"title":"Om v\u00e5re dannelsesinstitusjoners fremtid - Spartacus","robots":{"index":"noindex","follow":"follow","max-snippet":"max-snippet:-1","max-image-preview":"max-image-preview:large","max-video-preview":"max-video-preview:-1"},"og_locale":"nb_NO","og_type":"article","og_title":"Om v\u00e5re dannelsesinstitusjoners fremtid - Spartacus","og_description":"Vinteren 1872 holder den 26 \u00e5r gamle Friedrich Nietzsche fem foredrag i det &laquo;Frivillige akademiske samfunn&raquo; i Basel, om de tyske dannelsesinstitusjonenes fremtid. Men den vitenskapelige utlegningen uteblir, i stedet tilbyr Nietzsche sitt publikum en fortelling som mest minner om en roman eller et drama, hvor han advarer om tidens dannelsesn\u00f8d og besverger en kommende [&hellip;]","og_url":"https:\/\/staging.forenteforlag.no\/spartacus\/produkt\/om-vare-dannelsesinstitusjoners-fremtid-3\/","og_site_name":"Spartacus","article_publisher":"https:\/\/www.facebook.com\/SpartacusForlag","article_modified_time":"2026-03-04T13:39:43+00:00","og_image":[{"width":720,"height":1165,"url":"https:\/\/staging.forenteforlag.no\/spartacus\/wp-content\/uploads\/sites\/6\/2026\/02\/9788243003903.jpg","type":"image\/jpeg"}],"twitter_card":"summary_large_image","twitter_misc":{"Ansl. lesetid":"1 minutt"},"schema":{"@context":"https:\/\/schema.org","@graph":[{"@type":"WebPage","@id":"https:\/\/staging.forenteforlag.no\/spartacus\/produkt\/om-vare-dannelsesinstitusjoners-fremtid-3\/","url":"https:\/\/staging.forenteforlag.no\/spartacus\/produkt\/om-vare-dannelsesinstitusjoners-fremtid-3\/","name":"Om v\u00e5re dannelsesinstitusjoners fremtid - Spartacus","isPartOf":{"@id":"https:\/\/staging.forenteforlag.no\/spartacus\/#website"},"primaryImageOfPage":{"@id":"https:\/\/staging.forenteforlag.no\/spartacus\/produkt\/om-vare-dannelsesinstitusjoners-fremtid-3\/#primaryimage"},"image":{"@id":"https:\/\/staging.forenteforlag.no\/spartacus\/produkt\/om-vare-dannelsesinstitusjoners-fremtid-3\/#primaryimage"},"thumbnailUrl":"https:\/\/staging.forenteforlag.no\/spartacus\/wp-content\/uploads\/sites\/6\/2026\/02\/9788243003903.jpg","datePublished":"2008-03-13T00:00:00+00:00","dateModified":"2026-03-04T13:39:43+00:00","breadcrumb":{"@id":"https:\/\/staging.forenteforlag.no\/spartacus\/produkt\/om-vare-dannelsesinstitusjoners-fremtid-3\/#breadcrumb"},"inLanguage":"nb-NO","potentialAction":[{"@type":"ReadAction","target":["https:\/\/staging.forenteforlag.no\/spartacus\/produkt\/om-vare-dannelsesinstitusjoners-fremtid-3\/"]}]},{"@type":"ImageObject","inLanguage":"nb-NO","@id":"https:\/\/staging.forenteforlag.no\/spartacus\/produkt\/om-vare-dannelsesinstitusjoners-fremtid-3\/#primaryimage","url":"https:\/\/staging.forenteforlag.no\/spartacus\/wp-content\/uploads\/sites\/6\/2026\/02\/9788243003903.jpg","contentUrl":"https:\/\/staging.forenteforlag.no\/spartacus\/wp-content\/uploads\/sites\/6\/2026\/02\/9788243003903.jpg","width":720,"height":1165},{"@type":"BreadcrumbList","@id":"https:\/\/staging.forenteforlag.no\/spartacus\/produkt\/om-vare-dannelsesinstitusjoners-fremtid-3\/#breadcrumb","itemListElement":[{"@type":"ListItem","position":1,"name":"Hjem","item":"https:\/\/staging.forenteforlag.no\/spartacus\/"},{"@type":"ListItem","position":2,"name":"Alle b\u00f8ker","item":"https:\/\/staging.forenteforlag.no\/spartacus\/butikk\/"},{"@type":"ListItem","position":3,"name":"Om v\u00e5re dannelsesinstitusjoners fremtid"}]},{"@type":"WebSite","@id":"https:\/\/staging.forenteforlag.no\/spartacus\/#website","url":"https:\/\/staging.forenteforlag.no\/spartacus\/","name":"Spartacus forlag","description":"","publisher":{"@id":"https:\/\/staging.forenteforlag.no\/spartacus\/#organization"},"potentialAction":[{"@type":"SearchAction","target":{"@type":"EntryPoint","urlTemplate":"https:\/\/staging.forenteforlag.no\/spartacus\/?s={search_term_string}"},"query-input":{"@type":"PropertyValueSpecification","valueRequired":true,"valueName":"search_term_string"}}],"inLanguage":"nb-NO"},{"@type":"Organization","@id":"https:\/\/staging.forenteforlag.no\/spartacus\/#organization","name":"Spartacus forlag","url":"https:\/\/staging.forenteforlag.no\/spartacus\/","logo":{"@type":"ImageObject","inLanguage":"nb-NO","@id":"https:\/\/staging.forenteforlag.no\/spartacus\/#\/schema\/logo\/image\/","url":"https:\/\/staging.forenteforlag.no\/spartacus\/wp-content\/uploads\/sites\/6\/2024\/09\/Spartacus_logo.svg","contentUrl":"https:\/\/staging.forenteforlag.no\/spartacus\/wp-content\/uploads\/sites\/6\/2024\/09\/Spartacus_logo.svg","width":100,"height":100,"caption":"Spartacus forlag"},"image":{"@id":"https:\/\/staging.forenteforlag.no\/spartacus\/#\/schema\/logo\/image\/"},"sameAs":["https:\/\/www.facebook.com\/SpartacusForlag"]}]}},"_links":{"self":[{"href":"https:\/\/staging.forenteforlag.no\/spartacus\/wp-json\/wp\/v2\/product\/20830","targetHints":{"allow":["GET"]}}],"collection":[{"href":"https:\/\/staging.forenteforlag.no\/spartacus\/wp-json\/wp\/v2\/product"}],"about":[{"href":"https:\/\/staging.forenteforlag.no\/spartacus\/wp-json\/wp\/v2\/types\/product"}],"wp:featuredmedia":[{"embeddable":true,"href":"https:\/\/staging.forenteforlag.no\/spartacus\/wp-json\/wp\/v2\/media\/26122"}],"wp:attachment":[{"href":"https:\/\/staging.forenteforlag.no\/spartacus\/wp-json\/wp\/v2\/media?parent=20830"}],"wp:term":[{"taxonomy":"product_brand","embeddable":true,"href":"https:\/\/staging.forenteforlag.no\/spartacus\/wp-json\/wp\/v2\/product_brand?post=20830"},{"taxonomy":"product_cat","embeddable":true,"href":"https:\/\/staging.forenteforlag.no\/spartacus\/wp-json\/wp\/v2\/product_cat?post=20830"},{"taxonomy":"product_tag","embeddable":true,"href":"https:\/\/staging.forenteforlag.no\/spartacus\/wp-json\/wp\/v2\/product_tag?post=20830"}],"curies":[{"name":"wp","href":"https:\/\/api.w.org\/{rel}","templated":true}]}}