{"id":20762,"date":"2014-01-21T01:00:00","date_gmt":"2014-01-21T00:00:00","guid":{"rendered":"https:\/\/spartacus.forenteforlag.no\/produkt\/ta-ordet-pa-jobben\/"},"modified":"2026-03-04T15:05:58","modified_gmt":"2026-03-04T14:05:58","slug":"ta-ordet-pa-jobben","status":"publish","type":"product","link":"https:\/\/staging.forenteforlag.no\/spartacus\/produkt\/ta-ordet-pa-jobben\/","title":{"rendered":"Ta ordet p\u00e5 jobben"},"content":{"rendered":"<p>Kvier du deg for \u00e5 snakke foran en forsamling? Er du usikker p\u00e5 hvordan du skal treffe mottakeren slik du \u00f8nsker?<\/p>\n<p>Mange f\u00f8ler ubehag n\u00e5r de skal ta ordet. Denne boka forklarer hvorfor det er slik, hvordan du kan h\u00e5ndtere uroen og hvordan du kan bruke den til din fordel. Spr\u00e5k, kroppsholdning og stemmebruk er viktige verkt\u00f8y for \u00e5 bli en trygg og god taler, enten det er i m\u00f8terommet eller foredragssalen.<\/p>\n<p>Ta ordet p\u00e5 jobben er en enkel og lettfattelig guide som passer for alle som vil bli bedre til \u00e5 formidle i jobben sin. Den kombinerer retorisk teori med praktiske oppgaver og \u00f8velser. Den l\u00e6rer deg \u00e5 fange oppmerksomheten, uttrykke deg klart og skape troverdighet. Boka inneholder nyttige tips til hvordan man skriver gode presentasjoner eller taler. Med enkle grep kan du gj\u00f8re budskapet virkningsfullt og tilgjengelig.<\/p>\n<p>Ta ordet p\u00e5 jobben er b\u00e5de en praktisk h\u00e5ndbok og en inspirerende selvhjelpsbok. Den kan leses fra perm til perm, brukes i gruppearbeid, eller den kan brukes til kurs og oppl\u00e6ring.<\/p>\n<p>L\u00e6r \u00e5<br \/>\n snakke i forsamlinger<br \/>\n uttrykke deg klart<br \/>\n overbevise kollegene dine<\/p>\n","protected":false},"excerpt":{"rendered":"<p>Kvier du deg for \u00e5 snakke foran en forsamling? Er du usikker p\u00e5 hvordan du skal treffe mottakeren slik du \u00f8nsker? Mange f\u00f8ler ubehag n\u00e5r de skal ta ordet. Denne boka forklarer hvorfor det er slik, hvordan du kan h\u00e5ndtere uroen og hvordan du kan bruke den til din fordel. Spr\u00e5k, kroppsholdning og stemmebruk er [&hellip;]<\/p>\n","protected":false},"featured_media":26381,"template":"","meta":{"_acf_changed":false,"inline_featured_image":false},"product_brand":[],"product_cat":[1786],"product_tag":[783,362,587],"class_list":{"0":"post-20762","1":"product","2":"type-product","3":"status-publish","4":"has-post-thumbnail","6":"product_cat-rabattkodekampanje","7":"product_tag-arbeidsliv","8":"product_tag-faglitteratur","9":"product_tag-muntlig-kommunikasjon","11":"first","12":"instock","13":"shipping-taxable","14":"purchasable","15":"product-type-simple"},"acf":{"anmeldelse":null},"yoast_head":"<!-- This site is optimized with the Yoast SEO plugin v26.6 - https:\/\/yoast.com\/wordpress\/plugins\/seo\/ -->\n<title>Ta ordet p\u00e5 jobben - Spartacus<\/title>\n<meta name=\"robots\" content=\"noindex, follow, max-snippet:-1, max-image-preview:large, max-video-preview:-1\" \/>\n<meta property=\"og:locale\" content=\"nb_NO\" \/>\n<meta property=\"og:type\" content=\"article\" \/>\n<meta property=\"og:title\" content=\"Ta ordet p\u00e5 jobben - Spartacus\" \/>\n<meta property=\"og:description\" content=\"Kvier du deg for \u00e5 snakke foran en forsamling? Er du usikker p\u00e5 hvordan du skal treffe mottakeren slik du \u00f8nsker? Mange f\u00f8ler ubehag n\u00e5r de skal ta ordet. Denne boka forklarer hvorfor det er slik, hvordan du kan h\u00e5ndtere uroen og hvordan du kan bruke den til din fordel. Spr\u00e5k, kroppsholdning og stemmebruk er [&hellip;]\" \/>\n<meta property=\"og:url\" content=\"https:\/\/staging.forenteforlag.no\/spartacus\/produkt\/ta-ordet-pa-jobben\/\" \/>\n<meta property=\"og:site_name\" content=\"Spartacus\" \/>\n<meta property=\"article:publisher\" content=\"https:\/\/www.facebook.com\/SpartacusForlag\" \/>\n<meta property=\"article:modified_time\" content=\"2026-03-04T14:05:58+00:00\" \/>\n<meta property=\"og:image\" content=\"https:\/\/staging.forenteforlag.no\/spartacus\/wp-content\/uploads\/sites\/6\/2026\/02\/9788243008052.jpg\" \/>\n\t<meta property=\"og:image:width\" content=\"720\" \/>\n\t<meta property=\"og:image:height\" content=\"1106\" \/>\n\t<meta property=\"og:image:type\" content=\"image\/jpeg\" \/>\n<meta name=\"twitter:card\" content=\"summary_large_image\" \/>\n<meta name=\"twitter:label1\" content=\"Ansl. lesetid\" \/>\n\t<meta name=\"twitter:data1\" content=\"1 minutt\" \/>\n<script type=\"application\/ld+json\" class=\"yoast-schema-graph\">{\"@context\":\"https:\/\/schema.org\",\"@graph\":[{\"@type\":\"WebPage\",\"@id\":\"https:\/\/staging.forenteforlag.no\/spartacus\/produkt\/ta-ordet-pa-jobben\/\",\"url\":\"https:\/\/staging.forenteforlag.no\/spartacus\/produkt\/ta-ordet-pa-jobben\/\",\"name\":\"Ta ordet p\u00e5 jobben - Spartacus\",\"isPartOf\":{\"@id\":\"https:\/\/staging.forenteforlag.no\/spartacus\/#website\"},\"primaryImageOfPage\":{\"@id\":\"https:\/\/staging.forenteforlag.no\/spartacus\/produkt\/ta-ordet-pa-jobben\/#primaryimage\"},\"image\":{\"@id\":\"https:\/\/staging.forenteforlag.no\/spartacus\/produkt\/ta-ordet-pa-jobben\/#primaryimage\"},\"thumbnailUrl\":\"https:\/\/staging.forenteforlag.no\/spartacus\/wp-content\/uploads\/sites\/6\/2026\/02\/9788243008052.jpg\",\"datePublished\":\"2014-01-21T00:00:00+00:00\",\"dateModified\":\"2026-03-04T14:05:58+00:00\",\"breadcrumb\":{\"@id\":\"https:\/\/staging.forenteforlag.no\/spartacus\/produkt\/ta-ordet-pa-jobben\/#breadcrumb\"},\"inLanguage\":\"nb-NO\",\"potentialAction\":[{\"@type\":\"ReadAction\",\"target\":[\"https:\/\/staging.forenteforlag.no\/spartacus\/produkt\/ta-ordet-pa-jobben\/\"]}]},{\"@type\":\"ImageObject\",\"inLanguage\":\"nb-NO\",\"@id\":\"https:\/\/staging.forenteforlag.no\/spartacus\/produkt\/ta-ordet-pa-jobben\/#primaryimage\",\"url\":\"https:\/\/staging.forenteforlag.no\/spartacus\/wp-content\/uploads\/sites\/6\/2026\/02\/9788243008052.jpg\",\"contentUrl\":\"https:\/\/staging.forenteforlag.no\/spartacus\/wp-content\/uploads\/sites\/6\/2026\/02\/9788243008052.jpg\",\"width\":720,\"height\":1106},{\"@type\":\"BreadcrumbList\",\"@id\":\"https:\/\/staging.forenteforlag.no\/spartacus\/produkt\/ta-ordet-pa-jobben\/#breadcrumb\",\"itemListElement\":[{\"@type\":\"ListItem\",\"position\":1,\"name\":\"Hjem\",\"item\":\"https:\/\/staging.forenteforlag.no\/spartacus\/\"},{\"@type\":\"ListItem\",\"position\":2,\"name\":\"Alle b\u00f8ker\",\"item\":\"https:\/\/staging.forenteforlag.no\/spartacus\/butikk\/\"},{\"@type\":\"ListItem\",\"position\":3,\"name\":\"Ta ordet p\u00e5 jobben\"}]},{\"@type\":\"WebSite\",\"@id\":\"https:\/\/staging.forenteforlag.no\/spartacus\/#website\",\"url\":\"https:\/\/staging.forenteforlag.no\/spartacus\/\",\"name\":\"Spartacus forlag\",\"description\":\"\",\"publisher\":{\"@id\":\"https:\/\/staging.forenteforlag.no\/spartacus\/#organization\"},\"potentialAction\":[{\"@type\":\"SearchAction\",\"target\":{\"@type\":\"EntryPoint\",\"urlTemplate\":\"https:\/\/staging.forenteforlag.no\/spartacus\/?s={search_term_string}\"},\"query-input\":{\"@type\":\"PropertyValueSpecification\",\"valueRequired\":true,\"valueName\":\"search_term_string\"}}],\"inLanguage\":\"nb-NO\"},{\"@type\":\"Organization\",\"@id\":\"https:\/\/staging.forenteforlag.no\/spartacus\/#organization\",\"name\":\"Spartacus forlag\",\"url\":\"https:\/\/staging.forenteforlag.no\/spartacus\/\",\"logo\":{\"@type\":\"ImageObject\",\"inLanguage\":\"nb-NO\",\"@id\":\"https:\/\/staging.forenteforlag.no\/spartacus\/#\/schema\/logo\/image\/\",\"url\":\"https:\/\/staging.forenteforlag.no\/spartacus\/wp-content\/uploads\/sites\/6\/2024\/09\/Spartacus_logo.svg\",\"contentUrl\":\"https:\/\/staging.forenteforlag.no\/spartacus\/wp-content\/uploads\/sites\/6\/2024\/09\/Spartacus_logo.svg\",\"width\":100,\"height\":100,\"caption\":\"Spartacus forlag\"},\"image\":{\"@id\":\"https:\/\/staging.forenteforlag.no\/spartacus\/#\/schema\/logo\/image\/\"},\"sameAs\":[\"https:\/\/www.facebook.com\/SpartacusForlag\"]}]}<\/script>\n<!-- \/ Yoast SEO plugin. -->","yoast_head_json":{"title":"Ta ordet p\u00e5 jobben - Spartacus","robots":{"index":"noindex","follow":"follow","max-snippet":"max-snippet:-1","max-image-preview":"max-image-preview:large","max-video-preview":"max-video-preview:-1"},"og_locale":"nb_NO","og_type":"article","og_title":"Ta ordet p\u00e5 jobben - Spartacus","og_description":"Kvier du deg for \u00e5 snakke foran en forsamling? Er du usikker p\u00e5 hvordan du skal treffe mottakeren slik du \u00f8nsker? Mange f\u00f8ler ubehag n\u00e5r de skal ta ordet. Denne boka forklarer hvorfor det er slik, hvordan du kan h\u00e5ndtere uroen og hvordan du kan bruke den til din fordel. Spr\u00e5k, kroppsholdning og stemmebruk er [&hellip;]","og_url":"https:\/\/staging.forenteforlag.no\/spartacus\/produkt\/ta-ordet-pa-jobben\/","og_site_name":"Spartacus","article_publisher":"https:\/\/www.facebook.com\/SpartacusForlag","article_modified_time":"2026-03-04T14:05:58+00:00","og_image":[{"width":720,"height":1106,"url":"https:\/\/staging.forenteforlag.no\/spartacus\/wp-content\/uploads\/sites\/6\/2026\/02\/9788243008052.jpg","type":"image\/jpeg"}],"twitter_card":"summary_large_image","twitter_misc":{"Ansl. lesetid":"1 minutt"},"schema":{"@context":"https:\/\/schema.org","@graph":[{"@type":"WebPage","@id":"https:\/\/staging.forenteforlag.no\/spartacus\/produkt\/ta-ordet-pa-jobben\/","url":"https:\/\/staging.forenteforlag.no\/spartacus\/produkt\/ta-ordet-pa-jobben\/","name":"Ta ordet p\u00e5 jobben - Spartacus","isPartOf":{"@id":"https:\/\/staging.forenteforlag.no\/spartacus\/#website"},"primaryImageOfPage":{"@id":"https:\/\/staging.forenteforlag.no\/spartacus\/produkt\/ta-ordet-pa-jobben\/#primaryimage"},"image":{"@id":"https:\/\/staging.forenteforlag.no\/spartacus\/produkt\/ta-ordet-pa-jobben\/#primaryimage"},"thumbnailUrl":"https:\/\/staging.forenteforlag.no\/spartacus\/wp-content\/uploads\/sites\/6\/2026\/02\/9788243008052.jpg","datePublished":"2014-01-21T00:00:00+00:00","dateModified":"2026-03-04T14:05:58+00:00","breadcrumb":{"@id":"https:\/\/staging.forenteforlag.no\/spartacus\/produkt\/ta-ordet-pa-jobben\/#breadcrumb"},"inLanguage":"nb-NO","potentialAction":[{"@type":"ReadAction","target":["https:\/\/staging.forenteforlag.no\/spartacus\/produkt\/ta-ordet-pa-jobben\/"]}]},{"@type":"ImageObject","inLanguage":"nb-NO","@id":"https:\/\/staging.forenteforlag.no\/spartacus\/produkt\/ta-ordet-pa-jobben\/#primaryimage","url":"https:\/\/staging.forenteforlag.no\/spartacus\/wp-content\/uploads\/sites\/6\/2026\/02\/9788243008052.jpg","contentUrl":"https:\/\/staging.forenteforlag.no\/spartacus\/wp-content\/uploads\/sites\/6\/2026\/02\/9788243008052.jpg","width":720,"height":1106},{"@type":"BreadcrumbList","@id":"https:\/\/staging.forenteforlag.no\/spartacus\/produkt\/ta-ordet-pa-jobben\/#breadcrumb","itemListElement":[{"@type":"ListItem","position":1,"name":"Hjem","item":"https:\/\/staging.forenteforlag.no\/spartacus\/"},{"@type":"ListItem","position":2,"name":"Alle b\u00f8ker","item":"https:\/\/staging.forenteforlag.no\/spartacus\/butikk\/"},{"@type":"ListItem","position":3,"name":"Ta ordet p\u00e5 jobben"}]},{"@type":"WebSite","@id":"https:\/\/staging.forenteforlag.no\/spartacus\/#website","url":"https:\/\/staging.forenteforlag.no\/spartacus\/","name":"Spartacus forlag","description":"","publisher":{"@id":"https:\/\/staging.forenteforlag.no\/spartacus\/#organization"},"potentialAction":[{"@type":"SearchAction","target":{"@type":"EntryPoint","urlTemplate":"https:\/\/staging.forenteforlag.no\/spartacus\/?s={search_term_string}"},"query-input":{"@type":"PropertyValueSpecification","valueRequired":true,"valueName":"search_term_string"}}],"inLanguage":"nb-NO"},{"@type":"Organization","@id":"https:\/\/staging.forenteforlag.no\/spartacus\/#organization","name":"Spartacus forlag","url":"https:\/\/staging.forenteforlag.no\/spartacus\/","logo":{"@type":"ImageObject","inLanguage":"nb-NO","@id":"https:\/\/staging.forenteforlag.no\/spartacus\/#\/schema\/logo\/image\/","url":"https:\/\/staging.forenteforlag.no\/spartacus\/wp-content\/uploads\/sites\/6\/2024\/09\/Spartacus_logo.svg","contentUrl":"https:\/\/staging.forenteforlag.no\/spartacus\/wp-content\/uploads\/sites\/6\/2024\/09\/Spartacus_logo.svg","width":100,"height":100,"caption":"Spartacus forlag"},"image":{"@id":"https:\/\/staging.forenteforlag.no\/spartacus\/#\/schema\/logo\/image\/"},"sameAs":["https:\/\/www.facebook.com\/SpartacusForlag"]}]}},"_links":{"self":[{"href":"https:\/\/staging.forenteforlag.no\/spartacus\/wp-json\/wp\/v2\/product\/20762","targetHints":{"allow":["GET"]}}],"collection":[{"href":"https:\/\/staging.forenteforlag.no\/spartacus\/wp-json\/wp\/v2\/product"}],"about":[{"href":"https:\/\/staging.forenteforlag.no\/spartacus\/wp-json\/wp\/v2\/types\/product"}],"wp:featuredmedia":[{"embeddable":true,"href":"https:\/\/staging.forenteforlag.no\/spartacus\/wp-json\/wp\/v2\/media\/26381"}],"wp:attachment":[{"href":"https:\/\/staging.forenteforlag.no\/spartacus\/wp-json\/wp\/v2\/media?parent=20762"}],"wp:term":[{"taxonomy":"product_brand","embeddable":true,"href":"https:\/\/staging.forenteforlag.no\/spartacus\/wp-json\/wp\/v2\/product_brand?post=20762"},{"taxonomy":"product_cat","embeddable":true,"href":"https:\/\/staging.forenteforlag.no\/spartacus\/wp-json\/wp\/v2\/product_cat?post=20762"},{"taxonomy":"product_tag","embeddable":true,"href":"https:\/\/staging.forenteforlag.no\/spartacus\/wp-json\/wp\/v2\/product_tag?post=20762"}],"curies":[{"name":"wp","href":"https:\/\/api.w.org\/{rel}","templated":true}]}}