{"id":20731,"date":"2015-08-14T02:00:00","date_gmt":"2015-08-14T00:00:00","guid":{"rendered":"https:\/\/spartacus.forenteforlag.no\/produkt\/livets-gater-og-de-stinkende-sokkene-til-jonas-gnist\/"},"modified":"2026-03-02T18:05:25","modified_gmt":"2026-03-02T17:05:25","slug":"livets-gater-og-de-stinkende-sokkene-til-jonas-gnist","status":"publish","type":"product","link":"https:\/\/staging.forenteforlag.no\/spartacus\/produkt\/livets-gater-og-de-stinkende-sokkene-til-jonas-gnist\/","title":{"rendered":"Livets g\u00e5ter og de stinkende sokkene til Jonas Gnist"},"content":{"rendered":"<p>Prisvinnende, europeisk bestselger: \u00c5rets vakreste sakprosabok for barn? <\/p>\n<p>Blir s\u00f8nnen til Messi ogs\u00e5 god til \u00e5 spille fotball?  <br \/>Hvor kom det f\u00f8rste levende vesenet p\u00e5 jorda fra?  <br \/>Hva er DNA og hvorfor er det s\u00e5 ofte med i krimserier?  <br \/>Hvorfor f\u00e5r vi g\u00e5sehud?  <br \/>Hvordan klare seg uten rompe? <\/p>\n<p>Livets g\u00e5ter er den ultimate sakprosabok for barn: inspirerende og med en perfekt balanse mellom fakta, bilder og fantasi som  visualiserer det usynlige og forklarer det uforst\u00e5elige. Med humor og kunnskap introduseres barna for temaer som jordas opprinnelse, universet og evolusjonsteorien. <\/p>\n<p>I boka finner vi svar p\u00e5 alt det som har f\u00f8rt fram til verden vi lever i i dag. Om jordens alder og universet. Om Darwin og fugler. Om seksuell seleksjon og den sterkestes rett. Og om hvordan menneskekroppen fremdeles er som en makrell. Her serveres fire milliarder \u00e5r p\u00e5 160 sider.  <\/p>\n<p>For barn fra ca 8 \u00e5r <\/p>\n<p>&laquo;A brilliant book that&#8217;s full of light and air despite the weighty subject it takes on, prompting reflection as well as laughter. We will have to wait a good while for another book with such grand ambition and masterly execution. [The illustrations] are at once elegant, funny, innovative and informative. The Mystery of Life is an artwork of a book.&raquo;  <br \/>The juries of the Golden Slate Pencil and the Golden Paintbrush, Nederland  <\/p>\n<p>.One of the most beautiful children&#8217;s books for years.&raquo;  <br \/>de Volkskrant  <\/p>\n<p>.A dazzling design, gilt-edged, full of stimulating, lively illustrations by Floor Rieder and wonderful writing by Jan Paul Schutten, which beautifully describe the theory of evolution.&raquo;  <br \/>Marie Lievense, children&#8217;s book expert<\/p>\n","protected":false},"excerpt":{"rendered":"<p>Prisvinnende, europeisk bestselger: \u00c5rets vakreste sakprosabok for barn? Blir s\u00f8nnen til Messi ogs\u00e5 god til \u00e5 spille fotball? Hvor kom det f\u00f8rste levende vesenet p\u00e5 jorda fra? Hva er DNA og hvorfor er det s\u00e5 ofte med i krimserier? Hvorfor f\u00e5r vi g\u00e5sehud? Hvordan klare seg uten rompe? Livets g\u00e5ter er den ultimate sakprosabok for [&hellip;]<\/p>\n","protected":false},"featured_media":26447,"template":"","meta":{"_acf_changed":false,"inline_featured_image":false},"product_brand":[],"product_cat":[1786],"product_tag":[362],"class_list":{"0":"post-20731","1":"product","2":"type-product","3":"status-publish","4":"has-post-thumbnail","6":"product_cat-rabattkodekampanje","7":"product_tag-faglitteratur","9":"first","10":"instock","11":"shipping-taxable","12":"purchasable","13":"product-type-simple"},"acf":{"anmeldelse":[{"tekst_anmeldelser":"\u00abBoka er munter og overraskende, med stilige illustrasjoner av Floor Rieder. Ofte m\u00e5 leseren lure ganske lenge p\u00e5 sammenhenger mellom tekst og bilde, og rett som det er f\u00f8rer det til nye aha-opplevelser.\u00bb","av_anmeldelser":"","terningkast":"<i class=\"fa-solid fa-dice-five\"><\/i>","kilde":"Dagbladet"}]},"yoast_head":"<!-- This site is optimized with the Yoast SEO plugin v26.6 - https:\/\/yoast.com\/wordpress\/plugins\/seo\/ -->\n<title>Livets g\u00e5ter og de stinkende sokkene til Jonas Gnist - Spartacus<\/title>\n<meta name=\"robots\" content=\"noindex, follow, max-snippet:-1, max-image-preview:large, max-video-preview:-1\" \/>\n<meta property=\"og:locale\" content=\"nb_NO\" \/>\n<meta property=\"og:type\" content=\"article\" \/>\n<meta property=\"og:title\" content=\"Livets g\u00e5ter og de stinkende sokkene til Jonas Gnist - Spartacus\" \/>\n<meta property=\"og:description\" content=\"Prisvinnende, europeisk bestselger: \u00c5rets vakreste sakprosabok for barn? Blir s\u00f8nnen til Messi ogs\u00e5 god til \u00e5 spille fotball? Hvor kom det f\u00f8rste levende vesenet p\u00e5 jorda fra? Hva er DNA og hvorfor er det s\u00e5 ofte med i krimserier? Hvorfor f\u00e5r vi g\u00e5sehud? Hvordan klare seg uten rompe? Livets g\u00e5ter er den ultimate sakprosabok for [&hellip;]\" \/>\n<meta property=\"og:url\" content=\"https:\/\/staging.forenteforlag.no\/spartacus\/produkt\/livets-gater-og-de-stinkende-sokkene-til-jonas-gnist\/\" \/>\n<meta property=\"og:site_name\" content=\"Spartacus\" \/>\n<meta property=\"article:publisher\" content=\"https:\/\/www.facebook.com\/SpartacusForlag\" \/>\n<meta property=\"article:modified_time\" content=\"2026-03-02T17:05:25+00:00\" \/>\n<meta property=\"og:image\" content=\"https:\/\/staging.forenteforlag.no\/spartacus\/wp-content\/uploads\/sites\/6\/2026\/02\/9788243009769.jpg\" \/>\n\t<meta property=\"og:image:width\" content=\"720\" \/>\n\t<meta property=\"og:image:height\" content=\"1034\" \/>\n\t<meta property=\"og:image:type\" content=\"image\/jpeg\" \/>\n<meta name=\"twitter:card\" content=\"summary_large_image\" \/>\n<meta name=\"twitter:label1\" content=\"Ansl. lesetid\" \/>\n\t<meta name=\"twitter:data1\" content=\"1 minutt\" \/>\n<script type=\"application\/ld+json\" class=\"yoast-schema-graph\">{\"@context\":\"https:\/\/schema.org\",\"@graph\":[{\"@type\":\"WebPage\",\"@id\":\"https:\/\/staging.forenteforlag.no\/spartacus\/produkt\/livets-gater-og-de-stinkende-sokkene-til-jonas-gnist\/\",\"url\":\"https:\/\/staging.forenteforlag.no\/spartacus\/produkt\/livets-gater-og-de-stinkende-sokkene-til-jonas-gnist\/\",\"name\":\"Livets g\u00e5ter og de stinkende sokkene til Jonas Gnist - Spartacus\",\"isPartOf\":{\"@id\":\"https:\/\/staging.forenteforlag.no\/spartacus\/#website\"},\"primaryImageOfPage\":{\"@id\":\"https:\/\/staging.forenteforlag.no\/spartacus\/produkt\/livets-gater-og-de-stinkende-sokkene-til-jonas-gnist\/#primaryimage\"},\"image\":{\"@id\":\"https:\/\/staging.forenteforlag.no\/spartacus\/produkt\/livets-gater-og-de-stinkende-sokkene-til-jonas-gnist\/#primaryimage\"},\"thumbnailUrl\":\"https:\/\/staging.forenteforlag.no\/spartacus\/wp-content\/uploads\/sites\/6\/2026\/02\/9788243009769.jpg\",\"datePublished\":\"2015-08-14T00:00:00+00:00\",\"dateModified\":\"2026-03-02T17:05:25+00:00\",\"breadcrumb\":{\"@id\":\"https:\/\/staging.forenteforlag.no\/spartacus\/produkt\/livets-gater-og-de-stinkende-sokkene-til-jonas-gnist\/#breadcrumb\"},\"inLanguage\":\"nb-NO\",\"potentialAction\":[{\"@type\":\"ReadAction\",\"target\":[\"https:\/\/staging.forenteforlag.no\/spartacus\/produkt\/livets-gater-og-de-stinkende-sokkene-til-jonas-gnist\/\"]}]},{\"@type\":\"ImageObject\",\"inLanguage\":\"nb-NO\",\"@id\":\"https:\/\/staging.forenteforlag.no\/spartacus\/produkt\/livets-gater-og-de-stinkende-sokkene-til-jonas-gnist\/#primaryimage\",\"url\":\"https:\/\/staging.forenteforlag.no\/spartacus\/wp-content\/uploads\/sites\/6\/2026\/02\/9788243009769.jpg\",\"contentUrl\":\"https:\/\/staging.forenteforlag.no\/spartacus\/wp-content\/uploads\/sites\/6\/2026\/02\/9788243009769.jpg\",\"width\":720,\"height\":1034},{\"@type\":\"BreadcrumbList\",\"@id\":\"https:\/\/staging.forenteforlag.no\/spartacus\/produkt\/livets-gater-og-de-stinkende-sokkene-til-jonas-gnist\/#breadcrumb\",\"itemListElement\":[{\"@type\":\"ListItem\",\"position\":1,\"name\":\"Hjem\",\"item\":\"https:\/\/staging.forenteforlag.no\/spartacus\/\"},{\"@type\":\"ListItem\",\"position\":2,\"name\":\"Alle b\u00f8ker\",\"item\":\"https:\/\/staging.forenteforlag.no\/spartacus\/butikk\/\"},{\"@type\":\"ListItem\",\"position\":3,\"name\":\"Livets g\u00e5ter og de stinkende sokkene til Jonas Gnist\"}]},{\"@type\":\"WebSite\",\"@id\":\"https:\/\/staging.forenteforlag.no\/spartacus\/#website\",\"url\":\"https:\/\/staging.forenteforlag.no\/spartacus\/\",\"name\":\"Spartacus forlag\",\"description\":\"\",\"publisher\":{\"@id\":\"https:\/\/staging.forenteforlag.no\/spartacus\/#organization\"},\"potentialAction\":[{\"@type\":\"SearchAction\",\"target\":{\"@type\":\"EntryPoint\",\"urlTemplate\":\"https:\/\/staging.forenteforlag.no\/spartacus\/?s={search_term_string}\"},\"query-input\":{\"@type\":\"PropertyValueSpecification\",\"valueRequired\":true,\"valueName\":\"search_term_string\"}}],\"inLanguage\":\"nb-NO\"},{\"@type\":\"Organization\",\"@id\":\"https:\/\/staging.forenteforlag.no\/spartacus\/#organization\",\"name\":\"Spartacus forlag\",\"url\":\"https:\/\/staging.forenteforlag.no\/spartacus\/\",\"logo\":{\"@type\":\"ImageObject\",\"inLanguage\":\"nb-NO\",\"@id\":\"https:\/\/staging.forenteforlag.no\/spartacus\/#\/schema\/logo\/image\/\",\"url\":\"https:\/\/staging.forenteforlag.no\/spartacus\/wp-content\/uploads\/sites\/6\/2024\/09\/Spartacus_logo.svg\",\"contentUrl\":\"https:\/\/staging.forenteforlag.no\/spartacus\/wp-content\/uploads\/sites\/6\/2024\/09\/Spartacus_logo.svg\",\"width\":100,\"height\":100,\"caption\":\"Spartacus forlag\"},\"image\":{\"@id\":\"https:\/\/staging.forenteforlag.no\/spartacus\/#\/schema\/logo\/image\/\"},\"sameAs\":[\"https:\/\/www.facebook.com\/SpartacusForlag\"]}]}<\/script>\n<!-- \/ Yoast SEO plugin. -->","yoast_head_json":{"title":"Livets g\u00e5ter og de stinkende sokkene til Jonas Gnist - Spartacus","robots":{"index":"noindex","follow":"follow","max-snippet":"max-snippet:-1","max-image-preview":"max-image-preview:large","max-video-preview":"max-video-preview:-1"},"og_locale":"nb_NO","og_type":"article","og_title":"Livets g\u00e5ter og de stinkende sokkene til Jonas Gnist - Spartacus","og_description":"Prisvinnende, europeisk bestselger: \u00c5rets vakreste sakprosabok for barn? Blir s\u00f8nnen til Messi ogs\u00e5 god til \u00e5 spille fotball? Hvor kom det f\u00f8rste levende vesenet p\u00e5 jorda fra? Hva er DNA og hvorfor er det s\u00e5 ofte med i krimserier? Hvorfor f\u00e5r vi g\u00e5sehud? Hvordan klare seg uten rompe? Livets g\u00e5ter er den ultimate sakprosabok for [&hellip;]","og_url":"https:\/\/staging.forenteforlag.no\/spartacus\/produkt\/livets-gater-og-de-stinkende-sokkene-til-jonas-gnist\/","og_site_name":"Spartacus","article_publisher":"https:\/\/www.facebook.com\/SpartacusForlag","article_modified_time":"2026-03-02T17:05:25+00:00","og_image":[{"width":720,"height":1034,"url":"https:\/\/staging.forenteforlag.no\/spartacus\/wp-content\/uploads\/sites\/6\/2026\/02\/9788243009769.jpg","type":"image\/jpeg"}],"twitter_card":"summary_large_image","twitter_misc":{"Ansl. lesetid":"1 minutt"},"schema":{"@context":"https:\/\/schema.org","@graph":[{"@type":"WebPage","@id":"https:\/\/staging.forenteforlag.no\/spartacus\/produkt\/livets-gater-og-de-stinkende-sokkene-til-jonas-gnist\/","url":"https:\/\/staging.forenteforlag.no\/spartacus\/produkt\/livets-gater-og-de-stinkende-sokkene-til-jonas-gnist\/","name":"Livets g\u00e5ter og de stinkende sokkene til Jonas Gnist - Spartacus","isPartOf":{"@id":"https:\/\/staging.forenteforlag.no\/spartacus\/#website"},"primaryImageOfPage":{"@id":"https:\/\/staging.forenteforlag.no\/spartacus\/produkt\/livets-gater-og-de-stinkende-sokkene-til-jonas-gnist\/#primaryimage"},"image":{"@id":"https:\/\/staging.forenteforlag.no\/spartacus\/produkt\/livets-gater-og-de-stinkende-sokkene-til-jonas-gnist\/#primaryimage"},"thumbnailUrl":"https:\/\/staging.forenteforlag.no\/spartacus\/wp-content\/uploads\/sites\/6\/2026\/02\/9788243009769.jpg","datePublished":"2015-08-14T00:00:00+00:00","dateModified":"2026-03-02T17:05:25+00:00","breadcrumb":{"@id":"https:\/\/staging.forenteforlag.no\/spartacus\/produkt\/livets-gater-og-de-stinkende-sokkene-til-jonas-gnist\/#breadcrumb"},"inLanguage":"nb-NO","potentialAction":[{"@type":"ReadAction","target":["https:\/\/staging.forenteforlag.no\/spartacus\/produkt\/livets-gater-og-de-stinkende-sokkene-til-jonas-gnist\/"]}]},{"@type":"ImageObject","inLanguage":"nb-NO","@id":"https:\/\/staging.forenteforlag.no\/spartacus\/produkt\/livets-gater-og-de-stinkende-sokkene-til-jonas-gnist\/#primaryimage","url":"https:\/\/staging.forenteforlag.no\/spartacus\/wp-content\/uploads\/sites\/6\/2026\/02\/9788243009769.jpg","contentUrl":"https:\/\/staging.forenteforlag.no\/spartacus\/wp-content\/uploads\/sites\/6\/2026\/02\/9788243009769.jpg","width":720,"height":1034},{"@type":"BreadcrumbList","@id":"https:\/\/staging.forenteforlag.no\/spartacus\/produkt\/livets-gater-og-de-stinkende-sokkene-til-jonas-gnist\/#breadcrumb","itemListElement":[{"@type":"ListItem","position":1,"name":"Hjem","item":"https:\/\/staging.forenteforlag.no\/spartacus\/"},{"@type":"ListItem","position":2,"name":"Alle b\u00f8ker","item":"https:\/\/staging.forenteforlag.no\/spartacus\/butikk\/"},{"@type":"ListItem","position":3,"name":"Livets g\u00e5ter og de stinkende sokkene til Jonas Gnist"}]},{"@type":"WebSite","@id":"https:\/\/staging.forenteforlag.no\/spartacus\/#website","url":"https:\/\/staging.forenteforlag.no\/spartacus\/","name":"Spartacus forlag","description":"","publisher":{"@id":"https:\/\/staging.forenteforlag.no\/spartacus\/#organization"},"potentialAction":[{"@type":"SearchAction","target":{"@type":"EntryPoint","urlTemplate":"https:\/\/staging.forenteforlag.no\/spartacus\/?s={search_term_string}"},"query-input":{"@type":"PropertyValueSpecification","valueRequired":true,"valueName":"search_term_string"}}],"inLanguage":"nb-NO"},{"@type":"Organization","@id":"https:\/\/staging.forenteforlag.no\/spartacus\/#organization","name":"Spartacus forlag","url":"https:\/\/staging.forenteforlag.no\/spartacus\/","logo":{"@type":"ImageObject","inLanguage":"nb-NO","@id":"https:\/\/staging.forenteforlag.no\/spartacus\/#\/schema\/logo\/image\/","url":"https:\/\/staging.forenteforlag.no\/spartacus\/wp-content\/uploads\/sites\/6\/2024\/09\/Spartacus_logo.svg","contentUrl":"https:\/\/staging.forenteforlag.no\/spartacus\/wp-content\/uploads\/sites\/6\/2024\/09\/Spartacus_logo.svg","width":100,"height":100,"caption":"Spartacus forlag"},"image":{"@id":"https:\/\/staging.forenteforlag.no\/spartacus\/#\/schema\/logo\/image\/"},"sameAs":["https:\/\/www.facebook.com\/SpartacusForlag"]}]}},"_links":{"self":[{"href":"https:\/\/staging.forenteforlag.no\/spartacus\/wp-json\/wp\/v2\/product\/20731","targetHints":{"allow":["GET"]}}],"collection":[{"href":"https:\/\/staging.forenteforlag.no\/spartacus\/wp-json\/wp\/v2\/product"}],"about":[{"href":"https:\/\/staging.forenteforlag.no\/spartacus\/wp-json\/wp\/v2\/types\/product"}],"wp:featuredmedia":[{"embeddable":true,"href":"https:\/\/staging.forenteforlag.no\/spartacus\/wp-json\/wp\/v2\/media\/26447"}],"wp:attachment":[{"href":"https:\/\/staging.forenteforlag.no\/spartacus\/wp-json\/wp\/v2\/media?parent=20731"}],"wp:term":[{"taxonomy":"product_brand","embeddable":true,"href":"https:\/\/staging.forenteforlag.no\/spartacus\/wp-json\/wp\/v2\/product_brand?post=20731"},{"taxonomy":"product_cat","embeddable":true,"href":"https:\/\/staging.forenteforlag.no\/spartacus\/wp-json\/wp\/v2\/product_cat?post=20731"},{"taxonomy":"product_tag","embeddable":true,"href":"https:\/\/staging.forenteforlag.no\/spartacus\/wp-json\/wp\/v2\/product_tag?post=20731"}],"curies":[{"name":"wp","href":"https:\/\/api.w.org\/{rel}","templated":true}]}}