{"id":20729,"date":"2023-04-11T02:00:00","date_gmt":"2023-04-11T00:00:00","guid":{"rendered":"https:\/\/spartacus.forenteforlag.no\/produkt\/tro-pa-det-ville\/"},"modified":"2026-03-02T18:32:03","modified_gmt":"2026-03-02T17:32:03","slug":"tro-pa-det-ville","status":"publish","type":"product","link":"https:\/\/staging.forenteforlag.no\/spartacus\/produkt\/tro-pa-det-ville\/","title":{"rendered":"Tro p\u00e5 det ville"},"content":{"rendered":"<p>\u00abDen dagen, 25. august 2015, er det ikke dette som skjer: En bj\u00f8rn angriper en fransk sosialantropolog et eller annet sted i Kamtsjatkas fjellheim. Det er dette: En bj\u00f8rn og en kvinne m\u00f8tes, og grensene mellom verdenene imploderer. Ikke bare de fysiske skillene mellom et menneske og et dyr som f\u00e5r sprekker i kropp og hode av \u00e5 st\u00f8te sammen. Det er ogs\u00e5 den mytiske tiden som forenes med virkeligheten, fordums tider med n\u00e5tiden, dr\u00f8mmen med legemliggj\u00f8relsen. Scenen utspiller seg i v\u00e5re dager, men kunne like gjerne ha funnet sted for tusen \u00e5r siden. Det er bare meg og bj\u00f8rnen i v\u00e5r tidsverden, som st\u00e5r hevet over v\u00e5re ubetydelige personlige livsl\u00f8p, men det er ogs\u00e5 en arketypisk konfrontasjon.\u00bb <\/p>\n<p>Etter lemlestelsen gjennomg\u00e5r Nastassja Martin flere operasjoner p\u00e5 et russisk provinssykehus og blir samtidig avh\u00f8rt av det hemmelige politiet. P\u00e5 operasjonsbordet p\u00e5 La Salp\u00eatri\u00e8re-sykehuset i Paris blir kroppen hennes \u00e5sted for russisk og fransk stormaktspolitikk. Snart innser Martin at det eneste riktige er \u00e5 vende tilbake til Kamtsjatka-regionen i det \u00f8stre Sibir: Hun m\u00e5 forst\u00e5 hva det vil si \u00e5 ha blitt medka &#8211; halvt menneske, halvt bj\u00f8rn.<\/p>\n","protected":false},"excerpt":{"rendered":"<p>\u00abDen dagen, 25. august 2015, er det ikke dette som skjer: En bj\u00f8rn angriper en fransk sosialantropolog et eller annet sted i Kamtsjatkas fjellheim. Det er dette: En bj\u00f8rn og en kvinne m\u00f8tes, og grensene mellom verdenene imploderer. Ikke bare de fysiske skillene mellom et menneske og et dyr som f\u00e5r sprekker i kropp og [&hellip;]<\/p>\n","protected":false},"featured_media":26703,"template":"","meta":{"_acf_changed":false,"inline_featured_image":false},"product_brand":[],"product_cat":[1786],"product_tag":[362],"class_list":{"0":"post-20729","1":"product","2":"type-product","3":"status-publish","4":"has-post-thumbnail","6":"product_cat-rabattkodekampanje","7":"product_tag-faglitteratur","9":"first","10":"instock","11":"shipping-taxable","12":"purchasable","13":"product-type-simple"},"acf":{"anmeldelse":[{"tekst_anmeldelser":"\u00abHun tilh\u00f8rer den veldig lille gruppen av mennesker som er sykt godt kvalifisert til \u00e5 bli bitt av bj\u00f8rn, og s\u00e5 skrive om det.\u00bb","av_anmeldelser":"Erlend Loe","terningkast":false,"kilde":"Aftenposten"},{"tekst_anmeldelser":"\u00abUforglemmelig . En liten, men ruvende bok.\u00bb","av_anmeldelser":"","terningkast":false,"kilde":"The New York Times Book Review"}]},"yoast_head":"<!-- This site is optimized with the Yoast SEO plugin v26.6 - https:\/\/yoast.com\/wordpress\/plugins\/seo\/ -->\n<title>Tro p\u00e5 det ville - Spartacus<\/title>\n<meta name=\"robots\" content=\"noindex, follow, max-snippet:-1, max-image-preview:large, max-video-preview:-1\" \/>\n<meta property=\"og:locale\" content=\"nb_NO\" \/>\n<meta property=\"og:type\" content=\"article\" \/>\n<meta property=\"og:title\" content=\"Tro p\u00e5 det ville - Spartacus\" \/>\n<meta property=\"og:description\" content=\"\u00abDen dagen, 25. august 2015, er det ikke dette som skjer: En bj\u00f8rn angriper en fransk sosialantropolog et eller annet sted i Kamtsjatkas fjellheim. Det er dette: En bj\u00f8rn og en kvinne m\u00f8tes, og grensene mellom verdenene imploderer. Ikke bare de fysiske skillene mellom et menneske og et dyr som f\u00e5r sprekker i kropp og [&hellip;]\" \/>\n<meta property=\"og:url\" content=\"https:\/\/staging.forenteforlag.no\/spartacus\/produkt\/tro-pa-det-ville\/\" \/>\n<meta property=\"og:site_name\" content=\"Spartacus\" \/>\n<meta property=\"article:publisher\" content=\"https:\/\/www.facebook.com\/SpartacusForlag\" \/>\n<meta property=\"article:modified_time\" content=\"2026-03-02T17:32:03+00:00\" \/>\n<meta property=\"og:image\" content=\"https:\/\/staging.forenteforlag.no\/spartacus\/wp-content\/uploads\/sites\/6\/2026\/03\/9788243014978.jpg\" \/>\n\t<meta property=\"og:image:width\" content=\"720\" \/>\n\t<meta property=\"og:image:height\" content=\"1202\" \/>\n\t<meta property=\"og:image:type\" content=\"image\/jpeg\" \/>\n<meta name=\"twitter:card\" content=\"summary_large_image\" \/>\n<meta name=\"twitter:label1\" content=\"Ansl. lesetid\" \/>\n\t<meta name=\"twitter:data1\" content=\"1 minutt\" \/>\n<script type=\"application\/ld+json\" class=\"yoast-schema-graph\">{\"@context\":\"https:\/\/schema.org\",\"@graph\":[{\"@type\":\"WebPage\",\"@id\":\"https:\/\/staging.forenteforlag.no\/spartacus\/produkt\/tro-pa-det-ville\/\",\"url\":\"https:\/\/staging.forenteforlag.no\/spartacus\/produkt\/tro-pa-det-ville\/\",\"name\":\"Tro p\u00e5 det ville - Spartacus\",\"isPartOf\":{\"@id\":\"https:\/\/staging.forenteforlag.no\/spartacus\/#website\"},\"primaryImageOfPage\":{\"@id\":\"https:\/\/staging.forenteforlag.no\/spartacus\/produkt\/tro-pa-det-ville\/#primaryimage\"},\"image\":{\"@id\":\"https:\/\/staging.forenteforlag.no\/spartacus\/produkt\/tro-pa-det-ville\/#primaryimage\"},\"thumbnailUrl\":\"https:\/\/staging.forenteforlag.no\/spartacus\/wp-content\/uploads\/sites\/6\/2026\/03\/9788243014978.jpg\",\"datePublished\":\"2023-04-11T00:00:00+00:00\",\"dateModified\":\"2026-03-02T17:32:03+00:00\",\"breadcrumb\":{\"@id\":\"https:\/\/staging.forenteforlag.no\/spartacus\/produkt\/tro-pa-det-ville\/#breadcrumb\"},\"inLanguage\":\"nb-NO\",\"potentialAction\":[{\"@type\":\"ReadAction\",\"target\":[\"https:\/\/staging.forenteforlag.no\/spartacus\/produkt\/tro-pa-det-ville\/\"]}]},{\"@type\":\"ImageObject\",\"inLanguage\":\"nb-NO\",\"@id\":\"https:\/\/staging.forenteforlag.no\/spartacus\/produkt\/tro-pa-det-ville\/#primaryimage\",\"url\":\"https:\/\/staging.forenteforlag.no\/spartacus\/wp-content\/uploads\/sites\/6\/2026\/03\/9788243014978.jpg\",\"contentUrl\":\"https:\/\/staging.forenteforlag.no\/spartacus\/wp-content\/uploads\/sites\/6\/2026\/03\/9788243014978.jpg\",\"width\":720,\"height\":1202},{\"@type\":\"BreadcrumbList\",\"@id\":\"https:\/\/staging.forenteforlag.no\/spartacus\/produkt\/tro-pa-det-ville\/#breadcrumb\",\"itemListElement\":[{\"@type\":\"ListItem\",\"position\":1,\"name\":\"Hjem\",\"item\":\"https:\/\/staging.forenteforlag.no\/spartacus\/\"},{\"@type\":\"ListItem\",\"position\":2,\"name\":\"Alle b\u00f8ker\",\"item\":\"https:\/\/staging.forenteforlag.no\/spartacus\/butikk\/\"},{\"@type\":\"ListItem\",\"position\":3,\"name\":\"Tro p\u00e5 det ville\"}]},{\"@type\":\"WebSite\",\"@id\":\"https:\/\/staging.forenteforlag.no\/spartacus\/#website\",\"url\":\"https:\/\/staging.forenteforlag.no\/spartacus\/\",\"name\":\"Spartacus forlag\",\"description\":\"\",\"publisher\":{\"@id\":\"https:\/\/staging.forenteforlag.no\/spartacus\/#organization\"},\"potentialAction\":[{\"@type\":\"SearchAction\",\"target\":{\"@type\":\"EntryPoint\",\"urlTemplate\":\"https:\/\/staging.forenteforlag.no\/spartacus\/?s={search_term_string}\"},\"query-input\":{\"@type\":\"PropertyValueSpecification\",\"valueRequired\":true,\"valueName\":\"search_term_string\"}}],\"inLanguage\":\"nb-NO\"},{\"@type\":\"Organization\",\"@id\":\"https:\/\/staging.forenteforlag.no\/spartacus\/#organization\",\"name\":\"Spartacus forlag\",\"url\":\"https:\/\/staging.forenteforlag.no\/spartacus\/\",\"logo\":{\"@type\":\"ImageObject\",\"inLanguage\":\"nb-NO\",\"@id\":\"https:\/\/staging.forenteforlag.no\/spartacus\/#\/schema\/logo\/image\/\",\"url\":\"https:\/\/staging.forenteforlag.no\/spartacus\/wp-content\/uploads\/sites\/6\/2024\/09\/Spartacus_logo.svg\",\"contentUrl\":\"https:\/\/staging.forenteforlag.no\/spartacus\/wp-content\/uploads\/sites\/6\/2024\/09\/Spartacus_logo.svg\",\"width\":100,\"height\":100,\"caption\":\"Spartacus forlag\"},\"image\":{\"@id\":\"https:\/\/staging.forenteforlag.no\/spartacus\/#\/schema\/logo\/image\/\"},\"sameAs\":[\"https:\/\/www.facebook.com\/SpartacusForlag\"]}]}<\/script>\n<!-- \/ Yoast SEO plugin. -->","yoast_head_json":{"title":"Tro p\u00e5 det ville - Spartacus","robots":{"index":"noindex","follow":"follow","max-snippet":"max-snippet:-1","max-image-preview":"max-image-preview:large","max-video-preview":"max-video-preview:-1"},"og_locale":"nb_NO","og_type":"article","og_title":"Tro p\u00e5 det ville - Spartacus","og_description":"\u00abDen dagen, 25. august 2015, er det ikke dette som skjer: En bj\u00f8rn angriper en fransk sosialantropolog et eller annet sted i Kamtsjatkas fjellheim. Det er dette: En bj\u00f8rn og en kvinne m\u00f8tes, og grensene mellom verdenene imploderer. Ikke bare de fysiske skillene mellom et menneske og et dyr som f\u00e5r sprekker i kropp og [&hellip;]","og_url":"https:\/\/staging.forenteforlag.no\/spartacus\/produkt\/tro-pa-det-ville\/","og_site_name":"Spartacus","article_publisher":"https:\/\/www.facebook.com\/SpartacusForlag","article_modified_time":"2026-03-02T17:32:03+00:00","og_image":[{"width":720,"height":1202,"url":"https:\/\/staging.forenteforlag.no\/spartacus\/wp-content\/uploads\/sites\/6\/2026\/03\/9788243014978.jpg","type":"image\/jpeg"}],"twitter_card":"summary_large_image","twitter_misc":{"Ansl. lesetid":"1 minutt"},"schema":{"@context":"https:\/\/schema.org","@graph":[{"@type":"WebPage","@id":"https:\/\/staging.forenteforlag.no\/spartacus\/produkt\/tro-pa-det-ville\/","url":"https:\/\/staging.forenteforlag.no\/spartacus\/produkt\/tro-pa-det-ville\/","name":"Tro p\u00e5 det ville - Spartacus","isPartOf":{"@id":"https:\/\/staging.forenteforlag.no\/spartacus\/#website"},"primaryImageOfPage":{"@id":"https:\/\/staging.forenteforlag.no\/spartacus\/produkt\/tro-pa-det-ville\/#primaryimage"},"image":{"@id":"https:\/\/staging.forenteforlag.no\/spartacus\/produkt\/tro-pa-det-ville\/#primaryimage"},"thumbnailUrl":"https:\/\/staging.forenteforlag.no\/spartacus\/wp-content\/uploads\/sites\/6\/2026\/03\/9788243014978.jpg","datePublished":"2023-04-11T00:00:00+00:00","dateModified":"2026-03-02T17:32:03+00:00","breadcrumb":{"@id":"https:\/\/staging.forenteforlag.no\/spartacus\/produkt\/tro-pa-det-ville\/#breadcrumb"},"inLanguage":"nb-NO","potentialAction":[{"@type":"ReadAction","target":["https:\/\/staging.forenteforlag.no\/spartacus\/produkt\/tro-pa-det-ville\/"]}]},{"@type":"ImageObject","inLanguage":"nb-NO","@id":"https:\/\/staging.forenteforlag.no\/spartacus\/produkt\/tro-pa-det-ville\/#primaryimage","url":"https:\/\/staging.forenteforlag.no\/spartacus\/wp-content\/uploads\/sites\/6\/2026\/03\/9788243014978.jpg","contentUrl":"https:\/\/staging.forenteforlag.no\/spartacus\/wp-content\/uploads\/sites\/6\/2026\/03\/9788243014978.jpg","width":720,"height":1202},{"@type":"BreadcrumbList","@id":"https:\/\/staging.forenteforlag.no\/spartacus\/produkt\/tro-pa-det-ville\/#breadcrumb","itemListElement":[{"@type":"ListItem","position":1,"name":"Hjem","item":"https:\/\/staging.forenteforlag.no\/spartacus\/"},{"@type":"ListItem","position":2,"name":"Alle b\u00f8ker","item":"https:\/\/staging.forenteforlag.no\/spartacus\/butikk\/"},{"@type":"ListItem","position":3,"name":"Tro p\u00e5 det ville"}]},{"@type":"WebSite","@id":"https:\/\/staging.forenteforlag.no\/spartacus\/#website","url":"https:\/\/staging.forenteforlag.no\/spartacus\/","name":"Spartacus forlag","description":"","publisher":{"@id":"https:\/\/staging.forenteforlag.no\/spartacus\/#organization"},"potentialAction":[{"@type":"SearchAction","target":{"@type":"EntryPoint","urlTemplate":"https:\/\/staging.forenteforlag.no\/spartacus\/?s={search_term_string}"},"query-input":{"@type":"PropertyValueSpecification","valueRequired":true,"valueName":"search_term_string"}}],"inLanguage":"nb-NO"},{"@type":"Organization","@id":"https:\/\/staging.forenteforlag.no\/spartacus\/#organization","name":"Spartacus forlag","url":"https:\/\/staging.forenteforlag.no\/spartacus\/","logo":{"@type":"ImageObject","inLanguage":"nb-NO","@id":"https:\/\/staging.forenteforlag.no\/spartacus\/#\/schema\/logo\/image\/","url":"https:\/\/staging.forenteforlag.no\/spartacus\/wp-content\/uploads\/sites\/6\/2024\/09\/Spartacus_logo.svg","contentUrl":"https:\/\/staging.forenteforlag.no\/spartacus\/wp-content\/uploads\/sites\/6\/2024\/09\/Spartacus_logo.svg","width":100,"height":100,"caption":"Spartacus forlag"},"image":{"@id":"https:\/\/staging.forenteforlag.no\/spartacus\/#\/schema\/logo\/image\/"},"sameAs":["https:\/\/www.facebook.com\/SpartacusForlag"]}]}},"_links":{"self":[{"href":"https:\/\/staging.forenteforlag.no\/spartacus\/wp-json\/wp\/v2\/product\/20729","targetHints":{"allow":["GET"]}}],"collection":[{"href":"https:\/\/staging.forenteforlag.no\/spartacus\/wp-json\/wp\/v2\/product"}],"about":[{"href":"https:\/\/staging.forenteforlag.no\/spartacus\/wp-json\/wp\/v2\/types\/product"}],"wp:featuredmedia":[{"embeddable":true,"href":"https:\/\/staging.forenteforlag.no\/spartacus\/wp-json\/wp\/v2\/media\/26703"}],"wp:attachment":[{"href":"https:\/\/staging.forenteforlag.no\/spartacus\/wp-json\/wp\/v2\/media?parent=20729"}],"wp:term":[{"taxonomy":"product_brand","embeddable":true,"href":"https:\/\/staging.forenteforlag.no\/spartacus\/wp-json\/wp\/v2\/product_brand?post=20729"},{"taxonomy":"product_cat","embeddable":true,"href":"https:\/\/staging.forenteforlag.no\/spartacus\/wp-json\/wp\/v2\/product_cat?post=20729"},{"taxonomy":"product_tag","embeddable":true,"href":"https:\/\/staging.forenteforlag.no\/spartacus\/wp-json\/wp\/v2\/product_tag?post=20729"}],"curies":[{"name":"wp","href":"https:\/\/api.w.org\/{rel}","templated":true}]}}