{"id":20644,"date":"2015-04-17T02:00:00","date_gmt":"2015-04-17T00:00:00","guid":{"rendered":"https:\/\/spartacus.forenteforlag.no\/produkt\/ti-tusen-skygger-3\/"},"modified":"2026-03-04T15:09:55","modified_gmt":"2026-03-04T14:09:55","slug":"ti-tusen-skygger-3","status":"publish","type":"product","link":"https:\/\/staging.forenteforlag.no\/spartacus\/produkt\/ti-tusen-skygger-3\/","title":{"rendered":"Ti tusen skygger"},"content":{"rendered":"<p>Spedalskhet er en av de eldste og verste sykdommer som menneskeheten kjenner til. Tidlig p\u00e5 1800-tallet gikk den blant annet under navnet Lepra borealis, Norvegica. Andre steder i Europa var spedalskhet utryddet for lengst. I Norge herjet sykdommen verre enn noensinne. <\/p>\n<p>P\u00e5 kyststrekningene mellom Stavanger og Troms\u00f8 levde folk i angst for \u00e5 bli rammet. Minst ti tusen mennesker opplevde at marerittet ble virkelighet. Spedalskhet forvandlet dem til skrekkinngytende, d\u00f8dningaktige skikkelser. De ble makabre skygger av seg selv.  <\/p>\n<p>I f\u00f8rti \u00e5r, mellom 1830 og 1870, fremsto spedalskhet som en av de st\u00f8rste truslene mot folkehelsen i Norge. Sykdommen lenket landet fast til en dyster og primitiv fortid &#8211; i en periode da myndighetene mer enn noe \u00f8nsket \u00e5 modernisere samfunnet.  <\/p>\n<p>Ti tusen skygger er historien om en fryktelig sykdom, om norske myndigheters kamp for \u00e5 utrydde trusselen, og om mennesker som ble \u00f8delagt p\u00e5 grusomste vis. Det er ogs\u00e5 fortellingen om en komit\u00e9 som foreslo \u00e5 kastrere alle menn i visse familier, om uregjerlige spedalske med draget p\u00e5 damene, og om leger som mente at Vestlandet simpelthen var helsefarlig.<\/p>\n","protected":false},"excerpt":{"rendered":"<p>Spedalskhet er en av de eldste og verste sykdommer som menneskeheten kjenner til. Tidlig p\u00e5 1800-tallet gikk den blant annet under navnet Lepra borealis, Norvegica. Andre steder i Europa var spedalskhet utryddet for lengst. I Norge herjet sykdommen verre enn noensinne. P\u00e5 kyststrekningene mellom Stavanger og Troms\u00f8 levde folk i angst for \u00e5 bli rammet. [&hellip;]<\/p>\n","protected":false},"featured_media":26441,"template":"","meta":{"_acf_changed":false,"inline_featured_image":false},"product_brand":[],"product_cat":[1786],"product_tag":[394,362,361,439,805,806],"class_list":{"0":"post-20644","1":"product","2":"type-product","3":"status-publish","4":"has-post-thumbnail","6":"product_cat-rabattkodekampanje","7":"product_tag-1800-tallet","8":"product_tag-faglitteratur","9":"product_tag-kulturhistorie","10":"product_tag-nord-norge","11":"product_tag-sosialmedisin","12":"product_tag-spedalskhet","14":"first","15":"instock","16":"shipping-taxable","17":"purchasable","18":"product-type-simple"},"acf":{"anmeldelse":[{"tekst_anmeldelser":"\u00abVelskrevet, opplysende og rystende. .de spedalske forblir ikke bare skygger og ofre i Bj\u00f8rn God\u00f8ys bok. Han lar dem tre ut av m\u00f8rket. De st\u00e5r frem med navn og viser at de er noe mer enn sykdommen sin. For denne anmelderen har Ti tusen skygger v\u00e6rt en av \u00e5rets sterkeste leseopplevelser. \u00bb","av_anmeldelser":"Vebj\u00f8rn Selbekk","terningkast":false,"kilde":"Dagen"},{"tekst_anmeldelser":"\u00abSpedalskeheten brukes som en prisme for en nasjon i utvikling, som bakser mellom tradisjon og modernitet, hvor legevitenskapen ofte st\u00e5r med en fot i hver leir.\u00bb","av_anmeldelser":"","terningkast":false,"kilde":"Dagsavisen"},{"tekst_anmeldelser":"\u00abet helhetlig grep om en grufull historie. [...] Dette er ikke bare en fortelling om menneskelig lidelse og medisinernes heroisme. Det er ogs\u00e5 en id\u00e9historie, mentalitetshistorie, institusjonshistorie, en fortelling om motsetninger mellom klasser og mellom landsdeler. Ti tusen skygger er ikke minst et viktig bidrag til v\u00e5r forst\u00e5else av moderniseringen av Norge.\u00bb","av_anmeldelser":"Jan-Erik Ebbestad Hansen","terningkast":false,"kilde":"Aftenposten"},{"tekst_anmeldelser":"\u00abBj\u00f8rn God\u00f8y er en f\u00f8rsteklasses formidler. Hans fascinasjon for tematikken er smittsom, detaljkunnskapen forbl\u00f8ffer og boka inneholder mye nytt, overraskende stoff for den brede allmennheten. Slike popul\u00e6rvitenskapelige utgivelser vil nye Norge ha mer av og er avgjort et bevis p\u00e5 potensialet i v\u00e5r sivilisasjon. \u00bb","av_anmeldelser":"Stian Bromark","terningkast":false,"kilde":"Dagsavisen"},{"tekst_anmeldelser":"\u00abBG gj\u00f8r 1800-tallet spill levende for leserne. Hvordan klarer han det? [...] Du! Les boka, da vel!\u00bb -","av_anmeldelser":"Espen Stueland","terningkast":false,"kilde":"Klassekampen"}]},"yoast_head":"<!-- This site is optimized with the Yoast SEO plugin v26.6 - https:\/\/yoast.com\/wordpress\/plugins\/seo\/ -->\n<title>Ti tusen skygger - Spartacus<\/title>\n<meta name=\"robots\" content=\"noindex, follow, max-snippet:-1, max-image-preview:large, max-video-preview:-1\" \/>\n<meta property=\"og:locale\" content=\"nb_NO\" \/>\n<meta property=\"og:type\" content=\"article\" \/>\n<meta property=\"og:title\" content=\"Ti tusen skygger - Spartacus\" \/>\n<meta property=\"og:description\" content=\"Spedalskhet er en av de eldste og verste sykdommer som menneskeheten kjenner til. Tidlig p\u00e5 1800-tallet gikk den blant annet under navnet Lepra borealis, Norvegica. Andre steder i Europa var spedalskhet utryddet for lengst. I Norge herjet sykdommen verre enn noensinne. P\u00e5 kyststrekningene mellom Stavanger og Troms\u00f8 levde folk i angst for \u00e5 bli rammet. [&hellip;]\" \/>\n<meta property=\"og:url\" content=\"https:\/\/staging.forenteforlag.no\/spartacus\/produkt\/ti-tusen-skygger-3\/\" \/>\n<meta property=\"og:site_name\" content=\"Spartacus\" \/>\n<meta property=\"article:publisher\" content=\"https:\/\/www.facebook.com\/SpartacusForlag\" \/>\n<meta property=\"article:modified_time\" content=\"2026-03-04T14:09:55+00:00\" \/>\n<meta property=\"og:image\" content=\"https:\/\/staging.forenteforlag.no\/spartacus\/wp-content\/uploads\/sites\/6\/2026\/02\/9788243009677.jpg\" \/>\n\t<meta property=\"og:image:width\" content=\"720\" \/>\n\t<meta property=\"og:image:height\" content=\"1144\" \/>\n\t<meta property=\"og:image:type\" content=\"image\/jpeg\" \/>\n<meta name=\"twitter:card\" content=\"summary_large_image\" \/>\n<meta name=\"twitter:label1\" content=\"Ansl. lesetid\" \/>\n\t<meta name=\"twitter:data1\" content=\"1 minutt\" \/>\n<script type=\"application\/ld+json\" class=\"yoast-schema-graph\">{\"@context\":\"https:\/\/schema.org\",\"@graph\":[{\"@type\":\"WebPage\",\"@id\":\"https:\/\/staging.forenteforlag.no\/spartacus\/produkt\/ti-tusen-skygger-3\/\",\"url\":\"https:\/\/staging.forenteforlag.no\/spartacus\/produkt\/ti-tusen-skygger-3\/\",\"name\":\"Ti tusen skygger - Spartacus\",\"isPartOf\":{\"@id\":\"https:\/\/staging.forenteforlag.no\/spartacus\/#website\"},\"primaryImageOfPage\":{\"@id\":\"https:\/\/staging.forenteforlag.no\/spartacus\/produkt\/ti-tusen-skygger-3\/#primaryimage\"},\"image\":{\"@id\":\"https:\/\/staging.forenteforlag.no\/spartacus\/produkt\/ti-tusen-skygger-3\/#primaryimage\"},\"thumbnailUrl\":\"https:\/\/staging.forenteforlag.no\/spartacus\/wp-content\/uploads\/sites\/6\/2026\/02\/9788243009677.jpg\",\"datePublished\":\"2015-04-17T00:00:00+00:00\",\"dateModified\":\"2026-03-04T14:09:55+00:00\",\"breadcrumb\":{\"@id\":\"https:\/\/staging.forenteforlag.no\/spartacus\/produkt\/ti-tusen-skygger-3\/#breadcrumb\"},\"inLanguage\":\"nb-NO\",\"potentialAction\":[{\"@type\":\"ReadAction\",\"target\":[\"https:\/\/staging.forenteforlag.no\/spartacus\/produkt\/ti-tusen-skygger-3\/\"]}]},{\"@type\":\"ImageObject\",\"inLanguage\":\"nb-NO\",\"@id\":\"https:\/\/staging.forenteforlag.no\/spartacus\/produkt\/ti-tusen-skygger-3\/#primaryimage\",\"url\":\"https:\/\/staging.forenteforlag.no\/spartacus\/wp-content\/uploads\/sites\/6\/2026\/02\/9788243009677.jpg\",\"contentUrl\":\"https:\/\/staging.forenteforlag.no\/spartacus\/wp-content\/uploads\/sites\/6\/2026\/02\/9788243009677.jpg\",\"width\":720,\"height\":1144},{\"@type\":\"BreadcrumbList\",\"@id\":\"https:\/\/staging.forenteforlag.no\/spartacus\/produkt\/ti-tusen-skygger-3\/#breadcrumb\",\"itemListElement\":[{\"@type\":\"ListItem\",\"position\":1,\"name\":\"Hjem\",\"item\":\"https:\/\/staging.forenteforlag.no\/spartacus\/\"},{\"@type\":\"ListItem\",\"position\":2,\"name\":\"Alle b\u00f8ker\",\"item\":\"https:\/\/staging.forenteforlag.no\/spartacus\/butikk\/\"},{\"@type\":\"ListItem\",\"position\":3,\"name\":\"Ti tusen skygger\"}]},{\"@type\":\"WebSite\",\"@id\":\"https:\/\/staging.forenteforlag.no\/spartacus\/#website\",\"url\":\"https:\/\/staging.forenteforlag.no\/spartacus\/\",\"name\":\"Spartacus forlag\",\"description\":\"\",\"publisher\":{\"@id\":\"https:\/\/staging.forenteforlag.no\/spartacus\/#organization\"},\"potentialAction\":[{\"@type\":\"SearchAction\",\"target\":{\"@type\":\"EntryPoint\",\"urlTemplate\":\"https:\/\/staging.forenteforlag.no\/spartacus\/?s={search_term_string}\"},\"query-input\":{\"@type\":\"PropertyValueSpecification\",\"valueRequired\":true,\"valueName\":\"search_term_string\"}}],\"inLanguage\":\"nb-NO\"},{\"@type\":\"Organization\",\"@id\":\"https:\/\/staging.forenteforlag.no\/spartacus\/#organization\",\"name\":\"Spartacus forlag\",\"url\":\"https:\/\/staging.forenteforlag.no\/spartacus\/\",\"logo\":{\"@type\":\"ImageObject\",\"inLanguage\":\"nb-NO\",\"@id\":\"https:\/\/staging.forenteforlag.no\/spartacus\/#\/schema\/logo\/image\/\",\"url\":\"https:\/\/staging.forenteforlag.no\/spartacus\/wp-content\/uploads\/sites\/6\/2024\/09\/Spartacus_logo.svg\",\"contentUrl\":\"https:\/\/staging.forenteforlag.no\/spartacus\/wp-content\/uploads\/sites\/6\/2024\/09\/Spartacus_logo.svg\",\"width\":100,\"height\":100,\"caption\":\"Spartacus forlag\"},\"image\":{\"@id\":\"https:\/\/staging.forenteforlag.no\/spartacus\/#\/schema\/logo\/image\/\"},\"sameAs\":[\"https:\/\/www.facebook.com\/SpartacusForlag\"]}]}<\/script>\n<!-- \/ Yoast SEO plugin. -->","yoast_head_json":{"title":"Ti tusen skygger - Spartacus","robots":{"index":"noindex","follow":"follow","max-snippet":"max-snippet:-1","max-image-preview":"max-image-preview:large","max-video-preview":"max-video-preview:-1"},"og_locale":"nb_NO","og_type":"article","og_title":"Ti tusen skygger - Spartacus","og_description":"Spedalskhet er en av de eldste og verste sykdommer som menneskeheten kjenner til. Tidlig p\u00e5 1800-tallet gikk den blant annet under navnet Lepra borealis, Norvegica. Andre steder i Europa var spedalskhet utryddet for lengst. I Norge herjet sykdommen verre enn noensinne. P\u00e5 kyststrekningene mellom Stavanger og Troms\u00f8 levde folk i angst for \u00e5 bli rammet. [&hellip;]","og_url":"https:\/\/staging.forenteforlag.no\/spartacus\/produkt\/ti-tusen-skygger-3\/","og_site_name":"Spartacus","article_publisher":"https:\/\/www.facebook.com\/SpartacusForlag","article_modified_time":"2026-03-04T14:09:55+00:00","og_image":[{"width":720,"height":1144,"url":"https:\/\/staging.forenteforlag.no\/spartacus\/wp-content\/uploads\/sites\/6\/2026\/02\/9788243009677.jpg","type":"image\/jpeg"}],"twitter_card":"summary_large_image","twitter_misc":{"Ansl. lesetid":"1 minutt"},"schema":{"@context":"https:\/\/schema.org","@graph":[{"@type":"WebPage","@id":"https:\/\/staging.forenteforlag.no\/spartacus\/produkt\/ti-tusen-skygger-3\/","url":"https:\/\/staging.forenteforlag.no\/spartacus\/produkt\/ti-tusen-skygger-3\/","name":"Ti tusen skygger - Spartacus","isPartOf":{"@id":"https:\/\/staging.forenteforlag.no\/spartacus\/#website"},"primaryImageOfPage":{"@id":"https:\/\/staging.forenteforlag.no\/spartacus\/produkt\/ti-tusen-skygger-3\/#primaryimage"},"image":{"@id":"https:\/\/staging.forenteforlag.no\/spartacus\/produkt\/ti-tusen-skygger-3\/#primaryimage"},"thumbnailUrl":"https:\/\/staging.forenteforlag.no\/spartacus\/wp-content\/uploads\/sites\/6\/2026\/02\/9788243009677.jpg","datePublished":"2015-04-17T00:00:00+00:00","dateModified":"2026-03-04T14:09:55+00:00","breadcrumb":{"@id":"https:\/\/staging.forenteforlag.no\/spartacus\/produkt\/ti-tusen-skygger-3\/#breadcrumb"},"inLanguage":"nb-NO","potentialAction":[{"@type":"ReadAction","target":["https:\/\/staging.forenteforlag.no\/spartacus\/produkt\/ti-tusen-skygger-3\/"]}]},{"@type":"ImageObject","inLanguage":"nb-NO","@id":"https:\/\/staging.forenteforlag.no\/spartacus\/produkt\/ti-tusen-skygger-3\/#primaryimage","url":"https:\/\/staging.forenteforlag.no\/spartacus\/wp-content\/uploads\/sites\/6\/2026\/02\/9788243009677.jpg","contentUrl":"https:\/\/staging.forenteforlag.no\/spartacus\/wp-content\/uploads\/sites\/6\/2026\/02\/9788243009677.jpg","width":720,"height":1144},{"@type":"BreadcrumbList","@id":"https:\/\/staging.forenteforlag.no\/spartacus\/produkt\/ti-tusen-skygger-3\/#breadcrumb","itemListElement":[{"@type":"ListItem","position":1,"name":"Hjem","item":"https:\/\/staging.forenteforlag.no\/spartacus\/"},{"@type":"ListItem","position":2,"name":"Alle b\u00f8ker","item":"https:\/\/staging.forenteforlag.no\/spartacus\/butikk\/"},{"@type":"ListItem","position":3,"name":"Ti tusen skygger"}]},{"@type":"WebSite","@id":"https:\/\/staging.forenteforlag.no\/spartacus\/#website","url":"https:\/\/staging.forenteforlag.no\/spartacus\/","name":"Spartacus forlag","description":"","publisher":{"@id":"https:\/\/staging.forenteforlag.no\/spartacus\/#organization"},"potentialAction":[{"@type":"SearchAction","target":{"@type":"EntryPoint","urlTemplate":"https:\/\/staging.forenteforlag.no\/spartacus\/?s={search_term_string}"},"query-input":{"@type":"PropertyValueSpecification","valueRequired":true,"valueName":"search_term_string"}}],"inLanguage":"nb-NO"},{"@type":"Organization","@id":"https:\/\/staging.forenteforlag.no\/spartacus\/#organization","name":"Spartacus forlag","url":"https:\/\/staging.forenteforlag.no\/spartacus\/","logo":{"@type":"ImageObject","inLanguage":"nb-NO","@id":"https:\/\/staging.forenteforlag.no\/spartacus\/#\/schema\/logo\/image\/","url":"https:\/\/staging.forenteforlag.no\/spartacus\/wp-content\/uploads\/sites\/6\/2024\/09\/Spartacus_logo.svg","contentUrl":"https:\/\/staging.forenteforlag.no\/spartacus\/wp-content\/uploads\/sites\/6\/2024\/09\/Spartacus_logo.svg","width":100,"height":100,"caption":"Spartacus forlag"},"image":{"@id":"https:\/\/staging.forenteforlag.no\/spartacus\/#\/schema\/logo\/image\/"},"sameAs":["https:\/\/www.facebook.com\/SpartacusForlag"]}]}},"_links":{"self":[{"href":"https:\/\/staging.forenteforlag.no\/spartacus\/wp-json\/wp\/v2\/product\/20644","targetHints":{"allow":["GET"]}}],"collection":[{"href":"https:\/\/staging.forenteforlag.no\/spartacus\/wp-json\/wp\/v2\/product"}],"about":[{"href":"https:\/\/staging.forenteforlag.no\/spartacus\/wp-json\/wp\/v2\/types\/product"}],"wp:featuredmedia":[{"embeddable":true,"href":"https:\/\/staging.forenteforlag.no\/spartacus\/wp-json\/wp\/v2\/media\/26441"}],"wp:attachment":[{"href":"https:\/\/staging.forenteforlag.no\/spartacus\/wp-json\/wp\/v2\/media?parent=20644"}],"wp:term":[{"taxonomy":"product_brand","embeddable":true,"href":"https:\/\/staging.forenteforlag.no\/spartacus\/wp-json\/wp\/v2\/product_brand?post=20644"},{"taxonomy":"product_cat","embeddable":true,"href":"https:\/\/staging.forenteforlag.no\/spartacus\/wp-json\/wp\/v2\/product_cat?post=20644"},{"taxonomy":"product_tag","embeddable":true,"href":"https:\/\/staging.forenteforlag.no\/spartacus\/wp-json\/wp\/v2\/product_tag?post=20644"}],"curies":[{"name":"wp","href":"https:\/\/api.w.org\/{rel}","templated":true}]}}